{"id":11825,"date":"2021-11-30T00:00:00","date_gmt":"2021-11-30T00:00:00","guid":{"rendered":"https:\/\/idecesos.com\/seguros\/?page_id=11825"},"modified":"2022-01-03T12:31:09","modified_gmt":"2022-01-03T12:31:09","slug":"prima-nivelada","status":"publish","type":"page","link":"https:\/\/idecesos.com\/seguros\/companias\/mutua-levante\/prima-nivelada\/","title":{"rendered":"Seguro de decesos Mutua Levante Prima Nivelada"},"content":{"rendered":"<div id=\"ez-toc-container\" class=\"ez-toc-v2_0_83 ez-toc-wrap-center counter-hierarchy ez-toc-counter ez-toc-custom ez-toc-container-direction\">\n<div class=\"ez-toc-title-container\">\n<p class=\"ez-toc-title\" style=\"cursor:inherit\">Tabla de Contenido<\/p>\n<span class=\"ez-toc-title-toggle\"><a href=\"#\" class=\"ez-toc-pull-right ez-toc-btn ez-toc-btn-xs ez-toc-btn-default ez-toc-toggle\" aria-label=\"Alternar tabla de contenidos\"><span class=\"ez-toc-js-icon-con\"><span class=\"\"><span class=\"eztoc-hide\" style=\"display:none;\">Toggle<\/span><span class=\"ez-toc-icon-toggle-span\"><svg style=\"fill: #db6415;color:#db6415\" xmlns=\"http:\/\/www.w3.org\/2000\/svg\" class=\"list-377408\" width=\"20px\" height=\"20px\" viewBox=\"0 0 24 24\" fill=\"none\"><path d=\"M6 6H4v2h2V6zm14 0H8v2h12V6zM4 11h2v2H4v-2zm16 0H8v2h12v-2zM4 16h2v2H4v-2zm16 0H8v2h12v-2z\" fill=\"currentColor\"><\/path><\/svg><svg style=\"fill: #db6415;color:#db6415\" class=\"arrow-unsorted-368013\" xmlns=\"http:\/\/www.w3.org\/2000\/svg\" width=\"10px\" height=\"10px\" viewBox=\"0 0 24 24\" version=\"1.2\" baseProfile=\"tiny\"><path d=\"M18.2 9.3l-6.2-6.3-6.2 6.3c-.2.2-.3.4-.3.7s.1.5.3.7c.2.2.4.3.7.3h11c.3 0 .5-.1.7-.3.2-.2.3-.5.3-.7s-.1-.5-.3-.7zM5.8 14.7l6.2 6.3 6.2-6.3c.2-.2.3-.5.3-.7s-.1-.5-.3-.7c-.2-.2-.4-.3-.7-.3h-11c-.3 0-.5.1-.7.3-.2.2-.3.5-.3.7s.1.5.3.7z\"\/><\/svg><\/span><\/span><\/span><\/a><\/span><\/div>\n<nav><ul class='ez-toc-list ez-toc-list-level-1 ' ><li class='ez-toc-page-1 ez-toc-heading-level-2'><a class=\"ez-toc-link ez-toc-heading-1\" href=\"https:\/\/idecesos.com\/seguros\/companias\/mutua-levante\/prima-nivelada\/#Coberturas_seguro_Prima_Nivelada_Mutua_Levante\" >Coberturas seguro Prima Nivelada Mutua Levante<\/a><ul class='ez-toc-list-level-3' ><li class='ez-toc-heading-level-3'><a class=\"ez-toc-link ez-toc-heading-2\" href=\"https:\/\/idecesos.com\/seguros\/companias\/mutua-levante\/prima-nivelada\/#%C2%BFA_quien_va_dirigido_el_seguro_de_decesos_Prima_Nivelada_de_Mutua_Levante\" >\u00bfA qui\u00e9n va dirigido el seguro de decesos Prima Nivelada de Mutua Levante?<\/a><\/li><\/ul><\/li><li class='ez-toc-page-1 ez-toc-heading-level-2'><a class=\"ez-toc-link ez-toc-heading-3\" href=\"https:\/\/idecesos.com\/seguros\/companias\/mutua-levante\/prima-nivelada\/#Precio_de_seguro_de_decesos_Prima_Nivelada_Mutua_Levante\" >Precio de seguro de decesos Prima Nivelada Mutua Levante<\/a><\/li><li class='ez-toc-page-1 ez-toc-heading-level-2'><a class=\"ez-toc-link ez-toc-heading-4\" href=\"https:\/\/idecesos.com\/seguros\/companias\/mutua-levante\/prima-nivelada\/#Productos_Prima_Nivelada_Mutua_Levante\" >Productos Prima Nivelada Mutua Levante<\/a><\/li><li class='ez-toc-page-1 ez-toc-heading-level-2'><a class=\"ez-toc-link ez-toc-heading-5\" href=\"https:\/\/idecesos.com\/seguros\/companias\/mutua-levante\/prima-nivelada\/#Opiniones_del_seguro_de_decesos_de_Prima_Nivelada_de_Mutua_Levante\" >Opiniones del seguro de decesos de Prima Nivelada de Mutua Levante<\/a><\/li><\/ul><\/nav><\/div>\n\n<p>Cada cliente del servicio que se mantenga leal a la Mutua Levante contar\u00e1 con un servicio dentro de su variedades de prima incesante en el seguro de decesos de prima nivelada de Mutua Levante, dentro del inicio de la compa\u00f1\u00eda. En la empresa aseguradora de Mutua Levante cuando se renueve se va a coger como referencia la edad cuando realiza la p\u00f3liza, as\u00ed como en los pr\u00f3ximos a\u00f1os la suma se aplicar\u00e1 la tasa conforme a eso. As\u00ed como, para las sumas aseguradas no previstas en el contrato se repercutir\u00e1 una nueva tasa incesante en la edad alcanzada. <\/p>\n<p>Leer m\u00e1s: <a href=\"https:\/\/idecesos.com\/seguros\/tipo\/nivelada\/\">Seguro de decesos Prima Nivelada<\/a><\/p>\n<div class=\"colorf \"  ><div class=\"container clearfix\"><div class=\"col-md-7\"><\/p>\n<h2><span class=\"ez-toc-section\" id=\"Coberturas_seguro_Prima_Nivelada_Mutua_Levante\"><\/span>Coberturas seguro Prima Nivelada Mutua Levante<span class=\"ez-toc-section-end\"><\/span><\/h2>\n<p>La mayor\u00eda de las contrataciones en el seguro de decesos Mutua Levante es que una de las coberturas con las que cuentan es el servicio de manera al detalle en funeraria. El servicio f\u00fanebre resalta en Mutua Levantees el m\u00e1s resaltable, aseguran velocidad y una atenci\u00f3n personalizada. Cuando haya elegido la modalidad de entre entierro o urna quedar\u00e1 de manera autom\u00e1tica cubierto, en la tramitaci\u00f3n de documentaci\u00f3n todos los tr\u00e1mites asimismo van a quedar cubiertos. El servicio de asistencia de Mutua Levante trabajan las 24 horas, en el instante de recibir una llamada se van a poner a predisposici\u00f3n del cliente dando las coberturas convenientes y adapt\u00e1ndolo a las preferencias del servicio funerario que haya elegido anteriormente, contando con el presupuesto del capital del asegurado. Para obtener la informaci\u00f3n m\u00e1s completa y detallada sobre las coberturas del seguro de decesos de prima nivelada de Mutua Levante, con iDecesos contases con esa ventaja de ver toda la ventaja de ver toda la informaci\u00f3n de una manera m\u00e1s detallada y completa, cada producto explicado y de las que mejor se adaptaran a ti. <\/p>\n<p><\/div><\/div><\/div>\n<h3><span class=\"ez-toc-section\" id=\"%C2%BFA_quien_va_dirigido_el_seguro_de_decesos_Prima_Nivelada_de_Mutua_Levante\"><\/span>\u00bfA qui\u00e9n va dirigido el seguro de decesos Prima Nivelada de Mutua Levante?<span class=\"ez-toc-section-end\"><\/span><\/h3>\n<p>Est\u00e1 dise\u00f1ado para todas aquellas personas que se encuentren financieramente poco estable, puedan obtener el seguro de prima nivelada de Mutua Levante. Adquirir es contar con una protecci\u00f3n para cualquier acontencimiento que pueda acontecer como sentirse estable a nivel econ\u00f3mico. La gran parte que realiza esta p\u00f3liza son personas de edad avanzada, de la que requieren un pago que no aumente, en tanto que deber\u00edan abonar con su pensi\u00f3n. Los clientes del servicio optan por las valoraciones de otros clientes, con lo que hay una gran cantidad de personas que escogen la modalidad de prima nivelada en Mutua Levante. <\/p>\n<div class=\"colorf \"  ><div class=\"container clearfix\"><div class=\"col-md-7\"><\/p>\n<h2><span class=\"ez-toc-section\" id=\"Precio_de_seguro_de_decesos_Prima_Nivelada_Mutua_Levante\"><\/span>Precio de seguro de decesos Prima Nivelada Mutua Levante<span class=\"ez-toc-section-end\"><\/span><\/h2>\n<p>El seguro de prima nivelada Mutua Levante su precio es 4,99 mensual si cogemos como ejemplo una persona muy joven y de una localidad donde la suma asegurada de los servicio de sepelio son muy contenidos. Con Mutua Levante que dispone de un seguro de prima nivelada considerablemente m\u00e1s rentable, adem\u00e1s de contar con distintas categor\u00edas de tarifas con unos descuentos muy atractivos en el mercado. Equipara los costes de prima nivelada de la compa\u00f1\u00eda Mutua Levante con los precios de sus rivales directos y ahorra hasta un 60 por cien . <\/p>\n<p><\/div><\/div><\/div>\n<h2><span class=\"ez-toc-section\" id=\"Productos_Prima_Nivelada_Mutua_Levante\"><\/span>Productos Prima Nivelada Mutua Levante<span class=\"ez-toc-section-end\"><\/span><\/h2>\n<div class=\"colorf\"><div class=\"container clearfix\"><div class=\"col-md-7\"><div class=\"opiniones\">\n<h2><span class=\"ez-toc-section\" id=\"Opiniones_del_seguro_de_decesos_de_Prima_Nivelada_de_Mutua_Levante\"><\/span>Opiniones del seguro de decesos de Prima Nivelada de Mutua Levante<span class=\"ez-toc-section-end\"><\/span><\/h2>\n<p>Lara Lucas: Me informe previamente amigos o bien conocidos que tuvieran contratada la prima nivelada de Mutua Levante para asegurarme que tal funcionaba, me puse en contacto con ellos y qued\u00e9 encantada con el servicio que recib\u00ed. Desafortunadamente a los 7 meses que contratamos mi madre muri\u00f3 y fue llamar al n\u00famero de tel\u00e9fono de asistencia y nos lo administraron todo el funeral y nos dieron todas y cada una de las facilidades del planeta. <\/p>\n<div class=\"opinion \"  >\n\t\t\t<div class=\"cabecera_opinion\">\n\t\t\t\t<div class=\"avatar\">E L <\/div>\n\t\t\t\t<div class=\"datos_opinion\">\n\t\t\t\t\t<div class=\"nombre_opinion\">Eusebia Lara<\/div>\n\t\t\t\t\t<div class=\"info_opinion\">\t\t\t\t\t\t\n\t\t\t\t\t\t<div class=\"cuenta_opinion\"><i class=\"fas fa-pencil-alt\"><\/i><!--span class=\"dashicons dashicons-edit\" style=\"font-size:20px\"><\/span--><span>1 Opini\u00f3n<\/span><\/div>\t\t\t\t\t\t\n\t\t\t\t\t\t<div class=\"localizacion_opinion\">\n\t\t\t\t\t\t\t<i class=\"fas fa-map-marker-alt\"><\/i><!--span class=\"dashicons dashicons-location\" style=\"font-size:20px\"><\/span-->\n\t\t\t\t\t\t\t<span>ES<\/span>\n\t\t\t\t\t\t<\/div>\t\n\t\t\t\t\t<\/div>\n\t\t\t\t<\/div>\n\t\t\t<\/div><div class=\"texto_opinion\"><\/p>\n<p>Mutua Levante fue de las que m\u00e1s se adapta a lo que buscaba, realic\u00e9 con ellos el seguro de prima nivelada me dieron diferentes modalidades de pago, me aconsejaron con una mayor cobertura, se preocuparon por o bien que deber\u00eda de saber de cada cl\u00e1usula, qued\u00e9 encantada con Mutua Levante. <\/p>\n<p><\/div><\/div>\n<div class=\"opinion \"  >\n\t\t\t<div class=\"cabecera_opinion\">\n\t\t\t\t<div class=\"avatar\">A D <\/div>\n\t\t\t\t<div class=\"datos_opinion\">\n\t\t\t\t\t<div class=\"nombre_opinion\">Angelino Diaz<\/div>\n\t\t\t\t\t<div class=\"info_opinion\">\t\t\t\t\t\t\n\t\t\t\t\t\t<div class=\"cuenta_opinion\"><i class=\"fas fa-pencil-alt\"><\/i><!--span class=\"dashicons dashicons-edit\" style=\"font-size:20px\"><\/span--><span>1 Opini\u00f3n<\/span><\/div>\t\t\t\t\t\t\n\t\t\t\t\t\t<div class=\"localizacion_opinion\">\n\t\t\t\t\t\t\t<i class=\"fas fa-map-marker-alt\"><\/i><!--span class=\"dashicons dashicons-location\" style=\"font-size:20px\"><\/span-->\n\t\t\t\t\t\t\t<span>ES<\/span>\n\t\t\t\t\t\t<\/div>\t\n\t\t\t\t\t<\/div>\n\t\t\t\t<\/div>\n\t\t\t<\/div><div class=\"texto_opinion\"><\/p>\n<p>En nuestros d\u00edas es complicado localizar una compa\u00f1\u00eda aseguradora con buen precio y buen atenci\u00f3n al servicio por esta raz\u00f3n Mutua Levante me sorprendi\u00f3 bastante en tanto que me daban buen\u00edsimas ventajas, en el presupuesto que me efectuaron fue muy espec\u00edfico con la p\u00f3liza de prima nivelada, si todav\u00eda no das con la adecuada te invito a  Mutua Levante. <\/p>\n<p><\/div><\/div>\n<div class=\"opinion \"  >\n\t\t\t<div class=\"cabecera_opinion\">\n\t\t\t\t<div class=\"avatar\">G F <\/div>\n\t\t\t\t<div class=\"datos_opinion\">\n\t\t\t\t\t<div class=\"nombre_opinion\">Genoveva Ferr\u00e1n<\/div>\n\t\t\t\t\t<div class=\"info_opinion\">\t\t\t\t\t\t\n\t\t\t\t\t\t<div class=\"cuenta_opinion\"><i class=\"fas fa-pencil-alt\"><\/i><!--span class=\"dashicons dashicons-edit\" style=\"font-size:20px\"><\/span--><span>1 Opini\u00f3n<\/span><\/div>\t\t\t\t\t\t\n\t\t\t\t\t\t<div class=\"localizacion_opinion\">\n\t\t\t\t\t\t\t<i class=\"fas fa-map-marker-alt\"><\/i><!--span class=\"dashicons dashicons-location\" style=\"font-size:20px\"><\/span-->\n\t\t\t\t\t\t\t<span>ES<\/span>\n\t\t\t\t\t\t<\/div>\t\n\t\t\t\t\t<\/div>\n\t\t\t\t<\/div>\n\t\t\t<\/div><div class=\"texto_opinion\"><\/p>\n<p>Un compa\u00f1ero de trabajo me habl\u00f3 de Mutua Levante por lo que en ese instante me sorprendi\u00f3 bastante por lo que bien que estaba con esa empresa de seguros, me puse en contacto con ellos de inmediato, y un consultor se encarg\u00f3 de toda la tramitaci\u00f3n de forma inmediata, haciendo muy f\u00e1cil la contrataci\u00f3n de la p\u00f3liza de prima nivelada de Mutua Levante. <\/p>\n<p><\/div><\/div>\n<\/div><\/div><\/div><\/div>\n<p><div class=\"oficinas\"><br \/>\n<h3>P\u00e1ginas relacionadas<\/h3><div class=\"enlazado\"><ul> <li><a href=\"https:\/\/idecesos.com\/seguros\/companias\/mutua-levante\/opiniones\/\">Opiniones Mutua Levante<\/a><\/li> <li><a href=\"https:\/\/idecesos.com\/seguros\/companias\/mutua-levante\/precio\/\">Precio seguro Mutua Levante<\/a><\/li> <li><a href=\"https:\/\/idecesos.com\/seguros\/companias\/mutua-levante\/prima-mixta\/\">Mutua Levante Prima Mixta<\/a><\/li> <li><a href=\"https:\/\/idecesos.com\/seguros\/companias\/mutua-levante\/prima-natural\/\">Mutua Levante Prima Natural<\/a><\/li> <li><a href=\"https:\/\/idecesos.com\/seguros\/companias\/mutua-levante\/prima-nivelada\/\">Mutua Levante Prima Nivelada<\/a><\/li> <li><a href=\"https:\/\/idecesos.com\/seguros\/companias\/mutua-levante\/prima-unica\/\">Mutua Levante Prima \u00danica<\/a><\/li> <li><a href=\"https:\/\/idecesos.com\/seguros\/companias\/mutua-levante\/repatriacion\/\">Mutua Levante Repatriaci\u00f3n<\/a><\/li> <li><a href=\"https:\/\/idecesos.com\/seguros\/companias\/mutua-levante\/telefono\/\">Tel\u00e9fono Gratuito Mutua Levante<\/a><\/li><\/ul><\/div><\/p>\n<\/div>\n","protected":false},"excerpt":{"rendered":"<p>Cada cliente del servicio que se mantenga leal a la Mutua Levante contar\u00e1 con un servicio dentro de su variedades de prima incesante en el seguro de decesos de prima nivelada de Mutua Levante, dentro del inicio de la compa\u00f1\u00eda. En la empresa aseguradora de Mutua Levante cuando se renueve se va a coger como&hellip; <\/p>\n","protected":false},"author":3,"featured_media":0,"parent":9566,"menu_order":0,"comment_status":"closed","ping_status":"closed","template":"single.php","meta":{"footnotes":""},"class_list":["post-11825","page","type-page","status-publish","hentry"],"yoast_head":"<!-- This site is optimized with the Yoast SEO plugin v27.6 - https:\/\/yoast.com\/product\/yoast-seo-wordpress\/ -->\n<title>Seguro Decesos Mutua Levante Prima Nivelada \u25b7 Opiniones y Precio 2026<\/title>\n<meta name=\"description\" content=\"Click aqu\u00ed \u3010Seguro de Decesos Prima Nivelada Mutua Levante\u3011 Mejores precios Mutua Levante seguro de fallecidos Prima Nivelada \u2611\ufe0f Actualizado por iDecesos\u00ae\" \/>\n<meta name=\"robots\" content=\"index, follow, max-snippet:-1, max-image-preview:large, max-video-preview:-1\" \/>\n<link rel=\"canonical\" href=\"https:\/\/idecesos.com\/seguros\/companias\/mutua-levante\/prima-nivelada\/\" \/>\n<meta property=\"og:locale\" content=\"es_ES\" \/>\n<meta property=\"og:type\" content=\"article\" \/>\n<meta property=\"og:title\" content=\"Seguro Decesos Mutua Levante Prima Nivelada \u25b7 Opiniones y Precio 2026\" \/>\n<meta property=\"og:description\" content=\"Click aqu\u00ed \u3010Seguro de Decesos Prima Nivelada Mutua Levante\u3011 Mejores precios Mutua Levante seguro de fallecidos Prima Nivelada \u2611\ufe0f Actualizado por iDecesos\u00ae\" \/>\n<meta property=\"og:url\" content=\"https:\/\/idecesos.com\/seguros\/companias\/mutua-levante\/prima-nivelada\/\" \/>\n<meta property=\"article:modified_time\" content=\"2022-01-03T12:31:09+00:00\" \/>\n<meta name=\"twitter:card\" content=\"summary_large_image\" \/>\n<meta name=\"twitter:label1\" content=\"Tiempo de lectura\" \/>\n\t<meta name=\"twitter:data1\" content=\"57 minutos\" \/>\n<script type=\"application\/ld+json\" class=\"yoast-schema-graph\">{\"@context\":\"https:\\\/\\\/schema.org\",\"@graph\":[{\"@type\":\"WebPage\",\"@id\":\"https:\\\/\\\/idecesos.com\\\/seguros\\\/companias\\\/mutua-levante\\\/prima-nivelada\\\/\",\"url\":\"https:\\\/\\\/idecesos.com\\\/seguros\\\/companias\\\/mutua-levante\\\/prima-nivelada\\\/\",\"name\":\"Seguro Decesos Mutua Levante Prima Nivelada \u25b7 Opiniones y Precio 2026\",\"isPartOf\":{\"@id\":\"https:\\\/\\\/idecesos.com\\\/seguros\\\/#website\"},\"datePublished\":\"2021-11-30T00:00:00+00:00\",\"dateModified\":\"2022-01-03T12:31:09+00:00\",\"description\":\"Click aqu\u00ed \u3010Seguro de Decesos Prima Nivelada Mutua Levante\u3011 Mejores precios Mutua Levante seguro de fallecidos Prima Nivelada \u2611\ufe0f Actualizado por iDecesos\u00ae\",\"breadcrumb\":{\"@id\":\"https:\\\/\\\/idecesos.com\\\/seguros\\\/companias\\\/mutua-levante\\\/prima-nivelada\\\/#breadcrumb\"},\"inLanguage\":\"es\",\"potentialAction\":[{\"@type\":\"ReadAction\",\"target\":[\"https:\\\/\\\/idecesos.com\\\/seguros\\\/companias\\\/mutua-levante\\\/prima-nivelada\\\/\"]}]},{\"@type\":\"BreadcrumbList\",\"@id\":\"https:\\\/\\\/idecesos.com\\\/seguros\\\/companias\\\/mutua-levante\\\/prima-nivelada\\\/#breadcrumb\",\"itemListElement\":[{\"@type\":\"ListItem\",\"position\":1,\"name\":\"Portada\",\"item\":\"https:\\\/\\\/idecesos.com\\\/seguros\\\/\"},{\"@type\":\"ListItem\",\"position\":2,\"name\":\"Compa\u00f1\u00edas de Seguros de Decesos en Espa\u00f1a\",\"item\":\"https:\\\/\\\/idecesos.com\\\/seguros\\\/companias\\\/\"},{\"@type\":\"ListItem\",\"position\":3,\"name\":\"Seguro de decesos Mutua Levante\",\"item\":\"https:\\\/\\\/idecesos.com\\\/seguros\\\/companias\\\/mutua-levante\\\/\"},{\"@type\":\"ListItem\",\"position\":4,\"name\":\"Seguro de decesos Mutua Levante Prima Nivelada\"}]},{\"@type\":\"WebSite\",\"@id\":\"https:\\\/\\\/idecesos.com\\\/seguros\\\/#website\",\"url\":\"https:\\\/\\\/idecesos.com\\\/seguros\\\/\",\"name\":\"\",\"description\":\"\",\"potentialAction\":[{\"@type\":\"SearchAction\",\"target\":{\"@type\":\"EntryPoint\",\"urlTemplate\":\"https:\\\/\\\/idecesos.com\\\/seguros\\\/?s={search_term_string}\"},\"query-input\":{\"@type\":\"PropertyValueSpecification\",\"valueRequired\":true,\"valueName\":\"search_term_string\"}}],\"inLanguage\":\"es\"}]}<\/script>\n<!-- \/ Yoast SEO plugin. -->","yoast_head_json":{"title":"Seguro Decesos Mutua Levante Prima Nivelada \u25b7 Opiniones y Precio 2026","description":"Click aqu\u00ed \u3010Seguro de Decesos Prima Nivelada Mutua Levante\u3011 Mejores precios Mutua Levante seguro de fallecidos Prima Nivelada \u2611\ufe0f Actualizado por iDecesos\u00ae","robots":{"index":"index","follow":"follow","max-snippet":"max-snippet:-1","max-image-preview":"max-image-preview:large","max-video-preview":"max-video-preview:-1"},"canonical":"https:\/\/idecesos.com\/seguros\/companias\/mutua-levante\/prima-nivelada\/","og_locale":"es_ES","og_type":"article","og_title":"Seguro Decesos Mutua Levante Prima Nivelada \u25b7 Opiniones y Precio 2026","og_description":"Click aqu\u00ed \u3010Seguro de Decesos Prima Nivelada Mutua Levante\u3011 Mejores precios Mutua Levante seguro de fallecidos Prima Nivelada \u2611\ufe0f Actualizado por iDecesos\u00ae","og_url":"https:\/\/idecesos.com\/seguros\/companias\/mutua-levante\/prima-nivelada\/","article_modified_time":"2022-01-03T12:31:09+00:00","twitter_card":"summary_large_image","twitter_misc":{"Tiempo de lectura":"57 minutos"},"schema":{"@context":"https:\/\/schema.org","@graph":[{"@type":"WebPage","@id":"https:\/\/idecesos.com\/seguros\/companias\/mutua-levante\/prima-nivelada\/","url":"https:\/\/idecesos.com\/seguros\/companias\/mutua-levante\/prima-nivelada\/","name":"Seguro Decesos Mutua Levante Prima Nivelada \u25b7 Opiniones y Precio 2026","isPartOf":{"@id":"https:\/\/idecesos.com\/seguros\/#website"},"datePublished":"2021-11-30T00:00:00+00:00","dateModified":"2022-01-03T12:31:09+00:00","description":"Click aqu\u00ed \u3010Seguro de Decesos Prima Nivelada Mutua Levante\u3011 Mejores precios Mutua Levante seguro de fallecidos Prima Nivelada \u2611\ufe0f Actualizado por iDecesos\u00ae","breadcrumb":{"@id":"https:\/\/idecesos.com\/seguros\/companias\/mutua-levante\/prima-nivelada\/#breadcrumb"},"inLanguage":"es","potentialAction":[{"@type":"ReadAction","target":["https:\/\/idecesos.com\/seguros\/companias\/mutua-levante\/prima-nivelada\/"]}]},{"@type":"BreadcrumbList","@id":"https:\/\/idecesos.com\/seguros\/companias\/mutua-levante\/prima-nivelada\/#breadcrumb","itemListElement":[{"@type":"ListItem","position":1,"name":"Portada","item":"https:\/\/idecesos.com\/seguros\/"},{"@type":"ListItem","position":2,"name":"Compa\u00f1\u00edas de Seguros de Decesos en Espa\u00f1a","item":"https:\/\/idecesos.com\/seguros\/companias\/"},{"@type":"ListItem","position":3,"name":"Seguro de decesos Mutua Levante","item":"https:\/\/idecesos.com\/seguros\/companias\/mutua-levante\/"},{"@type":"ListItem","position":4,"name":"Seguro de decesos Mutua Levante Prima Nivelada"}]},{"@type":"WebSite","@id":"https:\/\/idecesos.com\/seguros\/#website","url":"https:\/\/idecesos.com\/seguros\/","name":"","description":"","potentialAction":[{"@type":"SearchAction","target":{"@type":"EntryPoint","urlTemplate":"https:\/\/idecesos.com\/seguros\/?s={search_term_string}"},"query-input":{"@type":"PropertyValueSpecification","valueRequired":true,"valueName":"search_term_string"}}],"inLanguage":"es"}]}},"_links":{"self":[{"href":"https:\/\/idecesos.com\/seguros\/wp-json\/wp\/v2\/pages\/11825","targetHints":{"allow":["GET"]}}],"collection":[{"href":"https:\/\/idecesos.com\/seguros\/wp-json\/wp\/v2\/pages"}],"about":[{"href":"https:\/\/idecesos.com\/seguros\/wp-json\/wp\/v2\/types\/page"}],"author":[{"embeddable":true,"href":"https:\/\/idecesos.com\/seguros\/wp-json\/wp\/v2\/users\/3"}],"replies":[{"embeddable":true,"href":"https:\/\/idecesos.com\/seguros\/wp-json\/wp\/v2\/comments?post=11825"}],"version-history":[{"count":1,"href":"https:\/\/idecesos.com\/seguros\/wp-json\/wp\/v2\/pages\/11825\/revisions"}],"predecessor-version":[{"id":13347,"href":"https:\/\/idecesos.com\/seguros\/wp-json\/wp\/v2\/pages\/11825\/revisions\/13347"}],"up":[{"embeddable":true,"href":"https:\/\/idecesos.com\/seguros\/wp-json\/wp\/v2\/pages\/9566"}],"wp:attachment":[{"href":"https:\/\/idecesos.com\/seguros\/wp-json\/wp\/v2\/media?parent=11825"}],"curies":[{"name":"wp","href":"https:\/\/api.w.org\/{rel}","templated":true}]}}