{"id":11903,"date":"2021-10-28T10:59:14","date_gmt":"2021-10-28T10:59:14","guid":{"rendered":"https:\/\/idecesos.com\/seguros\/?page_id=11903"},"modified":"2022-01-03T12:31:13","modified_gmt":"2022-01-03T12:31:13","slug":"de-65","status":"publish","type":"page","link":"https:\/\/idecesos.com\/seguros\/tipo\/mayores\/de-65\/","title":{"rendered":"Seguro de Decesos para Mayores de 65 a\u00f1os"},"content":{"rendered":"<div id=\"ez-toc-container\" class=\"ez-toc-v2_0_82_2 ez-toc-wrap-center counter-hierarchy ez-toc-counter ez-toc-custom ez-toc-container-direction\">\n<div class=\"ez-toc-title-container\">\n<p class=\"ez-toc-title\" style=\"cursor:inherit\">Tabla de Contenido<\/p>\n<span class=\"ez-toc-title-toggle\"><a href=\"#\" class=\"ez-toc-pull-right ez-toc-btn ez-toc-btn-xs ez-toc-btn-default ez-toc-toggle\" aria-label=\"Alternar tabla de contenidos\"><span class=\"ez-toc-js-icon-con\"><span class=\"\"><span class=\"eztoc-hide\" style=\"display:none;\">Toggle<\/span><span class=\"ez-toc-icon-toggle-span\"><svg style=\"fill: #db6415;color:#db6415\" xmlns=\"http:\/\/www.w3.org\/2000\/svg\" class=\"list-377408\" width=\"20px\" height=\"20px\" viewBox=\"0 0 24 24\" fill=\"none\"><path d=\"M6 6H4v2h2V6zm14 0H8v2h12V6zM4 11h2v2H4v-2zm16 0H8v2h12v-2zM4 16h2v2H4v-2zm16 0H8v2h12v-2z\" fill=\"currentColor\"><\/path><\/svg><svg style=\"fill: #db6415;color:#db6415\" class=\"arrow-unsorted-368013\" xmlns=\"http:\/\/www.w3.org\/2000\/svg\" width=\"10px\" height=\"10px\" viewBox=\"0 0 24 24\" version=\"1.2\" baseProfile=\"tiny\"><path d=\"M18.2 9.3l-6.2-6.3-6.2 6.3c-.2.2-.3.4-.3.7s.1.5.3.7c.2.2.4.3.7.3h11c.3 0 .5-.1.7-.3.2-.2.3-.5.3-.7s-.1-.5-.3-.7zM5.8 14.7l6.2 6.3 6.2-6.3c.2-.2.3-.5.3-.7s-.1-.5-.3-.7c-.2-.2-.4-.3-.7-.3h-11c-.3 0-.5.1-.7.3-.2.2-.3.5-.3.7s.1.5.3.7z\"\/><\/svg><\/span><\/span><\/span><\/a><\/span><\/div>\n<nav><ul class='ez-toc-list ez-toc-list-level-1 ' ><li class='ez-toc-page-1 ez-toc-heading-level-2'><a class=\"ez-toc-link ez-toc-heading-1\" href=\"https:\/\/idecesos.com\/seguros\/tipo\/mayores\/de-65\/#Tipos_de_seguros_de_decesos_para_mayores_de_65_anos\" >Tipos de seguros de decesos para mayores de 65 a\u00f1os<\/a><ul class='ez-toc-list-level-3' ><li class='ez-toc-heading-level-3'><a class=\"ez-toc-link ez-toc-heading-2\" href=\"https:\/\/idecesos.com\/seguros\/tipo\/mayores\/de-65\/#Coberturas\" >Coberturas<\/a><\/li><li class='ez-toc-page-1 ez-toc-heading-level-3'><a class=\"ez-toc-link ez-toc-heading-3\" href=\"https:\/\/idecesos.com\/seguros\/tipo\/mayores\/de-65\/#Requisitos_para_contratar_un_seguro_de_decesos_para_mayores_de_65_anos\" >Requisitos para contratar un seguro de decesos para mayores de 65 a\u00f1os<\/a><\/li><\/ul><\/li><li class='ez-toc-page-1 ez-toc-heading-level-2'><a class=\"ez-toc-link ez-toc-heading-4\" href=\"https:\/\/idecesos.com\/seguros\/tipo\/mayores\/de-65\/#%C2%BFQue_compania_de_seguro_de_decesos_elegir_para_mayores_de_65_anos\" >\u00bfQu\u00e9 compa\u00f1\u00eda de seguro de decesos elegir para\u00a0mayores de 65 a\u00f1os?<\/a><ul class='ez-toc-list-level-3' ><li class='ez-toc-heading-level-3'><a class=\"ez-toc-link ez-toc-heading-5\" href=\"https:\/\/idecesos.com\/seguros\/tipo\/mayores\/de-65\/#Paginas_relacionadas\" >P\u00e1ginas relacionadas<\/a><\/li><\/ul><\/li><\/ul><\/nav><\/div>\n\n<p>El <strong>seguro de decesos para mayores de 65 a\u00f1os<\/strong> es un producto dise\u00f1ado para ofrecer las mejor protecci\u00f3n familiar a los asegurados, ya que no solamente atiende a la misi\u00f3n de la p\u00f3liza como es la gesti\u00f3n completa del servicio de entierro o incineraci\u00f3n. Adem\u00e1s ofrece una serie de servicios a\u00f1adidos que por <strong>opiniones de expertos de seguro de decesos para mayores de 65 a\u00f1os<\/strong> otorgan una utilidad palpable a lo largo de las anualidades que vayas renovando.<\/p>\n<p>Si est\u00e1s pensando en<strong> contratar un seguro de decesos para una persona mayor de 65 a\u00f1os creemos que es una decisi\u00f3n acertada<\/strong> porque hay un amplio abanico de ofertas de aseguradoras de m\u00e1xima fiabilidad que por un precio econ\u00f3mico que pueden pagar mes a mes, dejas todo solucionado a tus familiares o herederos en el momento que falte esa persona. Asimismo, aunque puedes permitirte pagar un entierro el hecho de que tengas la p\u00f3liza contratada en el momento del siniestro los familiares con tan solo llamar al tel\u00e9fono de asistencia e identificar al muerto activar\u00e1n todo el protocolo de actuaci\u00f3n funerario con los m\u00e1ximos est\u00e1ndares de calidad, para que no se tengan que preocupar por nada.<\/p>\n<div class=\"colorf\"><div class=\"container clearfix\"><div class=\"col-md-7\"><div class=\"tipos\"><svg id=\"stars\" style=\"display: none;\" version=\"1.1\">\n\t<symbol id=\"stars-full-star\" viewBox=\"0 0 102 18\">\n\t\t<path d=\"M9.5 14.25l-5.584 2.936 1.066-6.218L.465 6.564l6.243-.907L9.5 0l2.792 5.657 6.243.907-4.517 4.404 1.066 6.218\" \/>\n\t<\/symbol>\n\n\t<symbol id=\"stars-half-star\" viewBox=\"0 0 102 18\">\n\t\t<path d=\"M9.5 14.25l-5.584 2.936 1.066-6.218L.465 6.564l6.243-.907L9.5 0l2.792\" fill=\"#ffdc0f\" \/>\n\t<\/symbol>\n\n\t<symbol id=\"stars-all-star\" viewBox=\"0 0 102 18\">\n\t\t<use xlink:href=\"#stars-full-star\" \/>\n\t\t<use xlink:href=\"#stars-full-star\" transform=\"translate(21)\" \/>\n\t\t<use xlink:href=\"#stars-full-star\" transform=\"translate(42)\" \/>\n\t\t<use xlink:href=\"#stars-full-star\" transform=\"translate(63)\" \/>\n\t\t<use xlink:href=\"#stars-full-star\" transform=\"translate(84)\" \/>\n\t<\/symbol>\n\n\t<symbol id=\"stars-0\" viewBox=\"0 0 102 18\">\n\t\t<use xlink:href=\"#stars-all-star\" fill=\"#e5e5e5\" \/>\n\t<\/symbol>\n\n\t<symbol id=\"stars-1\" viewBox=\"0 0 102 18\">\n\t\t<use xlink:href=\"#stars-0\" \/>\n\t\t<use xlink:href=\"#stars-half-star\" \/>\n\t<\/symbol>\n\n\t<symbol id=\"stars-2\" viewBox=\"0 0 102 18\">\n\t\t<use xlink:href=\"#stars-0\" \/>\n\t\t<use xlink:href=\"#stars-full-star\" fill=\"#ffdc0f\" \/>\n\t<\/symbol>\n\n\t<symbol id=\"stars-3\" viewBox=\"0 0 102 18\">\n\t\t<use xlink:href=\"#stars-2\" \/>\n\t\t<use xlink:href=\"#stars-half-star\" transform=\"translate(21)\" \/>\n\t<\/symbol>\n\n\t<symbol id=\"stars-4\" viewBox=\"0 0 102 18\">\n\t\t<use xlink:href=\"#stars-2\" \/>\n\t\t<use xlink:href=\"#stars-full-star\" fill=\"#ffdc0f\" transform=\"translate(21)\" \/>\n\t<\/symbol>\n\n\t<symbol id=\"stars-5\" viewBox=\"0 0 102 18\">\n\t\t<use xlink:href=\"#stars-4\" \/>\n\t\t<use xlink:href=\"#stars-half-star\" transform=\"translate(42)\" \/>\n\t<\/symbol>\n\n\t<symbol id=\"stars-6\" viewBox=\"0 0 102 18\">\n\t\t<use xlink:href=\"#stars-4\" \/>\n\t\t<use xlink:href=\"#stars-full-star\" fill=\"#ffdc0f\" transform=\"translate(42)\" \/>\n\t<\/symbol>\n\n\t<symbol id=\"stars-7\" viewBox=\"0 0 102 18\">\n\t\t<use xlink:href=\"#stars-6\" \/>\n\t\t<use xlink:href=\"#stars-half-star\" transform=\"translate(63)\" \/>\n\t<\/symbol>\n\n\t<symbol id=\"stars-8\" viewBox=\"0 0 102 18\">\n\t\t<use xlink:href=\"#stars-6\" \/>\n\t\t<use xlink:href=\"#stars-full-star\" fill=\"#ffdc0f\" transform=\"translate(63)\" \/>\n\t<\/symbol>\n\n\t<symbol id=\"stars-9\" viewBox=\"0 0 102 18\">\n\t\t<use xlink:href=\"#stars-8\" \/>\n\t\t<use xlink:href=\"#stars-half-star\" transform=\"translate(84)\" \/>\n\t<\/symbol>\n\n\t<symbol id=\"stars-10\" viewBox=\"0 0 102 18\">\n\t\t<use xlink:href=\"#stars-all-star\" fill=\"#ffdc0f\" \/>\n\t<\/symbol>\n<\/svg>\n\n<h2><span class=\"ez-toc-section\" id=\"Tipos_de_seguros_de_decesos_para_mayores_de_65_anos\"><\/span>Tipos de seguros de decesos para mayores de 65 a\u00f1os<span class=\"ez-toc-section-end\"><\/span><\/h2>\n<p>Los diferentes tipos de seguros de decesos para mayores de 65 a\u00f1os dependen de la prima que contratemos. Es decir, en ese rango de edad lo m\u00e1s interesante es una prima mixta que se equilibre a los 5 o 10 a\u00f1os o una prima nivelada para las personas que prefieren a los 65 a\u00f1os que se suelen jubilar tener una previsi\u00f3n de gastos controlada mensual sin sobre saltos.<\/p>\n<p>Por otra parte, much\u00edsimos de los clientes de <strong>iDecesos<\/strong> que disponen de capacidad econ\u00f3mica y que no desean estar pagando recibos recurrentes, optan por solicitar la prima \u00fanica o pago \u00fanico que consiste en abonar el servicio f\u00fanebre de forma anticipada por dos razones; coste m\u00e1s econ\u00f3mico porque no es lo mismo comparar diferentes presupuestos de <strong>compa\u00f1\u00edas de iDecesos con ofertas, descuentos y promociones<\/strong> que sin embargo, en el momento del fallecimiento, en un momento tan doloroso, deber\u00e1n aceptar lo que te pida la funeraria que te atienda m\u00e1s r\u00e1pido y con el cuerpo presente.<\/p>\n<p>Adem\u00e1s este <strong>tipo de seguro de decesos para mayores de 65 a\u00f1os te ayuda a dejar todo previsto a tus allegados<\/strong>, para que en el futuro cuando ocurra la p\u00e9rdida del asegurado no entren en disputas familiares entre ellos a la hora de pagar todo y negociar con los distintos proveedores, adem\u00e1s de repartir las tareas de gesti\u00f3n administrativas tan tediosas entre los mismos.<\/p>\n<\/div><\/div><\/div><\/div>\n<h3><span class=\"ez-toc-section\" id=\"Coberturas\"><\/span><strong>Coberturas<\/strong><span class=\"ez-toc-section-end\"><\/span><\/h3>\n<p>El seguro de decesos para mayores de 65 a\u00f1os sus coberturas son las que quieras contratar, es decir si s\u00f3lo deseas las coberturas b\u00e1sicas del servicio de entierro completo, hay compa\u00f1\u00edas que te lo ofrecen. Pero si lo que buscas es un condicionado general que recoja las coberturas b\u00e1sicas y servicios adicionales para poderlo utilizar de forma recurrente y que nos ahorre y facilite la vida en iDecesos le calculamos ambas opciones. Simplemente rellenando el formulario que le sale a su derecha de la pantalla en un minuto le aparecer\u00e1 en pantalla los mejores productos con las mejores coberturas de un seguro de decesos para una una persona mayor de 65 a\u00f1os.<\/p>\n<p>Las coberturas a\u00f1adidas de la p\u00f3liza para personas mayores de 65 a\u00f1os m\u00e1s rese\u00f1ables son la asistencia en viaje internacional, los descuentos en hospitales, cl\u00ednicas y m\u00e9dicos especialistas concertados de primer nivel, el testamento digital, el borrado de todos los perfiles y rastro digital del fallecido en redes sociales y otros sitios web, y las consultas gratuitas en dentistas (limpieza bucal sin coste), fisioterapeuta y cl\u00ednica veterinaria para los due\u00f1os de mascotas.<\/p>\n<div class=\"colorf\"><div class=\"container clearfix\"><div class=\"col-md-7\">\n<h3><span class=\"ez-toc-section\" id=\"Requisitos_para_contratar_un_seguro_de_decesos_para_mayores_de_65_anos\"><\/span>Requisitos para contratar un seguro de decesos para mayores de 65 a\u00f1os<span class=\"ez-toc-section-end\"><\/span><\/h3>\n<p>Los requisitos m\u00e1s importantes que podemos destacar es que est\u00e9 legalmente identificado en Espa\u00f1a mediante el (dni, nie o nif), que el tomador tenga un n\u00famero de cuenta en un banco en Espa\u00f1a, para poder domiciliar los recibos del seguro de decesos para mayores de 65 a\u00f1os, ya que es requisito imprescindible para las compa\u00f1\u00edas de seguros, porque son p\u00f3lizas anual renovables con pagos (mensual, trimestral, semestral o anual).<\/p>\n<p>Por \u00faltimo requisito es que los asegurados cumplan con la pregunta de salud y re\u00fanan las condiciones id\u00f3neas que establece la compa\u00f1\u00eda con la que queremos contratar. En iDecesos le leemos el texto legal y le realizamos la pregunta de salud, adem\u00e1s le mandamos la documentaci\u00f3n precontractual c\u00f3mo manda la Ley General de Seguros y de forma telem\u00e1tica se le env\u00eda la firma digital de todo.<\/p>\n<p>Si no firmase o faltase a la verdad de lo declarado c\u00f3mo requisitos, la aseguradora se reserva la opci\u00f3n de rehusar el siniestro.<\/p>\n<\/div><\/div><\/div>\n<h2><span class=\"ez-toc-section\" id=\"%C2%BFQue_compania_de_seguro_de_decesos_elegir_para_mayores_de_65_anos\"><\/span>\u00bfQu\u00e9 compa\u00f1\u00eda de seguro de decesos elegir para\u00a0mayores de 65 a\u00f1os?<span class=\"ez-toc-section-end\"><\/span><\/h2>\n<p>Las compa\u00f1\u00edas de seguro de decesos elegir para <span class=\"il\">mayores<\/span> de 65 a\u00f1os de iDecesos son las que mejores condiciones tienen, las mejores valoradas en opiniones de expertos, las m\u00e1s flexibles en modalidad de pago y con los precios m\u00e1s econ\u00f3micos. Ademas <strong>en iDecesos<\/strong> continuamente tenemos ofertas y descuentos de productos de seguros de decesos para mayores de 65 a\u00f1os. \u00bfA que esperas?<strong> Entra y compara en 1 minuto y ver\u00e1s de una forma muy visual todas las compa\u00f1\u00edas y precios.<\/strong><\/p>\n<div class=\"oficinas\">\n<h3><span class=\"ez-toc-section\" id=\"Paginas_relacionadas\"><\/span>P\u00e1ginas relacionadas<span class=\"ez-toc-section-end\"><\/span><\/h3>\n<ul><li><a href=\"https:\/\/idecesos.com\/seguros\/tipo\/mayores\/de-55\/\"><span>Seguro de Decesos para Mayores de 55 a\u00f1os<\/span><\/a><\/li><li><a href=\"https:\/\/idecesos.com\/seguros\/tipo\/mayores\/de-60\/\"><span>Seguro de Decesos para Mayores de 60 a\u00f1os<\/span><\/a><\/li><li><a href=\"https:\/\/idecesos.com\/seguros\/tipo\/mayores\/de-70\/\"><span>Seguro de Decesos para Mayores de 70 a\u00f1os<\/span><\/a><\/li><li><a href=\"https:\/\/idecesos.com\/seguros\/tipo\/mayores\/de-75\/\"><span>Seguro de Decesos para Mayores de 75 a\u00f1os<\/span><\/a><\/li><li><a href=\"https:\/\/idecesos.com\/seguros\/tipo\/mayores\/de-80-85-90\/\"><span>Seguro de Decesos para Mayores de 80, 85 y 90 a\u00f1os<\/span><\/a><\/li><\/ul>\n<\/div>\n","protected":false},"excerpt":{"rendered":"<p>El seguro de decesos para mayores de 65 a\u00f1os es un producto dise\u00f1ado para ofrecer las mejor protecci\u00f3n familiar a los asegurados, ya que no solamente atiende a la misi\u00f3n de la p\u00f3liza como es la gesti\u00f3n completa del servicio de entierro o incineraci\u00f3n. Adem\u00e1s ofrece una serie de servicios a\u00f1adidos que por opiniones de&hellip; <\/p>\n","protected":false},"author":2,"featured_media":0,"parent":688,"menu_order":0,"comment_status":"closed","ping_status":"closed","template":"single.php","meta":{"footnotes":""},"class_list":["post-11903","page","type-page","status-publish","hentry"],"yoast_head":"<!-- This site is optimized with the Yoast SEO plugin v27.5 - https:\/\/yoast.com\/product\/yoast-seo-wordpress\/ -->\n<title>Seguro de Decesos para Mayores de 65 a\u00f1os \u25b7 Ofertas 2026<\/title>\n<meta name=\"description\" content=\"Compara aqu\u00ed el mejor\u3010seguro de decesos para mayores de 65 a\u00f1os\u3011N\u00ba1: Compa\u00f1\u00edas, tipos y coberturas \u2611\ufe0fOfertas y precios \u00fanicos de iDecesos\u00ae\" \/>\n<meta name=\"robots\" content=\"index, follow, max-snippet:-1, max-image-preview:large, max-video-preview:-1\" \/>\n<link rel=\"canonical\" href=\"https:\/\/idecesos.com\/seguros\/tipo\/mayores\/de-65\/\" \/>\n<meta property=\"og:locale\" content=\"es_ES\" \/>\n<meta property=\"og:type\" content=\"article\" \/>\n<meta property=\"og:title\" content=\"Seguro de Decesos para Mayores de 65 a\u00f1os \u25b7 Ofertas 2026\" \/>\n<meta property=\"og:description\" content=\"Compara aqu\u00ed el mejor\u3010seguro de decesos para mayores de 65 a\u00f1os\u3011N\u00ba1: Compa\u00f1\u00edas, tipos y coberturas \u2611\ufe0fOfertas y precios \u00fanicos de iDecesos\u00ae\" \/>\n<meta property=\"og:url\" content=\"https:\/\/idecesos.com\/seguros\/tipo\/mayores\/de-65\/\" \/>\n<meta property=\"article:modified_time\" content=\"2022-01-03T12:31:13+00:00\" \/>\n<meta name=\"twitter:card\" content=\"summary_large_image\" \/>\n<meta name=\"twitter:label1\" content=\"Tiempo de lectura\" \/>\n\t<meta name=\"twitter:data1\" content=\"4 minutos\" \/>\n<script type=\"application\/ld+json\" class=\"yoast-schema-graph\">{\"@context\":\"https:\\\/\\\/schema.org\",\"@graph\":[{\"@type\":\"WebPage\",\"@id\":\"https:\\\/\\\/idecesos.com\\\/seguros\\\/tipo\\\/mayores\\\/de-65\\\/\",\"url\":\"https:\\\/\\\/idecesos.com\\\/seguros\\\/tipo\\\/mayores\\\/de-65\\\/\",\"name\":\"Seguro de Decesos para Mayores de 65 a\u00f1os \u25b7 Ofertas 2026\",\"isPartOf\":{\"@id\":\"https:\\\/\\\/idecesos.com\\\/seguros\\\/#website\"},\"datePublished\":\"2021-10-28T10:59:14+00:00\",\"dateModified\":\"2022-01-03T12:31:13+00:00\",\"description\":\"Compara aqu\u00ed el mejor\u3010seguro de decesos para mayores de 65 a\u00f1os\u3011N\u00ba1: Compa\u00f1\u00edas, tipos y coberturas \u2611\ufe0fOfertas y precios \u00fanicos de iDecesos\u00ae\",\"breadcrumb\":{\"@id\":\"https:\\\/\\\/idecesos.com\\\/seguros\\\/tipo\\\/mayores\\\/de-65\\\/#breadcrumb\"},\"inLanguage\":\"es\",\"potentialAction\":[{\"@type\":\"ReadAction\",\"target\":[\"https:\\\/\\\/idecesos.com\\\/seguros\\\/tipo\\\/mayores\\\/de-65\\\/\"]}]},{\"@type\":\"BreadcrumbList\",\"@id\":\"https:\\\/\\\/idecesos.com\\\/seguros\\\/tipo\\\/mayores\\\/de-65\\\/#breadcrumb\",\"itemListElement\":[{\"@type\":\"ListItem\",\"position\":1,\"name\":\"Portada\",\"item\":\"https:\\\/\\\/idecesos.com\\\/seguros\\\/\"},{\"@type\":\"ListItem\",\"position\":2,\"name\":\"Tipos de seguros de decesos\",\"item\":\"https:\\\/\\\/idecesos.com\\\/seguros\\\/tipo\\\/\"},{\"@type\":\"ListItem\",\"position\":3,\"name\":\"Seguro Decesos Para Mayores\",\"item\":\"https:\\\/\\\/idecesos.com\\\/seguros\\\/tipo\\\/mayores\\\/\"},{\"@type\":\"ListItem\",\"position\":4,\"name\":\"Seguro de Decesos para Mayores de 65 a\u00f1os\"}]},{\"@type\":\"WebSite\",\"@id\":\"https:\\\/\\\/idecesos.com\\\/seguros\\\/#website\",\"url\":\"https:\\\/\\\/idecesos.com\\\/seguros\\\/\",\"name\":\"\",\"description\":\"\",\"potentialAction\":[{\"@type\":\"SearchAction\",\"target\":{\"@type\":\"EntryPoint\",\"urlTemplate\":\"https:\\\/\\\/idecesos.com\\\/seguros\\\/?s={search_term_string}\"},\"query-input\":{\"@type\":\"PropertyValueSpecification\",\"valueRequired\":true,\"valueName\":\"search_term_string\"}}],\"inLanguage\":\"es\"}]}<\/script>\n<!-- \/ Yoast SEO plugin. -->","yoast_head_json":{"title":"Seguro de Decesos para Mayores de 65 a\u00f1os \u25b7 Ofertas 2026","description":"Compara aqu\u00ed el mejor\u3010seguro de decesos para mayores de 65 a\u00f1os\u3011N\u00ba1: Compa\u00f1\u00edas, tipos y coberturas \u2611\ufe0fOfertas y precios \u00fanicos de iDecesos\u00ae","robots":{"index":"index","follow":"follow","max-snippet":"max-snippet:-1","max-image-preview":"max-image-preview:large","max-video-preview":"max-video-preview:-1"},"canonical":"https:\/\/idecesos.com\/seguros\/tipo\/mayores\/de-65\/","og_locale":"es_ES","og_type":"article","og_title":"Seguro de Decesos para Mayores de 65 a\u00f1os \u25b7 Ofertas 2026","og_description":"Compara aqu\u00ed el mejor\u3010seguro de decesos para mayores de 65 a\u00f1os\u3011N\u00ba1: Compa\u00f1\u00edas, tipos y coberturas \u2611\ufe0fOfertas y precios \u00fanicos de iDecesos\u00ae","og_url":"https:\/\/idecesos.com\/seguros\/tipo\/mayores\/de-65\/","article_modified_time":"2022-01-03T12:31:13+00:00","twitter_card":"summary_large_image","twitter_misc":{"Tiempo de lectura":"4 minutos"},"schema":{"@context":"https:\/\/schema.org","@graph":[{"@type":"WebPage","@id":"https:\/\/idecesos.com\/seguros\/tipo\/mayores\/de-65\/","url":"https:\/\/idecesos.com\/seguros\/tipo\/mayores\/de-65\/","name":"Seguro de Decesos para Mayores de 65 a\u00f1os \u25b7 Ofertas 2026","isPartOf":{"@id":"https:\/\/idecesos.com\/seguros\/#website"},"datePublished":"2021-10-28T10:59:14+00:00","dateModified":"2022-01-03T12:31:13+00:00","description":"Compara aqu\u00ed el mejor\u3010seguro de decesos para mayores de 65 a\u00f1os\u3011N\u00ba1: Compa\u00f1\u00edas, tipos y coberturas \u2611\ufe0fOfertas y precios \u00fanicos de iDecesos\u00ae","breadcrumb":{"@id":"https:\/\/idecesos.com\/seguros\/tipo\/mayores\/de-65\/#breadcrumb"},"inLanguage":"es","potentialAction":[{"@type":"ReadAction","target":["https:\/\/idecesos.com\/seguros\/tipo\/mayores\/de-65\/"]}]},{"@type":"BreadcrumbList","@id":"https:\/\/idecesos.com\/seguros\/tipo\/mayores\/de-65\/#breadcrumb","itemListElement":[{"@type":"ListItem","position":1,"name":"Portada","item":"https:\/\/idecesos.com\/seguros\/"},{"@type":"ListItem","position":2,"name":"Tipos de seguros de decesos","item":"https:\/\/idecesos.com\/seguros\/tipo\/"},{"@type":"ListItem","position":3,"name":"Seguro Decesos Para Mayores","item":"https:\/\/idecesos.com\/seguros\/tipo\/mayores\/"},{"@type":"ListItem","position":4,"name":"Seguro de Decesos para Mayores de 65 a\u00f1os"}]},{"@type":"WebSite","@id":"https:\/\/idecesos.com\/seguros\/#website","url":"https:\/\/idecesos.com\/seguros\/","name":"","description":"","potentialAction":[{"@type":"SearchAction","target":{"@type":"EntryPoint","urlTemplate":"https:\/\/idecesos.com\/seguros\/?s={search_term_string}"},"query-input":{"@type":"PropertyValueSpecification","valueRequired":true,"valueName":"search_term_string"}}],"inLanguage":"es"}]}},"_links":{"self":[{"href":"https:\/\/idecesos.com\/seguros\/wp-json\/wp\/v2\/pages\/11903","targetHints":{"allow":["GET"]}}],"collection":[{"href":"https:\/\/idecesos.com\/seguros\/wp-json\/wp\/v2\/pages"}],"about":[{"href":"https:\/\/idecesos.com\/seguros\/wp-json\/wp\/v2\/types\/page"}],"author":[{"embeddable":true,"href":"https:\/\/idecesos.com\/seguros\/wp-json\/wp\/v2\/users\/2"}],"replies":[{"embeddable":true,"href":"https:\/\/idecesos.com\/seguros\/wp-json\/wp\/v2\/comments?post=11903"}],"version-history":[{"count":8,"href":"https:\/\/idecesos.com\/seguros\/wp-json\/wp\/v2\/pages\/11903\/revisions"}],"predecessor-version":[{"id":15006,"href":"https:\/\/idecesos.com\/seguros\/wp-json\/wp\/v2\/pages\/11903\/revisions\/15006"}],"up":[{"embeddable":true,"href":"https:\/\/idecesos.com\/seguros\/wp-json\/wp\/v2\/pages\/688"}],"wp:attachment":[{"href":"https:\/\/idecesos.com\/seguros\/wp-json\/wp\/v2\/media?parent=11903"}],"curies":[{"name":"wp","href":"https:\/\/api.w.org\/{rel}","templated":true}]}}