{"id":11905,"date":"2021-10-28T11:00:40","date_gmt":"2021-10-28T11:00:40","guid":{"rendered":"https:\/\/idecesos.com\/seguros\/?page_id=11905"},"modified":"2022-01-03T12:31:13","modified_gmt":"2022-01-03T12:31:13","slug":"de-80-85-90","status":"publish","type":"page","link":"https:\/\/idecesos.com\/seguros\/tipo\/mayores\/de-80-85-90\/","title":{"rendered":"Seguro de Decesos para Mayores de 80, 85 y 90 a\u00f1os"},"content":{"rendered":"<div id=\"ez-toc-container\" class=\"ez-toc-v2_0_83 ez-toc-wrap-center counter-hierarchy ez-toc-counter ez-toc-custom ez-toc-container-direction\">\n<div class=\"ez-toc-title-container\">\n<p class=\"ez-toc-title\" style=\"cursor:inherit\">Tabla de Contenido<\/p>\n<span class=\"ez-toc-title-toggle\"><a href=\"#\" class=\"ez-toc-pull-right ez-toc-btn ez-toc-btn-xs ez-toc-btn-default ez-toc-toggle\" aria-label=\"Alternar tabla de contenidos\"><span class=\"ez-toc-js-icon-con\"><span class=\"\"><span class=\"eztoc-hide\" style=\"display:none;\">Toggle<\/span><span class=\"ez-toc-icon-toggle-span\"><svg style=\"fill: #db6415;color:#db6415\" xmlns=\"http:\/\/www.w3.org\/2000\/svg\" class=\"list-377408\" width=\"20px\" height=\"20px\" viewBox=\"0 0 24 24\" fill=\"none\"><path d=\"M6 6H4v2h2V6zm14 0H8v2h12V6zM4 11h2v2H4v-2zm16 0H8v2h12v-2zM4 16h2v2H4v-2zm16 0H8v2h12v-2z\" fill=\"currentColor\"><\/path><\/svg><svg style=\"fill: #db6415;color:#db6415\" class=\"arrow-unsorted-368013\" xmlns=\"http:\/\/www.w3.org\/2000\/svg\" width=\"10px\" height=\"10px\" viewBox=\"0 0 24 24\" version=\"1.2\" baseProfile=\"tiny\"><path d=\"M18.2 9.3l-6.2-6.3-6.2 6.3c-.2.2-.3.4-.3.7s.1.5.3.7c.2.2.4.3.7.3h11c.3 0 .5-.1.7-.3.2-.2.3-.5.3-.7s-.1-.5-.3-.7zM5.8 14.7l6.2 6.3 6.2-6.3c.2-.2.3-.5.3-.7s-.1-.5-.3-.7c-.2-.2-.4-.3-.7-.3h-11c-.3 0-.5.1-.7.3-.2.2-.3.5-.3.7s.1.5.3.7z\"\/><\/svg><\/span><\/span><\/span><\/a><\/span><\/div>\n<nav><ul class='ez-toc-list ez-toc-list-level-1 ' ><li class='ez-toc-page-1 ez-toc-heading-level-2'><a class=\"ez-toc-link ez-toc-heading-1\" href=\"https:\/\/idecesos.com\/seguros\/tipo\/mayores\/de-80-85-90\/#Tipos_de_seguros_de_decesos_para_mayores_de_80_85_90_anos\" >Tipos de seguros de decesos para mayores de 80, 85, 90 a\u00f1os<\/a><ul class='ez-toc-list-level-3' ><li class='ez-toc-heading-level-3'><a class=\"ez-toc-link ez-toc-heading-2\" href=\"https:\/\/idecesos.com\/seguros\/tipo\/mayores\/de-80-85-90\/#Coberturas\" >Coberturas<\/a><\/li><li class='ez-toc-page-1 ez-toc-heading-level-3'><a class=\"ez-toc-link ez-toc-heading-3\" href=\"https:\/\/idecesos.com\/seguros\/tipo\/mayores\/de-80-85-90\/#Requisitos_para_contratar_un_seguro_de_decesos_para_mayores_de_80_85_90_anos\" >Requisitos para contratar un seguro de decesos para mayores de 80, 85, 90 a\u00f1os<\/a><\/li><\/ul><\/li><li class='ez-toc-page-1 ez-toc-heading-level-2'><a class=\"ez-toc-link ez-toc-heading-4\" href=\"https:\/\/idecesos.com\/seguros\/tipo\/mayores\/de-80-85-90\/#%C2%BFQue_compania_de_seguro_de_decesos_elegir_para_mayores_de_80_85_90_anos\" >\u00bfQu\u00e9 compa\u00f1\u00eda de seguro de decesos elegir para mayores de 80, 85, 90 a\u00f1os?<\/a><ul class='ez-toc-list-level-3' ><li class='ez-toc-heading-level-3'><a class=\"ez-toc-link ez-toc-heading-5\" href=\"https:\/\/idecesos.com\/seguros\/tipo\/mayores\/de-80-85-90\/#Paginas_relacionadas\" >P\u00e1ginas relacionadas<\/a><\/li><\/ul><\/li><\/ul><\/nav><\/div>\n\r\n<p><strong>El seguro de decesos para mayores de 80, 85 y 90 a\u00f1os<\/strong> es una de las opciones de seguros de fallecimiento de pago \u00fanico, con suficientes garant\u00edas y coberturas como para seguir siendo una opci\u00f3n fiable, y m\u00e1s barata que pagar el sepelio de forma directa con la funeraria sin que eso signifique tener que hacer grandes desembolsos mensuales.<\/p>\r\n<!-- \/wp:post-content -->\r\n\r\n<!-- wp:paragraph -->\r\n<p>En un momento tan dif\u00edcil como la muerte de un ser querido, la asistencia por una aseguradora que gestione de forma profesional y eficiente todo el entierro es lo que m\u00e1s importa a la inmensa mayor\u00eda de ciudadanos, por eso es tan importante contar la ayuda del servicio de asistencia familiar del seguro por muerte y contar con la tranquilidad de saber que estamos en buenas manos. De esta manera, se puede acceder a una amplia variedad de servicios que los familiares no se tienen que preocupar de nada como son el arca, reserva de sala f\u00fanebre, traslado del cad\u00e1ver, coronas, eucarist\u00eda etc.<\/p>\r\n<div class=\"colorf\"><div class=\"container clearfix\"><div class=\"col-md-7\">\r\n<!-- \/wp:paragraph -->\r\n\r\n<!-- wp:heading {\"level\":3} \/-->\r\n\r\n<!-- wp:paragraph -->\r\n<p>Esta modalidad de <strong>seguros de decesos para mayores de 80, 85 y 90 a\u00f1os <\/strong>est\u00e1n enfocados a todos aquellas personas que tienen familiares que no pueden costearse su entierro pag\u00e1ndolo a la funeraria de forma directa, pero necesitan contar con un respaldo y tranquilidad de que llegado ese momento tan triste sus familiares y allegados solo se preocupen en velar su cuerpo y en nada m\u00e1s y muchas otras ventajas. Cada compa\u00f1\u00eda elabora distintas ofertas baratas de pago \u00fanico, por lo que es recomendable revisarlas todas una a una para saber cu\u00e1l es la que m\u00e1s conviene en cada caso. Es altamente recomendable para aquellos que quieren abonar en una prima \u00fanica su servicio de sepelio solicitar a <strong>iDecesos<\/strong>\u00a0una comparativa con diferentes aseguradoras para ver cual le cubre m\u00e1s capital para su funeral por menos precio y con un servicio de garant\u00eda.<\/p>\r\n<\/div><\/div><\/div>\r\n<!-- \/wp:paragraph -->\r\n\r\n<!-- wp:paragraph -->\r\n<p>Por ejemplo, es un jubilado viudo y con 3 hijos. Como \u00e9l tiene 81 a\u00f1os y tiene unos ahorros y no quer\u00eda dejar la papeleta a sus hijos de ponerse de acuerdo en el pago del funeral en el caso de que el muera, decidi\u00f3 dejarle pagado todo con un seguro de decesos de prima \u00fanica y tambi\u00e9n evitar problemas y tiranteces entre los hermanos. Tras una r\u00e1pida b\u00fasqueda por Internet, encuentra dos empresas que ofrecen servicios y precios similares. A trav\u00e9s de nuestra web <strong>iDecesos<\/strong> persona podr\u00eda contratar el seguro hecho a la medida de sus necesidades.<\/p>\r\n<div class=\"colorf\"><div class=\"container clearfix\"><div class=\"col-md-7\"><div class=\"tipos\"><svg id=\"stars\" style=\"display: none;\" version=\"1.1\">\n\t<symbol id=\"stars-full-star\" viewBox=\"0 0 102 18\">\n\t\t<path d=\"M9.5 14.25l-5.584 2.936 1.066-6.218L.465 6.564l6.243-.907L9.5 0l2.792 5.657 6.243.907-4.517 4.404 1.066 6.218\" \/>\n\t<\/symbol>\n\n\t<symbol id=\"stars-half-star\" viewBox=\"0 0 102 18\">\n\t\t<path d=\"M9.5 14.25l-5.584 2.936 1.066-6.218L.465 6.564l6.243-.907L9.5 0l2.792\" fill=\"#ffdc0f\" \/>\n\t<\/symbol>\n\n\t<symbol id=\"stars-all-star\" viewBox=\"0 0 102 18\">\n\t\t<use xlink:href=\"#stars-full-star\" \/>\n\t\t<use xlink:href=\"#stars-full-star\" transform=\"translate(21)\" \/>\n\t\t<use xlink:href=\"#stars-full-star\" transform=\"translate(42)\" \/>\n\t\t<use xlink:href=\"#stars-full-star\" transform=\"translate(63)\" \/>\n\t\t<use xlink:href=\"#stars-full-star\" transform=\"translate(84)\" \/>\n\t<\/symbol>\n\n\t<symbol id=\"stars-0\" viewBox=\"0 0 102 18\">\n\t\t<use xlink:href=\"#stars-all-star\" fill=\"#e5e5e5\" \/>\n\t<\/symbol>\n\n\t<symbol id=\"stars-1\" viewBox=\"0 0 102 18\">\n\t\t<use xlink:href=\"#stars-0\" \/>\n\t\t<use xlink:href=\"#stars-half-star\" \/>\n\t<\/symbol>\n\n\t<symbol id=\"stars-2\" viewBox=\"0 0 102 18\">\n\t\t<use xlink:href=\"#stars-0\" \/>\n\t\t<use xlink:href=\"#stars-full-star\" fill=\"#ffdc0f\" \/>\n\t<\/symbol>\n\n\t<symbol id=\"stars-3\" viewBox=\"0 0 102 18\">\n\t\t<use xlink:href=\"#stars-2\" \/>\n\t\t<use xlink:href=\"#stars-half-star\" transform=\"translate(21)\" \/>\n\t<\/symbol>\n\n\t<symbol id=\"stars-4\" viewBox=\"0 0 102 18\">\n\t\t<use xlink:href=\"#stars-2\" \/>\n\t\t<use xlink:href=\"#stars-full-star\" fill=\"#ffdc0f\" transform=\"translate(21)\" \/>\n\t<\/symbol>\n\n\t<symbol id=\"stars-5\" viewBox=\"0 0 102 18\">\n\t\t<use xlink:href=\"#stars-4\" \/>\n\t\t<use xlink:href=\"#stars-half-star\" transform=\"translate(42)\" \/>\n\t<\/symbol>\n\n\t<symbol id=\"stars-6\" viewBox=\"0 0 102 18\">\n\t\t<use xlink:href=\"#stars-4\" \/>\n\t\t<use xlink:href=\"#stars-full-star\" fill=\"#ffdc0f\" transform=\"translate(42)\" \/>\n\t<\/symbol>\n\n\t<symbol id=\"stars-7\" viewBox=\"0 0 102 18\">\n\t\t<use xlink:href=\"#stars-6\" \/>\n\t\t<use xlink:href=\"#stars-half-star\" transform=\"translate(63)\" \/>\n\t<\/symbol>\n\n\t<symbol id=\"stars-8\" viewBox=\"0 0 102 18\">\n\t\t<use xlink:href=\"#stars-6\" \/>\n\t\t<use xlink:href=\"#stars-full-star\" fill=\"#ffdc0f\" transform=\"translate(63)\" \/>\n\t<\/symbol>\n\n\t<symbol id=\"stars-9\" viewBox=\"0 0 102 18\">\n\t\t<use xlink:href=\"#stars-8\" \/>\n\t\t<use xlink:href=\"#stars-half-star\" transform=\"translate(84)\" \/>\n\t<\/symbol>\n\n\t<symbol id=\"stars-10\" viewBox=\"0 0 102 18\">\n\t\t<use xlink:href=\"#stars-all-star\" fill=\"#ffdc0f\" \/>\n\t<\/symbol>\n<\/svg>\n\r\n<h2><span class=\"ez-toc-section\" id=\"Tipos_de_seguros_de_decesos_para_mayores_de_80_85_90_anos\"><\/span>Tipos de seguros de decesos para mayores de 80, 85, 90 a\u00f1os<span class=\"ez-toc-section-end\"><\/span><\/h2>\r\n<p>Los <strong>tipos de seguro de decesos para mayores de 80, 85, 90 a\u00f1os <\/strong>s\u00f3lo podr\u00eda existir la posibilidad de tipo de forma de pago mensual con prima nivelada si el asegurado acabara de cumplir 80 a\u00f1os. Para este caso en concreto en iDecesos dada nuestra fuerza con las aseguradoras podr\u00edamos emitir una p\u00f3liza de estas caracter\u00edsticas.\u00a0<\/p>\r\n<div class=\"tipo4 \"  ><div class=\"cuadro_tipo\"><div class=\"tipo_icon\"><i class=\"fas fa-cubes\"><\/i><!--span class=\"dashicons dashicons-image-filter\"><\/span--><\/div><div class=\"titulo_tipo titulo\">Prima \u00fanica<\/div><div class=\"texto_tipo\"><\/p>\r\n<p>Por otro lado, solamente existe un tipo de p\u00f3liza de <strong>seguro de decesos para mayores de 80, 85, 90 a\u00f1os\u00a0<\/strong>que <strong>es la prima \u00fanica<\/strong> o tambi\u00e9n conocida de pago \u00fanico. Esta tipo de p\u00f3liza de decesos consiste en abonar de una sola vez el servicio funerario a la compa\u00f1\u00eda de forma anticipada, y las <strong>grandes ventajas son<\/strong>; <strong>la primera es que es m\u00e1s barato<\/strong> que contratando una funeraria en el momento del fallecimiento debido a que las empresas de seguros negocian anualmente con todas las funerarias el coste de su servicio y por econom\u00eda de escalas el coste es mucho menor que contratando un particular con el problema encima.<\/p>\r\n<p><\/div><\/div><\/div>\r\n<p>La <strong>segunda ventaja es que liberas del problema en el momento del deceso<\/strong> que los herederos busquen, negocien y recauden el dinero del presupuesto del servicio de la funeraria con la que han llegado a un acuerdo. Asimismo, les evitas en un momento tan duro, estar tratando estos temas y les dejas libres para velar el cuerpo y que puedan decir su \u00faltimo adi\u00f3s.<\/p>\r\n<\/div><\/div><\/div><\/div>\r\n<h3><span class=\"ez-toc-section\" id=\"Coberturas\"><\/span>Coberturas<span class=\"ez-toc-section-end\"><\/span><\/h3>\r\n<p>Las <strong>coberturas del seguro de decesos para mayores de 80, 85, 90 a\u00f1os\u00a0<\/strong>se caracterizan por garantizar el servicio de sepelio de principio a fin. Si te sigues haciendo la pregunta \u00bfQu\u00e9 cubre? te podemos avanzar que ofrecen el servicio de coche f\u00fanebre, traslados, arca, chofer, veh\u00edculo, coronas, flores, esquelas, tanatorio (personal del tanatorio, persona de asistencia, Tanatoestetica y Tanatopraxia, sala de velatorio, catering, servicio religioso), cementerio, enterradores, tramitaciones burocr\u00e1ticas: incripci\u00f3n en el Registro Civil y el certificado m\u00e9dico de defunci\u00f3n que en el periodo de 24h se enviar\u00e1 al servicio de asistencia para la obtenci\u00f3n de licencia de enterramiento del fallecido.\u00a0<\/p>\r\n<p>Asimismo, la gestor\u00eda de la compa\u00f1\u00eda del seguro de decesos para mayores de 80, 85 y 90 a\u00f1os despu\u00e9s del sepelio se encarga de lo realmente complicado que son la infinidad de tr\u00e1mites y certificados necesarios para legalizar, y mover el legado del difunto. Estos certificados son los siguientes: Certificado de \u00faltimas voluntades testamentarias.<\/p>\r\n<ul>\r\n<li>Certificado de nacimiento en el Registro Civil.<\/li>\r\n<li>Certificado de matrimonio en el Registro Civil.<\/li>\r\n<li>Certificado de cotizaci\u00f3n al Instituto Nacional de la Seguridad Social (INSS).<\/li>\r\n<li>La solicitud y tramitaci\u00f3n de pensiones de incapacidad, orfandad y viudedad en la Seguridad Social.<\/li>\r\n<li>La solicitud y tramitaci\u00f3n de auxilio por defunci\u00f3n en la Seguridad Social.<\/li>\r\n<li>La baja del Asegurado como usuario de sistema p\u00fablico sanitario y pensionista en la Seguridad Social.<\/li>\r\n<li>La baja del asegurado del libro de familia. en el Registro Civil.<\/li>\r\n<li>La Fe de vida en el Registro Civil.<\/li>\r\n<li>El certificado de convivencia registro parejas de hecho en el Registro Civil.<\/li>\r\n<li>La liquidaci\u00f3n del impuesto de sucesiones (el importe del impuesto es repercutido a los herederos) en la Agencia Tributaria.<\/li>\r\n<li>Todas las gestiones de inscripci\u00f3n registral.<\/li>\r\n<\/ul>\r\n<p>Es decir, las coberturas son lo m\u00e1s completas posibles y en iDecesos puedes quedarte tranquilo porque es somos el comparador de seguros de decesos m\u00e1s especializado para personas de 80,85 y 90 a\u00f1os y N\u00ba1 en Ahorro en Espa\u00f1a. <strong>Compara ahora en 1 minuto &gt;&gt;<\/strong><\/p>\r\n<div class=\"colorf\"><div class=\"container clearfix\"><div class=\"col-md-7\">\r\n<h3><span class=\"ez-toc-section\" id=\"Requisitos_para_contratar_un_seguro_de_decesos_para_mayores_de_80_85_90_anos\"><\/span>Requisitos para contratar un seguro de decesos para mayores de 80, 85, 90 a\u00f1os<span class=\"ez-toc-section-end\"><\/span><\/h3>\r\n<p>Los <strong>principales requisitos para contratar un seguro de decesos para mayores de 80, 85 y 90 a\u00f1os<\/strong> son que est\u00e9n en buen estado de salud y en la pregunta de la aseguradora respondan que no, si no fuera as\u00ed e incluso el asegurado estuviera a punto de fallecer en iDecesos le podemos comparar seguros de prima \u00fanica que le cubren perfectamente el servicio de sepelio y con compa\u00f1\u00edas l\u00edderes nacionales. Tambi\u00e9n c\u00f3mo requisito es tener una cuenta bancaria en Espa\u00f1a y tener la documentaci\u00f3n de identidad acorde a nuestra legislaci\u00f3n.<\/p>\r\n<\/div><\/div><\/div>\r\n<h2><span class=\"ez-toc-section\" id=\"%C2%BFQue_compania_de_seguro_de_decesos_elegir_para_mayores_de_80_85_90_anos\"><\/span>\u00bfQu\u00e9 compa\u00f1\u00eda de seguro de decesos elegir para mayores de 80, 85, 90 a\u00f1os?<span class=\"ez-toc-section-end\"><\/span><\/h2>\r\n<p>Lo m\u00e1s f\u00e1cil para <strong>elegir la compa\u00f1\u00eda de seguro de decesos elegir para mayores de 80,85 90 a\u00f1os<\/strong> es comparando en el comparador experto en seguros de decesos <strong>iDecesos.com<\/strong> N\u00ba1 en Ahorro para nuestros clientes. Es f\u00e1cil, r\u00e1pido y obtendr\u00e1s ofertas de compa\u00f1\u00edas de primer nivel con las mejores ofertas y\u00a0 precios m\u00e1s baratos del mercado nacional. \u00bfA que esperas? <strong>Compara ya&gt;&gt;<\/strong><\/p>\r\n<div class=\"oficinas\">\r\n<h3><span class=\"ez-toc-section\" id=\"Paginas_relacionadas\"><\/span>P\u00e1ginas relacionadas<span class=\"ez-toc-section-end\"><\/span><\/h3>\r\n<ul><li><a href=\"https:\/\/idecesos.com\/seguros\/tipo\/mayores\/de-55\/\"><span>Seguro de Decesos para Mayores de 55 a\u00f1os<\/span><\/a><\/li><li><a href=\"https:\/\/idecesos.com\/seguros\/tipo\/mayores\/de-60\/\"><span>Seguro de Decesos para Mayores de 60 a\u00f1os<\/span><\/a><\/li><li><a href=\"https:\/\/idecesos.com\/seguros\/tipo\/mayores\/de-65\/\"><span>Seguro de Decesos para Mayores de 65 a\u00f1os<\/span><\/a><\/li><li><a href=\"https:\/\/idecesos.com\/seguros\/tipo\/mayores\/de-70\/\"><span>Seguro de Decesos para Mayores de 70 a\u00f1os<\/span><\/a><\/li><li><a href=\"https:\/\/idecesos.com\/seguros\/tipo\/mayores\/de-75\/\"><span>Seguro de Decesos para Mayores de 75 a\u00f1os<\/span><\/a><\/li><\/ul>\r\n<\/div>","protected":false},"excerpt":{"rendered":"<p>El seguro de decesos para mayores de 80, 85 y 90 a\u00f1os es una de las opciones de seguros de fallecimiento de pago \u00fanico, con suficientes garant\u00edas y coberturas como para seguir siendo una opci\u00f3n fiable, y m\u00e1s barata que pagar el sepelio de forma directa con la funeraria sin que eso signifique tener que&hellip; <\/p>\n","protected":false},"author":2,"featured_media":0,"parent":688,"menu_order":0,"comment_status":"closed","ping_status":"closed","template":"single.php","meta":{"footnotes":""},"class_list":["post-11905","page","type-page","status-publish","hentry"],"yoast_head":"<!-- This site is optimized with the Yoast SEO plugin v27.6 - https:\/\/yoast.com\/product\/yoast-seo-wordpress\/ -->\n<title>Seguro de Decesos para Mayores 80-85-90 a\u00f1os \u25b7 Ofertas 2026<\/title>\n<meta name=\"description\" content=\"Aqu\u00ed el mejor\u3010seguro de decesos para mayores 80, 85, 90 a\u00f1os\u3011N\u00ba1: Compa\u00f1\u00edas, tipos y coberturas \u2611\ufe0fPrecios (pago mensual) y ofertas iDecesos\u00ae\" \/>\n<meta name=\"robots\" content=\"index, follow, max-snippet:-1, max-image-preview:large, max-video-preview:-1\" \/>\n<link rel=\"canonical\" href=\"https:\/\/idecesos.com\/seguros\/tipo\/mayores\/de-80-85-90\/\" \/>\n<meta property=\"og:locale\" content=\"es_ES\" \/>\n<meta property=\"og:type\" content=\"article\" \/>\n<meta property=\"og:title\" content=\"Seguro de Decesos para Mayores 80-85-90 a\u00f1os \u25b7 Ofertas 2026\" \/>\n<meta property=\"og:description\" content=\"Aqu\u00ed el mejor\u3010seguro de decesos para mayores 80, 85, 90 a\u00f1os\u3011N\u00ba1: Compa\u00f1\u00edas, tipos y coberturas \u2611\ufe0fPrecios (pago mensual) y ofertas iDecesos\u00ae\" \/>\n<meta property=\"og:url\" content=\"https:\/\/idecesos.com\/seguros\/tipo\/mayores\/de-80-85-90\/\" \/>\n<meta property=\"article:modified_time\" content=\"2022-01-03T12:31:13+00:00\" \/>\n<meta name=\"twitter:card\" content=\"summary_large_image\" \/>\n<meta name=\"twitter:label1\" content=\"Tiempo de lectura\" \/>\n\t<meta name=\"twitter:data1\" content=\"6 minutos\" \/>\n<script type=\"application\/ld+json\" class=\"yoast-schema-graph\">{\"@context\":\"https:\\\/\\\/schema.org\",\"@graph\":[{\"@type\":\"WebPage\",\"@id\":\"https:\\\/\\\/idecesos.com\\\/seguros\\\/tipo\\\/mayores\\\/de-80-85-90\\\/\",\"url\":\"https:\\\/\\\/idecesos.com\\\/seguros\\\/tipo\\\/mayores\\\/de-80-85-90\\\/\",\"name\":\"Seguro de Decesos para Mayores 80-85-90 a\u00f1os \u25b7 Ofertas 2026\",\"isPartOf\":{\"@id\":\"https:\\\/\\\/idecesos.com\\\/seguros\\\/#website\"},\"datePublished\":\"2021-10-28T11:00:40+00:00\",\"dateModified\":\"2022-01-03T12:31:13+00:00\",\"description\":\"Aqu\u00ed el mejor\u3010seguro de decesos para mayores 80, 85, 90 a\u00f1os\u3011N\u00ba1: Compa\u00f1\u00edas, tipos y coberturas \u2611\ufe0fPrecios (pago mensual) y ofertas iDecesos\u00ae\",\"breadcrumb\":{\"@id\":\"https:\\\/\\\/idecesos.com\\\/seguros\\\/tipo\\\/mayores\\\/de-80-85-90\\\/#breadcrumb\"},\"inLanguage\":\"es\",\"potentialAction\":[{\"@type\":\"ReadAction\",\"target\":[\"https:\\\/\\\/idecesos.com\\\/seguros\\\/tipo\\\/mayores\\\/de-80-85-90\\\/\"]}]},{\"@type\":\"BreadcrumbList\",\"@id\":\"https:\\\/\\\/idecesos.com\\\/seguros\\\/tipo\\\/mayores\\\/de-80-85-90\\\/#breadcrumb\",\"itemListElement\":[{\"@type\":\"ListItem\",\"position\":1,\"name\":\"Portada\",\"item\":\"https:\\\/\\\/idecesos.com\\\/seguros\\\/\"},{\"@type\":\"ListItem\",\"position\":2,\"name\":\"Tipos de seguros de decesos\",\"item\":\"https:\\\/\\\/idecesos.com\\\/seguros\\\/tipo\\\/\"},{\"@type\":\"ListItem\",\"position\":3,\"name\":\"Seguro Decesos Para Mayores\",\"item\":\"https:\\\/\\\/idecesos.com\\\/seguros\\\/tipo\\\/mayores\\\/\"},{\"@type\":\"ListItem\",\"position\":4,\"name\":\"Seguro de Decesos para Mayores de 80, 85 y 90 a\u00f1os\"}]},{\"@type\":\"WebSite\",\"@id\":\"https:\\\/\\\/idecesos.com\\\/seguros\\\/#website\",\"url\":\"https:\\\/\\\/idecesos.com\\\/seguros\\\/\",\"name\":\"\",\"description\":\"\",\"potentialAction\":[{\"@type\":\"SearchAction\",\"target\":{\"@type\":\"EntryPoint\",\"urlTemplate\":\"https:\\\/\\\/idecesos.com\\\/seguros\\\/?s={search_term_string}\"},\"query-input\":{\"@type\":\"PropertyValueSpecification\",\"valueRequired\":true,\"valueName\":\"search_term_string\"}}],\"inLanguage\":\"es\"}]}<\/script>\n<!-- \/ Yoast SEO plugin. -->","yoast_head_json":{"title":"Seguro de Decesos para Mayores 80-85-90 a\u00f1os \u25b7 Ofertas 2026","description":"Aqu\u00ed el mejor\u3010seguro de decesos para mayores 80, 85, 90 a\u00f1os\u3011N\u00ba1: Compa\u00f1\u00edas, tipos y coberturas \u2611\ufe0fPrecios (pago mensual) y ofertas iDecesos\u00ae","robots":{"index":"index","follow":"follow","max-snippet":"max-snippet:-1","max-image-preview":"max-image-preview:large","max-video-preview":"max-video-preview:-1"},"canonical":"https:\/\/idecesos.com\/seguros\/tipo\/mayores\/de-80-85-90\/","og_locale":"es_ES","og_type":"article","og_title":"Seguro de Decesos para Mayores 80-85-90 a\u00f1os \u25b7 Ofertas 2026","og_description":"Aqu\u00ed el mejor\u3010seguro de decesos para mayores 80, 85, 90 a\u00f1os\u3011N\u00ba1: Compa\u00f1\u00edas, tipos y coberturas \u2611\ufe0fPrecios (pago mensual) y ofertas iDecesos\u00ae","og_url":"https:\/\/idecesos.com\/seguros\/tipo\/mayores\/de-80-85-90\/","article_modified_time":"2022-01-03T12:31:13+00:00","twitter_card":"summary_large_image","twitter_misc":{"Tiempo de lectura":"6 minutos"},"schema":{"@context":"https:\/\/schema.org","@graph":[{"@type":"WebPage","@id":"https:\/\/idecesos.com\/seguros\/tipo\/mayores\/de-80-85-90\/","url":"https:\/\/idecesos.com\/seguros\/tipo\/mayores\/de-80-85-90\/","name":"Seguro de Decesos para Mayores 80-85-90 a\u00f1os \u25b7 Ofertas 2026","isPartOf":{"@id":"https:\/\/idecesos.com\/seguros\/#website"},"datePublished":"2021-10-28T11:00:40+00:00","dateModified":"2022-01-03T12:31:13+00:00","description":"Aqu\u00ed el mejor\u3010seguro de decesos para mayores 80, 85, 90 a\u00f1os\u3011N\u00ba1: Compa\u00f1\u00edas, tipos y coberturas \u2611\ufe0fPrecios (pago mensual) y ofertas iDecesos\u00ae","breadcrumb":{"@id":"https:\/\/idecesos.com\/seguros\/tipo\/mayores\/de-80-85-90\/#breadcrumb"},"inLanguage":"es","potentialAction":[{"@type":"ReadAction","target":["https:\/\/idecesos.com\/seguros\/tipo\/mayores\/de-80-85-90\/"]}]},{"@type":"BreadcrumbList","@id":"https:\/\/idecesos.com\/seguros\/tipo\/mayores\/de-80-85-90\/#breadcrumb","itemListElement":[{"@type":"ListItem","position":1,"name":"Portada","item":"https:\/\/idecesos.com\/seguros\/"},{"@type":"ListItem","position":2,"name":"Tipos de seguros de decesos","item":"https:\/\/idecesos.com\/seguros\/tipo\/"},{"@type":"ListItem","position":3,"name":"Seguro Decesos Para Mayores","item":"https:\/\/idecesos.com\/seguros\/tipo\/mayores\/"},{"@type":"ListItem","position":4,"name":"Seguro de Decesos para Mayores de 80, 85 y 90 a\u00f1os"}]},{"@type":"WebSite","@id":"https:\/\/idecesos.com\/seguros\/#website","url":"https:\/\/idecesos.com\/seguros\/","name":"","description":"","potentialAction":[{"@type":"SearchAction","target":{"@type":"EntryPoint","urlTemplate":"https:\/\/idecesos.com\/seguros\/?s={search_term_string}"},"query-input":{"@type":"PropertyValueSpecification","valueRequired":true,"valueName":"search_term_string"}}],"inLanguage":"es"}]}},"_links":{"self":[{"href":"https:\/\/idecesos.com\/seguros\/wp-json\/wp\/v2\/pages\/11905","targetHints":{"allow":["GET"]}}],"collection":[{"href":"https:\/\/idecesos.com\/seguros\/wp-json\/wp\/v2\/pages"}],"about":[{"href":"https:\/\/idecesos.com\/seguros\/wp-json\/wp\/v2\/types\/page"}],"author":[{"embeddable":true,"href":"https:\/\/idecesos.com\/seguros\/wp-json\/wp\/v2\/users\/2"}],"replies":[{"embeddable":true,"href":"https:\/\/idecesos.com\/seguros\/wp-json\/wp\/v2\/comments?post=11905"}],"version-history":[{"count":12,"href":"https:\/\/idecesos.com\/seguros\/wp-json\/wp\/v2\/pages\/11905\/revisions"}],"predecessor-version":[{"id":15009,"href":"https:\/\/idecesos.com\/seguros\/wp-json\/wp\/v2\/pages\/11905\/revisions\/15009"}],"up":[{"embeddable":true,"href":"https:\/\/idecesos.com\/seguros\/wp-json\/wp\/v2\/pages\/688"}],"wp:attachment":[{"href":"https:\/\/idecesos.com\/seguros\/wp-json\/wp\/v2\/media?parent=11905"}],"curies":[{"name":"wp","href":"https:\/\/api.w.org\/{rel}","templated":true}]}}