{"id":13253,"date":"2021-11-24T00:00:00","date_gmt":"2021-11-24T00:00:00","guid":{"rendered":"https:\/\/idecesos.com\/seguros\/?page_id=13253"},"modified":"2022-01-03T12:31:47","modified_gmt":"2022-01-03T12:31:47","slug":"prima-natural","status":"publish","type":"page","link":"https:\/\/idecesos.com\/seguros\/companias\/soliss\/prima-natural\/","title":{"rendered":"Seguro de decesos Soliss Prima Natural"},"content":{"rendered":"<div id=\"ez-toc-container\" class=\"ez-toc-v2_0_82_2 ez-toc-wrap-center counter-hierarchy ez-toc-counter ez-toc-custom ez-toc-container-direction\">\n<div class=\"ez-toc-title-container\">\n<p class=\"ez-toc-title\" style=\"cursor:inherit\">Tabla de Contenido<\/p>\n<span class=\"ez-toc-title-toggle\"><a href=\"#\" class=\"ez-toc-pull-right ez-toc-btn ez-toc-btn-xs ez-toc-btn-default ez-toc-toggle\" aria-label=\"Alternar tabla de contenidos\"><span class=\"ez-toc-js-icon-con\"><span class=\"\"><span class=\"eztoc-hide\" style=\"display:none;\">Toggle<\/span><span class=\"ez-toc-icon-toggle-span\"><svg style=\"fill: #db6415;color:#db6415\" xmlns=\"http:\/\/www.w3.org\/2000\/svg\" class=\"list-377408\" width=\"20px\" height=\"20px\" viewBox=\"0 0 24 24\" fill=\"none\"><path d=\"M6 6H4v2h2V6zm14 0H8v2h12V6zM4 11h2v2H4v-2zm16 0H8v2h12v-2zM4 16h2v2H4v-2zm16 0H8v2h12v-2z\" fill=\"currentColor\"><\/path><\/svg><svg style=\"fill: #db6415;color:#db6415\" class=\"arrow-unsorted-368013\" xmlns=\"http:\/\/www.w3.org\/2000\/svg\" width=\"10px\" height=\"10px\" viewBox=\"0 0 24 24\" version=\"1.2\" baseProfile=\"tiny\"><path d=\"M18.2 9.3l-6.2-6.3-6.2 6.3c-.2.2-.3.4-.3.7s.1.5.3.7c.2.2.4.3.7.3h11c.3 0 .5-.1.7-.3.2-.2.3-.5.3-.7s-.1-.5-.3-.7zM5.8 14.7l6.2 6.3 6.2-6.3c.2-.2.3-.5.3-.7s-.1-.5-.3-.7c-.2-.2-.4-.3-.7-.3h-11c-.3 0-.5.1-.7.3-.2.2-.3.5-.3.7s.1.5.3.7z\"\/><\/svg><\/span><\/span><\/span><\/a><\/span><\/div>\n<nav><ul class='ez-toc-list ez-toc-list-level-1 ' ><li class='ez-toc-page-1 ez-toc-heading-level-2'><a class=\"ez-toc-link ez-toc-heading-1\" href=\"https:\/\/idecesos.com\/seguros\/companias\/soliss\/prima-natural\/#Coberturas_seguro_Prima_Natural_Soliss\" >Coberturas seguro Prima Natural Soliss<\/a><ul class='ez-toc-list-level-3' ><li class='ez-toc-heading-level-3'><a class=\"ez-toc-link ez-toc-heading-2\" href=\"https:\/\/idecesos.com\/seguros\/companias\/soliss\/prima-natural\/#%C2%BFA_quien_va_dirigido_el_seguro_de_decesos_Prima_Natural_de_Soliss\" >\u00bfA qui\u00e9n va dirigido el seguro de decesos Prima Natural de Soliss?<\/a><\/li><\/ul><\/li><li class='ez-toc-page-1 ez-toc-heading-level-2'><a class=\"ez-toc-link ez-toc-heading-3\" href=\"https:\/\/idecesos.com\/seguros\/companias\/soliss\/prima-natural\/#Precio_de_seguro_de_decesos_Prima_Natural_Soliss\" >Precio de seguro de decesos Prima Natural Soliss<\/a><\/li><li class='ez-toc-page-1 ez-toc-heading-level-2'><a class=\"ez-toc-link ez-toc-heading-4\" href=\"https:\/\/idecesos.com\/seguros\/companias\/soliss\/prima-natural\/#Productos_Prima_Natural_Soliss\" >Productos Prima Natural Soliss<\/a><\/li><li class='ez-toc-page-1 ez-toc-heading-level-2'><a class=\"ez-toc-link ez-toc-heading-5\" href=\"https:\/\/idecesos.com\/seguros\/companias\/soliss\/prima-natural\/#Opiniones_del_seguro_de_decesos_de_Prima_Natural_de_Soliss\" >Opiniones del seguro de decesos de Prima Natural de Soliss<\/a><ul class='ez-toc-list-level-3' ><li class='ez-toc-heading-level-3'><a class=\"ez-toc-link ez-toc-heading-6\" href=\"https:\/\/idecesos.com\/seguros\/companias\/soliss\/prima-natural\/#Paginas_relacionadas\" >P\u00e1ginas relacionadas<\/a><\/li><\/ul><\/li><\/ul><\/nav><\/div>\n\n<p>El seguro de prima natural de Soliss es el que examina su precio de forma anual renovable a medida que los asegurados van cumpliendo a\u00f1os y aumenta el precio muy levemente y conforme la suma asegurada del servicio mortuorio en todos los a\u00f1os. Soliss dise\u00f1\u00f3 este producto para personas o bien familias con asegurados j\u00f3venes que desean contratar un seguro de decesos de prima natural barato en el momento actual, sin previsiones a futuro. La creaci\u00f3n de este producto es para las familias que cuenten con asegurados j\u00f3venes de las que deseen conseguir un seguro de decesos de prima natural de Soliss que resultara econ\u00f3mico. La creaci\u00f3n de este producto es para las familias que cuenten con asegurados j\u00f3venes de las que quieran obtener un seguro de decesos de prima natural de Soliss que resultara econ\u00f3mico. <\/p>\n<p>Leer m\u00e1s: <a href=\"https:\/\/idecesos.com\/seguros\/tipo\/natural\/\">Seguro de decesos Prima Natural<\/a><\/p>\n<div class=\"colorf \"  ><div class=\"container clearfix\"><div class=\"col-md-7\"><\/p>\n<h2><span class=\"ez-toc-section\" id=\"Coberturas_seguro_Prima_Natural_Soliss\"><\/span>Coberturas seguro Prima Natural Soliss<span class=\"ez-toc-section-end\"><\/span><\/h2>\n<p>Soliss seguro de prima natural cuenta con unas coberturas muy favorecedoras para el servicio funerario ya que deja todo cubierto desde el desplazamiento del fallecido, turismo l\u00fagubre entre otros muchos. Aparte de contar con los diferentes servicios de forma completa con las gestiones pertinentes y legales llev\u00e1ndolo todo de forma ordenada. En el momento que se real\u00edcese la escuela antes de nada tendr\u00e1 que dar el visto buenos la familia. Dentro de todos y cada uno de los servicios que tengan el de car\u00e1cter m\u00e1s esencial es cubra de forma engrande condiciones el lugar del velorio y que quede de manera conveniente para que sus familiares se hallen en serenidad y se despidan de su ser querido. Soliss prima natural adem\u00e1s de las coberturas que contemplan en las condiciones generales que son las m\u00e1s b\u00e1sicas, queda recogido la opci\u00f3n de entierro o bien cremaci\u00f3n, quedando por aclarado que asimismo pueden contar con esa cobertura. El acto religioso por norma general se realiza en la capilla del tanatorio y en el cementerio se dan las \u00faltimas palabras por el sacerdote (p\u00e1rroco) de cada localidad, seg\u00fan las costumbres de cada una. El seguro de prima natural Soliss cuentas con unas coberturas complementarias de las cu\u00e1les van a poder gozar los asegurados a lo largo de la vigencia de la p\u00f3liza. <\/p>\n<p><\/div><\/div><\/div>\n<h3><span class=\"ez-toc-section\" id=\"%C2%BFA_quien_va_dirigido_el_seguro_de_decesos_Prima_Natural_de_Soliss\"><\/span>\u00bfA qui\u00e9n va dirigido el seguro de decesos Prima Natural de Soliss?<span class=\"ez-toc-section-end\"><\/span><\/h3>\n<p>Prima natural de Soliss se dirige para aquellas personas j\u00f3venes que quieran estar cubierto al 100 por cien pero no pagar considerablemente m\u00e1s y mucho menos cuando haya subidas de prima. Cuando va pasando el tiempo la mayor parte de los clientes empiezan a optar por otro tipo de prima del cual no ocurre tantas subidas diferentes de precio. <\/p>\n<div class=\"colorf \"  ><div class=\"container clearfix\"><div class=\"col-md-7\"><\/p>\n<h2><span class=\"ez-toc-section\" id=\"Precio_de_seguro_de_decesos_Prima_Natural_Soliss\"><\/span>Precio de seguro de decesos Prima Natural Soliss<span class=\"ez-toc-section-end\"><\/span><\/h2>\n<p>El precio estimado es de 20,05\u20ac anuales el seguro de prima natural en Soliss. Se tomar\u00e1 como principales peculiaridades la edad de una persona joven y la localidad donde se efect\u00faen servicios funerarios m\u00e1s econ\u00f3micos. Sabemos que a\u00fan no lo tienes claro, por lo tanto te damos la soluci\u00f3n con iDecesos vas a poder equiparar los diferentes costes del seguro de prima natural Soliss , sin necesidad de registros en tan solo cuesti\u00f3n de segundos vas a tener las mejores comparaciones de costes que hay en el mercado. <\/p>\n<p><\/div><\/div><\/div>\n<h2><span class=\"ez-toc-section\" id=\"Productos_Prima_Natural_Soliss\"><\/span>Productos Prima Natural Soliss<span class=\"ez-toc-section-end\"><\/span><\/h2>\n<div class=\"colorf\"><div class=\"container clearfix\"><div class=\"col-md-7\"><div class=\"opiniones\">\n<h2><span class=\"ez-toc-section\" id=\"Opiniones_del_seguro_de_decesos_de_Prima_Natural_de_Soliss\"><\/span>Opiniones del seguro de decesos de Prima Natural de Soliss<span class=\"ez-toc-section-end\"><\/span><\/h2>\n<div class=\"opinion \"  >\n\t\t\t<div class=\"cabecera_opinion\">\n\t\t\t\t<div class=\"avatar\">V P <\/div>\n\t\t\t\t<div class=\"datos_opinion\">\n\t\t\t\t\t<div class=\"nombre_opinion\">Vito Pi\u00f1a<\/div>\n\t\t\t\t\t<div class=\"info_opinion\">\t\t\t\t\t\t\n\t\t\t\t\t\t<div class=\"cuenta_opinion\"><i class=\"fas fa-pencil-alt\"><\/i><!--span class=\"dashicons dashicons-edit\" style=\"font-size:20px\"><\/span--><span>1 Opini\u00f3n<\/span><\/div>\t\t\t\t\t\t\n\t\t\t\t\t\t<div class=\"localizacion_opinion\">\n\t\t\t\t\t\t\t<i class=\"fas fa-map-marker-alt\"><\/i><!--span class=\"dashicons dashicons-location\" style=\"font-size:20px\"><\/span-->\n\t\t\t\t\t\t\t<span>ES<\/span>\n\t\t\t\t\t\t<\/div>\t\n\t\t\t\t\t<\/div>\n\t\t\t\t<\/div>\n\t\t\t<\/div><div class=\"texto_opinion\"><\/p>\n<p>Estoy muy contenta con el seguro de prima natural de Soliss porque pag\u00f3 muy poco y me cubre bastante, en mi opini\u00f3n creo que es un seguro muy equilibrado costo vs coberturas.<\/p>\n<p><\/div><\/div>\n<div class=\"opinion \"  >\n\t\t\t<div class=\"cabecera_opinion\">\n\t\t\t\t<div class=\"avatar\">P N <\/div>\n\t\t\t\t<div class=\"datos_opinion\">\n\t\t\t\t\t<div class=\"nombre_opinion\">P\u00eda Nicol\u00e1s<\/div>\n\t\t\t\t\t<div class=\"info_opinion\">\t\t\t\t\t\t\n\t\t\t\t\t\t<div class=\"cuenta_opinion\"><i class=\"fas fa-pencil-alt\"><\/i><!--span class=\"dashicons dashicons-edit\" style=\"font-size:20px\"><\/span--><span>1 Opini\u00f3n<\/span><\/div>\t\t\t\t\t\t\n\t\t\t\t\t\t<div class=\"localizacion_opinion\">\n\t\t\t\t\t\t\t<i class=\"fas fa-map-marker-alt\"><\/i><!--span class=\"dashicons dashicons-location\" style=\"font-size:20px\"><\/span-->\n\t\t\t\t\t\t\t<span>ES<\/span>\n\t\t\t\t\t\t<\/div>\t\n\t\t\t\t\t<\/div>\n\t\t\t\t<\/div>\n\t\t\t<\/div><div class=\"texto_opinion\"><\/p>\n<p>Con iDecesos al efectuar las comparaciones decid\u00ed escoger Soliss el seguro de prima natural, por lo que estoy muy contenta por el costo tan alcanzable y las coberturas que cubren todo al 100 por cien lo que necesitaba.<\/p>\n<p><\/div><\/div>\n<div class=\"opinion \"  >\n\t\t\t<div class=\"cabecera_opinion\">\n\t\t\t\t<div class=\"avatar\">S A <\/div>\n\t\t\t\t<div class=\"datos_opinion\">\n\t\t\t\t\t<div class=\"nombre_opinion\">Samuel Ayll\u00f3n<\/div>\n\t\t\t\t\t<div class=\"info_opinion\">\t\t\t\t\t\t\n\t\t\t\t\t\t<div class=\"cuenta_opinion\"><i class=\"fas fa-pencil-alt\"><\/i><!--span class=\"dashicons dashicons-edit\" style=\"font-size:20px\"><\/span--><span>1 Opini\u00f3n<\/span><\/div>\t\t\t\t\t\t\n\t\t\t\t\t\t<div class=\"localizacion_opinion\">\n\t\t\t\t\t\t\t<i class=\"fas fa-map-marker-alt\"><\/i><!--span class=\"dashicons dashicons-location\" style=\"font-size:20px\"><\/span-->\n\t\t\t\t\t\t\t<span>ES<\/span>\n\t\t\t\t\t\t<\/div>\t\n\t\t\t\t\t<\/div>\n\t\t\t\t<\/div>\n\t\t\t<\/div><div class=\"texto_opinion\"><\/p>\n<p>Desde mi opini\u00f3n nos recomendaron la p\u00f3liza de decesos de prima natural de Soliss y de momento nos ha ido genial, aunque en los \u00faltimos a\u00f1os estamos apreciando la subida de precio que est\u00e1 haciendo Soliss.<\/p>\n<p><\/div><\/div>\n<\/div><\/div><\/div><\/div>\n<p><div class=\"oficinas\"><br \/>\n<h3><span class=\"ez-toc-section\" id=\"Paginas_relacionadas\"><\/span>P\u00e1ginas relacionadas<span class=\"ez-toc-section-end\"><\/span><\/h3><div class=\"enlazado\"><ul> <li><a href=\"https:\/\/idecesos.com\/seguros\/companias\/soliss\/opiniones\/\">Opiniones Soliss<\/a><\/li> <li><a href=\"https:\/\/idecesos.com\/seguros\/companias\/soliss\/precio\/\">Precio seguro Soliss<\/a><\/li> <li><a href=\"https:\/\/idecesos.com\/seguros\/companias\/soliss\/prima-mixta\/\">Soliss Prima Mixta<\/a><\/li> <li><a href=\"https:\/\/idecesos.com\/seguros\/companias\/soliss\/prima-natural\/\">Soliss Prima Natural<\/a><\/li> <li><a href=\"https:\/\/idecesos.com\/seguros\/companias\/soliss\/prima-nivelada\/\">Soliss Prima Nivelada<\/a><\/li> <li><a href=\"https:\/\/idecesos.com\/seguros\/companias\/soliss\/prima-unica\/\">Soliss Prima \u00danica<\/a><\/li> <li><a href=\"https:\/\/idecesos.com\/seguros\/companias\/soliss\/repatriacion\/\">Soliss Repatriaci\u00f3n<\/a><\/li> <li><a href=\"https:\/\/idecesos.com\/seguros\/companias\/soliss\/telefono\/\">Tel\u00e9fono Gratuito Soliss<\/a><\/li><\/ul><\/div><\/p>\n<\/div>\n","protected":false},"excerpt":{"rendered":"<p>El seguro de prima natural de Soliss es el que examina su precio de forma anual renovable a medida que los asegurados van cumpliendo a\u00f1os y aumenta el precio muy levemente y conforme la suma asegurada del servicio mortuorio en todos los a\u00f1os. Soliss dise\u00f1\u00f3 este producto para personas o bien familias con asegurados j\u00f3venes&hellip; <\/p>\n","protected":false},"author":3,"featured_media":0,"parent":9463,"menu_order":0,"comment_status":"closed","ping_status":"closed","template":"single.php","meta":{"footnotes":""},"class_list":["post-13253","page","type-page","status-publish","hentry"],"yoast_head":"<!-- This site is optimized with the Yoast SEO plugin v27.5 - https:\/\/yoast.com\/product\/yoast-seo-wordpress\/ -->\n<title>Seguro Decesos Soliss Prima Natural \u25b7 Opiniones y Precio 2026<\/title>\n<meta name=\"description\" content=\"Click aqu\u00ed \u3010Seguro de Decesos Prima Natural Soliss\u3011 Mejores precios Soliss seguro de fallecidos Prima Natural \u2611\ufe0f Actualizado por iDecesos\u00ae\" \/>\n<meta name=\"robots\" content=\"index, follow, max-snippet:-1, max-image-preview:large, max-video-preview:-1\" \/>\n<link rel=\"canonical\" href=\"https:\/\/idecesos.com\/seguros\/companias\/soliss\/prima-natural\/\" \/>\n<meta property=\"og:locale\" content=\"es_ES\" \/>\n<meta property=\"og:type\" content=\"article\" \/>\n<meta property=\"og:title\" content=\"Seguro Decesos Soliss Prima Natural \u25b7 Opiniones y Precio 2026\" \/>\n<meta property=\"og:description\" content=\"Click aqu\u00ed \u3010Seguro de Decesos Prima Natural Soliss\u3011 Mejores precios Soliss seguro de fallecidos Prima Natural \u2611\ufe0f Actualizado por iDecesos\u00ae\" \/>\n<meta property=\"og:url\" content=\"https:\/\/idecesos.com\/seguros\/companias\/soliss\/prima-natural\/\" \/>\n<meta property=\"article:modified_time\" content=\"2022-01-03T12:31:47+00:00\" \/>\n<meta name=\"twitter:card\" content=\"summary_large_image\" \/>\n<meta name=\"twitter:label1\" content=\"Tiempo de lectura\" \/>\n\t<meta name=\"twitter:data1\" content=\"54 minutos\" \/>\n<script type=\"application\/ld+json\" class=\"yoast-schema-graph\">{\"@context\":\"https:\\\/\\\/schema.org\",\"@graph\":[{\"@type\":\"WebPage\",\"@id\":\"https:\\\/\\\/idecesos.com\\\/seguros\\\/companias\\\/soliss\\\/prima-natural\\\/\",\"url\":\"https:\\\/\\\/idecesos.com\\\/seguros\\\/companias\\\/soliss\\\/prima-natural\\\/\",\"name\":\"Seguro Decesos Soliss Prima Natural \u25b7 Opiniones y Precio 2026\",\"isPartOf\":{\"@id\":\"https:\\\/\\\/idecesos.com\\\/seguros\\\/#website\"},\"datePublished\":\"2021-11-24T00:00:00+00:00\",\"dateModified\":\"2022-01-03T12:31:47+00:00\",\"description\":\"Click aqu\u00ed \u3010Seguro de Decesos Prima Natural Soliss\u3011 Mejores precios Soliss seguro de fallecidos Prima Natural \u2611\ufe0f Actualizado por iDecesos\u00ae\",\"breadcrumb\":{\"@id\":\"https:\\\/\\\/idecesos.com\\\/seguros\\\/companias\\\/soliss\\\/prima-natural\\\/#breadcrumb\"},\"inLanguage\":\"es\",\"potentialAction\":[{\"@type\":\"ReadAction\",\"target\":[\"https:\\\/\\\/idecesos.com\\\/seguros\\\/companias\\\/soliss\\\/prima-natural\\\/\"]}]},{\"@type\":\"BreadcrumbList\",\"@id\":\"https:\\\/\\\/idecesos.com\\\/seguros\\\/companias\\\/soliss\\\/prima-natural\\\/#breadcrumb\",\"itemListElement\":[{\"@type\":\"ListItem\",\"position\":1,\"name\":\"Portada\",\"item\":\"https:\\\/\\\/idecesos.com\\\/seguros\\\/\"},{\"@type\":\"ListItem\",\"position\":2,\"name\":\"Compa\u00f1\u00edas de Seguros de Decesos en Espa\u00f1a\",\"item\":\"https:\\\/\\\/idecesos.com\\\/seguros\\\/companias\\\/\"},{\"@type\":\"ListItem\",\"position\":3,\"name\":\"Seguros de decesos Soliss\",\"item\":\"https:\\\/\\\/idecesos.com\\\/seguros\\\/companias\\\/soliss\\\/\"},{\"@type\":\"ListItem\",\"position\":4,\"name\":\"Seguro de decesos Soliss Prima Natural\"}]},{\"@type\":\"WebSite\",\"@id\":\"https:\\\/\\\/idecesos.com\\\/seguros\\\/#website\",\"url\":\"https:\\\/\\\/idecesos.com\\\/seguros\\\/\",\"name\":\"\",\"description\":\"\",\"potentialAction\":[{\"@type\":\"SearchAction\",\"target\":{\"@type\":\"EntryPoint\",\"urlTemplate\":\"https:\\\/\\\/idecesos.com\\\/seguros\\\/?s={search_term_string}\"},\"query-input\":{\"@type\":\"PropertyValueSpecification\",\"valueRequired\":true,\"valueName\":\"search_term_string\"}}],\"inLanguage\":\"es\"}]}<\/script>\n<!-- \/ Yoast SEO plugin. -->","yoast_head_json":{"title":"Seguro Decesos Soliss Prima Natural \u25b7 Opiniones y Precio 2026","description":"Click aqu\u00ed \u3010Seguro de Decesos Prima Natural Soliss\u3011 Mejores precios Soliss seguro de fallecidos Prima Natural \u2611\ufe0f Actualizado por iDecesos\u00ae","robots":{"index":"index","follow":"follow","max-snippet":"max-snippet:-1","max-image-preview":"max-image-preview:large","max-video-preview":"max-video-preview:-1"},"canonical":"https:\/\/idecesos.com\/seguros\/companias\/soliss\/prima-natural\/","og_locale":"es_ES","og_type":"article","og_title":"Seguro Decesos Soliss Prima Natural \u25b7 Opiniones y Precio 2026","og_description":"Click aqu\u00ed \u3010Seguro de Decesos Prima Natural Soliss\u3011 Mejores precios Soliss seguro de fallecidos Prima Natural \u2611\ufe0f Actualizado por iDecesos\u00ae","og_url":"https:\/\/idecesos.com\/seguros\/companias\/soliss\/prima-natural\/","article_modified_time":"2022-01-03T12:31:47+00:00","twitter_card":"summary_large_image","twitter_misc":{"Tiempo de lectura":"54 minutos"},"schema":{"@context":"https:\/\/schema.org","@graph":[{"@type":"WebPage","@id":"https:\/\/idecesos.com\/seguros\/companias\/soliss\/prima-natural\/","url":"https:\/\/idecesos.com\/seguros\/companias\/soliss\/prima-natural\/","name":"Seguro Decesos Soliss Prima Natural \u25b7 Opiniones y Precio 2026","isPartOf":{"@id":"https:\/\/idecesos.com\/seguros\/#website"},"datePublished":"2021-11-24T00:00:00+00:00","dateModified":"2022-01-03T12:31:47+00:00","description":"Click aqu\u00ed \u3010Seguro de Decesos Prima Natural Soliss\u3011 Mejores precios Soliss seguro de fallecidos Prima Natural \u2611\ufe0f Actualizado por iDecesos\u00ae","breadcrumb":{"@id":"https:\/\/idecesos.com\/seguros\/companias\/soliss\/prima-natural\/#breadcrumb"},"inLanguage":"es","potentialAction":[{"@type":"ReadAction","target":["https:\/\/idecesos.com\/seguros\/companias\/soliss\/prima-natural\/"]}]},{"@type":"BreadcrumbList","@id":"https:\/\/idecesos.com\/seguros\/companias\/soliss\/prima-natural\/#breadcrumb","itemListElement":[{"@type":"ListItem","position":1,"name":"Portada","item":"https:\/\/idecesos.com\/seguros\/"},{"@type":"ListItem","position":2,"name":"Compa\u00f1\u00edas de Seguros de Decesos en Espa\u00f1a","item":"https:\/\/idecesos.com\/seguros\/companias\/"},{"@type":"ListItem","position":3,"name":"Seguros de decesos Soliss","item":"https:\/\/idecesos.com\/seguros\/companias\/soliss\/"},{"@type":"ListItem","position":4,"name":"Seguro de decesos Soliss Prima Natural"}]},{"@type":"WebSite","@id":"https:\/\/idecesos.com\/seguros\/#website","url":"https:\/\/idecesos.com\/seguros\/","name":"","description":"","potentialAction":[{"@type":"SearchAction","target":{"@type":"EntryPoint","urlTemplate":"https:\/\/idecesos.com\/seguros\/?s={search_term_string}"},"query-input":{"@type":"PropertyValueSpecification","valueRequired":true,"valueName":"search_term_string"}}],"inLanguage":"es"}]}},"_links":{"self":[{"href":"https:\/\/idecesos.com\/seguros\/wp-json\/wp\/v2\/pages\/13253","targetHints":{"allow":["GET"]}}],"collection":[{"href":"https:\/\/idecesos.com\/seguros\/wp-json\/wp\/v2\/pages"}],"about":[{"href":"https:\/\/idecesos.com\/seguros\/wp-json\/wp\/v2\/types\/page"}],"author":[{"embeddable":true,"href":"https:\/\/idecesos.com\/seguros\/wp-json\/wp\/v2\/users\/3"}],"replies":[{"embeddable":true,"href":"https:\/\/idecesos.com\/seguros\/wp-json\/wp\/v2\/comments?post=13253"}],"version-history":[{"count":1,"href":"https:\/\/idecesos.com\/seguros\/wp-json\/wp\/v2\/pages\/13253\/revisions"}],"predecessor-version":[{"id":17753,"href":"https:\/\/idecesos.com\/seguros\/wp-json\/wp\/v2\/pages\/13253\/revisions\/17753"}],"up":[{"embeddable":true,"href":"https:\/\/idecesos.com\/seguros\/wp-json\/wp\/v2\/pages\/9463"}],"wp:attachment":[{"href":"https:\/\/idecesos.com\/seguros\/wp-json\/wp\/v2\/media?parent=13253"}],"curies":[{"name":"wp","href":"https:\/\/api.w.org\/{rel}","templated":true}]}}