{"id":13291,"date":"2021-11-27T00:00:00","date_gmt":"2021-11-27T00:00:00","guid":{"rendered":"https:\/\/idecesos.com\/seguros\/?page_id=13291"},"modified":"2022-01-03T12:31:10","modified_gmt":"2022-01-03T12:31:10","slug":"prima-mixta","status":"publish","type":"page","link":"https:\/\/idecesos.com\/seguros\/companias\/mutua-terrassa\/prima-mixta\/","title":{"rendered":"Seguro de decesos Mutua Terrassa Prima Mixta"},"content":{"rendered":"<div id=\"ez-toc-container\" class=\"ez-toc-v2_0_82_2 ez-toc-wrap-center counter-hierarchy ez-toc-counter ez-toc-custom ez-toc-container-direction\">\n<div class=\"ez-toc-title-container\">\n<p class=\"ez-toc-title\" style=\"cursor:inherit\">Tabla de Contenido<\/p>\n<span class=\"ez-toc-title-toggle\"><a href=\"#\" class=\"ez-toc-pull-right ez-toc-btn ez-toc-btn-xs ez-toc-btn-default ez-toc-toggle\" aria-label=\"Alternar tabla de contenidos\"><span class=\"ez-toc-js-icon-con\"><span class=\"\"><span class=\"eztoc-hide\" style=\"display:none;\">Toggle<\/span><span class=\"ez-toc-icon-toggle-span\"><svg style=\"fill: #db6415;color:#db6415\" xmlns=\"http:\/\/www.w3.org\/2000\/svg\" class=\"list-377408\" width=\"20px\" height=\"20px\" viewBox=\"0 0 24 24\" fill=\"none\"><path d=\"M6 6H4v2h2V6zm14 0H8v2h12V6zM4 11h2v2H4v-2zm16 0H8v2h12v-2zM4 16h2v2H4v-2zm16 0H8v2h12v-2z\" fill=\"currentColor\"><\/path><\/svg><svg style=\"fill: #db6415;color:#db6415\" class=\"arrow-unsorted-368013\" xmlns=\"http:\/\/www.w3.org\/2000\/svg\" width=\"10px\" height=\"10px\" viewBox=\"0 0 24 24\" version=\"1.2\" baseProfile=\"tiny\"><path d=\"M18.2 9.3l-6.2-6.3-6.2 6.3c-.2.2-.3.4-.3.7s.1.5.3.7c.2.2.4.3.7.3h11c.3 0 .5-.1.7-.3.2-.2.3-.5.3-.7s-.1-.5-.3-.7zM5.8 14.7l6.2 6.3 6.2-6.3c.2-.2.3-.5.3-.7s-.1-.5-.3-.7c-.2-.2-.4-.3-.7-.3h-11c-.3 0-.5.1-.7.3-.2.2-.3.5-.3.7s.1.5.3.7z\"\/><\/svg><\/span><\/span><\/span><\/a><\/span><\/div>\n<nav><ul class='ez-toc-list ez-toc-list-level-1 ' ><li class='ez-toc-page-1 ez-toc-heading-level-2'><a class=\"ez-toc-link ez-toc-heading-1\" href=\"https:\/\/idecesos.com\/seguros\/companias\/mutua-terrassa\/prima-mixta\/#Coberturas_seguro_Prima_Mixta_Mutua_Terrassa\" >Coberturas seguro Prima Mixta Mutua Terrassa<\/a><ul class='ez-toc-list-level-3' ><li class='ez-toc-heading-level-3'><a class=\"ez-toc-link ez-toc-heading-2\" href=\"https:\/\/idecesos.com\/seguros\/companias\/mutua-terrassa\/prima-mixta\/#%C2%BFA_quien_va_dirigido_el_seguro_de_decesos_Prima_Mixta_de_Mutua_Terrassa\" >\u00bfA qui\u00e9n va dirigido el seguro de decesos Prima Mixta de Mutua Terrassa?<\/a><\/li><\/ul><\/li><li class='ez-toc-page-1 ez-toc-heading-level-2'><a class=\"ez-toc-link ez-toc-heading-3\" href=\"https:\/\/idecesos.com\/seguros\/companias\/mutua-terrassa\/prima-mixta\/#Precio_de_seguro_de_decesos_Prima_Mixta_Mutua_Terrassa\" >Precio de seguro de decesos Prima Mixta Mutua Terrassa<\/a><\/li><li class='ez-toc-page-1 ez-toc-heading-level-2'><a class=\"ez-toc-link ez-toc-heading-4\" href=\"https:\/\/idecesos.com\/seguros\/companias\/mutua-terrassa\/prima-mixta\/#Productos_Prima_Mixta_Mutua_Terrassa\" >Productos Prima Mixta Mutua Terrassa<\/a><\/li><li class='ez-toc-page-1 ez-toc-heading-level-2'><a class=\"ez-toc-link ez-toc-heading-5\" href=\"https:\/\/idecesos.com\/seguros\/companias\/mutua-terrassa\/prima-mixta\/#Opiniones_del_seguro_de_decesos_de_Prima_Mixta_de_Mutua_Terrassa\" >Opiniones del seguro de decesos de Prima Mixta de Mutua Terrassa<\/a><ul class='ez-toc-list-level-3' ><li class='ez-toc-heading-level-3'><a class=\"ez-toc-link ez-toc-heading-6\" href=\"https:\/\/idecesos.com\/seguros\/companias\/mutua-terrassa\/prima-mixta\/#Paginas_relacionadas\" >P\u00e1ginas relacionadas<\/a><\/li><\/ul><\/li><\/ul><\/nav><\/div>\n\n<p>El seguro de decesos de prima mixta Mutua Terrassa es el m\u00e1s conveniente dentro de los diferentes categor\u00edas de productos. Esto se debe a que re\u00fane lo mejor de la prima natural y la prima nivelada, esto es, hasta determinada edad la prima anualmente va creciendo pero sigue siendo econ\u00f3mica por el hecho de que se acorta la esperanza de vida de los asegurados y la actualizaci\u00f3n de los costes de los servicios y cuando llega a una edad mayor se nivela para estabilizar la prima en los a\u00f1os donde los asegurados deber\u00edan estar retirados. <\/p>\n<p>Leer m\u00e1s: <a href=\"https:\/\/idecesos.com\/seguros\/tipo\/mixta\/\">Seguro de decesos Prima Mixta<\/a><\/p>\n<div class=\"colorf \"  ><div class=\"container clearfix\"><div class=\"col-md-7\"><\/p>\n<h2><span class=\"ez-toc-section\" id=\"Coberturas_seguro_Prima_Mixta_Mutua_Terrassa\"><\/span>Coberturas seguro Prima Mixta Mutua Terrassa<span class=\"ez-toc-section-end\"><\/span><\/h2>\n<p>Los clientes del servicio de Mutua Terrassa se deben olvidar de preguntarse \u00bfQu\u00e9 cubre el seguro de decesos de prima mixta Mutua Terrassa? Porque sus coberturas m\u00e1s destacadas dejan resueltas la gesti\u00f3n completa del sepelio tanto el funeral como la incineraci\u00f3n, desplazamientos o traslados desde el hospital, o otros lugares, tanatorio, esquelas, coronas entre otros muchos. Adem\u00e1s tiene coberturas a\u00f1adidas el seguro de prima mixta Mutua Terrassa que pueden los asegurados usar de forma gratuita y que son de gran utilidad para la vida por lo general. Para conseguir m\u00e1s informaci\u00f3n sobre las coberturas que ofrecen, con iDecesos tendr\u00e1s todo ello en cuesti\u00f3n de segundos con lo que podr\u00e1s examinarlo de una manera m\u00e1s detallada en lo concerniente al seguro de decesos de prima mixta de Mutua Terrassa. Es facil\u00edsimo, rellenando un formulario para saber tu edad y localidad, para ofrecerte las coberturas de prima mixta m\u00e1s acordes a Mutua Terrassa que son las que est\u00e1s buscando. La empresa aseguradora Mutua Terrassa es de las mejores ya que cuentan con a\u00f1os de experiencia, en el que los clientes del servicio han adquirido el seguro de decesos de prima mixta por todas las valoraciones buenas que tienen y porque sus coberturas son las m\u00e1s eficaces del mercado, cada condici\u00f3n se podr\u00e1 ver en detalle en la p\u00f3liza de prima mixta de Mutua Terrassa. <\/p>\n<p><\/div><\/div><\/div>\n<h3><span class=\"ez-toc-section\" id=\"%C2%BFA_quien_va_dirigido_el_seguro_de_decesos_Prima_Mixta_de_Mutua_Terrassa\"><\/span>\u00bfA qui\u00e9n va dirigido el seguro de decesos Prima Mixta de Mutua Terrassa?<span class=\"ez-toc-section-end\"><\/span><\/h3>\n<p>Es el mejor seguro para todas aquellas personas que est\u00e1n muy cerca de cumplir los 50 a\u00f1os en tanto que se podr\u00e1n beneficiar de un pago m\u00e1s econ\u00f3mico. <\/p>\n<div class=\"colorf \"  ><div class=\"container clearfix\"><div class=\"col-md-7\"><\/p>\n<h2><span class=\"ez-toc-section\" id=\"Precio_de_seguro_de_decesos_Prima_Mixta_Mutua_Terrassa\"><\/span>Precio de seguro de decesos Prima Mixta Mutua Terrassa<span class=\"ez-toc-section-end\"><\/span><\/h2>\n<p>La p\u00f3liza de prima mixta de Mutua Terrassa su precio es de 2,20\u20ac mensual. El an\u00e1lisis del c\u00e1lculo se va a tomar en cuenta ciertos factores siendo una de las m\u00e1s representativa la edad o donde resida la persona. A nivel nacional queda contrastada que el mejor seguro de decesos de prima mixta Mutua Terrassa es de las m\u00e1s asequibles. Para un mayor an\u00e1lisis de comparaci\u00f3n de los costes de Mutua Terrassa del seguro de decesos de prima mixta con respecto a otra aseguradora, merced a iDecesos vas a tener la informaci\u00f3n en menos de 1 minuto. <\/p>\n<p><\/div><\/div><\/div>\n<h2><span class=\"ez-toc-section\" id=\"Productos_Prima_Mixta_Mutua_Terrassa\"><\/span>Productos Prima Mixta Mutua Terrassa<span class=\"ez-toc-section-end\"><\/span><\/h2>\n<div class=\"colorf\"><div class=\"container clearfix\"><div class=\"col-md-7\"><div class=\"opiniones\">\n<h2><span class=\"ez-toc-section\" id=\"Opiniones_del_seguro_de_decesos_de_Prima_Mixta_de_Mutua_Terrassa\"><\/span>Opiniones del seguro de decesos de Prima Mixta de Mutua Terrassa<span class=\"ez-toc-section-end\"><\/span><\/h2>\n<p>Las creencias de los especialistas m\u00e1s reconocidos de iDecesos son buen\u00edsimas con respecto al seguro de decesos de prima mixta de Mutua Terrassa. Hemos llevado a cabo un estudio previo muy a fondo de las condiciones que contempla en el seguro de decesos de prima mixta entro de Mutua Terrassa por lo que cuenta con una valoraci\u00f3n positiva. <\/p>\n<div class=\"opinion \"  >\n\t\t\t<div class=\"cabecera_opinion\">\n\t\t\t\t<div class=\"avatar\">A V <\/div>\n\t\t\t\t<div class=\"datos_opinion\">\n\t\t\t\t\t<div class=\"nombre_opinion\">Alcides Villalonga<\/div>\n\t\t\t\t\t<div class=\"info_opinion\">\t\t\t\t\t\t\n\t\t\t\t\t\t<div class=\"cuenta_opinion\"><i class=\"fas fa-pencil-alt\"><\/i><!--span class=\"dashicons dashicons-edit\" style=\"font-size:20px\"><\/span--><span>1 Opini\u00f3n<\/span><\/div>\t\t\t\t\t\t\n\t\t\t\t\t\t<div class=\"localizacion_opinion\">\n\t\t\t\t\t\t\t<i class=\"fas fa-map-marker-alt\"><\/i><!--span class=\"dashicons dashicons-location\" style=\"font-size:20px\"><\/span-->\n\t\t\t\t\t\t\t<span>ES<\/span>\n\t\t\t\t\t\t<\/div>\t\n\t\t\t\t\t<\/div>\n\t\t\t\t<\/div>\n\t\t\t<\/div><div class=\"texto_opinion\"><\/p>\n<p>Si todav\u00eda tienes dudas de cual elegir, con Mutua Terrassa vas a contar con muchas ventajas si todav\u00eda eres joven, puesto que sus tarifas van muy adaptados a esas edades, por esta raz\u00f3n sin ning\u00fan g\u00e9nero de dudas no deber\u00edas de pensarlo tanto, adem\u00e1s de estar con ellos much\u00edsimos a\u00f1os me dieron las mejores coberturas que hay en el mercado, mas debes conocer que una vez vaya incrementando los a\u00f1os, va en desarrollo el costo de Mutua Terrassa puesto que consideran que puede haber m\u00e1s riesgo en edades mayores.<\/p>\n<p><\/div><\/div>\n<div class=\"opinion \"  >\n\t\t\t<div class=\"cabecera_opinion\">\n\t\t\t\t<div class=\"avatar\">R H <\/div>\n\t\t\t\t<div class=\"datos_opinion\">\n\t\t\t\t\t<div class=\"nombre_opinion\">Renato Herranz<\/div>\n\t\t\t\t\t<div class=\"info_opinion\">\t\t\t\t\t\t\n\t\t\t\t\t\t<div class=\"cuenta_opinion\"><i class=\"fas fa-pencil-alt\"><\/i><!--span class=\"dashicons dashicons-edit\" style=\"font-size:20px\"><\/span--><span>1 Opini\u00f3n<\/span><\/div>\t\t\t\t\t\t\n\t\t\t\t\t\t<div class=\"localizacion_opinion\">\n\t\t\t\t\t\t\t<i class=\"fas fa-map-marker-alt\"><\/i><!--span class=\"dashicons dashicons-location\" style=\"font-size:20px\"><\/span-->\n\t\t\t\t\t\t\t<span>ES<\/span>\n\t\t\t\t\t\t<\/div>\t\n\t\t\t\t\t<\/div>\n\t\t\t\t<\/div>\n\t\t\t<\/div><div class=\"texto_opinion\"><\/p>\n<p>Al comienzo Mutua Terrassa me brindo un trato maravilloso, as\u00ed sea manera telef\u00f3nica como presencialmente yendo a sus oficinas, por eso no he tenido ninguna queja,  cuando realice el contrato era muy joven con lo que el coste era bastante econ\u00f3mico, mas cuando he aumentado en a\u00f1os, he notado una subido en el importe del costo de Mutua Terrassa.<\/p>\n<p><\/div><\/div>\n<div class=\"opinion \"  >\n\t\t\t<div class=\"cabecera_opinion\">\n\t\t\t\t<div class=\"avatar\">B T <\/div>\n\t\t\t\t<div class=\"datos_opinion\">\n\t\t\t\t\t<div class=\"nombre_opinion\">Benita Torre<\/div>\n\t\t\t\t\t<div class=\"info_opinion\">\t\t\t\t\t\t\n\t\t\t\t\t\t<div class=\"cuenta_opinion\"><i class=\"fas fa-pencil-alt\"><\/i><!--span class=\"dashicons dashicons-edit\" style=\"font-size:20px\"><\/span--><span>1 Opini\u00f3n<\/span><\/div>\t\t\t\t\t\t\n\t\t\t\t\t\t<div class=\"localizacion_opinion\">\n\t\t\t\t\t\t\t<i class=\"fas fa-map-marker-alt\"><\/i><!--span class=\"dashicons dashicons-location\" style=\"font-size:20px\"><\/span-->\n\t\t\t\t\t\t\t<span>ES<\/span>\n\t\t\t\t\t\t<\/div>\t\n\t\t\t\t\t<\/div>\n\t\t\t\t<\/div>\n\t\t\t<\/div><div class=\"texto_opinion\"><\/p>\n<p>Recomiendo el seguro de decesos de prima Mixta de Mutua Terrassa, lo contratamos para mi difunto padre y nos dieron un servicio muy apropiado.<\/p>\n<p><\/div><\/div>\n<\/div><\/div><\/div><\/div>\n<p><div class=\"oficinas\"><br \/>\n<h3><span class=\"ez-toc-section\" id=\"Paginas_relacionadas\"><\/span>P\u00e1ginas relacionadas<span class=\"ez-toc-section-end\"><\/span><\/h3><div class=\"enlazado\"><ul> <li><a href=\"https:\/\/idecesos.com\/seguros\/companias\/mutua-terrassa\/opiniones\/\">Opiniones Mutua Terrassa<\/a><\/li> <li><a href=\"https:\/\/idecesos.com\/seguros\/companias\/mutua-terrassa\/prima-mixta\/\">Mutua Terrassa Prima Mixta<\/a><\/li> <li><a href=\"https:\/\/idecesos.com\/seguros\/companias\/mutua-terrassa\/prima-natural\/\">Mutua Terrassa Prima Natural<\/a><\/li> <li><a href=\"https:\/\/idecesos.com\/seguros\/companias\/mutua-terrassa\/prima-nivelada\/\">Mutua Terrassa Prima Nivelada<\/a><\/li> <li><a href=\"https:\/\/idecesos.com\/seguros\/companias\/mutua-terrassa\/prima-unica\/\">Mutua Terrassa Prima \u00danica<\/a><\/li> <li><a href=\"https:\/\/idecesos.com\/seguros\/companias\/mutua-terrassa\/repatriacion\/\">Mutua Terrassa Repatriaci\u00f3n<\/a><\/li> <li><a href=\"https:\/\/idecesos.com\/seguros\/companias\/mutua-terrassa\/telefono\/\">Tel\u00e9fono Gratuito Helvetia<\/a><\/li><\/ul><\/div><\/p>\n<\/div>\n","protected":false},"excerpt":{"rendered":"<p>El seguro de decesos de prima mixta Mutua Terrassa es el m\u00e1s conveniente dentro de los diferentes categor\u00edas de productos. Esto se debe a que re\u00fane lo mejor de la prima natural y la prima nivelada, esto es, hasta determinada edad la prima anualmente va creciendo pero sigue siendo econ\u00f3mica por el hecho de que&hellip; <\/p>\n","protected":false},"author":3,"featured_media":0,"parent":10900,"menu_order":0,"comment_status":"closed","ping_status":"closed","template":"single.php","meta":{"footnotes":""},"class_list":["post-13291","page","type-page","status-publish","hentry"],"yoast_head":"<!-- This site is optimized with the Yoast SEO plugin v27.3 - https:\/\/yoast.com\/product\/yoast-seo-wordpress\/ -->\n<title>Seguro Decesos Mutua Terrassa Prima Mixta \u25b7 Opiniones y Precio 2026<\/title>\n<meta name=\"description\" content=\"Click aqu\u00ed \u3010Seguro de Decesos Prima Mixta Mutua Terrassa\u3011 Mejores precios Mutua Terrassa seguro de fallecidos Prima Mixta \u2611\ufe0f Actualizado por iDecesos\u00ae\" \/>\n<meta name=\"robots\" content=\"index, follow, max-snippet:-1, max-image-preview:large, max-video-preview:-1\" \/>\n<link rel=\"canonical\" href=\"https:\/\/idecesos.com\/seguros\/companias\/mutua-terrassa\/prima-mixta\/\" \/>\n<meta property=\"og:locale\" content=\"es_ES\" \/>\n<meta property=\"og:type\" content=\"article\" \/>\n<meta property=\"og:title\" content=\"Seguro Decesos Mutua Terrassa Prima Mixta \u25b7 Opiniones y Precio 2026\" \/>\n<meta property=\"og:description\" content=\"Click aqu\u00ed \u3010Seguro de Decesos Prima Mixta Mutua Terrassa\u3011 Mejores precios Mutua Terrassa seguro de fallecidos Prima Mixta \u2611\ufe0f Actualizado por iDecesos\u00ae\" \/>\n<meta property=\"og:url\" content=\"https:\/\/idecesos.com\/seguros\/companias\/mutua-terrassa\/prima-mixta\/\" \/>\n<meta property=\"article:modified_time\" content=\"2022-01-03T12:31:10+00:00\" \/>\n<meta name=\"twitter:card\" content=\"summary_large_image\" \/>\n<meta name=\"twitter:label1\" content=\"Tiempo de lectura\" \/>\n\t<meta name=\"twitter:data1\" content=\"54 minutos\" \/>\n<script type=\"application\/ld+json\" class=\"yoast-schema-graph\">{\"@context\":\"https:\\\/\\\/schema.org\",\"@graph\":[{\"@type\":\"WebPage\",\"@id\":\"https:\\\/\\\/idecesos.com\\\/seguros\\\/companias\\\/mutua-terrassa\\\/prima-mixta\\\/\",\"url\":\"https:\\\/\\\/idecesos.com\\\/seguros\\\/companias\\\/mutua-terrassa\\\/prima-mixta\\\/\",\"name\":\"Seguro Decesos Mutua Terrassa Prima Mixta \u25b7 Opiniones y Precio 2026\",\"isPartOf\":{\"@id\":\"https:\\\/\\\/idecesos.com\\\/seguros\\\/#website\"},\"datePublished\":\"2021-11-27T00:00:00+00:00\",\"dateModified\":\"2022-01-03T12:31:10+00:00\",\"description\":\"Click aqu\u00ed \u3010Seguro de Decesos Prima Mixta Mutua Terrassa\u3011 Mejores precios Mutua Terrassa seguro de fallecidos Prima Mixta \u2611\ufe0f Actualizado por iDecesos\u00ae\",\"breadcrumb\":{\"@id\":\"https:\\\/\\\/idecesos.com\\\/seguros\\\/companias\\\/mutua-terrassa\\\/prima-mixta\\\/#breadcrumb\"},\"inLanguage\":\"es\",\"potentialAction\":[{\"@type\":\"ReadAction\",\"target\":[\"https:\\\/\\\/idecesos.com\\\/seguros\\\/companias\\\/mutua-terrassa\\\/prima-mixta\\\/\"]}]},{\"@type\":\"BreadcrumbList\",\"@id\":\"https:\\\/\\\/idecesos.com\\\/seguros\\\/companias\\\/mutua-terrassa\\\/prima-mixta\\\/#breadcrumb\",\"itemListElement\":[{\"@type\":\"ListItem\",\"position\":1,\"name\":\"Portada\",\"item\":\"https:\\\/\\\/idecesos.com\\\/seguros\\\/\"},{\"@type\":\"ListItem\",\"position\":2,\"name\":\"Compa\u00f1\u00edas de Seguros de Decesos en Espa\u00f1a\",\"item\":\"https:\\\/\\\/idecesos.com\\\/seguros\\\/companias\\\/\"},{\"@type\":\"ListItem\",\"position\":3,\"name\":\"Seguros de decesos Mutua Terrassa\",\"item\":\"https:\\\/\\\/idecesos.com\\\/seguros\\\/companias\\\/mutua-terrassa\\\/\"},{\"@type\":\"ListItem\",\"position\":4,\"name\":\"Seguro de decesos Mutua Terrassa Prima Mixta\"}]},{\"@type\":\"WebSite\",\"@id\":\"https:\\\/\\\/idecesos.com\\\/seguros\\\/#website\",\"url\":\"https:\\\/\\\/idecesos.com\\\/seguros\\\/\",\"name\":\"\",\"description\":\"\",\"potentialAction\":[{\"@type\":\"SearchAction\",\"target\":{\"@type\":\"EntryPoint\",\"urlTemplate\":\"https:\\\/\\\/idecesos.com\\\/seguros\\\/?s={search_term_string}\"},\"query-input\":{\"@type\":\"PropertyValueSpecification\",\"valueRequired\":true,\"valueName\":\"search_term_string\"}}],\"inLanguage\":\"es\"}]}<\/script>\n<!-- \/ Yoast SEO plugin. -->","yoast_head_json":{"title":"Seguro Decesos Mutua Terrassa Prima Mixta \u25b7 Opiniones y Precio 2026","description":"Click aqu\u00ed \u3010Seguro de Decesos Prima Mixta Mutua Terrassa\u3011 Mejores precios Mutua Terrassa seguro de fallecidos Prima Mixta \u2611\ufe0f Actualizado por iDecesos\u00ae","robots":{"index":"index","follow":"follow","max-snippet":"max-snippet:-1","max-image-preview":"max-image-preview:large","max-video-preview":"max-video-preview:-1"},"canonical":"https:\/\/idecesos.com\/seguros\/companias\/mutua-terrassa\/prima-mixta\/","og_locale":"es_ES","og_type":"article","og_title":"Seguro Decesos Mutua Terrassa Prima Mixta \u25b7 Opiniones y Precio 2026","og_description":"Click aqu\u00ed \u3010Seguro de Decesos Prima Mixta Mutua Terrassa\u3011 Mejores precios Mutua Terrassa seguro de fallecidos Prima Mixta \u2611\ufe0f Actualizado por iDecesos\u00ae","og_url":"https:\/\/idecesos.com\/seguros\/companias\/mutua-terrassa\/prima-mixta\/","article_modified_time":"2022-01-03T12:31:10+00:00","twitter_card":"summary_large_image","twitter_misc":{"Tiempo de lectura":"54 minutos"},"schema":{"@context":"https:\/\/schema.org","@graph":[{"@type":"WebPage","@id":"https:\/\/idecesos.com\/seguros\/companias\/mutua-terrassa\/prima-mixta\/","url":"https:\/\/idecesos.com\/seguros\/companias\/mutua-terrassa\/prima-mixta\/","name":"Seguro Decesos Mutua Terrassa Prima Mixta \u25b7 Opiniones y Precio 2026","isPartOf":{"@id":"https:\/\/idecesos.com\/seguros\/#website"},"datePublished":"2021-11-27T00:00:00+00:00","dateModified":"2022-01-03T12:31:10+00:00","description":"Click aqu\u00ed \u3010Seguro de Decesos Prima Mixta Mutua Terrassa\u3011 Mejores precios Mutua Terrassa seguro de fallecidos Prima Mixta \u2611\ufe0f Actualizado por iDecesos\u00ae","breadcrumb":{"@id":"https:\/\/idecesos.com\/seguros\/companias\/mutua-terrassa\/prima-mixta\/#breadcrumb"},"inLanguage":"es","potentialAction":[{"@type":"ReadAction","target":["https:\/\/idecesos.com\/seguros\/companias\/mutua-terrassa\/prima-mixta\/"]}]},{"@type":"BreadcrumbList","@id":"https:\/\/idecesos.com\/seguros\/companias\/mutua-terrassa\/prima-mixta\/#breadcrumb","itemListElement":[{"@type":"ListItem","position":1,"name":"Portada","item":"https:\/\/idecesos.com\/seguros\/"},{"@type":"ListItem","position":2,"name":"Compa\u00f1\u00edas de Seguros de Decesos en Espa\u00f1a","item":"https:\/\/idecesos.com\/seguros\/companias\/"},{"@type":"ListItem","position":3,"name":"Seguros de decesos Mutua Terrassa","item":"https:\/\/idecesos.com\/seguros\/companias\/mutua-terrassa\/"},{"@type":"ListItem","position":4,"name":"Seguro de decesos Mutua Terrassa Prima Mixta"}]},{"@type":"WebSite","@id":"https:\/\/idecesos.com\/seguros\/#website","url":"https:\/\/idecesos.com\/seguros\/","name":"","description":"","potentialAction":[{"@type":"SearchAction","target":{"@type":"EntryPoint","urlTemplate":"https:\/\/idecesos.com\/seguros\/?s={search_term_string}"},"query-input":{"@type":"PropertyValueSpecification","valueRequired":true,"valueName":"search_term_string"}}],"inLanguage":"es"}]}},"_links":{"self":[{"href":"https:\/\/idecesos.com\/seguros\/wp-json\/wp\/v2\/pages\/13291","targetHints":{"allow":["GET"]}}],"collection":[{"href":"https:\/\/idecesos.com\/seguros\/wp-json\/wp\/v2\/pages"}],"about":[{"href":"https:\/\/idecesos.com\/seguros\/wp-json\/wp\/v2\/types\/page"}],"author":[{"embeddable":true,"href":"https:\/\/idecesos.com\/seguros\/wp-json\/wp\/v2\/users\/3"}],"replies":[{"embeddable":true,"href":"https:\/\/idecesos.com\/seguros\/wp-json\/wp\/v2\/comments?post=13291"}],"version-history":[{"count":1,"href":"https:\/\/idecesos.com\/seguros\/wp-json\/wp\/v2\/pages\/13291\/revisions"}],"predecessor-version":[{"id":15881,"href":"https:\/\/idecesos.com\/seguros\/wp-json\/wp\/v2\/pages\/13291\/revisions\/15881"}],"up":[{"embeddable":true,"href":"https:\/\/idecesos.com\/seguros\/wp-json\/wp\/v2\/pages\/10900"}],"wp:attachment":[{"href":"https:\/\/idecesos.com\/seguros\/wp-json\/wp\/v2\/media?parent=13291"}],"curies":[{"name":"wp","href":"https:\/\/api.w.org\/{rel}","templated":true}]}}