{"id":13302,"date":"2021-11-27T00:00:00","date_gmt":"2021-11-27T00:00:00","guid":{"rendered":"https:\/\/idecesos.com\/seguros\/?page_id=13302"},"modified":"2022-01-03T12:31:45","modified_gmt":"2022-01-03T12:31:45","slug":"prima-natural","status":"publish","type":"page","link":"https:\/\/idecesos.com\/seguros\/companias\/sanen-mutua\/prima-natural\/","title":{"rendered":"Seguro de decesos Sanen Mutua Prima Natural"},"content":{"rendered":"<div id=\"ez-toc-container\" class=\"ez-toc-v2_0_82_2 ez-toc-wrap-center counter-hierarchy ez-toc-counter ez-toc-custom ez-toc-container-direction\">\n<div class=\"ez-toc-title-container\">\n<p class=\"ez-toc-title\" style=\"cursor:inherit\">Tabla de Contenido<\/p>\n<span class=\"ez-toc-title-toggle\"><a href=\"#\" class=\"ez-toc-pull-right ez-toc-btn ez-toc-btn-xs ez-toc-btn-default ez-toc-toggle\" aria-label=\"Alternar tabla de contenidos\"><span class=\"ez-toc-js-icon-con\"><span class=\"\"><span class=\"eztoc-hide\" style=\"display:none;\">Toggle<\/span><span class=\"ez-toc-icon-toggle-span\"><svg style=\"fill: #db6415;color:#db6415\" xmlns=\"http:\/\/www.w3.org\/2000\/svg\" class=\"list-377408\" width=\"20px\" height=\"20px\" viewBox=\"0 0 24 24\" fill=\"none\"><path d=\"M6 6H4v2h2V6zm14 0H8v2h12V6zM4 11h2v2H4v-2zm16 0H8v2h12v-2zM4 16h2v2H4v-2zm16 0H8v2h12v-2z\" fill=\"currentColor\"><\/path><\/svg><svg style=\"fill: #db6415;color:#db6415\" class=\"arrow-unsorted-368013\" xmlns=\"http:\/\/www.w3.org\/2000\/svg\" width=\"10px\" height=\"10px\" viewBox=\"0 0 24 24\" version=\"1.2\" baseProfile=\"tiny\"><path d=\"M18.2 9.3l-6.2-6.3-6.2 6.3c-.2.2-.3.4-.3.7s.1.5.3.7c.2.2.4.3.7.3h11c.3 0 .5-.1.7-.3.2-.2.3-.5.3-.7s-.1-.5-.3-.7zM5.8 14.7l6.2 6.3 6.2-6.3c.2-.2.3-.5.3-.7s-.1-.5-.3-.7c-.2-.2-.4-.3-.7-.3h-11c-.3 0-.5.1-.7.3-.2.2-.3.5-.3.7s.1.5.3.7z\"\/><\/svg><\/span><\/span><\/span><\/a><\/span><\/div>\n<nav><ul class='ez-toc-list ez-toc-list-level-1 ' ><li class='ez-toc-page-1 ez-toc-heading-level-2'><a class=\"ez-toc-link ez-toc-heading-1\" href=\"https:\/\/idecesos.com\/seguros\/companias\/sanen-mutua\/prima-natural\/#Coberturas_seguro_Prima_Natural_Sanen_Mutua\" >Coberturas seguro Prima Natural Sanen Mutua<\/a><ul class='ez-toc-list-level-3' ><li class='ez-toc-heading-level-3'><a class=\"ez-toc-link ez-toc-heading-2\" href=\"https:\/\/idecesos.com\/seguros\/companias\/sanen-mutua\/prima-natural\/#%C2%BFA_quien_va_dirigido_el_seguro_de_decesos_Prima_Natural_de_Sanen_Mutua\" >\u00bfA qui\u00e9n va dirigido el seguro de decesos Prima Natural de Sanen Mutua?<\/a><\/li><\/ul><\/li><li class='ez-toc-page-1 ez-toc-heading-level-2'><a class=\"ez-toc-link ez-toc-heading-3\" href=\"https:\/\/idecesos.com\/seguros\/companias\/sanen-mutua\/prima-natural\/#Precio_de_seguro_de_decesos_Prima_Natural_Sanen_Mutua\" >Precio de seguro de decesos Prima Natural Sanen Mutua<\/a><\/li><li class='ez-toc-page-1 ez-toc-heading-level-2'><a class=\"ez-toc-link ez-toc-heading-4\" href=\"https:\/\/idecesos.com\/seguros\/companias\/sanen-mutua\/prima-natural\/#Productos_Prima_Natural_Sanen_Mutua\" >Productos Prima Natural Sanen Mutua<\/a><\/li><li class='ez-toc-page-1 ez-toc-heading-level-2'><a class=\"ez-toc-link ez-toc-heading-5\" href=\"https:\/\/idecesos.com\/seguros\/companias\/sanen-mutua\/prima-natural\/#Opiniones_del_seguro_de_decesos_de_Prima_Natural_de_Sanen_Mutua\" >Opiniones del seguro de decesos de Prima Natural de Sanen Mutua<\/a><ul class='ez-toc-list-level-3' ><li class='ez-toc-heading-level-3'><a class=\"ez-toc-link ez-toc-heading-6\" href=\"https:\/\/idecesos.com\/seguros\/companias\/sanen-mutua\/prima-natural\/#Paginas_relacionadas\" >P\u00e1ginas relacionadas<\/a><\/li><\/ul><\/li><\/ul><\/nav><\/div>\n\n<p>Dentro del seguro de decesos de prima natural de Sanen Mutua resulta como caracter\u00edstica creciente, lo que se establece de forma constante desde el comienzo. Anualmente esto se va a ir renovando conforme la edad. En Sanen Mutua el seguro de prima natural, todos los a\u00f1os realizan una subida tomando en cuenta de las personas aseguradas como es la edad o d\u00f3nde radique el precio funerario sea m\u00e1s econ\u00f3mico. <\/p>\n<p>Leer m\u00e1s: <a href=\"https:\/\/idecesos.com\/seguros\/tipo\/natural\/\">Seguro de decesos Prima Natural<\/a><\/p>\n<div class=\"colorf \"  ><div class=\"container clearfix\"><div class=\"col-md-7\"><\/p>\n<h2><span class=\"ez-toc-section\" id=\"Coberturas_seguro_Prima_Natural_Sanen_Mutua\"><\/span>Coberturas seguro Prima Natural Sanen Mutua<span class=\"ez-toc-section-end\"><\/span><\/h2>\n<p>En Sanen Mutua el seguro de decesos de prima natural, la pregunta que m\u00e1s se han hecho es por las coberturas que contempla en tanto que el pago de su prima es muy barato. Pues bien, las coberturas que m\u00e1s inquietan a los asegurados antes de contratar y las m\u00e1s significativas son las concernientes a la gesti\u00f3n completa del sepelio, y en esta parte Sanen Mutua su seguro de prima natural cubre todo a fin de que sea un entierro dign\u00edsimo y conveniente a las costumbres y gustos locales, como de sus familiares. Todas y cada una de las coberturas con las que cuenta Sanen Mutua donde las m\u00e1s esencial aparte de que cuenta con grandes c\u00e1lidas en el proceso funerario, desplazamiento de fallecido, corona floral, acto religioso caso de que as\u00ed lo quiera la familia. En Sanen Mutua el seguro de prima natural brinda las distintas coberturas a\u00f1adidas a fin de que puedan hacer uso y disfrute a lo largo de la permanencia en Sanen Mutua. Por lo que los clientes del servicio adquieren Sanen Mutua por el servicio al completo que contiene. <\/p>\n<p><\/div><\/div><\/div>\n<h3><span class=\"ez-toc-section\" id=\"%C2%BFA_quien_va_dirigido_el_seguro_de_decesos_Prima_Natural_de_Sanen_Mutua\"><\/span>\u00bfA qui\u00e9n va dirigido el seguro de decesos Prima Natural de Sanen Mutua?<span class=\"ez-toc-section-end\"><\/span><\/h3>\n<p>La ventaja de realizar la contrataci\u00f3n de la p\u00f3liza de una edad joven con Sanen Mutua seguro de prima natural es su bajo coste durante el fallecimiento en el caso de alg\u00fan accidente inopinado. El desarrollo de esta prima natural de Sanen Mutua se presenta de forma anual, por lo que es una de las mayores desventajas. De a\u00f1o en a\u00f1o el asegurado se deber\u00e1 encargar\u00e1 de las revisiones anuales de la p\u00f3liza de Sanen Mutua de las cuales no ocurran ninguna subida a este respecto por alguna irregularidad, en caso de que ocurriera, se deber\u00eda de llamar a iDecesos a fin de que cambien la modalidad y se ocupen de todo lo dem\u00e1s. Las personas de un rango joven eligen esta p\u00f3liza de prima natural de Sanen Mutua ya que se adapta con perfecci\u00f3n a sus necesidades. <\/p>\n<div class=\"colorf \"  ><div class=\"container clearfix\"><div class=\"col-md-7\"><\/p>\n<h2><span class=\"ez-toc-section\" id=\"Precio_de_seguro_de_decesos_Prima_Natural_Sanen_Mutua\"><\/span>Precio de seguro de decesos Prima Natural Sanen Mutua<span class=\"ez-toc-section-end\"><\/span><\/h2>\n<p>Todos nuestros interesados quieren saber qu\u00e9 coste tiene el seguro de prima natural de Sanen Mutua y su precio es 1,99 euros por asegurado, hemos tenido en cuenta una edad de las m\u00e1s bajas contratables y en una de las localidades m\u00e1s baratas de Espa\u00f1a para celebrar un funeral. Equipara costes de seguros de prima natural con el de Sanen Mutua en iDecesos, es simple, gratuito y vas a salir de dudas en 1 minuto. <\/p>\n<p><\/div><\/div><\/div>\n<h2><span class=\"ez-toc-section\" id=\"Productos_Prima_Natural_Sanen_Mutua\"><\/span>Productos Prima Natural Sanen Mutua<span class=\"ez-toc-section-end\"><\/span><\/h2>\n<div class=\"colorf\"><div class=\"container clearfix\"><div class=\"col-md-7\"><div class=\"opiniones\">\n<h2><span class=\"ez-toc-section\" id=\"Opiniones_del_seguro_de_decesos_de_Prima_Natural_de_Sanen_Mutua\"><\/span>Opiniones del seguro de decesos de Prima Natural de Sanen Mutua<span class=\"ez-toc-section-end\"><\/span><\/h2>\n<div class=\"opinion \"  >\n\t\t\t<div class=\"cabecera_opinion\">\n\t\t\t\t<div class=\"avatar\">A M <\/div>\n\t\t\t\t<div class=\"datos_opinion\">\n\t\t\t\t\t<div class=\"nombre_opinion\">Aron mejias<\/div>\n\t\t\t\t\t<div class=\"info_opinion\">\t\t\t\t\t\t\n\t\t\t\t\t\t<div class=\"cuenta_opinion\"><i class=\"fas fa-pencil-alt\"><\/i><!--span class=\"dashicons dashicons-edit\" style=\"font-size:20px\"><\/span--><span>1 Opini\u00f3n<\/span><\/div>\t\t\t\t\t\t\n\t\t\t\t\t\t<div class=\"localizacion_opinion\">\n\t\t\t\t\t\t\t<i class=\"fas fa-map-marker-alt\"><\/i><!--span class=\"dashicons dashicons-location\" style=\"font-size:20px\"><\/span-->\n\t\t\t\t\t\t\t<span>ES<\/span>\n\t\t\t\t\t\t<\/div>\t\n\t\t\t\t\t<\/div>\n\t\t\t\t<\/div>\n\t\t\t<\/div><div class=\"texto_opinion\"><\/p>\n<p>Lo recomiendo al 100 por cien Sanen Mutua las coberturas que cuenta con el seguro de decesos de prima natural es incre\u00edble, adem\u00e1s de ello pertenezco a un rango de edad joven por lo que me resulta bastante econ\u00f3mico.<\/p>\n<p><\/div><\/div>\n<div class=\"opinion \"  >\n\t\t\t<div class=\"cabecera_opinion\">\n\t\t\t\t<div class=\"avatar\">F J <\/div>\n\t\t\t\t<div class=\"datos_opinion\">\n\t\t\t\t\t<div class=\"nombre_opinion\">Francisco Jose<\/div>\n\t\t\t\t\t<div class=\"info_opinion\">\t\t\t\t\t\t\n\t\t\t\t\t\t<div class=\"cuenta_opinion\"><i class=\"fas fa-pencil-alt\"><\/i><!--span class=\"dashicons dashicons-edit\" style=\"font-size:20px\"><\/span--><span>1 Opini\u00f3n<\/span><\/div>\t\t\t\t\t\t\n\t\t\t\t\t\t<div class=\"localizacion_opinion\">\n\t\t\t\t\t\t\t<i class=\"fas fa-map-marker-alt\"><\/i><!--span class=\"dashicons dashicons-location\" style=\"font-size:20px\"><\/span-->\n\t\t\t\t\t\t\t<span>ES<\/span>\n\t\t\t\t\t\t<\/div>\t\n\t\t\t\t\t<\/div>\n\t\t\t\t<\/div>\n\t\t\t<\/div><div class=\"texto_opinion\"><\/p>\n<p>Nos dejamos aconsejar por la opini\u00f3n de un consultor de seguros sobre el seguro de prima natural de Sanen Mutua y estamos felices con lo contratado hace 5 a\u00f1os, mas creo que ya no somos tan j\u00f3venes para Sanen Mutua y comienza a ser caro con la subida de costo de este a\u00f1o.<\/p>\n<p><\/div><\/div>\n<div class=\"opinion \"  >\n\t\t\t<div class=\"cabecera_opinion\">\n\t\t\t\t<div class=\"avatar\">N B <\/div>\n\t\t\t\t<div class=\"datos_opinion\">\n\t\t\t\t\t<div class=\"nombre_opinion\">Nilo Barrera<\/div>\n\t\t\t\t\t<div class=\"info_opinion\">\t\t\t\t\t\t\n\t\t\t\t\t\t<div class=\"cuenta_opinion\"><i class=\"fas fa-pencil-alt\"><\/i><!--span class=\"dashicons dashicons-edit\" style=\"font-size:20px\"><\/span--><span>1 Opini\u00f3n<\/span><\/div>\t\t\t\t\t\t\n\t\t\t\t\t\t<div class=\"localizacion_opinion\">\n\t\t\t\t\t\t\t<i class=\"fas fa-map-marker-alt\"><\/i><!--span class=\"dashicons dashicons-location\" style=\"font-size:20px\"><\/span-->\n\t\t\t\t\t\t\t<span>ES<\/span>\n\t\t\t\t\t\t<\/div>\t\n\t\t\t\t\t<\/div>\n\t\t\t\t<\/div>\n\t\t\t<\/div><div class=\"texto_opinion\"><\/p>\n<p>Desde mi opini\u00f3n nos aconsejaron la p\u00f3liza de decesos de prima natural de Sanen Mutua y de instante nos ha ido excelente, si bien en los \u00faltimos a\u00f1os estamos apreciando la subida de costo que est\u00e1 haciendo Sanen Mutua.<\/p>\n<p><\/div><\/div>\n<\/div><\/div><\/div><\/div>\n<p><div class=\"oficinas\"><br \/>\n<h3><span class=\"ez-toc-section\" id=\"Paginas_relacionadas\"><\/span>P\u00e1ginas relacionadas<span class=\"ez-toc-section-end\"><\/span><\/h3><div class=\"enlazado\"><ul> <li><a href=\"https:\/\/idecesos.com\/seguros\/companias\/sanen-mutua\/opiniones\/\">Opiniones Sanen Mutua<\/a><\/li> <li><a href=\"https:\/\/idecesos.com\/seguros\/companias\/sanen-mutua\/precio\/\">Precio seguro Sanen Mutua<\/a><\/li> <li><a href=\"https:\/\/idecesos.com\/seguros\/companias\/sanen-mutua\/prima-mixta\/\">Sanen Mutua Prima Mixta<\/a><\/li> <li><a href=\"https:\/\/idecesos.com\/seguros\/companias\/sanen-mutua\/prima-natural\/\">Sanen Mutua Prima Natural<\/a><\/li> <li><a href=\"https:\/\/idecesos.com\/seguros\/companias\/sanen-mutua\/prima-nivelada\/\">Sanen Mutua Prima Nivelada<\/a><\/li> <li><a href=\"https:\/\/idecesos.com\/seguros\/companias\/sanen-mutua\/prima-unica\/\">Sanen Mutua Prima \u00danica<\/a><\/li> <li><a href=\"https:\/\/idecesos.com\/seguros\/companias\/sanen-mutua\/repatriacion\/\">Sanen Mutua Repatriaci\u00f3n<\/a><\/li> <li><a href=\"https:\/\/idecesos.com\/seguros\/companias\/sanen-mutua\/telefono\/\">Tel\u00e9fono Gratuito Sanen Mutua<\/a><\/li><\/ul><\/div><\/p>\n<\/div>\n","protected":false},"excerpt":{"rendered":"<p>Dentro del seguro de decesos de prima natural de Sanen Mutua resulta como caracter\u00edstica creciente, lo que se establece de forma constante desde el comienzo. Anualmente esto se va a ir renovando conforme la edad. En Sanen Mutua el seguro de prima natural, todos los a\u00f1os realizan una subida tomando en cuenta de las personas&hellip; <\/p>\n","protected":false},"author":3,"featured_media":0,"parent":9503,"menu_order":0,"comment_status":"closed","ping_status":"closed","template":"single.php","meta":{"footnotes":""},"class_list":["post-13302","page","type-page","status-publish","hentry"],"yoast_head":"<!-- This site is optimized with the Yoast SEO plugin v27.5 - https:\/\/yoast.com\/product\/yoast-seo-wordpress\/ -->\n<title>Seguro Decesos Sanen Mutua Prima Natural \u25b7 Opiniones y Precio 2026<\/title>\n<meta name=\"description\" content=\"Click aqu\u00ed \u3010Seguro de Decesos Prima Natural Sanen Mutua\u3011 Mejores precios Sanen Mutua seguro de fallecidos Prima Natural \u2611\ufe0f Actualizado por iDecesos\u00ae\" \/>\n<meta name=\"robots\" content=\"index, follow, max-snippet:-1, max-image-preview:large, max-video-preview:-1\" \/>\n<link rel=\"canonical\" href=\"https:\/\/idecesos.com\/seguros\/companias\/sanen-mutua\/prima-natural\/\" \/>\n<meta property=\"og:locale\" content=\"es_ES\" \/>\n<meta property=\"og:type\" content=\"article\" \/>\n<meta property=\"og:title\" content=\"Seguro Decesos Sanen Mutua Prima Natural \u25b7 Opiniones y Precio 2026\" \/>\n<meta property=\"og:description\" content=\"Click aqu\u00ed \u3010Seguro de Decesos Prima Natural Sanen Mutua\u3011 Mejores precios Sanen Mutua seguro de fallecidos Prima Natural \u2611\ufe0f Actualizado por iDecesos\u00ae\" \/>\n<meta property=\"og:url\" content=\"https:\/\/idecesos.com\/seguros\/companias\/sanen-mutua\/prima-natural\/\" \/>\n<meta property=\"article:modified_time\" content=\"2022-01-03T12:31:45+00:00\" \/>\n<meta name=\"twitter:card\" content=\"summary_large_image\" \/>\n<meta name=\"twitter:label1\" content=\"Tiempo de lectura\" \/>\n\t<meta name=\"twitter:data1\" content=\"54 minutos\" \/>\n<script type=\"application\/ld+json\" class=\"yoast-schema-graph\">{\"@context\":\"https:\\\/\\\/schema.org\",\"@graph\":[{\"@type\":\"WebPage\",\"@id\":\"https:\\\/\\\/idecesos.com\\\/seguros\\\/companias\\\/sanen-mutua\\\/prima-natural\\\/\",\"url\":\"https:\\\/\\\/idecesos.com\\\/seguros\\\/companias\\\/sanen-mutua\\\/prima-natural\\\/\",\"name\":\"Seguro Decesos Sanen Mutua Prima Natural \u25b7 Opiniones y Precio 2026\",\"isPartOf\":{\"@id\":\"https:\\\/\\\/idecesos.com\\\/seguros\\\/#website\"},\"datePublished\":\"2021-11-27T00:00:00+00:00\",\"dateModified\":\"2022-01-03T12:31:45+00:00\",\"description\":\"Click aqu\u00ed \u3010Seguro de Decesos Prima Natural Sanen Mutua\u3011 Mejores precios Sanen Mutua seguro de fallecidos Prima Natural \u2611\ufe0f Actualizado por iDecesos\u00ae\",\"breadcrumb\":{\"@id\":\"https:\\\/\\\/idecesos.com\\\/seguros\\\/companias\\\/sanen-mutua\\\/prima-natural\\\/#breadcrumb\"},\"inLanguage\":\"es\",\"potentialAction\":[{\"@type\":\"ReadAction\",\"target\":[\"https:\\\/\\\/idecesos.com\\\/seguros\\\/companias\\\/sanen-mutua\\\/prima-natural\\\/\"]}]},{\"@type\":\"BreadcrumbList\",\"@id\":\"https:\\\/\\\/idecesos.com\\\/seguros\\\/companias\\\/sanen-mutua\\\/prima-natural\\\/#breadcrumb\",\"itemListElement\":[{\"@type\":\"ListItem\",\"position\":1,\"name\":\"Portada\",\"item\":\"https:\\\/\\\/idecesos.com\\\/seguros\\\/\"},{\"@type\":\"ListItem\",\"position\":2,\"name\":\"Compa\u00f1\u00edas de Seguros de Decesos en Espa\u00f1a\",\"item\":\"https:\\\/\\\/idecesos.com\\\/seguros\\\/companias\\\/\"},{\"@type\":\"ListItem\",\"position\":3,\"name\":\"Seguro de decesos Sanen Mutua\",\"item\":\"https:\\\/\\\/idecesos.com\\\/seguros\\\/companias\\\/sanen-mutua\\\/\"},{\"@type\":\"ListItem\",\"position\":4,\"name\":\"Seguro de decesos Sanen Mutua Prima Natural\"}]},{\"@type\":\"WebSite\",\"@id\":\"https:\\\/\\\/idecesos.com\\\/seguros\\\/#website\",\"url\":\"https:\\\/\\\/idecesos.com\\\/seguros\\\/\",\"name\":\"\",\"description\":\"\",\"potentialAction\":[{\"@type\":\"SearchAction\",\"target\":{\"@type\":\"EntryPoint\",\"urlTemplate\":\"https:\\\/\\\/idecesos.com\\\/seguros\\\/?s={search_term_string}\"},\"query-input\":{\"@type\":\"PropertyValueSpecification\",\"valueRequired\":true,\"valueName\":\"search_term_string\"}}],\"inLanguage\":\"es\"}]}<\/script>\n<!-- \/ Yoast SEO plugin. -->","yoast_head_json":{"title":"Seguro Decesos Sanen Mutua Prima Natural \u25b7 Opiniones y Precio 2026","description":"Click aqu\u00ed \u3010Seguro de Decesos Prima Natural Sanen Mutua\u3011 Mejores precios Sanen Mutua seguro de fallecidos Prima Natural \u2611\ufe0f Actualizado por iDecesos\u00ae","robots":{"index":"index","follow":"follow","max-snippet":"max-snippet:-1","max-image-preview":"max-image-preview:large","max-video-preview":"max-video-preview:-1"},"canonical":"https:\/\/idecesos.com\/seguros\/companias\/sanen-mutua\/prima-natural\/","og_locale":"es_ES","og_type":"article","og_title":"Seguro Decesos Sanen Mutua Prima Natural \u25b7 Opiniones y Precio 2026","og_description":"Click aqu\u00ed \u3010Seguro de Decesos Prima Natural Sanen Mutua\u3011 Mejores precios Sanen Mutua seguro de fallecidos Prima Natural \u2611\ufe0f Actualizado por iDecesos\u00ae","og_url":"https:\/\/idecesos.com\/seguros\/companias\/sanen-mutua\/prima-natural\/","article_modified_time":"2022-01-03T12:31:45+00:00","twitter_card":"summary_large_image","twitter_misc":{"Tiempo de lectura":"54 minutos"},"schema":{"@context":"https:\/\/schema.org","@graph":[{"@type":"WebPage","@id":"https:\/\/idecesos.com\/seguros\/companias\/sanen-mutua\/prima-natural\/","url":"https:\/\/idecesos.com\/seguros\/companias\/sanen-mutua\/prima-natural\/","name":"Seguro Decesos Sanen Mutua Prima Natural \u25b7 Opiniones y Precio 2026","isPartOf":{"@id":"https:\/\/idecesos.com\/seguros\/#website"},"datePublished":"2021-11-27T00:00:00+00:00","dateModified":"2022-01-03T12:31:45+00:00","description":"Click aqu\u00ed \u3010Seguro de Decesos Prima Natural Sanen Mutua\u3011 Mejores precios Sanen Mutua seguro de fallecidos Prima Natural \u2611\ufe0f Actualizado por iDecesos\u00ae","breadcrumb":{"@id":"https:\/\/idecesos.com\/seguros\/companias\/sanen-mutua\/prima-natural\/#breadcrumb"},"inLanguage":"es","potentialAction":[{"@type":"ReadAction","target":["https:\/\/idecesos.com\/seguros\/companias\/sanen-mutua\/prima-natural\/"]}]},{"@type":"BreadcrumbList","@id":"https:\/\/idecesos.com\/seguros\/companias\/sanen-mutua\/prima-natural\/#breadcrumb","itemListElement":[{"@type":"ListItem","position":1,"name":"Portada","item":"https:\/\/idecesos.com\/seguros\/"},{"@type":"ListItem","position":2,"name":"Compa\u00f1\u00edas de Seguros de Decesos en Espa\u00f1a","item":"https:\/\/idecesos.com\/seguros\/companias\/"},{"@type":"ListItem","position":3,"name":"Seguro de decesos Sanen Mutua","item":"https:\/\/idecesos.com\/seguros\/companias\/sanen-mutua\/"},{"@type":"ListItem","position":4,"name":"Seguro de decesos Sanen Mutua Prima Natural"}]},{"@type":"WebSite","@id":"https:\/\/idecesos.com\/seguros\/#website","url":"https:\/\/idecesos.com\/seguros\/","name":"","description":"","potentialAction":[{"@type":"SearchAction","target":{"@type":"EntryPoint","urlTemplate":"https:\/\/idecesos.com\/seguros\/?s={search_term_string}"},"query-input":{"@type":"PropertyValueSpecification","valueRequired":true,"valueName":"search_term_string"}}],"inLanguage":"es"}]}},"_links":{"self":[{"href":"https:\/\/idecesos.com\/seguros\/wp-json\/wp\/v2\/pages\/13302","targetHints":{"allow":["GET"]}}],"collection":[{"href":"https:\/\/idecesos.com\/seguros\/wp-json\/wp\/v2\/pages"}],"about":[{"href":"https:\/\/idecesos.com\/seguros\/wp-json\/wp\/v2\/types\/page"}],"author":[{"embeddable":true,"href":"https:\/\/idecesos.com\/seguros\/wp-json\/wp\/v2\/users\/3"}],"replies":[{"embeddable":true,"href":"https:\/\/idecesos.com\/seguros\/wp-json\/wp\/v2\/comments?post=13302"}],"version-history":[{"count":1,"href":"https:\/\/idecesos.com\/seguros\/wp-json\/wp\/v2\/pages\/13302\/revisions"}],"predecessor-version":[{"id":18435,"href":"https:\/\/idecesos.com\/seguros\/wp-json\/wp\/v2\/pages\/13302\/revisions\/18435"}],"up":[{"embeddable":true,"href":"https:\/\/idecesos.com\/seguros\/wp-json\/wp\/v2\/pages\/9503"}],"wp:attachment":[{"href":"https:\/\/idecesos.com\/seguros\/wp-json\/wp\/v2\/media?parent=13302"}],"curies":[{"name":"wp","href":"https:\/\/api.w.org\/{rel}","templated":true}]}}