{"id":13744,"date":"2021-11-30T00:00:00","date_gmt":"2021-11-30T00:00:00","guid":{"rendered":"https:\/\/idecesos.com\/seguros\/?page_id=13744"},"modified":"2022-01-03T12:30:10","modified_gmt":"2022-01-03T12:30:10","slug":"prima-nivelada","status":"publish","type":"page","link":"https:\/\/idecesos.com\/seguros\/companias\/cofidis\/prima-nivelada\/","title":{"rendered":"Seguro de decesos Cofidis Prima Nivelada"},"content":{"rendered":"<div id=\"ez-toc-container\" class=\"ez-toc-v2_0_82_2 ez-toc-wrap-center counter-hierarchy ez-toc-counter ez-toc-custom ez-toc-container-direction\">\n<div class=\"ez-toc-title-container\">\n<p class=\"ez-toc-title\" style=\"cursor:inherit\">Tabla de Contenido<\/p>\n<span class=\"ez-toc-title-toggle\"><a href=\"#\" class=\"ez-toc-pull-right ez-toc-btn ez-toc-btn-xs ez-toc-btn-default ez-toc-toggle\" aria-label=\"Alternar tabla de contenidos\"><span class=\"ez-toc-js-icon-con\"><span class=\"\"><span class=\"eztoc-hide\" style=\"display:none;\">Toggle<\/span><span class=\"ez-toc-icon-toggle-span\"><svg style=\"fill: #db6415;color:#db6415\" xmlns=\"http:\/\/www.w3.org\/2000\/svg\" class=\"list-377408\" width=\"20px\" height=\"20px\" viewBox=\"0 0 24 24\" fill=\"none\"><path d=\"M6 6H4v2h2V6zm14 0H8v2h12V6zM4 11h2v2H4v-2zm16 0H8v2h12v-2zM4 16h2v2H4v-2zm16 0H8v2h12v-2z\" fill=\"currentColor\"><\/path><\/svg><svg style=\"fill: #db6415;color:#db6415\" class=\"arrow-unsorted-368013\" xmlns=\"http:\/\/www.w3.org\/2000\/svg\" width=\"10px\" height=\"10px\" viewBox=\"0 0 24 24\" version=\"1.2\" baseProfile=\"tiny\"><path d=\"M18.2 9.3l-6.2-6.3-6.2 6.3c-.2.2-.3.4-.3.7s.1.5.3.7c.2.2.4.3.7.3h11c.3 0 .5-.1.7-.3.2-.2.3-.5.3-.7s-.1-.5-.3-.7zM5.8 14.7l6.2 6.3 6.2-6.3c.2-.2.3-.5.3-.7s-.1-.5-.3-.7c-.2-.2-.4-.3-.7-.3h-11c-.3 0-.5.1-.7.3-.2.2-.3.5-.3.7s.1.5.3.7z\"\/><\/svg><\/span><\/span><\/span><\/a><\/span><\/div>\n<nav><ul class='ez-toc-list ez-toc-list-level-1 ' ><li class='ez-toc-page-1 ez-toc-heading-level-2'><a class=\"ez-toc-link ez-toc-heading-1\" href=\"https:\/\/idecesos.com\/seguros\/companias\/cofidis\/prima-nivelada\/#Coberturas_seguro_Prima_Nivelada_Cofidis\" >Coberturas seguro Prima Nivelada Cofidis<\/a><ul class='ez-toc-list-level-3' ><li class='ez-toc-heading-level-3'><a class=\"ez-toc-link ez-toc-heading-2\" href=\"https:\/\/idecesos.com\/seguros\/companias\/cofidis\/prima-nivelada\/#%C2%BFA_quien_va_dirigido_el_seguro_de_decesos_Prima_Nivelada_de_Cofidis\" >\u00bfA qui\u00e9n va dirigido el seguro de decesos Prima Nivelada de Cofidis?<\/a><\/li><\/ul><\/li><li class='ez-toc-page-1 ez-toc-heading-level-2'><a class=\"ez-toc-link ez-toc-heading-3\" href=\"https:\/\/idecesos.com\/seguros\/companias\/cofidis\/prima-nivelada\/#Precio_de_seguro_de_decesos_Prima_Nivelada_Cofidis\" >Precio de seguro de decesos Prima Nivelada Cofidis<\/a><\/li><li class='ez-toc-page-1 ez-toc-heading-level-2'><a class=\"ez-toc-link ez-toc-heading-4\" href=\"https:\/\/idecesos.com\/seguros\/companias\/cofidis\/prima-nivelada\/#Productos_Prima_Nivelada_Cofidis\" >Productos Prima Nivelada Cofidis<\/a><\/li><li class='ez-toc-page-1 ez-toc-heading-level-2'><a class=\"ez-toc-link ez-toc-heading-5\" href=\"https:\/\/idecesos.com\/seguros\/companias\/cofidis\/prima-nivelada\/#Opiniones_del_seguro_de_decesos_de_Prima_Nivelada_de_Cofidis\" >Opiniones del seguro de decesos de Prima Nivelada de Cofidis<\/a><ul class='ez-toc-list-level-3' ><li class='ez-toc-heading-level-3'><a class=\"ez-toc-link ez-toc-heading-6\" href=\"https:\/\/idecesos.com\/seguros\/companias\/cofidis\/prima-nivelada\/#Paginas_relacionadas\" >P\u00e1ginas relacionadas<\/a><\/li><\/ul><\/li><\/ul><\/nav><\/div>\n\n<p>Resalta el seguro de decesos de prima nivelada Cofidis por dar un coste siempre y cuando se sostiene en el tiempo de manera continuada, y va a quedar a\u00f1adido a la suma de los gastos funerarios. La que m\u00e1s optan a contratar es la p\u00f3liza de prima nivelada Cofidis, asimismo es cierto que muchas de las personas de car\u00e1cter m\u00e1s joven les resulta cada largo tiempo, un pago excesivo. En el caso de siniestro de la p\u00f3liza de prima nivelada Cofidis es muy simple pues simplemente llamando al n\u00famero de asistencia familiar de Cofidis y se hacen cargo completamente regular y gestionar todo los referido al deceso. <\/p>\n<p>Leer m\u00e1s: <a href=\"https:\/\/idecesos.com\/seguros\/tipo\/nivelada\/\">Seguro de decesos Prima Nivelada<\/a><\/p>\n<div class=\"colorf \"  ><div class=\"container clearfix\"><div class=\"col-md-7\"><\/p>\n<h2><span class=\"ez-toc-section\" id=\"Coberturas_seguro_Prima_Nivelada_Cofidis\"><\/span>Coberturas seguro Prima Nivelada Cofidis<span class=\"ez-toc-section-end\"><\/span><\/h2>\n<p>Dentro de la prima nivelada de Cofidis da unas coberturas excepcionales para cada uno se sus clientes dando lo mejor para cada uno de ellos de ellos con mucha precauci\u00f3n y dedicaci\u00f3n. Destacado por ofrecer unas garant\u00edas de alto nivel. A la hora de la tramitaci\u00f3n para que sea de manera dentro de un proceso legal para los organismos p\u00fablicos por este motivo se hacen cargo de la tramitaci\u00f3n, destacan entre ellos los servicios como el transporte funerario, tanatorio, ata\u00fad dando toda la calma a sus seres queridos. En las actualizaciones que han llevado a cabo de prima nivelada en Cofidis todos han querido adquirir de su servicios en tanto que dentro de ellos va cremacion o entierro. En iDecesos vas observar de forma m\u00e1s detallada y simplificada las coberturas de decesos Cofidis facilitando las condiciones generales y toda la documentaci\u00f3n m\u00e1s concreta, que lo contemplaras en cada instante necesario. <\/p>\n<p><\/div><\/div><\/div>\n<h3><span class=\"ez-toc-section\" id=\"%C2%BFA_quien_va_dirigido_el_seguro_de_decesos_Prima_Nivelada_de_Cofidis\"><\/span>\u00bfA qui\u00e9n va dirigido el seguro de decesos Prima Nivelada de Cofidis?<span class=\"ez-toc-section-end\"><\/span><\/h3>\n<p>El seguro de prima nivelada de Cofidis est\u00e1 dise\u00f1ado para todas y cada una de las personas, a fin de que se adapten a la circunstancia con independencia de de qu\u00e9 forma se encuentren. Para todas y cada una de las familias que necesitan una calma econ\u00f3mica sin cargos auxiliares, adem\u00e1s de sentir que su familia queda protegido ante cualquier situaci\u00f3n. Mayoritariamente los que optan por este seguro es para tener una estabilidad a nivel econ\u00f3mico y no haya cambios en la prima todos los a\u00f1os. Prima nivelada con un 85 por ciento se\u00f1alada por la cantidad de clientes del servicio que eligen esta p\u00f3liza en Cofidis en las valoraciones que lo determinan. <\/p>\n<div class=\"colorf \"  ><div class=\"container clearfix\"><div class=\"col-md-7\"><\/p>\n<h2><span class=\"ez-toc-section\" id=\"Precio_de_seguro_de_decesos_Prima_Nivelada_Cofidis\"><\/span>Precio de seguro de decesos Prima Nivelada Cofidis<span class=\"ez-toc-section-end\"><\/span><\/h2>\n<p>El precio en el que se encuentra ahora mismo el seguro de prima nivelada Cofidis es 5 euros mensualmente, tomando en cuenta siempre y en toda circunstancia la edad del contratante en Cofidis, as\u00ed como la localidad. Adem\u00e1s han sido aplicados todos los descuentos, obteniendo de los mejores precios y m\u00e1s econ\u00f3micos de Cofidis. Asimismo se puede abonar de forma mensual, trimestral, semestral o anual, dando todas y cada una de las comodidades de pago posible a los clientes del servicio de Cofidis seguro de prima nivelada. Dentro de iDecesos conocer\u00e1s todas y cada una de las tarifas existentes, de los seguros de prima \u00abnivelada\u00bb sin embargo ver\u00e1s en detalle el coste que estabas buscando es el mejor o bien te lo podrian progresar. <\/p>\n<p><\/div><\/div><\/div>\n<h2><span class=\"ez-toc-section\" id=\"Productos_Prima_Nivelada_Cofidis\"><\/span>Productos Prima Nivelada Cofidis<span class=\"ez-toc-section-end\"><\/span><\/h2>\n<div class=\"colorf\"><div class=\"container clearfix\"><div class=\"col-md-7\"><div class=\"opiniones\">\n<h2><span class=\"ez-toc-section\" id=\"Opiniones_del_seguro_de_decesos_de_Prima_Nivelada_de_Cofidis\"><\/span>Opiniones del seguro de decesos de Prima Nivelada de Cofidis<span class=\"ez-toc-section-end\"><\/span><\/h2>\n<p>iDecesos su opini\u00f3n viene de los m\u00e1s resaltables que dar\u00e1n cobertura al completo de todo el producto dando un servicio de calidad y dando acceso al producto con libertad. Garantizado en todo momento las gestiones funerarias. La prima nivelada Cofidis genera muchas facilidades en el momento de realizar los pagos en los interesados. A fin de que los clientes del servicio consigan ciertas ventajas, Cofidis de manera ocasional hace promociones y bonos descuentos muy exclusivos. <\/p>\n<div class=\"opinion \"  >\n\t\t\t<div class=\"cabecera_opinion\">\n\t\t\t\t<div class=\"avatar\">S T <\/div>\n\t\t\t\t<div class=\"datos_opinion\">\n\t\t\t\t\t<div class=\"nombre_opinion\">Stefan Toller<\/div>\n\t\t\t\t\t<div class=\"info_opinion\">\t\t\t\t\t\t\n\t\t\t\t\t\t<div class=\"cuenta_opinion\"><i class=\"fas fa-pencil-alt\"><\/i><!--span class=\"dashicons dashicons-edit\" style=\"font-size:20px\"><\/span--><span>1 Opini\u00f3n<\/span><\/div>\t\t\t\t\t\t\n\t\t\t\t\t\t<div class=\"localizacion_opinion\">\n\t\t\t\t\t\t\t<i class=\"fas fa-map-marker-alt\"><\/i><!--span class=\"dashicons dashicons-location\" style=\"font-size:20px\"><\/span-->\n\t\t\t\t\t\t\t<span>ES<\/span>\n\t\t\t\t\t\t<\/div>\t\n\t\t\t\t\t<\/div>\n\t\t\t\t<\/div>\n\t\t\t<\/div><div class=\"texto_opinion\"><\/p>\n<p>Cuando ocurri\u00f3 el fallecimiento de mi madre, que sucedi\u00f3 de una forma repentina, la aseguradora se ocup\u00f3 de administrar todo de una forma eficaz, con lo que no tuvimos que preocuparnos de nada. Si en cualquier ocasi\u00f3n puede acontecer alg\u00fan problema, ellos cuentan con todas y cada una de las soluciones libres. <\/p>\n<p><\/div><\/div>\n<div class=\"opinion \"  >\n\t\t\t<div class=\"cabecera_opinion\">\n\t\t\t\t<div class=\"avatar\">Y T <\/div>\n\t\t\t\t<div class=\"datos_opinion\">\n\t\t\t\t\t<div class=\"nombre_opinion\">Yolanda Tormo<\/div>\n\t\t\t\t\t<div class=\"info_opinion\">\t\t\t\t\t\t\n\t\t\t\t\t\t<div class=\"cuenta_opinion\"><i class=\"fas fa-pencil-alt\"><\/i><!--span class=\"dashicons dashicons-edit\" style=\"font-size:20px\"><\/span--><span>1 Opini\u00f3n<\/span><\/div>\t\t\t\t\t\t\n\t\t\t\t\t\t<div class=\"localizacion_opinion\">\n\t\t\t\t\t\t\t<i class=\"fas fa-map-marker-alt\"><\/i><!--span class=\"dashicons dashicons-location\" style=\"font-size:20px\"><\/span-->\n\t\t\t\t\t\t\t<span>ES<\/span>\n\t\t\t\t\t\t<\/div>\t\n\t\t\t\t\t<\/div>\n\t\t\t\t<\/div>\n\t\t\t<\/div><div class=\"texto_opinion\"><\/p>\n<p>Cofidis en el momento que realice con ellos la p\u00f3liza de prima nivelada, la tarifa me pareci\u00f3 perfecta, no solo eso, sus trabajadores son inusuales, me trataron de forma que no tengo protesta con ello, cuentan con unas coberturas muy atractivas, que desde un principio era lo que estaba buscando, gracias a Cofidis por el mejor el servicio. <\/p>\n<p><\/div><\/div>\n<div class=\"opinion \"  >\n\t\t\t<div class=\"cabecera_opinion\">\n\t\t\t\t<div class=\"avatar\">C U <\/div>\n\t\t\t\t<div class=\"datos_opinion\">\n\t\t\t\t\t<div class=\"nombre_opinion\">Chucho Ur\u00eda<\/div>\n\t\t\t\t\t<div class=\"info_opinion\">\t\t\t\t\t\t\n\t\t\t\t\t\t<div class=\"cuenta_opinion\"><i class=\"fas fa-pencil-alt\"><\/i><!--span class=\"dashicons dashicons-edit\" style=\"font-size:20px\"><\/span--><span>1 Opini\u00f3n<\/span><\/div>\t\t\t\t\t\t\n\t\t\t\t\t\t<div class=\"localizacion_opinion\">\n\t\t\t\t\t\t\t<i class=\"fas fa-map-marker-alt\"><\/i><!--span class=\"dashicons dashicons-location\" style=\"font-size:20px\"><\/span-->\n\t\t\t\t\t\t\t<span>ES<\/span>\n\t\t\t\t\t\t<\/div>\t\n\t\t\t\t\t<\/div>\n\t\t\t\t<\/div>\n\t\t\t<\/div><div class=\"texto_opinion\"><\/p>\n<p>Un compa\u00f1ero de trabajo me habl\u00f3 de Cofidis por lo que en ese momento me sorprendi\u00f3 bastante por lo que bien que estaba con esa empresa aseguradora, me puse en contacto con ellos de inmediato, y un asesor se encarg\u00f3 de toda la tramitaci\u00f3n de manera inmediata, haciendo muy sencillo la contrataci\u00f3n de la p\u00f3liza de prima nivelada de Cofidis. <\/p>\n<p><\/div><\/div>\n<\/div><\/div><\/div><\/div>\n<p><div class=\"oficinas\"><br \/>\n<h3><span class=\"ez-toc-section\" id=\"Paginas_relacionadas\"><\/span>P\u00e1ginas relacionadas<span class=\"ez-toc-section-end\"><\/span><\/h3><div class=\"enlazado\"><ul> <li><a href=\"https:\/\/idecesos.com\/seguros\/companias\/cofidis\/opiniones\/\">Opiniones Cofidis<\/a><\/li> <li><a href=\"https:\/\/idecesos.com\/seguros\/companias\/cofidis\/precio\/\">Precio seguro Cofidis<\/a><\/li> <li><a href=\"https:\/\/idecesos.com\/seguros\/companias\/cofidis\/prima-natural\/\">Cofidis Prima Natural<\/a><\/li> <li><a href=\"https:\/\/idecesos.com\/seguros\/companias\/cofidis\/prima-nivelada\/\">Cofidis Prima Nivelada<\/a><\/li> <li><a href=\"https:\/\/idecesos.com\/seguros\/companias\/cofidis\/prima-unica\/\">Cofidis Prima \u00danica<\/a><\/li> <li><a href=\"https:\/\/idecesos.com\/seguros\/companias\/cofidis\/repatriacion\/\">Cofidis Repatriaci\u00f3n<\/a><\/li> <li><a href=\"https:\/\/idecesos.com\/seguros\/companias\/cofidis\/telefono\/\">Tel\u00e9fono Gratuito Cofidis<\/a><\/li><\/ul><\/div><\/p>\n<\/div>\n","protected":false},"excerpt":{"rendered":"<p>Resalta el seguro de decesos de prima nivelada Cofidis por dar un coste siempre y cuando se sostiene en el tiempo de manera continuada, y va a quedar a\u00f1adido a la suma de los gastos funerarios. La que m\u00e1s optan a contratar es la p\u00f3liza de prima nivelada Cofidis, asimismo es cierto que muchas de&hellip; <\/p>\n","protected":false},"author":3,"featured_media":0,"parent":13735,"menu_order":0,"comment_status":"closed","ping_status":"closed","template":"single.php","meta":{"footnotes":""},"class_list":["post-13744","page","type-page","status-publish","hentry"],"yoast_head":"<!-- This site is optimized with the Yoast SEO plugin v27.5 - https:\/\/yoast.com\/product\/yoast-seo-wordpress\/ -->\n<title>Seguro Decesos Cofidis Prima Nivelada \u25b7 Opiniones y Precio 2026<\/title>\n<meta name=\"description\" content=\"Click aqu\u00ed \u3010Seguro de Decesos Prima Nivelada Cofidis\u3011 Mejores precios Cofidis seguro de fallecidos Prima Nivelada \u2611\ufe0f Actualizado por iDecesos\u00ae\" \/>\n<meta name=\"robots\" content=\"index, follow, max-snippet:-1, max-image-preview:large, max-video-preview:-1\" \/>\n<link rel=\"canonical\" href=\"https:\/\/idecesos.com\/seguros\/companias\/cofidis\/prima-nivelada\/\" \/>\n<meta property=\"og:locale\" content=\"es_ES\" \/>\n<meta property=\"og:type\" content=\"article\" \/>\n<meta property=\"og:title\" content=\"Seguro Decesos Cofidis Prima Nivelada \u25b7 Opiniones y Precio 2026\" \/>\n<meta property=\"og:description\" content=\"Click aqu\u00ed \u3010Seguro de Decesos Prima Nivelada Cofidis\u3011 Mejores precios Cofidis seguro de fallecidos Prima Nivelada \u2611\ufe0f Actualizado por iDecesos\u00ae\" \/>\n<meta property=\"og:url\" content=\"https:\/\/idecesos.com\/seguros\/companias\/cofidis\/prima-nivelada\/\" \/>\n<meta property=\"article:modified_time\" content=\"2022-01-03T12:30:10+00:00\" \/>\n<meta name=\"twitter:card\" content=\"summary_large_image\" \/>\n<meta name=\"twitter:label1\" content=\"Tiempo de lectura\" \/>\n\t<meta name=\"twitter:data1\" content=\"57 minutos\" \/>\n<script type=\"application\/ld+json\" class=\"yoast-schema-graph\">{\"@context\":\"https:\\\/\\\/schema.org\",\"@graph\":[{\"@type\":\"WebPage\",\"@id\":\"https:\\\/\\\/idecesos.com\\\/seguros\\\/companias\\\/cofidis\\\/prima-nivelada\\\/\",\"url\":\"https:\\\/\\\/idecesos.com\\\/seguros\\\/companias\\\/cofidis\\\/prima-nivelada\\\/\",\"name\":\"Seguro Decesos Cofidis Prima Nivelada \u25b7 Opiniones y Precio 2026\",\"isPartOf\":{\"@id\":\"https:\\\/\\\/idecesos.com\\\/seguros\\\/#website\"},\"datePublished\":\"2021-11-30T00:00:00+00:00\",\"dateModified\":\"2022-01-03T12:30:10+00:00\",\"description\":\"Click aqu\u00ed \u3010Seguro de Decesos Prima Nivelada Cofidis\u3011 Mejores precios Cofidis seguro de fallecidos Prima Nivelada \u2611\ufe0f Actualizado por iDecesos\u00ae\",\"breadcrumb\":{\"@id\":\"https:\\\/\\\/idecesos.com\\\/seguros\\\/companias\\\/cofidis\\\/prima-nivelada\\\/#breadcrumb\"},\"inLanguage\":\"es\",\"potentialAction\":[{\"@type\":\"ReadAction\",\"target\":[\"https:\\\/\\\/idecesos.com\\\/seguros\\\/companias\\\/cofidis\\\/prima-nivelada\\\/\"]}]},{\"@type\":\"BreadcrumbList\",\"@id\":\"https:\\\/\\\/idecesos.com\\\/seguros\\\/companias\\\/cofidis\\\/prima-nivelada\\\/#breadcrumb\",\"itemListElement\":[{\"@type\":\"ListItem\",\"position\":1,\"name\":\"Portada\",\"item\":\"https:\\\/\\\/idecesos.com\\\/seguros\\\/\"},{\"@type\":\"ListItem\",\"position\":2,\"name\":\"Compa\u00f1\u00edas de Seguros de Decesos en Espa\u00f1a\",\"item\":\"https:\\\/\\\/idecesos.com\\\/seguros\\\/companias\\\/\"},{\"@type\":\"ListItem\",\"position\":3,\"name\":\"Seguro de decesos Cofidis\",\"item\":\"https:\\\/\\\/idecesos.com\\\/seguros\\\/companias\\\/cofidis\\\/\"},{\"@type\":\"ListItem\",\"position\":4,\"name\":\"Seguro de decesos Cofidis Prima Nivelada\"}]},{\"@type\":\"WebSite\",\"@id\":\"https:\\\/\\\/idecesos.com\\\/seguros\\\/#website\",\"url\":\"https:\\\/\\\/idecesos.com\\\/seguros\\\/\",\"name\":\"\",\"description\":\"\",\"potentialAction\":[{\"@type\":\"SearchAction\",\"target\":{\"@type\":\"EntryPoint\",\"urlTemplate\":\"https:\\\/\\\/idecesos.com\\\/seguros\\\/?s={search_term_string}\"},\"query-input\":{\"@type\":\"PropertyValueSpecification\",\"valueRequired\":true,\"valueName\":\"search_term_string\"}}],\"inLanguage\":\"es\"}]}<\/script>\n<!-- \/ Yoast SEO plugin. -->","yoast_head_json":{"title":"Seguro Decesos Cofidis Prima Nivelada \u25b7 Opiniones y Precio 2026","description":"Click aqu\u00ed \u3010Seguro de Decesos Prima Nivelada Cofidis\u3011 Mejores precios Cofidis seguro de fallecidos Prima Nivelada \u2611\ufe0f Actualizado por iDecesos\u00ae","robots":{"index":"index","follow":"follow","max-snippet":"max-snippet:-1","max-image-preview":"max-image-preview:large","max-video-preview":"max-video-preview:-1"},"canonical":"https:\/\/idecesos.com\/seguros\/companias\/cofidis\/prima-nivelada\/","og_locale":"es_ES","og_type":"article","og_title":"Seguro Decesos Cofidis Prima Nivelada \u25b7 Opiniones y Precio 2026","og_description":"Click aqu\u00ed \u3010Seguro de Decesos Prima Nivelada Cofidis\u3011 Mejores precios Cofidis seguro de fallecidos Prima Nivelada \u2611\ufe0f Actualizado por iDecesos\u00ae","og_url":"https:\/\/idecesos.com\/seguros\/companias\/cofidis\/prima-nivelada\/","article_modified_time":"2022-01-03T12:30:10+00:00","twitter_card":"summary_large_image","twitter_misc":{"Tiempo de lectura":"57 minutos"},"schema":{"@context":"https:\/\/schema.org","@graph":[{"@type":"WebPage","@id":"https:\/\/idecesos.com\/seguros\/companias\/cofidis\/prima-nivelada\/","url":"https:\/\/idecesos.com\/seguros\/companias\/cofidis\/prima-nivelada\/","name":"Seguro Decesos Cofidis Prima Nivelada \u25b7 Opiniones y Precio 2026","isPartOf":{"@id":"https:\/\/idecesos.com\/seguros\/#website"},"datePublished":"2021-11-30T00:00:00+00:00","dateModified":"2022-01-03T12:30:10+00:00","description":"Click aqu\u00ed \u3010Seguro de Decesos Prima Nivelada Cofidis\u3011 Mejores precios Cofidis seguro de fallecidos Prima Nivelada \u2611\ufe0f Actualizado por iDecesos\u00ae","breadcrumb":{"@id":"https:\/\/idecesos.com\/seguros\/companias\/cofidis\/prima-nivelada\/#breadcrumb"},"inLanguage":"es","potentialAction":[{"@type":"ReadAction","target":["https:\/\/idecesos.com\/seguros\/companias\/cofidis\/prima-nivelada\/"]}]},{"@type":"BreadcrumbList","@id":"https:\/\/idecesos.com\/seguros\/companias\/cofidis\/prima-nivelada\/#breadcrumb","itemListElement":[{"@type":"ListItem","position":1,"name":"Portada","item":"https:\/\/idecesos.com\/seguros\/"},{"@type":"ListItem","position":2,"name":"Compa\u00f1\u00edas de Seguros de Decesos en Espa\u00f1a","item":"https:\/\/idecesos.com\/seguros\/companias\/"},{"@type":"ListItem","position":3,"name":"Seguro de decesos Cofidis","item":"https:\/\/idecesos.com\/seguros\/companias\/cofidis\/"},{"@type":"ListItem","position":4,"name":"Seguro de decesos Cofidis Prima Nivelada"}]},{"@type":"WebSite","@id":"https:\/\/idecesos.com\/seguros\/#website","url":"https:\/\/idecesos.com\/seguros\/","name":"","description":"","potentialAction":[{"@type":"SearchAction","target":{"@type":"EntryPoint","urlTemplate":"https:\/\/idecesos.com\/seguros\/?s={search_term_string}"},"query-input":{"@type":"PropertyValueSpecification","valueRequired":true,"valueName":"search_term_string"}}],"inLanguage":"es"}]}},"_links":{"self":[{"href":"https:\/\/idecesos.com\/seguros\/wp-json\/wp\/v2\/pages\/13744","targetHints":{"allow":["GET"]}}],"collection":[{"href":"https:\/\/idecesos.com\/seguros\/wp-json\/wp\/v2\/pages"}],"about":[{"href":"https:\/\/idecesos.com\/seguros\/wp-json\/wp\/v2\/types\/page"}],"author":[{"embeddable":true,"href":"https:\/\/idecesos.com\/seguros\/wp-json\/wp\/v2\/users\/3"}],"replies":[{"embeddable":true,"href":"https:\/\/idecesos.com\/seguros\/wp-json\/wp\/v2\/comments?post=13744"}],"version-history":[{"count":1,"href":"https:\/\/idecesos.com\/seguros\/wp-json\/wp\/v2\/pages\/13744\/revisions"}],"predecessor-version":[{"id":18629,"href":"https:\/\/idecesos.com\/seguros\/wp-json\/wp\/v2\/pages\/13744\/revisions\/18629"}],"up":[{"embeddable":true,"href":"https:\/\/idecesos.com\/seguros\/wp-json\/wp\/v2\/pages\/13735"}],"wp:attachment":[{"href":"https:\/\/idecesos.com\/seguros\/wp-json\/wp\/v2\/media?parent=13744"}],"curies":[{"name":"wp","href":"https:\/\/api.w.org\/{rel}","templated":true}]}}