{"id":13745,"date":"2021-11-30T00:00:00","date_gmt":"2021-11-30T00:00:00","guid":{"rendered":"https:\/\/idecesos.com\/seguros\/?page_id=13745"},"modified":"2022-01-03T12:30:10","modified_gmt":"2022-01-03T12:30:10","slug":"prima-natural","status":"publish","type":"page","link":"https:\/\/idecesos.com\/seguros\/companias\/cofidis\/prima-natural\/","title":{"rendered":"Seguro de decesos Cofidis Prima Natural"},"content":{"rendered":"<div id=\"ez-toc-container\" class=\"ez-toc-v2_0_82_2 ez-toc-wrap-center counter-hierarchy ez-toc-counter ez-toc-custom ez-toc-container-direction\">\n<div class=\"ez-toc-title-container\">\n<p class=\"ez-toc-title\" style=\"cursor:inherit\">Tabla de Contenido<\/p>\n<span class=\"ez-toc-title-toggle\"><a href=\"#\" class=\"ez-toc-pull-right ez-toc-btn ez-toc-btn-xs ez-toc-btn-default ez-toc-toggle\" aria-label=\"Alternar tabla de contenidos\"><span class=\"ez-toc-js-icon-con\"><span class=\"\"><span class=\"eztoc-hide\" style=\"display:none;\">Toggle<\/span><span class=\"ez-toc-icon-toggle-span\"><svg style=\"fill: #db6415;color:#db6415\" xmlns=\"http:\/\/www.w3.org\/2000\/svg\" class=\"list-377408\" width=\"20px\" height=\"20px\" viewBox=\"0 0 24 24\" fill=\"none\"><path d=\"M6 6H4v2h2V6zm14 0H8v2h12V6zM4 11h2v2H4v-2zm16 0H8v2h12v-2zM4 16h2v2H4v-2zm16 0H8v2h12v-2z\" fill=\"currentColor\"><\/path><\/svg><svg style=\"fill: #db6415;color:#db6415\" class=\"arrow-unsorted-368013\" xmlns=\"http:\/\/www.w3.org\/2000\/svg\" width=\"10px\" height=\"10px\" viewBox=\"0 0 24 24\" version=\"1.2\" baseProfile=\"tiny\"><path d=\"M18.2 9.3l-6.2-6.3-6.2 6.3c-.2.2-.3.4-.3.7s.1.5.3.7c.2.2.4.3.7.3h11c.3 0 .5-.1.7-.3.2-.2.3-.5.3-.7s-.1-.5-.3-.7zM5.8 14.7l6.2 6.3 6.2-6.3c.2-.2.3-.5.3-.7s-.1-.5-.3-.7c-.2-.2-.4-.3-.7-.3h-11c-.3 0-.5.1-.7.3-.2.2-.3.5-.3.7s.1.5.3.7z\"\/><\/svg><\/span><\/span><\/span><\/a><\/span><\/div>\n<nav><ul class='ez-toc-list ez-toc-list-level-1 ' ><li class='ez-toc-page-1 ez-toc-heading-level-2'><a class=\"ez-toc-link ez-toc-heading-1\" href=\"https:\/\/idecesos.com\/seguros\/companias\/cofidis\/prima-natural\/#Coberturas_seguro_Prima_Natural_Cofidis\" >Coberturas seguro Prima Natural Cofidis<\/a><ul class='ez-toc-list-level-3' ><li class='ez-toc-heading-level-3'><a class=\"ez-toc-link ez-toc-heading-2\" href=\"https:\/\/idecesos.com\/seguros\/companias\/cofidis\/prima-natural\/#%C2%BFA_quien_va_dirigido_el_seguro_de_decesos_Prima_Natural_de_Cofidis\" >\u00bfA qui\u00e9n va dirigido el seguro de decesos Prima Natural de Cofidis?<\/a><\/li><\/ul><\/li><li class='ez-toc-page-1 ez-toc-heading-level-2'><a class=\"ez-toc-link ez-toc-heading-3\" href=\"https:\/\/idecesos.com\/seguros\/companias\/cofidis\/prima-natural\/#Precio_de_seguro_de_decesos_Prima_Natural_Cofidis\" >Precio de seguro de decesos Prima Natural Cofidis<\/a><\/li><li class='ez-toc-page-1 ez-toc-heading-level-2'><a class=\"ez-toc-link ez-toc-heading-4\" href=\"https:\/\/idecesos.com\/seguros\/companias\/cofidis\/prima-natural\/#Productos_Prima_Natural_Cofidis\" >Productos Prima Natural Cofidis<\/a><\/li><li class='ez-toc-page-1 ez-toc-heading-level-2'><a class=\"ez-toc-link ez-toc-heading-5\" href=\"https:\/\/idecesos.com\/seguros\/companias\/cofidis\/prima-natural\/#Opiniones_del_seguro_de_decesos_de_Prima_Natural_de_Cofidis\" >Opiniones del seguro de decesos de Prima Natural de Cofidis<\/a><ul class='ez-toc-list-level-3' ><li class='ez-toc-heading-level-3'><a class=\"ez-toc-link ez-toc-heading-6\" href=\"https:\/\/idecesos.com\/seguros\/companias\/cofidis\/prima-natural\/#Paginas_relacionadas\" >P\u00e1ginas relacionadas<\/a><\/li><\/ul><\/li><\/ul><\/nav><\/div>\n\n<p>El seguro de decesos de prima natural de Cofidis se explicara de manera m\u00e1s f\u00e1cil y exactamente en qu\u00e9 consiste esta clase de seguro. Dentro del seguro de prima natural de Cofidis los primordiales puntos que se tomar\u00e1 en cuenta la edad del asegurado como d\u00f3nde resida y el servicio funerario sea el m\u00e1s econ\u00f3micos. Asimismo, el coste tambi\u00e9n va asociado al incremento del valor de los servicios funerarios asociados en todos y cada localidad, y acostumbran a cambiar. Es el que m\u00e1s adquieren en lo que se refiere al seguro de prima natural de Cofidis en tanto que cuenta con de los mejores precios del mercado. <\/p>\n<p>Leer m\u00e1s: <a href=\"https:\/\/idecesos.com\/seguros\/tipo\/natural\/\">Seguro de decesos Prima Natural<\/a><\/p>\n<div class=\"colorf \"  ><div class=\"container clearfix\"><div class=\"col-md-7\"><\/p>\n<h2><span class=\"ez-toc-section\" id=\"Coberturas_seguro_Prima_Natural_Cofidis\"><\/span>Coberturas seguro Prima Natural Cofidis<span class=\"ez-toc-section-end\"><\/span><\/h2>\n<p>El seguro de prima natural de Cofidis son lo m\u00e1s actualizados y completos por lo que es uno de los mejores en el mercado asegurador de Espa\u00f1a. \u00bfQu\u00e9 coberturas tiene Cofidis del seguro de prima natural? Tienen las mejores coberturas con el servicio de sepelio, administraci\u00f3n del traslado del fallecido, corona floral,incineraci\u00f3n o bien urna, servicio de asistencia familiar es uno de lo m\u00e1s importante ya que da apoyo familiar en ese instante tan duro. Es esencial que en el servicio de tanatorio cubre completamente la sala de tanatorio en el cual lo adecuar\u00e1n en las medidas del lugar contando con las mejores condiciones para los familiares, a fin de que puedan dar el \u00faltimo adi\u00f3s. El seguro de prima natural de Cofidis asegura al completo de dejar el cad\u00e1ver que luzca perfectamente y sea visiblemente elegante gracias al embalsamiento, maquillaje entre otros. Adem\u00e1s de esto si la familia lo requiere cuenta con el servicio de acto religioso, necrol\u00f3gica, entierro o bien incineraci\u00f3n entre otras muchas de las coberturas que contiene. <\/p>\n<p><\/div><\/div><\/div>\n<h3><span class=\"ez-toc-section\" id=\"%C2%BFA_quien_va_dirigido_el_seguro_de_decesos_Prima_Natural_de_Cofidis\"><\/span>\u00bfA qui\u00e9n va dirigido el seguro de decesos Prima Natural de Cofidis?<span class=\"ez-toc-section-end\"><\/span><\/h3>\n<p>El seguro de prima natural de Cofidis est\u00e1 m\u00e1s enfocado para aquellas personas j\u00f3venes puesto que pueden obtener considerablemente m\u00e1s ventaja. Por qu\u00e9 raz\u00f3n decide Cofidis premiar el hecho de no hay tanto riesgo de que ocurra un siniestro con lo que cuenta con menos posibilidad que en otras edades. <\/p>\n<div class=\"colorf \"  ><div class=\"container clearfix\"><div class=\"col-md-7\"><\/p>\n<h2><span class=\"ez-toc-section\" id=\"Precio_de_seguro_de_decesos_Prima_Natural_Cofidis\"><\/span>Precio de seguro de decesos Prima Natural Cofidis<span class=\"ez-toc-section-end\"><\/span><\/h2>\n<p>El precio del seguro de prima natural de Cofidis es desde 2,15\u20ac por asegurado. Este c\u00e1lculo de ha cogido como puntos referenciales la edad y la localidad de la persona. Siendo una persona joven y dentro de la localidad el servicio funerario sea m\u00e1s asequible. Tu mejor aliado en comparaci\u00f3n es iDecesos, efect\u00faa las comparaciones en referencia al seguro de prima natural de Cofidis y obtendr\u00e1s los mejores resultados sin perder el tiempo. <\/p>\n<p><\/div><\/div><\/div>\n<h2><span class=\"ez-toc-section\" id=\"Productos_Prima_Natural_Cofidis\"><\/span>Productos Prima Natural Cofidis<span class=\"ez-toc-section-end\"><\/span><\/h2>\n<div class=\"colorf\"><div class=\"container clearfix\"><div class=\"col-md-7\"><div class=\"opiniones\">\n<h2><span class=\"ez-toc-section\" id=\"Opiniones_del_seguro_de_decesos_de_Prima_Natural_de_Cofidis\"><\/span>Opiniones del seguro de decesos de Prima Natural de Cofidis<span class=\"ez-toc-section-end\"><\/span><\/h2>\n<div class=\"opinion \"  >\n\t\t\t<div class=\"cabecera_opinion\">\n\t\t\t\t<div class=\"avatar\">D B <\/div>\n\t\t\t\t<div class=\"datos_opinion\">\n\t\t\t\t\t<div class=\"nombre_opinion\">Dominga Benitez<\/div>\n\t\t\t\t\t<div class=\"info_opinion\">\t\t\t\t\t\t\n\t\t\t\t\t\t<div class=\"cuenta_opinion\"><i class=\"fas fa-pencil-alt\"><\/i><!--span class=\"dashicons dashicons-edit\" style=\"font-size:20px\"><\/span--><span>1 Opini\u00f3n<\/span><\/div>\t\t\t\t\t\t\n\t\t\t\t\t\t<div class=\"localizacion_opinion\">\n\t\t\t\t\t\t\t<i class=\"fas fa-map-marker-alt\"><\/i><!--span class=\"dashicons dashicons-location\" style=\"font-size:20px\"><\/span-->\n\t\t\t\t\t\t\t<span>ES<\/span>\n\t\t\t\t\t\t<\/div>\t\n\t\t\t\t\t<\/div>\n\t\t\t\t<\/div>\n\t\t\t<\/div><div class=\"texto_opinion\"><\/p>\n<p>S\u00e9 que al principio os va a parecer un poco m\u00e1s complicado dar con la empresa de seguros y que adem\u00e1s de ello cumplan con las cl\u00e1usulas que indican, adem\u00e1s de esto de todo ello de que la prima sea suficientemente buena,  os aconsejo Cofidis debido que cuenta con todas las peculiaridades necesarias para contar con \u00e9l, como adem\u00e1s de esto de la profesionalidad que tienen, os comento que teng\u00e1is en cuenta que cada a\u00f1o ocurre una subida, con el de forma natural ya que no es siempre y en toda circunstancia el mismo pago, para que lo teng\u00e1is en cuenta al instante de contratarlo de Cofidis.<\/p>\n<p><\/div><\/div>\n<div class=\"opinion \"  >\n\t\t\t<div class=\"cabecera_opinion\">\n\t\t\t\t<div class=\"avatar\">C T <\/div>\n\t\t\t\t<div class=\"datos_opinion\">\n\t\t\t\t\t<div class=\"nombre_opinion\">Cayetana Tere<\/div>\n\t\t\t\t\t<div class=\"info_opinion\">\t\t\t\t\t\t\n\t\t\t\t\t\t<div class=\"cuenta_opinion\"><i class=\"fas fa-pencil-alt\"><\/i><!--span class=\"dashicons dashicons-edit\" style=\"font-size:20px\"><\/span--><span>1 Opini\u00f3n<\/span><\/div>\t\t\t\t\t\t\n\t\t\t\t\t\t<div class=\"localizacion_opinion\">\n\t\t\t\t\t\t\t<i class=\"fas fa-map-marker-alt\"><\/i><!--span class=\"dashicons dashicons-location\" style=\"font-size:20px\"><\/span-->\n\t\t\t\t\t\t\t<span>ES<\/span>\n\t\t\t\t\t\t<\/div>\t\n\t\t\t\t\t<\/div>\n\t\t\t\t<\/div>\n\t\t\t<\/div><div class=\"texto_opinion\"><\/p>\n<p>Tengo asegurado a mis 3 hijos y a mi mujer con el seguro de prima \u00fanica de Cofidis y pago 12,80 euros al mes por todos, est\u00e1 honestamente bien y con una compa\u00f1\u00eda top.<\/p>\n<p><\/div><\/div>\n<div class=\"opinion \"  >\n\t\t\t<div class=\"cabecera_opinion\">\n\t\t\t\t<div class=\"avatar\">I I <\/div>\n\t\t\t\t<div class=\"datos_opinion\">\n\t\t\t\t\t<div class=\"nombre_opinion\">Iv\u00e1n Ib\u00e1\u00f1ez<\/div>\n\t\t\t\t\t<div class=\"info_opinion\">\t\t\t\t\t\t\n\t\t\t\t\t\t<div class=\"cuenta_opinion\"><i class=\"fas fa-pencil-alt\"><\/i><!--span class=\"dashicons dashicons-edit\" style=\"font-size:20px\"><\/span--><span>1 Opini\u00f3n<\/span><\/div>\t\t\t\t\t\t\n\t\t\t\t\t\t<div class=\"localizacion_opinion\">\n\t\t\t\t\t\t\t<i class=\"fas fa-map-marker-alt\"><\/i><!--span class=\"dashicons dashicons-location\" style=\"font-size:20px\"><\/span-->\n\t\t\t\t\t\t\t<span>ES<\/span>\n\t\t\t\t\t\t<\/div>\t\n\t\t\t\t\t<\/div>\n\t\t\t\t<\/div>\n\t\t\t<\/div><div class=\"texto_opinion\"><\/p>\n<p>Dentro de mi familia se lo he recomendado a los que son de una edad joven ya que contar\u00e1n con buenas coberturas con el seguro de decesos de prima natural de Cofidis. Si bien cuando cumplan m\u00e1s a\u00f1os deber\u00edan comprobar las subidas anuales.<\/p>\n<p><\/div><\/div>\n<\/div><\/div><\/div><\/div>\n<p><div class=\"oficinas\"><br \/>\n<h3><span class=\"ez-toc-section\" id=\"Paginas_relacionadas\"><\/span>P\u00e1ginas relacionadas<span class=\"ez-toc-section-end\"><\/span><\/h3><div class=\"enlazado\"><ul> <li><a href=\"https:\/\/idecesos.com\/seguros\/companias\/cofidis\/opiniones\/\">Opiniones Cofidis<\/a><\/li> <li><a href=\"https:\/\/idecesos.com\/seguros\/companias\/cofidis\/precio\/\">Precio seguro Cofidis<\/a><\/li> <li><a href=\"https:\/\/idecesos.com\/seguros\/companias\/cofidis\/prima-natural\/\">Cofidis Prima Natural<\/a><\/li> <li><a href=\"https:\/\/idecesos.com\/seguros\/companias\/cofidis\/prima-nivelada\/\">Cofidis Prima Nivelada<\/a><\/li> <li><a href=\"https:\/\/idecesos.com\/seguros\/companias\/cofidis\/prima-unica\/\">Cofidis Prima \u00danica<\/a><\/li> <li><a href=\"https:\/\/idecesos.com\/seguros\/companias\/cofidis\/repatriacion\/\">Cofidis Repatriaci\u00f3n<\/a><\/li> <li><a href=\"https:\/\/idecesos.com\/seguros\/companias\/cofidis\/telefono\/\">Tel\u00e9fono Gratuito Cofidis<\/a><\/li><\/ul><\/div><\/p>\n<\/div>\n","protected":false},"excerpt":{"rendered":"<p>El seguro de decesos de prima natural de Cofidis se explicara de manera m\u00e1s f\u00e1cil y exactamente en qu\u00e9 consiste esta clase de seguro. Dentro del seguro de prima natural de Cofidis los primordiales puntos que se tomar\u00e1 en cuenta la edad del asegurado como d\u00f3nde resida y el servicio funerario sea el m\u00e1s econ\u00f3micos.&hellip; <\/p>\n","protected":false},"author":3,"featured_media":0,"parent":13735,"menu_order":0,"comment_status":"closed","ping_status":"closed","template":"single.php","meta":{"footnotes":""},"class_list":["post-13745","page","type-page","status-publish","hentry"],"yoast_head":"<!-- This site is optimized with the Yoast SEO plugin v27.5 - https:\/\/yoast.com\/product\/yoast-seo-wordpress\/ -->\n<title>Seguro Decesos Cofidis Prima Natural \u25b7 Opiniones y Precio 2026<\/title>\n<meta name=\"description\" content=\"Click aqu\u00ed \u3010Seguro de Decesos Prima Natural Cofidis\u3011 Mejores precios Cofidis seguro de fallecidos Prima Natural \u2611\ufe0f Actualizado por iDecesos\u00ae\" \/>\n<meta name=\"robots\" content=\"index, follow, max-snippet:-1, max-image-preview:large, max-video-preview:-1\" \/>\n<link rel=\"canonical\" href=\"https:\/\/idecesos.com\/seguros\/companias\/cofidis\/prima-natural\/\" \/>\n<meta property=\"og:locale\" content=\"es_ES\" \/>\n<meta property=\"og:type\" content=\"article\" \/>\n<meta property=\"og:title\" content=\"Seguro Decesos Cofidis Prima Natural \u25b7 Opiniones y Precio 2026\" \/>\n<meta property=\"og:description\" content=\"Click aqu\u00ed \u3010Seguro de Decesos Prima Natural Cofidis\u3011 Mejores precios Cofidis seguro de fallecidos Prima Natural \u2611\ufe0f Actualizado por iDecesos\u00ae\" \/>\n<meta property=\"og:url\" content=\"https:\/\/idecesos.com\/seguros\/companias\/cofidis\/prima-natural\/\" \/>\n<meta property=\"article:modified_time\" content=\"2022-01-03T12:30:10+00:00\" \/>\n<meta name=\"twitter:card\" content=\"summary_large_image\" \/>\n<meta name=\"twitter:label1\" content=\"Tiempo de lectura\" \/>\n\t<meta name=\"twitter:data1\" content=\"54 minutos\" \/>\n<script type=\"application\/ld+json\" class=\"yoast-schema-graph\">{\"@context\":\"https:\\\/\\\/schema.org\",\"@graph\":[{\"@type\":\"WebPage\",\"@id\":\"https:\\\/\\\/idecesos.com\\\/seguros\\\/companias\\\/cofidis\\\/prima-natural\\\/\",\"url\":\"https:\\\/\\\/idecesos.com\\\/seguros\\\/companias\\\/cofidis\\\/prima-natural\\\/\",\"name\":\"Seguro Decesos Cofidis Prima Natural \u25b7 Opiniones y Precio 2026\",\"isPartOf\":{\"@id\":\"https:\\\/\\\/idecesos.com\\\/seguros\\\/#website\"},\"datePublished\":\"2021-11-30T00:00:00+00:00\",\"dateModified\":\"2022-01-03T12:30:10+00:00\",\"description\":\"Click aqu\u00ed \u3010Seguro de Decesos Prima Natural Cofidis\u3011 Mejores precios Cofidis seguro de fallecidos Prima Natural \u2611\ufe0f Actualizado por iDecesos\u00ae\",\"breadcrumb\":{\"@id\":\"https:\\\/\\\/idecesos.com\\\/seguros\\\/companias\\\/cofidis\\\/prima-natural\\\/#breadcrumb\"},\"inLanguage\":\"es\",\"potentialAction\":[{\"@type\":\"ReadAction\",\"target\":[\"https:\\\/\\\/idecesos.com\\\/seguros\\\/companias\\\/cofidis\\\/prima-natural\\\/\"]}]},{\"@type\":\"BreadcrumbList\",\"@id\":\"https:\\\/\\\/idecesos.com\\\/seguros\\\/companias\\\/cofidis\\\/prima-natural\\\/#breadcrumb\",\"itemListElement\":[{\"@type\":\"ListItem\",\"position\":1,\"name\":\"Portada\",\"item\":\"https:\\\/\\\/idecesos.com\\\/seguros\\\/\"},{\"@type\":\"ListItem\",\"position\":2,\"name\":\"Compa\u00f1\u00edas de Seguros de Decesos en Espa\u00f1a\",\"item\":\"https:\\\/\\\/idecesos.com\\\/seguros\\\/companias\\\/\"},{\"@type\":\"ListItem\",\"position\":3,\"name\":\"Seguro de decesos Cofidis\",\"item\":\"https:\\\/\\\/idecesos.com\\\/seguros\\\/companias\\\/cofidis\\\/\"},{\"@type\":\"ListItem\",\"position\":4,\"name\":\"Seguro de decesos Cofidis Prima Natural\"}]},{\"@type\":\"WebSite\",\"@id\":\"https:\\\/\\\/idecesos.com\\\/seguros\\\/#website\",\"url\":\"https:\\\/\\\/idecesos.com\\\/seguros\\\/\",\"name\":\"\",\"description\":\"\",\"potentialAction\":[{\"@type\":\"SearchAction\",\"target\":{\"@type\":\"EntryPoint\",\"urlTemplate\":\"https:\\\/\\\/idecesos.com\\\/seguros\\\/?s={search_term_string}\"},\"query-input\":{\"@type\":\"PropertyValueSpecification\",\"valueRequired\":true,\"valueName\":\"search_term_string\"}}],\"inLanguage\":\"es\"}]}<\/script>\n<!-- \/ Yoast SEO plugin. -->","yoast_head_json":{"title":"Seguro Decesos Cofidis Prima Natural \u25b7 Opiniones y Precio 2026","description":"Click aqu\u00ed \u3010Seguro de Decesos Prima Natural Cofidis\u3011 Mejores precios Cofidis seguro de fallecidos Prima Natural \u2611\ufe0f Actualizado por iDecesos\u00ae","robots":{"index":"index","follow":"follow","max-snippet":"max-snippet:-1","max-image-preview":"max-image-preview:large","max-video-preview":"max-video-preview:-1"},"canonical":"https:\/\/idecesos.com\/seguros\/companias\/cofidis\/prima-natural\/","og_locale":"es_ES","og_type":"article","og_title":"Seguro Decesos Cofidis Prima Natural \u25b7 Opiniones y Precio 2026","og_description":"Click aqu\u00ed \u3010Seguro de Decesos Prima Natural Cofidis\u3011 Mejores precios Cofidis seguro de fallecidos Prima Natural \u2611\ufe0f Actualizado por iDecesos\u00ae","og_url":"https:\/\/idecesos.com\/seguros\/companias\/cofidis\/prima-natural\/","article_modified_time":"2022-01-03T12:30:10+00:00","twitter_card":"summary_large_image","twitter_misc":{"Tiempo de lectura":"54 minutos"},"schema":{"@context":"https:\/\/schema.org","@graph":[{"@type":"WebPage","@id":"https:\/\/idecesos.com\/seguros\/companias\/cofidis\/prima-natural\/","url":"https:\/\/idecesos.com\/seguros\/companias\/cofidis\/prima-natural\/","name":"Seguro Decesos Cofidis Prima Natural \u25b7 Opiniones y Precio 2026","isPartOf":{"@id":"https:\/\/idecesos.com\/seguros\/#website"},"datePublished":"2021-11-30T00:00:00+00:00","dateModified":"2022-01-03T12:30:10+00:00","description":"Click aqu\u00ed \u3010Seguro de Decesos Prima Natural Cofidis\u3011 Mejores precios Cofidis seguro de fallecidos Prima Natural \u2611\ufe0f Actualizado por iDecesos\u00ae","breadcrumb":{"@id":"https:\/\/idecesos.com\/seguros\/companias\/cofidis\/prima-natural\/#breadcrumb"},"inLanguage":"es","potentialAction":[{"@type":"ReadAction","target":["https:\/\/idecesos.com\/seguros\/companias\/cofidis\/prima-natural\/"]}]},{"@type":"BreadcrumbList","@id":"https:\/\/idecesos.com\/seguros\/companias\/cofidis\/prima-natural\/#breadcrumb","itemListElement":[{"@type":"ListItem","position":1,"name":"Portada","item":"https:\/\/idecesos.com\/seguros\/"},{"@type":"ListItem","position":2,"name":"Compa\u00f1\u00edas de Seguros de Decesos en Espa\u00f1a","item":"https:\/\/idecesos.com\/seguros\/companias\/"},{"@type":"ListItem","position":3,"name":"Seguro de decesos Cofidis","item":"https:\/\/idecesos.com\/seguros\/companias\/cofidis\/"},{"@type":"ListItem","position":4,"name":"Seguro de decesos Cofidis Prima Natural"}]},{"@type":"WebSite","@id":"https:\/\/idecesos.com\/seguros\/#website","url":"https:\/\/idecesos.com\/seguros\/","name":"","description":"","potentialAction":[{"@type":"SearchAction","target":{"@type":"EntryPoint","urlTemplate":"https:\/\/idecesos.com\/seguros\/?s={search_term_string}"},"query-input":{"@type":"PropertyValueSpecification","valueRequired":true,"valueName":"search_term_string"}}],"inLanguage":"es"}]}},"_links":{"self":[{"href":"https:\/\/idecesos.com\/seguros\/wp-json\/wp\/v2\/pages\/13745","targetHints":{"allow":["GET"]}}],"collection":[{"href":"https:\/\/idecesos.com\/seguros\/wp-json\/wp\/v2\/pages"}],"about":[{"href":"https:\/\/idecesos.com\/seguros\/wp-json\/wp\/v2\/types\/page"}],"author":[{"embeddable":true,"href":"https:\/\/idecesos.com\/seguros\/wp-json\/wp\/v2\/users\/3"}],"replies":[{"embeddable":true,"href":"https:\/\/idecesos.com\/seguros\/wp-json\/wp\/v2\/comments?post=13745"}],"version-history":[{"count":1,"href":"https:\/\/idecesos.com\/seguros\/wp-json\/wp\/v2\/pages\/13745\/revisions"}],"predecessor-version":[{"id":18628,"href":"https:\/\/idecesos.com\/seguros\/wp-json\/wp\/v2\/pages\/13745\/revisions\/18628"}],"up":[{"embeddable":true,"href":"https:\/\/idecesos.com\/seguros\/wp-json\/wp\/v2\/pages\/13735"}],"wp:attachment":[{"href":"https:\/\/idecesos.com\/seguros\/wp-json\/wp\/v2\/media?parent=13745"}],"curies":[{"name":"wp","href":"https:\/\/api.w.org\/{rel}","templated":true}]}}