{"id":13897,"date":"2021-11-10T21:04:32","date_gmt":"2021-11-10T21:03:16","guid":{"rendered":"https:\/\/idecesos.com\/seguros\/companias\/asisa\/badajoz\/"},"modified":"2021-11-10T21:04:32","modified_gmt":"2021-11-10T21:04:32","slug":"badajoz","status":"publish","type":"page","link":"https:\/\/idecesos.com\/seguros\/companias\/asisa\/badajoz\/","title":{"rendered":"Oficinas seguros de decesos Asisa en Badajoz"},"content":{"rendered":"<div id=\"ez-toc-container\" class=\"ez-toc-v2_0_82_2 ez-toc-wrap-center counter-hierarchy ez-toc-counter ez-toc-custom ez-toc-container-direction\">\n<div class=\"ez-toc-title-container\">\n<p class=\"ez-toc-title\" style=\"cursor:inherit\">Tabla de Contenido<\/p>\n<span class=\"ez-toc-title-toggle\"><a href=\"#\" class=\"ez-toc-pull-right ez-toc-btn ez-toc-btn-xs ez-toc-btn-default ez-toc-toggle\" aria-label=\"Alternar tabla de contenidos\"><span class=\"ez-toc-js-icon-con\"><span class=\"\"><span class=\"eztoc-hide\" style=\"display:none;\">Toggle<\/span><span class=\"ez-toc-icon-toggle-span\"><svg style=\"fill: #db6415;color:#db6415\" xmlns=\"http:\/\/www.w3.org\/2000\/svg\" class=\"list-377408\" width=\"20px\" height=\"20px\" viewBox=\"0 0 24 24\" fill=\"none\"><path d=\"M6 6H4v2h2V6zm14 0H8v2h12V6zM4 11h2v2H4v-2zm16 0H8v2h12v-2zM4 16h2v2H4v-2zm16 0H8v2h12v-2z\" fill=\"currentColor\"><\/path><\/svg><svg style=\"fill: #db6415;color:#db6415\" class=\"arrow-unsorted-368013\" xmlns=\"http:\/\/www.w3.org\/2000\/svg\" width=\"10px\" height=\"10px\" viewBox=\"0 0 24 24\" version=\"1.2\" baseProfile=\"tiny\"><path d=\"M18.2 9.3l-6.2-6.3-6.2 6.3c-.2.2-.3.4-.3.7s.1.5.3.7c.2.2.4.3.7.3h11c.3 0 .5-.1.7-.3.2-.2.3-.5.3-.7s-.1-.5-.3-.7zM5.8 14.7l6.2 6.3 6.2-6.3c.2-.2.3-.5.3-.7s-.1-.5-.3-.7c-.2-.2-.4-.3-.7-.3h-11c-.3 0-.5.1-.7.3-.2.2-.3.5-.3.7s.1.5.3.7z\"\/><\/svg><\/span><\/span><\/span><\/a><\/span><\/div>\n<nav><ul class='ez-toc-list ez-toc-list-level-1 ' ><li class='ez-toc-page-1 ez-toc-heading-level-2'><a class=\"ez-toc-link ez-toc-heading-1\" href=\"https:\/\/idecesos.com\/seguros\/companias\/asisa\/badajoz\/#Seguro_de_decesos_Asisa_en_Badajoz\" >Seguro de decesos Asisa en Badajoz<\/a><\/li><li class='ez-toc-page-1 ez-toc-heading-level-2'><a class=\"ez-toc-link ez-toc-heading-2\" href=\"https:\/\/idecesos.com\/seguros\/companias\/asisa\/badajoz\/#Mapa_de_sucursales_de_seguros_Asisa_en_Badajoz\" >Mapa de sucursales de seguros Asisa en Badajoz<\/a><\/li><li class='ez-toc-page-1 ez-toc-heading-level-2'><a class=\"ez-toc-link ez-toc-heading-3\" href=\"https:\/\/idecesos.com\/seguros\/companias\/asisa\/badajoz\/#Listado_de_agencias_Asisa_en_Badajoz\" >Listado de agencias Asisa en Badajoz<\/a><\/li><li class='ez-toc-page-1 ez-toc-heading-level-2'><a class=\"ez-toc-link ez-toc-heading-4\" href=\"https:\/\/idecesos.com\/seguros\/companias\/asisa\/badajoz\/#Oficinas_de_seguros_de_decesos_en_Badajoz\" >Oficinas de seguros de decesos en Badajoz<\/a><ul class='ez-toc-list-level-3' ><li class='ez-toc-heading-level-3'><a class=\"ez-toc-link ez-toc-heading-5\" href=\"https:\/\/idecesos.com\/seguros\/companias\/asisa\/badajoz\/#Listado_de_agencias_Asisa_en_Espana\" >Listado de agencias Asisa en Espa\u00f1a<\/a><\/li><\/ul><\/li><\/ul><\/nav><\/div>\n<p><br \/>\n<a href=\"https:\/\/idecesos.com\/seguros\/companias\/asisa\/\"><img decoding=\"async\" class=\" alignleft\" src=\"https:\/\/idecesos.com\/seguros\/wp-content\/uploads\/2021\/09\/asisa-seguro-decesos.jpg\" alt=\"Seguro de decesos Asisa\" width=\"336\" height=\"103\" \/><\/a>\u00bfSab\u00edas que Badajoz tiene a predisposici\u00f3n diferentes delegaciones de Asisa? En cual ser\u00e1 atendido por una persona con una trayectoria esencial para darle el mejor servicio. Quedando respaldado en todo momento, donde solucionar\u00e1n todos sus problemas a este respecto. Es esencial contar con oficinas, de esta forma solventaran tus problemas presencialmente, sabemos que es m\u00e1s eficiente si se trata a la distancia. Tener cerca en todo momento una sucursal de seguros de defunci\u00f3n es esencial. <\/p>\n<p>\u00bfHas pensando alguna vez las que dispones a tu alrededor?Por ello te <strong>resultara m\u00e1s sencillo conocer las diferentes oficinas de cada Badajoz<\/strong>, garantiz\u00e1ndote en todo momento que la experiencia sea la adecuada y la que necesites en esos instantes. \u00a0Cada trayectoria tiene una ruta seg\u00fan las caracterices que deseemos continuar o bien buscamos, por este motivo encuentra tu oficina referente de Asisa en Badajoz d\u00e1ndote la cobertura que te mereces. <\/p>\n<p>Visita nuestra p\u00e1gina de <a href=\"https:\/\/idecesos.com\/seguros\/companias\/asisa\/\">seguros de decesos Asisa<\/a> para m\u00e1s informaci\u00f3n.<\/p>\n<div class=\"colorf \"  ><div class=\"container clearfix\"><div class=\"col-md-7\">\n<h2><span class=\"ez-toc-section\" id=\"Seguro_de_decesos_Asisa_en_Badajoz\"><\/span>Seguro de decesos Asisa en Badajoz<span class=\"ez-toc-section-end\"><\/span><\/h2>\n<p>Empresa de seguros es aquello donde te aseguran no solo calma, asimismo evitan errores en el momento de gestionar alg\u00fan g\u00e9nero de documentaci\u00f3n. Adapt\u00e1ndose a ti y a tus necesidades o circunstancias.Servicio de delegaciones de Asisa en Badajoz va direccionado para aquellas personas que necesiten solucionar de manera eficiente cualquier administraci\u00f3n a este respecto y se haga de forma inmediata. Quedase cubierto todas las dudas que tenga y quedado solventado sus inconvenientes de forma m\u00e1s f\u00e1cil. <\/p>\n<p><strong>Ver m\u00e1s:<\/strong> <a href=\"https:\/\/idecesos.com\/seguros\/ciudades\/badajoz\/\">Seguros de decesos en Badajoz<\/a><\/p>\n<p>Nuestro servicio de diferentes sucursales de Asisa en Badajoz dejar\u00e1 a nuestros clientes del servicio principales lograr un presupuesto al instante. Nos aseguramos que es todo cuanto precises, lo tengo en tus manos. Evit\u00e1ndote muchos pasos, en solo unos segundos tendr\u00e1s el formulario junto con la informaci\u00f3n que necesites en esas circunstancias. Siendo uno de los m\u00e1s r\u00e1pidos. M\u00e1s solvente que continuar buscando. <\/p>\n<p><\/div><\/div><\/div>\n\t\t<hr class=\"separador\">\n\t\t<div class=\"bloque-accion\">\n\t\t<p class=\"txt-accion\">Calcula el precio de tu seguro de decesos en menos de 1 minuto<\/p>\n\t\t<a class=\"btn-accion\" href=\"https:\/\/idecesos.com\/\">CALCULAR<\/a>\n\t\t<\/div>\n\t\t<hr class=\"separador\">\n\t\t<\/p>\n<h2><span class=\"ez-toc-section\" id=\"Mapa_de_sucursales_de_seguros_Asisa_en_Badajoz\"><\/span>Mapa de sucursales de seguros Asisa en Badajoz<span class=\"ez-toc-section-end\"><\/span><\/h2>\n<p>Localizador de oficinas de Asisa en Badajoz nos da la gran ocasi\u00f3n de conocer donde podemos saber en qu\u00e9 sitios se hallan, asimismo es importante contar con un mapa por Badajoz de las oficinas de Asisa te aseguramos que tengas la informaci\u00f3n que se ajuste a ti en todo momento. Es tan segura como fiable, aport\u00e1ndote informaci\u00f3n de cada uno de ellas. \u00a0<\/p>\n<p><iframe class=\"page-generator-pro-map\" width=\"100%\" height=\"400\" frameborder=\"0\" style=\"border:0\" src=\"https:\/\/www.google.com\/maps\/embed\/v1\/place?q=Badajoz&#038;zoom=14&#038;maptype=roadmap&#038;key=AIzaSyCNTEOso0tZG6YMSJFoaJEY5Th1stEWrJI\" allowfullscreen><\/iframe><\/p>\n<div class=\"colorf\"><div class=\"container clearfix\"><div class=\"col-md-7\"><div class=\"empresas\">\n<h2><span class=\"ez-toc-section\" id=\"Listado_de_agencias_Asisa_en_Badajoz\"><\/span>Listado de agencias Asisa en Badajoz<span class=\"ez-toc-section-end\"><\/span><\/h2>\n<ul>\n<li><strong>ASISA &#8211; BADAJOZ Badajoz:<\/strong> Av. de Europa, 6, 06004 Badajoz<\/li>\n<li><strong>ASISA &#8211; BADAJOZ Badajoz:<\/strong> Av. de Europa, 6, 06004 Badajoz<\/li>\n<\/ul>\n<\/div><\/div><\/div><\/div>\n<h2><span class=\"ez-toc-section\" id=\"Oficinas_de_seguros_de_decesos_en_Badajoz\"><\/span>Oficinas de seguros de decesos en Badajoz<span class=\"ez-toc-section-end\"><\/span><\/h2>\n<p>Deseamos que cuentes en todo momento con un <strong>listado de compa\u00f1\u00edas aseguradoras de defunci\u00f3n en Badajoz<\/strong> mas deseamos que lo tengas de forma sencilla y c\u00f3moda. Contando con m\u00e1s cosas, te aportamos la informaci\u00f3n necesaria de los pr\u00f3ximos. No te quedes sin resolver tus dudas, con tan solo un clic tendr\u00e1s todo cuanto precisas saber. Jam\u00e1s te lo hab\u00edan puesto tan f\u00e1cil como nosotros. <\/p>\n<!-- Shortcode [asisa] does not exist -->\n<div class=\"colorf\"><div class=\"container clearfix\"><div class=\"col-md-7\"><div class=\"empresas\">\n<h3><span class=\"ez-toc-section\" id=\"Listado_de_agencias_Asisa_en_Espana\"><\/span>Listado de agencias Asisa en Espa\u00f1a<span class=\"ez-toc-section-end\"><\/span><\/h3>\n<div class=\"enlazado\"><ul><li><a href=\"https:\/\/idecesos.com\/seguros\/companias\/asisa\/alicante\/\"><span>Oficinas seguros de decesos Asisa en Alicante<\/span><\/a><\/li><li><a href=\"https:\/\/idecesos.com\/seguros\/companias\/asisa\/asturias\/\"><span>Oficinas seguros de decesos Asisa en Asturias<\/span><\/a><\/li><li><a href=\"https:\/\/idecesos.com\/seguros\/companias\/asisa\/castellon\/\"><span>Oficinas seguros de decesos Asisa en Castell\u00f3n<\/span><\/a><\/li><li><a href=\"https:\/\/idecesos.com\/seguros\/companias\/asisa\/ceuta\/\"><span>Oficinas seguros de decesos Asisa en Ceuta<\/span><\/a><\/li><li><a href=\"https:\/\/idecesos.com\/seguros\/companias\/asisa\/caceres\/\"><span>Oficinas seguros de decesos Asisa en C\u00e1ceres<\/span><\/a><\/li><li><a href=\"https:\/\/idecesos.com\/seguros\/companias\/asisa\/granada\/\"><span>Oficinas seguros de decesos Asisa en Granada<\/span><\/a><\/li><li><a href=\"https:\/\/idecesos.com\/seguros\/companias\/asisa\/guadalajara\/\"><span>Oficinas seguros de decesos Asisa en Guadalajara<\/span><\/a><\/li><li><a href=\"https:\/\/idecesos.com\/seguros\/companias\/asisa\/huelva\/\"><span>Oficinas seguros de decesos Asisa en Huelva<\/span><\/a><\/li><li><a href=\"https:\/\/idecesos.com\/seguros\/companias\/asisa\/madrid\/\"><span>Oficinas seguros de decesos Asisa en Madrid<\/span><\/a><\/li><li><a href=\"https:\/\/idecesos.com\/seguros\/companias\/asisa\/malaga\/\"><span>Oficinas seguros de decesos Asisa en M\u00e1laga<\/span><\/a><\/li><li><a href=\"https:\/\/idecesos.com\/seguros\/companias\/asisa\/segovia\/\"><span>Oficinas seguros de decesos Asisa en Segovia<\/span><\/a><\/li><li><a href=\"https:\/\/idecesos.com\/seguros\/companias\/asisa\/avila\/\"><span>Oficinas seguros de decesos Asisa en \u00c1vila<\/span><\/a><\/li><li><a href=\"https:\/\/idecesos.com\/seguros\/companias\/asisa\/opiniones\/\"><span>Opiniones Seguro de decesos Asisa<\/span><\/a><\/li><li><a href=\"https:\/\/idecesos.com\/seguros\/companias\/asisa\/prima-nivelada\/\"><span>Seguro de decesos Asisa Prima Nivelada<\/span><\/a><\/li><li><a href=\"https:\/\/idecesos.com\/seguros\/companias\/asisa\/precio\/\"><span>\u00bfCu\u00e1nto cuesta el seguro de decesos Asisa?<\/span><\/a><\/li><li><a href=\"https:\/\/idecesos.com\/seguros\/companias\/asisa\/dar-de-baja\/\"><span>\u00bfC\u00f3mo dar de baja seguro Asisa?<\/span><\/a><\/li><\/ul><\/div>\n<div><\/div><\/div><\/div><\/div><\/div>\n","protected":false},"excerpt":{"rendered":"<p>\u00bfSab\u00edas que Badajoz tiene a predisposici\u00f3n diferentes delegaciones de Asisa? En cual ser\u00e1 atendido por una persona con una trayectoria esencial para darle el mejor servicio. Quedando respaldado en todo momento, donde solucionar\u00e1n todos sus problemas a este respecto. Es esencial contar con oficinas, de esta forma solventaran tus problemas presencialmente, sabemos que es m\u00e1s&hellip; <\/p>\n","protected":false},"author":0,"featured_media":0,"parent":163,"menu_order":0,"comment_status":"closed","ping_status":"closed","template":"page-templates\/companies.php","meta":{"footnotes":""},"class_list":["post-13897","page","type-page","status-publish","hentry"],"yoast_head":"<!-- This site is optimized with the Yoast SEO plugin v27.4 - https:\/\/yoast.com\/product\/yoast-seo-wordpress\/ -->\n<title>Oficinas Asisa en Badajoz \u25b7Tel\u00e9fonos, Horarios, Direcci\u00f3n<\/title>\n<meta name=\"description\" content=\"Lista completa de Oficinas Asisa en Badajoz Horarios, \u2706 tel\u00e9fonos y direcciones actualizados en 2026 \u2611\ufe0f Verificado por iDecesos.\" \/>\n<meta name=\"robots\" content=\"index, follow, max-snippet:-1, max-image-preview:large, max-video-preview:-1\" \/>\n<link rel=\"canonical\" href=\"https:\/\/idecesos.com\/seguros\/companias\/asisa\/badajoz\/\" \/>\n<meta property=\"og:locale\" content=\"es_ES\" \/>\n<meta property=\"og:type\" content=\"article\" \/>\n<meta property=\"og:title\" content=\"Oficinas Asisa en Badajoz \u25b7Tel\u00e9fonos, Horarios, Direcci\u00f3n\" \/>\n<meta property=\"og:description\" content=\"Lista completa de Oficinas Asisa en Badajoz Horarios, \u2706 tel\u00e9fonos y direcciones actualizados en 2026 \u2611\ufe0f Verificado por iDecesos.\" \/>\n<meta property=\"og:url\" content=\"https:\/\/idecesos.com\/seguros\/companias\/asisa\/badajoz\/\" \/>\n<meta property=\"article:modified_time\" content=\"2021-11-10T21:04:32+00:00\" \/>\n<meta property=\"og:image\" content=\"https:\/\/idecesos.com\/seguros\/wp-content\/uploads\/2021\/09\/asisa-seguro-decesos.jpg\" \/>\n<meta name=\"twitter:card\" content=\"summary_large_image\" \/>\n<meta name=\"twitter:label1\" content=\"Tiempo de lectura\" \/>\n\t<meta name=\"twitter:data1\" content=\"39 minutos\" \/>\n<script type=\"application\/ld+json\" class=\"yoast-schema-graph\">{\"@context\":\"https:\\\/\\\/schema.org\",\"@graph\":[{\"@type\":\"WebPage\",\"@id\":\"https:\\\/\\\/idecesos.com\\\/seguros\\\/companias\\\/asisa\\\/badajoz\\\/\",\"url\":\"https:\\\/\\\/idecesos.com\\\/seguros\\\/companias\\\/asisa\\\/badajoz\\\/\",\"name\":\"Oficinas Asisa en Badajoz \u25b7Tel\u00e9fonos, Horarios, Direcci\u00f3n\",\"isPartOf\":{\"@id\":\"https:\\\/\\\/idecesos.com\\\/seguros\\\/#website\"},\"primaryImageOfPage\":{\"@id\":\"https:\\\/\\\/idecesos.com\\\/seguros\\\/companias\\\/asisa\\\/badajoz\\\/#primaryimage\"},\"image\":{\"@id\":\"https:\\\/\\\/idecesos.com\\\/seguros\\\/companias\\\/asisa\\\/badajoz\\\/#primaryimage\"},\"thumbnailUrl\":\"https:\\\/\\\/idecesos.com\\\/seguros\\\/wp-content\\\/uploads\\\/2021\\\/09\\\/asisa-seguro-decesos.jpg\",\"datePublished\":\"2021-11-10T21:03:16+00:00\",\"dateModified\":\"2021-11-10T21:04:32+00:00\",\"description\":\"Lista completa de Oficinas Asisa en Badajoz Horarios, \u2706 tel\u00e9fonos y direcciones actualizados en 2026 \u2611\ufe0f Verificado por iDecesos.\",\"breadcrumb\":{\"@id\":\"https:\\\/\\\/idecesos.com\\\/seguros\\\/companias\\\/asisa\\\/badajoz\\\/#breadcrumb\"},\"inLanguage\":\"es\",\"potentialAction\":[{\"@type\":\"ReadAction\",\"target\":[\"https:\\\/\\\/idecesos.com\\\/seguros\\\/companias\\\/asisa\\\/badajoz\\\/\"]}]},{\"@type\":\"ImageObject\",\"inLanguage\":\"es\",\"@id\":\"https:\\\/\\\/idecesos.com\\\/seguros\\\/companias\\\/asisa\\\/badajoz\\\/#primaryimage\",\"url\":\"https:\\\/\\\/idecesos.com\\\/seguros\\\/wp-content\\\/uploads\\\/2021\\\/09\\\/asisa-seguro-decesos.jpg\",\"contentUrl\":\"https:\\\/\\\/idecesos.com\\\/seguros\\\/wp-content\\\/uploads\\\/2021\\\/09\\\/asisa-seguro-decesos.jpg\",\"width\":501,\"height\":63,\"caption\":\"Seguro de Decesos Adeslas\"},{\"@type\":\"BreadcrumbList\",\"@id\":\"https:\\\/\\\/idecesos.com\\\/seguros\\\/companias\\\/asisa\\\/badajoz\\\/#breadcrumb\",\"itemListElement\":[{\"@type\":\"ListItem\",\"position\":1,\"name\":\"Portada\",\"item\":\"https:\\\/\\\/idecesos.com\\\/seguros\\\/\"},{\"@type\":\"ListItem\",\"position\":2,\"name\":\"Compa\u00f1\u00edas de Seguros de Decesos en Espa\u00f1a\",\"item\":\"https:\\\/\\\/idecesos.com\\\/seguros\\\/companias\\\/\"},{\"@type\":\"ListItem\",\"position\":3,\"name\":\"Seguro de Decesos Asisa\",\"item\":\"https:\\\/\\\/idecesos.com\\\/seguros\\\/companias\\\/asisa\\\/\"},{\"@type\":\"ListItem\",\"position\":4,\"name\":\"Oficinas seguros de decesos Asisa en Badajoz\"}]},{\"@type\":\"WebSite\",\"@id\":\"https:\\\/\\\/idecesos.com\\\/seguros\\\/#website\",\"url\":\"https:\\\/\\\/idecesos.com\\\/seguros\\\/\",\"name\":\"\",\"description\":\"\",\"potentialAction\":[{\"@type\":\"SearchAction\",\"target\":{\"@type\":\"EntryPoint\",\"urlTemplate\":\"https:\\\/\\\/idecesos.com\\\/seguros\\\/?s={search_term_string}\"},\"query-input\":{\"@type\":\"PropertyValueSpecification\",\"valueRequired\":true,\"valueName\":\"search_term_string\"}}],\"inLanguage\":\"es\"}]}<\/script>\n<!-- \/ Yoast SEO plugin. -->","yoast_head_json":{"title":"Oficinas Asisa en Badajoz \u25b7Tel\u00e9fonos, Horarios, Direcci\u00f3n","description":"Lista completa de Oficinas Asisa en Badajoz Horarios, \u2706 tel\u00e9fonos y direcciones actualizados en 2026 \u2611\ufe0f Verificado por iDecesos.","robots":{"index":"index","follow":"follow","max-snippet":"max-snippet:-1","max-image-preview":"max-image-preview:large","max-video-preview":"max-video-preview:-1"},"canonical":"https:\/\/idecesos.com\/seguros\/companias\/asisa\/badajoz\/","og_locale":"es_ES","og_type":"article","og_title":"Oficinas Asisa en Badajoz \u25b7Tel\u00e9fonos, Horarios, Direcci\u00f3n","og_description":"Lista completa de Oficinas Asisa en Badajoz Horarios, \u2706 tel\u00e9fonos y direcciones actualizados en 2026 \u2611\ufe0f Verificado por iDecesos.","og_url":"https:\/\/idecesos.com\/seguros\/companias\/asisa\/badajoz\/","article_modified_time":"2021-11-10T21:04:32+00:00","og_image":[{"url":"https:\/\/idecesos.com\/seguros\/wp-content\/uploads\/2021\/09\/asisa-seguro-decesos.jpg","type":"","width":"","height":""}],"twitter_card":"summary_large_image","twitter_misc":{"Tiempo de lectura":"39 minutos"},"schema":{"@context":"https:\/\/schema.org","@graph":[{"@type":"WebPage","@id":"https:\/\/idecesos.com\/seguros\/companias\/asisa\/badajoz\/","url":"https:\/\/idecesos.com\/seguros\/companias\/asisa\/badajoz\/","name":"Oficinas Asisa en Badajoz \u25b7Tel\u00e9fonos, Horarios, Direcci\u00f3n","isPartOf":{"@id":"https:\/\/idecesos.com\/seguros\/#website"},"primaryImageOfPage":{"@id":"https:\/\/idecesos.com\/seguros\/companias\/asisa\/badajoz\/#primaryimage"},"image":{"@id":"https:\/\/idecesos.com\/seguros\/companias\/asisa\/badajoz\/#primaryimage"},"thumbnailUrl":"https:\/\/idecesos.com\/seguros\/wp-content\/uploads\/2021\/09\/asisa-seguro-decesos.jpg","datePublished":"2021-11-10T21:03:16+00:00","dateModified":"2021-11-10T21:04:32+00:00","description":"Lista completa de Oficinas Asisa en Badajoz Horarios, \u2706 tel\u00e9fonos y direcciones actualizados en 2026 \u2611\ufe0f Verificado por iDecesos.","breadcrumb":{"@id":"https:\/\/idecesos.com\/seguros\/companias\/asisa\/badajoz\/#breadcrumb"},"inLanguage":"es","potentialAction":[{"@type":"ReadAction","target":["https:\/\/idecesos.com\/seguros\/companias\/asisa\/badajoz\/"]}]},{"@type":"ImageObject","inLanguage":"es","@id":"https:\/\/idecesos.com\/seguros\/companias\/asisa\/badajoz\/#primaryimage","url":"https:\/\/idecesos.com\/seguros\/wp-content\/uploads\/2021\/09\/asisa-seguro-decesos.jpg","contentUrl":"https:\/\/idecesos.com\/seguros\/wp-content\/uploads\/2021\/09\/asisa-seguro-decesos.jpg","width":501,"height":63,"caption":"Seguro de Decesos Adeslas"},{"@type":"BreadcrumbList","@id":"https:\/\/idecesos.com\/seguros\/companias\/asisa\/badajoz\/#breadcrumb","itemListElement":[{"@type":"ListItem","position":1,"name":"Portada","item":"https:\/\/idecesos.com\/seguros\/"},{"@type":"ListItem","position":2,"name":"Compa\u00f1\u00edas de Seguros de Decesos en Espa\u00f1a","item":"https:\/\/idecesos.com\/seguros\/companias\/"},{"@type":"ListItem","position":3,"name":"Seguro de Decesos Asisa","item":"https:\/\/idecesos.com\/seguros\/companias\/asisa\/"},{"@type":"ListItem","position":4,"name":"Oficinas seguros de decesos Asisa en Badajoz"}]},{"@type":"WebSite","@id":"https:\/\/idecesos.com\/seguros\/#website","url":"https:\/\/idecesos.com\/seguros\/","name":"","description":"","potentialAction":[{"@type":"SearchAction","target":{"@type":"EntryPoint","urlTemplate":"https:\/\/idecesos.com\/seguros\/?s={search_term_string}"},"query-input":{"@type":"PropertyValueSpecification","valueRequired":true,"valueName":"search_term_string"}}],"inLanguage":"es"}]}},"_links":{"self":[{"href":"https:\/\/idecesos.com\/seguros\/wp-json\/wp\/v2\/pages\/13897","targetHints":{"allow":["GET"]}}],"collection":[{"href":"https:\/\/idecesos.com\/seguros\/wp-json\/wp\/v2\/pages"}],"about":[{"href":"https:\/\/idecesos.com\/seguros\/wp-json\/wp\/v2\/types\/page"}],"replies":[{"embeddable":true,"href":"https:\/\/idecesos.com\/seguros\/wp-json\/wp\/v2\/comments?post=13897"}],"version-history":[{"count":2,"href":"https:\/\/idecesos.com\/seguros\/wp-json\/wp\/v2\/pages\/13897\/revisions"}],"predecessor-version":[{"id":13959,"href":"https:\/\/idecesos.com\/seguros\/wp-json\/wp\/v2\/pages\/13897\/revisions\/13959"}],"up":[{"embeddable":true,"href":"https:\/\/idecesos.com\/seguros\/wp-json\/wp\/v2\/pages\/163"}],"wp:attachment":[{"href":"https:\/\/idecesos.com\/seguros\/wp-json\/wp\/v2\/media?parent=13897"}],"curies":[{"name":"wp","href":"https:\/\/api.w.org\/{rel}","templated":true}]}}