{"id":13914,"date":"2021-11-10T21:04:41","date_gmt":"2021-11-10T21:03:25","guid":{"rendered":"https:\/\/idecesos.com\/seguros\/companias\/asisa\/huesca\/"},"modified":"2021-11-10T21:04:41","modified_gmt":"2021-11-10T21:04:41","slug":"huesca","status":"publish","type":"page","link":"https:\/\/idecesos.com\/seguros\/companias\/asisa\/huesca\/","title":{"rendered":"Oficinas seguros de decesos Asisa en Huesca"},"content":{"rendered":"<div id=\"ez-toc-container\" class=\"ez-toc-v2_0_83 ez-toc-wrap-center counter-hierarchy ez-toc-counter ez-toc-custom ez-toc-container-direction\">\n<div class=\"ez-toc-title-container\">\n<p class=\"ez-toc-title\" style=\"cursor:inherit\">Tabla de Contenido<\/p>\n<span class=\"ez-toc-title-toggle\"><a href=\"#\" class=\"ez-toc-pull-right ez-toc-btn ez-toc-btn-xs ez-toc-btn-default ez-toc-toggle\" aria-label=\"Alternar tabla de contenidos\"><span class=\"ez-toc-js-icon-con\"><span class=\"\"><span class=\"eztoc-hide\" style=\"display:none;\">Toggle<\/span><span class=\"ez-toc-icon-toggle-span\"><svg style=\"fill: #db6415;color:#db6415\" xmlns=\"http:\/\/www.w3.org\/2000\/svg\" class=\"list-377408\" width=\"20px\" height=\"20px\" viewBox=\"0 0 24 24\" fill=\"none\"><path d=\"M6 6H4v2h2V6zm14 0H8v2h12V6zM4 11h2v2H4v-2zm16 0H8v2h12v-2zM4 16h2v2H4v-2zm16 0H8v2h12v-2z\" fill=\"currentColor\"><\/path><\/svg><svg style=\"fill: #db6415;color:#db6415\" class=\"arrow-unsorted-368013\" xmlns=\"http:\/\/www.w3.org\/2000\/svg\" width=\"10px\" height=\"10px\" viewBox=\"0 0 24 24\" version=\"1.2\" baseProfile=\"tiny\"><path d=\"M18.2 9.3l-6.2-6.3-6.2 6.3c-.2.2-.3.4-.3.7s.1.5.3.7c.2.2.4.3.7.3h11c.3 0 .5-.1.7-.3.2-.2.3-.5.3-.7s-.1-.5-.3-.7zM5.8 14.7l6.2 6.3 6.2-6.3c.2-.2.3-.5.3-.7s-.1-.5-.3-.7c-.2-.2-.4-.3-.7-.3h-11c-.3 0-.5.1-.7.3-.2.2-.3.5-.3.7s.1.5.3.7z\"\/><\/svg><\/span><\/span><\/span><\/a><\/span><\/div>\n<nav><ul class='ez-toc-list ez-toc-list-level-1 ' ><li class='ez-toc-page-1 ez-toc-heading-level-2'><a class=\"ez-toc-link ez-toc-heading-1\" href=\"https:\/\/idecesos.com\/seguros\/companias\/asisa\/huesca\/#Seguro_de_decesos_Asisa_en_Huesca\" >Seguro de decesos Asisa en Huesca<\/a><\/li><li class='ez-toc-page-1 ez-toc-heading-level-2'><a class=\"ez-toc-link ez-toc-heading-2\" href=\"https:\/\/idecesos.com\/seguros\/companias\/asisa\/huesca\/#Mapa_de_agencias_de_seguros_Asisa_en_Huesca\" >Mapa de agencias de seguros Asisa en Huesca<\/a><\/li><li class='ez-toc-page-1 ez-toc-heading-level-2'><a class=\"ez-toc-link ez-toc-heading-3\" href=\"https:\/\/idecesos.com\/seguros\/companias\/asisa\/huesca\/#Listado_de_oficinas_Asisa_en_Huesca\" >Listado de oficinas Asisa en Huesca<\/a><\/li><li class='ez-toc-page-1 ez-toc-heading-level-2'><a class=\"ez-toc-link ez-toc-heading-4\" href=\"https:\/\/idecesos.com\/seguros\/companias\/asisa\/huesca\/#Sucursales_de_seguros_de_decesos_en_Huesca\" >Sucursales de seguros de decesos en Huesca<\/a><ul class='ez-toc-list-level-3' ><li class='ez-toc-heading-level-3'><a class=\"ez-toc-link ez-toc-heading-5\" href=\"https:\/\/idecesos.com\/seguros\/companias\/asisa\/huesca\/#Listado_de_agencias_Asisa_en_Espana\" >Listado de agencias Asisa en Espa\u00f1a<\/a><\/li><\/ul><\/li><\/ul><\/nav><\/div>\n<p><br \/>\n<a href=\"https:\/\/idecesos.com\/seguros\/companias\/asisa\/\"><img decoding=\"async\" class=\" alignleft\" src=\"https:\/\/idecesos.com\/seguros\/wp-content\/uploads\/2021\/09\/asisa-seguro-decesos.jpg\" alt=\"Seguro de decesos Asisa\" width=\"336\" height=\"103\" \/><\/a>\u00bfSab\u00edas que Huesca tiene a disposici\u00f3n diferentes delegaciones de Asisa? En como ser\u00e1 atendido por una persona con una trayectoria importante para darle el mejor servicio. Quedando respaldado en todo momento, donde solventar\u00e1n sus inconvenientes al respecto. Es esencial contar con oficinas, de esta manera solventaran tus inconvenientes presencialmente, sabemos que es m\u00e1s eficiente si se trata a la distancia. Resulta que es preciso poder contar con una oficina f\u00edsica de compa\u00f1\u00edas aseguradoras de decesos. <\/p>\n<p>\u00bfSabes que puede haber a tu alrededor m\u00e1s de 1. 000 aseguradoras?Por ello te <strong>resultara m\u00e1s sencillo conocer las distintas oficinas de cada Huesca<\/strong>, garantiz\u00e1ndote en todo momento que la experiencia sea la adecuada y la que necesites en esos instantes. \u00a0Desde estos instantes vas a poder conseguir las distintas oficinas de Asisa en Huesca donde podr\u00e1s elegir a las necesidades que tienes, y te dan la fiabilidad de resolverte el inconveniente hasta el final del proceso. <\/p>\n<p>Visita nuestra p\u00e1gina de <a href=\"https:\/\/idecesos.com\/seguros\/companias\/asisa\/\">seguros de decesos Asisa<\/a> para m\u00e1s informaci\u00f3n.<\/p>\n<div class=\"colorf \"  ><div class=\"container clearfix\"><div class=\"col-md-7\">\n<h2><span class=\"ez-toc-section\" id=\"Seguro_de_decesos_Asisa_en_Huesca\"><\/span>Seguro de decesos Asisa en Huesca<span class=\"ez-toc-section-end\"><\/span><\/h2>\n<p>Garantizamos el mejor servicio, dentro de los diferentes sucursales en Huesca prestando una asistencia cualificada y preparada para satisfacer a cada uno de los diferentes clientes del servicio que lleguen hasta nosotros. Resulta dif\u00edcil lograr un presupuesto y que se comprenda todos los datos que contiene, por esta raz\u00f3n  te damos la opci\u00f3n que lo tengas de una forma m\u00e1s f\u00e1cil de manera m\u00e1s clara, de <strong>Asisa en Huesca<\/strong>, lo van a tener en un tiempo record y ahorr\u00e1ndote tiempo. <\/p>\n<p><strong>Ver m\u00e1s:<\/strong> <a href=\"https:\/\/idecesos.com\/seguros\/ciudades\/huesca\/\">Seguros de decesos en Huesca<\/a><\/p>\n<p>Para esto, a continuaci\u00f3n te facilitamos un formulario para que puedas recibir toda la informaci\u00f3n precisa y oportuna, como pedir cita presencial para poder acudir a sus oficinas m\u00e1s <strong>pr\u00f3ximas de Asisa en Huesca<\/strong>. Evitando en todo instante obtener informaci\u00f3n irrelevante al que haya solicitado. El cuestionario est\u00e1 preparado para que consigas en calidad los datos precisos, evit\u00e1ndote cualquier fallo cuando solicites su cita previa. Seg\u00fan el art\u00edculo que corresponda, sus datos quedasen protegidos. <\/p>\n<p><\/div><\/div><\/div>\n\t\t<hr class=\"separador\">\n\t\t<div class=\"bloque-accion\">\n\t\t<p class=\"txt-accion\">Calcula el precio de tu seguro de decesos en menos de 1 minuto<\/p>\n\t\t<a class=\"btn-accion\" href=\"https:\/\/idecesos.com\/\">CALCULAR<\/a>\n\t\t<\/div>\n\t\t<hr class=\"separador\">\n\t\t<\/p>\n<h2><span class=\"ez-toc-section\" id=\"Mapa_de_agencias_de_seguros_Asisa_en_Huesca\"><\/span>Mapa de agencias de seguros Asisa en Huesca<span class=\"ez-toc-section-end\"><\/span><\/h2>\n<p>Aparte de contar con localizador de sucursales de Asisa en Huesca asimismo dispones de un mapa por cada Asisa en Huesca. Nos agrada solventar problemas de manera eficaz, danto en todo instante resultado en tu busca. haciendo m\u00e1s entretenido el desarrollo de buscar. En menos de instante lo vas a tener a toda tu predisposici\u00f3n. Para una mejor ayuda o dudas, siempre cuestionamos cuales son las mejores alternativas a tu soluci\u00f3n. <\/p>\n<p><iframe class=\"page-generator-pro-map\" width=\"100%\" height=\"400\" frameborder=\"0\" style=\"border:0\" src=\"https:\/\/www.google.com\/maps\/embed\/v1\/place?q=Huesca&#038;zoom=14&#038;maptype=roadmap&#038;key=AIzaSyCNTEOso0tZG6YMSJFoaJEY5Th1stEWrJI\" allowfullscreen><\/iframe><\/p>\n<div class=\"colorf\"><div class=\"container clearfix\"><div class=\"col-md-7\"><div class=\"empresas\">\n<h2><span class=\"ez-toc-section\" id=\"Listado_de_oficinas_Asisa_en_Huesca\"><\/span>Listado de oficinas Asisa en Huesca<span class=\"ez-toc-section-end\"><\/span><\/h2>\n<ul>\n<li><strong>ASISA Delegaci\u00f3n Huesca Huesca:<\/strong> C. Zaragoza, 18, 22005 Huesca<\/li>\n<li><strong>ASISA Delegaci\u00f3n Huesca Huesca:<\/strong> C. Zaragoza, 18, 22005 Huesca<\/li>\n<\/ul>\n<\/div><\/div><\/div><\/div>\n<h2><span class=\"ez-toc-section\" id=\"Sucursales_de_seguros_de_decesos_en_Huesca\"><\/span>Sucursales de seguros de decesos en Huesca<span class=\"ez-toc-section-end\"><\/span><\/h2>\n<p>Te traemos la soluci\u00f3n para aquellos que precisan conocer <strong>seguros de defunci\u00f3n en Huesca<\/strong>, ahorr\u00e1ndote pasos de registros, te damos el listado para que lo tengas a tu completa disposici\u00f3n pudiendo acceder en cualquier instante, quedara siempre y en todo momento actualizado. Tan sencillo que tendr\u00e1s toda la informaci\u00f3n de cada uno de ellos, tendr\u00e1s cualquier duda resulta merced a sus datos que contienen. <\/p>\n<!-- Shortcode [asisa] does not exist -->\n<div class=\"colorf\"><div class=\"container clearfix\"><div class=\"col-md-7\"><div class=\"empresas\">\n<h3><span class=\"ez-toc-section\" id=\"Listado_de_agencias_Asisa_en_Espana\"><\/span>Listado de agencias Asisa en Espa\u00f1a<span class=\"ez-toc-section-end\"><\/span><\/h3>\n<div class=\"enlazado\"><ul><li><a href=\"https:\/\/idecesos.com\/seguros\/companias\/asisa\/alicante\/\"><span>Oficinas seguros de decesos Asisa en Alicante<\/span><\/a><\/li><li><a href=\"https:\/\/idecesos.com\/seguros\/companias\/asisa\/almeria\/\"><span>Oficinas seguros de decesos Asisa en Almer\u00eda<\/span><\/a><\/li><li><a href=\"https:\/\/idecesos.com\/seguros\/companias\/asisa\/baleares\/\"><span>Oficinas seguros de decesos Asisa en Baleares<\/span><\/a><\/li><li><a href=\"https:\/\/idecesos.com\/seguros\/companias\/asisa\/barcelona\/\"><span>Oficinas seguros de decesos Asisa en Barcelona<\/span><\/a><\/li><li><a href=\"https:\/\/idecesos.com\/seguros\/companias\/asisa\/burgos\/\"><span>Oficinas seguros de decesos Asisa en Burgos<\/span><\/a><\/li><li><a href=\"https:\/\/idecesos.com\/seguros\/companias\/asisa\/cordoba\/\"><span>Oficinas seguros de decesos Asisa en C\u00f3rdoba<\/span><\/a><\/li><li><a href=\"https:\/\/idecesos.com\/seguros\/companias\/asisa\/guadalajara\/\"><span>Oficinas seguros de decesos Asisa en Guadalajara<\/span><\/a><\/li><li><a href=\"https:\/\/idecesos.com\/seguros\/companias\/asisa\/huelva\/\"><span>Oficinas seguros de decesos Asisa en Huelva<\/span><\/a><\/li><li><a href=\"https:\/\/idecesos.com\/seguros\/companias\/asisa\/leon\/\"><span>Oficinas seguros de decesos Asisa en Le\u00f3n<\/span><\/a><\/li><li><a href=\"https:\/\/idecesos.com\/seguros\/companias\/asisa\/lugo\/\"><span>Oficinas seguros de decesos Asisa en Lugo<\/span><\/a><\/li><li><a href=\"https:\/\/idecesos.com\/seguros\/companias\/asisa\/madrid\/\"><span>Oficinas seguros de decesos Asisa en Madrid<\/span><\/a><\/li><li><a href=\"https:\/\/idecesos.com\/seguros\/companias\/asisa\/palencia\/\"><span>Oficinas seguros de decesos Asisa en Palencia<\/span><\/a><\/li><li><a href=\"https:\/\/idecesos.com\/seguros\/companias\/asisa\/pontevedra\/\"><span>Oficinas seguros de decesos Asisa en Pontevedra<\/span><\/a><\/li><li><a href=\"https:\/\/idecesos.com\/seguros\/companias\/asisa\/teruel\/\"><span>Oficinas seguros de decesos Asisa en Teruel<\/span><\/a><\/li><li><a href=\"https:\/\/idecesos.com\/seguros\/companias\/asisa\/opiniones\/\"><span>Opiniones Seguro de decesos Asisa<\/span><\/a><\/li><li><a href=\"https:\/\/idecesos.com\/seguros\/companias\/asisa\/dar-de-baja\/\"><span>\u00bfC\u00f3mo dar de baja seguro Asisa?<\/span><\/a><\/li><\/ul><\/div>\n<div><\/div><\/div><\/div><\/div><\/div>\n","protected":false},"excerpt":{"rendered":"<p>\u00bfSab\u00edas que Huesca tiene a disposici\u00f3n diferentes delegaciones de Asisa? En como ser\u00e1 atendido por una persona con una trayectoria importante para darle el mejor servicio. Quedando respaldado en todo momento, donde solventar\u00e1n sus inconvenientes al respecto. Es esencial contar con oficinas, de esta manera solventaran tus inconvenientes presencialmente, sabemos que es m\u00e1s eficiente si&hellip; <\/p>\n","protected":false},"author":0,"featured_media":0,"parent":163,"menu_order":0,"comment_status":"closed","ping_status":"closed","template":"page-templates\/companies.php","meta":{"footnotes":""},"class_list":["post-13914","page","type-page","status-publish","hentry"],"yoast_head":"<!-- This site is optimized with the Yoast SEO plugin v27.5 - https:\/\/yoast.com\/product\/yoast-seo-wordpress\/ -->\n<title>Oficinas Asisa en Huesca \u25b7Tel\u00e9fonos, Horarios, Direcci\u00f3n<\/title>\n<meta name=\"description\" content=\"Lista completa de Oficinas Asisa en Huesca Horarios, \u2706 tel\u00e9fonos y direcciones actualizados en 2026 \u2611\ufe0f Verificado por iDecesos.\" \/>\n<meta name=\"robots\" content=\"index, follow, max-snippet:-1, max-image-preview:large, max-video-preview:-1\" \/>\n<link rel=\"canonical\" href=\"https:\/\/idecesos.com\/seguros\/companias\/asisa\/huesca\/\" \/>\n<meta property=\"og:locale\" content=\"es_ES\" \/>\n<meta property=\"og:type\" content=\"article\" \/>\n<meta property=\"og:title\" content=\"Oficinas Asisa en Huesca \u25b7Tel\u00e9fonos, Horarios, Direcci\u00f3n\" \/>\n<meta property=\"og:description\" content=\"Lista completa de Oficinas Asisa en Huesca Horarios, \u2706 tel\u00e9fonos y direcciones actualizados en 2026 \u2611\ufe0f Verificado por iDecesos.\" \/>\n<meta property=\"og:url\" content=\"https:\/\/idecesos.com\/seguros\/companias\/asisa\/huesca\/\" \/>\n<meta property=\"article:modified_time\" content=\"2021-11-10T21:04:41+00:00\" \/>\n<meta property=\"og:image\" content=\"https:\/\/idecesos.com\/seguros\/wp-content\/uploads\/2021\/09\/asisa-seguro-decesos.jpg\" \/>\n<meta name=\"twitter:card\" content=\"summary_large_image\" \/>\n<meta name=\"twitter:label1\" content=\"Tiempo de lectura\" \/>\n\t<meta name=\"twitter:data1\" content=\"39 minutos\" \/>\n<script type=\"application\/ld+json\" class=\"yoast-schema-graph\">{\"@context\":\"https:\\\/\\\/schema.org\",\"@graph\":[{\"@type\":\"WebPage\",\"@id\":\"https:\\\/\\\/idecesos.com\\\/seguros\\\/companias\\\/asisa\\\/huesca\\\/\",\"url\":\"https:\\\/\\\/idecesos.com\\\/seguros\\\/companias\\\/asisa\\\/huesca\\\/\",\"name\":\"Oficinas Asisa en Huesca \u25b7Tel\u00e9fonos, Horarios, Direcci\u00f3n\",\"isPartOf\":{\"@id\":\"https:\\\/\\\/idecesos.com\\\/seguros\\\/#website\"},\"primaryImageOfPage\":{\"@id\":\"https:\\\/\\\/idecesos.com\\\/seguros\\\/companias\\\/asisa\\\/huesca\\\/#primaryimage\"},\"image\":{\"@id\":\"https:\\\/\\\/idecesos.com\\\/seguros\\\/companias\\\/asisa\\\/huesca\\\/#primaryimage\"},\"thumbnailUrl\":\"https:\\\/\\\/idecesos.com\\\/seguros\\\/wp-content\\\/uploads\\\/2021\\\/09\\\/asisa-seguro-decesos.jpg\",\"datePublished\":\"2021-11-10T21:03:25+00:00\",\"dateModified\":\"2021-11-10T21:04:41+00:00\",\"description\":\"Lista completa de Oficinas Asisa en Huesca Horarios, \u2706 tel\u00e9fonos y direcciones actualizados en 2026 \u2611\ufe0f Verificado por iDecesos.\",\"breadcrumb\":{\"@id\":\"https:\\\/\\\/idecesos.com\\\/seguros\\\/companias\\\/asisa\\\/huesca\\\/#breadcrumb\"},\"inLanguage\":\"es\",\"potentialAction\":[{\"@type\":\"ReadAction\",\"target\":[\"https:\\\/\\\/idecesos.com\\\/seguros\\\/companias\\\/asisa\\\/huesca\\\/\"]}]},{\"@type\":\"ImageObject\",\"inLanguage\":\"es\",\"@id\":\"https:\\\/\\\/idecesos.com\\\/seguros\\\/companias\\\/asisa\\\/huesca\\\/#primaryimage\",\"url\":\"https:\\\/\\\/idecesos.com\\\/seguros\\\/wp-content\\\/uploads\\\/2021\\\/09\\\/asisa-seguro-decesos.jpg\",\"contentUrl\":\"https:\\\/\\\/idecesos.com\\\/seguros\\\/wp-content\\\/uploads\\\/2021\\\/09\\\/asisa-seguro-decesos.jpg\",\"width\":501,\"height\":63,\"caption\":\"Seguro de Decesos Adeslas\"},{\"@type\":\"BreadcrumbList\",\"@id\":\"https:\\\/\\\/idecesos.com\\\/seguros\\\/companias\\\/asisa\\\/huesca\\\/#breadcrumb\",\"itemListElement\":[{\"@type\":\"ListItem\",\"position\":1,\"name\":\"Portada\",\"item\":\"https:\\\/\\\/idecesos.com\\\/seguros\\\/\"},{\"@type\":\"ListItem\",\"position\":2,\"name\":\"Compa\u00f1\u00edas de Seguros de Decesos en Espa\u00f1a\",\"item\":\"https:\\\/\\\/idecesos.com\\\/seguros\\\/companias\\\/\"},{\"@type\":\"ListItem\",\"position\":3,\"name\":\"Seguro de Decesos Asisa\",\"item\":\"https:\\\/\\\/idecesos.com\\\/seguros\\\/companias\\\/asisa\\\/\"},{\"@type\":\"ListItem\",\"position\":4,\"name\":\"Oficinas seguros de decesos Asisa en Huesca\"}]},{\"@type\":\"WebSite\",\"@id\":\"https:\\\/\\\/idecesos.com\\\/seguros\\\/#website\",\"url\":\"https:\\\/\\\/idecesos.com\\\/seguros\\\/\",\"name\":\"\",\"description\":\"\",\"potentialAction\":[{\"@type\":\"SearchAction\",\"target\":{\"@type\":\"EntryPoint\",\"urlTemplate\":\"https:\\\/\\\/idecesos.com\\\/seguros\\\/?s={search_term_string}\"},\"query-input\":{\"@type\":\"PropertyValueSpecification\",\"valueRequired\":true,\"valueName\":\"search_term_string\"}}],\"inLanguage\":\"es\"}]}<\/script>\n<!-- \/ Yoast SEO plugin. -->","yoast_head_json":{"title":"Oficinas Asisa en Huesca \u25b7Tel\u00e9fonos, Horarios, Direcci\u00f3n","description":"Lista completa de Oficinas Asisa en Huesca Horarios, \u2706 tel\u00e9fonos y direcciones actualizados en 2026 \u2611\ufe0f Verificado por iDecesos.","robots":{"index":"index","follow":"follow","max-snippet":"max-snippet:-1","max-image-preview":"max-image-preview:large","max-video-preview":"max-video-preview:-1"},"canonical":"https:\/\/idecesos.com\/seguros\/companias\/asisa\/huesca\/","og_locale":"es_ES","og_type":"article","og_title":"Oficinas Asisa en Huesca \u25b7Tel\u00e9fonos, Horarios, Direcci\u00f3n","og_description":"Lista completa de Oficinas Asisa en Huesca Horarios, \u2706 tel\u00e9fonos y direcciones actualizados en 2026 \u2611\ufe0f Verificado por iDecesos.","og_url":"https:\/\/idecesos.com\/seguros\/companias\/asisa\/huesca\/","article_modified_time":"2021-11-10T21:04:41+00:00","og_image":[{"url":"https:\/\/idecesos.com\/seguros\/wp-content\/uploads\/2021\/09\/asisa-seguro-decesos.jpg","type":"","width":"","height":""}],"twitter_card":"summary_large_image","twitter_misc":{"Tiempo de lectura":"39 minutos"},"schema":{"@context":"https:\/\/schema.org","@graph":[{"@type":"WebPage","@id":"https:\/\/idecesos.com\/seguros\/companias\/asisa\/huesca\/","url":"https:\/\/idecesos.com\/seguros\/companias\/asisa\/huesca\/","name":"Oficinas Asisa en Huesca \u25b7Tel\u00e9fonos, Horarios, Direcci\u00f3n","isPartOf":{"@id":"https:\/\/idecesos.com\/seguros\/#website"},"primaryImageOfPage":{"@id":"https:\/\/idecesos.com\/seguros\/companias\/asisa\/huesca\/#primaryimage"},"image":{"@id":"https:\/\/idecesos.com\/seguros\/companias\/asisa\/huesca\/#primaryimage"},"thumbnailUrl":"https:\/\/idecesos.com\/seguros\/wp-content\/uploads\/2021\/09\/asisa-seguro-decesos.jpg","datePublished":"2021-11-10T21:03:25+00:00","dateModified":"2021-11-10T21:04:41+00:00","description":"Lista completa de Oficinas Asisa en Huesca Horarios, \u2706 tel\u00e9fonos y direcciones actualizados en 2026 \u2611\ufe0f Verificado por iDecesos.","breadcrumb":{"@id":"https:\/\/idecesos.com\/seguros\/companias\/asisa\/huesca\/#breadcrumb"},"inLanguage":"es","potentialAction":[{"@type":"ReadAction","target":["https:\/\/idecesos.com\/seguros\/companias\/asisa\/huesca\/"]}]},{"@type":"ImageObject","inLanguage":"es","@id":"https:\/\/idecesos.com\/seguros\/companias\/asisa\/huesca\/#primaryimage","url":"https:\/\/idecesos.com\/seguros\/wp-content\/uploads\/2021\/09\/asisa-seguro-decesos.jpg","contentUrl":"https:\/\/idecesos.com\/seguros\/wp-content\/uploads\/2021\/09\/asisa-seguro-decesos.jpg","width":501,"height":63,"caption":"Seguro de Decesos Adeslas"},{"@type":"BreadcrumbList","@id":"https:\/\/idecesos.com\/seguros\/companias\/asisa\/huesca\/#breadcrumb","itemListElement":[{"@type":"ListItem","position":1,"name":"Portada","item":"https:\/\/idecesos.com\/seguros\/"},{"@type":"ListItem","position":2,"name":"Compa\u00f1\u00edas de Seguros de Decesos en Espa\u00f1a","item":"https:\/\/idecesos.com\/seguros\/companias\/"},{"@type":"ListItem","position":3,"name":"Seguro de Decesos Asisa","item":"https:\/\/idecesos.com\/seguros\/companias\/asisa\/"},{"@type":"ListItem","position":4,"name":"Oficinas seguros de decesos Asisa en Huesca"}]},{"@type":"WebSite","@id":"https:\/\/idecesos.com\/seguros\/#website","url":"https:\/\/idecesos.com\/seguros\/","name":"","description":"","potentialAction":[{"@type":"SearchAction","target":{"@type":"EntryPoint","urlTemplate":"https:\/\/idecesos.com\/seguros\/?s={search_term_string}"},"query-input":{"@type":"PropertyValueSpecification","valueRequired":true,"valueName":"search_term_string"}}],"inLanguage":"es"}]}},"_links":{"self":[{"href":"https:\/\/idecesos.com\/seguros\/wp-json\/wp\/v2\/pages\/13914","targetHints":{"allow":["GET"]}}],"collection":[{"href":"https:\/\/idecesos.com\/seguros\/wp-json\/wp\/v2\/pages"}],"about":[{"href":"https:\/\/idecesos.com\/seguros\/wp-json\/wp\/v2\/types\/page"}],"replies":[{"embeddable":true,"href":"https:\/\/idecesos.com\/seguros\/wp-json\/wp\/v2\/comments?post=13914"}],"version-history":[{"count":2,"href":"https:\/\/idecesos.com\/seguros\/wp-json\/wp\/v2\/pages\/13914\/revisions"}],"predecessor-version":[{"id":13976,"href":"https:\/\/idecesos.com\/seguros\/wp-json\/wp\/v2\/pages\/13914\/revisions\/13976"}],"up":[{"embeddable":true,"href":"https:\/\/idecesos.com\/seguros\/wp-json\/wp\/v2\/pages\/163"}],"wp:attachment":[{"href":"https:\/\/idecesos.com\/seguros\/wp-json\/wp\/v2\/media?parent=13914"}],"curies":[{"name":"wp","href":"https:\/\/api.w.org\/{rel}","templated":true}]}}