{"id":13915,"date":"2021-11-10T21:04:41","date_gmt":"2021-11-10T21:03:26","guid":{"rendered":"https:\/\/idecesos.com\/seguros\/companias\/asisa\/jaen\/"},"modified":"2021-11-10T21:04:41","modified_gmt":"2021-11-10T21:04:41","slug":"jaen","status":"publish","type":"page","link":"https:\/\/idecesos.com\/seguros\/companias\/asisa\/jaen\/","title":{"rendered":"Oficinas seguros de decesos Asisa en Ja\u00e9n"},"content":{"rendered":"<div id=\"ez-toc-container\" class=\"ez-toc-v2_0_82_2 ez-toc-wrap-center counter-hierarchy ez-toc-counter ez-toc-custom ez-toc-container-direction\">\n<div class=\"ez-toc-title-container\">\n<p class=\"ez-toc-title\" style=\"cursor:inherit\">Tabla de Contenido<\/p>\n<span class=\"ez-toc-title-toggle\"><a href=\"#\" class=\"ez-toc-pull-right ez-toc-btn ez-toc-btn-xs ez-toc-btn-default ez-toc-toggle\" aria-label=\"Alternar tabla de contenidos\"><span class=\"ez-toc-js-icon-con\"><span class=\"\"><span class=\"eztoc-hide\" style=\"display:none;\">Toggle<\/span><span class=\"ez-toc-icon-toggle-span\"><svg style=\"fill: #db6415;color:#db6415\" xmlns=\"http:\/\/www.w3.org\/2000\/svg\" class=\"list-377408\" width=\"20px\" height=\"20px\" viewBox=\"0 0 24 24\" fill=\"none\"><path d=\"M6 6H4v2h2V6zm14 0H8v2h12V6zM4 11h2v2H4v-2zm16 0H8v2h12v-2zM4 16h2v2H4v-2zm16 0H8v2h12v-2z\" fill=\"currentColor\"><\/path><\/svg><svg style=\"fill: #db6415;color:#db6415\" class=\"arrow-unsorted-368013\" xmlns=\"http:\/\/www.w3.org\/2000\/svg\" width=\"10px\" height=\"10px\" viewBox=\"0 0 24 24\" version=\"1.2\" baseProfile=\"tiny\"><path d=\"M18.2 9.3l-6.2-6.3-6.2 6.3c-.2.2-.3.4-.3.7s.1.5.3.7c.2.2.4.3.7.3h11c.3 0 .5-.1.7-.3.2-.2.3-.5.3-.7s-.1-.5-.3-.7zM5.8 14.7l6.2 6.3 6.2-6.3c.2-.2.3-.5.3-.7s-.1-.5-.3-.7c-.2-.2-.4-.3-.7-.3h-11c-.3 0-.5.1-.7.3-.2.2-.3.5-.3.7s.1.5.3.7z\"\/><\/svg><\/span><\/span><\/span><\/a><\/span><\/div>\n<nav><ul class='ez-toc-list ez-toc-list-level-1 ' ><li class='ez-toc-page-1 ez-toc-heading-level-2'><a class=\"ez-toc-link ez-toc-heading-1\" href=\"https:\/\/idecesos.com\/seguros\/companias\/asisa\/jaen\/#Seguro_de_decesos_Asisa_en_Jaen\" >Seguro de decesos Asisa en Ja\u00e9n<\/a><\/li><li class='ez-toc-page-1 ez-toc-heading-level-2'><a class=\"ez-toc-link ez-toc-heading-2\" href=\"https:\/\/idecesos.com\/seguros\/companias\/asisa\/jaen\/#Mapa_de_agencias_de_seguros_Asisa_en_Jaen\" >Mapa de agencias de seguros Asisa en Ja\u00e9n<\/a><\/li><li class='ez-toc-page-1 ez-toc-heading-level-2'><a class=\"ez-toc-link ez-toc-heading-3\" href=\"https:\/\/idecesos.com\/seguros\/companias\/asisa\/jaen\/#Listado_de_sucursales_Asisa_en_Jaen\" >Listado de sucursales Asisa en Ja\u00e9n<\/a><\/li><li class='ez-toc-page-1 ez-toc-heading-level-2'><a class=\"ez-toc-link ez-toc-heading-4\" href=\"https:\/\/idecesos.com\/seguros\/companias\/asisa\/jaen\/#Sucursales_de_seguros_de_decesos_en_Jaen\" >Sucursales de seguros de decesos en Ja\u00e9n<\/a><ul class='ez-toc-list-level-3' ><li class='ez-toc-heading-level-3'><a class=\"ez-toc-link ez-toc-heading-5\" href=\"https:\/\/idecesos.com\/seguros\/companias\/asisa\/jaen\/#Listado_de_sucursales_Asisa_en_Espana\" >Listado de sucursales Asisa en Espa\u00f1a<\/a><\/li><\/ul><\/li><\/ul><\/nav><\/div>\n<p><br \/>\n<a href=\"https:\/\/idecesos.com\/seguros\/companias\/asisa\/\"><img decoding=\"async\" class=\" alignleft\" src=\"https:\/\/idecesos.com\/seguros\/wp-content\/uploads\/2021\/09\/asisa-seguro-decesos.jpg\" alt=\"Seguro de decesos Asisa\" width=\"336\" height=\"103\" \/><\/a>Cuentas con diferentes sucursales de Asisa en Ja\u00e9n recibiendo en todo momento un asesoramiento detallado con una atenci\u00f3n personal. En cual vas a poder asistir dentro de sus horarios marcados.<br \/>\nEn momentos importantes nos resultara \u00fatil poder conocer donde se hallan las distintas oficinas de Asisa a nuestro alcance en Ja\u00e9n. Resolver\u00e1n cualquier inconveniente, gestion\u00e1ndolo de forma instant\u00e1nea. <\/p>\n<p>Optamos por lo polivalente que resulta la <strong>busca de oficinas de Asisa en Ja\u00e9n<\/strong> trataran todos los problemas que puedas acontecer quedando resuelto sin problema de manera inmediata. Dando calidad al servicio cerca de ti en cualquier momento. En caso de que se necesite asesoramiento, tendr\u00e1 en toda su posesi\u00f3n del servicio puedan acudir a su empresa de seguros m\u00e1s cercano para la gesti\u00f3n del mismo. <\/p>\n<p>Visita nuestra p\u00e1gina de <a href=\"https:\/\/idecesos.com\/seguros\/companias\/asisa\/\">seguros de decesos Asisa<\/a> para m\u00e1s informaci\u00f3n.<\/p>\n<div class=\"colorf \"  ><div class=\"container clearfix\"><div class=\"col-md-7\">\n<h2><span class=\"ez-toc-section\" id=\"Seguro_de_decesos_Asisa_en_Jaen\"><\/span>Seguro de decesos Asisa en Ja\u00e9n<span class=\"ez-toc-section-end\"><\/span><\/h2>\n<p>Siendo una de las lideres en el mercado como empresa aseguradora de decesos, vamos a poner a tu predisposici\u00f3n oficinas de Asisa en Ja\u00e9n te resultara tan f\u00e1cil que vas a poder conseguir tu presupuesto en el momento. Hemos querido que puedas obtener de manera sencilla y de forma c\u00f3moda, el presupuesto de tu seguro de manera flash, siendo esto tan simple, a fin de que no tengas ning\u00fan problema en el momento de conseguirlo. \u00bfDe qu\u00e9 forma ahorrar tiempo? Tan sencillo como conseguir la informaci\u00f3n que necesites en menos de un 1 minuto, a fin de que lo gestiones de una manera m\u00e1s sencilla. <\/p>\n<p><strong>Ver m\u00e1s:<\/strong> <a href=\"https:\/\/idecesos.com\/seguros\/ciudades\/jaen\/\">Seguros de decesos en Ja\u00e9n<\/a><\/p>\n<p>Hemos querido facilitarte el proceso de buscar, por eso te damos este formulario donde vas a recibir toda la informaci\u00f3n precisa que necesite. Tambi\u00e9n cuenta con la ventaja de solicitar cita previa, a fin de que pueda acudir a su sucursal de <strong>confianza de Asisa en Ja\u00e9n.<\/strong> Libre de recibir publicidad o bien que no sea relacionado con lo que se haya pedido. Merced al formulario que hemos querido facilitarle obtendr\u00e1 f\u00e1cilmente su cita presencial, como la informaci\u00f3n filtrada de la que vaya a necesitar. Contando en todo momento con la protecci\u00f3n m\u00e1s seguro, sobr\u00e9 sus datos. <\/p>\n<p><\/div><\/div><\/div>\n\t\t<hr class=\"separador\">\n\t\t<div class=\"bloque-accion\">\n\t\t<p class=\"txt-accion\">Calcula el precio de tu seguro de decesos en menos de 1 minuto<\/p>\n\t\t<a class=\"btn-accion\" href=\"https:\/\/idecesos.com\/\">CALCULAR<\/a>\n\t\t<\/div>\n\t\t<hr class=\"separador\">\n\t\t<\/p>\n<h2><span class=\"ez-toc-section\" id=\"Mapa_de_agencias_de_seguros_Asisa_en_Jaen\"><\/span>Mapa de agencias de seguros Asisa en Ja\u00e9n<span class=\"ez-toc-section-end\"><\/span><\/h2>\n<p>Como puedes observar cuentas con un localizador de sucursales de Asisa en Ja\u00e9n con toda la informaci\u00f3n precisa , incluyendo de esta manera un mapa por cada Asisa en Ja\u00e9n. Nos gusta solucionar problemas de forma eficaz, danto en todo instante resultado en tu b\u00fasqueda. haciendo m\u00e1s entretenido el desarrollo de buscar. En menos de instante lo vas a tener a toda tu predisposici\u00f3n. Solventar tus cuestiones o inconvenientes es nuestra dedicaci\u00f3n, mejorando tu servicio al cien por ciento. <\/p>\n<p><iframe class=\"page-generator-pro-map\" width=\"100%\" height=\"400\" frameborder=\"0\" style=\"border:0\" src=\"https:\/\/www.google.com\/maps\/embed\/v1\/place?q=Ja%C3%A9n&#038;zoom=14&#038;maptype=roadmap&#038;key=AIzaSyCNTEOso0tZG6YMSJFoaJEY5Th1stEWrJI\" allowfullscreen><\/iframe><\/p>\n<div class=\"colorf\"><div class=\"container clearfix\"><div class=\"col-md-7\"><div class=\"empresas\">\n<h2><span class=\"ez-toc-section\" id=\"Listado_de_sucursales_Asisa_en_Jaen\"><\/span>Listado de sucursales Asisa en Ja\u00e9n<span class=\"ez-toc-section-end\"><\/span><\/h2>\n<ul>\n<li><strong>ASISA-JAEN Ja\u00e9n:<\/strong> C. Bernab\u00e9 Soriano, 18, 23001 Ja\u00e9n<\/li>\n<li><strong>ASISA-JAEN Ja\u00e9n:<\/strong> C. Bernab\u00e9 Soriano, 18, 23001 Ja\u00e9n<\/li>\n<\/ul>\n<\/div><\/div><\/div><\/div>\n<h2><span class=\"ez-toc-section\" id=\"Sucursales_de_seguros_de_decesos_en_Jaen\"><\/span>Sucursales de seguros de decesos en Ja\u00e9n<span class=\"ez-toc-section-end\"><\/span><\/h2>\n<p>Te aseguramos que cuentas con nuestro compromiso en todo momento. Es dif\u00edcil tomar las mejores resoluciones, por ello te damos un listado con diferentes <strong>empresas de seguros de decesos en Ja\u00e9n<\/strong> por medio de nuestro enlace podr\u00e1s encontrar todo cuanto necesites. Con la informaci\u00f3n relevante. <\/p>\n<!-- Shortcode [asisa] does not exist -->\n<div class=\"colorf\"><div class=\"container clearfix\"><div class=\"col-md-7\"><div class=\"empresas\">\n<h3><span class=\"ez-toc-section\" id=\"Listado_de_sucursales_Asisa_en_Espana\"><\/span>Listado de sucursales Asisa en Espa\u00f1a<span class=\"ez-toc-section-end\"><\/span><\/h3>\n<div class=\"enlazado\"><ul><li><a href=\"https:\/\/idecesos.com\/seguros\/companias\/asisa\/coberturas\/\"><span>Coberturas Seguro de decesos Asisa<\/span><\/a><\/li><li><a href=\"https:\/\/idecesos.com\/seguros\/companias\/asisa\/burgos\/\"><span>Oficinas seguros de decesos Asisa en Burgos<\/span><\/a><\/li><li><a href=\"https:\/\/idecesos.com\/seguros\/companias\/asisa\/ceuta\/\"><span>Oficinas seguros de decesos Asisa en Ceuta<\/span><\/a><\/li><li><a href=\"https:\/\/idecesos.com\/seguros\/companias\/asisa\/ciudad-real\/\"><span>Oficinas seguros de decesos Asisa en Ciudad Real<\/span><\/a><\/li><li><a href=\"https:\/\/idecesos.com\/seguros\/companias\/asisa\/cadiz\/\"><span>Oficinas seguros de decesos Asisa en C\u00e1diz<\/span><\/a><\/li><li><a href=\"https:\/\/idecesos.com\/seguros\/companias\/asisa\/huesca\/\"><span>Oficinas seguros de decesos Asisa en Huesca<\/span><\/a><\/li><li><a href=\"https:\/\/idecesos.com\/seguros\/companias\/asisa\/las-palmas\/\"><span>Oficinas seguros de decesos Asisa en Las palmas<\/span><\/a><\/li><li><a href=\"https:\/\/idecesos.com\/seguros\/companias\/asisa\/lugo\/\"><span>Oficinas seguros de decesos Asisa en Lugo<\/span><\/a><\/li><li><a href=\"https:\/\/idecesos.com\/seguros\/companias\/asisa\/lerida\/\"><span>Oficinas seguros de decesos Asisa en L\u00e9rida<\/span><\/a><\/li><li><a href=\"https:\/\/idecesos.com\/seguros\/companias\/asisa\/malaga\/\"><span>Oficinas seguros de decesos Asisa en M\u00e1laga<\/span><\/a><\/li><li><a href=\"https:\/\/idecesos.com\/seguros\/companias\/asisa\/sevilla\/\"><span>Oficinas seguros de decesos Asisa en Sevilla<\/span><\/a><\/li><li><a href=\"https:\/\/idecesos.com\/seguros\/companias\/asisa\/tarragona\/\"><span>Oficinas seguros de decesos Asisa en Tarragona<\/span><\/a><\/li><li><a href=\"https:\/\/idecesos.com\/seguros\/companias\/asisa\/teruel\/\"><span>Oficinas seguros de decesos Asisa en Teruel<\/span><\/a><\/li><li><a href=\"https:\/\/idecesos.com\/seguros\/companias\/asisa\/valladolid\/\"><span>Oficinas seguros de decesos Asisa en Valladolid<\/span><\/a><\/li><li><a href=\"https:\/\/idecesos.com\/seguros\/companias\/asisa\/alava\/\"><span>Oficinas seguros de decesos Asisa en \u00c1lava<\/span><\/a><\/li><li><a href=\"https:\/\/idecesos.com\/seguros\/companias\/asisa\/prima-unica\/\"><span>Seguro de decesos Asisa Prima \u00danica<\/span><\/a><\/li><\/ul><\/div>\n<div><\/div><\/div><\/div><\/div><\/div>\n","protected":false},"excerpt":{"rendered":"<p>Cuentas con diferentes sucursales de Asisa en Ja\u00e9n recibiendo en todo momento un asesoramiento detallado con una atenci\u00f3n personal. En cual vas a poder asistir dentro de sus horarios marcados. En momentos importantes nos resultara \u00fatil poder conocer donde se hallan las distintas oficinas de Asisa a nuestro alcance en Ja\u00e9n. Resolver\u00e1n cualquier inconveniente, gestion\u00e1ndolo&hellip; <\/p>\n","protected":false},"author":0,"featured_media":0,"parent":163,"menu_order":0,"comment_status":"closed","ping_status":"closed","template":"page-templates\/companies.php","meta":{"footnotes":""},"class_list":["post-13915","page","type-page","status-publish","hentry"],"yoast_head":"<!-- This site is optimized with the Yoast SEO plugin v27.3 - https:\/\/yoast.com\/product\/yoast-seo-wordpress\/ -->\n<title>Oficinas Asisa en Ja\u00e9n \u25b7Tel\u00e9fonos, Horarios, Direcci\u00f3n<\/title>\n<meta name=\"description\" content=\"Lista completa de Oficinas Asisa en Ja\u00e9n Horarios, \u2706 tel\u00e9fonos y direcciones actualizados en 2026 \u2611\ufe0f Verificado por iDecesos.\" \/>\n<meta name=\"robots\" content=\"index, follow, max-snippet:-1, max-image-preview:large, max-video-preview:-1\" \/>\n<link rel=\"canonical\" href=\"https:\/\/idecesos.com\/seguros\/companias\/asisa\/jaen\/\" \/>\n<meta property=\"og:locale\" content=\"es_ES\" \/>\n<meta property=\"og:type\" content=\"article\" \/>\n<meta property=\"og:title\" content=\"Oficinas Asisa en Ja\u00e9n \u25b7Tel\u00e9fonos, Horarios, Direcci\u00f3n\" \/>\n<meta property=\"og:description\" content=\"Lista completa de Oficinas Asisa en Ja\u00e9n Horarios, \u2706 tel\u00e9fonos y direcciones actualizados en 2026 \u2611\ufe0f Verificado por iDecesos.\" \/>\n<meta property=\"og:url\" content=\"https:\/\/idecesos.com\/seguros\/companias\/asisa\/jaen\/\" \/>\n<meta property=\"article:modified_time\" content=\"2021-11-10T21:04:41+00:00\" \/>\n<meta property=\"og:image\" content=\"https:\/\/idecesos.com\/seguros\/wp-content\/uploads\/2021\/09\/asisa-seguro-decesos.jpg\" \/>\n<meta name=\"twitter:card\" content=\"summary_large_image\" \/>\n<meta name=\"twitter:label1\" content=\"Tiempo de lectura\" \/>\n\t<meta name=\"twitter:data1\" content=\"39 minutos\" \/>\n<script type=\"application\/ld+json\" class=\"yoast-schema-graph\">{\"@context\":\"https:\\\/\\\/schema.org\",\"@graph\":[{\"@type\":\"WebPage\",\"@id\":\"https:\\\/\\\/idecesos.com\\\/seguros\\\/companias\\\/asisa\\\/jaen\\\/\",\"url\":\"https:\\\/\\\/idecesos.com\\\/seguros\\\/companias\\\/asisa\\\/jaen\\\/\",\"name\":\"Oficinas Asisa en Ja\u00e9n \u25b7Tel\u00e9fonos, Horarios, Direcci\u00f3n\",\"isPartOf\":{\"@id\":\"https:\\\/\\\/idecesos.com\\\/seguros\\\/#website\"},\"primaryImageOfPage\":{\"@id\":\"https:\\\/\\\/idecesos.com\\\/seguros\\\/companias\\\/asisa\\\/jaen\\\/#primaryimage\"},\"image\":{\"@id\":\"https:\\\/\\\/idecesos.com\\\/seguros\\\/companias\\\/asisa\\\/jaen\\\/#primaryimage\"},\"thumbnailUrl\":\"https:\\\/\\\/idecesos.com\\\/seguros\\\/wp-content\\\/uploads\\\/2021\\\/09\\\/asisa-seguro-decesos.jpg\",\"datePublished\":\"2021-11-10T21:03:26+00:00\",\"dateModified\":\"2021-11-10T21:04:41+00:00\",\"description\":\"Lista completa de Oficinas Asisa en Ja\u00e9n Horarios, \u2706 tel\u00e9fonos y direcciones actualizados en 2026 \u2611\ufe0f Verificado por iDecesos.\",\"breadcrumb\":{\"@id\":\"https:\\\/\\\/idecesos.com\\\/seguros\\\/companias\\\/asisa\\\/jaen\\\/#breadcrumb\"},\"inLanguage\":\"es\",\"potentialAction\":[{\"@type\":\"ReadAction\",\"target\":[\"https:\\\/\\\/idecesos.com\\\/seguros\\\/companias\\\/asisa\\\/jaen\\\/\"]}]},{\"@type\":\"ImageObject\",\"inLanguage\":\"es\",\"@id\":\"https:\\\/\\\/idecesos.com\\\/seguros\\\/companias\\\/asisa\\\/jaen\\\/#primaryimage\",\"url\":\"https:\\\/\\\/idecesos.com\\\/seguros\\\/wp-content\\\/uploads\\\/2021\\\/09\\\/asisa-seguro-decesos.jpg\",\"contentUrl\":\"https:\\\/\\\/idecesos.com\\\/seguros\\\/wp-content\\\/uploads\\\/2021\\\/09\\\/asisa-seguro-decesos.jpg\",\"width\":501,\"height\":63,\"caption\":\"Seguro de Decesos Adeslas\"},{\"@type\":\"BreadcrumbList\",\"@id\":\"https:\\\/\\\/idecesos.com\\\/seguros\\\/companias\\\/asisa\\\/jaen\\\/#breadcrumb\",\"itemListElement\":[{\"@type\":\"ListItem\",\"position\":1,\"name\":\"Portada\",\"item\":\"https:\\\/\\\/idecesos.com\\\/seguros\\\/\"},{\"@type\":\"ListItem\",\"position\":2,\"name\":\"Compa\u00f1\u00edas de Seguros de Decesos en Espa\u00f1a\",\"item\":\"https:\\\/\\\/idecesos.com\\\/seguros\\\/companias\\\/\"},{\"@type\":\"ListItem\",\"position\":3,\"name\":\"Seguro de Decesos Asisa\",\"item\":\"https:\\\/\\\/idecesos.com\\\/seguros\\\/companias\\\/asisa\\\/\"},{\"@type\":\"ListItem\",\"position\":4,\"name\":\"Oficinas seguros de decesos Asisa en Ja\u00e9n\"}]},{\"@type\":\"WebSite\",\"@id\":\"https:\\\/\\\/idecesos.com\\\/seguros\\\/#website\",\"url\":\"https:\\\/\\\/idecesos.com\\\/seguros\\\/\",\"name\":\"\",\"description\":\"\",\"potentialAction\":[{\"@type\":\"SearchAction\",\"target\":{\"@type\":\"EntryPoint\",\"urlTemplate\":\"https:\\\/\\\/idecesos.com\\\/seguros\\\/?s={search_term_string}\"},\"query-input\":{\"@type\":\"PropertyValueSpecification\",\"valueRequired\":true,\"valueName\":\"search_term_string\"}}],\"inLanguage\":\"es\"}]}<\/script>\n<!-- \/ Yoast SEO plugin. -->","yoast_head_json":{"title":"Oficinas Asisa en Ja\u00e9n \u25b7Tel\u00e9fonos, Horarios, Direcci\u00f3n","description":"Lista completa de Oficinas Asisa en Ja\u00e9n Horarios, \u2706 tel\u00e9fonos y direcciones actualizados en 2026 \u2611\ufe0f Verificado por iDecesos.","robots":{"index":"index","follow":"follow","max-snippet":"max-snippet:-1","max-image-preview":"max-image-preview:large","max-video-preview":"max-video-preview:-1"},"canonical":"https:\/\/idecesos.com\/seguros\/companias\/asisa\/jaen\/","og_locale":"es_ES","og_type":"article","og_title":"Oficinas Asisa en Ja\u00e9n \u25b7Tel\u00e9fonos, Horarios, Direcci\u00f3n","og_description":"Lista completa de Oficinas Asisa en Ja\u00e9n Horarios, \u2706 tel\u00e9fonos y direcciones actualizados en 2026 \u2611\ufe0f Verificado por iDecesos.","og_url":"https:\/\/idecesos.com\/seguros\/companias\/asisa\/jaen\/","article_modified_time":"2021-11-10T21:04:41+00:00","og_image":[{"url":"https:\/\/idecesos.com\/seguros\/wp-content\/uploads\/2021\/09\/asisa-seguro-decesos.jpg","type":"","width":"","height":""}],"twitter_card":"summary_large_image","twitter_misc":{"Tiempo de lectura":"39 minutos"},"schema":{"@context":"https:\/\/schema.org","@graph":[{"@type":"WebPage","@id":"https:\/\/idecesos.com\/seguros\/companias\/asisa\/jaen\/","url":"https:\/\/idecesos.com\/seguros\/companias\/asisa\/jaen\/","name":"Oficinas Asisa en Ja\u00e9n \u25b7Tel\u00e9fonos, Horarios, Direcci\u00f3n","isPartOf":{"@id":"https:\/\/idecesos.com\/seguros\/#website"},"primaryImageOfPage":{"@id":"https:\/\/idecesos.com\/seguros\/companias\/asisa\/jaen\/#primaryimage"},"image":{"@id":"https:\/\/idecesos.com\/seguros\/companias\/asisa\/jaen\/#primaryimage"},"thumbnailUrl":"https:\/\/idecesos.com\/seguros\/wp-content\/uploads\/2021\/09\/asisa-seguro-decesos.jpg","datePublished":"2021-11-10T21:03:26+00:00","dateModified":"2021-11-10T21:04:41+00:00","description":"Lista completa de Oficinas Asisa en Ja\u00e9n Horarios, \u2706 tel\u00e9fonos y direcciones actualizados en 2026 \u2611\ufe0f Verificado por iDecesos.","breadcrumb":{"@id":"https:\/\/idecesos.com\/seguros\/companias\/asisa\/jaen\/#breadcrumb"},"inLanguage":"es","potentialAction":[{"@type":"ReadAction","target":["https:\/\/idecesos.com\/seguros\/companias\/asisa\/jaen\/"]}]},{"@type":"ImageObject","inLanguage":"es","@id":"https:\/\/idecesos.com\/seguros\/companias\/asisa\/jaen\/#primaryimage","url":"https:\/\/idecesos.com\/seguros\/wp-content\/uploads\/2021\/09\/asisa-seguro-decesos.jpg","contentUrl":"https:\/\/idecesos.com\/seguros\/wp-content\/uploads\/2021\/09\/asisa-seguro-decesos.jpg","width":501,"height":63,"caption":"Seguro de Decesos Adeslas"},{"@type":"BreadcrumbList","@id":"https:\/\/idecesos.com\/seguros\/companias\/asisa\/jaen\/#breadcrumb","itemListElement":[{"@type":"ListItem","position":1,"name":"Portada","item":"https:\/\/idecesos.com\/seguros\/"},{"@type":"ListItem","position":2,"name":"Compa\u00f1\u00edas de Seguros de Decesos en Espa\u00f1a","item":"https:\/\/idecesos.com\/seguros\/companias\/"},{"@type":"ListItem","position":3,"name":"Seguro de Decesos Asisa","item":"https:\/\/idecesos.com\/seguros\/companias\/asisa\/"},{"@type":"ListItem","position":4,"name":"Oficinas seguros de decesos Asisa en Ja\u00e9n"}]},{"@type":"WebSite","@id":"https:\/\/idecesos.com\/seguros\/#website","url":"https:\/\/idecesos.com\/seguros\/","name":"","description":"","potentialAction":[{"@type":"SearchAction","target":{"@type":"EntryPoint","urlTemplate":"https:\/\/idecesos.com\/seguros\/?s={search_term_string}"},"query-input":{"@type":"PropertyValueSpecification","valueRequired":true,"valueName":"search_term_string"}}],"inLanguage":"es"}]}},"_links":{"self":[{"href":"https:\/\/idecesos.com\/seguros\/wp-json\/wp\/v2\/pages\/13915","targetHints":{"allow":["GET"]}}],"collection":[{"href":"https:\/\/idecesos.com\/seguros\/wp-json\/wp\/v2\/pages"}],"about":[{"href":"https:\/\/idecesos.com\/seguros\/wp-json\/wp\/v2\/types\/page"}],"replies":[{"embeddable":true,"href":"https:\/\/idecesos.com\/seguros\/wp-json\/wp\/v2\/comments?post=13915"}],"version-history":[{"count":2,"href":"https:\/\/idecesos.com\/seguros\/wp-json\/wp\/v2\/pages\/13915\/revisions"}],"predecessor-version":[{"id":13977,"href":"https:\/\/idecesos.com\/seguros\/wp-json\/wp\/v2\/pages\/13915\/revisions\/13977"}],"up":[{"embeddable":true,"href":"https:\/\/idecesos.com\/seguros\/wp-json\/wp\/v2\/pages\/163"}],"wp:attachment":[{"href":"https:\/\/idecesos.com\/seguros\/wp-json\/wp\/v2\/media?parent=13915"}],"curies":[{"name":"wp","href":"https:\/\/api.w.org\/{rel}","templated":true}]}}