{"id":13995,"date":"2021-11-10T21:04:51","date_gmt":"2021-11-10T21:04:51","guid":{"rendered":"https:\/\/idecesos.com\/seguros\/companias\/asisa\/tarragona\/"},"modified":"2021-11-10T21:04:51","modified_gmt":"2021-11-10T21:04:51","slug":"tarragona","status":"publish","type":"page","link":"https:\/\/idecesos.com\/seguros\/companias\/asisa\/tarragona\/","title":{"rendered":"Oficinas seguros de decesos Asisa en Tarragona"},"content":{"rendered":"<div id=\"ez-toc-container\" class=\"ez-toc-v2_0_82_2 ez-toc-wrap-center counter-hierarchy ez-toc-counter ez-toc-custom ez-toc-container-direction\">\n<div class=\"ez-toc-title-container\">\n<p class=\"ez-toc-title\" style=\"cursor:inherit\">Tabla de Contenido<\/p>\n<span class=\"ez-toc-title-toggle\"><a href=\"#\" class=\"ez-toc-pull-right ez-toc-btn ez-toc-btn-xs ez-toc-btn-default ez-toc-toggle\" aria-label=\"Alternar tabla de contenidos\"><span class=\"ez-toc-js-icon-con\"><span class=\"\"><span class=\"eztoc-hide\" style=\"display:none;\">Toggle<\/span><span class=\"ez-toc-icon-toggle-span\"><svg style=\"fill: #db6415;color:#db6415\" xmlns=\"http:\/\/www.w3.org\/2000\/svg\" class=\"list-377408\" width=\"20px\" height=\"20px\" viewBox=\"0 0 24 24\" fill=\"none\"><path d=\"M6 6H4v2h2V6zm14 0H8v2h12V6zM4 11h2v2H4v-2zm16 0H8v2h12v-2zM4 16h2v2H4v-2zm16 0H8v2h12v-2z\" fill=\"currentColor\"><\/path><\/svg><svg style=\"fill: #db6415;color:#db6415\" class=\"arrow-unsorted-368013\" xmlns=\"http:\/\/www.w3.org\/2000\/svg\" width=\"10px\" height=\"10px\" viewBox=\"0 0 24 24\" version=\"1.2\" baseProfile=\"tiny\"><path d=\"M18.2 9.3l-6.2-6.3-6.2 6.3c-.2.2-.3.4-.3.7s.1.5.3.7c.2.2.4.3.7.3h11c.3 0 .5-.1.7-.3.2-.2.3-.5.3-.7s-.1-.5-.3-.7zM5.8 14.7l6.2 6.3 6.2-6.3c.2-.2.3-.5.3-.7s-.1-.5-.3-.7c-.2-.2-.4-.3-.7-.3h-11c-.3 0-.5.1-.7.3-.2.2-.3.5-.3.7s.1.5.3.7z\"\/><\/svg><\/span><\/span><\/span><\/a><\/span><\/div>\n<nav><ul class='ez-toc-list ez-toc-list-level-1 ' ><li class='ez-toc-page-1 ez-toc-heading-level-2'><a class=\"ez-toc-link ez-toc-heading-1\" href=\"https:\/\/idecesos.com\/seguros\/companias\/asisa\/tarragona\/#Seguro_de_decesos_Asisa_en_Tarragona\" >Seguro de decesos Asisa en Tarragona<\/a><\/li><li class='ez-toc-page-1 ez-toc-heading-level-2'><a class=\"ez-toc-link ez-toc-heading-2\" href=\"https:\/\/idecesos.com\/seguros\/companias\/asisa\/tarragona\/#Mapa_de_sucursales_de_seguros_Asisa_en_Tarragona\" >Mapa de sucursales de seguros Asisa en Tarragona<\/a><\/li><li class='ez-toc-page-1 ez-toc-heading-level-2'><a class=\"ez-toc-link ez-toc-heading-3\" href=\"https:\/\/idecesos.com\/seguros\/companias\/asisa\/tarragona\/#Listado_de_oficinas_Asisa_en_Tarragona\" >Listado de oficinas Asisa en Tarragona<\/a><\/li><li class='ez-toc-page-1 ez-toc-heading-level-2'><a class=\"ez-toc-link ez-toc-heading-4\" href=\"https:\/\/idecesos.com\/seguros\/companias\/asisa\/tarragona\/#Sucursales_de_seguros_de_decesos_en_Tarragona\" >Sucursales de seguros de decesos en Tarragona<\/a><ul class='ez-toc-list-level-3' ><li class='ez-toc-heading-level-3'><a class=\"ez-toc-link ez-toc-heading-5\" href=\"https:\/\/idecesos.com\/seguros\/companias\/asisa\/tarragona\/#Listado_de_sucursales_Asisa_en_Espana\" >Listado de sucursales Asisa en Espa\u00f1a<\/a><\/li><\/ul><\/li><\/ul><\/nav><\/div>\n<p><br \/>\n<a href=\"https:\/\/idecesos.com\/seguros\/companias\/asisa\/\"><img decoding=\"async\" class=\" alignleft\" src=\"https:\/\/idecesos.com\/seguros\/wp-content\/uploads\/2021\/09\/asisa-seguro-decesos.jpg\" alt=\"Seguro de decesos Asisa\" width=\"336\" height=\"103\" \/><\/a>Te dan calidad en servicio como en atenci\u00f3n, puedes acudir a sus diferentes sucursales de Asisa en Tarragona. Cada horario cambiara conforme la \u00e9poca en que se halle. Siempre puede suceder algo inopinado por ello es de bien saber d\u00f3nde se pueden localizar las distintas sucursales de Asisa <strong>cerca de nosotros en Tarragona. <\/strong>Ellos se encargaran de gestionar todos tus problemas de una forma m\u00e1s r\u00e1pida. \u00a0<\/p>\n<p>Para facilitarte la localizaci\u00f3n de las oficinas de Asisa en Tarragona y asegurarte la disponibilidad con un servicio de calidad, lo m\u00e1s resaltable que no tendr\u00e1s problemas por hallar uno en tu zona. \u00bfQu\u00e9 sucede despu\u00e9s de tener una p\u00f3liza? Una vez lo tengas contratado te aseguran un servicio de calidad Premium. \u00bfCu\u00e1l es el proceso m\u00e1s esencial? el que sobresale del resto puesto que es uno de los m\u00e1s esenciales es cada oficina de Asisa en Tarragona. <\/p>\n<p>Visita nuestra p\u00e1gina de <a href=\"https:\/\/idecesos.com\/seguros\/companias\/asisa\/\">seguros de decesos Asisa<\/a> para m\u00e1s informaci\u00f3n.<\/p>\n<div class=\"colorf \"  ><div class=\"container clearfix\"><div class=\"col-md-7\">\n<h2><span class=\"ez-toc-section\" id=\"Seguro_de_decesos_Asisa_en_Tarragona\"><\/span>Seguro de decesos Asisa en Tarragona<span class=\"ez-toc-section-end\"><\/span><\/h2>\n<p>Se podr\u00eda decir que una de las cosas que m\u00e1s nos tienen presente, es por la calidad ofrecida, en contraste a otras compa\u00f1\u00edas de seguros y donde nos<strong> encontramos en cada Tarragona<\/strong> para darte la atenci\u00f3n que necesites de manera m\u00e1s presencial y resolutiva. Ten gratis tu presupuesto de manera inmediata. Aparte de ser r\u00e1pido y eficaz, contar\u00e1s en todo momento con un presupuesto al momento y con garant\u00edas. Conseguirlo de forma m\u00e1s sencilla sin tramites. <\/p>\n<p><strong>Ver m\u00e1s:<\/strong> <a href=\"https:\/\/idecesos.com\/seguros\/ciudades\/tarragona\/\">Seguros de decesos en Tarragona<\/a><\/p>\n<p>Hemos querido facilitarte el proceso de buscar, por eso te damos este formulario donde vas a recibir toda la informaci\u00f3n precisa que necesite. Tambi\u00e9n cuenta con el beneficio de solicitar cita anterior, a fin de que pueda acudir a su sucursal de <strong>confianza de Asisa en Tarragona.<\/strong> Libre de percibir publicidad o bien que no sea relacionado con lo que se haya pedido. Merced al formulario que hemos querido facilitarle conseguir\u00e1 de forma f\u00e1cil su cita presencial, como la informaci\u00f3n filtrada de la que vaya a necesitar. Donde sus datos quedar\u00e1n protegido en todo instante. <\/p>\n<p><\/div><\/div><\/div>\n\t\t<hr class=\"separador\">\n\t\t<div class=\"bloque-accion\">\n\t\t<p class=\"txt-accion\">Calcula el precio de tu seguro de decesos en menos de 1 minuto<\/p>\n\t\t<a class=\"btn-accion\" href=\"https:\/\/idecesos.com\/\">CALCULAR<\/a>\n\t\t<\/div>\n\t\t<hr class=\"separador\">\n\t\t<\/p>\n<h2><span class=\"ez-toc-section\" id=\"Mapa_de_sucursales_de_seguros_Asisa_en_Tarragona\"><\/span>Mapa de sucursales de seguros Asisa en Tarragona<span class=\"ez-toc-section-end\"><\/span><\/h2>\n<p>\u00bfDeseas encontrar una oficina? Se halla sencillamente y veloz gracias a el localizador de oficinas Asisa en Tarragona, contando con la cobertura de mapas por Asisa en Tarragona, gestionando todo a su alcance. Deseamos que ahorres tu tiempo, por este motivo te damos la soluci\u00f3n m\u00e1s eficiente para esto, donde resultara todo de una manera inmediata. Gracias a nosotros, tu tiempo quedara invertido y gestionado de una forma muy eficaz. Sin precisar buscar m\u00e1s, el localizador resuelve y gestiona de manera eficaz la busca. <\/p>\n<p><iframe class=\"page-generator-pro-map\" width=\"100%\" height=\"400\" frameborder=\"0\" style=\"border:0\" src=\"https:\/\/www.google.com\/maps\/embed\/v1\/place?q=Tarragona&#038;zoom=14&#038;maptype=roadmap&#038;key=AIzaSyCNTEOso0tZG6YMSJFoaJEY5Th1stEWrJI\" allowfullscreen><\/iframe><\/p>\n<div class=\"colorf\"><div class=\"container clearfix\"><div class=\"col-md-7\"><div class=\"empresas\">\n<h2><span class=\"ez-toc-section\" id=\"Listado_de_oficinas_Asisa_en_Tarragona\"><\/span>Listado de oficinas Asisa en Tarragona<span class=\"ez-toc-section-end\"><\/span><\/h2>\n<ul>\n<li><strong>ASISA  Delegaci\u00f3n  TARRAGONA Tarragona:<\/strong> Carrer Crist\u00f2for Colom, 28, 43001 Tarragona<\/li>\n<\/ul>\n<\/div><\/div><\/div><\/div>\n<h2><span class=\"ez-toc-section\" id=\"Sucursales_de_seguros_de_decesos_en_Tarragona\"><\/span>Sucursales de seguros de decesos en Tarragona<span class=\"ez-toc-section-end\"><\/span><\/h2>\n<p>\u00bfQuieres conocer el cat\u00e1logo de seguros de decesos en Tarragona? te lo damos de forma sin costo y f\u00e1cil evit\u00e1ndote todas contrariedades que puedas llegar a tener. Aparte de todo los beneficios que te regalos, tendr\u00e1s los datos oportunos de cada uno. Soluciona tus cuestiones con tan solo presionar un bot\u00f3n, tendr\u00e1s todo lo que necesitas. Te facilitamos como absolutamente nadie m\u00e1s lo hace en el mercado. <\/p>\n<!-- Shortcode [asisa] does not exist -->\n<div class=\"colorf\"><div class=\"container clearfix\"><div class=\"col-md-7\"><div class=\"empresas\">\n<h3><span class=\"ez-toc-section\" id=\"Listado_de_sucursales_Asisa_en_Espana\"><\/span>Listado de sucursales Asisa en Espa\u00f1a<span class=\"ez-toc-section-end\"><\/span><\/h3>\n<div class=\"enlazado\"><ul><li><a href=\"https:\/\/idecesos.com\/seguros\/companias\/asisa\/asturias\/\"><span>Oficinas seguros de decesos Asisa en Asturias<\/span><\/a><\/li><li><a href=\"https:\/\/idecesos.com\/seguros\/companias\/asisa\/baleares\/\"><span>Oficinas seguros de decesos Asisa en Baleares<\/span><\/a><\/li><li><a href=\"https:\/\/idecesos.com\/seguros\/companias\/asisa\/burgos\/\"><span>Oficinas seguros de decesos Asisa en Burgos<\/span><\/a><\/li><li><a href=\"https:\/\/idecesos.com\/seguros\/companias\/asisa\/castellon\/\"><span>Oficinas seguros de decesos Asisa en Castell\u00f3n<\/span><\/a><\/li><li><a href=\"https:\/\/idecesos.com\/seguros\/companias\/asisa\/huelva\/\"><span>Oficinas seguros de decesos Asisa en Huelva<\/span><\/a><\/li><li><a href=\"https:\/\/idecesos.com\/seguros\/companias\/asisa\/jaen\/\"><span>Oficinas seguros de decesos Asisa en Ja\u00e9n<\/span><\/a><\/li><li><a href=\"https:\/\/idecesos.com\/seguros\/companias\/asisa\/lugo\/\"><span>Oficinas seguros de decesos Asisa en Lugo<\/span><\/a><\/li><li><a href=\"https:\/\/idecesos.com\/seguros\/companias\/asisa\/melilla\/\"><span>Oficinas seguros de decesos Asisa en Melilla<\/span><\/a><\/li><li><a href=\"https:\/\/idecesos.com\/seguros\/companias\/asisa\/murcia\/\"><span>Oficinas seguros de decesos Asisa en Murcia<\/span><\/a><\/li><li><a href=\"https:\/\/idecesos.com\/seguros\/companias\/asisa\/pontevedra\/\"><span>Oficinas seguros de decesos Asisa en Pontevedra<\/span><\/a><\/li><li><a href=\"https:\/\/idecesos.com\/seguros\/companias\/asisa\/salamanca\/\"><span>Oficinas seguros de decesos Asisa en Salamanca<\/span><\/a><\/li><li><a href=\"https:\/\/idecesos.com\/seguros\/companias\/asisa\/sevilla\/\"><span>Oficinas seguros de decesos Asisa en Sevilla<\/span><\/a><\/li><li><a href=\"https:\/\/idecesos.com\/seguros\/companias\/asisa\/vizcaya\/\"><span>Oficinas seguros de decesos Asisa en Vizcaya<\/span><\/a><\/li><li><a href=\"https:\/\/idecesos.com\/seguros\/companias\/asisa\/zamora\/\"><span>Oficinas seguros de decesos Asisa en Zamora<\/span><\/a><\/li><li><a href=\"https:\/\/idecesos.com\/seguros\/companias\/asisa\/avila\/\"><span>Oficinas seguros de decesos Asisa en \u00c1vila<\/span><\/a><\/li><li><a href=\"https:\/\/idecesos.com\/seguros\/companias\/asisa\/repatriacion\/\"><span>Seguro de decesos Asisa con repatriaci\u00f3n<\/span><\/a><\/li><\/ul><\/div>\n<div><\/div><\/div><\/div><\/div><\/div>\n","protected":false},"excerpt":{"rendered":"<p>Te dan calidad en servicio como en atenci\u00f3n, puedes acudir a sus diferentes sucursales de Asisa en Tarragona. Cada horario cambiara conforme la \u00e9poca en que se halle. Siempre puede suceder algo inopinado por ello es de bien saber d\u00f3nde se pueden localizar las distintas sucursales de Asisa cerca de nosotros en Tarragona. Ellos se&hellip; <\/p>\n","protected":false},"author":0,"featured_media":0,"parent":163,"menu_order":0,"comment_status":"closed","ping_status":"closed","template":"page-templates\/companies.php","meta":{"footnotes":""},"class_list":["post-13995","page","type-page","status-publish","hentry"],"yoast_head":"<!-- This site is optimized with the Yoast SEO plugin v27.3 - https:\/\/yoast.com\/product\/yoast-seo-wordpress\/ -->\n<title>Oficinas Asisa en Tarragona \u25b7Tel\u00e9fonos, Horarios, Direcci\u00f3n<\/title>\n<meta name=\"description\" content=\"Lista completa de Oficinas Asisa en Tarragona Horarios, \u2706 tel\u00e9fonos y direcciones actualizados en 2026 \u2611\ufe0f Verificado por iDecesos.\" \/>\n<meta name=\"robots\" content=\"index, follow, max-snippet:-1, max-image-preview:large, max-video-preview:-1\" \/>\n<link rel=\"canonical\" href=\"https:\/\/idecesos.com\/seguros\/companias\/asisa\/tarragona\/\" \/>\n<meta property=\"og:locale\" content=\"es_ES\" \/>\n<meta property=\"og:type\" content=\"article\" \/>\n<meta property=\"og:title\" content=\"Oficinas Asisa en Tarragona \u25b7Tel\u00e9fonos, Horarios, Direcci\u00f3n\" \/>\n<meta property=\"og:description\" content=\"Lista completa de Oficinas Asisa en Tarragona Horarios, \u2706 tel\u00e9fonos y direcciones actualizados en 2026 \u2611\ufe0f Verificado por iDecesos.\" \/>\n<meta property=\"og:url\" content=\"https:\/\/idecesos.com\/seguros\/companias\/asisa\/tarragona\/\" \/>\n<meta property=\"og:image\" content=\"https:\/\/idecesos.com\/seguros\/wp-content\/uploads\/2021\/09\/asisa-seguro-decesos.jpg\" \/>\n<meta name=\"twitter:card\" content=\"summary_large_image\" \/>\n<meta name=\"twitter:label1\" content=\"Tiempo de lectura\" \/>\n\t<meta name=\"twitter:data1\" content=\"39 minutos\" \/>\n<script type=\"application\/ld+json\" class=\"yoast-schema-graph\">{\"@context\":\"https:\\\/\\\/schema.org\",\"@graph\":[{\"@type\":\"WebPage\",\"@id\":\"https:\\\/\\\/idecesos.com\\\/seguros\\\/companias\\\/asisa\\\/tarragona\\\/\",\"url\":\"https:\\\/\\\/idecesos.com\\\/seguros\\\/companias\\\/asisa\\\/tarragona\\\/\",\"name\":\"Oficinas Asisa en Tarragona \u25b7Tel\u00e9fonos, Horarios, Direcci\u00f3n\",\"isPartOf\":{\"@id\":\"https:\\\/\\\/idecesos.com\\\/seguros\\\/#website\"},\"primaryImageOfPage\":{\"@id\":\"https:\\\/\\\/idecesos.com\\\/seguros\\\/companias\\\/asisa\\\/tarragona\\\/#primaryimage\"},\"image\":{\"@id\":\"https:\\\/\\\/idecesos.com\\\/seguros\\\/companias\\\/asisa\\\/tarragona\\\/#primaryimage\"},\"thumbnailUrl\":\"https:\\\/\\\/idecesos.com\\\/seguros\\\/wp-content\\\/uploads\\\/2021\\\/09\\\/asisa-seguro-decesos.jpg\",\"datePublished\":\"2021-11-10T21:04:51+00:00\",\"description\":\"Lista completa de Oficinas Asisa en Tarragona Horarios, \u2706 tel\u00e9fonos y direcciones actualizados en 2026 \u2611\ufe0f Verificado por iDecesos.\",\"breadcrumb\":{\"@id\":\"https:\\\/\\\/idecesos.com\\\/seguros\\\/companias\\\/asisa\\\/tarragona\\\/#breadcrumb\"},\"inLanguage\":\"es\",\"potentialAction\":[{\"@type\":\"ReadAction\",\"target\":[\"https:\\\/\\\/idecesos.com\\\/seguros\\\/companias\\\/asisa\\\/tarragona\\\/\"]}]},{\"@type\":\"ImageObject\",\"inLanguage\":\"es\",\"@id\":\"https:\\\/\\\/idecesos.com\\\/seguros\\\/companias\\\/asisa\\\/tarragona\\\/#primaryimage\",\"url\":\"https:\\\/\\\/idecesos.com\\\/seguros\\\/wp-content\\\/uploads\\\/2021\\\/09\\\/asisa-seguro-decesos.jpg\",\"contentUrl\":\"https:\\\/\\\/idecesos.com\\\/seguros\\\/wp-content\\\/uploads\\\/2021\\\/09\\\/asisa-seguro-decesos.jpg\",\"width\":501,\"height\":63,\"caption\":\"Seguro de Decesos Adeslas\"},{\"@type\":\"BreadcrumbList\",\"@id\":\"https:\\\/\\\/idecesos.com\\\/seguros\\\/companias\\\/asisa\\\/tarragona\\\/#breadcrumb\",\"itemListElement\":[{\"@type\":\"ListItem\",\"position\":1,\"name\":\"Portada\",\"item\":\"https:\\\/\\\/idecesos.com\\\/seguros\\\/\"},{\"@type\":\"ListItem\",\"position\":2,\"name\":\"Compa\u00f1\u00edas de Seguros de Decesos en Espa\u00f1a\",\"item\":\"https:\\\/\\\/idecesos.com\\\/seguros\\\/companias\\\/\"},{\"@type\":\"ListItem\",\"position\":3,\"name\":\"Seguro de Decesos Asisa\",\"item\":\"https:\\\/\\\/idecesos.com\\\/seguros\\\/companias\\\/asisa\\\/\"},{\"@type\":\"ListItem\",\"position\":4,\"name\":\"Oficinas seguros de decesos Asisa en Tarragona\"}]},{\"@type\":\"WebSite\",\"@id\":\"https:\\\/\\\/idecesos.com\\\/seguros\\\/#website\",\"url\":\"https:\\\/\\\/idecesos.com\\\/seguros\\\/\",\"name\":\"\",\"description\":\"\",\"potentialAction\":[{\"@type\":\"SearchAction\",\"target\":{\"@type\":\"EntryPoint\",\"urlTemplate\":\"https:\\\/\\\/idecesos.com\\\/seguros\\\/?s={search_term_string}\"},\"query-input\":{\"@type\":\"PropertyValueSpecification\",\"valueRequired\":true,\"valueName\":\"search_term_string\"}}],\"inLanguage\":\"es\"}]}<\/script>\n<!-- \/ Yoast SEO plugin. -->","yoast_head_json":{"title":"Oficinas Asisa en Tarragona \u25b7Tel\u00e9fonos, Horarios, Direcci\u00f3n","description":"Lista completa de Oficinas Asisa en Tarragona Horarios, \u2706 tel\u00e9fonos y direcciones actualizados en 2026 \u2611\ufe0f Verificado por iDecesos.","robots":{"index":"index","follow":"follow","max-snippet":"max-snippet:-1","max-image-preview":"max-image-preview:large","max-video-preview":"max-video-preview:-1"},"canonical":"https:\/\/idecesos.com\/seguros\/companias\/asisa\/tarragona\/","og_locale":"es_ES","og_type":"article","og_title":"Oficinas Asisa en Tarragona \u25b7Tel\u00e9fonos, Horarios, Direcci\u00f3n","og_description":"Lista completa de Oficinas Asisa en Tarragona Horarios, \u2706 tel\u00e9fonos y direcciones actualizados en 2026 \u2611\ufe0f Verificado por iDecesos.","og_url":"https:\/\/idecesos.com\/seguros\/companias\/asisa\/tarragona\/","og_image":[{"url":"https:\/\/idecesos.com\/seguros\/wp-content\/uploads\/2021\/09\/asisa-seguro-decesos.jpg","type":"","width":"","height":""}],"twitter_card":"summary_large_image","twitter_misc":{"Tiempo de lectura":"39 minutos"},"schema":{"@context":"https:\/\/schema.org","@graph":[{"@type":"WebPage","@id":"https:\/\/idecesos.com\/seguros\/companias\/asisa\/tarragona\/","url":"https:\/\/idecesos.com\/seguros\/companias\/asisa\/tarragona\/","name":"Oficinas Asisa en Tarragona \u25b7Tel\u00e9fonos, Horarios, Direcci\u00f3n","isPartOf":{"@id":"https:\/\/idecesos.com\/seguros\/#website"},"primaryImageOfPage":{"@id":"https:\/\/idecesos.com\/seguros\/companias\/asisa\/tarragona\/#primaryimage"},"image":{"@id":"https:\/\/idecesos.com\/seguros\/companias\/asisa\/tarragona\/#primaryimage"},"thumbnailUrl":"https:\/\/idecesos.com\/seguros\/wp-content\/uploads\/2021\/09\/asisa-seguro-decesos.jpg","datePublished":"2021-11-10T21:04:51+00:00","description":"Lista completa de Oficinas Asisa en Tarragona Horarios, \u2706 tel\u00e9fonos y direcciones actualizados en 2026 \u2611\ufe0f Verificado por iDecesos.","breadcrumb":{"@id":"https:\/\/idecesos.com\/seguros\/companias\/asisa\/tarragona\/#breadcrumb"},"inLanguage":"es","potentialAction":[{"@type":"ReadAction","target":["https:\/\/idecesos.com\/seguros\/companias\/asisa\/tarragona\/"]}]},{"@type":"ImageObject","inLanguage":"es","@id":"https:\/\/idecesos.com\/seguros\/companias\/asisa\/tarragona\/#primaryimage","url":"https:\/\/idecesos.com\/seguros\/wp-content\/uploads\/2021\/09\/asisa-seguro-decesos.jpg","contentUrl":"https:\/\/idecesos.com\/seguros\/wp-content\/uploads\/2021\/09\/asisa-seguro-decesos.jpg","width":501,"height":63,"caption":"Seguro de Decesos Adeslas"},{"@type":"BreadcrumbList","@id":"https:\/\/idecesos.com\/seguros\/companias\/asisa\/tarragona\/#breadcrumb","itemListElement":[{"@type":"ListItem","position":1,"name":"Portada","item":"https:\/\/idecesos.com\/seguros\/"},{"@type":"ListItem","position":2,"name":"Compa\u00f1\u00edas de Seguros de Decesos en Espa\u00f1a","item":"https:\/\/idecesos.com\/seguros\/companias\/"},{"@type":"ListItem","position":3,"name":"Seguro de Decesos Asisa","item":"https:\/\/idecesos.com\/seguros\/companias\/asisa\/"},{"@type":"ListItem","position":4,"name":"Oficinas seguros de decesos Asisa en Tarragona"}]},{"@type":"WebSite","@id":"https:\/\/idecesos.com\/seguros\/#website","url":"https:\/\/idecesos.com\/seguros\/","name":"","description":"","potentialAction":[{"@type":"SearchAction","target":{"@type":"EntryPoint","urlTemplate":"https:\/\/idecesos.com\/seguros\/?s={search_term_string}"},"query-input":{"@type":"PropertyValueSpecification","valueRequired":true,"valueName":"search_term_string"}}],"inLanguage":"es"}]}},"_links":{"self":[{"href":"https:\/\/idecesos.com\/seguros\/wp-json\/wp\/v2\/pages\/13995","targetHints":{"allow":["GET"]}}],"collection":[{"href":"https:\/\/idecesos.com\/seguros\/wp-json\/wp\/v2\/pages"}],"about":[{"href":"https:\/\/idecesos.com\/seguros\/wp-json\/wp\/v2\/types\/page"}],"replies":[{"embeddable":true,"href":"https:\/\/idecesos.com\/seguros\/wp-json\/wp\/v2\/comments?post=13995"}],"version-history":[{"count":0,"href":"https:\/\/idecesos.com\/seguros\/wp-json\/wp\/v2\/pages\/13995\/revisions"}],"up":[{"embeddable":true,"href":"https:\/\/idecesos.com\/seguros\/wp-json\/wp\/v2\/pages\/163"}],"wp:attachment":[{"href":"https:\/\/idecesos.com\/seguros\/wp-json\/wp\/v2\/media?parent=13995"}],"curies":[{"name":"wp","href":"https:\/\/api.w.org\/{rel}","templated":true}]}}