{"id":14001,"date":"2021-11-10T21:04:54","date_gmt":"2021-11-10T21:04:54","guid":{"rendered":"https:\/\/idecesos.com\/seguros\/companias\/asisa\/vizcaya\/"},"modified":"2021-11-10T21:04:54","modified_gmt":"2021-11-10T21:04:54","slug":"vizcaya","status":"publish","type":"page","link":"https:\/\/idecesos.com\/seguros\/companias\/asisa\/vizcaya\/","title":{"rendered":"Oficinas seguros de decesos Asisa en Vizcaya"},"content":{"rendered":"<div id=\"ez-toc-container\" class=\"ez-toc-v2_0_82_2 ez-toc-wrap-center counter-hierarchy ez-toc-counter ez-toc-custom ez-toc-container-direction\">\n<div class=\"ez-toc-title-container\">\n<p class=\"ez-toc-title\" style=\"cursor:inherit\">Tabla de Contenido<\/p>\n<span class=\"ez-toc-title-toggle\"><a href=\"#\" class=\"ez-toc-pull-right ez-toc-btn ez-toc-btn-xs ez-toc-btn-default ez-toc-toggle\" aria-label=\"Alternar tabla de contenidos\"><span class=\"ez-toc-js-icon-con\"><span class=\"\"><span class=\"eztoc-hide\" style=\"display:none;\">Toggle<\/span><span class=\"ez-toc-icon-toggle-span\"><svg style=\"fill: #db6415;color:#db6415\" xmlns=\"http:\/\/www.w3.org\/2000\/svg\" class=\"list-377408\" width=\"20px\" height=\"20px\" viewBox=\"0 0 24 24\" fill=\"none\"><path d=\"M6 6H4v2h2V6zm14 0H8v2h12V6zM4 11h2v2H4v-2zm16 0H8v2h12v-2zM4 16h2v2H4v-2zm16 0H8v2h12v-2z\" fill=\"currentColor\"><\/path><\/svg><svg style=\"fill: #db6415;color:#db6415\" class=\"arrow-unsorted-368013\" xmlns=\"http:\/\/www.w3.org\/2000\/svg\" width=\"10px\" height=\"10px\" viewBox=\"0 0 24 24\" version=\"1.2\" baseProfile=\"tiny\"><path d=\"M18.2 9.3l-6.2-6.3-6.2 6.3c-.2.2-.3.4-.3.7s.1.5.3.7c.2.2.4.3.7.3h11c.3 0 .5-.1.7-.3.2-.2.3-.5.3-.7s-.1-.5-.3-.7zM5.8 14.7l6.2 6.3 6.2-6.3c.2-.2.3-.5.3-.7s-.1-.5-.3-.7c-.2-.2-.4-.3-.7-.3h-11c-.3 0-.5.1-.7.3-.2.2-.3.5-.3.7s.1.5.3.7z\"\/><\/svg><\/span><\/span><\/span><\/a><\/span><\/div>\n<nav><ul class='ez-toc-list ez-toc-list-level-1 ' ><li class='ez-toc-page-1 ez-toc-heading-level-2'><a class=\"ez-toc-link ez-toc-heading-1\" href=\"https:\/\/idecesos.com\/seguros\/companias\/asisa\/vizcaya\/#Seguro_de_decesos_Asisa_en_Vizcaya\" >Seguro de decesos Asisa en Vizcaya<\/a><\/li><li class='ez-toc-page-1 ez-toc-heading-level-2'><a class=\"ez-toc-link ez-toc-heading-2\" href=\"https:\/\/idecesos.com\/seguros\/companias\/asisa\/vizcaya\/#Mapa_de_oficinas_de_seguros_Asisa_en_Vizcaya\" >Mapa de oficinas de seguros Asisa en Vizcaya<\/a><\/li><li class='ez-toc-page-1 ez-toc-heading-level-2'><a class=\"ez-toc-link ez-toc-heading-3\" href=\"https:\/\/idecesos.com\/seguros\/companias\/asisa\/vizcaya\/#Listado_de_agencias_Asisa_en_Vizcaya\" >Listado de agencias Asisa en Vizcaya<\/a><\/li><li class='ez-toc-page-1 ez-toc-heading-level-2'><a class=\"ez-toc-link ez-toc-heading-4\" href=\"https:\/\/idecesos.com\/seguros\/companias\/asisa\/vizcaya\/#Agencias_de_seguros_de_decesos_en_Vizcaya\" >Agencias de seguros de decesos en Vizcaya<\/a><ul class='ez-toc-list-level-3' ><li class='ez-toc-heading-level-3'><a class=\"ez-toc-link ez-toc-heading-5\" href=\"https:\/\/idecesos.com\/seguros\/companias\/asisa\/vizcaya\/#Listado_de_oficinas_Asisa_en_Espana\" >Listado de oficinas Asisa en Espa\u00f1a<\/a><\/li><\/ul><\/li><\/ul><\/nav><\/div>\n<p><br \/>\n<a href=\"https:\/\/idecesos.com\/seguros\/companias\/asisa\/\"><img decoding=\"async\" class=\" alignleft\" src=\"https:\/\/idecesos.com\/seguros\/wp-content\/uploads\/2021\/09\/asisa-seguro-decesos.jpg\" alt=\"Seguro de decesos Asisa\" width=\"336\" height=\"103\" \/><\/a>\u00bfConoces <strong>las distintas oficinas de Asisa<\/strong> en Vizcaya? cuentas con una gran pluralidad a tu alcance donde te resolver\u00e1n todas las incidencias ocurridas como dudas que te pueden llegar a surgir sobre tu p\u00f3liza, cada oficina dispone de un horario flexible. Es esencial contar con una sucursal de empresa aseguradora, donde nos den verosimilitud, que cuenten con una atenci\u00f3n muy personal, contando que se encuentre dentro de una ubicaci\u00f3n. <\/p>\n<p>\u00bfEs preciso conocer su <strong>localizaci\u00f3n de Asisa<\/strong>? es tan importante como la calidad de servicio que nos prestan al asistir presencialmente. Con una atenci\u00f3n muy adaptada. Respecto a sus servicios van a ser puesto en marcha en cualquier situaci\u00f3n. Siempre con el respaldo de una persona con experiencia, tambi\u00e9n dispones de poder pedir presupuesto de una manera inmediata. <\/p>\n<p>Visita nuestra p\u00e1gina de <a href=\"https:\/\/idecesos.com\/seguros\/companias\/asisa\/\">seguros de decesos Asisa<\/a> para m\u00e1s informaci\u00f3n.<\/p>\n<div class=\"colorf \"  ><div class=\"container clearfix\"><div class=\"col-md-7\">\n<h2><span class=\"ez-toc-section\" id=\"Seguro_de_decesos_Asisa_en_Vizcaya\"><\/span>Seguro de decesos Asisa en Vizcaya<span class=\"ez-toc-section-end\"><\/span><\/h2>\n<p>Resaltamos como una ventaja, que es la que eludimos fallos en cualquier gesti\u00f3n que pueda ocurrir durante la gesti\u00f3n administrativa. Adapt\u00e1ndose a ti y a tus necesidades o bien circunstancias.\u00bf<strong>A fin de que sirve el servicio de oficinas de Asisa en Vizcaya<\/strong>? est\u00e1 dirigido a aquellas personas que deseen realizar sus gestiones de forma presencial, es por este motivo que va a poder asistir a la sucursal que m\u00e1s le interese en cualquier instante. Quedando asegurado en todo momento la solvencia al error cometido, con una administraci\u00f3n inmediata. <\/p>\n<p><strong>Ver m\u00e1s:<\/strong> <a href=\"https:\/\/idecesos.com\/seguros\/ciudades\/vizcaya\/\">Seguros de decesos en Vizcaya<\/a><\/p>\n<p>Contando con nuestro servicio en diferentes localizaciones de oficinas de Asisa en Vizcaya te regalamos el poder conocer tu <strong>presupuesto al segundo<\/strong>. Te damos la calidad que quieres, con los fundamentos precisos. Evit\u00e1ndote muchos pasos, en solo unos segundos tendr\u00e1s el formulario junto con la informaci\u00f3n que precises en esas circunstancias. Siendo uno de los m\u00e1s r\u00e1pidos. M\u00e1s solvente que seguir buscando. <\/p>\n<p><\/div><\/div><\/div>\n\t\t<hr class=\"separador\">\n\t\t<div class=\"bloque-accion\">\n\t\t<p class=\"txt-accion\">Calcula el precio de tu seguro de decesos en menos de 1 minuto<\/p>\n\t\t<a class=\"btn-accion\" href=\"https:\/\/idecesos.com\/\">CALCULAR<\/a>\n\t\t<\/div>\n\t\t<hr class=\"separador\">\n\t\t<\/p>\n<h2><span class=\"ez-toc-section\" id=\"Mapa_de_oficinas_de_seguros_Asisa_en_Vizcaya\"><\/span>Mapa de oficinas de seguros Asisa en Vizcaya<span class=\"ez-toc-section-end\"><\/span><\/h2>\n<p>Te resultara c\u00f3modo conocer esta informaci\u00f3n que hemos generado para ti solamente donde veras un listado de oficinas de Asisa en Vizcaya que te aporta todos los datos precisos junto con el <strong>mapa por Vizcaya<\/strong> de sucursales de Asisa, haci\u00e9ndote f\u00e1cil el dato de donde se hallan localizados. Es tan segura como fiable, aport\u00e1ndote informaci\u00f3n de cada uno de ellas. \u00a0<\/p>\n<p><iframe class=\"page-generator-pro-map\" width=\"100%\" height=\"400\" frameborder=\"0\" style=\"border:0\" src=\"https:\/\/www.google.com\/maps\/embed\/v1\/place?q=Bilbao&#038;zoom=14&#038;maptype=roadmap&#038;key=AIzaSyCNTEOso0tZG6YMSJFoaJEY5Th1stEWrJI\" allowfullscreen><\/iframe><\/p>\n<div class=\"colorf\"><div class=\"container clearfix\"><div class=\"col-md-7\"><div class=\"empresas\">\n<h2><span class=\"ez-toc-section\" id=\"Listado_de_agencias_Asisa_en_Vizcaya\"><\/span>Listado de agencias Asisa en Vizcaya<span class=\"ez-toc-section-end\"><\/span><\/h2>\n<ul>\n<li><strong>ASISA-BILBAO Bilbao:<\/strong> Don Diego L\u00f3pez Haroko Kale Nagusia, 45, 48011 Bilbo, Bizkaia<\/li>\n<\/ul>\n<\/div><\/div><\/div><\/div>\n<h2><span class=\"ez-toc-section\" id=\"Agencias_de_seguros_de_decesos_en_Vizcaya\"><\/span>Agencias de seguros de decesos en Vizcaya<span class=\"ez-toc-section-end\"><\/span><\/h2>\n<p>Te damos la soluci\u00f3n a tu rompederos de cabeza, te facilitamos un gran listado de seguros de decesos en Vizcaya, accediendo a el de forma r\u00e1pida y sencilla. Tendr\u00e1s en mano la informaci\u00f3n de cada uno de ellos de los nombrados. Soluciona tus cuestiones con solo presionar un bot\u00f3n, vas a tener todo cuanto necesitas. Te facilitamos como absolutamente nadie m\u00e1s lo hace en el mercado. <\/p>\n<!-- Shortcode [asisa] does not exist -->\n<div class=\"colorf\"><div class=\"container clearfix\"><div class=\"col-md-7\"><div class=\"empresas\">\n<h3><span class=\"ez-toc-section\" id=\"Listado_de_oficinas_Asisa_en_Espana\"><\/span>Listado de oficinas Asisa en Espa\u00f1a<span class=\"ez-toc-section-end\"><\/span><\/h3>\n<div class=\"enlazado\"><ul><li><a href=\"https:\/\/idecesos.com\/seguros\/companias\/asisa\/almeria\/\"><span>Oficinas seguros de decesos Asisa en Almer\u00eda<\/span><\/a><\/li><li><a href=\"https:\/\/idecesos.com\/seguros\/companias\/asisa\/asturias\/\"><span>Oficinas seguros de decesos Asisa en Asturias<\/span><\/a><\/li><li><a href=\"https:\/\/idecesos.com\/seguros\/companias\/asisa\/baleares\/\"><span>Oficinas seguros de decesos Asisa en Baleares<\/span><\/a><\/li><li><a href=\"https:\/\/idecesos.com\/seguros\/companias\/asisa\/burgos\/\"><span>Oficinas seguros de decesos Asisa en Burgos<\/span><\/a><\/li><li><a href=\"https:\/\/idecesos.com\/seguros\/companias\/asisa\/ciudad-real\/\"><span>Oficinas seguros de decesos Asisa en Ciudad Real<\/span><\/a><\/li><li><a href=\"https:\/\/idecesos.com\/seguros\/companias\/asisa\/cordoba\/\"><span>Oficinas seguros de decesos Asisa en C\u00f3rdoba<\/span><\/a><\/li><li><a href=\"https:\/\/idecesos.com\/seguros\/companias\/asisa\/granada\/\"><span>Oficinas seguros de decesos Asisa en Granada<\/span><\/a><\/li><li><a href=\"https:\/\/idecesos.com\/seguros\/companias\/asisa\/las-palmas\/\"><span>Oficinas seguros de decesos Asisa en Las palmas<\/span><\/a><\/li><li><a href=\"https:\/\/idecesos.com\/seguros\/companias\/asisa\/melilla\/\"><span>Oficinas seguros de decesos Asisa en Melilla<\/span><\/a><\/li><li><a href=\"https:\/\/idecesos.com\/seguros\/companias\/asisa\/orense\/\"><span>Oficinas seguros de decesos Asisa en Orense<\/span><\/a><\/li><li><a href=\"https:\/\/idecesos.com\/seguros\/companias\/asisa\/palencia\/\"><span>Oficinas seguros de decesos Asisa en Palencia<\/span><\/a><\/li><li><a href=\"https:\/\/idecesos.com\/seguros\/companias\/asisa\/salamanca\/\"><span>Oficinas seguros de decesos Asisa en Salamanca<\/span><\/a><\/li><li><a href=\"https:\/\/idecesos.com\/seguros\/companias\/asisa\/valencia\/\"><span>Oficinas seguros de decesos Asisa en Valencia<\/span><\/a><\/li><li><a href=\"https:\/\/idecesos.com\/seguros\/companias\/asisa\/zaragoza\/\"><span>Oficinas seguros de decesos Asisa en Zaragoza<\/span><\/a><\/li><li><a href=\"https:\/\/idecesos.com\/seguros\/companias\/asisa\/prima-nivelada\/\"><span>Seguro de decesos Asisa Prima Nivelada<\/span><\/a><\/li><li><a href=\"https:\/\/idecesos.com\/seguros\/companias\/asisa\/dar-de-baja\/\"><span>\u00bfC\u00f3mo dar de baja seguro Asisa?<\/span><\/a><\/li><\/ul><\/div>\n<div><\/div><\/div><\/div><\/div><\/div>\n","protected":false},"excerpt":{"rendered":"<p>\u00bfConoces las distintas oficinas de Asisa en Vizcaya? cuentas con una gran pluralidad a tu alcance donde te resolver\u00e1n todas las incidencias ocurridas como dudas que te pueden llegar a surgir sobre tu p\u00f3liza, cada oficina dispone de un horario flexible. Es esencial contar con una sucursal de empresa aseguradora, donde nos den verosimilitud, que&hellip; <\/p>\n","protected":false},"author":0,"featured_media":0,"parent":163,"menu_order":0,"comment_status":"closed","ping_status":"closed","template":"page-templates\/companies.php","meta":{"footnotes":""},"class_list":["post-14001","page","type-page","status-publish","hentry"],"yoast_head":"<!-- This site is optimized with the Yoast SEO plugin v27.3 - https:\/\/yoast.com\/product\/yoast-seo-wordpress\/ -->\n<title>Oficinas Asisa en Vizcaya \u25b7Tel\u00e9fonos, Horarios, Direcci\u00f3n<\/title>\n<meta name=\"description\" content=\"Lista completa de Oficinas Asisa en Vizcaya Horarios, \u2706 tel\u00e9fonos y direcciones actualizados en 2026 \u2611\ufe0f Verificado por iDecesos.\" \/>\n<meta name=\"robots\" content=\"index, follow, max-snippet:-1, max-image-preview:large, max-video-preview:-1\" \/>\n<link rel=\"canonical\" href=\"https:\/\/idecesos.com\/seguros\/companias\/asisa\/vizcaya\/\" \/>\n<meta property=\"og:locale\" content=\"es_ES\" \/>\n<meta property=\"og:type\" content=\"article\" \/>\n<meta property=\"og:title\" content=\"Oficinas Asisa en Vizcaya \u25b7Tel\u00e9fonos, Horarios, Direcci\u00f3n\" \/>\n<meta property=\"og:description\" content=\"Lista completa de Oficinas Asisa en Vizcaya Horarios, \u2706 tel\u00e9fonos y direcciones actualizados en 2026 \u2611\ufe0f Verificado por iDecesos.\" \/>\n<meta property=\"og:url\" content=\"https:\/\/idecesos.com\/seguros\/companias\/asisa\/vizcaya\/\" \/>\n<meta property=\"og:image\" content=\"https:\/\/idecesos.com\/seguros\/wp-content\/uploads\/2021\/09\/asisa-seguro-decesos.jpg\" \/>\n<meta name=\"twitter:card\" content=\"summary_large_image\" \/>\n<meta name=\"twitter:label1\" content=\"Tiempo de lectura\" \/>\n\t<meta name=\"twitter:data1\" content=\"39 minutos\" \/>\n<script type=\"application\/ld+json\" class=\"yoast-schema-graph\">{\"@context\":\"https:\\\/\\\/schema.org\",\"@graph\":[{\"@type\":\"WebPage\",\"@id\":\"https:\\\/\\\/idecesos.com\\\/seguros\\\/companias\\\/asisa\\\/vizcaya\\\/\",\"url\":\"https:\\\/\\\/idecesos.com\\\/seguros\\\/companias\\\/asisa\\\/vizcaya\\\/\",\"name\":\"Oficinas Asisa en Vizcaya \u25b7Tel\u00e9fonos, Horarios, Direcci\u00f3n\",\"isPartOf\":{\"@id\":\"https:\\\/\\\/idecesos.com\\\/seguros\\\/#website\"},\"primaryImageOfPage\":{\"@id\":\"https:\\\/\\\/idecesos.com\\\/seguros\\\/companias\\\/asisa\\\/vizcaya\\\/#primaryimage\"},\"image\":{\"@id\":\"https:\\\/\\\/idecesos.com\\\/seguros\\\/companias\\\/asisa\\\/vizcaya\\\/#primaryimage\"},\"thumbnailUrl\":\"https:\\\/\\\/idecesos.com\\\/seguros\\\/wp-content\\\/uploads\\\/2021\\\/09\\\/asisa-seguro-decesos.jpg\",\"datePublished\":\"2021-11-10T21:04:54+00:00\",\"description\":\"Lista completa de Oficinas Asisa en Vizcaya Horarios, \u2706 tel\u00e9fonos y direcciones actualizados en 2026 \u2611\ufe0f Verificado por iDecesos.\",\"breadcrumb\":{\"@id\":\"https:\\\/\\\/idecesos.com\\\/seguros\\\/companias\\\/asisa\\\/vizcaya\\\/#breadcrumb\"},\"inLanguage\":\"es\",\"potentialAction\":[{\"@type\":\"ReadAction\",\"target\":[\"https:\\\/\\\/idecesos.com\\\/seguros\\\/companias\\\/asisa\\\/vizcaya\\\/\"]}]},{\"@type\":\"ImageObject\",\"inLanguage\":\"es\",\"@id\":\"https:\\\/\\\/idecesos.com\\\/seguros\\\/companias\\\/asisa\\\/vizcaya\\\/#primaryimage\",\"url\":\"https:\\\/\\\/idecesos.com\\\/seguros\\\/wp-content\\\/uploads\\\/2021\\\/09\\\/asisa-seguro-decesos.jpg\",\"contentUrl\":\"https:\\\/\\\/idecesos.com\\\/seguros\\\/wp-content\\\/uploads\\\/2021\\\/09\\\/asisa-seguro-decesos.jpg\",\"width\":501,\"height\":63,\"caption\":\"Seguro de Decesos Adeslas\"},{\"@type\":\"BreadcrumbList\",\"@id\":\"https:\\\/\\\/idecesos.com\\\/seguros\\\/companias\\\/asisa\\\/vizcaya\\\/#breadcrumb\",\"itemListElement\":[{\"@type\":\"ListItem\",\"position\":1,\"name\":\"Portada\",\"item\":\"https:\\\/\\\/idecesos.com\\\/seguros\\\/\"},{\"@type\":\"ListItem\",\"position\":2,\"name\":\"Compa\u00f1\u00edas de Seguros de Decesos en Espa\u00f1a\",\"item\":\"https:\\\/\\\/idecesos.com\\\/seguros\\\/companias\\\/\"},{\"@type\":\"ListItem\",\"position\":3,\"name\":\"Seguro de Decesos Asisa\",\"item\":\"https:\\\/\\\/idecesos.com\\\/seguros\\\/companias\\\/asisa\\\/\"},{\"@type\":\"ListItem\",\"position\":4,\"name\":\"Oficinas seguros de decesos Asisa en Vizcaya\"}]},{\"@type\":\"WebSite\",\"@id\":\"https:\\\/\\\/idecesos.com\\\/seguros\\\/#website\",\"url\":\"https:\\\/\\\/idecesos.com\\\/seguros\\\/\",\"name\":\"\",\"description\":\"\",\"potentialAction\":[{\"@type\":\"SearchAction\",\"target\":{\"@type\":\"EntryPoint\",\"urlTemplate\":\"https:\\\/\\\/idecesos.com\\\/seguros\\\/?s={search_term_string}\"},\"query-input\":{\"@type\":\"PropertyValueSpecification\",\"valueRequired\":true,\"valueName\":\"search_term_string\"}}],\"inLanguage\":\"es\"}]}<\/script>\n<!-- \/ Yoast SEO plugin. -->","yoast_head_json":{"title":"Oficinas Asisa en Vizcaya \u25b7Tel\u00e9fonos, Horarios, Direcci\u00f3n","description":"Lista completa de Oficinas Asisa en Vizcaya Horarios, \u2706 tel\u00e9fonos y direcciones actualizados en 2026 \u2611\ufe0f Verificado por iDecesos.","robots":{"index":"index","follow":"follow","max-snippet":"max-snippet:-1","max-image-preview":"max-image-preview:large","max-video-preview":"max-video-preview:-1"},"canonical":"https:\/\/idecesos.com\/seguros\/companias\/asisa\/vizcaya\/","og_locale":"es_ES","og_type":"article","og_title":"Oficinas Asisa en Vizcaya \u25b7Tel\u00e9fonos, Horarios, Direcci\u00f3n","og_description":"Lista completa de Oficinas Asisa en Vizcaya Horarios, \u2706 tel\u00e9fonos y direcciones actualizados en 2026 \u2611\ufe0f Verificado por iDecesos.","og_url":"https:\/\/idecesos.com\/seguros\/companias\/asisa\/vizcaya\/","og_image":[{"url":"https:\/\/idecesos.com\/seguros\/wp-content\/uploads\/2021\/09\/asisa-seguro-decesos.jpg","type":"","width":"","height":""}],"twitter_card":"summary_large_image","twitter_misc":{"Tiempo de lectura":"39 minutos"},"schema":{"@context":"https:\/\/schema.org","@graph":[{"@type":"WebPage","@id":"https:\/\/idecesos.com\/seguros\/companias\/asisa\/vizcaya\/","url":"https:\/\/idecesos.com\/seguros\/companias\/asisa\/vizcaya\/","name":"Oficinas Asisa en Vizcaya \u25b7Tel\u00e9fonos, Horarios, Direcci\u00f3n","isPartOf":{"@id":"https:\/\/idecesos.com\/seguros\/#website"},"primaryImageOfPage":{"@id":"https:\/\/idecesos.com\/seguros\/companias\/asisa\/vizcaya\/#primaryimage"},"image":{"@id":"https:\/\/idecesos.com\/seguros\/companias\/asisa\/vizcaya\/#primaryimage"},"thumbnailUrl":"https:\/\/idecesos.com\/seguros\/wp-content\/uploads\/2021\/09\/asisa-seguro-decesos.jpg","datePublished":"2021-11-10T21:04:54+00:00","description":"Lista completa de Oficinas Asisa en Vizcaya Horarios, \u2706 tel\u00e9fonos y direcciones actualizados en 2026 \u2611\ufe0f Verificado por iDecesos.","breadcrumb":{"@id":"https:\/\/idecesos.com\/seguros\/companias\/asisa\/vizcaya\/#breadcrumb"},"inLanguage":"es","potentialAction":[{"@type":"ReadAction","target":["https:\/\/idecesos.com\/seguros\/companias\/asisa\/vizcaya\/"]}]},{"@type":"ImageObject","inLanguage":"es","@id":"https:\/\/idecesos.com\/seguros\/companias\/asisa\/vizcaya\/#primaryimage","url":"https:\/\/idecesos.com\/seguros\/wp-content\/uploads\/2021\/09\/asisa-seguro-decesos.jpg","contentUrl":"https:\/\/idecesos.com\/seguros\/wp-content\/uploads\/2021\/09\/asisa-seguro-decesos.jpg","width":501,"height":63,"caption":"Seguro de Decesos Adeslas"},{"@type":"BreadcrumbList","@id":"https:\/\/idecesos.com\/seguros\/companias\/asisa\/vizcaya\/#breadcrumb","itemListElement":[{"@type":"ListItem","position":1,"name":"Portada","item":"https:\/\/idecesos.com\/seguros\/"},{"@type":"ListItem","position":2,"name":"Compa\u00f1\u00edas de Seguros de Decesos en Espa\u00f1a","item":"https:\/\/idecesos.com\/seguros\/companias\/"},{"@type":"ListItem","position":3,"name":"Seguro de Decesos Asisa","item":"https:\/\/idecesos.com\/seguros\/companias\/asisa\/"},{"@type":"ListItem","position":4,"name":"Oficinas seguros de decesos Asisa en Vizcaya"}]},{"@type":"WebSite","@id":"https:\/\/idecesos.com\/seguros\/#website","url":"https:\/\/idecesos.com\/seguros\/","name":"","description":"","potentialAction":[{"@type":"SearchAction","target":{"@type":"EntryPoint","urlTemplate":"https:\/\/idecesos.com\/seguros\/?s={search_term_string}"},"query-input":{"@type":"PropertyValueSpecification","valueRequired":true,"valueName":"search_term_string"}}],"inLanguage":"es"}]}},"_links":{"self":[{"href":"https:\/\/idecesos.com\/seguros\/wp-json\/wp\/v2\/pages\/14001","targetHints":{"allow":["GET"]}}],"collection":[{"href":"https:\/\/idecesos.com\/seguros\/wp-json\/wp\/v2\/pages"}],"about":[{"href":"https:\/\/idecesos.com\/seguros\/wp-json\/wp\/v2\/types\/page"}],"replies":[{"embeddable":true,"href":"https:\/\/idecesos.com\/seguros\/wp-json\/wp\/v2\/comments?post=14001"}],"version-history":[{"count":0,"href":"https:\/\/idecesos.com\/seguros\/wp-json\/wp\/v2\/pages\/14001\/revisions"}],"up":[{"embeddable":true,"href":"https:\/\/idecesos.com\/seguros\/wp-json\/wp\/v2\/pages\/163"}],"wp:attachment":[{"href":"https:\/\/idecesos.com\/seguros\/wp-json\/wp\/v2\/media?parent=14001"}],"curies":[{"name":"wp","href":"https:\/\/api.w.org\/{rel}","templated":true}]}}