{"id":14145,"date":"2021-11-12T08:42:35","date_gmt":"2021-11-12T08:42:35","guid":{"rendered":"https:\/\/idecesos.com\/seguros\/companias\/montepio\/huelva\/"},"modified":"2021-11-12T08:42:35","modified_gmt":"2021-11-12T08:42:35","slug":"huelva","status":"publish","type":"page","link":"https:\/\/idecesos.com\/seguros\/companias\/montepio\/huelva\/","title":{"rendered":"Oficinas seguros de decesos Montepio en Huelva"},"content":{"rendered":"<div id=\"ez-toc-container\" class=\"ez-toc-v2_0_82_2 ez-toc-wrap-center counter-hierarchy ez-toc-counter ez-toc-custom ez-toc-container-direction\">\n<div class=\"ez-toc-title-container\">\n<p class=\"ez-toc-title\" style=\"cursor:inherit\">Tabla de Contenido<\/p>\n<span class=\"ez-toc-title-toggle\"><a href=\"#\" class=\"ez-toc-pull-right ez-toc-btn ez-toc-btn-xs ez-toc-btn-default ez-toc-toggle\" aria-label=\"Alternar tabla de contenidos\"><span class=\"ez-toc-js-icon-con\"><span class=\"\"><span class=\"eztoc-hide\" style=\"display:none;\">Toggle<\/span><span class=\"ez-toc-icon-toggle-span\"><svg style=\"fill: #db6415;color:#db6415\" xmlns=\"http:\/\/www.w3.org\/2000\/svg\" class=\"list-377408\" width=\"20px\" height=\"20px\" viewBox=\"0 0 24 24\" fill=\"none\"><path d=\"M6 6H4v2h2V6zm14 0H8v2h12V6zM4 11h2v2H4v-2zm16 0H8v2h12v-2zM4 16h2v2H4v-2zm16 0H8v2h12v-2z\" fill=\"currentColor\"><\/path><\/svg><svg style=\"fill: #db6415;color:#db6415\" class=\"arrow-unsorted-368013\" xmlns=\"http:\/\/www.w3.org\/2000\/svg\" width=\"10px\" height=\"10px\" viewBox=\"0 0 24 24\" version=\"1.2\" baseProfile=\"tiny\"><path d=\"M18.2 9.3l-6.2-6.3-6.2 6.3c-.2.2-.3.4-.3.7s.1.5.3.7c.2.2.4.3.7.3h11c.3 0 .5-.1.7-.3.2-.2.3-.5.3-.7s-.1-.5-.3-.7zM5.8 14.7l6.2 6.3 6.2-6.3c.2-.2.3-.5.3-.7s-.1-.5-.3-.7c-.2-.2-.4-.3-.7-.3h-11c-.3 0-.5.1-.7.3-.2.2-.3.5-.3.7s.1.5.3.7z\"\/><\/svg><\/span><\/span><\/span><\/a><\/span><\/div>\n<nav><ul class='ez-toc-list ez-toc-list-level-1 ' ><li class='ez-toc-page-1 ez-toc-heading-level-2'><a class=\"ez-toc-link ez-toc-heading-1\" href=\"https:\/\/idecesos.com\/seguros\/companias\/montepio\/huelva\/#Seguro_de_decesos_Montepio_en_Huelva\" >Seguro de decesos Montepio en Huelva<\/a><\/li><li class='ez-toc-page-1 ez-toc-heading-level-2'><a class=\"ez-toc-link ez-toc-heading-2\" href=\"https:\/\/idecesos.com\/seguros\/companias\/montepio\/huelva\/#Mapa_de_agencias_de_seguros_Montepio_en_Huelva\" >Mapa de agencias de seguros Montepio en Huelva<\/a><\/li><li class='ez-toc-page-1 ez-toc-heading-level-2'><a class=\"ez-toc-link ez-toc-heading-3\" href=\"https:\/\/idecesos.com\/seguros\/companias\/montepio\/huelva\/#Listado_de_oficinas_Montepio_en_Huelva\" >Listado de oficinas Montepio en Huelva<\/a><\/li><li class='ez-toc-page-1 ez-toc-heading-level-2'><a class=\"ez-toc-link ez-toc-heading-4\" href=\"https:\/\/idecesos.com\/seguros\/companias\/montepio\/huelva\/#Agencias_de_seguros_de_decesos_en_Huelva\" >Agencias de seguros de decesos en Huelva<\/a><ul class='ez-toc-list-level-3' ><li class='ez-toc-heading-level-3'><a class=\"ez-toc-link ez-toc-heading-5\" href=\"https:\/\/idecesos.com\/seguros\/companias\/montepio\/huelva\/#Listado_de_oficinas_Montepio_en_Espana\" >Listado de oficinas Montepio en Espa\u00f1a<\/a><\/li><\/ul><\/li><\/ul><\/nav><\/div>\n<p><br \/>\n<a href=\"https:\/\/idecesos.com\/seguros\/companias\/montepio\/\"><img decoding=\"async\" class=\" alignleft\" src=\"https:\/\/idecesos.com\/seguros\/wp-content\/uploads\/2021\/11\/montepio-logo.png\" alt=\"Seguro de decesos Montepio\" width=\"336\" height=\"103\" \/><\/a>Cuentas con las distintas oficinas de Montepio que se hallan situados en diferentes zonas, por ello deseamos que tengas en todo instante el conocimiento de las diferentes sucursales existentes de Montepio en Huelva para tu mejor servicio y gesti\u00f3n de tr\u00e1mites. En cual vas a recibir una atenci\u00f3n adaptada, que cuenta con una experiencia de muchos a\u00f1os en el \u00e1mbito. Contar\u00e1s en todo instante de nuestro total servicio, sin problemas a la hora de requerir de nosotros. Dentro de tu localizaci\u00f3n encontrases las distintas sucursales de Montepio en Huelva , donde aseguramos que llegues al final de tu trayectoria. <\/p>\n<p>Cuentas a tu alcance haya m\u00e1s de 80 sucursales por zonas. Te resultara tan c\u00f3modo o eficiente saber exactamente en qu\u00e9 lugar se encuentran las diferentes oficinas de cada Montepio. Siendo uno de los motivos que nos solventaran cualquier problema que pueda surgir. Desde estos instantes vas a poder obtener las diferentes oficinas de Montepio en Huelva donde vas a poder escoger a las necesidades que tienes, y te dan la fiabilidad de resolverte el problema hasta el final del proceso. <\/p>\n<p>Visita nuestra p\u00e1gina de <a href=\"https:\/\/idecesos.com\/seguros\/companias\/montepio\/\">seguros de decesos Montepio<\/a> para m\u00e1s informaci\u00f3n.<\/p>\n<div class=\"colorf \"  ><div class=\"container clearfix\"><div class=\"col-md-7\">\n<h2><span class=\"ez-toc-section\" id=\"Seguro_de_decesos_Montepio_en_Huelva\"><\/span>Seguro de decesos Montepio en Huelva<span class=\"ez-toc-section-end\"><\/span><\/h2>\n<p>Sobresalimos como aseguradora del a\u00f1o al prestar un buen servicio competente y eficiente, contando en todo instante con nuestras oficinas en todos y cada Huelva. Te regalamos conocer tu presupuesto de forma sin coste. Aparte de ser veloz y eficiente, contar\u00e1s en todo momento con un presupuesto al momento y con garant\u00edas. Eludiendo cualquier administraci\u00f3n administrativa para conseguirlo. <\/p>\n<p><strong>Ver m\u00e1s:<\/strong> <a href=\"https:\/\/idecesos.com\/seguros\/ciudades\/huelva\/\">Seguros de decesos en Huelva<\/a><\/p>\n<p>En Huelva queremos cubrirte como empresa de seguros lo mejor para ti y tu familia donde cuentes con servicio de \u00edndole, amoldado para ti en todo momento. Queremos que dispongas de esta alternativa de poder solventar tus dudas o pedir vez en cuesti\u00f3n de segundos.<br \/>\n\u00bfQuieres saber lo f\u00e1cil que <strong>resolvemos tus cuestiones de Montepio<\/strong>?Respecto a las distintas cuestiones, te traemos las contestaciones a todas , compendiadas solo para ti. <strong>M\u00e1s f\u00e1cil no te lo hemos podido poner<\/strong>, con este formulario obtendr\u00e1s tu cita o bien presupuesto, conforme lo que necesites. Deseamos que sea m\u00e1s simple, te regalamos la soluci\u00f3n al instante. <\/p>\n<p><\/div><\/div><\/div>\n\t\t<hr class=\"separador\">\n\t\t<div class=\"bloque-accion\">\n\t\t<p class=\"txt-accion\">Calcula el precio de tu seguro de decesos en menos de 1 minuto<\/p>\n\t\t<a class=\"btn-accion\" href=\"https:\/\/idecesos.com\/\">CALCULAR<\/a>\n\t\t<\/div>\n\t\t<hr class=\"separador\">\n\t\t<\/p>\n<h2><span class=\"ez-toc-section\" id=\"Mapa_de_agencias_de_seguros_Montepio_en_Huelva\"><\/span>Mapa de agencias de seguros Montepio en Huelva<span class=\"ez-toc-section-end\"><\/span><\/h2>\n<p>\u00bfDeseas conocer de qu\u00e9 forma se realiza una b\u00fasqueda de mapas de sucursales de la Montepio en Huelva, vas a aprender a efectuarlo en menos de unos segundos. Conocerlo ahora es preciso a la largo nos evita perder nuestro tiempo, y efectuar entrar en p\u00e1ginas distintas. Gestionandolo de forma distinta determinada. Cuentas con nuestro mejor aliado que es la fiabilidad como garant\u00eda dentro de tu busca. <\/p>\n<p><iframe class=\"page-generator-pro-map\" width=\"100%\" height=\"400\" frameborder=\"0\" style=\"border:0\" src=\"https:\/\/www.google.com\/maps\/embed\/v1\/place?q=C.+Alfonso+XII%2C+51%2C+21003+Huelva&#038;zoom=14&#038;maptype=roadmap&#038;key=AIzaSyCNTEOso0tZG6YMSJFoaJEY5Th1stEWrJI\" allowfullscreen><\/iframe><\/p>\n<div class=\"colorf\"><div class=\"container clearfix\"><div class=\"col-md-7\"><div class=\"empresas\">\n<h2><span class=\"ez-toc-section\" id=\"Listado_de_oficinas_Montepio_en_Huelva\"><\/span>Listado de oficinas Montepio en Huelva<span class=\"ez-toc-section-end\"><\/span><\/h2>\n<ul>\n<li><strong>Compa\u00f1\u00eda de seguros Huelva:<\/strong> 21003<\/li>\n<\/ul>\n<\/div><\/div><\/div><\/div>\n<h2><span class=\"ez-toc-section\" id=\"Agencias_de_seguros_de_decesos_en_Huelva\"><\/span>Agencias de seguros de decesos en Huelva<span class=\"ez-toc-section-end\"><\/span><\/h2>\n<p>Deseamos que cuentes en todo momento con un <strong>listado de empresas aseguradoras de defunci\u00f3n en Huelva<\/strong> mas queremos que lo tengas de manera sencilla y c\u00f3moda. Aparte de todo los beneficios que te regalos, vas a tener los datos oportunos de cada uno de ellos. Soluciona todas tus cuestiones con solo presionar un bot\u00f3n, tendr\u00e1s todo lo que necesitas. Nunca te lo hab\u00edan puesto tan simple como nosotros. <\/p>\n<!-- Shortcode [montepio] does not exist -->\n<div class=\"colorf\"><div class=\"container clearfix\"><div class=\"col-md-7\"><div class=\"empresas\">\n<h3><span class=\"ez-toc-section\" id=\"Listado_de_oficinas_Montepio_en_Espana\"><\/span>Listado de oficinas Montepio en Espa\u00f1a<span class=\"ez-toc-section-end\"><\/span><\/h3>\n<div class=\"enlazado\"><ul><li><a href=\"https:\/\/idecesos.com\/seguros\/companias\/montepio\/telefono\/\"><span>Atenci\u00f3n al cliente Montepio: telefono gratuito, e-mail<\/span><\/a><\/li><li><a href=\"https:\/\/idecesos.com\/seguros\/companias\/montepio\/almeria\/\"><span>Oficinas seguros de decesos Montepio en Almer\u00eda<\/span><\/a><\/li><li><a href=\"https:\/\/idecesos.com\/seguros\/companias\/montepio\/asturias\/\"><span>Oficinas seguros de decesos Montepio en Asturias<\/span><\/a><\/li><li><a href=\"https:\/\/idecesos.com\/seguros\/companias\/montepio\/barcelona\/\"><span>Oficinas seguros de decesos Montepio en Barcelona<\/span><\/a><\/li><li><a href=\"https:\/\/idecesos.com\/seguros\/companias\/montepio\/cordoba\/\"><span>Oficinas seguros de decesos Montepio en C\u00f3rdoba<\/span><\/a><\/li><li><a href=\"https:\/\/idecesos.com\/seguros\/companias\/montepio\/granada\/\"><span>Oficinas seguros de decesos Montepio en Granada<\/span><\/a><\/li><li><a href=\"https:\/\/idecesos.com\/seguros\/companias\/montepio\/jaen\/\"><span>Oficinas seguros de decesos Montepio en Ja\u00e9n<\/span><\/a><\/li><li><a href=\"https:\/\/idecesos.com\/seguros\/companias\/montepio\/la-rioja\/\"><span>Oficinas seguros de decesos Montepio en La Rioja<\/span><\/a><\/li><li><a href=\"https:\/\/idecesos.com\/seguros\/companias\/montepio\/madrid\/\"><span>Oficinas seguros de decesos Montepio en Madrid<\/span><\/a><\/li><li><a href=\"https:\/\/idecesos.com\/seguros\/companias\/montepio\/malaga\/\"><span>Oficinas seguros de decesos Montepio en M\u00e1laga<\/span><\/a><\/li><li><a href=\"https:\/\/idecesos.com\/seguros\/companias\/montepio\/tarragona\/\"><span>Oficinas seguros de decesos Montepio en Tarragona<\/span><\/a><\/li><li><a href=\"https:\/\/idecesos.com\/seguros\/companias\/montepio\/opiniones\/\"><span>Opiniones Seguro de Decesos Montepio<\/span><\/a><\/li><li><a href=\"https:\/\/idecesos.com\/seguros\/companias\/montepio\/prima-nivelada\/\"><span>Seguro de decesos Montepio Prima Nivelada<\/span><\/a><\/li><li><a href=\"https:\/\/idecesos.com\/seguros\/companias\/montepio\/repatriacion\/\"><span>Seguro de decesos Montepio con repatriaci\u00f3n<\/span><\/a><\/li><li><a href=\"https:\/\/idecesos.com\/seguros\/companias\/montepio\/precio\/\"><span>\u00bfCu\u00e1nto cuesta el seguro de decesos Montepio?<\/span><\/a><\/li><li><a href=\"https:\/\/idecesos.com\/seguros\/companias\/montepio\/dar-de-baja\/\"><span>\u00bfC\u00f3mo dar de baja seguro Montepio?<\/span><\/a><\/li><\/ul><\/div>\n<div><\/div><\/div><\/div><\/div><\/div>\n","protected":false},"excerpt":{"rendered":"<p>Cuentas con las distintas oficinas de Montepio que se hallan situados en diferentes zonas, por ello deseamos que tengas en todo instante el conocimiento de las diferentes sucursales existentes de Montepio en Huelva para tu mejor servicio y gesti\u00f3n de tr\u00e1mites. En cual vas a recibir una atenci\u00f3n adaptada, que cuenta con una experiencia de&hellip; <\/p>\n","protected":false},"author":0,"featured_media":0,"parent":754,"menu_order":0,"comment_status":"closed","ping_status":"closed","template":"page-templates\/companies.php","meta":{"footnotes":""},"class_list":["post-14145","page","type-page","status-publish","hentry"],"yoast_head":"<!-- This site is optimized with the Yoast SEO plugin v27.4 - https:\/\/yoast.com\/product\/yoast-seo-wordpress\/ -->\n<title>Oficinas Montepio en Huelva \u25b7Tel\u00e9fonos, Horarios, Direcci\u00f3n<\/title>\n<meta name=\"description\" content=\"Lista completa de Oficinas Montepio en Huelva Horarios, \u2706 tel\u00e9fonos y direcciones actualizados en 2026 \u2611\ufe0f Verificado por iDecesos.\" \/>\n<meta name=\"robots\" content=\"index, follow, max-snippet:-1, max-image-preview:large, max-video-preview:-1\" \/>\n<link rel=\"canonical\" href=\"https:\/\/idecesos.com\/seguros\/companias\/montepio\/huelva\/\" \/>\n<meta property=\"og:locale\" content=\"es_ES\" \/>\n<meta property=\"og:type\" content=\"article\" \/>\n<meta property=\"og:title\" content=\"Oficinas Montepio en Huelva \u25b7Tel\u00e9fonos, Horarios, Direcci\u00f3n\" \/>\n<meta property=\"og:description\" content=\"Lista completa de Oficinas Montepio en Huelva Horarios, \u2706 tel\u00e9fonos y direcciones actualizados en 2026 \u2611\ufe0f Verificado por iDecesos.\" \/>\n<meta property=\"og:url\" content=\"https:\/\/idecesos.com\/seguros\/companias\/montepio\/huelva\/\" \/>\n<meta property=\"og:image\" content=\"https:\/\/idecesos.com\/seguros\/wp-content\/uploads\/2021\/11\/montepio-logo.png\" \/>\n<meta name=\"twitter:card\" content=\"summary_large_image\" \/>\n<meta name=\"twitter:label1\" content=\"Tiempo de lectura\" \/>\n\t<meta name=\"twitter:data1\" content=\"39 minutos\" \/>\n<script type=\"application\/ld+json\" class=\"yoast-schema-graph\">{\"@context\":\"https:\\\/\\\/schema.org\",\"@graph\":[{\"@type\":\"WebPage\",\"@id\":\"https:\\\/\\\/idecesos.com\\\/seguros\\\/companias\\\/montepio\\\/huelva\\\/\",\"url\":\"https:\\\/\\\/idecesos.com\\\/seguros\\\/companias\\\/montepio\\\/huelva\\\/\",\"name\":\"Oficinas Montepio en Huelva \u25b7Tel\u00e9fonos, Horarios, Direcci\u00f3n\",\"isPartOf\":{\"@id\":\"https:\\\/\\\/idecesos.com\\\/seguros\\\/#website\"},\"primaryImageOfPage\":{\"@id\":\"https:\\\/\\\/idecesos.com\\\/seguros\\\/companias\\\/montepio\\\/huelva\\\/#primaryimage\"},\"image\":{\"@id\":\"https:\\\/\\\/idecesos.com\\\/seguros\\\/companias\\\/montepio\\\/huelva\\\/#primaryimage\"},\"thumbnailUrl\":\"https:\\\/\\\/idecesos.com\\\/seguros\\\/wp-content\\\/uploads\\\/2021\\\/11\\\/montepio-logo.png\",\"datePublished\":\"2021-11-12T08:42:35+00:00\",\"description\":\"Lista completa de Oficinas Montepio en Huelva Horarios, \u2706 tel\u00e9fonos y direcciones actualizados en 2026 \u2611\ufe0f Verificado por iDecesos.\",\"breadcrumb\":{\"@id\":\"https:\\\/\\\/idecesos.com\\\/seguros\\\/companias\\\/montepio\\\/huelva\\\/#breadcrumb\"},\"inLanguage\":\"es\",\"potentialAction\":[{\"@type\":\"ReadAction\",\"target\":[\"https:\\\/\\\/idecesos.com\\\/seguros\\\/companias\\\/montepio\\\/huelva\\\/\"]}]},{\"@type\":\"ImageObject\",\"inLanguage\":\"es\",\"@id\":\"https:\\\/\\\/idecesos.com\\\/seguros\\\/companias\\\/montepio\\\/huelva\\\/#primaryimage\",\"url\":\"https:\\\/\\\/idecesos.com\\\/seguros\\\/wp-content\\\/uploads\\\/2021\\\/11\\\/montepio-logo.png\",\"contentUrl\":\"https:\\\/\\\/idecesos.com\\\/seguros\\\/wp-content\\\/uploads\\\/2021\\\/11\\\/montepio-logo.png\",\"width\":124,\"height\":71},{\"@type\":\"BreadcrumbList\",\"@id\":\"https:\\\/\\\/idecesos.com\\\/seguros\\\/companias\\\/montepio\\\/huelva\\\/#breadcrumb\",\"itemListElement\":[{\"@type\":\"ListItem\",\"position\":1,\"name\":\"Portada\",\"item\":\"https:\\\/\\\/idecesos.com\\\/seguros\\\/\"},{\"@type\":\"ListItem\",\"position\":2,\"name\":\"Compa\u00f1\u00edas de Seguros de Decesos en Espa\u00f1a\",\"item\":\"https:\\\/\\\/idecesos.com\\\/seguros\\\/companias\\\/\"},{\"@type\":\"ListItem\",\"position\":3,\"name\":\"Seguro de Decesos Montepio\",\"item\":\"https:\\\/\\\/idecesos.com\\\/seguros\\\/companias\\\/montepio\\\/\"},{\"@type\":\"ListItem\",\"position\":4,\"name\":\"Oficinas seguros de decesos Montepio en Huelva\"}]},{\"@type\":\"WebSite\",\"@id\":\"https:\\\/\\\/idecesos.com\\\/seguros\\\/#website\",\"url\":\"https:\\\/\\\/idecesos.com\\\/seguros\\\/\",\"name\":\"\",\"description\":\"\",\"potentialAction\":[{\"@type\":\"SearchAction\",\"target\":{\"@type\":\"EntryPoint\",\"urlTemplate\":\"https:\\\/\\\/idecesos.com\\\/seguros\\\/?s={search_term_string}\"},\"query-input\":{\"@type\":\"PropertyValueSpecification\",\"valueRequired\":true,\"valueName\":\"search_term_string\"}}],\"inLanguage\":\"es\"}]}<\/script>\n<!-- \/ Yoast SEO plugin. -->","yoast_head_json":{"title":"Oficinas Montepio en Huelva \u25b7Tel\u00e9fonos, Horarios, Direcci\u00f3n","description":"Lista completa de Oficinas Montepio en Huelva Horarios, \u2706 tel\u00e9fonos y direcciones actualizados en 2026 \u2611\ufe0f Verificado por iDecesos.","robots":{"index":"index","follow":"follow","max-snippet":"max-snippet:-1","max-image-preview":"max-image-preview:large","max-video-preview":"max-video-preview:-1"},"canonical":"https:\/\/idecesos.com\/seguros\/companias\/montepio\/huelva\/","og_locale":"es_ES","og_type":"article","og_title":"Oficinas Montepio en Huelva \u25b7Tel\u00e9fonos, Horarios, Direcci\u00f3n","og_description":"Lista completa de Oficinas Montepio en Huelva Horarios, \u2706 tel\u00e9fonos y direcciones actualizados en 2026 \u2611\ufe0f Verificado por iDecesos.","og_url":"https:\/\/idecesos.com\/seguros\/companias\/montepio\/huelva\/","og_image":[{"url":"https:\/\/idecesos.com\/seguros\/wp-content\/uploads\/2021\/11\/montepio-logo.png","type":"","width":"","height":""}],"twitter_card":"summary_large_image","twitter_misc":{"Tiempo de lectura":"39 minutos"},"schema":{"@context":"https:\/\/schema.org","@graph":[{"@type":"WebPage","@id":"https:\/\/idecesos.com\/seguros\/companias\/montepio\/huelva\/","url":"https:\/\/idecesos.com\/seguros\/companias\/montepio\/huelva\/","name":"Oficinas Montepio en Huelva \u25b7Tel\u00e9fonos, Horarios, Direcci\u00f3n","isPartOf":{"@id":"https:\/\/idecesos.com\/seguros\/#website"},"primaryImageOfPage":{"@id":"https:\/\/idecesos.com\/seguros\/companias\/montepio\/huelva\/#primaryimage"},"image":{"@id":"https:\/\/idecesos.com\/seguros\/companias\/montepio\/huelva\/#primaryimage"},"thumbnailUrl":"https:\/\/idecesos.com\/seguros\/wp-content\/uploads\/2021\/11\/montepio-logo.png","datePublished":"2021-11-12T08:42:35+00:00","description":"Lista completa de Oficinas Montepio en Huelva Horarios, \u2706 tel\u00e9fonos y direcciones actualizados en 2026 \u2611\ufe0f Verificado por iDecesos.","breadcrumb":{"@id":"https:\/\/idecesos.com\/seguros\/companias\/montepio\/huelva\/#breadcrumb"},"inLanguage":"es","potentialAction":[{"@type":"ReadAction","target":["https:\/\/idecesos.com\/seguros\/companias\/montepio\/huelva\/"]}]},{"@type":"ImageObject","inLanguage":"es","@id":"https:\/\/idecesos.com\/seguros\/companias\/montepio\/huelva\/#primaryimage","url":"https:\/\/idecesos.com\/seguros\/wp-content\/uploads\/2021\/11\/montepio-logo.png","contentUrl":"https:\/\/idecesos.com\/seguros\/wp-content\/uploads\/2021\/11\/montepio-logo.png","width":124,"height":71},{"@type":"BreadcrumbList","@id":"https:\/\/idecesos.com\/seguros\/companias\/montepio\/huelva\/#breadcrumb","itemListElement":[{"@type":"ListItem","position":1,"name":"Portada","item":"https:\/\/idecesos.com\/seguros\/"},{"@type":"ListItem","position":2,"name":"Compa\u00f1\u00edas de Seguros de Decesos en Espa\u00f1a","item":"https:\/\/idecesos.com\/seguros\/companias\/"},{"@type":"ListItem","position":3,"name":"Seguro de Decesos Montepio","item":"https:\/\/idecesos.com\/seguros\/companias\/montepio\/"},{"@type":"ListItem","position":4,"name":"Oficinas seguros de decesos Montepio en Huelva"}]},{"@type":"WebSite","@id":"https:\/\/idecesos.com\/seguros\/#website","url":"https:\/\/idecesos.com\/seguros\/","name":"","description":"","potentialAction":[{"@type":"SearchAction","target":{"@type":"EntryPoint","urlTemplate":"https:\/\/idecesos.com\/seguros\/?s={search_term_string}"},"query-input":{"@type":"PropertyValueSpecification","valueRequired":true,"valueName":"search_term_string"}}],"inLanguage":"es"}]}},"_links":{"self":[{"href":"https:\/\/idecesos.com\/seguros\/wp-json\/wp\/v2\/pages\/14145","targetHints":{"allow":["GET"]}}],"collection":[{"href":"https:\/\/idecesos.com\/seguros\/wp-json\/wp\/v2\/pages"}],"about":[{"href":"https:\/\/idecesos.com\/seguros\/wp-json\/wp\/v2\/types\/page"}],"replies":[{"embeddable":true,"href":"https:\/\/idecesos.com\/seguros\/wp-json\/wp\/v2\/comments?post=14145"}],"version-history":[{"count":0,"href":"https:\/\/idecesos.com\/seguros\/wp-json\/wp\/v2\/pages\/14145\/revisions"}],"up":[{"embeddable":true,"href":"https:\/\/idecesos.com\/seguros\/wp-json\/wp\/v2\/pages\/754"}],"wp:attachment":[{"href":"https:\/\/idecesos.com\/seguros\/wp-json\/wp\/v2\/media?parent=14145"}],"curies":[{"name":"wp","href":"https:\/\/api.w.org\/{rel}","templated":true}]}}