{"id":14146,"date":"2021-11-12T08:42:35","date_gmt":"2021-11-12T08:42:35","guid":{"rendered":"https:\/\/idecesos.com\/seguros\/companias\/montepio\/jaen\/"},"modified":"2021-11-12T08:42:35","modified_gmt":"2021-11-12T08:42:35","slug":"jaen","status":"publish","type":"page","link":"https:\/\/idecesos.com\/seguros\/companias\/montepio\/jaen\/","title":{"rendered":"Oficinas seguros de decesos Montepio en Ja\u00e9n"},"content":{"rendered":"<div id=\"ez-toc-container\" class=\"ez-toc-v2_0_82_2 ez-toc-wrap-center counter-hierarchy ez-toc-counter ez-toc-custom ez-toc-container-direction\">\n<div class=\"ez-toc-title-container\">\n<p class=\"ez-toc-title\" style=\"cursor:inherit\">Tabla de Contenido<\/p>\n<span class=\"ez-toc-title-toggle\"><a href=\"#\" class=\"ez-toc-pull-right ez-toc-btn ez-toc-btn-xs ez-toc-btn-default ez-toc-toggle\" aria-label=\"Alternar tabla de contenidos\"><span class=\"ez-toc-js-icon-con\"><span class=\"\"><span class=\"eztoc-hide\" style=\"display:none;\">Toggle<\/span><span class=\"ez-toc-icon-toggle-span\"><svg style=\"fill: #db6415;color:#db6415\" xmlns=\"http:\/\/www.w3.org\/2000\/svg\" class=\"list-377408\" width=\"20px\" height=\"20px\" viewBox=\"0 0 24 24\" fill=\"none\"><path d=\"M6 6H4v2h2V6zm14 0H8v2h12V6zM4 11h2v2H4v-2zm16 0H8v2h12v-2zM4 16h2v2H4v-2zm16 0H8v2h12v-2z\" fill=\"currentColor\"><\/path><\/svg><svg style=\"fill: #db6415;color:#db6415\" class=\"arrow-unsorted-368013\" xmlns=\"http:\/\/www.w3.org\/2000\/svg\" width=\"10px\" height=\"10px\" viewBox=\"0 0 24 24\" version=\"1.2\" baseProfile=\"tiny\"><path d=\"M18.2 9.3l-6.2-6.3-6.2 6.3c-.2.2-.3.4-.3.7s.1.5.3.7c.2.2.4.3.7.3h11c.3 0 .5-.1.7-.3.2-.2.3-.5.3-.7s-.1-.5-.3-.7zM5.8 14.7l6.2 6.3 6.2-6.3c.2-.2.3-.5.3-.7s-.1-.5-.3-.7c-.2-.2-.4-.3-.7-.3h-11c-.3 0-.5.1-.7.3-.2.2-.3.5-.3.7s.1.5.3.7z\"\/><\/svg><\/span><\/span><\/span><\/a><\/span><\/div>\n<nav><ul class='ez-toc-list ez-toc-list-level-1 ' ><li class='ez-toc-page-1 ez-toc-heading-level-2'><a class=\"ez-toc-link ez-toc-heading-1\" href=\"https:\/\/idecesos.com\/seguros\/companias\/montepio\/jaen\/#Seguro_de_decesos_Montepio_en_Jaen\" >Seguro de decesos Montepio en Ja\u00e9n<\/a><\/li><li class='ez-toc-page-1 ez-toc-heading-level-2'><a class=\"ez-toc-link ez-toc-heading-2\" href=\"https:\/\/idecesos.com\/seguros\/companias\/montepio\/jaen\/#Mapa_de_sucursales_de_seguros_Montepio_en_Jaen\" >Mapa de sucursales de seguros Montepio en Ja\u00e9n<\/a><\/li><li class='ez-toc-page-1 ez-toc-heading-level-2'><a class=\"ez-toc-link ez-toc-heading-3\" href=\"https:\/\/idecesos.com\/seguros\/companias\/montepio\/jaen\/#Listado_de_agencias_Montepio_en_Jaen\" >Listado de agencias Montepio en Ja\u00e9n<\/a><\/li><li class='ez-toc-page-1 ez-toc-heading-level-2'><a class=\"ez-toc-link ez-toc-heading-4\" href=\"https:\/\/idecesos.com\/seguros\/companias\/montepio\/jaen\/#Agencias_de_seguros_de_decesos_en_Jaen\" >Agencias de seguros de decesos en Ja\u00e9n<\/a><ul class='ez-toc-list-level-3' ><li class='ez-toc-heading-level-3'><a class=\"ez-toc-link ez-toc-heading-5\" href=\"https:\/\/idecesos.com\/seguros\/companias\/montepio\/jaen\/#Listado_de_sucursales_Montepio_en_Espana\" >Listado de sucursales Montepio en Espa\u00f1a<\/a><\/li><\/ul><\/li><\/ul><\/nav><\/div>\n<p><br \/>\n<a href=\"https:\/\/idecesos.com\/seguros\/companias\/montepio\/\"><img decoding=\"async\" class=\" alignleft\" src=\"https:\/\/idecesos.com\/seguros\/wp-content\/uploads\/2021\/11\/montepio-logo.png\" alt=\"Seguro de decesos Montepio\" width=\"336\" height=\"103\" \/><\/a>Te dan calidad en servicio como en atenci\u00f3n, puedes acudir a sus distintas sucursales de Montepio en Ja\u00e9n. Cada horario cambiara conforme la temporada en que se halle. Siempre y en toda circunstancia puede suceder algo inesperado por este motivo es de bien saber d\u00f3nde se pueden encontrar las diferentes sucursales de Montepio <strong>cerca de nosotros en Ja\u00e9n. <\/strong>Te solventaran todos y cada uno de los fallos de una forma m\u00e1s sencilla. <\/p>\n<p>\u00bfQuieres calidad en el servicio, eludiendo inconvenientes? por ello te ense\u00f1amos las ubicaciones de cada <strong>oficina de Montepio<\/strong> en Ja\u00e9n lo m\u00e1s cerca de ti. Administran tus cuestiones de forma instant\u00e1nea, con su p\u00f3liza le aseguran un servicio cualificado y especializado. Las <strong>sucursales de Montepio en Ja\u00e9n<\/strong> resaltan por el desarrollo esencial que tienen a fin de cuentas a lo largo del proceso. <\/p>\n<p>Visita nuestra p\u00e1gina de <a href=\"https:\/\/idecesos.com\/seguros\/companias\/montepio\/\">seguros de decesos Montepio<\/a> para m\u00e1s informaci\u00f3n.<\/p>\n<div class=\"colorf \"  ><div class=\"container clearfix\"><div class=\"col-md-7\">\n<h2><span class=\"ez-toc-section\" id=\"Seguro_de_decesos_Montepio_en_Jaen\"><\/span>Seguro de decesos Montepio en Ja\u00e9n<span class=\"ez-toc-section-end\"><\/span><\/h2>\n<p>Somos m\u00e1s all\u00e1 que una compa\u00f1\u00eda de seguros, somos tu calma, evit\u00e1ndote cualquier error que pueda surgir durante el proceso de alguna tramitaci\u00f3n. Cubriendo en todo instante tus faltas en cualquier situaci\u00f3n. Servicio de delegaciones de Montepio en Ja\u00e9n va direccionado para aquellas personas que necesiten solventar de forma eficiente cualquier administraci\u00f3n a este respecto y se haga de forma inmediata. Cubrir todas las cuestiones que surjan, donde quedara solucionado sus problemas de una forma m\u00e1s simple. <\/p>\n<p><strong>Ver m\u00e1s:<\/strong> <a href=\"https:\/\/idecesos.com\/seguros\/ciudades\/jaen\/\">Seguros de decesos en Ja\u00e9n<\/a><\/p>\n<p>La calidad que prestamos siempre y en toda circunstancia es de las mas esenciales, teniendo presente nuestras oficinas de Montepio en Ja\u00e9n, por este motivo hemos querido premiar a nuestros clientes del servicio con la obtenci\u00f3n de presupuesto en el instante. Nos aseguramos que es todo lo que necesites, lo tengo en tus manos. No vas a necesitar ver un tutorial para rellenar el formulario, es m\u00e1s f\u00e1cil, que ir de compras. Consiguiendo de esta manera la informaci\u00f3n correspondiente. \u00bfBuscar? Eso ya no se lleva, te lo ponemos simple. <\/p>\n<p><\/div><\/div><\/div>\n\t\t<hr class=\"separador\">\n\t\t<div class=\"bloque-accion\">\n\t\t<p class=\"txt-accion\">Calcula el precio de tu seguro de decesos en menos de 1 minuto<\/p>\n\t\t<a class=\"btn-accion\" href=\"https:\/\/idecesos.com\/\">CALCULAR<\/a>\n\t\t<\/div>\n\t\t<hr class=\"separador\">\n\t\t<\/p>\n<h2><span class=\"ez-toc-section\" id=\"Mapa_de_sucursales_de_seguros_Montepio_en_Jaen\"><\/span>Mapa de sucursales de seguros Montepio en Ja\u00e9n<span class=\"ez-toc-section-end\"><\/span><\/h2>\n<p>Localizador de oficinas de Montepio en Ja\u00e9n nos da la enorme oportunidad de conocer donde podemos saber en qu\u00e9 sitios se hallan, asimismo es esencial contar con un mapa por Ja\u00e9n de las oficinas de Montepio te aseguramos que tengas la informaci\u00f3n que se ajuste a ti en todo instante. Cuentas con la confiabilidad del cien por ciento en todo momento y tambi\u00e9n informaci\u00f3n filtrada para ti. <\/p>\n<p><iframe class=\"page-generator-pro-map\" width=\"100%\" height=\"400\" frameborder=\"0\" style=\"border:0\" src=\"https:\/\/www.google.com\/maps\/embed\/v1\/place?q=Av.+Granada%2C+49%2C+23003+Ja%C3%A9n&#038;zoom=14&#038;maptype=roadmap&#038;key=AIzaSyCNTEOso0tZG6YMSJFoaJEY5Th1stEWrJI\" allowfullscreen><\/iframe><\/p>\n<div class=\"colorf\"><div class=\"container clearfix\"><div class=\"col-md-7\"><div class=\"empresas\">\n<h2><span class=\"ez-toc-section\" id=\"Listado_de_agencias_Montepio_en_Jaen\"><\/span>Listado de agencias Montepio en Ja\u00e9n<span class=\"ez-toc-section-end\"><\/span><\/h2>\n<ul>\n<li><strong>Compa\u00f1\u00eda de seguros Ja\u00e9n:<\/strong> 23003<\/li>\n<\/ul>\n<\/div><\/div><\/div><\/div>\n<h2><span class=\"ez-toc-section\" id=\"Agencias_de_seguros_de_decesos_en_Jaen\"><\/span>Agencias de seguros de decesos en Ja\u00e9n<span class=\"ez-toc-section-end\"><\/span><\/h2>\n<p>Garantizamos nuestros mejores servicios de calidad en cada segundo. Te ayudamos a que tengas claro las distintas opciones de compa\u00f1\u00edas aseguradoras de <strong>defunci\u00f3n a tus manos en todos y cada Ja\u00e9n<\/strong> con solo dirigirte a nuestro enlace vas a tener todo cuanto est\u00e1s buscando y solventado todas tus cuestiones. <\/p>\n<!-- Shortcode [montepio] does not exist -->\n<div class=\"colorf\"><div class=\"container clearfix\"><div class=\"col-md-7\"><div class=\"empresas\">\n<h3><span class=\"ez-toc-section\" id=\"Listado_de_sucursales_Montepio_en_Espana\"><\/span>Listado de sucursales Montepio en Espa\u00f1a<span class=\"ez-toc-section-end\"><\/span><\/h3>\n<div class=\"enlazado\"><ul><li><a href=\"https:\/\/idecesos.com\/seguros\/companias\/montepio\/alicante\/\"><span>Oficinas seguros de decesos Montepio en Alicante<\/span><\/a><\/li><li><a href=\"https:\/\/idecesos.com\/seguros\/companias\/montepio\/almeria\/\"><span>Oficinas seguros de decesos Montepio en Almer\u00eda<\/span><\/a><\/li><li><a href=\"https:\/\/idecesos.com\/seguros\/companias\/montepio\/asturias\/\"><span>Oficinas seguros de decesos Montepio en Asturias<\/span><\/a><\/li><li><a href=\"https:\/\/idecesos.com\/seguros\/companias\/montepio\/barcelona\/\"><span>Oficinas seguros de decesos Montepio en Barcelona<\/span><\/a><\/li><li><a href=\"https:\/\/idecesos.com\/seguros\/companias\/montepio\/cadiz\/\"><span>Oficinas seguros de decesos Montepio en C\u00e1diz<\/span><\/a><\/li><li><a href=\"https:\/\/idecesos.com\/seguros\/companias\/montepio\/granada\/\"><span>Oficinas seguros de decesos Montepio en Granada<\/span><\/a><\/li><li><a href=\"https:\/\/idecesos.com\/seguros\/companias\/montepio\/guipuzcoa\/\"><span>Oficinas seguros de decesos Montepio en Guip\u00fazcoa<\/span><\/a><\/li><li><a href=\"https:\/\/idecesos.com\/seguros\/companias\/montepio\/huelva\/\"><span>Oficinas seguros de decesos Montepio en Huelva<\/span><\/a><\/li><li><a href=\"https:\/\/idecesos.com\/seguros\/companias\/montepio\/madrid\/\"><span>Oficinas seguros de decesos Montepio en Madrid<\/span><\/a><\/li><li><a href=\"https:\/\/idecesos.com\/seguros\/companias\/montepio\/tarragona\/\"><span>Oficinas seguros de decesos Montepio en Tarragona<\/span><\/a><\/li><li><a href=\"https:\/\/idecesos.com\/seguros\/companias\/montepio\/prima-mixta\/\"><span>Seguro de decesos Montepio Prima Mixta<\/span><\/a><\/li><li><a href=\"https:\/\/idecesos.com\/seguros\/companias\/montepio\/prima-nivelada\/\"><span>Seguro de decesos Montepio Prima Nivelada<\/span><\/a><\/li><li><a href=\"https:\/\/idecesos.com\/seguros\/companias\/montepio\/prima-unica\/\"><span>Seguro de decesos Montepio Prima \u00danica<\/span><\/a><\/li><li><a href=\"https:\/\/idecesos.com\/seguros\/companias\/montepio\/repatriacion\/\"><span>Seguro de decesos Montepio con repatriaci\u00f3n<\/span><\/a><\/li><li><a href=\"https:\/\/idecesos.com\/seguros\/companias\/montepio\/precio\/\"><span>\u00bfCu\u00e1nto cuesta el seguro de decesos Montepio?<\/span><\/a><\/li><li><a href=\"https:\/\/idecesos.com\/seguros\/companias\/montepio\/dar-de-baja\/\"><span>\u00bfC\u00f3mo dar de baja seguro Montepio?<\/span><\/a><\/li><\/ul><\/div>\n<div><\/div><\/div><\/div><\/div><\/div>\n","protected":false},"excerpt":{"rendered":"<p>Te dan calidad en servicio como en atenci\u00f3n, puedes acudir a sus distintas sucursales de Montepio en Ja\u00e9n. Cada horario cambiara conforme la temporada en que se halle. Siempre y en toda circunstancia puede suceder algo inesperado por este motivo es de bien saber d\u00f3nde se pueden encontrar las diferentes sucursales de Montepio cerca de&hellip; <\/p>\n","protected":false},"author":0,"featured_media":0,"parent":754,"menu_order":0,"comment_status":"closed","ping_status":"closed","template":"page-templates\/companies.php","meta":{"footnotes":""},"class_list":["post-14146","page","type-page","status-publish","hentry"],"yoast_head":"<!-- This site is optimized with the Yoast SEO plugin v27.3 - https:\/\/yoast.com\/product\/yoast-seo-wordpress\/ -->\n<title>Oficinas Montepio en Ja\u00e9n \u25b7Tel\u00e9fonos, Horarios, Direcci\u00f3n<\/title>\n<meta name=\"description\" content=\"Lista completa de Oficinas Montepio en Ja\u00e9n Horarios, \u2706 tel\u00e9fonos y direcciones actualizados en 2026 \u2611\ufe0f Verificado por iDecesos.\" \/>\n<meta name=\"robots\" content=\"index, follow, max-snippet:-1, max-image-preview:large, max-video-preview:-1\" \/>\n<link rel=\"canonical\" href=\"https:\/\/idecesos.com\/seguros\/companias\/montepio\/jaen\/\" \/>\n<meta property=\"og:locale\" content=\"es_ES\" \/>\n<meta property=\"og:type\" content=\"article\" \/>\n<meta property=\"og:title\" content=\"Oficinas Montepio en Ja\u00e9n \u25b7Tel\u00e9fonos, Horarios, Direcci\u00f3n\" \/>\n<meta property=\"og:description\" content=\"Lista completa de Oficinas Montepio en Ja\u00e9n Horarios, \u2706 tel\u00e9fonos y direcciones actualizados en 2026 \u2611\ufe0f Verificado por iDecesos.\" \/>\n<meta property=\"og:url\" content=\"https:\/\/idecesos.com\/seguros\/companias\/montepio\/jaen\/\" \/>\n<meta property=\"og:image\" content=\"https:\/\/idecesos.com\/seguros\/wp-content\/uploads\/2021\/11\/montepio-logo.png\" \/>\n<meta name=\"twitter:card\" content=\"summary_large_image\" \/>\n<meta name=\"twitter:label1\" content=\"Tiempo de lectura\" \/>\n\t<meta name=\"twitter:data1\" content=\"39 minutos\" \/>\n<script type=\"application\/ld+json\" class=\"yoast-schema-graph\">{\"@context\":\"https:\\\/\\\/schema.org\",\"@graph\":[{\"@type\":\"WebPage\",\"@id\":\"https:\\\/\\\/idecesos.com\\\/seguros\\\/companias\\\/montepio\\\/jaen\\\/\",\"url\":\"https:\\\/\\\/idecesos.com\\\/seguros\\\/companias\\\/montepio\\\/jaen\\\/\",\"name\":\"Oficinas Montepio en Ja\u00e9n \u25b7Tel\u00e9fonos, Horarios, Direcci\u00f3n\",\"isPartOf\":{\"@id\":\"https:\\\/\\\/idecesos.com\\\/seguros\\\/#website\"},\"primaryImageOfPage\":{\"@id\":\"https:\\\/\\\/idecesos.com\\\/seguros\\\/companias\\\/montepio\\\/jaen\\\/#primaryimage\"},\"image\":{\"@id\":\"https:\\\/\\\/idecesos.com\\\/seguros\\\/companias\\\/montepio\\\/jaen\\\/#primaryimage\"},\"thumbnailUrl\":\"https:\\\/\\\/idecesos.com\\\/seguros\\\/wp-content\\\/uploads\\\/2021\\\/11\\\/montepio-logo.png\",\"datePublished\":\"2021-11-12T08:42:35+00:00\",\"description\":\"Lista completa de Oficinas Montepio en Ja\u00e9n Horarios, \u2706 tel\u00e9fonos y direcciones actualizados en 2026 \u2611\ufe0f Verificado por iDecesos.\",\"breadcrumb\":{\"@id\":\"https:\\\/\\\/idecesos.com\\\/seguros\\\/companias\\\/montepio\\\/jaen\\\/#breadcrumb\"},\"inLanguage\":\"es\",\"potentialAction\":[{\"@type\":\"ReadAction\",\"target\":[\"https:\\\/\\\/idecesos.com\\\/seguros\\\/companias\\\/montepio\\\/jaen\\\/\"]}]},{\"@type\":\"ImageObject\",\"inLanguage\":\"es\",\"@id\":\"https:\\\/\\\/idecesos.com\\\/seguros\\\/companias\\\/montepio\\\/jaen\\\/#primaryimage\",\"url\":\"https:\\\/\\\/idecesos.com\\\/seguros\\\/wp-content\\\/uploads\\\/2021\\\/11\\\/montepio-logo.png\",\"contentUrl\":\"https:\\\/\\\/idecesos.com\\\/seguros\\\/wp-content\\\/uploads\\\/2021\\\/11\\\/montepio-logo.png\",\"width\":124,\"height\":71},{\"@type\":\"BreadcrumbList\",\"@id\":\"https:\\\/\\\/idecesos.com\\\/seguros\\\/companias\\\/montepio\\\/jaen\\\/#breadcrumb\",\"itemListElement\":[{\"@type\":\"ListItem\",\"position\":1,\"name\":\"Portada\",\"item\":\"https:\\\/\\\/idecesos.com\\\/seguros\\\/\"},{\"@type\":\"ListItem\",\"position\":2,\"name\":\"Compa\u00f1\u00edas de Seguros de Decesos en Espa\u00f1a\",\"item\":\"https:\\\/\\\/idecesos.com\\\/seguros\\\/companias\\\/\"},{\"@type\":\"ListItem\",\"position\":3,\"name\":\"Seguro de Decesos Montepio\",\"item\":\"https:\\\/\\\/idecesos.com\\\/seguros\\\/companias\\\/montepio\\\/\"},{\"@type\":\"ListItem\",\"position\":4,\"name\":\"Oficinas seguros de decesos Montepio en Ja\u00e9n\"}]},{\"@type\":\"WebSite\",\"@id\":\"https:\\\/\\\/idecesos.com\\\/seguros\\\/#website\",\"url\":\"https:\\\/\\\/idecesos.com\\\/seguros\\\/\",\"name\":\"\",\"description\":\"\",\"potentialAction\":[{\"@type\":\"SearchAction\",\"target\":{\"@type\":\"EntryPoint\",\"urlTemplate\":\"https:\\\/\\\/idecesos.com\\\/seguros\\\/?s={search_term_string}\"},\"query-input\":{\"@type\":\"PropertyValueSpecification\",\"valueRequired\":true,\"valueName\":\"search_term_string\"}}],\"inLanguage\":\"es\"}]}<\/script>\n<!-- \/ Yoast SEO plugin. -->","yoast_head_json":{"title":"Oficinas Montepio en Ja\u00e9n \u25b7Tel\u00e9fonos, Horarios, Direcci\u00f3n","description":"Lista completa de Oficinas Montepio en Ja\u00e9n Horarios, \u2706 tel\u00e9fonos y direcciones actualizados en 2026 \u2611\ufe0f Verificado por iDecesos.","robots":{"index":"index","follow":"follow","max-snippet":"max-snippet:-1","max-image-preview":"max-image-preview:large","max-video-preview":"max-video-preview:-1"},"canonical":"https:\/\/idecesos.com\/seguros\/companias\/montepio\/jaen\/","og_locale":"es_ES","og_type":"article","og_title":"Oficinas Montepio en Ja\u00e9n \u25b7Tel\u00e9fonos, Horarios, Direcci\u00f3n","og_description":"Lista completa de Oficinas Montepio en Ja\u00e9n Horarios, \u2706 tel\u00e9fonos y direcciones actualizados en 2026 \u2611\ufe0f Verificado por iDecesos.","og_url":"https:\/\/idecesos.com\/seguros\/companias\/montepio\/jaen\/","og_image":[{"url":"https:\/\/idecesos.com\/seguros\/wp-content\/uploads\/2021\/11\/montepio-logo.png","type":"","width":"","height":""}],"twitter_card":"summary_large_image","twitter_misc":{"Tiempo de lectura":"39 minutos"},"schema":{"@context":"https:\/\/schema.org","@graph":[{"@type":"WebPage","@id":"https:\/\/idecesos.com\/seguros\/companias\/montepio\/jaen\/","url":"https:\/\/idecesos.com\/seguros\/companias\/montepio\/jaen\/","name":"Oficinas Montepio en Ja\u00e9n \u25b7Tel\u00e9fonos, Horarios, Direcci\u00f3n","isPartOf":{"@id":"https:\/\/idecesos.com\/seguros\/#website"},"primaryImageOfPage":{"@id":"https:\/\/idecesos.com\/seguros\/companias\/montepio\/jaen\/#primaryimage"},"image":{"@id":"https:\/\/idecesos.com\/seguros\/companias\/montepio\/jaen\/#primaryimage"},"thumbnailUrl":"https:\/\/idecesos.com\/seguros\/wp-content\/uploads\/2021\/11\/montepio-logo.png","datePublished":"2021-11-12T08:42:35+00:00","description":"Lista completa de Oficinas Montepio en Ja\u00e9n Horarios, \u2706 tel\u00e9fonos y direcciones actualizados en 2026 \u2611\ufe0f Verificado por iDecesos.","breadcrumb":{"@id":"https:\/\/idecesos.com\/seguros\/companias\/montepio\/jaen\/#breadcrumb"},"inLanguage":"es","potentialAction":[{"@type":"ReadAction","target":["https:\/\/idecesos.com\/seguros\/companias\/montepio\/jaen\/"]}]},{"@type":"ImageObject","inLanguage":"es","@id":"https:\/\/idecesos.com\/seguros\/companias\/montepio\/jaen\/#primaryimage","url":"https:\/\/idecesos.com\/seguros\/wp-content\/uploads\/2021\/11\/montepio-logo.png","contentUrl":"https:\/\/idecesos.com\/seguros\/wp-content\/uploads\/2021\/11\/montepio-logo.png","width":124,"height":71},{"@type":"BreadcrumbList","@id":"https:\/\/idecesos.com\/seguros\/companias\/montepio\/jaen\/#breadcrumb","itemListElement":[{"@type":"ListItem","position":1,"name":"Portada","item":"https:\/\/idecesos.com\/seguros\/"},{"@type":"ListItem","position":2,"name":"Compa\u00f1\u00edas de Seguros de Decesos en Espa\u00f1a","item":"https:\/\/idecesos.com\/seguros\/companias\/"},{"@type":"ListItem","position":3,"name":"Seguro de Decesos Montepio","item":"https:\/\/idecesos.com\/seguros\/companias\/montepio\/"},{"@type":"ListItem","position":4,"name":"Oficinas seguros de decesos Montepio en Ja\u00e9n"}]},{"@type":"WebSite","@id":"https:\/\/idecesos.com\/seguros\/#website","url":"https:\/\/idecesos.com\/seguros\/","name":"","description":"","potentialAction":[{"@type":"SearchAction","target":{"@type":"EntryPoint","urlTemplate":"https:\/\/idecesos.com\/seguros\/?s={search_term_string}"},"query-input":{"@type":"PropertyValueSpecification","valueRequired":true,"valueName":"search_term_string"}}],"inLanguage":"es"}]}},"_links":{"self":[{"href":"https:\/\/idecesos.com\/seguros\/wp-json\/wp\/v2\/pages\/14146","targetHints":{"allow":["GET"]}}],"collection":[{"href":"https:\/\/idecesos.com\/seguros\/wp-json\/wp\/v2\/pages"}],"about":[{"href":"https:\/\/idecesos.com\/seguros\/wp-json\/wp\/v2\/types\/page"}],"replies":[{"embeddable":true,"href":"https:\/\/idecesos.com\/seguros\/wp-json\/wp\/v2\/comments?post=14146"}],"version-history":[{"count":0,"href":"https:\/\/idecesos.com\/seguros\/wp-json\/wp\/v2\/pages\/14146\/revisions"}],"up":[{"embeddable":true,"href":"https:\/\/idecesos.com\/seguros\/wp-json\/wp\/v2\/pages\/754"}],"wp:attachment":[{"href":"https:\/\/idecesos.com\/seguros\/wp-json\/wp\/v2\/media?parent=14146"}],"curies":[{"name":"wp","href":"https:\/\/api.w.org\/{rel}","templated":true}]}}