{"id":14149,"date":"2021-11-12T08:42:37","date_gmt":"2021-11-12T08:42:37","guid":{"rendered":"https:\/\/idecesos.com\/seguros\/companias\/montepio\/malaga\/"},"modified":"2021-11-12T08:42:37","modified_gmt":"2021-11-12T08:42:37","slug":"malaga","status":"publish","type":"page","link":"https:\/\/idecesos.com\/seguros\/companias\/montepio\/malaga\/","title":{"rendered":"Oficinas seguros de decesos Montepio en M\u00e1laga"},"content":{"rendered":"<div id=\"ez-toc-container\" class=\"ez-toc-v2_0_82_2 ez-toc-wrap-center counter-hierarchy ez-toc-counter ez-toc-custom ez-toc-container-direction\">\n<div class=\"ez-toc-title-container\">\n<p class=\"ez-toc-title\" style=\"cursor:inherit\">Tabla de Contenido<\/p>\n<span class=\"ez-toc-title-toggle\"><a href=\"#\" class=\"ez-toc-pull-right ez-toc-btn ez-toc-btn-xs ez-toc-btn-default ez-toc-toggle\" aria-label=\"Alternar tabla de contenidos\"><span class=\"ez-toc-js-icon-con\"><span class=\"\"><span class=\"eztoc-hide\" style=\"display:none;\">Toggle<\/span><span class=\"ez-toc-icon-toggle-span\"><svg style=\"fill: #db6415;color:#db6415\" xmlns=\"http:\/\/www.w3.org\/2000\/svg\" class=\"list-377408\" width=\"20px\" height=\"20px\" viewBox=\"0 0 24 24\" fill=\"none\"><path d=\"M6 6H4v2h2V6zm14 0H8v2h12V6zM4 11h2v2H4v-2zm16 0H8v2h12v-2zM4 16h2v2H4v-2zm16 0H8v2h12v-2z\" fill=\"currentColor\"><\/path><\/svg><svg style=\"fill: #db6415;color:#db6415\" class=\"arrow-unsorted-368013\" xmlns=\"http:\/\/www.w3.org\/2000\/svg\" width=\"10px\" height=\"10px\" viewBox=\"0 0 24 24\" version=\"1.2\" baseProfile=\"tiny\"><path d=\"M18.2 9.3l-6.2-6.3-6.2 6.3c-.2.2-.3.4-.3.7s.1.5.3.7c.2.2.4.3.7.3h11c.3 0 .5-.1.7-.3.2-.2.3-.5.3-.7s-.1-.5-.3-.7zM5.8 14.7l6.2 6.3 6.2-6.3c.2-.2.3-.5.3-.7s-.1-.5-.3-.7c-.2-.2-.4-.3-.7-.3h-11c-.3 0-.5.1-.7.3-.2.2-.3.5-.3.7s.1.5.3.7z\"\/><\/svg><\/span><\/span><\/span><\/a><\/span><\/div>\n<nav><ul class='ez-toc-list ez-toc-list-level-1 ' ><li class='ez-toc-page-1 ez-toc-heading-level-2'><a class=\"ez-toc-link ez-toc-heading-1\" href=\"https:\/\/idecesos.com\/seguros\/companias\/montepio\/malaga\/#Seguro_de_decesos_Montepio_en_Malaga\" >Seguro de decesos Montepio en M\u00e1laga<\/a><\/li><li class='ez-toc-page-1 ez-toc-heading-level-2'><a class=\"ez-toc-link ez-toc-heading-2\" href=\"https:\/\/idecesos.com\/seguros\/companias\/montepio\/malaga\/#Mapa_de_sucursales_de_seguros_Montepio_en_Malaga\" >Mapa de sucursales de seguros Montepio en M\u00e1laga<\/a><\/li><li class='ez-toc-page-1 ez-toc-heading-level-2'><a class=\"ez-toc-link ez-toc-heading-3\" href=\"https:\/\/idecesos.com\/seguros\/companias\/montepio\/malaga\/#Listado_de_oficinas_Montepio_en_Malaga\" >Listado de oficinas Montepio en M\u00e1laga<\/a><\/li><li class='ez-toc-page-1 ez-toc-heading-level-2'><a class=\"ez-toc-link ez-toc-heading-4\" href=\"https:\/\/idecesos.com\/seguros\/companias\/montepio\/malaga\/#Agencias_de_seguros_de_decesos_en_Malaga\" >Agencias de seguros de decesos en M\u00e1laga<\/a><ul class='ez-toc-list-level-3' ><li class='ez-toc-heading-level-3'><a class=\"ez-toc-link ez-toc-heading-5\" href=\"https:\/\/idecesos.com\/seguros\/companias\/montepio\/malaga\/#Listado_de_oficinas_Montepio_en_Espana\" >Listado de oficinas Montepio en Espa\u00f1a<\/a><\/li><\/ul><\/li><\/ul><\/nav><\/div>\n<p><br \/>\n<a href=\"https:\/\/idecesos.com\/seguros\/companias\/montepio\/\"><img decoding=\"async\" class=\" alignleft\" src=\"https:\/\/idecesos.com\/seguros\/wp-content\/uploads\/2021\/11\/montepio-logo.png\" alt=\"Seguro de decesos Montepio\" width=\"336\" height=\"103\" \/><\/a>\u00bfSab\u00edas que M\u00e1laga tiene a predisposici\u00f3n diferentes delegaciones de Montepio? En cual ser\u00e1 atendido por una persona con una trayectoria importante para darle el mejor servicio. Quedando respaldado en todo momento, donde solucionar\u00e1n sus problemas al respecto. Atendiendo a tus carencias para la administraci\u00f3n del mismo, tambi\u00e9n cuentas que al estar en una oficina es m\u00e1s eficaz que a la distancia. Resulta que es preciso poder contar con una oficina f\u00edsica de empresas de seguros de decesos. <\/p>\n<p>\u00bfSabes que puede haber a tu alrededor m\u00e1s de 1. 000 aseguradoras?Conocer las diferentes sucursales que se encuentran ubicados en cada M\u00e1laga nos da seguridad de que nos solucionen el fallo que pueda acontecer al instante y de forma responsable, cuando se necesite. Cada trayectoria tiene una senda seg\u00fan las caracterices que deseemos proseguir o bien buscamos, por esta raz\u00f3n encuentra tu oficina referente de Montepio en M\u00e1laga d\u00e1ndote la cobertura que te mereces. <\/p>\n<p>Visita nuestra p\u00e1gina de <a href=\"https:\/\/idecesos.com\/seguros\/companias\/montepio\/\">seguros de decesos Montepio<\/a> para m\u00e1s informaci\u00f3n.<\/p>\n<div class=\"colorf \"  ><div class=\"container clearfix\"><div class=\"col-md-7\">\n<h2><span class=\"ez-toc-section\" id=\"Seguro_de_decesos_Montepio_en_Malaga\"><\/span>Seguro de decesos Montepio en M\u00e1laga<span class=\"ez-toc-section-end\"><\/span><\/h2>\n<p>Sobresalimos como aseguradora del a\u00f1o al prestar un buen servicio eficiente y eficiente, contando en todo instante con nuestras oficinas en todos y cada M\u00e1laga. Te obsequiamos conocer tu presupuesto de forma sin coste. \u00bfPerder\u00e1s la oportunidad de tener tu presupuesto sin costo? siendo una de nuestros regalos, no debes perder esa gran ocasi\u00f3n. Eludiendo cualquier administraci\u00f3n administrativa para conseguirlo. <\/p>\n<p><strong>Ver m\u00e1s:<\/strong> <a href=\"https:\/\/idecesos.com\/seguros\/ciudades\/malaga\/\">Seguros de decesos en M\u00e1laga<\/a><\/p>\n<p>Para ello, ahora te facilitamos un formulario a fin de que puedas recibir toda la informaci\u00f3n necesaria y oportuna, como solicitar cita presencial para poder asistir a sus oficinas m\u00e1s <strong>pr\u00f3ximas de Montepio en M\u00e1laga<\/strong>. Libre de percibir publicidad o que no sea relacionado con lo que se haya solicitado. Merced al formulario que hemos querido facilitarle conseguir\u00e1 de manera f\u00e1cil su cita presencial, como la informaci\u00f3n filtrada de la que vaya a precisar. Contando en todo momento con la protecci\u00f3n m\u00e1s seguro, sobr\u00e9 sus datos. <\/p>\n<p><\/div><\/div><\/div>\n\t\t<hr class=\"separador\">\n\t\t<div class=\"bloque-accion\">\n\t\t<p class=\"txt-accion\">Calcula el precio de tu seguro de decesos en menos de 1 minuto<\/p>\n\t\t<a class=\"btn-accion\" href=\"https:\/\/idecesos.com\/\">CALCULAR<\/a>\n\t\t<\/div>\n\t\t<hr class=\"separador\">\n\t\t<\/p>\n<h2><span class=\"ez-toc-section\" id=\"Mapa_de_sucursales_de_seguros_Montepio_en_Malaga\"><\/span>Mapa de sucursales de seguros Montepio en M\u00e1laga<span class=\"ez-toc-section-end\"><\/span><\/h2>\n<p>Localizador de oficinas de Montepio en M\u00e1laga nos da la gran oportunidad de conocer donde podemos saber exactamente en qu\u00e9 sitios se hallan, tambi\u00e9n es esencial contar con un mapa por M\u00e1laga de las oficinas de Montepio te aseguramos que tengas la informaci\u00f3n que se ajuste a ti en todo momento. Es tan segura como fiable, aport\u00e1ndote informaci\u00f3n de cada uno de ellos de ellas. \u00a0<\/p>\n<p><iframe class=\"page-generator-pro-map\" width=\"100%\" height=\"400\" frameborder=\"0\" style=\"border:0\" src=\"https:\/\/www.google.com\/maps\/embed\/v1\/place?q=Calle+Ayala%2C+23%2C+29002+M%C3%A1laga&#038;zoom=14&#038;maptype=roadmap&#038;key=AIzaSyCNTEOso0tZG6YMSJFoaJEY5Th1stEWrJI\" allowfullscreen><\/iframe><\/p>\n<div class=\"colorf\"><div class=\"container clearfix\"><div class=\"col-md-7\"><div class=\"empresas\">\n<h2><span class=\"ez-toc-section\" id=\"Listado_de_oficinas_Montepio_en_Malaga\"><\/span>Listado de oficinas Montepio en M\u00e1laga<span class=\"ez-toc-section-end\"><\/span><\/h2>\n<ul>\n<li><strong>Compa\u00f1\u00eda de seguros M\u00e1laga:<\/strong> 29002<\/li>\n<\/ul>\n<\/div><\/div><\/div><\/div>\n<h2><span class=\"ez-toc-section\" id=\"Agencias_de_seguros_de_decesos_en_Malaga\"><\/span>Agencias de seguros de decesos en M\u00e1laga<span class=\"ez-toc-section-end\"><\/span><\/h2>\n<p>Garantizamos nuestros mejores servicios de calidad en todos y cada segundo. Te asistimos a que tengas claro las diferentes opciones de empresas aseguradoras de <strong>defunci\u00f3n a tus manos en todos y cada M\u00e1laga<\/strong> con solo dirigirte a nuestro enlace vas a tener todo cuanto est\u00e1s buscando y solventado tus cuestiones. <\/p>\n<!-- Shortcode [montepio] does not exist -->\n<div class=\"colorf\"><div class=\"container clearfix\"><div class=\"col-md-7\"><div class=\"empresas\">\n<h3><span class=\"ez-toc-section\" id=\"Listado_de_oficinas_Montepio_en_Espana\"><\/span>Listado de oficinas Montepio en Espa\u00f1a<span class=\"ez-toc-section-end\"><\/span><\/h3>\n<div class=\"enlazado\"><ul><li><a href=\"https:\/\/idecesos.com\/seguros\/companias\/montepio\/telefono\/\"><span>Atenci\u00f3n al cliente Montepio: telefono gratuito, e-mail<\/span><\/a><\/li><li><a href=\"https:\/\/idecesos.com\/seguros\/companias\/montepio\/alicante\/\"><span>Oficinas seguros de decesos Montepio en Alicante<\/span><\/a><\/li><li><a href=\"https:\/\/idecesos.com\/seguros\/companias\/montepio\/almeria\/\"><span>Oficinas seguros de decesos Montepio en Almer\u00eda<\/span><\/a><\/li><li><a href=\"https:\/\/idecesos.com\/seguros\/companias\/montepio\/barcelona\/\"><span>Oficinas seguros de decesos Montepio en Barcelona<\/span><\/a><\/li><li><a href=\"https:\/\/idecesos.com\/seguros\/companias\/montepio\/cadiz\/\"><span>Oficinas seguros de decesos Montepio en C\u00e1diz<\/span><\/a><\/li><li><a href=\"https:\/\/idecesos.com\/seguros\/companias\/montepio\/cordoba\/\"><span>Oficinas seguros de decesos Montepio en C\u00f3rdoba<\/span><\/a><\/li><li><a href=\"https:\/\/idecesos.com\/seguros\/companias\/montepio\/gerona\/\"><span>Oficinas seguros de decesos Montepio en Gerona<\/span><\/a><\/li><li><a href=\"https:\/\/idecesos.com\/seguros\/companias\/montepio\/granada\/\"><span>Oficinas seguros de decesos Montepio en Granada<\/span><\/a><\/li><li><a href=\"https:\/\/idecesos.com\/seguros\/companias\/montepio\/jaen\/\"><span>Oficinas seguros de decesos Montepio en Ja\u00e9n<\/span><\/a><\/li><li><a href=\"https:\/\/idecesos.com\/seguros\/companias\/montepio\/la-rioja\/\"><span>Oficinas seguros de decesos Montepio en La Rioja<\/span><\/a><\/li><li><a href=\"https:\/\/idecesos.com\/seguros\/companias\/montepio\/sevilla\/\"><span>Oficinas seguros de decesos Montepio en Sevilla<\/span><\/a><\/li><li><a href=\"https:\/\/idecesos.com\/seguros\/companias\/montepio\/prima-mixta\/\"><span>Seguro de decesos Montepio Prima Mixta<\/span><\/a><\/li><li><a href=\"https:\/\/idecesos.com\/seguros\/companias\/montepio\/prima-nivelada\/\"><span>Seguro de decesos Montepio Prima Nivelada<\/span><\/a><\/li><li><a href=\"https:\/\/idecesos.com\/seguros\/companias\/montepio\/prima-unica\/\"><span>Seguro de decesos Montepio Prima \u00danica<\/span><\/a><\/li><li><a href=\"https:\/\/idecesos.com\/seguros\/companias\/montepio\/precio\/\"><span>\u00bfCu\u00e1nto cuesta el seguro de decesos Montepio?<\/span><\/a><\/li><li><a href=\"https:\/\/idecesos.com\/seguros\/companias\/montepio\/dar-de-baja\/\"><span>\u00bfC\u00f3mo dar de baja seguro Montepio?<\/span><\/a><\/li><\/ul><\/div>\n<div><\/div><\/div><\/div><\/div><\/div>\n","protected":false},"excerpt":{"rendered":"<p>\u00bfSab\u00edas que M\u00e1laga tiene a predisposici\u00f3n diferentes delegaciones de Montepio? En cual ser\u00e1 atendido por una persona con una trayectoria importante para darle el mejor servicio. Quedando respaldado en todo momento, donde solucionar\u00e1n sus problemas al respecto. Atendiendo a tus carencias para la administraci\u00f3n del mismo, tambi\u00e9n cuentas que al estar en una oficina es&hellip; <\/p>\n","protected":false},"author":0,"featured_media":0,"parent":754,"menu_order":0,"comment_status":"closed","ping_status":"closed","template":"page-templates\/companies.php","meta":{"footnotes":""},"class_list":["post-14149","page","type-page","status-publish","hentry"],"yoast_head":"<!-- This site is optimized with the Yoast SEO plugin v27.5 - https:\/\/yoast.com\/product\/yoast-seo-wordpress\/ -->\n<title>Oficinas Montepio en M\u00e1laga \u25b7Tel\u00e9fonos, Horarios, Direcci\u00f3n<\/title>\n<meta name=\"description\" content=\"Lista completa de Oficinas Montepio en M\u00e1laga Horarios, \u2706 tel\u00e9fonos y direcciones actualizados en 2026 \u2611\ufe0f Verificado por iDecesos.\" \/>\n<meta name=\"robots\" content=\"index, follow, max-snippet:-1, max-image-preview:large, max-video-preview:-1\" \/>\n<link rel=\"canonical\" href=\"https:\/\/idecesos.com\/seguros\/companias\/montepio\/malaga\/\" \/>\n<meta property=\"og:locale\" content=\"es_ES\" \/>\n<meta property=\"og:type\" content=\"article\" \/>\n<meta property=\"og:title\" content=\"Oficinas Montepio en M\u00e1laga \u25b7Tel\u00e9fonos, Horarios, Direcci\u00f3n\" \/>\n<meta property=\"og:description\" content=\"Lista completa de Oficinas Montepio en M\u00e1laga Horarios, \u2706 tel\u00e9fonos y direcciones actualizados en 2026 \u2611\ufe0f Verificado por iDecesos.\" \/>\n<meta property=\"og:url\" content=\"https:\/\/idecesos.com\/seguros\/companias\/montepio\/malaga\/\" \/>\n<meta property=\"og:image\" content=\"https:\/\/idecesos.com\/seguros\/wp-content\/uploads\/2021\/11\/montepio-logo.png\" \/>\n<meta name=\"twitter:card\" content=\"summary_large_image\" \/>\n<meta name=\"twitter:label1\" content=\"Tiempo de lectura\" \/>\n\t<meta name=\"twitter:data1\" content=\"39 minutos\" \/>\n<script type=\"application\/ld+json\" class=\"yoast-schema-graph\">{\"@context\":\"https:\\\/\\\/schema.org\",\"@graph\":[{\"@type\":\"WebPage\",\"@id\":\"https:\\\/\\\/idecesos.com\\\/seguros\\\/companias\\\/montepio\\\/malaga\\\/\",\"url\":\"https:\\\/\\\/idecesos.com\\\/seguros\\\/companias\\\/montepio\\\/malaga\\\/\",\"name\":\"Oficinas Montepio en M\u00e1laga \u25b7Tel\u00e9fonos, Horarios, Direcci\u00f3n\",\"isPartOf\":{\"@id\":\"https:\\\/\\\/idecesos.com\\\/seguros\\\/#website\"},\"primaryImageOfPage\":{\"@id\":\"https:\\\/\\\/idecesos.com\\\/seguros\\\/companias\\\/montepio\\\/malaga\\\/#primaryimage\"},\"image\":{\"@id\":\"https:\\\/\\\/idecesos.com\\\/seguros\\\/companias\\\/montepio\\\/malaga\\\/#primaryimage\"},\"thumbnailUrl\":\"https:\\\/\\\/idecesos.com\\\/seguros\\\/wp-content\\\/uploads\\\/2021\\\/11\\\/montepio-logo.png\",\"datePublished\":\"2021-11-12T08:42:37+00:00\",\"description\":\"Lista completa de Oficinas Montepio en M\u00e1laga Horarios, \u2706 tel\u00e9fonos y direcciones actualizados en 2026 \u2611\ufe0f Verificado por iDecesos.\",\"breadcrumb\":{\"@id\":\"https:\\\/\\\/idecesos.com\\\/seguros\\\/companias\\\/montepio\\\/malaga\\\/#breadcrumb\"},\"inLanguage\":\"es\",\"potentialAction\":[{\"@type\":\"ReadAction\",\"target\":[\"https:\\\/\\\/idecesos.com\\\/seguros\\\/companias\\\/montepio\\\/malaga\\\/\"]}]},{\"@type\":\"ImageObject\",\"inLanguage\":\"es\",\"@id\":\"https:\\\/\\\/idecesos.com\\\/seguros\\\/companias\\\/montepio\\\/malaga\\\/#primaryimage\",\"url\":\"https:\\\/\\\/idecesos.com\\\/seguros\\\/wp-content\\\/uploads\\\/2021\\\/11\\\/montepio-logo.png\",\"contentUrl\":\"https:\\\/\\\/idecesos.com\\\/seguros\\\/wp-content\\\/uploads\\\/2021\\\/11\\\/montepio-logo.png\",\"width\":124,\"height\":71},{\"@type\":\"BreadcrumbList\",\"@id\":\"https:\\\/\\\/idecesos.com\\\/seguros\\\/companias\\\/montepio\\\/malaga\\\/#breadcrumb\",\"itemListElement\":[{\"@type\":\"ListItem\",\"position\":1,\"name\":\"Portada\",\"item\":\"https:\\\/\\\/idecesos.com\\\/seguros\\\/\"},{\"@type\":\"ListItem\",\"position\":2,\"name\":\"Compa\u00f1\u00edas de Seguros de Decesos en Espa\u00f1a\",\"item\":\"https:\\\/\\\/idecesos.com\\\/seguros\\\/companias\\\/\"},{\"@type\":\"ListItem\",\"position\":3,\"name\":\"Seguro de Decesos Montepio\",\"item\":\"https:\\\/\\\/idecesos.com\\\/seguros\\\/companias\\\/montepio\\\/\"},{\"@type\":\"ListItem\",\"position\":4,\"name\":\"Oficinas seguros de decesos Montepio en M\u00e1laga\"}]},{\"@type\":\"WebSite\",\"@id\":\"https:\\\/\\\/idecesos.com\\\/seguros\\\/#website\",\"url\":\"https:\\\/\\\/idecesos.com\\\/seguros\\\/\",\"name\":\"\",\"description\":\"\",\"potentialAction\":[{\"@type\":\"SearchAction\",\"target\":{\"@type\":\"EntryPoint\",\"urlTemplate\":\"https:\\\/\\\/idecesos.com\\\/seguros\\\/?s={search_term_string}\"},\"query-input\":{\"@type\":\"PropertyValueSpecification\",\"valueRequired\":true,\"valueName\":\"search_term_string\"}}],\"inLanguage\":\"es\"}]}<\/script>\n<!-- \/ Yoast SEO plugin. -->","yoast_head_json":{"title":"Oficinas Montepio en M\u00e1laga \u25b7Tel\u00e9fonos, Horarios, Direcci\u00f3n","description":"Lista completa de Oficinas Montepio en M\u00e1laga Horarios, \u2706 tel\u00e9fonos y direcciones actualizados en 2026 \u2611\ufe0f Verificado por iDecesos.","robots":{"index":"index","follow":"follow","max-snippet":"max-snippet:-1","max-image-preview":"max-image-preview:large","max-video-preview":"max-video-preview:-1"},"canonical":"https:\/\/idecesos.com\/seguros\/companias\/montepio\/malaga\/","og_locale":"es_ES","og_type":"article","og_title":"Oficinas Montepio en M\u00e1laga \u25b7Tel\u00e9fonos, Horarios, Direcci\u00f3n","og_description":"Lista completa de Oficinas Montepio en M\u00e1laga Horarios, \u2706 tel\u00e9fonos y direcciones actualizados en 2026 \u2611\ufe0f Verificado por iDecesos.","og_url":"https:\/\/idecesos.com\/seguros\/companias\/montepio\/malaga\/","og_image":[{"url":"https:\/\/idecesos.com\/seguros\/wp-content\/uploads\/2021\/11\/montepio-logo.png","type":"","width":"","height":""}],"twitter_card":"summary_large_image","twitter_misc":{"Tiempo de lectura":"39 minutos"},"schema":{"@context":"https:\/\/schema.org","@graph":[{"@type":"WebPage","@id":"https:\/\/idecesos.com\/seguros\/companias\/montepio\/malaga\/","url":"https:\/\/idecesos.com\/seguros\/companias\/montepio\/malaga\/","name":"Oficinas Montepio en M\u00e1laga \u25b7Tel\u00e9fonos, Horarios, Direcci\u00f3n","isPartOf":{"@id":"https:\/\/idecesos.com\/seguros\/#website"},"primaryImageOfPage":{"@id":"https:\/\/idecesos.com\/seguros\/companias\/montepio\/malaga\/#primaryimage"},"image":{"@id":"https:\/\/idecesos.com\/seguros\/companias\/montepio\/malaga\/#primaryimage"},"thumbnailUrl":"https:\/\/idecesos.com\/seguros\/wp-content\/uploads\/2021\/11\/montepio-logo.png","datePublished":"2021-11-12T08:42:37+00:00","description":"Lista completa de Oficinas Montepio en M\u00e1laga Horarios, \u2706 tel\u00e9fonos y direcciones actualizados en 2026 \u2611\ufe0f Verificado por iDecesos.","breadcrumb":{"@id":"https:\/\/idecesos.com\/seguros\/companias\/montepio\/malaga\/#breadcrumb"},"inLanguage":"es","potentialAction":[{"@type":"ReadAction","target":["https:\/\/idecesos.com\/seguros\/companias\/montepio\/malaga\/"]}]},{"@type":"ImageObject","inLanguage":"es","@id":"https:\/\/idecesos.com\/seguros\/companias\/montepio\/malaga\/#primaryimage","url":"https:\/\/idecesos.com\/seguros\/wp-content\/uploads\/2021\/11\/montepio-logo.png","contentUrl":"https:\/\/idecesos.com\/seguros\/wp-content\/uploads\/2021\/11\/montepio-logo.png","width":124,"height":71},{"@type":"BreadcrumbList","@id":"https:\/\/idecesos.com\/seguros\/companias\/montepio\/malaga\/#breadcrumb","itemListElement":[{"@type":"ListItem","position":1,"name":"Portada","item":"https:\/\/idecesos.com\/seguros\/"},{"@type":"ListItem","position":2,"name":"Compa\u00f1\u00edas de Seguros de Decesos en Espa\u00f1a","item":"https:\/\/idecesos.com\/seguros\/companias\/"},{"@type":"ListItem","position":3,"name":"Seguro de Decesos Montepio","item":"https:\/\/idecesos.com\/seguros\/companias\/montepio\/"},{"@type":"ListItem","position":4,"name":"Oficinas seguros de decesos Montepio en M\u00e1laga"}]},{"@type":"WebSite","@id":"https:\/\/idecesos.com\/seguros\/#website","url":"https:\/\/idecesos.com\/seguros\/","name":"","description":"","potentialAction":[{"@type":"SearchAction","target":{"@type":"EntryPoint","urlTemplate":"https:\/\/idecesos.com\/seguros\/?s={search_term_string}"},"query-input":{"@type":"PropertyValueSpecification","valueRequired":true,"valueName":"search_term_string"}}],"inLanguage":"es"}]}},"_links":{"self":[{"href":"https:\/\/idecesos.com\/seguros\/wp-json\/wp\/v2\/pages\/14149","targetHints":{"allow":["GET"]}}],"collection":[{"href":"https:\/\/idecesos.com\/seguros\/wp-json\/wp\/v2\/pages"}],"about":[{"href":"https:\/\/idecesos.com\/seguros\/wp-json\/wp\/v2\/types\/page"}],"replies":[{"embeddable":true,"href":"https:\/\/idecesos.com\/seguros\/wp-json\/wp\/v2\/comments?post=14149"}],"version-history":[{"count":0,"href":"https:\/\/idecesos.com\/seguros\/wp-json\/wp\/v2\/pages\/14149\/revisions"}],"up":[{"embeddable":true,"href":"https:\/\/idecesos.com\/seguros\/wp-json\/wp\/v2\/pages\/754"}],"wp:attachment":[{"href":"https:\/\/idecesos.com\/seguros\/wp-json\/wp\/v2\/media?parent=14149"}],"curies":[{"name":"wp","href":"https:\/\/api.w.org\/{rel}","templated":true}]}}