{"id":14225,"date":"2021-11-14T16:09:21","date_gmt":"2021-11-14T16:09:21","guid":{"rendered":"https:\/\/idecesos.com\/seguros\/companias\/nortehispana\/burgos\/"},"modified":"2021-11-14T16:09:21","modified_gmt":"2021-11-14T16:09:21","slug":"burgos","status":"publish","type":"page","link":"https:\/\/idecesos.com\/seguros\/companias\/nortehispana\/burgos\/","title":{"rendered":"Oficinas seguros de decesos Nortehipana en Burgos"},"content":{"rendered":"<div id=\"ez-toc-container\" class=\"ez-toc-v2_0_82_2 ez-toc-wrap-center counter-hierarchy ez-toc-counter ez-toc-custom ez-toc-container-direction\">\n<div class=\"ez-toc-title-container\">\n<p class=\"ez-toc-title\" style=\"cursor:inherit\">Tabla de Contenido<\/p>\n<span class=\"ez-toc-title-toggle\"><a href=\"#\" class=\"ez-toc-pull-right ez-toc-btn ez-toc-btn-xs ez-toc-btn-default ez-toc-toggle\" aria-label=\"Alternar tabla de contenidos\"><span class=\"ez-toc-js-icon-con\"><span class=\"\"><span class=\"eztoc-hide\" style=\"display:none;\">Toggle<\/span><span class=\"ez-toc-icon-toggle-span\"><svg style=\"fill: #db6415;color:#db6415\" xmlns=\"http:\/\/www.w3.org\/2000\/svg\" class=\"list-377408\" width=\"20px\" height=\"20px\" viewBox=\"0 0 24 24\" fill=\"none\"><path d=\"M6 6H4v2h2V6zm14 0H8v2h12V6zM4 11h2v2H4v-2zm16 0H8v2h12v-2zM4 16h2v2H4v-2zm16 0H8v2h12v-2z\" fill=\"currentColor\"><\/path><\/svg><svg style=\"fill: #db6415;color:#db6415\" class=\"arrow-unsorted-368013\" xmlns=\"http:\/\/www.w3.org\/2000\/svg\" width=\"10px\" height=\"10px\" viewBox=\"0 0 24 24\" version=\"1.2\" baseProfile=\"tiny\"><path d=\"M18.2 9.3l-6.2-6.3-6.2 6.3c-.2.2-.3.4-.3.7s.1.5.3.7c.2.2.4.3.7.3h11c.3 0 .5-.1.7-.3.2-.2.3-.5.3-.7s-.1-.5-.3-.7zM5.8 14.7l6.2 6.3 6.2-6.3c.2-.2.3-.5.3-.7s-.1-.5-.3-.7c-.2-.2-.4-.3-.7-.3h-11c-.3 0-.5.1-.7.3-.2.2-.3.5-.3.7s.1.5.3.7z\"\/><\/svg><\/span><\/span><\/span><\/a><\/span><\/div>\n<nav><ul class='ez-toc-list ez-toc-list-level-1 ' ><li class='ez-toc-page-1 ez-toc-heading-level-2'><a class=\"ez-toc-link ez-toc-heading-1\" href=\"https:\/\/idecesos.com\/seguros\/companias\/nortehispana\/burgos\/#Seguro_de_decesos_Nortehipana_en_Burgos\" >Seguro de decesos Nortehipana en Burgos<\/a><\/li><li class='ez-toc-page-1 ez-toc-heading-level-2'><a class=\"ez-toc-link ez-toc-heading-2\" href=\"https:\/\/idecesos.com\/seguros\/companias\/nortehispana\/burgos\/#Mapa_de_agencias_de_seguros_Nortehipana_en_Burgos\" >Mapa de agencias de seguros Nortehipana en Burgos<\/a><\/li><li class='ez-toc-page-1 ez-toc-heading-level-2'><a class=\"ez-toc-link ez-toc-heading-3\" href=\"https:\/\/idecesos.com\/seguros\/companias\/nortehispana\/burgos\/#Listado_de_sucursales_Nortehipana_en_Burgos\" >Listado de sucursales Nortehipana en Burgos<\/a><\/li><li class='ez-toc-page-1 ez-toc-heading-level-2'><a class=\"ez-toc-link ez-toc-heading-4\" href=\"https:\/\/idecesos.com\/seguros\/companias\/nortehispana\/burgos\/#Sucursales_de_seguros_de_decesos_en_Burgos\" >Sucursales de seguros de decesos en Burgos<\/a><ul class='ez-toc-list-level-3' ><li class='ez-toc-heading-level-3'><a class=\"ez-toc-link ez-toc-heading-5\" href=\"https:\/\/idecesos.com\/seguros\/companias\/nortehispana\/burgos\/#Listado_de_sucursales_Nortehipana_en_Espana\" >Listado de sucursales Nortehipana en Espa\u00f1a<\/a><\/li><\/ul><\/li><\/ul><\/nav><\/div>\n<p><br \/>\n<a href=\"https:\/\/idecesos.com\/seguros\/companias\/nortehispana\/\"><img decoding=\"async\" class=\" alignleft\" src=\"https:\/\/idecesos.com\/seguros\/wp-content\/uploads\/2021\/11\/nortehipana_logo.png\" alt=\"Seguro de decesos Nortehipana\" width=\"336\" height=\"103\" \/><\/a>La ciudad de Burgos cuenta con diferentes<strong> sucursales de Nortehipana donde le van a dar la atenci\u00f3n que necesite,<\/strong> siempre y en todo momento de la mano de excelentes profesionales en el campo. Para solucionar todos sus problemas relacionados y lo gestionen de una manera m\u00e1s eficiente. Teniendo presente que cada una tiene un horario pertinente. Solucionar de una manera m\u00e1s veloz los inconvenientes es siempre y en toda circunstancia acudiendo presencialmente a oficina, puesto que a la distancia es m\u00e1s dif\u00edcil solventar el inconveniente. Tan preciso como importante es poder tener cerca delegaciones de decesos. <\/p>\n<p>Resulta complicado conocer exactamente en qu\u00e9 sitio se halla ciertas oficinas de Nortehipana en Burgos hemos querido facilitarte eso, donde te ayudasen a gestionar todos y cada uno de los erros que han pasado o bien evitando que sucedan, de forma m\u00e1s r\u00e1pida, evitando cualquier problema con tu empresa aseguradora. Cuando se requiere de este servicio tan cerca el desarrollo de cada empresa es asesarte en el proceso de la perdida de un familiar, acudiendo a tu oficina m\u00e1s cerca jam\u00e1s tendr\u00e1s inconvenientes cuando se gestione alg\u00fan tramite sobre la p\u00f3liza. \u00a0<\/p>\n<p>Visita nuestra p\u00e1gina de <a href=\"https:\/\/idecesos.com\/seguros\/companias\/nortehispana\/\">seguros de decesos Nortehipana<\/a> para m\u00e1s informaci\u00f3n.<\/p>\n<div class=\"colorf \"  ><div class=\"container clearfix\"><div class=\"col-md-7\">\n<h2><span class=\"ez-toc-section\" id=\"Seguro_de_decesos_Nortehipana_en_Burgos\"><\/span>Seguro de decesos Nortehipana en Burgos<span class=\"ez-toc-section-end\"><\/span><\/h2>\n<p>Prevenir los errores que puedan causar o surgir a lo largo de la gesti\u00f3n documentaria. Te damos esa tranquilidad de que nunca va a suceder. Adapt\u00e1ndose a ti y a tus necesidades o bien circunstancias.\u00bfPara qui\u00e9n est\u00e1 dirigido el servicio de oficinas de Nortehipana en Burgos? para todas y cada una de las personas que precisen gestionar de una manera m\u00e1s eficiente y r\u00e1pida, las gestiones oportunas. Quedando asegurado en todo instante la solvencia al error cometido, con una administraci\u00f3n inmediata. <\/p>\n<p><strong>Ver m\u00e1s:<\/strong> <a href=\"https:\/\/idecesos.com\/seguros\/ciudades\/burgos\/\">Seguros de decesos en Burgos<\/a><\/p>\n<p>Nos hemos propuesto atender todos tus inconvenientes y queden solventados, por ello hemos tra\u00eddo este formulario donde vas a tener paso a tu presupuesto adaptado a ti. Es una enorme aportaci\u00f3n a la hora de comprender lo que vas a liquidar en todo momento, quedando resuelto las dudas. En todo instante veras los pagos que realizases en los pr\u00f3ximos meses, y de este modo evitaras cualquier fallo. Sin precisar abonar nada, tan simple. haz clic en presupuesto y obt\u00e9n el tuyo sin necesidades de registros. No solo deseamos darte calma, deseamos que recibas toda la informaci\u00f3n correcta y aut\u00e9ntica. <\/p>\n<p><\/div><\/div><\/div>\n\t\t<hr class=\"separador\">\n\t\t<div class=\"bloque-accion\">\n\t\t<p class=\"txt-accion\">Calcula el precio de tu seguro de decesos en menos de 1 minuto<\/p>\n\t\t<a class=\"btn-accion\" href=\"https:\/\/idecesos.com\/\">CALCULAR<\/a>\n\t\t<\/div>\n\t\t<hr class=\"separador\">\n\t\t<\/p>\n<h2><span class=\"ez-toc-section\" id=\"Mapa_de_agencias_de_seguros_Nortehipana_en_Burgos\"><\/span>Mapa de agencias de seguros Nortehipana en Burgos<span class=\"ez-toc-section-end\"><\/span><\/h2>\n<p>Con nuestro localizador de sucursales de Nortehipana en Burgos junto con el mapa por Nortehipana en Burgos te resultara m\u00e1s eficaz y mucho m\u00e1s r\u00e1pido. Tramit\u00e1ndolo de manera que lo tengas a tu alcance. Con esto se ahorra tiempo y trabajo tener que buscarlo, nosotros te ahorramos ese tiempo, ya que el tiempo es lo \u00fanico que se marcha y no vuelve. Vas a poder regentar las horas de una forma m\u00e1s productiva. El localizador te resolver\u00e1 la mayor\u00eda de tus problemas en el momento de buscar. <\/p>\n<p><iframe class=\"page-generator-pro-map\" width=\"100%\" height=\"400\" frameborder=\"0\" style=\"border:0\" src=\"https:\/\/www.google.com\/maps\/embed\/v1\/place?q=Burgos%2C+Espa%C3%B1a&#038;zoom=14&#038;maptype=roadmap&#038;key=AIzaSyCNTEOso0tZG6YMSJFoaJEY5Th1stEWrJI\" allowfullscreen><\/iframe><\/p>\n<div class=\"colorf\"><div class=\"container clearfix\"><div class=\"col-md-7\"><div class=\"empresas\">\n<h2><span class=\"ez-toc-section\" id=\"Listado_de_sucursales_Nortehipana_en_Burgos\"><\/span>Listado de sucursales Nortehipana en Burgos<span class=\"ez-toc-section-end\"><\/span><\/h2>\n<ul>\n<li><strong>Compa\u00f1\u00eda de seguros Espa\u00f1a:<\/strong> 09005<\/li>\n<li><strong>Compa\u00f1\u00eda de seguros Espa\u00f1a:<\/strong> 09005<\/li>\n<\/ul>\n<\/div><\/div><\/div><\/div>\n<h2><span class=\"ez-toc-section\" id=\"Sucursales_de_seguros_de_decesos_en_Burgos\"><\/span>Sucursales de seguros de decesos en Burgos<span class=\"ez-toc-section-end\"><\/span><\/h2>\n<p>\u00bfDeseas conocer el cat\u00e1logo de seguros de decesos en Burgos? te lo damos de forma gratis y simple evit\u00e1ndote todas y cada una dificultades que puedas llegar a tener. Adem\u00e1s de todo los beneficios que te regalos, vas a tener los datos oportunos de cada uno de ellos. Resuelve todas tus cuestiones con solo presionar un bot\u00f3n, tendr\u00e1s todo cuanto precisas. Te lo hemos puesto tan sencillo, que nunca dudases de nuestro trabajo. <\/p>\n<!-- Shortcode [nortehispana] does not exist -->\n<div class=\"colorf\"><div class=\"container clearfix\"><div class=\"col-md-7\"><div class=\"empresas\">\n<h3><span class=\"ez-toc-section\" id=\"Listado_de_sucursales_Nortehipana_en_Espana\"><\/span>Listado de sucursales Nortehipana en Espa\u00f1a<span class=\"ez-toc-section-end\"><\/span><\/h3>\n<div class=\"enlazado\"><ul><li><a href=\"https:\/\/idecesos.com\/seguros\/companias\/nortehispana\/albacete\/\"><span>Oficinas seguros de decesos Nortehipana en Albacete<\/span><\/a><\/li><li><a href=\"https:\/\/idecesos.com\/seguros\/companias\/nortehispana\/baleares\/\"><span>Oficinas seguros de decesos Nortehipana en Baleares<\/span><\/a><\/li><li><a href=\"https:\/\/idecesos.com\/seguros\/companias\/nortehispana\/barcelona\/\"><span>Oficinas seguros de decesos Nortehipana en Barcelona<\/span><\/a><\/li><li><a href=\"https:\/\/idecesos.com\/seguros\/companias\/nortehispana\/ciudad-real\/\"><span>Oficinas seguros de decesos Nortehipana en Ciudad Real<\/span><\/a><\/li><li><a href=\"https:\/\/idecesos.com\/seguros\/companias\/nortehispana\/guadalajara\/\"><span>Oficinas seguros de decesos Nortehipana en Guadalajara<\/span><\/a><\/li><li><a href=\"https:\/\/idecesos.com\/seguros\/companias\/nortehispana\/jaen\/\"><span>Oficinas seguros de decesos Nortehipana en Ja\u00e9n<\/span><\/a><\/li><li><a href=\"https:\/\/idecesos.com\/seguros\/companias\/nortehispana\/leon\/\"><span>Oficinas seguros de decesos Nortehipana en Le\u00f3n<\/span><\/a><\/li><li><a href=\"https:\/\/idecesos.com\/seguros\/companias\/nortehispana\/lugo\/\"><span>Oficinas seguros de decesos Nortehipana en Lugo<\/span><\/a><\/li><li><a href=\"https:\/\/idecesos.com\/seguros\/companias\/nortehispana\/salamanca\/\"><span>Oficinas seguros de decesos Nortehipana en Salamanca<\/span><\/a><\/li><li><a href=\"https:\/\/idecesos.com\/seguros\/companias\/nortehispana\/sevilla\/\"><span>Oficinas seguros de decesos Nortehipana en Sevilla<\/span><\/a><\/li><li><a href=\"https:\/\/idecesos.com\/seguros\/companias\/nortehispana\/toledo\/\"><span>Oficinas seguros de decesos Nortehipana en Toledo<\/span><\/a><\/li><li><a href=\"https:\/\/idecesos.com\/seguros\/companias\/nortehispana\/vizcaya\/\"><span>Oficinas seguros de decesos Nortehipana en Vizcaya<\/span><\/a><\/li><li><a href=\"https:\/\/idecesos.com\/seguros\/companias\/nortehispana\/zaragoza\/\"><span>Oficinas seguros de decesos Nortehipana en Zaragoza<\/span><\/a><\/li><li><a href=\"https:\/\/idecesos.com\/seguros\/companias\/nortehispana\/opiniones\/\"><span>Opiniones Seguro de Decesos NorteHispana<\/span><\/a><\/li><li><a href=\"https:\/\/idecesos.com\/seguros\/companias\/nortehispana\/prima-mixta\/\"><span>Seguro de decesos Nortehispana Prima Mixta<\/span><\/a><\/li><li><a href=\"https:\/\/idecesos.com\/seguros\/companias\/nortehispana\/prima-unica\/\"><span>Seguro de decesos Nortehispana Prima \u00danica<\/span><\/a><\/li><\/ul><\/div>\n<div><\/div><\/div><\/div><\/div><\/div>\n","protected":false},"excerpt":{"rendered":"<p>La ciudad de Burgos cuenta con diferentes sucursales de Nortehipana donde le van a dar la atenci\u00f3n que necesite, siempre y en todo momento de la mano de excelentes profesionales en el campo. Para solucionar todos sus problemas relacionados y lo gestionen de una manera m\u00e1s eficiente. Teniendo presente que cada una tiene un horario&hellip; <\/p>\n","protected":false},"author":0,"featured_media":0,"parent":771,"menu_order":0,"comment_status":"closed","ping_status":"closed","template":"page-templates\/companies.php","meta":{"footnotes":""},"class_list":["post-14225","page","type-page","status-publish","hentry"],"yoast_head":"<!-- This site is optimized with the Yoast SEO plugin v27.3 - https:\/\/yoast.com\/product\/yoast-seo-wordpress\/ -->\n<title>Oficinas Nortehipana en Burgos \u25b7Tel\u00e9fonos, Horarios, Direcci\u00f3n<\/title>\n<meta name=\"description\" content=\"Lista completa de Oficinas Nortehipana en Burgos Horarios, \u2706 tel\u00e9fonos y direcciones actualizados en 2026 \u2611\ufe0f Verificado por iDecesos.\" \/>\n<meta name=\"robots\" content=\"index, follow, max-snippet:-1, max-image-preview:large, max-video-preview:-1\" \/>\n<link rel=\"canonical\" href=\"https:\/\/idecesos.com\/seguros\/companias\/nortehispana\/burgos\/\" \/>\n<meta property=\"og:locale\" content=\"es_ES\" \/>\n<meta property=\"og:type\" content=\"article\" \/>\n<meta property=\"og:title\" content=\"Oficinas Nortehipana en Burgos \u25b7Tel\u00e9fonos, Horarios, Direcci\u00f3n\" \/>\n<meta property=\"og:description\" content=\"Lista completa de Oficinas Nortehipana en Burgos Horarios, \u2706 tel\u00e9fonos y direcciones actualizados en 2026 \u2611\ufe0f Verificado por iDecesos.\" \/>\n<meta property=\"og:url\" content=\"https:\/\/idecesos.com\/seguros\/companias\/nortehispana\/burgos\/\" \/>\n<meta property=\"og:image\" content=\"https:\/\/idecesos.com\/seguros\/wp-content\/uploads\/2021\/11\/nortehipana_logo.png\" \/>\n<meta name=\"twitter:card\" content=\"summary_large_image\" \/>\n<meta name=\"twitter:label1\" content=\"Tiempo de lectura\" \/>\n\t<meta name=\"twitter:data1\" content=\"39 minutos\" \/>\n<script type=\"application\/ld+json\" class=\"yoast-schema-graph\">{\"@context\":\"https:\\\/\\\/schema.org\",\"@graph\":[{\"@type\":\"WebPage\",\"@id\":\"https:\\\/\\\/idecesos.com\\\/seguros\\\/companias\\\/nortehispana\\\/burgos\\\/\",\"url\":\"https:\\\/\\\/idecesos.com\\\/seguros\\\/companias\\\/nortehispana\\\/burgos\\\/\",\"name\":\"Oficinas Nortehipana en Burgos \u25b7Tel\u00e9fonos, Horarios, Direcci\u00f3n\",\"isPartOf\":{\"@id\":\"https:\\\/\\\/idecesos.com\\\/seguros\\\/#website\"},\"primaryImageOfPage\":{\"@id\":\"https:\\\/\\\/idecesos.com\\\/seguros\\\/companias\\\/nortehispana\\\/burgos\\\/#primaryimage\"},\"image\":{\"@id\":\"https:\\\/\\\/idecesos.com\\\/seguros\\\/companias\\\/nortehispana\\\/burgos\\\/#primaryimage\"},\"thumbnailUrl\":\"https:\\\/\\\/idecesos.com\\\/seguros\\\/wp-content\\\/uploads\\\/2021\\\/11\\\/nortehipana_logo.png\",\"datePublished\":\"2021-11-14T16:09:21+00:00\",\"description\":\"Lista completa de Oficinas Nortehipana en Burgos Horarios, \u2706 tel\u00e9fonos y direcciones actualizados en 2026 \u2611\ufe0f Verificado por iDecesos.\",\"breadcrumb\":{\"@id\":\"https:\\\/\\\/idecesos.com\\\/seguros\\\/companias\\\/nortehispana\\\/burgos\\\/#breadcrumb\"},\"inLanguage\":\"es\",\"potentialAction\":[{\"@type\":\"ReadAction\",\"target\":[\"https:\\\/\\\/idecesos.com\\\/seguros\\\/companias\\\/nortehispana\\\/burgos\\\/\"]}]},{\"@type\":\"ImageObject\",\"inLanguage\":\"es\",\"@id\":\"https:\\\/\\\/idecesos.com\\\/seguros\\\/companias\\\/nortehispana\\\/burgos\\\/#primaryimage\",\"url\":\"https:\\\/\\\/idecesos.com\\\/seguros\\\/wp-content\\\/uploads\\\/2021\\\/11\\\/nortehipana_logo.png\",\"contentUrl\":\"https:\\\/\\\/idecesos.com\\\/seguros\\\/wp-content\\\/uploads\\\/2021\\\/11\\\/nortehipana_logo.png\",\"width\":300,\"height\":71},{\"@type\":\"BreadcrumbList\",\"@id\":\"https:\\\/\\\/idecesos.com\\\/seguros\\\/companias\\\/nortehispana\\\/burgos\\\/#breadcrumb\",\"itemListElement\":[{\"@type\":\"ListItem\",\"position\":1,\"name\":\"Portada\",\"item\":\"https:\\\/\\\/idecesos.com\\\/seguros\\\/\"},{\"@type\":\"ListItem\",\"position\":2,\"name\":\"Compa\u00f1\u00edas de Seguros de Decesos en Espa\u00f1a\",\"item\":\"https:\\\/\\\/idecesos.com\\\/seguros\\\/companias\\\/\"},{\"@type\":\"ListItem\",\"position\":3,\"name\":\"Seguro de Decesos NorteHispana\",\"item\":\"https:\\\/\\\/idecesos.com\\\/seguros\\\/companias\\\/nortehispana\\\/\"},{\"@type\":\"ListItem\",\"position\":4,\"name\":\"Oficinas seguros de decesos Nortehipana en Burgos\"}]},{\"@type\":\"WebSite\",\"@id\":\"https:\\\/\\\/idecesos.com\\\/seguros\\\/#website\",\"url\":\"https:\\\/\\\/idecesos.com\\\/seguros\\\/\",\"name\":\"\",\"description\":\"\",\"potentialAction\":[{\"@type\":\"SearchAction\",\"target\":{\"@type\":\"EntryPoint\",\"urlTemplate\":\"https:\\\/\\\/idecesos.com\\\/seguros\\\/?s={search_term_string}\"},\"query-input\":{\"@type\":\"PropertyValueSpecification\",\"valueRequired\":true,\"valueName\":\"search_term_string\"}}],\"inLanguage\":\"es\"}]}<\/script>\n<!-- \/ Yoast SEO plugin. -->","yoast_head_json":{"title":"Oficinas Nortehipana en Burgos \u25b7Tel\u00e9fonos, Horarios, Direcci\u00f3n","description":"Lista completa de Oficinas Nortehipana en Burgos Horarios, \u2706 tel\u00e9fonos y direcciones actualizados en 2026 \u2611\ufe0f Verificado por iDecesos.","robots":{"index":"index","follow":"follow","max-snippet":"max-snippet:-1","max-image-preview":"max-image-preview:large","max-video-preview":"max-video-preview:-1"},"canonical":"https:\/\/idecesos.com\/seguros\/companias\/nortehispana\/burgos\/","og_locale":"es_ES","og_type":"article","og_title":"Oficinas Nortehipana en Burgos \u25b7Tel\u00e9fonos, Horarios, Direcci\u00f3n","og_description":"Lista completa de Oficinas Nortehipana en Burgos Horarios, \u2706 tel\u00e9fonos y direcciones actualizados en 2026 \u2611\ufe0f Verificado por iDecesos.","og_url":"https:\/\/idecesos.com\/seguros\/companias\/nortehispana\/burgos\/","og_image":[{"url":"https:\/\/idecesos.com\/seguros\/wp-content\/uploads\/2021\/11\/nortehipana_logo.png","type":"","width":"","height":""}],"twitter_card":"summary_large_image","twitter_misc":{"Tiempo de lectura":"39 minutos"},"schema":{"@context":"https:\/\/schema.org","@graph":[{"@type":"WebPage","@id":"https:\/\/idecesos.com\/seguros\/companias\/nortehispana\/burgos\/","url":"https:\/\/idecesos.com\/seguros\/companias\/nortehispana\/burgos\/","name":"Oficinas Nortehipana en Burgos \u25b7Tel\u00e9fonos, Horarios, Direcci\u00f3n","isPartOf":{"@id":"https:\/\/idecesos.com\/seguros\/#website"},"primaryImageOfPage":{"@id":"https:\/\/idecesos.com\/seguros\/companias\/nortehispana\/burgos\/#primaryimage"},"image":{"@id":"https:\/\/idecesos.com\/seguros\/companias\/nortehispana\/burgos\/#primaryimage"},"thumbnailUrl":"https:\/\/idecesos.com\/seguros\/wp-content\/uploads\/2021\/11\/nortehipana_logo.png","datePublished":"2021-11-14T16:09:21+00:00","description":"Lista completa de Oficinas Nortehipana en Burgos Horarios, \u2706 tel\u00e9fonos y direcciones actualizados en 2026 \u2611\ufe0f Verificado por iDecesos.","breadcrumb":{"@id":"https:\/\/idecesos.com\/seguros\/companias\/nortehispana\/burgos\/#breadcrumb"},"inLanguage":"es","potentialAction":[{"@type":"ReadAction","target":["https:\/\/idecesos.com\/seguros\/companias\/nortehispana\/burgos\/"]}]},{"@type":"ImageObject","inLanguage":"es","@id":"https:\/\/idecesos.com\/seguros\/companias\/nortehispana\/burgos\/#primaryimage","url":"https:\/\/idecesos.com\/seguros\/wp-content\/uploads\/2021\/11\/nortehipana_logo.png","contentUrl":"https:\/\/idecesos.com\/seguros\/wp-content\/uploads\/2021\/11\/nortehipana_logo.png","width":300,"height":71},{"@type":"BreadcrumbList","@id":"https:\/\/idecesos.com\/seguros\/companias\/nortehispana\/burgos\/#breadcrumb","itemListElement":[{"@type":"ListItem","position":1,"name":"Portada","item":"https:\/\/idecesos.com\/seguros\/"},{"@type":"ListItem","position":2,"name":"Compa\u00f1\u00edas de Seguros de Decesos en Espa\u00f1a","item":"https:\/\/idecesos.com\/seguros\/companias\/"},{"@type":"ListItem","position":3,"name":"Seguro de Decesos NorteHispana","item":"https:\/\/idecesos.com\/seguros\/companias\/nortehispana\/"},{"@type":"ListItem","position":4,"name":"Oficinas seguros de decesos Nortehipana en Burgos"}]},{"@type":"WebSite","@id":"https:\/\/idecesos.com\/seguros\/#website","url":"https:\/\/idecesos.com\/seguros\/","name":"","description":"","potentialAction":[{"@type":"SearchAction","target":{"@type":"EntryPoint","urlTemplate":"https:\/\/idecesos.com\/seguros\/?s={search_term_string}"},"query-input":{"@type":"PropertyValueSpecification","valueRequired":true,"valueName":"search_term_string"}}],"inLanguage":"es"}]}},"_links":{"self":[{"href":"https:\/\/idecesos.com\/seguros\/wp-json\/wp\/v2\/pages\/14225","targetHints":{"allow":["GET"]}}],"collection":[{"href":"https:\/\/idecesos.com\/seguros\/wp-json\/wp\/v2\/pages"}],"about":[{"href":"https:\/\/idecesos.com\/seguros\/wp-json\/wp\/v2\/types\/page"}],"replies":[{"embeddable":true,"href":"https:\/\/idecesos.com\/seguros\/wp-json\/wp\/v2\/comments?post=14225"}],"version-history":[{"count":0,"href":"https:\/\/idecesos.com\/seguros\/wp-json\/wp\/v2\/pages\/14225\/revisions"}],"up":[{"embeddable":true,"href":"https:\/\/idecesos.com\/seguros\/wp-json\/wp\/v2\/pages\/771"}],"wp:attachment":[{"href":"https:\/\/idecesos.com\/seguros\/wp-json\/wp\/v2\/media?parent=14225"}],"curies":[{"name":"wp","href":"https:\/\/api.w.org\/{rel}","templated":true}]}}