{"id":14232,"date":"2021-11-14T16:09:25","date_gmt":"2021-11-14T16:09:25","guid":{"rendered":"https:\/\/idecesos.com\/seguros\/companias\/nortehispana\/granada\/"},"modified":"2021-11-14T16:09:25","modified_gmt":"2021-11-14T16:09:25","slug":"granada","status":"publish","type":"page","link":"https:\/\/idecesos.com\/seguros\/companias\/nortehispana\/granada\/","title":{"rendered":"Oficinas seguros de decesos Nortehipana en Granada"},"content":{"rendered":"<div id=\"ez-toc-container\" class=\"ez-toc-v2_0_82_2 ez-toc-wrap-center counter-hierarchy ez-toc-counter ez-toc-custom ez-toc-container-direction\">\n<div class=\"ez-toc-title-container\">\n<p class=\"ez-toc-title\" style=\"cursor:inherit\">Tabla de Contenido<\/p>\n<span class=\"ez-toc-title-toggle\"><a href=\"#\" class=\"ez-toc-pull-right ez-toc-btn ez-toc-btn-xs ez-toc-btn-default ez-toc-toggle\" aria-label=\"Alternar tabla de contenidos\"><span class=\"ez-toc-js-icon-con\"><span class=\"\"><span class=\"eztoc-hide\" style=\"display:none;\">Toggle<\/span><span class=\"ez-toc-icon-toggle-span\"><svg style=\"fill: #db6415;color:#db6415\" xmlns=\"http:\/\/www.w3.org\/2000\/svg\" class=\"list-377408\" width=\"20px\" height=\"20px\" viewBox=\"0 0 24 24\" fill=\"none\"><path d=\"M6 6H4v2h2V6zm14 0H8v2h12V6zM4 11h2v2H4v-2zm16 0H8v2h12v-2zM4 16h2v2H4v-2zm16 0H8v2h12v-2z\" fill=\"currentColor\"><\/path><\/svg><svg style=\"fill: #db6415;color:#db6415\" class=\"arrow-unsorted-368013\" xmlns=\"http:\/\/www.w3.org\/2000\/svg\" width=\"10px\" height=\"10px\" viewBox=\"0 0 24 24\" version=\"1.2\" baseProfile=\"tiny\"><path d=\"M18.2 9.3l-6.2-6.3-6.2 6.3c-.2.2-.3.4-.3.7s.1.5.3.7c.2.2.4.3.7.3h11c.3 0 .5-.1.7-.3.2-.2.3-.5.3-.7s-.1-.5-.3-.7zM5.8 14.7l6.2 6.3 6.2-6.3c.2-.2.3-.5.3-.7s-.1-.5-.3-.7c-.2-.2-.4-.3-.7-.3h-11c-.3 0-.5.1-.7.3-.2.2-.3.5-.3.7s.1.5.3.7z\"\/><\/svg><\/span><\/span><\/span><\/a><\/span><\/div>\n<nav><ul class='ez-toc-list ez-toc-list-level-1 ' ><li class='ez-toc-page-1 ez-toc-heading-level-2'><a class=\"ez-toc-link ez-toc-heading-1\" href=\"https:\/\/idecesos.com\/seguros\/companias\/nortehispana\/granada\/#Seguro_de_decesos_Nortehipana_en_Granada\" >Seguro de decesos Nortehipana en Granada<\/a><\/li><li class='ez-toc-page-1 ez-toc-heading-level-2'><a class=\"ez-toc-link ez-toc-heading-2\" href=\"https:\/\/idecesos.com\/seguros\/companias\/nortehispana\/granada\/#Mapa_de_oficinas_de_seguros_Nortehipana_en_Granada\" >Mapa de oficinas de seguros Nortehipana en Granada<\/a><\/li><li class='ez-toc-page-1 ez-toc-heading-level-2'><a class=\"ez-toc-link ez-toc-heading-3\" href=\"https:\/\/idecesos.com\/seguros\/companias\/nortehispana\/granada\/#Listado_de_agencias_Nortehipana_en_Granada\" >Listado de agencias Nortehipana en Granada<\/a><\/li><li class='ez-toc-page-1 ez-toc-heading-level-2'><a class=\"ez-toc-link ez-toc-heading-4\" href=\"https:\/\/idecesos.com\/seguros\/companias\/nortehispana\/granada\/#Agencias_de_seguros_de_decesos_en_Granada\" >Agencias de seguros de decesos en Granada<\/a><ul class='ez-toc-list-level-3' ><li class='ez-toc-heading-level-3'><a class=\"ez-toc-link ez-toc-heading-5\" href=\"https:\/\/idecesos.com\/seguros\/companias\/nortehispana\/granada\/#Listado_de_sucursales_Nortehipana_en_Espana\" >Listado de sucursales Nortehipana en Espa\u00f1a<\/a><\/li><\/ul><\/li><\/ul><\/nav><\/div>\n<p><br \/>\n<a href=\"https:\/\/idecesos.com\/seguros\/companias\/nortehispana\/\"><img decoding=\"async\" class=\" alignleft\" src=\"https:\/\/idecesos.com\/seguros\/wp-content\/uploads\/2021\/11\/nortehipana_logo.png\" alt=\"Seguro de decesos Nortehipana\" width=\"336\" height=\"103\" \/><\/a><strong>La ciudad de Granada tiene varias oficinas de Nortehipana<\/strong> en la que van a poder atenderle para cualquier necesidad o sugerencia en su horario, en todo instante contaras con la ayuda de una persona cualificada en el campo, cada oficina cuenta con trabajadores con a\u00f1os experiencia, para darte la mejor calidad posible. Solucionar de una manera m\u00e1s veloz los inconvenientes es siempre y en todo momento acudiendo presencialmente a oficina, en tanto que a la distancia es m\u00e1s dif\u00edcil solventar el problema. Tan necesario como esencial es poder tener cerca delegaciones de decesos. <\/p>\n<p>En tu ratio va a poder existir solo el noventa por cien de compa\u00f1\u00edas de seguros cercanas a ti. Por esta raz\u00f3n te <strong>resultara m\u00e1s sencillo conocer las distintas oficinas de cada Granada<\/strong>, garantiz\u00e1ndote en todo momento que la experiencia sea la adecuada y la que precises en esos momentos. \u00a0Filtra de manera inmediata y conoce las distintas sucursales de Nortehipana en cada Granada con las necesidades que requieres. te dan en todo momento garant\u00eda para la administraci\u00f3n de tu oficina m\u00e1s pr\u00f3xima, d\u00e1ndote la seguridad que precises. <\/p>\n<p>Visita nuestra p\u00e1gina de <a href=\"https:\/\/idecesos.com\/seguros\/companias\/nortehispana\/\">seguros de decesos Nortehipana<\/a> para m\u00e1s informaci\u00f3n.<\/p>\n<div class=\"colorf \"  ><div class=\"container clearfix\"><div class=\"col-md-7\">\n<h2><span class=\"ez-toc-section\" id=\"Seguro_de_decesos_Nortehipana_en_Granada\"><\/span>Seguro de decesos Nortehipana en Granada<span class=\"ez-toc-section-end\"><\/span><\/h2>\n<p>Se podr\u00eda decir que una de las cosas que m\u00e1s nos tienen en cuenta, es por la calidad ofrecida, a diferencia de otras empresas aseguradoras y donde nos<strong> encontramos en todos y cada Granada<\/strong> para darte la atenci\u00f3n que precises de manera m\u00e1s presencial y resolutiva. Ten gratis tu presupuesto de forma inmediata. Aparte de ser r\u00e1pido y eficiente, vas a contar en todo momento con un presupuesto al momento y con garant\u00edas. Descartando en todo momento realizar procedimientos de m\u00e1s. <\/p>\n<p><strong>Ver m\u00e1s:<\/strong> <a href=\"https:\/\/idecesos.com\/seguros\/ciudades\/granada\/\">Seguros de decesos en Granada<\/a><\/p>\n<p>Como compa\u00f1\u00eda aseguradora nos encargamos de tu tranquilidad y la de tus seres allegados, por esta raz\u00f3n hemos querido que en Granada, tengas los mejores servicios de calidad amoldados para satisfacer tus necesidades y queden cubiertos. Queremos que cuentes en todo momento con el poder asistirte con tus inconvenientes, pudiendo as\u00ed solicitar tu cita previa en menos de 1 segundo. Solucionar tus dudas de Nortehipana jam\u00e1s hab\u00eda sido tan f\u00e1cil. Si en alg\u00fan instante te lo has cuestionado, te damos las contestaciones a todo de forma m\u00e1s sencilla. Es tan sencillo que con solo rellenar el formulario vas a tener en el instante tu cita o presupuesto con toda la informaci\u00f3n relevante. Sin necesidad de muchos gestiones, darte la soluci\u00f3n no nos cuesta nada. <\/p>\n<p><\/div><\/div><\/div>\n\t\t<hr class=\"separador\">\n\t\t<div class=\"bloque-accion\">\n\t\t<p class=\"txt-accion\">Calcula el precio de tu seguro de decesos en menos de 1 minuto<\/p>\n\t\t<a class=\"btn-accion\" href=\"https:\/\/idecesos.com\/\">CALCULAR<\/a>\n\t\t<\/div>\n\t\t<hr class=\"separador\">\n\t\t<\/p>\n<h2><span class=\"ez-toc-section\" id=\"Mapa_de_oficinas_de_seguros_Nortehipana_en_Granada\"><\/span>Mapa de oficinas de seguros Nortehipana en Granada<span class=\"ez-toc-section-end\"><\/span><\/h2>\n<p>Localizador de oficinas de Nortehipana en Granada nos da la gran ocasi\u00f3n de conocer donde podemos saber exactamente en qu\u00e9 sitios se hallan, tambi\u00e9n es importante contar con un mapa por Granada de las oficinas de Nortehipana te aseguramos que tengas la informaci\u00f3n que se ajuste a ti en todo instante. Cuentas con la confiabilidad del cien por cien en todo momento e informaci\u00f3n filtrada para ti. <\/p>\n<p><iframe class=\"page-generator-pro-map\" width=\"100%\" height=\"400\" frameborder=\"0\" style=\"border:0\" src=\"https:\/\/www.google.com\/maps\/embed\/v1\/place?q=Granada%2C+Espa%C3%B1a&#038;zoom=14&#038;maptype=roadmap&#038;key=AIzaSyCNTEOso0tZG6YMSJFoaJEY5Th1stEWrJI\" allowfullscreen><\/iframe><\/p>\n<div class=\"colorf\"><div class=\"container clearfix\"><div class=\"col-md-7\"><div class=\"empresas\">\n<h2><span class=\"ez-toc-section\" id=\"Listado_de_agencias_Nortehipana_en_Granada\"><\/span>Listado de agencias Nortehipana en Granada<span class=\"ez-toc-section-end\"><\/span><\/h2>\n<ul>\n<li><strong>Compa\u00f1\u00eda de seguros Espa\u00f1a:<\/strong> 18004<\/li>\n<\/ul>\n<\/div><\/div><\/div><\/div>\n<h2><span class=\"ez-toc-section\" id=\"Agencias_de_seguros_de_decesos_en_Granada\"><\/span>Agencias de seguros de decesos en Granada<span class=\"ez-toc-section-end\"><\/span><\/h2>\n<p>Te aseguramos que cuentas con nuestro compromiso en todo momento. Es bastante dif\u00edcil tomar las mejores resoluciones, por ello te damos un listado con distintas <strong>empresas aseguradoras de decesos en Granada<\/strong> mediante nuestro enlace podr\u00e1s hallar todo lo que necesites. Con la informaci\u00f3n relevante. <\/p>\n<!-- Shortcode [nortehispana] does not exist -->\n<div class=\"colorf\"><div class=\"container clearfix\"><div class=\"col-md-7\"><div class=\"empresas\">\n<h3><span class=\"ez-toc-section\" id=\"Listado_de_sucursales_Nortehipana_en_Espana\"><\/span>Listado de sucursales Nortehipana en Espa\u00f1a<span class=\"ez-toc-section-end\"><\/span><\/h3>\n<div class=\"enlazado\"><ul><li><a href=\"https:\/\/idecesos.com\/seguros\/companias\/nortehispana\/alicante\/\"><span>Oficinas seguros de decesos Nortehipana en Alicante<\/span><\/a><\/li><li><a href=\"https:\/\/idecesos.com\/seguros\/companias\/nortehispana\/barcelona\/\"><span>Oficinas seguros de decesos Nortehipana en Barcelona<\/span><\/a><\/li><li><a href=\"https:\/\/idecesos.com\/seguros\/companias\/nortehispana\/burgos\/\"><span>Oficinas seguros de decesos Nortehipana en Burgos<\/span><\/a><\/li><li><a href=\"https:\/\/idecesos.com\/seguros\/companias\/nortehispana\/ciudad-real\/\"><span>Oficinas seguros de decesos Nortehipana en Ciudad Real<\/span><\/a><\/li><li><a href=\"https:\/\/idecesos.com\/seguros\/companias\/nortehispana\/guipuzcoa\/\"><span>Oficinas seguros de decesos Nortehipana en Guip\u00fazcoa<\/span><\/a><\/li><li><a href=\"https:\/\/idecesos.com\/seguros\/companias\/nortehispana\/la-coruna\/\"><span>Oficinas seguros de decesos Nortehipana en La coru\u00f1a<\/span><\/a><\/li><li><a href=\"https:\/\/idecesos.com\/seguros\/companias\/nortehispana\/lerida\/\"><span>Oficinas seguros de decesos Nortehipana en L\u00e9rida<\/span><\/a><\/li><li><a href=\"https:\/\/idecesos.com\/seguros\/companias\/nortehispana\/madrid\/\"><span>Oficinas seguros de decesos Nortehipana en Madrid<\/span><\/a><\/li><li><a href=\"https:\/\/idecesos.com\/seguros\/companias\/nortehispana\/sevilla\/\"><span>Oficinas seguros de decesos Nortehipana en Sevilla<\/span><\/a><\/li><li><a href=\"https:\/\/idecesos.com\/seguros\/companias\/nortehispana\/tarragona\/\"><span>Oficinas seguros de decesos Nortehipana en Tarragona<\/span><\/a><\/li><li><a href=\"https:\/\/idecesos.com\/seguros\/companias\/nortehispana\/valencia\/\"><span>Oficinas seguros de decesos Nortehipana en Valencia<\/span><\/a><\/li><li><a href=\"https:\/\/idecesos.com\/seguros\/companias\/nortehispana\/zamora\/\"><span>Oficinas seguros de decesos Nortehipana en Zamora<\/span><\/a><\/li><li><a href=\"https:\/\/idecesos.com\/seguros\/companias\/nortehispana\/alava\/\"><span>Oficinas seguros de decesos Nortehipana en \u00c1lava<\/span><\/a><\/li><li><a href=\"https:\/\/idecesos.com\/seguros\/companias\/nortehispana\/opiniones\/\"><span>Opiniones Seguro de Decesos NorteHispana<\/span><\/a><\/li><li><a href=\"https:\/\/idecesos.com\/seguros\/companias\/nortehispana\/prima-unica\/\"><span>Seguro de decesos Nortehispana Prima \u00danica<\/span><\/a><\/li><li><a href=\"https:\/\/idecesos.com\/seguros\/companias\/nortehispana\/repatriacion\/\"><span>Seguro de decesos Nortehispana con repatriaci\u00f3n<\/span><\/a><\/li><\/ul><\/div>\n<div><\/div><\/div><\/div><\/div><\/div>\n","protected":false},"excerpt":{"rendered":"<p>La ciudad de Granada tiene varias oficinas de Nortehipana en la que van a poder atenderle para cualquier necesidad o sugerencia en su horario, en todo instante contaras con la ayuda de una persona cualificada en el campo, cada oficina cuenta con trabajadores con a\u00f1os experiencia, para darte la mejor calidad posible. Solucionar de una&hellip; <\/p>\n","protected":false},"author":0,"featured_media":0,"parent":771,"menu_order":0,"comment_status":"closed","ping_status":"closed","template":"page-templates\/companies.php","meta":{"footnotes":""},"class_list":["post-14232","page","type-page","status-publish","hentry"],"yoast_head":"<!-- This site is optimized with the Yoast SEO plugin v27.3 - https:\/\/yoast.com\/product\/yoast-seo-wordpress\/ -->\n<title>Oficinas Nortehipana en Granada \u25b7Tel\u00e9fonos, Horarios, Direcci\u00f3n<\/title>\n<meta name=\"description\" content=\"Lista completa de Oficinas Nortehipana en Granada Horarios, \u2706 tel\u00e9fonos y direcciones actualizados en 2026 \u2611\ufe0f Verificado por iDecesos.\" \/>\n<meta name=\"robots\" content=\"index, follow, max-snippet:-1, max-image-preview:large, max-video-preview:-1\" \/>\n<link rel=\"canonical\" href=\"https:\/\/idecesos.com\/seguros\/companias\/nortehispana\/granada\/\" \/>\n<meta property=\"og:locale\" content=\"es_ES\" \/>\n<meta property=\"og:type\" content=\"article\" \/>\n<meta property=\"og:title\" content=\"Oficinas Nortehipana en Granada \u25b7Tel\u00e9fonos, Horarios, Direcci\u00f3n\" \/>\n<meta property=\"og:description\" content=\"Lista completa de Oficinas Nortehipana en Granada Horarios, \u2706 tel\u00e9fonos y direcciones actualizados en 2026 \u2611\ufe0f Verificado por iDecesos.\" \/>\n<meta property=\"og:url\" content=\"https:\/\/idecesos.com\/seguros\/companias\/nortehispana\/granada\/\" \/>\n<meta property=\"og:image\" content=\"https:\/\/idecesos.com\/seguros\/wp-content\/uploads\/2021\/11\/nortehipana_logo.png\" \/>\n<meta name=\"twitter:card\" content=\"summary_large_image\" \/>\n<meta name=\"twitter:label1\" content=\"Tiempo de lectura\" \/>\n\t<meta name=\"twitter:data1\" content=\"39 minutos\" \/>\n<script type=\"application\/ld+json\" class=\"yoast-schema-graph\">{\"@context\":\"https:\\\/\\\/schema.org\",\"@graph\":[{\"@type\":\"WebPage\",\"@id\":\"https:\\\/\\\/idecesos.com\\\/seguros\\\/companias\\\/nortehispana\\\/granada\\\/\",\"url\":\"https:\\\/\\\/idecesos.com\\\/seguros\\\/companias\\\/nortehispana\\\/granada\\\/\",\"name\":\"Oficinas Nortehipana en Granada \u25b7Tel\u00e9fonos, Horarios, Direcci\u00f3n\",\"isPartOf\":{\"@id\":\"https:\\\/\\\/idecesos.com\\\/seguros\\\/#website\"},\"primaryImageOfPage\":{\"@id\":\"https:\\\/\\\/idecesos.com\\\/seguros\\\/companias\\\/nortehispana\\\/granada\\\/#primaryimage\"},\"image\":{\"@id\":\"https:\\\/\\\/idecesos.com\\\/seguros\\\/companias\\\/nortehispana\\\/granada\\\/#primaryimage\"},\"thumbnailUrl\":\"https:\\\/\\\/idecesos.com\\\/seguros\\\/wp-content\\\/uploads\\\/2021\\\/11\\\/nortehipana_logo.png\",\"datePublished\":\"2021-11-14T16:09:25+00:00\",\"description\":\"Lista completa de Oficinas Nortehipana en Granada Horarios, \u2706 tel\u00e9fonos y direcciones actualizados en 2026 \u2611\ufe0f Verificado por iDecesos.\",\"breadcrumb\":{\"@id\":\"https:\\\/\\\/idecesos.com\\\/seguros\\\/companias\\\/nortehispana\\\/granada\\\/#breadcrumb\"},\"inLanguage\":\"es\",\"potentialAction\":[{\"@type\":\"ReadAction\",\"target\":[\"https:\\\/\\\/idecesos.com\\\/seguros\\\/companias\\\/nortehispana\\\/granada\\\/\"]}]},{\"@type\":\"ImageObject\",\"inLanguage\":\"es\",\"@id\":\"https:\\\/\\\/idecesos.com\\\/seguros\\\/companias\\\/nortehispana\\\/granada\\\/#primaryimage\",\"url\":\"https:\\\/\\\/idecesos.com\\\/seguros\\\/wp-content\\\/uploads\\\/2021\\\/11\\\/nortehipana_logo.png\",\"contentUrl\":\"https:\\\/\\\/idecesos.com\\\/seguros\\\/wp-content\\\/uploads\\\/2021\\\/11\\\/nortehipana_logo.png\",\"width\":300,\"height\":71},{\"@type\":\"BreadcrumbList\",\"@id\":\"https:\\\/\\\/idecesos.com\\\/seguros\\\/companias\\\/nortehispana\\\/granada\\\/#breadcrumb\",\"itemListElement\":[{\"@type\":\"ListItem\",\"position\":1,\"name\":\"Portada\",\"item\":\"https:\\\/\\\/idecesos.com\\\/seguros\\\/\"},{\"@type\":\"ListItem\",\"position\":2,\"name\":\"Compa\u00f1\u00edas de Seguros de Decesos en Espa\u00f1a\",\"item\":\"https:\\\/\\\/idecesos.com\\\/seguros\\\/companias\\\/\"},{\"@type\":\"ListItem\",\"position\":3,\"name\":\"Seguro de Decesos NorteHispana\",\"item\":\"https:\\\/\\\/idecesos.com\\\/seguros\\\/companias\\\/nortehispana\\\/\"},{\"@type\":\"ListItem\",\"position\":4,\"name\":\"Oficinas seguros de decesos Nortehipana en Granada\"}]},{\"@type\":\"WebSite\",\"@id\":\"https:\\\/\\\/idecesos.com\\\/seguros\\\/#website\",\"url\":\"https:\\\/\\\/idecesos.com\\\/seguros\\\/\",\"name\":\"\",\"description\":\"\",\"potentialAction\":[{\"@type\":\"SearchAction\",\"target\":{\"@type\":\"EntryPoint\",\"urlTemplate\":\"https:\\\/\\\/idecesos.com\\\/seguros\\\/?s={search_term_string}\"},\"query-input\":{\"@type\":\"PropertyValueSpecification\",\"valueRequired\":true,\"valueName\":\"search_term_string\"}}],\"inLanguage\":\"es\"}]}<\/script>\n<!-- \/ Yoast SEO plugin. -->","yoast_head_json":{"title":"Oficinas Nortehipana en Granada \u25b7Tel\u00e9fonos, Horarios, Direcci\u00f3n","description":"Lista completa de Oficinas Nortehipana en Granada Horarios, \u2706 tel\u00e9fonos y direcciones actualizados en 2026 \u2611\ufe0f Verificado por iDecesos.","robots":{"index":"index","follow":"follow","max-snippet":"max-snippet:-1","max-image-preview":"max-image-preview:large","max-video-preview":"max-video-preview:-1"},"canonical":"https:\/\/idecesos.com\/seguros\/companias\/nortehispana\/granada\/","og_locale":"es_ES","og_type":"article","og_title":"Oficinas Nortehipana en Granada \u25b7Tel\u00e9fonos, Horarios, Direcci\u00f3n","og_description":"Lista completa de Oficinas Nortehipana en Granada Horarios, \u2706 tel\u00e9fonos y direcciones actualizados en 2026 \u2611\ufe0f Verificado por iDecesos.","og_url":"https:\/\/idecesos.com\/seguros\/companias\/nortehispana\/granada\/","og_image":[{"url":"https:\/\/idecesos.com\/seguros\/wp-content\/uploads\/2021\/11\/nortehipana_logo.png","type":"","width":"","height":""}],"twitter_card":"summary_large_image","twitter_misc":{"Tiempo de lectura":"39 minutos"},"schema":{"@context":"https:\/\/schema.org","@graph":[{"@type":"WebPage","@id":"https:\/\/idecesos.com\/seguros\/companias\/nortehispana\/granada\/","url":"https:\/\/idecesos.com\/seguros\/companias\/nortehispana\/granada\/","name":"Oficinas Nortehipana en Granada \u25b7Tel\u00e9fonos, Horarios, Direcci\u00f3n","isPartOf":{"@id":"https:\/\/idecesos.com\/seguros\/#website"},"primaryImageOfPage":{"@id":"https:\/\/idecesos.com\/seguros\/companias\/nortehispana\/granada\/#primaryimage"},"image":{"@id":"https:\/\/idecesos.com\/seguros\/companias\/nortehispana\/granada\/#primaryimage"},"thumbnailUrl":"https:\/\/idecesos.com\/seguros\/wp-content\/uploads\/2021\/11\/nortehipana_logo.png","datePublished":"2021-11-14T16:09:25+00:00","description":"Lista completa de Oficinas Nortehipana en Granada Horarios, \u2706 tel\u00e9fonos y direcciones actualizados en 2026 \u2611\ufe0f Verificado por iDecesos.","breadcrumb":{"@id":"https:\/\/idecesos.com\/seguros\/companias\/nortehispana\/granada\/#breadcrumb"},"inLanguage":"es","potentialAction":[{"@type":"ReadAction","target":["https:\/\/idecesos.com\/seguros\/companias\/nortehispana\/granada\/"]}]},{"@type":"ImageObject","inLanguage":"es","@id":"https:\/\/idecesos.com\/seguros\/companias\/nortehispana\/granada\/#primaryimage","url":"https:\/\/idecesos.com\/seguros\/wp-content\/uploads\/2021\/11\/nortehipana_logo.png","contentUrl":"https:\/\/idecesos.com\/seguros\/wp-content\/uploads\/2021\/11\/nortehipana_logo.png","width":300,"height":71},{"@type":"BreadcrumbList","@id":"https:\/\/idecesos.com\/seguros\/companias\/nortehispana\/granada\/#breadcrumb","itemListElement":[{"@type":"ListItem","position":1,"name":"Portada","item":"https:\/\/idecesos.com\/seguros\/"},{"@type":"ListItem","position":2,"name":"Compa\u00f1\u00edas de Seguros de Decesos en Espa\u00f1a","item":"https:\/\/idecesos.com\/seguros\/companias\/"},{"@type":"ListItem","position":3,"name":"Seguro de Decesos NorteHispana","item":"https:\/\/idecesos.com\/seguros\/companias\/nortehispana\/"},{"@type":"ListItem","position":4,"name":"Oficinas seguros de decesos Nortehipana en Granada"}]},{"@type":"WebSite","@id":"https:\/\/idecesos.com\/seguros\/#website","url":"https:\/\/idecesos.com\/seguros\/","name":"","description":"","potentialAction":[{"@type":"SearchAction","target":{"@type":"EntryPoint","urlTemplate":"https:\/\/idecesos.com\/seguros\/?s={search_term_string}"},"query-input":{"@type":"PropertyValueSpecification","valueRequired":true,"valueName":"search_term_string"}}],"inLanguage":"es"}]}},"_links":{"self":[{"href":"https:\/\/idecesos.com\/seguros\/wp-json\/wp\/v2\/pages\/14232","targetHints":{"allow":["GET"]}}],"collection":[{"href":"https:\/\/idecesos.com\/seguros\/wp-json\/wp\/v2\/pages"}],"about":[{"href":"https:\/\/idecesos.com\/seguros\/wp-json\/wp\/v2\/types\/page"}],"replies":[{"embeddable":true,"href":"https:\/\/idecesos.com\/seguros\/wp-json\/wp\/v2\/comments?post=14232"}],"version-history":[{"count":0,"href":"https:\/\/idecesos.com\/seguros\/wp-json\/wp\/v2\/pages\/14232\/revisions"}],"up":[{"embeddable":true,"href":"https:\/\/idecesos.com\/seguros\/wp-json\/wp\/v2\/pages\/771"}],"wp:attachment":[{"href":"https:\/\/idecesos.com\/seguros\/wp-json\/wp\/v2\/media?parent=14232"}],"curies":[{"name":"wp","href":"https:\/\/api.w.org\/{rel}","templated":true}]}}