{"id":14235,"date":"2021-11-14T16:09:28","date_gmt":"2021-11-14T16:09:28","guid":{"rendered":"https:\/\/idecesos.com\/seguros\/companias\/nortehispana\/huelva\/"},"modified":"2021-11-14T16:09:28","modified_gmt":"2021-11-14T16:09:28","slug":"huelva","status":"publish","type":"page","link":"https:\/\/idecesos.com\/seguros\/companias\/nortehispana\/huelva\/","title":{"rendered":"Oficinas seguros de decesos Nortehipana en Huelva"},"content":{"rendered":"<div id=\"ez-toc-container\" class=\"ez-toc-v2_0_82_2 ez-toc-wrap-center counter-hierarchy ez-toc-counter ez-toc-custom ez-toc-container-direction\">\n<div class=\"ez-toc-title-container\">\n<p class=\"ez-toc-title\" style=\"cursor:inherit\">Tabla de Contenido<\/p>\n<span class=\"ez-toc-title-toggle\"><a href=\"#\" class=\"ez-toc-pull-right ez-toc-btn ez-toc-btn-xs ez-toc-btn-default ez-toc-toggle\" aria-label=\"Alternar tabla de contenidos\"><span class=\"ez-toc-js-icon-con\"><span class=\"\"><span class=\"eztoc-hide\" style=\"display:none;\">Toggle<\/span><span class=\"ez-toc-icon-toggle-span\"><svg style=\"fill: #db6415;color:#db6415\" xmlns=\"http:\/\/www.w3.org\/2000\/svg\" class=\"list-377408\" width=\"20px\" height=\"20px\" viewBox=\"0 0 24 24\" fill=\"none\"><path d=\"M6 6H4v2h2V6zm14 0H8v2h12V6zM4 11h2v2H4v-2zm16 0H8v2h12v-2zM4 16h2v2H4v-2zm16 0H8v2h12v-2z\" fill=\"currentColor\"><\/path><\/svg><svg style=\"fill: #db6415;color:#db6415\" class=\"arrow-unsorted-368013\" xmlns=\"http:\/\/www.w3.org\/2000\/svg\" width=\"10px\" height=\"10px\" viewBox=\"0 0 24 24\" version=\"1.2\" baseProfile=\"tiny\"><path d=\"M18.2 9.3l-6.2-6.3-6.2 6.3c-.2.2-.3.4-.3.7s.1.5.3.7c.2.2.4.3.7.3h11c.3 0 .5-.1.7-.3.2-.2.3-.5.3-.7s-.1-.5-.3-.7zM5.8 14.7l6.2 6.3 6.2-6.3c.2-.2.3-.5.3-.7s-.1-.5-.3-.7c-.2-.2-.4-.3-.7-.3h-11c-.3 0-.5.1-.7.3-.2.2-.3.5-.3.7s.1.5.3.7z\"\/><\/svg><\/span><\/span><\/span><\/a><\/span><\/div>\n<nav><ul class='ez-toc-list ez-toc-list-level-1 ' ><li class='ez-toc-page-1 ez-toc-heading-level-2'><a class=\"ez-toc-link ez-toc-heading-1\" href=\"https:\/\/idecesos.com\/seguros\/companias\/nortehispana\/huelva\/#Seguro_de_decesos_Nortehipana_en_Huelva\" >Seguro de decesos Nortehipana en Huelva<\/a><\/li><li class='ez-toc-page-1 ez-toc-heading-level-2'><a class=\"ez-toc-link ez-toc-heading-2\" href=\"https:\/\/idecesos.com\/seguros\/companias\/nortehispana\/huelva\/#Mapa_de_oficinas_de_seguros_Nortehipana_en_Huelva\" >Mapa de oficinas de seguros Nortehipana en Huelva<\/a><\/li><li class='ez-toc-page-1 ez-toc-heading-level-2'><a class=\"ez-toc-link ez-toc-heading-3\" href=\"https:\/\/idecesos.com\/seguros\/companias\/nortehispana\/huelva\/#Listado_de_oficinas_Nortehipana_en_Huelva\" >Listado de oficinas Nortehipana en Huelva<\/a><\/li><li class='ez-toc-page-1 ez-toc-heading-level-2'><a class=\"ez-toc-link ez-toc-heading-4\" href=\"https:\/\/idecesos.com\/seguros\/companias\/nortehispana\/huelva\/#Sucursales_de_seguros_de_decesos_en_Huelva\" >Sucursales de seguros de decesos en Huelva<\/a><ul class='ez-toc-list-level-3' ><li class='ez-toc-heading-level-3'><a class=\"ez-toc-link ez-toc-heading-5\" href=\"https:\/\/idecesos.com\/seguros\/companias\/nortehispana\/huelva\/#Listado_de_sucursales_Nortehipana_en_Espana\" >Listado de sucursales Nortehipana en Espa\u00f1a<\/a><\/li><\/ul><\/li><\/ul><\/nav><\/div>\n<p><br \/>\n<a href=\"https:\/\/idecesos.com\/seguros\/companias\/nortehispana\/\"><img decoding=\"async\" class=\" alignleft\" src=\"https:\/\/idecesos.com\/seguros\/wp-content\/uploads\/2021\/11\/nortehipana_logo.png\" alt=\"Seguro de decesos Nortehipana\" width=\"336\" height=\"103\" \/><\/a>Precisas percibir una atenci\u00f3n adaptada y un servicio de calidad exclusiva, tienes a tu alcance diferentes oficinas de Nortehipana en Huelva. Acudiendo a su horario establecido. Siempre y en todo momento puede suceder algo inopinado por ello es de bien saber d\u00f3nde se pueden encontrar las distintas sucursales de Nortehipana <strong>cerca de nosotros en Huelva. <\/strong>Resolver\u00e1n cualquier inconveniente, gestion\u00e1ndolo de manera instant\u00e1nea. <\/p>\n<p>\u00bfDeseas calidad en el servicio, evitando inconvenientes? por ello te ense\u00f1amos las localizaciones de cada <strong>oficina de Nortehipana<\/strong> en Huelva lo m\u00e1s cerca de ti. \u00bfQu\u00e9 ocurre despu\u00e9s de tener una p\u00f3liza? Una vez lo tengas contratado te aseguran un servicio de calidad Premium. Cada oficina de Nortehipana en Huelva cuenta con sus ventajas destacables que juegan una parte esencial en el proceso. <\/p>\n<p>Visita nuestra p\u00e1gina de <a href=\"https:\/\/idecesos.com\/seguros\/companias\/nortehispana\/\">seguros de decesos Nortehipana<\/a> para m\u00e1s informaci\u00f3n.<\/p>\n<div class=\"colorf \"  ><div class=\"container clearfix\"><div class=\"col-md-7\">\n<h2><span class=\"ez-toc-section\" id=\"Seguro_de_decesos_Nortehipana_en_Huelva\"><\/span>Seguro de decesos Nortehipana en Huelva<span class=\"ez-toc-section-end\"><\/span><\/h2>\n<p>En las distintas <strong>compa\u00f1\u00edas aseguradoras en Huelva,<\/strong> destacamos no solo por el nombre, sobresalimos a la opini\u00f3n y sugerencia de cada cliente, donde mejoramos para prestarle un servicio de calidad premium. Sabemos que es complicado obtener un presupuesto, donde cuesta comprender toda la informaci\u00f3n,  te obsequiamos la oportunidad de poder acceder de inmediato a pedir tu presupuesto de Nortehipana en Huelva, vas a recibir la informaci\u00f3n solicitada en el momento ahorr\u00e1ndote tiempo en todo momento. <\/p>\n<p><strong>Ver m\u00e1s:<\/strong> <a href=\"https:\/\/idecesos.com\/seguros\/ciudades\/huelva\/\">Seguros de decesos en Huelva<\/a><\/p>\n<p>Hemos querido facilitarte el proceso de buscar, por eso te damos este formulario donde vas a recibir toda la informaci\u00f3n necesaria que necesite. Tambi\u00e9n cuenta con la ventaja de pedir cita previa, para que pueda acudir a su sucursal de <strong>confianza de Nortehipana en Huelva.<\/strong> Cuenta con la seguridad de que solo va a recibir la informaci\u00f3n que hayas requerido. Hemos desarrollado este cuestionario para satisfacer en calidad los datos que vaya a precisar, obteniendo de manera sencilla su cita previa. Conforme el art\u00edculo que corresponda, sus datos quedasen protegidos. <\/p>\n<p><\/div><\/div><\/div>\n\t\t<hr class=\"separador\">\n\t\t<div class=\"bloque-accion\">\n\t\t<p class=\"txt-accion\">Calcula el precio de tu seguro de decesos en menos de 1 minuto<\/p>\n\t\t<a class=\"btn-accion\" href=\"https:\/\/idecesos.com\/\">CALCULAR<\/a>\n\t\t<\/div>\n\t\t<hr class=\"separador\">\n\t\t<\/p>\n<h2><span class=\"ez-toc-section\" id=\"Mapa_de_oficinas_de_seguros_Nortehipana_en_Huelva\"><\/span>Mapa de oficinas de seguros Nortehipana en Huelva<span class=\"ez-toc-section-end\"><\/span><\/h2>\n<p>\u00bf<strong>Mapa de oficinas de la Nortehipana en Huelva<\/strong>? sirve para encontrarlo de forma r\u00e1pida, ahorr\u00e1ndote tiempo. Con esto aprendemos ahorrar nuestro tiempo y gestionarlo de forma m\u00e1s eficaz en el momento de realizar la busca. Conocer todas las opciones dispobinles. A la hora de busca vas a tener los \u00f3ptimos servicios como seguridad cuando brota la busca. <\/p>\n<p><iframe class=\"page-generator-pro-map\" width=\"100%\" height=\"400\" frameborder=\"0\" style=\"border:0\" src=\"https:\/\/www.google.com\/maps\/embed\/v1\/place?q=Huelva%2C+Espa%C3%B1a&#038;zoom=14&#038;maptype=roadmap&#038;key=AIzaSyCNTEOso0tZG6YMSJFoaJEY5Th1stEWrJI\" allowfullscreen><\/iframe><\/p>\n<div class=\"colorf\"><div class=\"container clearfix\"><div class=\"col-md-7\"><div class=\"empresas\">\n<h2><span class=\"ez-toc-section\" id=\"Listado_de_oficinas_Nortehipana_en_Huelva\"><\/span>Listado de oficinas Nortehipana en Huelva<span class=\"ez-toc-section-end\"><\/span><\/h2>\n<ul>\n<li><strong>Compa\u00f1\u00eda de seguros Espa\u00f1a:<\/strong> 21001<\/li>\n<\/ul>\n<\/div><\/div><\/div><\/div>\n<h2><span class=\"ez-toc-section\" id=\"Sucursales_de_seguros_de_decesos_en_Huelva\"><\/span>Sucursales de seguros de decesos en Huelva<span class=\"ez-toc-section-end\"><\/span><\/h2>\n<p>Garantizamos nuestros mejores servicios de calidad en cada segundo. \u00bfNo lo tienes claro?, te vamos a dejar ahora un cat\u00e1logo de las diferentes aseguradoras de defunci\u00f3n en Huelva, accede a trav\u00e9s de este enlace con solo hacer clic y obtendr\u00e1s toda la informaci\u00f3n precisa y relevante a sus dudas. \u00a0<\/p>\n<!-- Shortcode [nortehispana] does not exist -->\n<div class=\"colorf\"><div class=\"container clearfix\"><div class=\"col-md-7\"><div class=\"empresas\">\n<h3><span class=\"ez-toc-section\" id=\"Listado_de_sucursales_Nortehipana_en_Espana\"><\/span>Listado de sucursales Nortehipana en Espa\u00f1a<span class=\"ez-toc-section-end\"><\/span><\/h3>\n<div class=\"enlazado\"><ul><li><a href=\"https:\/\/idecesos.com\/seguros\/companias\/nortehispana\/almeria\/\"><span>Oficinas seguros de decesos Nortehipana en Almer\u00eda<\/span><\/a><\/li><li><a href=\"https:\/\/idecesos.com\/seguros\/companias\/nortehispana\/cantabria\/\"><span>Oficinas seguros de decesos Nortehipana en Cantabria<\/span><\/a><\/li><li><a href=\"https:\/\/idecesos.com\/seguros\/companias\/nortehispana\/castellon\/\"><span>Oficinas seguros de decesos Nortehipana en Castell\u00f3n<\/span><\/a><\/li><li><a href=\"https:\/\/idecesos.com\/seguros\/companias\/nortehispana\/caceres\/\"><span>Oficinas seguros de decesos Nortehipana en C\u00e1ceres<\/span><\/a><\/li><li><a href=\"https:\/\/idecesos.com\/seguros\/companias\/nortehispana\/cadiz\/\"><span>Oficinas seguros de decesos Nortehipana en C\u00e1diz<\/span><\/a><\/li><li><a href=\"https:\/\/idecesos.com\/seguros\/companias\/nortehispana\/guadalajara\/\"><span>Oficinas seguros de decesos Nortehipana en Guadalajara<\/span><\/a><\/li><li><a href=\"https:\/\/idecesos.com\/seguros\/companias\/nortehispana\/la-coruna\/\"><span>Oficinas seguros de decesos Nortehipana en La coru\u00f1a<\/span><\/a><\/li><li><a href=\"https:\/\/idecesos.com\/seguros\/companias\/nortehispana\/lerida\/\"><span>Oficinas seguros de decesos Nortehipana en L\u00e9rida<\/span><\/a><\/li><li><a href=\"https:\/\/idecesos.com\/seguros\/companias\/nortehispana\/tenerife\/\"><span>Oficinas seguros de decesos Nortehipana en Tenerife<\/span><\/a><\/li><li><a href=\"https:\/\/idecesos.com\/seguros\/companias\/nortehispana\/valencia\/\"><span>Oficinas seguros de decesos Nortehipana en Valencia<\/span><\/a><\/li><li><a href=\"https:\/\/idecesos.com\/seguros\/companias\/nortehispana\/alava\/\"><span>Oficinas seguros de decesos Nortehipana en \u00c1lava<\/span><\/a><\/li><li><a href=\"https:\/\/idecesos.com\/seguros\/companias\/nortehispana\/prima-mixta\/\"><span>Seguro de decesos Nortehispana Prima Mixta<\/span><\/a><\/li><li><a href=\"https:\/\/idecesos.com\/seguros\/companias\/nortehispana\/prima-natural\/\"><span>Seguro de decesos Nortehispana Prima Natural<\/span><\/a><\/li><li><a href=\"https:\/\/idecesos.com\/seguros\/companias\/nortehispana\/prima-unica\/\"><span>Seguro de decesos Nortehispana Prima \u00danica<\/span><\/a><\/li><li><a href=\"https:\/\/idecesos.com\/seguros\/companias\/nortehispana\/precio\/\"><span>\u00bfCu\u00e1nto cuesta el seguro de decesos Nortehispana?<\/span><\/a><\/li><li><a href=\"https:\/\/idecesos.com\/seguros\/companias\/nortehispana\/dar-de-baja\/\"><span>\u00bfC\u00f3mo dar de baja seguro Nortehispana?<\/span><\/a><\/li><\/ul><\/div>\n<div><\/div><\/div><\/div><\/div><\/div>\n","protected":false},"excerpt":{"rendered":"<p>Precisas percibir una atenci\u00f3n adaptada y un servicio de calidad exclusiva, tienes a tu alcance diferentes oficinas de Nortehipana en Huelva. Acudiendo a su horario establecido. Siempre y en todo momento puede suceder algo inopinado por ello es de bien saber d\u00f3nde se pueden encontrar las distintas sucursales de Nortehipana cerca de nosotros en Huelva.&hellip; <\/p>\n","protected":false},"author":0,"featured_media":0,"parent":771,"menu_order":0,"comment_status":"closed","ping_status":"closed","template":"page-templates\/companies.php","meta":{"footnotes":""},"class_list":["post-14235","page","type-page","status-publish","hentry"],"yoast_head":"<!-- This site is optimized with the Yoast SEO plugin v27.3 - https:\/\/yoast.com\/product\/yoast-seo-wordpress\/ -->\n<title>Oficinas Nortehipana en Huelva \u25b7Tel\u00e9fonos, Horarios, Direcci\u00f3n<\/title>\n<meta name=\"description\" content=\"Lista completa de Oficinas Nortehipana en Huelva Horarios, \u2706 tel\u00e9fonos y direcciones actualizados en 2026 \u2611\ufe0f Verificado por iDecesos.\" \/>\n<meta name=\"robots\" content=\"index, follow, max-snippet:-1, max-image-preview:large, max-video-preview:-1\" \/>\n<link rel=\"canonical\" href=\"https:\/\/idecesos.com\/seguros\/companias\/nortehispana\/huelva\/\" \/>\n<meta property=\"og:locale\" content=\"es_ES\" \/>\n<meta property=\"og:type\" content=\"article\" \/>\n<meta property=\"og:title\" content=\"Oficinas Nortehipana en Huelva \u25b7Tel\u00e9fonos, Horarios, Direcci\u00f3n\" \/>\n<meta property=\"og:description\" content=\"Lista completa de Oficinas Nortehipana en Huelva Horarios, \u2706 tel\u00e9fonos y direcciones actualizados en 2026 \u2611\ufe0f Verificado por iDecesos.\" \/>\n<meta property=\"og:url\" content=\"https:\/\/idecesos.com\/seguros\/companias\/nortehispana\/huelva\/\" \/>\n<meta property=\"og:image\" content=\"https:\/\/idecesos.com\/seguros\/wp-content\/uploads\/2021\/11\/nortehipana_logo.png\" \/>\n<meta name=\"twitter:card\" content=\"summary_large_image\" \/>\n<meta name=\"twitter:label1\" content=\"Tiempo de lectura\" \/>\n\t<meta name=\"twitter:data1\" content=\"39 minutos\" \/>\n<script type=\"application\/ld+json\" class=\"yoast-schema-graph\">{\"@context\":\"https:\\\/\\\/schema.org\",\"@graph\":[{\"@type\":\"WebPage\",\"@id\":\"https:\\\/\\\/idecesos.com\\\/seguros\\\/companias\\\/nortehispana\\\/huelva\\\/\",\"url\":\"https:\\\/\\\/idecesos.com\\\/seguros\\\/companias\\\/nortehispana\\\/huelva\\\/\",\"name\":\"Oficinas Nortehipana en Huelva \u25b7Tel\u00e9fonos, Horarios, Direcci\u00f3n\",\"isPartOf\":{\"@id\":\"https:\\\/\\\/idecesos.com\\\/seguros\\\/#website\"},\"primaryImageOfPage\":{\"@id\":\"https:\\\/\\\/idecesos.com\\\/seguros\\\/companias\\\/nortehispana\\\/huelva\\\/#primaryimage\"},\"image\":{\"@id\":\"https:\\\/\\\/idecesos.com\\\/seguros\\\/companias\\\/nortehispana\\\/huelva\\\/#primaryimage\"},\"thumbnailUrl\":\"https:\\\/\\\/idecesos.com\\\/seguros\\\/wp-content\\\/uploads\\\/2021\\\/11\\\/nortehipana_logo.png\",\"datePublished\":\"2021-11-14T16:09:28+00:00\",\"description\":\"Lista completa de Oficinas Nortehipana en Huelva Horarios, \u2706 tel\u00e9fonos y direcciones actualizados en 2026 \u2611\ufe0f Verificado por iDecesos.\",\"breadcrumb\":{\"@id\":\"https:\\\/\\\/idecesos.com\\\/seguros\\\/companias\\\/nortehispana\\\/huelva\\\/#breadcrumb\"},\"inLanguage\":\"es\",\"potentialAction\":[{\"@type\":\"ReadAction\",\"target\":[\"https:\\\/\\\/idecesos.com\\\/seguros\\\/companias\\\/nortehispana\\\/huelva\\\/\"]}]},{\"@type\":\"ImageObject\",\"inLanguage\":\"es\",\"@id\":\"https:\\\/\\\/idecesos.com\\\/seguros\\\/companias\\\/nortehispana\\\/huelva\\\/#primaryimage\",\"url\":\"https:\\\/\\\/idecesos.com\\\/seguros\\\/wp-content\\\/uploads\\\/2021\\\/11\\\/nortehipana_logo.png\",\"contentUrl\":\"https:\\\/\\\/idecesos.com\\\/seguros\\\/wp-content\\\/uploads\\\/2021\\\/11\\\/nortehipana_logo.png\",\"width\":300,\"height\":71},{\"@type\":\"BreadcrumbList\",\"@id\":\"https:\\\/\\\/idecesos.com\\\/seguros\\\/companias\\\/nortehispana\\\/huelva\\\/#breadcrumb\",\"itemListElement\":[{\"@type\":\"ListItem\",\"position\":1,\"name\":\"Portada\",\"item\":\"https:\\\/\\\/idecesos.com\\\/seguros\\\/\"},{\"@type\":\"ListItem\",\"position\":2,\"name\":\"Compa\u00f1\u00edas de Seguros de Decesos en Espa\u00f1a\",\"item\":\"https:\\\/\\\/idecesos.com\\\/seguros\\\/companias\\\/\"},{\"@type\":\"ListItem\",\"position\":3,\"name\":\"Seguro de Decesos NorteHispana\",\"item\":\"https:\\\/\\\/idecesos.com\\\/seguros\\\/companias\\\/nortehispana\\\/\"},{\"@type\":\"ListItem\",\"position\":4,\"name\":\"Oficinas seguros de decesos Nortehipana en Huelva\"}]},{\"@type\":\"WebSite\",\"@id\":\"https:\\\/\\\/idecesos.com\\\/seguros\\\/#website\",\"url\":\"https:\\\/\\\/idecesos.com\\\/seguros\\\/\",\"name\":\"\",\"description\":\"\",\"potentialAction\":[{\"@type\":\"SearchAction\",\"target\":{\"@type\":\"EntryPoint\",\"urlTemplate\":\"https:\\\/\\\/idecesos.com\\\/seguros\\\/?s={search_term_string}\"},\"query-input\":{\"@type\":\"PropertyValueSpecification\",\"valueRequired\":true,\"valueName\":\"search_term_string\"}}],\"inLanguage\":\"es\"}]}<\/script>\n<!-- \/ Yoast SEO plugin. -->","yoast_head_json":{"title":"Oficinas Nortehipana en Huelva \u25b7Tel\u00e9fonos, Horarios, Direcci\u00f3n","description":"Lista completa de Oficinas Nortehipana en Huelva Horarios, \u2706 tel\u00e9fonos y direcciones actualizados en 2026 \u2611\ufe0f Verificado por iDecesos.","robots":{"index":"index","follow":"follow","max-snippet":"max-snippet:-1","max-image-preview":"max-image-preview:large","max-video-preview":"max-video-preview:-1"},"canonical":"https:\/\/idecesos.com\/seguros\/companias\/nortehispana\/huelva\/","og_locale":"es_ES","og_type":"article","og_title":"Oficinas Nortehipana en Huelva \u25b7Tel\u00e9fonos, Horarios, Direcci\u00f3n","og_description":"Lista completa de Oficinas Nortehipana en Huelva Horarios, \u2706 tel\u00e9fonos y direcciones actualizados en 2026 \u2611\ufe0f Verificado por iDecesos.","og_url":"https:\/\/idecesos.com\/seguros\/companias\/nortehispana\/huelva\/","og_image":[{"url":"https:\/\/idecesos.com\/seguros\/wp-content\/uploads\/2021\/11\/nortehipana_logo.png","type":"","width":"","height":""}],"twitter_card":"summary_large_image","twitter_misc":{"Tiempo de lectura":"39 minutos"},"schema":{"@context":"https:\/\/schema.org","@graph":[{"@type":"WebPage","@id":"https:\/\/idecesos.com\/seguros\/companias\/nortehispana\/huelva\/","url":"https:\/\/idecesos.com\/seguros\/companias\/nortehispana\/huelva\/","name":"Oficinas Nortehipana en Huelva \u25b7Tel\u00e9fonos, Horarios, Direcci\u00f3n","isPartOf":{"@id":"https:\/\/idecesos.com\/seguros\/#website"},"primaryImageOfPage":{"@id":"https:\/\/idecesos.com\/seguros\/companias\/nortehispana\/huelva\/#primaryimage"},"image":{"@id":"https:\/\/idecesos.com\/seguros\/companias\/nortehispana\/huelva\/#primaryimage"},"thumbnailUrl":"https:\/\/idecesos.com\/seguros\/wp-content\/uploads\/2021\/11\/nortehipana_logo.png","datePublished":"2021-11-14T16:09:28+00:00","description":"Lista completa de Oficinas Nortehipana en Huelva Horarios, \u2706 tel\u00e9fonos y direcciones actualizados en 2026 \u2611\ufe0f Verificado por iDecesos.","breadcrumb":{"@id":"https:\/\/idecesos.com\/seguros\/companias\/nortehispana\/huelva\/#breadcrumb"},"inLanguage":"es","potentialAction":[{"@type":"ReadAction","target":["https:\/\/idecesos.com\/seguros\/companias\/nortehispana\/huelva\/"]}]},{"@type":"ImageObject","inLanguage":"es","@id":"https:\/\/idecesos.com\/seguros\/companias\/nortehispana\/huelva\/#primaryimage","url":"https:\/\/idecesos.com\/seguros\/wp-content\/uploads\/2021\/11\/nortehipana_logo.png","contentUrl":"https:\/\/idecesos.com\/seguros\/wp-content\/uploads\/2021\/11\/nortehipana_logo.png","width":300,"height":71},{"@type":"BreadcrumbList","@id":"https:\/\/idecesos.com\/seguros\/companias\/nortehispana\/huelva\/#breadcrumb","itemListElement":[{"@type":"ListItem","position":1,"name":"Portada","item":"https:\/\/idecesos.com\/seguros\/"},{"@type":"ListItem","position":2,"name":"Compa\u00f1\u00edas de Seguros de Decesos en Espa\u00f1a","item":"https:\/\/idecesos.com\/seguros\/companias\/"},{"@type":"ListItem","position":3,"name":"Seguro de Decesos NorteHispana","item":"https:\/\/idecesos.com\/seguros\/companias\/nortehispana\/"},{"@type":"ListItem","position":4,"name":"Oficinas seguros de decesos Nortehipana en Huelva"}]},{"@type":"WebSite","@id":"https:\/\/idecesos.com\/seguros\/#website","url":"https:\/\/idecesos.com\/seguros\/","name":"","description":"","potentialAction":[{"@type":"SearchAction","target":{"@type":"EntryPoint","urlTemplate":"https:\/\/idecesos.com\/seguros\/?s={search_term_string}"},"query-input":{"@type":"PropertyValueSpecification","valueRequired":true,"valueName":"search_term_string"}}],"inLanguage":"es"}]}},"_links":{"self":[{"href":"https:\/\/idecesos.com\/seguros\/wp-json\/wp\/v2\/pages\/14235","targetHints":{"allow":["GET"]}}],"collection":[{"href":"https:\/\/idecesos.com\/seguros\/wp-json\/wp\/v2\/pages"}],"about":[{"href":"https:\/\/idecesos.com\/seguros\/wp-json\/wp\/v2\/types\/page"}],"replies":[{"embeddable":true,"href":"https:\/\/idecesos.com\/seguros\/wp-json\/wp\/v2\/comments?post=14235"}],"version-history":[{"count":0,"href":"https:\/\/idecesos.com\/seguros\/wp-json\/wp\/v2\/pages\/14235\/revisions"}],"up":[{"embeddable":true,"href":"https:\/\/idecesos.com\/seguros\/wp-json\/wp\/v2\/pages\/771"}],"wp:attachment":[{"href":"https:\/\/idecesos.com\/seguros\/wp-json\/wp\/v2\/media?parent=14235"}],"curies":[{"name":"wp","href":"https:\/\/api.w.org\/{rel}","templated":true}]}}