{"id":14243,"date":"2021-11-14T16:09:32","date_gmt":"2021-11-14T16:09:32","guid":{"rendered":"https:\/\/idecesos.com\/seguros\/companias\/nortehispana\/malaga\/"},"modified":"2021-11-14T16:09:32","modified_gmt":"2021-11-14T16:09:32","slug":"malaga","status":"publish","type":"page","link":"https:\/\/idecesos.com\/seguros\/companias\/nortehispana\/malaga\/","title":{"rendered":"Oficinas seguros de decesos Nortehipana en M\u00e1laga"},"content":{"rendered":"<div id=\"ez-toc-container\" class=\"ez-toc-v2_0_82_2 ez-toc-wrap-center counter-hierarchy ez-toc-counter ez-toc-custom ez-toc-container-direction\">\n<div class=\"ez-toc-title-container\">\n<p class=\"ez-toc-title\" style=\"cursor:inherit\">Tabla de Contenido<\/p>\n<span class=\"ez-toc-title-toggle\"><a href=\"#\" class=\"ez-toc-pull-right ez-toc-btn ez-toc-btn-xs ez-toc-btn-default ez-toc-toggle\" aria-label=\"Alternar tabla de contenidos\"><span class=\"ez-toc-js-icon-con\"><span class=\"\"><span class=\"eztoc-hide\" style=\"display:none;\">Toggle<\/span><span class=\"ez-toc-icon-toggle-span\"><svg style=\"fill: #db6415;color:#db6415\" xmlns=\"http:\/\/www.w3.org\/2000\/svg\" class=\"list-377408\" width=\"20px\" height=\"20px\" viewBox=\"0 0 24 24\" fill=\"none\"><path d=\"M6 6H4v2h2V6zm14 0H8v2h12V6zM4 11h2v2H4v-2zm16 0H8v2h12v-2zM4 16h2v2H4v-2zm16 0H8v2h12v-2z\" fill=\"currentColor\"><\/path><\/svg><svg style=\"fill: #db6415;color:#db6415\" class=\"arrow-unsorted-368013\" xmlns=\"http:\/\/www.w3.org\/2000\/svg\" width=\"10px\" height=\"10px\" viewBox=\"0 0 24 24\" version=\"1.2\" baseProfile=\"tiny\"><path d=\"M18.2 9.3l-6.2-6.3-6.2 6.3c-.2.2-.3.4-.3.7s.1.5.3.7c.2.2.4.3.7.3h11c.3 0 .5-.1.7-.3.2-.2.3-.5.3-.7s-.1-.5-.3-.7zM5.8 14.7l6.2 6.3 6.2-6.3c.2-.2.3-.5.3-.7s-.1-.5-.3-.7c-.2-.2-.4-.3-.7-.3h-11c-.3 0-.5.1-.7.3-.2.2-.3.5-.3.7s.1.5.3.7z\"\/><\/svg><\/span><\/span><\/span><\/a><\/span><\/div>\n<nav><ul class='ez-toc-list ez-toc-list-level-1 ' ><li class='ez-toc-page-1 ez-toc-heading-level-2'><a class=\"ez-toc-link ez-toc-heading-1\" href=\"https:\/\/idecesos.com\/seguros\/companias\/nortehispana\/malaga\/#Seguro_de_decesos_Nortehipana_en_Malaga\" >Seguro de decesos Nortehipana en M\u00e1laga<\/a><\/li><li class='ez-toc-page-1 ez-toc-heading-level-2'><a class=\"ez-toc-link ez-toc-heading-2\" href=\"https:\/\/idecesos.com\/seguros\/companias\/nortehispana\/malaga\/#Mapa_de_oficinas_de_seguros_Nortehipana_en_Malaga\" >Mapa de oficinas de seguros Nortehipana en M\u00e1laga<\/a><\/li><li class='ez-toc-page-1 ez-toc-heading-level-2'><a class=\"ez-toc-link ez-toc-heading-3\" href=\"https:\/\/idecesos.com\/seguros\/companias\/nortehispana\/malaga\/#Listado_de_oficinas_Nortehipana_en_Malaga\" >Listado de oficinas Nortehipana en M\u00e1laga<\/a><\/li><li class='ez-toc-page-1 ez-toc-heading-level-2'><a class=\"ez-toc-link ez-toc-heading-4\" href=\"https:\/\/idecesos.com\/seguros\/companias\/nortehispana\/malaga\/#Oficinas_de_seguros_de_decesos_en_Malaga\" >Oficinas de seguros de decesos en M\u00e1laga<\/a><ul class='ez-toc-list-level-3' ><li class='ez-toc-heading-level-3'><a class=\"ez-toc-link ez-toc-heading-5\" href=\"https:\/\/idecesos.com\/seguros\/companias\/nortehispana\/malaga\/#Listado_de_oficinas_Nortehipana_en_Espana\" >Listado de oficinas Nortehipana en Espa\u00f1a<\/a><\/li><\/ul><\/li><\/ul><\/nav><\/div>\n<p><br \/>\n<a href=\"https:\/\/idecesos.com\/seguros\/companias\/nortehispana\/\"><img decoding=\"async\" class=\" alignleft\" src=\"https:\/\/idecesos.com\/seguros\/wp-content\/uploads\/2021\/11\/nortehipana_logo.png\" alt=\"Seguro de decesos Nortehipana\" width=\"336\" height=\"103\" \/><\/a>\u00bfSabes que cuentas con distintas sucursales de Nortehipana en M\u00e1laga? pues te contamos que dispones de diferentes, donde gestionaran tus problemas o bien dudas que tengas sobre tu p\u00f3liza. Cada sucursal tiene un horario diferente. Cada delegaci\u00f3n de empresa aseguradora, cumplir\u00e1 con diferentes tratos, siempre y en todo momento siendo el m\u00e1s \u00fatil con un trato m\u00e1s pr\u00f3ximo, y dentro de ello solucionen los errores que pueden causar. <\/p>\n<p><strong>Oficinas de Nortehipana en M\u00e1laga<\/strong> es dif\u00edcil saber donde se halla situado cada uno de ellos, de ah\u00ed que te traemos en exclusiva los que puedes tener cerca de ti, para cuando m\u00e1s lo precises, gestion\u00e1ndote los inconvenientes que que han podido surgir con tu seguro contratado. Requiriendo este servicio de forma m\u00e1s eficiente y oportuna, siendo pertinente en cualquier circunstancia, sobre el transcurso de la compa\u00f1\u00eda, van a poder administrar la parte complicada sobre tu p\u00f3liza. <\/p>\n<p>Visita nuestra p\u00e1gina de <a href=\"https:\/\/idecesos.com\/seguros\/companias\/nortehispana\/\">seguros de decesos Nortehipana<\/a> para m\u00e1s informaci\u00f3n.<\/p>\n<div class=\"colorf \"  ><div class=\"container clearfix\"><div class=\"col-md-7\">\n<h2><span class=\"ez-toc-section\" id=\"Seguro_de_decesos_Nortehipana_en_Malaga\"><\/span>Seguro de decesos Nortehipana en M\u00e1laga<span class=\"ez-toc-section-end\"><\/span><\/h2>\n<p>Prevenir los errores que puedan ocasionar o surgir a lo largo de la administraci\u00f3n documentaria. Te damos esa tranquilidad de que jam\u00e1s va a suceder. Adapt\u00e1ndose a ti y a tus necesidades o bien circunstancias.\u00bf<strong>A fin de que sirve el servicio de oficinas de Nortehipana en M\u00e1laga<\/strong>? est\u00e1 dirigido a aquellas personas que deseen realizar sus gestiones de forma presencial, es por esta raz\u00f3n que podr\u00e1 asistir a la sucursal que m\u00e1s le interese en cualquier instante. Conseguir\u00e1s de forma m\u00e1s productiva la soluci\u00f3n al error siendo un proceso m\u00e1s f\u00e1cil y conveniente. <\/p>\n<p><strong>Ver m\u00e1s:<\/strong> <a href=\"https:\/\/idecesos.com\/seguros\/ciudades\/malaga\/\">Seguros de decesos en M\u00e1laga<\/a><\/p>\n<p>Como empresa aseguradora nos ocupamos de tu tranquilidad y la de tus seres allegados, por ello hemos querido que en M\u00e1laga, tengas los mejores servicios de calidad amoldados para satisfacer tus necesidades y queden cubiertos. Deseamos que dispongas de esta opci\u00f3n de poder solucionar tus dudas o pedir cita en cuesti\u00f3n de segundos.<br \/>\nResolver tus dudas de Nortehipana nunca hab\u00eda sido tan sencillo. Con respecto a las distintas cuestiones, te traemos las respuestas a todas , recopiladas solo para ti. <strong>M\u00e1s f\u00e1cil no te lo hemos podido poner<\/strong>, con este formulario conseguir\u00e1s tu cita o bien presupuesto, seg\u00fan lo que necesites. Ahorrarte todo el procedimiento, y danto soluciones, eso es nuestro trabajo. <\/p>\n<p><\/div><\/div><\/div>\n\t\t<hr class=\"separador\">\n\t\t<div class=\"bloque-accion\">\n\t\t<p class=\"txt-accion\">Calcula el precio de tu seguro de decesos en menos de 1 minuto<\/p>\n\t\t<a class=\"btn-accion\" href=\"https:\/\/idecesos.com\/\">CALCULAR<\/a>\n\t\t<\/div>\n\t\t<hr class=\"separador\">\n\t\t<\/p>\n<h2><span class=\"ez-toc-section\" id=\"Mapa_de_oficinas_de_seguros_Nortehipana_en_Malaga\"><\/span>Mapa de oficinas de seguros Nortehipana en M\u00e1laga<span class=\"ez-toc-section-end\"><\/span><\/h2>\n<p>Un localizador de oficinas Nortehipana en M\u00e1laga ha venido a gestionar todos y cada uno de los inconvenientes de manera m\u00e1s f\u00e1cil, <strong>cuentas con un mapa por Nortehipana<\/strong> en M\u00e1laga, con la realizaci\u00f3n a su proximidad. Con esto se ahorra tiempo y trabajo tener que buscarlo,  te ahorramos ese tiempo, ya que el tiempo es lo \u00fanico que se marcha y no vuelve. Gracias a nosotros, tu tiempo quedara invertido y gestionado de una manera muy eficiente. Solventara todos y cada uno de los inconvenientes en el momento de la busca merced al localizador. <\/p>\n<p><iframe class=\"page-generator-pro-map\" width=\"100%\" height=\"400\" frameborder=\"0\" style=\"border:0\" src=\"https:\/\/www.google.com\/maps\/embed\/v1\/place?q=Fuengirola%2C+Espa%C3%B1a&#038;zoom=14&#038;maptype=roadmap&#038;key=AIzaSyCNTEOso0tZG6YMSJFoaJEY5Th1stEWrJI\" allowfullscreen><\/iframe><\/p>\n<div class=\"colorf\"><div class=\"container clearfix\"><div class=\"col-md-7\"><div class=\"empresas\">\n<h2><span class=\"ez-toc-section\" id=\"Listado_de_oficinas_Nortehipana_en_Malaga\"><\/span>Listado de oficinas Nortehipana en M\u00e1laga<span class=\"ez-toc-section-end\"><\/span><\/h2>\n<ul>\n<li><strong>Compa\u00f1\u00eda de seguros Espa\u00f1a:<\/strong> 29640<\/li>\n<\/ul>\n<\/div><\/div><\/div><\/div>\n<h2><span class=\"ez-toc-section\" id=\"Oficinas_de_seguros_de_decesos_en_Malaga\"><\/span>Oficinas de seguros de decesos en M\u00e1laga<span class=\"ez-toc-section-end\"><\/span><\/h2>\n<p>Te damos la soluci\u00f3n a tu rompederos de cabeza, te facilitamos un enorme listado de seguros de decesos en M\u00e1laga, accediendo a el de manera veloz y f\u00e1cil. No solo cuentas con eso, tambi\u00e9n tendr\u00e1s la informaci\u00f3n referente a cada uno de ellos de ellos. No te quedes sin resolver tus dudas, con solo un click tendr\u00e1s todo cuanto necesitas saber. Te lo hemos puesto tan sencillo, que jam\u00e1s dudases de nuestro trabajo. <\/p>\n<!-- Shortcode [nortehispana] does not exist -->\n<div class=\"colorf\"><div class=\"container clearfix\"><div class=\"col-md-7\"><div class=\"empresas\">\n<h3><span class=\"ez-toc-section\" id=\"Listado_de_oficinas_Nortehipana_en_Espana\"><\/span>Listado de oficinas Nortehipana en Espa\u00f1a<span class=\"ez-toc-section-end\"><\/span><\/h3>\n<div class=\"enlazado\"><ul><li><a href=\"https:\/\/idecesos.com\/seguros\/companias\/nortehispana\/almeria\/\"><span>Oficinas seguros de decesos Nortehipana en Almer\u00eda<\/span><\/a><\/li><li><a href=\"https:\/\/idecesos.com\/seguros\/companias\/nortehispana\/baleares\/\"><span>Oficinas seguros de decesos Nortehipana en Baleares<\/span><\/a><\/li><li><a href=\"https:\/\/idecesos.com\/seguros\/companias\/nortehispana\/cantabria\/\"><span>Oficinas seguros de decesos Nortehipana en Cantabria<\/span><\/a><\/li><li><a href=\"https:\/\/idecesos.com\/seguros\/companias\/nortehispana\/cordoba\/\"><span>Oficinas seguros de decesos Nortehipana en C\u00f3rdoba<\/span><\/a><\/li><li><a href=\"https:\/\/idecesos.com\/seguros\/companias\/nortehispana\/la-rioja\/\"><span>Oficinas seguros de decesos Nortehipana en La Rioja<\/span><\/a><\/li><li><a href=\"https:\/\/idecesos.com\/seguros\/companias\/nortehispana\/la-coruna\/\"><span>Oficinas seguros de decesos Nortehipana en La coru\u00f1a<\/span><\/a><\/li><li><a href=\"https:\/\/idecesos.com\/seguros\/companias\/nortehispana\/leon\/\"><span>Oficinas seguros de decesos Nortehipana en Le\u00f3n<\/span><\/a><\/li><li><a href=\"https:\/\/idecesos.com\/seguros\/companias\/nortehispana\/pontevedra\/\"><span>Oficinas seguros de decesos Nortehipana en Pontevedra<\/span><\/a><\/li><li><a href=\"https:\/\/idecesos.com\/seguros\/companias\/nortehispana\/salamanca\/\"><span>Oficinas seguros de decesos Nortehipana en Salamanca<\/span><\/a><\/li><li><a href=\"https:\/\/idecesos.com\/seguros\/companias\/nortehispana\/sevilla\/\"><span>Oficinas seguros de decesos Nortehipana en Sevilla<\/span><\/a><\/li><li><a href=\"https:\/\/idecesos.com\/seguros\/companias\/nortehispana\/valladolid\/\"><span>Oficinas seguros de decesos Nortehipana en Valladolid<\/span><\/a><\/li><li><a href=\"https:\/\/idecesos.com\/seguros\/companias\/nortehispana\/vizcaya\/\"><span>Oficinas seguros de decesos Nortehipana en Vizcaya<\/span><\/a><\/li><li><a href=\"https:\/\/idecesos.com\/seguros\/companias\/nortehispana\/zaragoza\/\"><span>Oficinas seguros de decesos Nortehipana en Zaragoza<\/span><\/a><\/li><li><a href=\"https:\/\/idecesos.com\/seguros\/companias\/nortehispana\/opiniones\/\"><span>Opiniones Seguro de Decesos NorteHispana<\/span><\/a><\/li><li><a href=\"https:\/\/idecesos.com\/seguros\/companias\/nortehispana\/prima-natural\/\"><span>Seguro de decesos Nortehispana Prima Natural<\/span><\/a><\/li><li><a href=\"https:\/\/idecesos.com\/seguros\/companias\/nortehispana\/prima-unica\/\"><span>Seguro de decesos Nortehispana Prima \u00danica<\/span><\/a><\/li><\/ul><\/div>\n<div><\/div><\/div><\/div><\/div><\/div>\n","protected":false},"excerpt":{"rendered":"<p>\u00bfSabes que cuentas con distintas sucursales de Nortehipana en M\u00e1laga? pues te contamos que dispones de diferentes, donde gestionaran tus problemas o bien dudas que tengas sobre tu p\u00f3liza. Cada sucursal tiene un horario diferente. Cada delegaci\u00f3n de empresa aseguradora, cumplir\u00e1 con diferentes tratos, siempre y en todo momento siendo el m\u00e1s \u00fatil con un&hellip; <\/p>\n","protected":false},"author":0,"featured_media":0,"parent":771,"menu_order":0,"comment_status":"closed","ping_status":"closed","template":"page-templates\/companies.php","meta":{"footnotes":""},"class_list":["post-14243","page","type-page","status-publish","hentry"],"yoast_head":"<!-- This site is optimized with the Yoast SEO plugin v27.5 - https:\/\/yoast.com\/product\/yoast-seo-wordpress\/ -->\n<title>Oficinas Nortehipana en M\u00e1laga \u25b7Tel\u00e9fonos, Horarios, Direcci\u00f3n<\/title>\n<meta name=\"description\" content=\"Lista completa de Oficinas Nortehipana en M\u00e1laga Horarios, \u2706 tel\u00e9fonos y direcciones actualizados en 2026 \u2611\ufe0f Verificado por iDecesos.\" \/>\n<meta name=\"robots\" content=\"index, follow, max-snippet:-1, max-image-preview:large, max-video-preview:-1\" \/>\n<link rel=\"canonical\" href=\"https:\/\/idecesos.com\/seguros\/companias\/nortehispana\/malaga\/\" \/>\n<meta property=\"og:locale\" content=\"es_ES\" \/>\n<meta property=\"og:type\" content=\"article\" \/>\n<meta property=\"og:title\" content=\"Oficinas Nortehipana en M\u00e1laga \u25b7Tel\u00e9fonos, Horarios, Direcci\u00f3n\" \/>\n<meta property=\"og:description\" content=\"Lista completa de Oficinas Nortehipana en M\u00e1laga Horarios, \u2706 tel\u00e9fonos y direcciones actualizados en 2026 \u2611\ufe0f Verificado por iDecesos.\" \/>\n<meta property=\"og:url\" content=\"https:\/\/idecesos.com\/seguros\/companias\/nortehispana\/malaga\/\" \/>\n<meta property=\"og:image\" content=\"https:\/\/idecesos.com\/seguros\/wp-content\/uploads\/2021\/11\/nortehipana_logo.png\" \/>\n<meta name=\"twitter:card\" content=\"summary_large_image\" \/>\n<meta name=\"twitter:label1\" content=\"Tiempo de lectura\" \/>\n\t<meta name=\"twitter:data1\" content=\"39 minutos\" \/>\n<script type=\"application\/ld+json\" class=\"yoast-schema-graph\">{\"@context\":\"https:\\\/\\\/schema.org\",\"@graph\":[{\"@type\":\"WebPage\",\"@id\":\"https:\\\/\\\/idecesos.com\\\/seguros\\\/companias\\\/nortehispana\\\/malaga\\\/\",\"url\":\"https:\\\/\\\/idecesos.com\\\/seguros\\\/companias\\\/nortehispana\\\/malaga\\\/\",\"name\":\"Oficinas Nortehipana en M\u00e1laga \u25b7Tel\u00e9fonos, Horarios, Direcci\u00f3n\",\"isPartOf\":{\"@id\":\"https:\\\/\\\/idecesos.com\\\/seguros\\\/#website\"},\"primaryImageOfPage\":{\"@id\":\"https:\\\/\\\/idecesos.com\\\/seguros\\\/companias\\\/nortehispana\\\/malaga\\\/#primaryimage\"},\"image\":{\"@id\":\"https:\\\/\\\/idecesos.com\\\/seguros\\\/companias\\\/nortehispana\\\/malaga\\\/#primaryimage\"},\"thumbnailUrl\":\"https:\\\/\\\/idecesos.com\\\/seguros\\\/wp-content\\\/uploads\\\/2021\\\/11\\\/nortehipana_logo.png\",\"datePublished\":\"2021-11-14T16:09:32+00:00\",\"description\":\"Lista completa de Oficinas Nortehipana en M\u00e1laga Horarios, \u2706 tel\u00e9fonos y direcciones actualizados en 2026 \u2611\ufe0f Verificado por iDecesos.\",\"breadcrumb\":{\"@id\":\"https:\\\/\\\/idecesos.com\\\/seguros\\\/companias\\\/nortehispana\\\/malaga\\\/#breadcrumb\"},\"inLanguage\":\"es\",\"potentialAction\":[{\"@type\":\"ReadAction\",\"target\":[\"https:\\\/\\\/idecesos.com\\\/seguros\\\/companias\\\/nortehispana\\\/malaga\\\/\"]}]},{\"@type\":\"ImageObject\",\"inLanguage\":\"es\",\"@id\":\"https:\\\/\\\/idecesos.com\\\/seguros\\\/companias\\\/nortehispana\\\/malaga\\\/#primaryimage\",\"url\":\"https:\\\/\\\/idecesos.com\\\/seguros\\\/wp-content\\\/uploads\\\/2021\\\/11\\\/nortehipana_logo.png\",\"contentUrl\":\"https:\\\/\\\/idecesos.com\\\/seguros\\\/wp-content\\\/uploads\\\/2021\\\/11\\\/nortehipana_logo.png\",\"width\":300,\"height\":71},{\"@type\":\"BreadcrumbList\",\"@id\":\"https:\\\/\\\/idecesos.com\\\/seguros\\\/companias\\\/nortehispana\\\/malaga\\\/#breadcrumb\",\"itemListElement\":[{\"@type\":\"ListItem\",\"position\":1,\"name\":\"Portada\",\"item\":\"https:\\\/\\\/idecesos.com\\\/seguros\\\/\"},{\"@type\":\"ListItem\",\"position\":2,\"name\":\"Compa\u00f1\u00edas de Seguros de Decesos en Espa\u00f1a\",\"item\":\"https:\\\/\\\/idecesos.com\\\/seguros\\\/companias\\\/\"},{\"@type\":\"ListItem\",\"position\":3,\"name\":\"Seguro de Decesos NorteHispana\",\"item\":\"https:\\\/\\\/idecesos.com\\\/seguros\\\/companias\\\/nortehispana\\\/\"},{\"@type\":\"ListItem\",\"position\":4,\"name\":\"Oficinas seguros de decesos Nortehipana en M\u00e1laga\"}]},{\"@type\":\"WebSite\",\"@id\":\"https:\\\/\\\/idecesos.com\\\/seguros\\\/#website\",\"url\":\"https:\\\/\\\/idecesos.com\\\/seguros\\\/\",\"name\":\"\",\"description\":\"\",\"potentialAction\":[{\"@type\":\"SearchAction\",\"target\":{\"@type\":\"EntryPoint\",\"urlTemplate\":\"https:\\\/\\\/idecesos.com\\\/seguros\\\/?s={search_term_string}\"},\"query-input\":{\"@type\":\"PropertyValueSpecification\",\"valueRequired\":true,\"valueName\":\"search_term_string\"}}],\"inLanguage\":\"es\"}]}<\/script>\n<!-- \/ Yoast SEO plugin. -->","yoast_head_json":{"title":"Oficinas Nortehipana en M\u00e1laga \u25b7Tel\u00e9fonos, Horarios, Direcci\u00f3n","description":"Lista completa de Oficinas Nortehipana en M\u00e1laga Horarios, \u2706 tel\u00e9fonos y direcciones actualizados en 2026 \u2611\ufe0f Verificado por iDecesos.","robots":{"index":"index","follow":"follow","max-snippet":"max-snippet:-1","max-image-preview":"max-image-preview:large","max-video-preview":"max-video-preview:-1"},"canonical":"https:\/\/idecesos.com\/seguros\/companias\/nortehispana\/malaga\/","og_locale":"es_ES","og_type":"article","og_title":"Oficinas Nortehipana en M\u00e1laga \u25b7Tel\u00e9fonos, Horarios, Direcci\u00f3n","og_description":"Lista completa de Oficinas Nortehipana en M\u00e1laga Horarios, \u2706 tel\u00e9fonos y direcciones actualizados en 2026 \u2611\ufe0f Verificado por iDecesos.","og_url":"https:\/\/idecesos.com\/seguros\/companias\/nortehispana\/malaga\/","og_image":[{"url":"https:\/\/idecesos.com\/seguros\/wp-content\/uploads\/2021\/11\/nortehipana_logo.png","type":"","width":"","height":""}],"twitter_card":"summary_large_image","twitter_misc":{"Tiempo de lectura":"39 minutos"},"schema":{"@context":"https:\/\/schema.org","@graph":[{"@type":"WebPage","@id":"https:\/\/idecesos.com\/seguros\/companias\/nortehispana\/malaga\/","url":"https:\/\/idecesos.com\/seguros\/companias\/nortehispana\/malaga\/","name":"Oficinas Nortehipana en M\u00e1laga \u25b7Tel\u00e9fonos, Horarios, Direcci\u00f3n","isPartOf":{"@id":"https:\/\/idecesos.com\/seguros\/#website"},"primaryImageOfPage":{"@id":"https:\/\/idecesos.com\/seguros\/companias\/nortehispana\/malaga\/#primaryimage"},"image":{"@id":"https:\/\/idecesos.com\/seguros\/companias\/nortehispana\/malaga\/#primaryimage"},"thumbnailUrl":"https:\/\/idecesos.com\/seguros\/wp-content\/uploads\/2021\/11\/nortehipana_logo.png","datePublished":"2021-11-14T16:09:32+00:00","description":"Lista completa de Oficinas Nortehipana en M\u00e1laga Horarios, \u2706 tel\u00e9fonos y direcciones actualizados en 2026 \u2611\ufe0f Verificado por iDecesos.","breadcrumb":{"@id":"https:\/\/idecesos.com\/seguros\/companias\/nortehispana\/malaga\/#breadcrumb"},"inLanguage":"es","potentialAction":[{"@type":"ReadAction","target":["https:\/\/idecesos.com\/seguros\/companias\/nortehispana\/malaga\/"]}]},{"@type":"ImageObject","inLanguage":"es","@id":"https:\/\/idecesos.com\/seguros\/companias\/nortehispana\/malaga\/#primaryimage","url":"https:\/\/idecesos.com\/seguros\/wp-content\/uploads\/2021\/11\/nortehipana_logo.png","contentUrl":"https:\/\/idecesos.com\/seguros\/wp-content\/uploads\/2021\/11\/nortehipana_logo.png","width":300,"height":71},{"@type":"BreadcrumbList","@id":"https:\/\/idecesos.com\/seguros\/companias\/nortehispana\/malaga\/#breadcrumb","itemListElement":[{"@type":"ListItem","position":1,"name":"Portada","item":"https:\/\/idecesos.com\/seguros\/"},{"@type":"ListItem","position":2,"name":"Compa\u00f1\u00edas de Seguros de Decesos en Espa\u00f1a","item":"https:\/\/idecesos.com\/seguros\/companias\/"},{"@type":"ListItem","position":3,"name":"Seguro de Decesos NorteHispana","item":"https:\/\/idecesos.com\/seguros\/companias\/nortehispana\/"},{"@type":"ListItem","position":4,"name":"Oficinas seguros de decesos Nortehipana en M\u00e1laga"}]},{"@type":"WebSite","@id":"https:\/\/idecesos.com\/seguros\/#website","url":"https:\/\/idecesos.com\/seguros\/","name":"","description":"","potentialAction":[{"@type":"SearchAction","target":{"@type":"EntryPoint","urlTemplate":"https:\/\/idecesos.com\/seguros\/?s={search_term_string}"},"query-input":{"@type":"PropertyValueSpecification","valueRequired":true,"valueName":"search_term_string"}}],"inLanguage":"es"}]}},"_links":{"self":[{"href":"https:\/\/idecesos.com\/seguros\/wp-json\/wp\/v2\/pages\/14243","targetHints":{"allow":["GET"]}}],"collection":[{"href":"https:\/\/idecesos.com\/seguros\/wp-json\/wp\/v2\/pages"}],"about":[{"href":"https:\/\/idecesos.com\/seguros\/wp-json\/wp\/v2\/types\/page"}],"replies":[{"embeddable":true,"href":"https:\/\/idecesos.com\/seguros\/wp-json\/wp\/v2\/comments?post=14243"}],"version-history":[{"count":0,"href":"https:\/\/idecesos.com\/seguros\/wp-json\/wp\/v2\/pages\/14243\/revisions"}],"up":[{"embeddable":true,"href":"https:\/\/idecesos.com\/seguros\/wp-json\/wp\/v2\/pages\/771"}],"wp:attachment":[{"href":"https:\/\/idecesos.com\/seguros\/wp-json\/wp\/v2\/media?parent=14243"}],"curies":[{"name":"wp","href":"https:\/\/api.w.org\/{rel}","templated":true}]}}