{"id":14254,"date":"2021-11-14T16:09:40","date_gmt":"2021-11-14T16:09:40","guid":{"rendered":"https:\/\/idecesos.com\/seguros\/companias\/nortehispana\/valencia\/"},"modified":"2021-11-14T16:09:40","modified_gmt":"2021-11-14T16:09:40","slug":"valencia","status":"publish","type":"page","link":"https:\/\/idecesos.com\/seguros\/companias\/nortehispana\/valencia\/","title":{"rendered":"Oficinas seguros de decesos Nortehipana en Valencia"},"content":{"rendered":"<div id=\"ez-toc-container\" class=\"ez-toc-v2_0_82_2 ez-toc-wrap-center counter-hierarchy ez-toc-counter ez-toc-custom ez-toc-container-direction\">\n<div class=\"ez-toc-title-container\">\n<p class=\"ez-toc-title\" style=\"cursor:inherit\">Tabla de Contenido<\/p>\n<span class=\"ez-toc-title-toggle\"><a href=\"#\" class=\"ez-toc-pull-right ez-toc-btn ez-toc-btn-xs ez-toc-btn-default ez-toc-toggle\" aria-label=\"Alternar tabla de contenidos\"><span class=\"ez-toc-js-icon-con\"><span class=\"\"><span class=\"eztoc-hide\" style=\"display:none;\">Toggle<\/span><span class=\"ez-toc-icon-toggle-span\"><svg style=\"fill: #db6415;color:#db6415\" xmlns=\"http:\/\/www.w3.org\/2000\/svg\" class=\"list-377408\" width=\"20px\" height=\"20px\" viewBox=\"0 0 24 24\" fill=\"none\"><path d=\"M6 6H4v2h2V6zm14 0H8v2h12V6zM4 11h2v2H4v-2zm16 0H8v2h12v-2zM4 16h2v2H4v-2zm16 0H8v2h12v-2z\" fill=\"currentColor\"><\/path><\/svg><svg style=\"fill: #db6415;color:#db6415\" class=\"arrow-unsorted-368013\" xmlns=\"http:\/\/www.w3.org\/2000\/svg\" width=\"10px\" height=\"10px\" viewBox=\"0 0 24 24\" version=\"1.2\" baseProfile=\"tiny\"><path d=\"M18.2 9.3l-6.2-6.3-6.2 6.3c-.2.2-.3.4-.3.7s.1.5.3.7c.2.2.4.3.7.3h11c.3 0 .5-.1.7-.3.2-.2.3-.5.3-.7s-.1-.5-.3-.7zM5.8 14.7l6.2 6.3 6.2-6.3c.2-.2.3-.5.3-.7s-.1-.5-.3-.7c-.2-.2-.4-.3-.7-.3h-11c-.3 0-.5.1-.7.3-.2.2-.3.5-.3.7s.1.5.3.7z\"\/><\/svg><\/span><\/span><\/span><\/a><\/span><\/div>\n<nav><ul class='ez-toc-list ez-toc-list-level-1 ' ><li class='ez-toc-page-1 ez-toc-heading-level-2'><a class=\"ez-toc-link ez-toc-heading-1\" href=\"https:\/\/idecesos.com\/seguros\/companias\/nortehispana\/valencia\/#Seguro_de_decesos_Nortehipana_en_Valencia\" >Seguro de decesos Nortehipana en Valencia<\/a><\/li><li class='ez-toc-page-1 ez-toc-heading-level-2'><a class=\"ez-toc-link ez-toc-heading-2\" href=\"https:\/\/idecesos.com\/seguros\/companias\/nortehispana\/valencia\/#Mapa_de_agencias_de_seguros_Nortehipana_en_Valencia\" >Mapa de agencias de seguros Nortehipana en Valencia<\/a><\/li><li class='ez-toc-page-1 ez-toc-heading-level-2'><a class=\"ez-toc-link ez-toc-heading-3\" href=\"https:\/\/idecesos.com\/seguros\/companias\/nortehispana\/valencia\/#Listado_de_oficinas_Nortehipana_en_Valencia\" >Listado de oficinas Nortehipana en Valencia<\/a><\/li><li class='ez-toc-page-1 ez-toc-heading-level-2'><a class=\"ez-toc-link ez-toc-heading-4\" href=\"https:\/\/idecesos.com\/seguros\/companias\/nortehispana\/valencia\/#Oficinas_de_seguros_de_decesos_en_Valencia\" >Oficinas de seguros de decesos en Valencia<\/a><ul class='ez-toc-list-level-3' ><li class='ez-toc-heading-level-3'><a class=\"ez-toc-link ez-toc-heading-5\" href=\"https:\/\/idecesos.com\/seguros\/companias\/nortehispana\/valencia\/#Listado_de_oficinas_Nortehipana_en_Espana\" >Listado de oficinas Nortehipana en Espa\u00f1a<\/a><\/li><\/ul><\/li><\/ul><\/nav><\/div>\n<p><br \/>\n<a href=\"https:\/\/idecesos.com\/seguros\/companias\/nortehispana\/\"><img decoding=\"async\" class=\" alignleft\" src=\"https:\/\/idecesos.com\/seguros\/wp-content\/uploads\/2021\/11\/nortehipana_logo.png\" alt=\"Seguro de decesos Nortehipana\" width=\"336\" height=\"103\" \/><\/a>Te dan calidad en servicio como en atenci\u00f3n, puedes acudir a sus distintas sucursales de Nortehipana en Valencia. Cada horario cambiara seg\u00fan la temporada en que se encuentre. Siempre puede ocurrir algo inesperado por ello es de bien saber d\u00f3nde se pueden localizar las diferentes sucursales de Nortehipana <strong>cerca de nosotros en Valencia. <\/strong>Ellos se encargasen de administrar todos tus inconvenientes de una manera m\u00e1s r\u00e1pida. \u00a0<\/p>\n<p>Gracias a ello, Nortehipana le ofrece un servicio cercano y una comunicaci\u00f3n adaptada a trav\u00e9s de su servicio de oficinas, de car\u00e1cter m\u00e1s familiar, por ello conocer donde se encuentra cada uno es ineludible. Sin importar lo m\u00e1s m\u00ednimo el momento, nos van a dar la calidad de prestaci\u00f3n muy elevada. Es de m\u00e1xima importancia contar en todo momento con grandes profesionales en el campo, pudiendo conseguir de manera r\u00e1pida su presupuesto. <\/p>\n<p>Visita nuestra p\u00e1gina de <a href=\"https:\/\/idecesos.com\/seguros\/companias\/nortehispana\/\">seguros de decesos Nortehipana<\/a> para m\u00e1s informaci\u00f3n.<\/p>\n<div class=\"colorf \"  ><div class=\"container clearfix\"><div class=\"col-md-7\">\n<h2><span class=\"ez-toc-section\" id=\"Seguro_de_decesos_Nortehipana_en_Valencia\"><\/span>Seguro de decesos Nortehipana en Valencia<span class=\"ez-toc-section-end\"><\/span><\/h2>\n<p>Dentro de las distintas <strong>empresas aseguradoras en Valencia,<\/strong> resaltamos no solo por el nombre, sobresalimos a la opini\u00f3n y sugerencia de cada cliente del servicio, donde mejoramos para prestarle un servicio de calidad premium. Sabemos que es complicado conseguir un presupuesto, donde cuesta comprender toda la informaci\u00f3n, nosotros te regalamos la ocasi\u00f3n de poder acceder inmediatamente a pedir tu presupuesto de Nortehipana en Valencia, recibir\u00e1s la informaci\u00f3n pedida en el instante ahorr\u00e1ndote tiempo en todo instante. <\/p>\n<p><strong>Ver m\u00e1s:<\/strong> <a href=\"https:\/\/idecesos.com\/seguros\/ciudades\/valencia\/\">Seguros de decesos en Valencia<\/a><\/p>\n<p><strong>No es solo un formulario<\/strong>, es lo que solventara todos tus problemas a la hora de obtener un presupuesto. En tan solo un instante. Es una gran aportaci\u00f3n en el momento de comprender lo que vas a liquidar en todo momento, quedando resuelto las dudas. En todo momento veras los pagos que realizases en los pr\u00f3ximos meses, y de esta forma evitaras cualquier error. Sin precisar abonar nada, tan simple. haz clic en presupuesto y obt\u00e9n el tuyo sin necesidades de registros. Aseguramos que tengas la calma que te mereces, por eso te regalamos toda la informaci\u00f3n que necesites sin ning\u00fan compromiso. <\/p>\n<p><\/div><\/div><\/div>\n\t\t<hr class=\"separador\">\n\t\t<div class=\"bloque-accion\">\n\t\t<p class=\"txt-accion\">Calcula el precio de tu seguro de decesos en menos de 1 minuto<\/p>\n\t\t<a class=\"btn-accion\" href=\"https:\/\/idecesos.com\/\">CALCULAR<\/a>\n\t\t<\/div>\n\t\t<hr class=\"separador\">\n\t\t<\/p>\n<h2><span class=\"ez-toc-section\" id=\"Mapa_de_agencias_de_seguros_Nortehipana_en_Valencia\"><\/span>Mapa de agencias de seguros Nortehipana en Valencia<span class=\"ez-toc-section-end\"><\/span><\/h2>\n<p>Como puedes observar cuentas con un localizador de sucursales de Nortehipana en Valencia con toda la informaci\u00f3n necesaria , incluyendo de esta manera un mapa por cada Nortehipana en Valencia. Evit\u00e1ndote muchos pasos, obtendr\u00e1s de forma m\u00e1s sencilla la informaci\u00f3n que precises. Por un momento conseguir\u00e1s tenerlo en tus manos. Nos gusta facilitarte la vida de ah\u00ed que pensamos en las opciones mejores para que puedas solucionar tus dudas. <\/p>\n<p><iframe class=\"page-generator-pro-map\" width=\"100%\" height=\"400\" frameborder=\"0\" style=\"border:0\" src=\"https:\/\/www.google.com\/maps\/embed\/v1\/place?q=Puerto+de+Sagunto%2C+Espa%C3%B1a&#038;zoom=14&#038;maptype=roadmap&#038;key=AIzaSyCNTEOso0tZG6YMSJFoaJEY5Th1stEWrJI\" allowfullscreen><\/iframe><\/p>\n<div class=\"colorf\"><div class=\"container clearfix\"><div class=\"col-md-7\"><div class=\"empresas\">\n<h2><span class=\"ez-toc-section\" id=\"Listado_de_oficinas_Nortehipana_en_Valencia\"><\/span>Listado de oficinas Nortehipana en Valencia<span class=\"ez-toc-section-end\"><\/span><\/h2>\n<ul>\n<li><strong>Compa\u00f1\u00eda de seguros Espa\u00f1a:<\/strong> 46520<\/li>\n<\/ul>\n<\/div><\/div><\/div><\/div>\n<h2><span class=\"ez-toc-section\" id=\"Oficinas_de_seguros_de_decesos_en_Valencia\"><\/span>Oficinas de seguros de decesos en Valencia<span class=\"ez-toc-section-end\"><\/span><\/h2>\n<p>Deseamos que cuentes en todo momento con un <strong>listado de empresas aseguradoras de defunci\u00f3n en Valencia<\/strong> pero queremos que lo tengas de manera sencilla y c\u00f3moda. No solo cuentas con eso, asimismo vas a tener la informaci\u00f3n referente a cada uno de ellos. No te quedes sin solucionar tus dudas, con solo un click tendr\u00e1s todo cuanto necesitas saber. Nos agrada ponerte las cosas f\u00e1ciles, por ello cuentas con nosotros. <\/p>\n<!-- Shortcode [nortehispana] does not exist -->\n<div class=\"colorf\"><div class=\"container clearfix\"><div class=\"col-md-7\"><div class=\"empresas\">\n<h3><span class=\"ez-toc-section\" id=\"Listado_de_oficinas_Nortehipana_en_Espana\"><\/span>Listado de oficinas Nortehipana en Espa\u00f1a<span class=\"ez-toc-section-end\"><\/span><\/h3>\n<div class=\"enlazado\"><ul><li><a href=\"https:\/\/idecesos.com\/seguros\/companias\/nortehispana\/albacete\/\"><span>Oficinas seguros de decesos Nortehipana en Albacete<\/span><\/a><\/li><li><a href=\"https:\/\/idecesos.com\/seguros\/companias\/nortehispana\/asturias\/\"><span>Oficinas seguros de decesos Nortehipana en Asturias<\/span><\/a><\/li><li><a href=\"https:\/\/idecesos.com\/seguros\/companias\/nortehispana\/castellon\/\"><span>Oficinas seguros de decesos Nortehipana en Castell\u00f3n<\/span><\/a><\/li><li><a href=\"https:\/\/idecesos.com\/seguros\/companias\/nortehispana\/cordoba\/\"><span>Oficinas seguros de decesos Nortehipana en C\u00f3rdoba<\/span><\/a><\/li><li><a href=\"https:\/\/idecesos.com\/seguros\/companias\/nortehispana\/guadalajara\/\"><span>Oficinas seguros de decesos Nortehipana en Guadalajara<\/span><\/a><\/li><li><a href=\"https:\/\/idecesos.com\/seguros\/companias\/nortehispana\/huelva\/\"><span>Oficinas seguros de decesos Nortehipana en Huelva<\/span><\/a><\/li><li><a href=\"https:\/\/idecesos.com\/seguros\/companias\/nortehispana\/la-rioja\/\"><span>Oficinas seguros de decesos Nortehipana en La Rioja<\/span><\/a><\/li><li><a href=\"https:\/\/idecesos.com\/seguros\/companias\/nortehispana\/las-palmas\/\"><span>Oficinas seguros de decesos Nortehipana en Las palmas<\/span><\/a><\/li><li><a href=\"https:\/\/idecesos.com\/seguros\/companias\/nortehispana\/leon\/\"><span>Oficinas seguros de decesos Nortehipana en Le\u00f3n<\/span><\/a><\/li><li><a href=\"https:\/\/idecesos.com\/seguros\/companias\/nortehispana\/lerida\/\"><span>Oficinas seguros de decesos Nortehipana en L\u00e9rida<\/span><\/a><\/li><li><a href=\"https:\/\/idecesos.com\/seguros\/companias\/nortehispana\/madrid\/\"><span>Oficinas seguros de decesos Nortehipana en Madrid<\/span><\/a><\/li><li><a href=\"https:\/\/idecesos.com\/seguros\/companias\/nortehispana\/valladolid\/\"><span>Oficinas seguros de decesos Nortehipana en Valladolid<\/span><\/a><\/li><li><a href=\"https:\/\/idecesos.com\/seguros\/companias\/nortehispana\/zamora\/\"><span>Oficinas seguros de decesos Nortehipana en Zamora<\/span><\/a><\/li><li><a href=\"https:\/\/idecesos.com\/seguros\/companias\/nortehispana\/alava\/\"><span>Oficinas seguros de decesos Nortehipana en \u00c1lava<\/span><\/a><\/li><li><a href=\"https:\/\/idecesos.com\/seguros\/companias\/nortehispana\/prima-nivelada\/\"><span>Seguro de decesos Nortehispana Prima Nivelada<\/span><\/a><\/li><li><a href=\"https:\/\/idecesos.com\/seguros\/companias\/nortehispana\/dar-de-baja\/\"><span>\u00bfC\u00f3mo dar de baja seguro Nortehispana?<\/span><\/a><\/li><\/ul><\/div>\n<div><\/div><\/div><\/div><\/div><\/div>\n","protected":false},"excerpt":{"rendered":"<p>Te dan calidad en servicio como en atenci\u00f3n, puedes acudir a sus distintas sucursales de Nortehipana en Valencia. Cada horario cambiara seg\u00fan la temporada en que se encuentre. Siempre puede ocurrir algo inesperado por ello es de bien saber d\u00f3nde se pueden localizar las diferentes sucursales de Nortehipana cerca de nosotros en Valencia. Ellos se&hellip; <\/p>\n","protected":false},"author":0,"featured_media":0,"parent":771,"menu_order":0,"comment_status":"closed","ping_status":"closed","template":"page-templates\/companies.php","meta":{"footnotes":""},"class_list":["post-14254","page","type-page","status-publish","hentry"],"yoast_head":"<!-- This site is optimized with the Yoast SEO plugin v27.3 - https:\/\/yoast.com\/product\/yoast-seo-wordpress\/ -->\n<title>Oficinas Nortehipana en Valencia \u25b7Tel\u00e9fonos, Horarios, Direcci\u00f3n<\/title>\n<meta name=\"description\" content=\"Lista completa de Oficinas Nortehipana en Valencia Horarios, \u2706 tel\u00e9fonos y direcciones actualizados en 2026 \u2611\ufe0f Verificado por iDecesos.\" \/>\n<meta name=\"robots\" content=\"index, follow, max-snippet:-1, max-image-preview:large, max-video-preview:-1\" \/>\n<link rel=\"canonical\" href=\"https:\/\/idecesos.com\/seguros\/companias\/nortehispana\/valencia\/\" \/>\n<meta property=\"og:locale\" content=\"es_ES\" \/>\n<meta property=\"og:type\" content=\"article\" \/>\n<meta property=\"og:title\" content=\"Oficinas Nortehipana en Valencia \u25b7Tel\u00e9fonos, Horarios, Direcci\u00f3n\" \/>\n<meta property=\"og:description\" content=\"Lista completa de Oficinas Nortehipana en Valencia Horarios, \u2706 tel\u00e9fonos y direcciones actualizados en 2026 \u2611\ufe0f Verificado por iDecesos.\" \/>\n<meta property=\"og:url\" content=\"https:\/\/idecesos.com\/seguros\/companias\/nortehispana\/valencia\/\" \/>\n<meta property=\"og:image\" content=\"https:\/\/idecesos.com\/seguros\/wp-content\/uploads\/2021\/11\/nortehipana_logo.png\" \/>\n<meta name=\"twitter:card\" content=\"summary_large_image\" \/>\n<meta name=\"twitter:label1\" content=\"Tiempo de lectura\" \/>\n\t<meta name=\"twitter:data1\" content=\"39 minutos\" \/>\n<script type=\"application\/ld+json\" class=\"yoast-schema-graph\">{\"@context\":\"https:\\\/\\\/schema.org\",\"@graph\":[{\"@type\":\"WebPage\",\"@id\":\"https:\\\/\\\/idecesos.com\\\/seguros\\\/companias\\\/nortehispana\\\/valencia\\\/\",\"url\":\"https:\\\/\\\/idecesos.com\\\/seguros\\\/companias\\\/nortehispana\\\/valencia\\\/\",\"name\":\"Oficinas Nortehipana en Valencia \u25b7Tel\u00e9fonos, Horarios, Direcci\u00f3n\",\"isPartOf\":{\"@id\":\"https:\\\/\\\/idecesos.com\\\/seguros\\\/#website\"},\"primaryImageOfPage\":{\"@id\":\"https:\\\/\\\/idecesos.com\\\/seguros\\\/companias\\\/nortehispana\\\/valencia\\\/#primaryimage\"},\"image\":{\"@id\":\"https:\\\/\\\/idecesos.com\\\/seguros\\\/companias\\\/nortehispana\\\/valencia\\\/#primaryimage\"},\"thumbnailUrl\":\"https:\\\/\\\/idecesos.com\\\/seguros\\\/wp-content\\\/uploads\\\/2021\\\/11\\\/nortehipana_logo.png\",\"datePublished\":\"2021-11-14T16:09:40+00:00\",\"description\":\"Lista completa de Oficinas Nortehipana en Valencia Horarios, \u2706 tel\u00e9fonos y direcciones actualizados en 2026 \u2611\ufe0f Verificado por iDecesos.\",\"breadcrumb\":{\"@id\":\"https:\\\/\\\/idecesos.com\\\/seguros\\\/companias\\\/nortehispana\\\/valencia\\\/#breadcrumb\"},\"inLanguage\":\"es\",\"potentialAction\":[{\"@type\":\"ReadAction\",\"target\":[\"https:\\\/\\\/idecesos.com\\\/seguros\\\/companias\\\/nortehispana\\\/valencia\\\/\"]}]},{\"@type\":\"ImageObject\",\"inLanguage\":\"es\",\"@id\":\"https:\\\/\\\/idecesos.com\\\/seguros\\\/companias\\\/nortehispana\\\/valencia\\\/#primaryimage\",\"url\":\"https:\\\/\\\/idecesos.com\\\/seguros\\\/wp-content\\\/uploads\\\/2021\\\/11\\\/nortehipana_logo.png\",\"contentUrl\":\"https:\\\/\\\/idecesos.com\\\/seguros\\\/wp-content\\\/uploads\\\/2021\\\/11\\\/nortehipana_logo.png\",\"width\":300,\"height\":71},{\"@type\":\"BreadcrumbList\",\"@id\":\"https:\\\/\\\/idecesos.com\\\/seguros\\\/companias\\\/nortehispana\\\/valencia\\\/#breadcrumb\",\"itemListElement\":[{\"@type\":\"ListItem\",\"position\":1,\"name\":\"Portada\",\"item\":\"https:\\\/\\\/idecesos.com\\\/seguros\\\/\"},{\"@type\":\"ListItem\",\"position\":2,\"name\":\"Compa\u00f1\u00edas de Seguros de Decesos en Espa\u00f1a\",\"item\":\"https:\\\/\\\/idecesos.com\\\/seguros\\\/companias\\\/\"},{\"@type\":\"ListItem\",\"position\":3,\"name\":\"Seguro de Decesos NorteHispana\",\"item\":\"https:\\\/\\\/idecesos.com\\\/seguros\\\/companias\\\/nortehispana\\\/\"},{\"@type\":\"ListItem\",\"position\":4,\"name\":\"Oficinas seguros de decesos Nortehipana en Valencia\"}]},{\"@type\":\"WebSite\",\"@id\":\"https:\\\/\\\/idecesos.com\\\/seguros\\\/#website\",\"url\":\"https:\\\/\\\/idecesos.com\\\/seguros\\\/\",\"name\":\"\",\"description\":\"\",\"potentialAction\":[{\"@type\":\"SearchAction\",\"target\":{\"@type\":\"EntryPoint\",\"urlTemplate\":\"https:\\\/\\\/idecesos.com\\\/seguros\\\/?s={search_term_string}\"},\"query-input\":{\"@type\":\"PropertyValueSpecification\",\"valueRequired\":true,\"valueName\":\"search_term_string\"}}],\"inLanguage\":\"es\"}]}<\/script>\n<!-- \/ Yoast SEO plugin. -->","yoast_head_json":{"title":"Oficinas Nortehipana en Valencia \u25b7Tel\u00e9fonos, Horarios, Direcci\u00f3n","description":"Lista completa de Oficinas Nortehipana en Valencia Horarios, \u2706 tel\u00e9fonos y direcciones actualizados en 2026 \u2611\ufe0f Verificado por iDecesos.","robots":{"index":"index","follow":"follow","max-snippet":"max-snippet:-1","max-image-preview":"max-image-preview:large","max-video-preview":"max-video-preview:-1"},"canonical":"https:\/\/idecesos.com\/seguros\/companias\/nortehispana\/valencia\/","og_locale":"es_ES","og_type":"article","og_title":"Oficinas Nortehipana en Valencia \u25b7Tel\u00e9fonos, Horarios, Direcci\u00f3n","og_description":"Lista completa de Oficinas Nortehipana en Valencia Horarios, \u2706 tel\u00e9fonos y direcciones actualizados en 2026 \u2611\ufe0f Verificado por iDecesos.","og_url":"https:\/\/idecesos.com\/seguros\/companias\/nortehispana\/valencia\/","og_image":[{"url":"https:\/\/idecesos.com\/seguros\/wp-content\/uploads\/2021\/11\/nortehipana_logo.png","type":"","width":"","height":""}],"twitter_card":"summary_large_image","twitter_misc":{"Tiempo de lectura":"39 minutos"},"schema":{"@context":"https:\/\/schema.org","@graph":[{"@type":"WebPage","@id":"https:\/\/idecesos.com\/seguros\/companias\/nortehispana\/valencia\/","url":"https:\/\/idecesos.com\/seguros\/companias\/nortehispana\/valencia\/","name":"Oficinas Nortehipana en Valencia \u25b7Tel\u00e9fonos, Horarios, Direcci\u00f3n","isPartOf":{"@id":"https:\/\/idecesos.com\/seguros\/#website"},"primaryImageOfPage":{"@id":"https:\/\/idecesos.com\/seguros\/companias\/nortehispana\/valencia\/#primaryimage"},"image":{"@id":"https:\/\/idecesos.com\/seguros\/companias\/nortehispana\/valencia\/#primaryimage"},"thumbnailUrl":"https:\/\/idecesos.com\/seguros\/wp-content\/uploads\/2021\/11\/nortehipana_logo.png","datePublished":"2021-11-14T16:09:40+00:00","description":"Lista completa de Oficinas Nortehipana en Valencia Horarios, \u2706 tel\u00e9fonos y direcciones actualizados en 2026 \u2611\ufe0f Verificado por iDecesos.","breadcrumb":{"@id":"https:\/\/idecesos.com\/seguros\/companias\/nortehispana\/valencia\/#breadcrumb"},"inLanguage":"es","potentialAction":[{"@type":"ReadAction","target":["https:\/\/idecesos.com\/seguros\/companias\/nortehispana\/valencia\/"]}]},{"@type":"ImageObject","inLanguage":"es","@id":"https:\/\/idecesos.com\/seguros\/companias\/nortehispana\/valencia\/#primaryimage","url":"https:\/\/idecesos.com\/seguros\/wp-content\/uploads\/2021\/11\/nortehipana_logo.png","contentUrl":"https:\/\/idecesos.com\/seguros\/wp-content\/uploads\/2021\/11\/nortehipana_logo.png","width":300,"height":71},{"@type":"BreadcrumbList","@id":"https:\/\/idecesos.com\/seguros\/companias\/nortehispana\/valencia\/#breadcrumb","itemListElement":[{"@type":"ListItem","position":1,"name":"Portada","item":"https:\/\/idecesos.com\/seguros\/"},{"@type":"ListItem","position":2,"name":"Compa\u00f1\u00edas de Seguros de Decesos en Espa\u00f1a","item":"https:\/\/idecesos.com\/seguros\/companias\/"},{"@type":"ListItem","position":3,"name":"Seguro de Decesos NorteHispana","item":"https:\/\/idecesos.com\/seguros\/companias\/nortehispana\/"},{"@type":"ListItem","position":4,"name":"Oficinas seguros de decesos Nortehipana en Valencia"}]},{"@type":"WebSite","@id":"https:\/\/idecesos.com\/seguros\/#website","url":"https:\/\/idecesos.com\/seguros\/","name":"","description":"","potentialAction":[{"@type":"SearchAction","target":{"@type":"EntryPoint","urlTemplate":"https:\/\/idecesos.com\/seguros\/?s={search_term_string}"},"query-input":{"@type":"PropertyValueSpecification","valueRequired":true,"valueName":"search_term_string"}}],"inLanguage":"es"}]}},"_links":{"self":[{"href":"https:\/\/idecesos.com\/seguros\/wp-json\/wp\/v2\/pages\/14254","targetHints":{"allow":["GET"]}}],"collection":[{"href":"https:\/\/idecesos.com\/seguros\/wp-json\/wp\/v2\/pages"}],"about":[{"href":"https:\/\/idecesos.com\/seguros\/wp-json\/wp\/v2\/types\/page"}],"replies":[{"embeddable":true,"href":"https:\/\/idecesos.com\/seguros\/wp-json\/wp\/v2\/comments?post=14254"}],"version-history":[{"count":0,"href":"https:\/\/idecesos.com\/seguros\/wp-json\/wp\/v2\/pages\/14254\/revisions"}],"up":[{"embeddable":true,"href":"https:\/\/idecesos.com\/seguros\/wp-json\/wp\/v2\/pages\/771"}],"wp:attachment":[{"href":"https:\/\/idecesos.com\/seguros\/wp-json\/wp\/v2\/media?parent=14254"}],"curies":[{"name":"wp","href":"https:\/\/api.w.org\/{rel}","templated":true}]}}