{"id":14327,"date":"2021-11-15T12:49:52","date_gmt":"2021-11-15T12:49:52","guid":{"rendered":"https:\/\/idecesos.com\/seguros\/companias\/adeslas\/cordoba\/"},"modified":"2021-11-15T12:49:52","modified_gmt":"2021-11-15T12:49:52","slug":"cordoba","status":"publish","type":"page","link":"https:\/\/idecesos.com\/seguros\/companias\/adeslas\/cordoba\/","title":{"rendered":"Oficinas seguros de decesos Adeslas en C\u00f3rdoba"},"content":{"rendered":"<div id=\"ez-toc-container\" class=\"ez-toc-v2_0_83 ez-toc-wrap-center counter-hierarchy ez-toc-counter ez-toc-custom ez-toc-container-direction\">\n<div class=\"ez-toc-title-container\">\n<p class=\"ez-toc-title\" style=\"cursor:inherit\">Tabla de Contenido<\/p>\n<span class=\"ez-toc-title-toggle\"><a href=\"#\" class=\"ez-toc-pull-right ez-toc-btn ez-toc-btn-xs ez-toc-btn-default ez-toc-toggle\" aria-label=\"Alternar tabla de contenidos\"><span class=\"ez-toc-js-icon-con\"><span class=\"\"><span class=\"eztoc-hide\" style=\"display:none;\">Toggle<\/span><span class=\"ez-toc-icon-toggle-span\"><svg style=\"fill: #db6415;color:#db6415\" xmlns=\"http:\/\/www.w3.org\/2000\/svg\" class=\"list-377408\" width=\"20px\" height=\"20px\" viewBox=\"0 0 24 24\" fill=\"none\"><path d=\"M6 6H4v2h2V6zm14 0H8v2h12V6zM4 11h2v2H4v-2zm16 0H8v2h12v-2zM4 16h2v2H4v-2zm16 0H8v2h12v-2z\" fill=\"currentColor\"><\/path><\/svg><svg style=\"fill: #db6415;color:#db6415\" class=\"arrow-unsorted-368013\" xmlns=\"http:\/\/www.w3.org\/2000\/svg\" width=\"10px\" height=\"10px\" viewBox=\"0 0 24 24\" version=\"1.2\" baseProfile=\"tiny\"><path d=\"M18.2 9.3l-6.2-6.3-6.2 6.3c-.2.2-.3.4-.3.7s.1.5.3.7c.2.2.4.3.7.3h11c.3 0 .5-.1.7-.3.2-.2.3-.5.3-.7s-.1-.5-.3-.7zM5.8 14.7l6.2 6.3 6.2-6.3c.2-.2.3-.5.3-.7s-.1-.5-.3-.7c-.2-.2-.4-.3-.7-.3h-11c-.3 0-.5.1-.7.3-.2.2-.3.5-.3.7s.1.5.3.7z\"\/><\/svg><\/span><\/span><\/span><\/a><\/span><\/div>\n<nav><ul class='ez-toc-list ez-toc-list-level-1 ' ><li class='ez-toc-page-1 ez-toc-heading-level-2'><a class=\"ez-toc-link ez-toc-heading-1\" href=\"https:\/\/idecesos.com\/seguros\/companias\/adeslas\/cordoba\/#Seguro_de_decesos_Adeslas_en_Cordoba\" >Seguro de decesos Adeslas en C\u00f3rdoba<\/a><\/li><li class='ez-toc-page-1 ez-toc-heading-level-2'><a class=\"ez-toc-link ez-toc-heading-2\" href=\"https:\/\/idecesos.com\/seguros\/companias\/adeslas\/cordoba\/#Mapa_de_agencias_de_seguros_Adeslas_en_Cordoba\" >Mapa de agencias de seguros Adeslas en C\u00f3rdoba<\/a><\/li><li class='ez-toc-page-1 ez-toc-heading-level-2'><a class=\"ez-toc-link ez-toc-heading-3\" href=\"https:\/\/idecesos.com\/seguros\/companias\/adeslas\/cordoba\/#Listado_de_oficinas_Adeslas_en_Cordoba\" >Listado de oficinas Adeslas en C\u00f3rdoba<\/a><\/li><li class='ez-toc-page-1 ez-toc-heading-level-2'><a class=\"ez-toc-link ez-toc-heading-4\" href=\"https:\/\/idecesos.com\/seguros\/companias\/adeslas\/cordoba\/#Agencias_de_seguros_de_decesos_en_Cordoba\" >Agencias de seguros de decesos en C\u00f3rdoba<\/a><ul class='ez-toc-list-level-3' ><li class='ez-toc-heading-level-3'><a class=\"ez-toc-link ez-toc-heading-5\" href=\"https:\/\/idecesos.com\/seguros\/companias\/adeslas\/cordoba\/#Listado_de_sucursales_Adeslas_en_Espana\" >Listado de sucursales Adeslas en Espa\u00f1a<\/a><\/li><\/ul><\/li><\/ul><\/nav><\/div>\n<p><br \/>\n<a href=\"https:\/\/idecesos.com\/seguros\/companias\/adeslas\/\"><img decoding=\"async\" class=\" alignleft\" src=\"https:\/\/idecesos.com\/seguros\/wp-content\/uploads\/2021\/09\/logo-adeslas-seguro-decesos.jpg\" alt=\"Seguro de decesos Adeslas\" width=\"336\" height=\"103\" \/><\/a>Cada ofina de Adeslas se halla en diferentes puntos, queremos que dispongas de las diferentes oficinas de Adeslas en C\u00f3rdoba donde la calidad del servicio son las m\u00e1s resaltables y donde gestionaran toda la documentaci\u00f3n pertinente. Aparte de que tengan experiencia es importante las cualidades que presenten para el campo, nos guie en todo momento de la manera correcta. Te damos accedo a nuestros servicio de manera veloz y c\u00f3moda. \u00bfD\u00f3nde localizar oficinas de Adeslas en C\u00f3rdoba? ahora podr\u00e1s saber si est\u00e1 en tu ratio, donde te aseguramos que llegues hasta el punto donde precises. <\/p>\n<p>EMPRESA nos proporciona un servicio de calidad con car\u00e1cter m\u00e1s pr\u00f3ximo, con un nivel de comunicaci\u00f3n excepcional, merced a contar con su oficina. Es necesario saber d\u00f3nde localizarlo. Con respecto a sus servicios ser\u00e1n puesto en marcha en cualquier situaci\u00f3n. Cuentas en todo instante de grandes especialistas cualificados, d\u00f3nde podr\u00e1s obtener un presupuesto en el momento. <\/p>\n<p>Visita nuestra p\u00e1gina de <a href=\"https:\/\/idecesos.com\/seguros\/companias\/adeslas\/\">seguros de decesos Adeslas<\/a> para m\u00e1s informaci\u00f3n.<\/p>\n<div class=\"colorf \"  ><div class=\"container clearfix\"><div class=\"col-md-7\">\n<h2><span class=\"ez-toc-section\" id=\"Seguro_de_decesos_Adeslas_en_Cordoba\"><\/span>Seguro de decesos Adeslas en C\u00f3rdoba<span class=\"ez-toc-section-end\"><\/span><\/h2>\n<p>Prevenir los errores que puedan ocasionar o bien surgir durante la administraci\u00f3n documentaria. Te damos esa tranquilidad de que jam\u00e1s suceder\u00e1. Teniendo en cuenta que cubren sus deseos en la circunstancia que se encuentre. \u00bfCu\u00e1l es el fin de contar con un servicio de oficinas de Adeslas en C\u00f3rdoba? sin ir m\u00e1s lejos est\u00e1 pensado a fin de que puedan solventar los problemas de manera presencial y que quede resuelto en el momento. Cubrir todas y cada una de las cuestiones que broten, donde quedara solucionado sus inconvenientes de una manera m\u00e1s simple. <\/p>\n<p><strong>Ver m\u00e1s:<\/strong> <a href=\"https:\/\/idecesos.com\/seguros\/ciudades\/cordoba\/\">Seguros de decesos en C\u00f3rdoba<\/a><\/p>\n<p><strong>No es solo un formulario<\/strong>, es lo que solventara todos tus inconvenientes en el momento de obtener un presupuesto. En tan solo un instante. \u00bfA fin de que sirve? te ayudase a conocer el pago que podr\u00edas efectuar, conocer de forma eficaz el desglose a la hora de liquidar. De esta forma podr\u00edas adelantarte a conocer cuando llegar\u00edas a pagar en un futuro y previni\u00e9ndote para cuando llegue ese instante.<br \/>\nTotalmente gratis, amoldado a sus necesidades m\u00e1s complejas. Ten tu presupuesto sin precisar registros. No solo deseamos darte tranquilidad, deseamos que recibas toda la informaci\u00f3n adecuada y aut\u00e9ntica. <\/p>\n<p><\/div><\/div><\/div>\n\t\t<hr class=\"separador\">\n\t\t<div class=\"bloque-accion\">\n\t\t<p class=\"txt-accion\">Calcula el precio de tu seguro de decesos en menos de 1 minuto<\/p>\n\t\t<a class=\"btn-accion\" href=\"https:\/\/idecesos.com\/\">CALCULAR<\/a>\n\t\t<\/div>\n\t\t<hr class=\"separador\">\n\t\t<\/p>\n<h2><span class=\"ez-toc-section\" id=\"Mapa_de_agencias_de_seguros_Adeslas_en_Cordoba\"><\/span>Mapa de agencias de seguros Adeslas en C\u00f3rdoba<span class=\"ez-toc-section-end\"><\/span><\/h2>\n<p>Localizador de oficinas de Adeslas en C\u00f3rdoba nos da la enorme ocasi\u00f3n de conocer donde podemos saber en qu\u00e9 sitios se encuentran, tambi\u00e9n es esencial contar con un mapa por C\u00f3rdoba de las oficinas de Adeslas te aseguramos que tengas la informaci\u00f3n que se ajuste a ti en todo momento. Cada informaci\u00f3n que te aportamos cuenta con nuestro filtro de seguridad para que sea fiable en todo momento. <\/p>\n<p><iframe class=\"page-generator-pro-map\" width=\"100%\" height=\"400\" frameborder=\"0\" style=\"border:0\" src=\"https:\/\/www.google.com\/maps\/embed\/v1\/place?q=C%C3%B3rdoba%2C+Espa%C3%B1a&#038;zoom=14&#038;maptype=roadmap&#038;key=AIzaSyCNTEOso0tZG6YMSJFoaJEY5Th1stEWrJI\" allowfullscreen><\/iframe><\/p>\n<div class=\"colorf\"><div class=\"container clearfix\"><div class=\"col-md-7\"><div class=\"empresas\">\n<h2><span class=\"ez-toc-section\" id=\"Listado_de_oficinas_Adeslas_en_Cordoba\"><\/span>Listado de oficinas Adeslas en C\u00f3rdoba<span class=\"ez-toc-section-end\"><\/span><\/h2>\n<ul>\n<li><strong>Compa\u00f1\u00eda de seguros m\u00e9dicos Espa\u00f1a:<\/strong> 14012<\/li>\n<li><strong>Compa\u00f1\u00eda de seguros Espa\u00f1a:<\/strong> 14004<\/li>\n<\/ul>\n<\/div><\/div><\/div><\/div>\n<h2><span class=\"ez-toc-section\" id=\"Agencias_de_seguros_de_decesos_en_Cordoba\"><\/span>Agencias de seguros de decesos en C\u00f3rdoba<span class=\"ez-toc-section-end\"><\/span><\/h2>\n<p>\u00bfQuieres conocer el cat\u00e1logo de seguros de decesos en C\u00f3rdoba? te lo damos de manera sin costo y f\u00e1cil evit\u00e1ndote todas y cada una contrariedades que puedas llegar a tener. Contando con m\u00e1s cosas, te aportamos la informaci\u00f3n necesaria de los siguientes. No te quedes sin resolver tus dudas, con tan solo un clic vas a tener todo lo que necesitas saber. Te lo hemos puesto tan sencillo, que nunca dudases de nuestro trabajo. <\/p>\n<!-- Shortcode [adeslas] does not exist -->\n<div class=\"colorf\"><div class=\"container clearfix\"><div class=\"col-md-7\"><div class=\"empresas\">\n<h3><span class=\"ez-toc-section\" id=\"Listado_de_sucursales_Adeslas_en_Espana\"><\/span>Listado de sucursales Adeslas en Espa\u00f1a<span class=\"ez-toc-section-end\"><\/span><\/h3>\n<div class=\"enlazado\"><ul><li><a href=\"https:\/\/idecesos.com\/seguros\/companias\/adeslas\/alicante\/\"><span>Oficinas seguros de decesos Adeslas en Alicante<\/span><\/a><\/li><li><a href=\"https:\/\/idecesos.com\/seguros\/companias\/adeslas\/baleares\/\"><span>Oficinas seguros de decesos Adeslas en Baleares<\/span><\/a><\/li><li><a href=\"https:\/\/idecesos.com\/seguros\/companias\/adeslas\/burgos\/\"><span>Oficinas seguros de decesos Adeslas en Burgos<\/span><\/a><\/li><li><a href=\"https:\/\/idecesos.com\/seguros\/companias\/adeslas\/cuenca\/\"><span>Oficinas seguros de decesos Adeslas en Cuenca<\/span><\/a><\/li><li><a href=\"https:\/\/idecesos.com\/seguros\/companias\/adeslas\/caceres\/\"><span>Oficinas seguros de decesos Adeslas en C\u00e1ceres<\/span><\/a><\/li><li><a href=\"https:\/\/idecesos.com\/seguros\/companias\/adeslas\/gerona\/\"><span>Oficinas seguros de decesos Adeslas en Gerona<\/span><\/a><\/li><li><a href=\"https:\/\/idecesos.com\/seguros\/companias\/adeslas\/jaen\/\"><span>Oficinas seguros de decesos Adeslas en Ja\u00e9n<\/span><\/a><\/li><li><a href=\"https:\/\/idecesos.com\/seguros\/companias\/adeslas\/la-rioja\/\"><span>Oficinas seguros de decesos Adeslas en La Rioja<\/span><\/a><\/li><li><a href=\"https:\/\/idecesos.com\/seguros\/companias\/adeslas\/las-palmas\/\"><span>Oficinas seguros de decesos Adeslas en Las palmas<\/span><\/a><\/li><li><a href=\"https:\/\/idecesos.com\/seguros\/companias\/adeslas\/leon\/\"><span>Oficinas seguros de decesos Adeslas en Le\u00f3n<\/span><\/a><\/li><li><a href=\"https:\/\/idecesos.com\/seguros\/companias\/adeslas\/lerida\/\"><span>Oficinas seguros de decesos Adeslas en L\u00e9rida<\/span><\/a><\/li><li><a href=\"https:\/\/idecesos.com\/seguros\/companias\/adeslas\/murcia\/\"><span>Oficinas seguros de decesos Adeslas en Murcia<\/span><\/a><\/li><li><a href=\"https:\/\/idecesos.com\/seguros\/companias\/adeslas\/pontevedra\/\"><span>Oficinas seguros de decesos Adeslas en Pontevedra<\/span><\/a><\/li><li><a href=\"https:\/\/idecesos.com\/seguros\/companias\/adeslas\/prima-natural\/\"><span>Seguro de decesos Adeslas Prima Natural<\/span><\/a><\/li><li><a href=\"https:\/\/idecesos.com\/seguros\/companias\/adeslas\/repatriacion\/\"><span>Seguro de decesos Adeslas con repatriaci\u00f3n<\/span><\/a><\/li><li><a href=\"https:\/\/idecesos.com\/seguros\/companias\/adeslas\/caixa\/\"><span>Seguro de decesos Caixa Adeslas<\/span><\/a><\/li><\/ul><\/div>\n<div><\/div><\/div><\/div><\/div><\/div>\n","protected":false},"excerpt":{"rendered":"<p>Cada ofina de Adeslas se halla en diferentes puntos, queremos que dispongas de las diferentes oficinas de Adeslas en C\u00f3rdoba donde la calidad del servicio son las m\u00e1s resaltables y donde gestionaran toda la documentaci\u00f3n pertinente. Aparte de que tengan experiencia es importante las cualidades que presenten para el campo, nos guie en todo momento&hellip; <\/p>\n","protected":false},"author":0,"featured_media":0,"parent":215,"menu_order":0,"comment_status":"closed","ping_status":"closed","template":"page-templates\/companies.php","meta":{"footnotes":""},"class_list":["post-14327","page","type-page","status-publish","hentry"],"yoast_head":"<!-- This site is optimized with the Yoast SEO plugin v27.6 - https:\/\/yoast.com\/product\/yoast-seo-wordpress\/ -->\n<title>Oficinas Adeslas en C\u00f3rdoba \u25b7Tel\u00e9fonos, Horarios, Direcci\u00f3n<\/title>\n<meta name=\"description\" content=\"Lista completa de Oficinas Adeslas en C\u00f3rdoba Horarios, \u2706 tel\u00e9fonos y direcciones actualizados en 2026 \u2611\ufe0f Verificado por iDecesos.\" \/>\n<meta name=\"robots\" content=\"index, follow, max-snippet:-1, max-image-preview:large, max-video-preview:-1\" \/>\n<link rel=\"canonical\" href=\"https:\/\/idecesos.com\/seguros\/companias\/adeslas\/cordoba\/\" \/>\n<meta property=\"og:locale\" content=\"es_ES\" \/>\n<meta property=\"og:type\" content=\"article\" \/>\n<meta property=\"og:title\" content=\"Oficinas Adeslas en C\u00f3rdoba \u25b7Tel\u00e9fonos, Horarios, Direcci\u00f3n\" \/>\n<meta property=\"og:description\" content=\"Lista completa de Oficinas Adeslas en C\u00f3rdoba Horarios, \u2706 tel\u00e9fonos y direcciones actualizados en 2026 \u2611\ufe0f Verificado por iDecesos.\" \/>\n<meta property=\"og:url\" content=\"https:\/\/idecesos.com\/seguros\/companias\/adeslas\/cordoba\/\" \/>\n<meta property=\"og:image\" content=\"https:\/\/idecesos.com\/seguros\/wp-content\/uploads\/2021\/09\/logo-adeslas-seguro-decesos.jpg\" \/>\n<meta name=\"twitter:card\" content=\"summary_large_image\" \/>\n<meta name=\"twitter:label1\" content=\"Tiempo de lectura\" \/>\n\t<meta name=\"twitter:data1\" content=\"39 minutos\" \/>\n<script type=\"application\/ld+json\" class=\"yoast-schema-graph\">{\"@context\":\"https:\\\/\\\/schema.org\",\"@graph\":[{\"@type\":\"WebPage\",\"@id\":\"https:\\\/\\\/idecesos.com\\\/seguros\\\/companias\\\/adeslas\\\/cordoba\\\/\",\"url\":\"https:\\\/\\\/idecesos.com\\\/seguros\\\/companias\\\/adeslas\\\/cordoba\\\/\",\"name\":\"Oficinas Adeslas en C\u00f3rdoba \u25b7Tel\u00e9fonos, Horarios, Direcci\u00f3n\",\"isPartOf\":{\"@id\":\"https:\\\/\\\/idecesos.com\\\/seguros\\\/#website\"},\"primaryImageOfPage\":{\"@id\":\"https:\\\/\\\/idecesos.com\\\/seguros\\\/companias\\\/adeslas\\\/cordoba\\\/#primaryimage\"},\"image\":{\"@id\":\"https:\\\/\\\/idecesos.com\\\/seguros\\\/companias\\\/adeslas\\\/cordoba\\\/#primaryimage\"},\"thumbnailUrl\":\"https:\\\/\\\/idecesos.com\\\/seguros\\\/wp-content\\\/uploads\\\/2021\\\/09\\\/logo-adeslas-seguro-decesos.jpg\",\"datePublished\":\"2021-11-15T12:49:52+00:00\",\"description\":\"Lista completa de Oficinas Adeslas en C\u00f3rdoba Horarios, \u2706 tel\u00e9fonos y direcciones actualizados en 2026 \u2611\ufe0f Verificado por iDecesos.\",\"breadcrumb\":{\"@id\":\"https:\\\/\\\/idecesos.com\\\/seguros\\\/companias\\\/adeslas\\\/cordoba\\\/#breadcrumb\"},\"inLanguage\":\"es\",\"potentialAction\":[{\"@type\":\"ReadAction\",\"target\":[\"https:\\\/\\\/idecesos.com\\\/seguros\\\/companias\\\/adeslas\\\/cordoba\\\/\"]}]},{\"@type\":\"ImageObject\",\"inLanguage\":\"es\",\"@id\":\"https:\\\/\\\/idecesos.com\\\/seguros\\\/companias\\\/adeslas\\\/cordoba\\\/#primaryimage\",\"url\":\"https:\\\/\\\/idecesos.com\\\/seguros\\\/wp-content\\\/uploads\\\/2021\\\/09\\\/logo-adeslas-seguro-decesos.jpg\",\"contentUrl\":\"https:\\\/\\\/idecesos.com\\\/seguros\\\/wp-content\\\/uploads\\\/2021\\\/09\\\/logo-adeslas-seguro-decesos.jpg\",\"width\":341,\"height\":63,\"caption\":\"Seguro de Decesos Adeslas\"},{\"@type\":\"BreadcrumbList\",\"@id\":\"https:\\\/\\\/idecesos.com\\\/seguros\\\/companias\\\/adeslas\\\/cordoba\\\/#breadcrumb\",\"itemListElement\":[{\"@type\":\"ListItem\",\"position\":1,\"name\":\"Portada\",\"item\":\"https:\\\/\\\/idecesos.com\\\/seguros\\\/\"},{\"@type\":\"ListItem\",\"position\":2,\"name\":\"Compa\u00f1\u00edas de Seguros de Decesos en Espa\u00f1a\",\"item\":\"https:\\\/\\\/idecesos.com\\\/seguros\\\/companias\\\/\"},{\"@type\":\"ListItem\",\"position\":3,\"name\":\"Seguro de Decesos Adeslas\",\"item\":\"https:\\\/\\\/idecesos.com\\\/seguros\\\/companias\\\/adeslas\\\/\"},{\"@type\":\"ListItem\",\"position\":4,\"name\":\"Oficinas seguros de decesos Adeslas en C\u00f3rdoba\"}]},{\"@type\":\"WebSite\",\"@id\":\"https:\\\/\\\/idecesos.com\\\/seguros\\\/#website\",\"url\":\"https:\\\/\\\/idecesos.com\\\/seguros\\\/\",\"name\":\"\",\"description\":\"\",\"potentialAction\":[{\"@type\":\"SearchAction\",\"target\":{\"@type\":\"EntryPoint\",\"urlTemplate\":\"https:\\\/\\\/idecesos.com\\\/seguros\\\/?s={search_term_string}\"},\"query-input\":{\"@type\":\"PropertyValueSpecification\",\"valueRequired\":true,\"valueName\":\"search_term_string\"}}],\"inLanguage\":\"es\"}]}<\/script>\n<!-- \/ Yoast SEO plugin. -->","yoast_head_json":{"title":"Oficinas Adeslas en C\u00f3rdoba \u25b7Tel\u00e9fonos, Horarios, Direcci\u00f3n","description":"Lista completa de Oficinas Adeslas en C\u00f3rdoba Horarios, \u2706 tel\u00e9fonos y direcciones actualizados en 2026 \u2611\ufe0f Verificado por iDecesos.","robots":{"index":"index","follow":"follow","max-snippet":"max-snippet:-1","max-image-preview":"max-image-preview:large","max-video-preview":"max-video-preview:-1"},"canonical":"https:\/\/idecesos.com\/seguros\/companias\/adeslas\/cordoba\/","og_locale":"es_ES","og_type":"article","og_title":"Oficinas Adeslas en C\u00f3rdoba \u25b7Tel\u00e9fonos, Horarios, Direcci\u00f3n","og_description":"Lista completa de Oficinas Adeslas en C\u00f3rdoba Horarios, \u2706 tel\u00e9fonos y direcciones actualizados en 2026 \u2611\ufe0f Verificado por iDecesos.","og_url":"https:\/\/idecesos.com\/seguros\/companias\/adeslas\/cordoba\/","og_image":[{"url":"https:\/\/idecesos.com\/seguros\/wp-content\/uploads\/2021\/09\/logo-adeslas-seguro-decesos.jpg","type":"","width":"","height":""}],"twitter_card":"summary_large_image","twitter_misc":{"Tiempo de lectura":"39 minutos"},"schema":{"@context":"https:\/\/schema.org","@graph":[{"@type":"WebPage","@id":"https:\/\/idecesos.com\/seguros\/companias\/adeslas\/cordoba\/","url":"https:\/\/idecesos.com\/seguros\/companias\/adeslas\/cordoba\/","name":"Oficinas Adeslas en C\u00f3rdoba \u25b7Tel\u00e9fonos, Horarios, Direcci\u00f3n","isPartOf":{"@id":"https:\/\/idecesos.com\/seguros\/#website"},"primaryImageOfPage":{"@id":"https:\/\/idecesos.com\/seguros\/companias\/adeslas\/cordoba\/#primaryimage"},"image":{"@id":"https:\/\/idecesos.com\/seguros\/companias\/adeslas\/cordoba\/#primaryimage"},"thumbnailUrl":"https:\/\/idecesos.com\/seguros\/wp-content\/uploads\/2021\/09\/logo-adeslas-seguro-decesos.jpg","datePublished":"2021-11-15T12:49:52+00:00","description":"Lista completa de Oficinas Adeslas en C\u00f3rdoba Horarios, \u2706 tel\u00e9fonos y direcciones actualizados en 2026 \u2611\ufe0f Verificado por iDecesos.","breadcrumb":{"@id":"https:\/\/idecesos.com\/seguros\/companias\/adeslas\/cordoba\/#breadcrumb"},"inLanguage":"es","potentialAction":[{"@type":"ReadAction","target":["https:\/\/idecesos.com\/seguros\/companias\/adeslas\/cordoba\/"]}]},{"@type":"ImageObject","inLanguage":"es","@id":"https:\/\/idecesos.com\/seguros\/companias\/adeslas\/cordoba\/#primaryimage","url":"https:\/\/idecesos.com\/seguros\/wp-content\/uploads\/2021\/09\/logo-adeslas-seguro-decesos.jpg","contentUrl":"https:\/\/idecesos.com\/seguros\/wp-content\/uploads\/2021\/09\/logo-adeslas-seguro-decesos.jpg","width":341,"height":63,"caption":"Seguro de Decesos Adeslas"},{"@type":"BreadcrumbList","@id":"https:\/\/idecesos.com\/seguros\/companias\/adeslas\/cordoba\/#breadcrumb","itemListElement":[{"@type":"ListItem","position":1,"name":"Portada","item":"https:\/\/idecesos.com\/seguros\/"},{"@type":"ListItem","position":2,"name":"Compa\u00f1\u00edas de Seguros de Decesos en Espa\u00f1a","item":"https:\/\/idecesos.com\/seguros\/companias\/"},{"@type":"ListItem","position":3,"name":"Seguro de Decesos Adeslas","item":"https:\/\/idecesos.com\/seguros\/companias\/adeslas\/"},{"@type":"ListItem","position":4,"name":"Oficinas seguros de decesos Adeslas en C\u00f3rdoba"}]},{"@type":"WebSite","@id":"https:\/\/idecesos.com\/seguros\/#website","url":"https:\/\/idecesos.com\/seguros\/","name":"","description":"","potentialAction":[{"@type":"SearchAction","target":{"@type":"EntryPoint","urlTemplate":"https:\/\/idecesos.com\/seguros\/?s={search_term_string}"},"query-input":{"@type":"PropertyValueSpecification","valueRequired":true,"valueName":"search_term_string"}}],"inLanguage":"es"}]}},"_links":{"self":[{"href":"https:\/\/idecesos.com\/seguros\/wp-json\/wp\/v2\/pages\/14327","targetHints":{"allow":["GET"]}}],"collection":[{"href":"https:\/\/idecesos.com\/seguros\/wp-json\/wp\/v2\/pages"}],"about":[{"href":"https:\/\/idecesos.com\/seguros\/wp-json\/wp\/v2\/types\/page"}],"replies":[{"embeddable":true,"href":"https:\/\/idecesos.com\/seguros\/wp-json\/wp\/v2\/comments?post=14327"}],"version-history":[{"count":0,"href":"https:\/\/idecesos.com\/seguros\/wp-json\/wp\/v2\/pages\/14327\/revisions"}],"up":[{"embeddable":true,"href":"https:\/\/idecesos.com\/seguros\/wp-json\/wp\/v2\/pages\/215"}],"wp:attachment":[{"href":"https:\/\/idecesos.com\/seguros\/wp-json\/wp\/v2\/media?parent=14327"}],"curies":[{"name":"wp","href":"https:\/\/api.w.org\/{rel}","templated":true}]}}