{"id":14329,"date":"2021-11-15T12:49:53","date_gmt":"2021-11-15T12:49:53","guid":{"rendered":"https:\/\/idecesos.com\/seguros\/companias\/adeslas\/gerona\/"},"modified":"2021-11-15T12:49:53","modified_gmt":"2021-11-15T12:49:53","slug":"gerona","status":"publish","type":"page","link":"https:\/\/idecesos.com\/seguros\/companias\/adeslas\/gerona\/","title":{"rendered":"Oficinas seguros de decesos Adeslas en Gerona"},"content":{"rendered":"<div id=\"ez-toc-container\" class=\"ez-toc-v2_0_82_2 ez-toc-wrap-center counter-hierarchy ez-toc-counter ez-toc-custom ez-toc-container-direction\">\n<div class=\"ez-toc-title-container\">\n<p class=\"ez-toc-title\" style=\"cursor:inherit\">Tabla de Contenido<\/p>\n<span class=\"ez-toc-title-toggle\"><a href=\"#\" class=\"ez-toc-pull-right ez-toc-btn ez-toc-btn-xs ez-toc-btn-default ez-toc-toggle\" aria-label=\"Alternar tabla de contenidos\"><span class=\"ez-toc-js-icon-con\"><span class=\"\"><span class=\"eztoc-hide\" style=\"display:none;\">Toggle<\/span><span class=\"ez-toc-icon-toggle-span\"><svg style=\"fill: #db6415;color:#db6415\" xmlns=\"http:\/\/www.w3.org\/2000\/svg\" class=\"list-377408\" width=\"20px\" height=\"20px\" viewBox=\"0 0 24 24\" fill=\"none\"><path d=\"M6 6H4v2h2V6zm14 0H8v2h12V6zM4 11h2v2H4v-2zm16 0H8v2h12v-2zM4 16h2v2H4v-2zm16 0H8v2h12v-2z\" fill=\"currentColor\"><\/path><\/svg><svg style=\"fill: #db6415;color:#db6415\" class=\"arrow-unsorted-368013\" xmlns=\"http:\/\/www.w3.org\/2000\/svg\" width=\"10px\" height=\"10px\" viewBox=\"0 0 24 24\" version=\"1.2\" baseProfile=\"tiny\"><path d=\"M18.2 9.3l-6.2-6.3-6.2 6.3c-.2.2-.3.4-.3.7s.1.5.3.7c.2.2.4.3.7.3h11c.3 0 .5-.1.7-.3.2-.2.3-.5.3-.7s-.1-.5-.3-.7zM5.8 14.7l6.2 6.3 6.2-6.3c.2-.2.3-.5.3-.7s-.1-.5-.3-.7c-.2-.2-.4-.3-.7-.3h-11c-.3 0-.5.1-.7.3-.2.2-.3.5-.3.7s.1.5.3.7z\"\/><\/svg><\/span><\/span><\/span><\/a><\/span><\/div>\n<nav><ul class='ez-toc-list ez-toc-list-level-1 ' ><li class='ez-toc-page-1 ez-toc-heading-level-2'><a class=\"ez-toc-link ez-toc-heading-1\" href=\"https:\/\/idecesos.com\/seguros\/companias\/adeslas\/gerona\/#Seguro_de_decesos_Adeslas_en_Gerona\" >Seguro de decesos Adeslas en Gerona<\/a><\/li><li class='ez-toc-page-1 ez-toc-heading-level-2'><a class=\"ez-toc-link ez-toc-heading-2\" href=\"https:\/\/idecesos.com\/seguros\/companias\/adeslas\/gerona\/#Mapa_de_oficinas_de_seguros_Adeslas_en_Gerona\" >Mapa de oficinas de seguros Adeslas en Gerona<\/a><\/li><li class='ez-toc-page-1 ez-toc-heading-level-2'><a class=\"ez-toc-link ez-toc-heading-3\" href=\"https:\/\/idecesos.com\/seguros\/companias\/adeslas\/gerona\/#Listado_de_sucursales_Adeslas_en_Gerona\" >Listado de sucursales Adeslas en Gerona<\/a><\/li><li class='ez-toc-page-1 ez-toc-heading-level-2'><a class=\"ez-toc-link ez-toc-heading-4\" href=\"https:\/\/idecesos.com\/seguros\/companias\/adeslas\/gerona\/#Oficinas_de_seguros_de_decesos_en_Gerona\" >Oficinas de seguros de decesos en Gerona<\/a><ul class='ez-toc-list-level-3' ><li class='ez-toc-heading-level-3'><a class=\"ez-toc-link ez-toc-heading-5\" href=\"https:\/\/idecesos.com\/seguros\/companias\/adeslas\/gerona\/#Listado_de_agencias_Adeslas_en_Espana\" >Listado de agencias Adeslas en Espa\u00f1a<\/a><\/li><\/ul><\/li><\/ul><\/nav><\/div>\n<p><br \/>\n<a href=\"https:\/\/idecesos.com\/seguros\/companias\/adeslas\/\"><img decoding=\"async\" class=\" alignleft\" src=\"https:\/\/idecesos.com\/seguros\/wp-content\/uploads\/2021\/09\/logo-adeslas-seguro-decesos.jpg\" alt=\"Seguro de decesos Adeslas\" width=\"336\" height=\"103\" \/><\/a>La ciudad de Gerona cuenta con distintas<strong> sucursales de Adeslas donde le van a dar la atenci\u00f3n que necesite,<\/strong> siempre y en toda circunstancia de la mano de excelentes profesionales en el campo. Para solucionar sus inconvenientes relacionados y lo gestionen de una forma m\u00e1s eficaz. Teniendo en cuenta que cada una tiene un horario pertinente. \u00bfEs mejor asistir a una oficina presencialmente? En cuesti\u00f3n es m\u00e1s solvente que a la distancia puesto que resolver\u00e1n su inconveniente en el momento. Tener cerca en todo instante una sucursal de seguros de defunci\u00f3n es vital. <\/p>\n<p>\u00bfHas pensando alguna vez las que dispones a tu alrededor?Te resultara tan c\u00f3modo o eficaz saber exactamente en qu\u00e9 lugar se hallan las diferentes oficinas de cada Adeslas. Siendo uno de los motivos que nos solventaran cualquier inconveniente que pueda surgir. Filtra de manera inmediata y conoce las distintas sucursales de Adeslas en cada Gerona con las necesidades que requieres. te dan en todo momento garant\u00eda para la administraci\u00f3n de tu oficina m\u00e1s pr\u00f3xima, d\u00e1ndote la seguridad que precises. <\/p>\n<p>Visita nuestra p\u00e1gina de <a href=\"https:\/\/idecesos.com\/seguros\/companias\/adeslas\/\">seguros de decesos Adeslas<\/a> para m\u00e1s informaci\u00f3n.<\/p>\n<div class=\"colorf \"  ><div class=\"container clearfix\"><div class=\"col-md-7\">\n<h2><span class=\"ez-toc-section\" id=\"Seguro_de_decesos_Adeslas_en_Gerona\"><\/span>Seguro de decesos Adeslas en Gerona<span class=\"ez-toc-section-end\"><\/span><\/h2>\n<p>Destacamos como una ventaja, que es la que eludimos fallos en cualquier administraci\u00f3n que pueda suceder durante la gesti\u00f3n administrativa. Adapt\u00e1ndose a ti y a tus necesidades o circunstancias.Servicio de delegaciones de Adeslas en Gerona va direccionado para aquellas personas que precisen solventar de manera eficiente cualquier gesti\u00f3n al respecto y se haga de manera inmediata. Quedara cubierto todas las dudas que tenga y quedado solventado sus inconvenientes de manera m\u00e1s sencilla. <\/p>\n<p><strong>Ver m\u00e1s:<\/strong> <a href=\"https:\/\/idecesos.com\/seguros\/ciudades\/gerona\/\">Seguros de decesos en Gerona<\/a><\/p>\n<p>Hemos querido facilitarte el proceso de buscar, por eso te damos este formulario donde vas a recibir toda la informaci\u00f3n necesaria que necesite. Asimismo cuenta con la ventaja de solicitar cita previa, para que pueda asistir a su sucursal de <strong>confianza de Adeslas en Gerona.<\/strong> Evitando en todo instante conseguir informaci\u00f3n intrascendente al que haya solicitado. Merced al formulario que hemos querido facilitarle obtendr\u00e1 de manera f\u00e1cil su cita presencial, como la informaci\u00f3n filtrada de la que vaya a necesitar. Seg\u00fan el art\u00edculo que corresponda, sus datos quedasen protegidos. <\/p>\n<p><\/div><\/div><\/div>\n\t\t<hr class=\"separador\">\n\t\t<div class=\"bloque-accion\">\n\t\t<p class=\"txt-accion\">Calcula el precio de tu seguro de decesos en menos de 1 minuto<\/p>\n\t\t<a class=\"btn-accion\" href=\"https:\/\/idecesos.com\/\">CALCULAR<\/a>\n\t\t<\/div>\n\t\t<hr class=\"separador\">\n\t\t<\/p>\n<h2><span class=\"ez-toc-section\" id=\"Mapa_de_oficinas_de_seguros_Adeslas_en_Gerona\"><\/span>Mapa de oficinas de seguros Adeslas en Gerona<span class=\"ez-toc-section-end\"><\/span><\/h2>\n<p>\u00bfDeseas conocer de qu\u00e9 forma se realiza una busca de mapas de sucursales de la Adeslas en Gerona, vas a aprender a realizarlo en menos de unos segundos. Conocerlo ahora es necesario a la largo nos evita perder nuestro tiempo, y efectuar entrar en p\u00e1ginas distintas. Teniendo de ello diferentes opciones. Cuentas con nuestro mejor aliado que es la fiabilidad como garant\u00eda en tu b\u00fasqueda. <\/p>\n<p><iframe class=\"page-generator-pro-map\" width=\"100%\" height=\"400\" frameborder=\"0\" style=\"border:0\" src=\"https:\/\/www.google.com\/maps\/embed\/v1\/place?q=Sant+Feliu+de+Gu%C3%ADxols%2C+Espa%C3%B1a&#038;zoom=14&#038;maptype=roadmap&#038;key=AIzaSyCNTEOso0tZG6YMSJFoaJEY5Th1stEWrJI\" allowfullscreen><\/iframe><\/p>\n<div class=\"colorf\"><div class=\"container clearfix\"><div class=\"col-md-7\"><div class=\"empresas\">\n<h2><span class=\"ez-toc-section\" id=\"Listado_de_sucursales_Adeslas_en_Gerona\"><\/span>Listado de sucursales Adeslas en Gerona<span class=\"ez-toc-section-end\"><\/span><\/h2>\n<ul>\n<li><strong>Compa\u00f1\u00eda de seguros Espa\u00f1a:<\/strong> 17220<\/li>\n<\/ul>\n<\/div><\/div><\/div><\/div>\n<h2><span class=\"ez-toc-section\" id=\"Oficinas_de_seguros_de_decesos_en_Gerona\"><\/span>Oficinas de seguros de decesos en Gerona<span class=\"ez-toc-section-end\"><\/span><\/h2>\n<p>Cuentas con nuestra calidad y el compromiso de aconsejarte en cada circunstancia. \u00bf<strong>Aseguradoras de decesos en Gerona<\/strong>? Te damos este gran cat\u00e1logo para que sepas las diferentes compa\u00f1\u00edas aseguradoras que hay. Con solo meterte a nuestro link encontraras las informaci\u00f3n relevante y filtrado de mejor manera para ti. <\/p>\n<!-- Shortcode [adeslas] does not exist -->\n<div class=\"colorf\"><div class=\"container clearfix\"><div class=\"col-md-7\"><div class=\"empresas\">\n<h3><span class=\"ez-toc-section\" id=\"Listado_de_agencias_Adeslas_en_Espana\"><\/span>Listado de agencias Adeslas en Espa\u00f1a<span class=\"ez-toc-section-end\"><\/span><\/h3>\n<div class=\"enlazado\"><ul><li><a href=\"https:\/\/idecesos.com\/seguros\/companias\/adeslas\/almeria\/\"><span>Oficinas seguros de decesos Adeslas en Almer\u00eda<\/span><\/a><\/li><li><a href=\"https:\/\/idecesos.com\/seguros\/companias\/adeslas\/badajoz\/\"><span>Oficinas seguros de decesos Adeslas en Badajoz<\/span><\/a><\/li><li><a href=\"https:\/\/idecesos.com\/seguros\/companias\/adeslas\/barcelona\/\"><span>Oficinas seguros de decesos Adeslas en Barcelona<\/span><\/a><\/li><li><a href=\"https:\/\/idecesos.com\/seguros\/companias\/adeslas\/cuenca\/\"><span>Oficinas seguros de decesos Adeslas en Cuenca<\/span><\/a><\/li><li><a href=\"https:\/\/idecesos.com\/seguros\/companias\/adeslas\/caceres\/\"><span>Oficinas seguros de decesos Adeslas en C\u00e1ceres<\/span><\/a><\/li><li><a href=\"https:\/\/idecesos.com\/seguros\/companias\/adeslas\/cadiz\/\"><span>Oficinas seguros de decesos Adeslas en C\u00e1diz<\/span><\/a><\/li><li><a href=\"https:\/\/idecesos.com\/seguros\/companias\/adeslas\/jaen\/\"><span>Oficinas seguros de decesos Adeslas en Ja\u00e9n<\/span><\/a><\/li><li><a href=\"https:\/\/idecesos.com\/seguros\/companias\/adeslas\/la-rioja\/\"><span>Oficinas seguros de decesos Adeslas en La Rioja<\/span><\/a><\/li><li><a href=\"https:\/\/idecesos.com\/seguros\/companias\/adeslas\/las-palmas\/\"><span>Oficinas seguros de decesos Adeslas en Las palmas<\/span><\/a><\/li><li><a href=\"https:\/\/idecesos.com\/seguros\/companias\/adeslas\/leon\/\"><span>Oficinas seguros de decesos Adeslas en Le\u00f3n<\/span><\/a><\/li><li><a href=\"https:\/\/idecesos.com\/seguros\/companias\/adeslas\/lerida\/\"><span>Oficinas seguros de decesos Adeslas en L\u00e9rida<\/span><\/a><\/li><li><a href=\"https:\/\/idecesos.com\/seguros\/companias\/adeslas\/murcia\/\"><span>Oficinas seguros de decesos Adeslas en Murcia<\/span><\/a><\/li><li><a href=\"https:\/\/idecesos.com\/seguros\/companias\/adeslas\/pontevedra\/\"><span>Oficinas seguros de decesos Adeslas en Pontevedra<\/span><\/a><\/li><li><a href=\"https:\/\/idecesos.com\/seguros\/companias\/adeslas\/salamanca\/\"><span>Oficinas seguros de decesos Adeslas en Salamanca<\/span><\/a><\/li><li><a href=\"https:\/\/idecesos.com\/seguros\/companias\/adeslas\/prima-mixta\/\"><span>Seguro de decesos Adeslas Prima Mixta<\/span><\/a><\/li><li><a href=\"https:\/\/idecesos.com\/seguros\/companias\/adeslas\/prima-natural\/\"><span>Seguro de decesos Adeslas Prima Natural<\/span><\/a><\/li><\/ul><\/div>\n<div><\/div><\/div><\/div><\/div><\/div>\n","protected":false},"excerpt":{"rendered":"<p>La ciudad de Gerona cuenta con distintas sucursales de Adeslas donde le van a dar la atenci\u00f3n que necesite, siempre y en toda circunstancia de la mano de excelentes profesionales en el campo. Para solucionar sus inconvenientes relacionados y lo gestionen de una forma m\u00e1s eficaz. Teniendo en cuenta que cada una tiene un horario&hellip; <\/p>\n","protected":false},"author":0,"featured_media":0,"parent":215,"menu_order":0,"comment_status":"closed","ping_status":"closed","template":"page-templates\/companies.php","meta":{"footnotes":""},"class_list":["post-14329","page","type-page","status-publish","hentry"],"yoast_head":"<!-- This site is optimized with the Yoast SEO plugin v27.5 - https:\/\/yoast.com\/product\/yoast-seo-wordpress\/ -->\n<title>Oficinas Adeslas en Gerona \u25b7Tel\u00e9fonos, Horarios, Direcci\u00f3n<\/title>\n<meta name=\"description\" content=\"Lista completa de Oficinas Adeslas en Gerona Horarios, \u2706 tel\u00e9fonos y direcciones actualizados en 2026 \u2611\ufe0f Verificado por iDecesos.\" \/>\n<meta name=\"robots\" content=\"index, follow, max-snippet:-1, max-image-preview:large, max-video-preview:-1\" \/>\n<link rel=\"canonical\" href=\"https:\/\/idecesos.com\/seguros\/companias\/adeslas\/gerona\/\" \/>\n<meta property=\"og:locale\" content=\"es_ES\" \/>\n<meta property=\"og:type\" content=\"article\" \/>\n<meta property=\"og:title\" content=\"Oficinas Adeslas en Gerona \u25b7Tel\u00e9fonos, Horarios, Direcci\u00f3n\" \/>\n<meta property=\"og:description\" content=\"Lista completa de Oficinas Adeslas en Gerona Horarios, \u2706 tel\u00e9fonos y direcciones actualizados en 2026 \u2611\ufe0f Verificado por iDecesos.\" \/>\n<meta property=\"og:url\" content=\"https:\/\/idecesos.com\/seguros\/companias\/adeslas\/gerona\/\" \/>\n<meta property=\"og:image\" content=\"https:\/\/idecesos.com\/seguros\/wp-content\/uploads\/2021\/09\/logo-adeslas-seguro-decesos.jpg\" \/>\n<meta name=\"twitter:card\" content=\"summary_large_image\" \/>\n<meta name=\"twitter:label1\" content=\"Tiempo de lectura\" \/>\n\t<meta name=\"twitter:data1\" content=\"39 minutos\" \/>\n<script type=\"application\/ld+json\" class=\"yoast-schema-graph\">{\"@context\":\"https:\\\/\\\/schema.org\",\"@graph\":[{\"@type\":\"WebPage\",\"@id\":\"https:\\\/\\\/idecesos.com\\\/seguros\\\/companias\\\/adeslas\\\/gerona\\\/\",\"url\":\"https:\\\/\\\/idecesos.com\\\/seguros\\\/companias\\\/adeslas\\\/gerona\\\/\",\"name\":\"Oficinas Adeslas en Gerona \u25b7Tel\u00e9fonos, Horarios, Direcci\u00f3n\",\"isPartOf\":{\"@id\":\"https:\\\/\\\/idecesos.com\\\/seguros\\\/#website\"},\"primaryImageOfPage\":{\"@id\":\"https:\\\/\\\/idecesos.com\\\/seguros\\\/companias\\\/adeslas\\\/gerona\\\/#primaryimage\"},\"image\":{\"@id\":\"https:\\\/\\\/idecesos.com\\\/seguros\\\/companias\\\/adeslas\\\/gerona\\\/#primaryimage\"},\"thumbnailUrl\":\"https:\\\/\\\/idecesos.com\\\/seguros\\\/wp-content\\\/uploads\\\/2021\\\/09\\\/logo-adeslas-seguro-decesos.jpg\",\"datePublished\":\"2021-11-15T12:49:53+00:00\",\"description\":\"Lista completa de Oficinas Adeslas en Gerona Horarios, \u2706 tel\u00e9fonos y direcciones actualizados en 2026 \u2611\ufe0f Verificado por iDecesos.\",\"breadcrumb\":{\"@id\":\"https:\\\/\\\/idecesos.com\\\/seguros\\\/companias\\\/adeslas\\\/gerona\\\/#breadcrumb\"},\"inLanguage\":\"es\",\"potentialAction\":[{\"@type\":\"ReadAction\",\"target\":[\"https:\\\/\\\/idecesos.com\\\/seguros\\\/companias\\\/adeslas\\\/gerona\\\/\"]}]},{\"@type\":\"ImageObject\",\"inLanguage\":\"es\",\"@id\":\"https:\\\/\\\/idecesos.com\\\/seguros\\\/companias\\\/adeslas\\\/gerona\\\/#primaryimage\",\"url\":\"https:\\\/\\\/idecesos.com\\\/seguros\\\/wp-content\\\/uploads\\\/2021\\\/09\\\/logo-adeslas-seguro-decesos.jpg\",\"contentUrl\":\"https:\\\/\\\/idecesos.com\\\/seguros\\\/wp-content\\\/uploads\\\/2021\\\/09\\\/logo-adeslas-seguro-decesos.jpg\",\"width\":341,\"height\":63,\"caption\":\"Seguro de Decesos Adeslas\"},{\"@type\":\"BreadcrumbList\",\"@id\":\"https:\\\/\\\/idecesos.com\\\/seguros\\\/companias\\\/adeslas\\\/gerona\\\/#breadcrumb\",\"itemListElement\":[{\"@type\":\"ListItem\",\"position\":1,\"name\":\"Portada\",\"item\":\"https:\\\/\\\/idecesos.com\\\/seguros\\\/\"},{\"@type\":\"ListItem\",\"position\":2,\"name\":\"Compa\u00f1\u00edas de Seguros de Decesos en Espa\u00f1a\",\"item\":\"https:\\\/\\\/idecesos.com\\\/seguros\\\/companias\\\/\"},{\"@type\":\"ListItem\",\"position\":3,\"name\":\"Seguro de Decesos Adeslas\",\"item\":\"https:\\\/\\\/idecesos.com\\\/seguros\\\/companias\\\/adeslas\\\/\"},{\"@type\":\"ListItem\",\"position\":4,\"name\":\"Oficinas seguros de decesos Adeslas en Gerona\"}]},{\"@type\":\"WebSite\",\"@id\":\"https:\\\/\\\/idecesos.com\\\/seguros\\\/#website\",\"url\":\"https:\\\/\\\/idecesos.com\\\/seguros\\\/\",\"name\":\"\",\"description\":\"\",\"potentialAction\":[{\"@type\":\"SearchAction\",\"target\":{\"@type\":\"EntryPoint\",\"urlTemplate\":\"https:\\\/\\\/idecesos.com\\\/seguros\\\/?s={search_term_string}\"},\"query-input\":{\"@type\":\"PropertyValueSpecification\",\"valueRequired\":true,\"valueName\":\"search_term_string\"}}],\"inLanguage\":\"es\"}]}<\/script>\n<!-- \/ Yoast SEO plugin. -->","yoast_head_json":{"title":"Oficinas Adeslas en Gerona \u25b7Tel\u00e9fonos, Horarios, Direcci\u00f3n","description":"Lista completa de Oficinas Adeslas en Gerona Horarios, \u2706 tel\u00e9fonos y direcciones actualizados en 2026 \u2611\ufe0f Verificado por iDecesos.","robots":{"index":"index","follow":"follow","max-snippet":"max-snippet:-1","max-image-preview":"max-image-preview:large","max-video-preview":"max-video-preview:-1"},"canonical":"https:\/\/idecesos.com\/seguros\/companias\/adeslas\/gerona\/","og_locale":"es_ES","og_type":"article","og_title":"Oficinas Adeslas en Gerona \u25b7Tel\u00e9fonos, Horarios, Direcci\u00f3n","og_description":"Lista completa de Oficinas Adeslas en Gerona Horarios, \u2706 tel\u00e9fonos y direcciones actualizados en 2026 \u2611\ufe0f Verificado por iDecesos.","og_url":"https:\/\/idecesos.com\/seguros\/companias\/adeslas\/gerona\/","og_image":[{"url":"https:\/\/idecesos.com\/seguros\/wp-content\/uploads\/2021\/09\/logo-adeslas-seguro-decesos.jpg","type":"","width":"","height":""}],"twitter_card":"summary_large_image","twitter_misc":{"Tiempo de lectura":"39 minutos"},"schema":{"@context":"https:\/\/schema.org","@graph":[{"@type":"WebPage","@id":"https:\/\/idecesos.com\/seguros\/companias\/adeslas\/gerona\/","url":"https:\/\/idecesos.com\/seguros\/companias\/adeslas\/gerona\/","name":"Oficinas Adeslas en Gerona \u25b7Tel\u00e9fonos, Horarios, Direcci\u00f3n","isPartOf":{"@id":"https:\/\/idecesos.com\/seguros\/#website"},"primaryImageOfPage":{"@id":"https:\/\/idecesos.com\/seguros\/companias\/adeslas\/gerona\/#primaryimage"},"image":{"@id":"https:\/\/idecesos.com\/seguros\/companias\/adeslas\/gerona\/#primaryimage"},"thumbnailUrl":"https:\/\/idecesos.com\/seguros\/wp-content\/uploads\/2021\/09\/logo-adeslas-seguro-decesos.jpg","datePublished":"2021-11-15T12:49:53+00:00","description":"Lista completa de Oficinas Adeslas en Gerona Horarios, \u2706 tel\u00e9fonos y direcciones actualizados en 2026 \u2611\ufe0f Verificado por iDecesos.","breadcrumb":{"@id":"https:\/\/idecesos.com\/seguros\/companias\/adeslas\/gerona\/#breadcrumb"},"inLanguage":"es","potentialAction":[{"@type":"ReadAction","target":["https:\/\/idecesos.com\/seguros\/companias\/adeslas\/gerona\/"]}]},{"@type":"ImageObject","inLanguage":"es","@id":"https:\/\/idecesos.com\/seguros\/companias\/adeslas\/gerona\/#primaryimage","url":"https:\/\/idecesos.com\/seguros\/wp-content\/uploads\/2021\/09\/logo-adeslas-seguro-decesos.jpg","contentUrl":"https:\/\/idecesos.com\/seguros\/wp-content\/uploads\/2021\/09\/logo-adeslas-seguro-decesos.jpg","width":341,"height":63,"caption":"Seguro de Decesos Adeslas"},{"@type":"BreadcrumbList","@id":"https:\/\/idecesos.com\/seguros\/companias\/adeslas\/gerona\/#breadcrumb","itemListElement":[{"@type":"ListItem","position":1,"name":"Portada","item":"https:\/\/idecesos.com\/seguros\/"},{"@type":"ListItem","position":2,"name":"Compa\u00f1\u00edas de Seguros de Decesos en Espa\u00f1a","item":"https:\/\/idecesos.com\/seguros\/companias\/"},{"@type":"ListItem","position":3,"name":"Seguro de Decesos Adeslas","item":"https:\/\/idecesos.com\/seguros\/companias\/adeslas\/"},{"@type":"ListItem","position":4,"name":"Oficinas seguros de decesos Adeslas en Gerona"}]},{"@type":"WebSite","@id":"https:\/\/idecesos.com\/seguros\/#website","url":"https:\/\/idecesos.com\/seguros\/","name":"","description":"","potentialAction":[{"@type":"SearchAction","target":{"@type":"EntryPoint","urlTemplate":"https:\/\/idecesos.com\/seguros\/?s={search_term_string}"},"query-input":{"@type":"PropertyValueSpecification","valueRequired":true,"valueName":"search_term_string"}}],"inLanguage":"es"}]}},"_links":{"self":[{"href":"https:\/\/idecesos.com\/seguros\/wp-json\/wp\/v2\/pages\/14329","targetHints":{"allow":["GET"]}}],"collection":[{"href":"https:\/\/idecesos.com\/seguros\/wp-json\/wp\/v2\/pages"}],"about":[{"href":"https:\/\/idecesos.com\/seguros\/wp-json\/wp\/v2\/types\/page"}],"replies":[{"embeddable":true,"href":"https:\/\/idecesos.com\/seguros\/wp-json\/wp\/v2\/comments?post=14329"}],"version-history":[{"count":0,"href":"https:\/\/idecesos.com\/seguros\/wp-json\/wp\/v2\/pages\/14329\/revisions"}],"up":[{"embeddable":true,"href":"https:\/\/idecesos.com\/seguros\/wp-json\/wp\/v2\/pages\/215"}],"wp:attachment":[{"href":"https:\/\/idecesos.com\/seguros\/wp-json\/wp\/v2\/media?parent=14329"}],"curies":[{"name":"wp","href":"https:\/\/api.w.org\/{rel}","templated":true}]}}