{"id":14331,"date":"2021-11-15T12:49:54","date_gmt":"2021-11-15T12:49:54","guid":{"rendered":"https:\/\/idecesos.com\/seguros\/companias\/adeslas\/guadalajara\/"},"modified":"2021-11-15T12:49:54","modified_gmt":"2021-11-15T12:49:54","slug":"guadalajara","status":"publish","type":"page","link":"https:\/\/idecesos.com\/seguros\/companias\/adeslas\/guadalajara\/","title":{"rendered":"Oficinas seguros de decesos Adeslas en Guadalajara"},"content":{"rendered":"<div id=\"ez-toc-container\" class=\"ez-toc-v2_0_82_2 ez-toc-wrap-center counter-hierarchy ez-toc-counter ez-toc-custom ez-toc-container-direction\">\n<div class=\"ez-toc-title-container\">\n<p class=\"ez-toc-title\" style=\"cursor:inherit\">Tabla de Contenido<\/p>\n<span class=\"ez-toc-title-toggle\"><a href=\"#\" class=\"ez-toc-pull-right ez-toc-btn ez-toc-btn-xs ez-toc-btn-default ez-toc-toggle\" aria-label=\"Alternar tabla de contenidos\"><span class=\"ez-toc-js-icon-con\"><span class=\"\"><span class=\"eztoc-hide\" style=\"display:none;\">Toggle<\/span><span class=\"ez-toc-icon-toggle-span\"><svg style=\"fill: #db6415;color:#db6415\" xmlns=\"http:\/\/www.w3.org\/2000\/svg\" class=\"list-377408\" width=\"20px\" height=\"20px\" viewBox=\"0 0 24 24\" fill=\"none\"><path d=\"M6 6H4v2h2V6zm14 0H8v2h12V6zM4 11h2v2H4v-2zm16 0H8v2h12v-2zM4 16h2v2H4v-2zm16 0H8v2h12v-2z\" fill=\"currentColor\"><\/path><\/svg><svg style=\"fill: #db6415;color:#db6415\" class=\"arrow-unsorted-368013\" xmlns=\"http:\/\/www.w3.org\/2000\/svg\" width=\"10px\" height=\"10px\" viewBox=\"0 0 24 24\" version=\"1.2\" baseProfile=\"tiny\"><path d=\"M18.2 9.3l-6.2-6.3-6.2 6.3c-.2.2-.3.4-.3.7s.1.5.3.7c.2.2.4.3.7.3h11c.3 0 .5-.1.7-.3.2-.2.3-.5.3-.7s-.1-.5-.3-.7zM5.8 14.7l6.2 6.3 6.2-6.3c.2-.2.3-.5.3-.7s-.1-.5-.3-.7c-.2-.2-.4-.3-.7-.3h-11c-.3 0-.5.1-.7.3-.2.2-.3.5-.3.7s.1.5.3.7z\"\/><\/svg><\/span><\/span><\/span><\/a><\/span><\/div>\n<nav><ul class='ez-toc-list ez-toc-list-level-1 ' ><li class='ez-toc-page-1 ez-toc-heading-level-2'><a class=\"ez-toc-link ez-toc-heading-1\" href=\"https:\/\/idecesos.com\/seguros\/companias\/adeslas\/guadalajara\/#Seguro_de_decesos_Adeslas_en_Guadalajara\" >Seguro de decesos Adeslas en Guadalajara<\/a><\/li><li class='ez-toc-page-1 ez-toc-heading-level-2'><a class=\"ez-toc-link ez-toc-heading-2\" href=\"https:\/\/idecesos.com\/seguros\/companias\/adeslas\/guadalajara\/#Mapa_de_sucursales_de_seguros_Adeslas_en_Guadalajara\" >Mapa de sucursales de seguros Adeslas en Guadalajara<\/a><\/li><li class='ez-toc-page-1 ez-toc-heading-level-2'><a class=\"ez-toc-link ez-toc-heading-3\" href=\"https:\/\/idecesos.com\/seguros\/companias\/adeslas\/guadalajara\/#Listado_de_agencias_Adeslas_en_Guadalajara\" >Listado de agencias Adeslas en Guadalajara<\/a><\/li><li class='ez-toc-page-1 ez-toc-heading-level-2'><a class=\"ez-toc-link ez-toc-heading-4\" href=\"https:\/\/idecesos.com\/seguros\/companias\/adeslas\/guadalajara\/#Oficinas_de_seguros_de_decesos_en_Guadalajara\" >Oficinas de seguros de decesos en Guadalajara<\/a><ul class='ez-toc-list-level-3' ><li class='ez-toc-heading-level-3'><a class=\"ez-toc-link ez-toc-heading-5\" href=\"https:\/\/idecesos.com\/seguros\/companias\/adeslas\/guadalajara\/#Listado_de_sucursales_Adeslas_en_Espana\" >Listado de sucursales Adeslas en Espa\u00f1a<\/a><\/li><\/ul><\/li><\/ul><\/nav><\/div>\n<p><br \/>\n<a href=\"https:\/\/idecesos.com\/seguros\/companias\/adeslas\/\"><img decoding=\"async\" class=\" alignleft\" src=\"https:\/\/idecesos.com\/seguros\/wp-content\/uploads\/2021\/09\/logo-adeslas-seguro-decesos.jpg\" alt=\"Seguro de decesos Adeslas\" width=\"336\" height=\"103\" \/><\/a>Cuentas con las diferentes oficinas de Adeslas que se encuentran ubicados en diferentes zonas, por ello queremos que tengas en todo instante el conocimiento de las distintas sucursales existentes de Adeslas en Guadalajara para tu mejor servicio y administraci\u00f3n de tr\u00e1mites. Aparte de que tengan experiencia es importante las cualidades que presenten para el \u00e1mbito, nos guie en todo instante de la manera adecuada. Te damos accedo a nuestros servicio de manera r\u00e1pida y c\u00f3moda. \u00bfD\u00f3nde localizar oficinas de Adeslas en Guadalajara? ahora podr\u00e1s saber si est\u00e1 dentro de tu ratio, donde te aseguramos que llegues hasta el punto donde necesites. <\/p>\n<p>En tu ratio podr\u00e1 existir solo el 90 por ciento de aseguradoras pr\u00f3ximas a ti. Conocer las distintas sucursales que se encuentran situados en todos y cada Guadalajara nos da seguridad de que nos solventen el fallo que pueda acontecer al momento y de forma responsable, cuando se necesite. Cada trayectoria tiene una ruta conforme las caracterices que queramos proseguir o buscamos, por esta raz\u00f3n encuentra tu oficina referente de Adeslas en Guadalajara d\u00e1ndote la cobertura que te mereces. <\/p>\n<p>Visita nuestra p\u00e1gina de <a href=\"https:\/\/idecesos.com\/seguros\/companias\/adeslas\/\">seguros de decesos Adeslas<\/a> para m\u00e1s informaci\u00f3n.<\/p>\n<div class=\"colorf \"  ><div class=\"container clearfix\"><div class=\"col-md-7\">\n<h2><span class=\"ez-toc-section\" id=\"Seguro_de_decesos_Adeslas_en_Guadalajara\"><\/span>Seguro de decesos Adeslas en Guadalajara<span class=\"ez-toc-section-end\"><\/span><\/h2>\n<p>Nos distinguimos de las distintas empresas aseguradoras, por el servicio que prestamos y contar con nuestra ayuda ya sea telem\u00e1ticamente como presencial en todos y cada Guadalajara. De forma gratis accede a tu presupuesto. Raras veces se han presentado la ocasi\u00f3n de poder conocer tu presupuesto, cuentas con la gratuidad en todo instante. Eludiendo cualquier administraci\u00f3n administrativa para obtenerlo. <\/p>\n<p><strong>Ver m\u00e1s:<\/strong> <a href=\"https:\/\/idecesos.com\/seguros\/ciudades\/guadalajara\/\">Seguros de decesos en Guadalajara<\/a><\/p>\n<p>El servicio que damos es aquel m\u00e1s b\u00e1sico, contando con distintas de nuestras sucursales de Adeslas en Guadalajara, con esto hemos querido que nuestros clientes del servicio tengan la oportunidad de obtener un presupuesto de forma inmediata. Te damos la calidad que quieres, con los fundamentos precisos.<br \/>\nNo va a requerir de muchos pasos o bien de links diferentes, es cuesti\u00f3n de rellenar el formulario que te facilitamos, por lo consecuente conseguir\u00e1s lo solicitado, con la informaci\u00f3n que has requerido. \u00bfBuscar? Eso ya no se lleva, te lo ponemos simple. <\/p>\n<p><\/div><\/div><\/div>\n\t\t<hr class=\"separador\">\n\t\t<div class=\"bloque-accion\">\n\t\t<p class=\"txt-accion\">Calcula el precio de tu seguro de decesos en menos de 1 minuto<\/p>\n\t\t<a class=\"btn-accion\" href=\"https:\/\/idecesos.com\/\">CALCULAR<\/a>\n\t\t<\/div>\n\t\t<hr class=\"separador\">\n\t\t<\/p>\n<h2><span class=\"ez-toc-section\" id=\"Mapa_de_sucursales_de_seguros_Adeslas_en_Guadalajara\"><\/span>Mapa de sucursales de seguros Adeslas en Guadalajara<span class=\"ez-toc-section-end\"><\/span><\/h2>\n<p>\u00bfQuieres encontrar una oficina? Se halla sencillamente y r\u00e1pida gracias a el localizador de oficinas Adeslas en Guadalajara, contando con la cobertura de mapas por Adeslas en Guadalajara, administrando todo a su propio alcance. Queremos que ahorres tu tiempo, por esta raz\u00f3n te damos la soluci\u00f3n m\u00e1s eficiente para ello, donde resultara todo de una forma inmediata. Te ahorramos perder el tiempo, haci\u00e9ndolo m\u00e1s vers\u00e1til. Sin necesidad de buscar m\u00e1s, el localizador resuelve y administra eficazmente la b\u00fasqueda. <\/p>\n<p><iframe class=\"page-generator-pro-map\" width=\"100%\" height=\"400\" frameborder=\"0\" style=\"border:0\" src=\"https:\/\/www.google.com\/maps\/embed\/v1\/place?q=Guadalajara%2C+Espa%C3%B1a&#038;zoom=14&#038;maptype=roadmap&#038;key=AIzaSyCNTEOso0tZG6YMSJFoaJEY5Th1stEWrJI\" allowfullscreen><\/iframe><\/p>\n<div class=\"colorf\"><div class=\"container clearfix\"><div class=\"col-md-7\"><div class=\"empresas\">\n<h2><span class=\"ez-toc-section\" id=\"Listado_de_agencias_Adeslas_en_Guadalajara\"><\/span>Listado de agencias Adeslas en Guadalajara<span class=\"ez-toc-section-end\"><\/span><\/h2>\n<ul>\n<li><strong>Compa\u00f1\u00eda de seguros Espa\u00f1a:<\/strong> 19003<\/li>\n<li><strong>Compa\u00f1\u00eda de seguros Espa\u00f1a:<\/strong> 19005<\/li>\n<\/ul>\n<\/div><\/div><\/div><\/div>\n<h2><span class=\"ez-toc-section\" id=\"Oficinas_de_seguros_de_decesos_en_Guadalajara\"><\/span>Oficinas de seguros de decesos en Guadalajara<span class=\"ez-toc-section-end\"><\/span><\/h2>\n<p>Deseamos mostrarte con un f\u00e1cil paso el <strong>cat\u00e1logo de aseguradoras de decesos en Guadalajara<\/strong> donde encontrases toda la informaci\u00f3n precisa, donde lo podr\u00e1s administrar de manera m\u00e1s f\u00e1cil. Te resultara tan \u00fatil que no podr\u00e1s cre\u00e9rtelo, y lo funcional que resulta, donde ver\u00e1s toda la informaci\u00f3n valiosa al respecto. No hace falta pensarlo tanto ya que lo tienes a tu alcance para cualquier instante cuando m\u00e1s lo precises. Damos resultados, aseguramos una b\u00fasqueda eficiente. Podr\u00e1s conocer las distintas asegurados que se encuentren en tus cuidad. <\/p>\n<!-- Shortcode [adeslas] does not exist -->\n<div class=\"colorf\"><div class=\"container clearfix\"><div class=\"col-md-7\"><div class=\"empresas\">\n<h3><span class=\"ez-toc-section\" id=\"Listado_de_sucursales_Adeslas_en_Espana\"><\/span>Listado de sucursales Adeslas en Espa\u00f1a<span class=\"ez-toc-section-end\"><\/span><\/h3>\n<div class=\"enlazado\"><ul><li><a href=\"https:\/\/idecesos.com\/seguros\/companias\/adeslas\/coberturas\/\"><span>Coberturas Seguro de decesos Adeslas<\/span><\/a><\/li><li><a href=\"https:\/\/idecesos.com\/seguros\/companias\/adeslas\/asturias\/\"><span>Oficinas seguros de decesos Adeslas en Asturias<\/span><\/a><\/li><li><a href=\"https:\/\/idecesos.com\/seguros\/companias\/adeslas\/badajoz\/\"><span>Oficinas seguros de decesos Adeslas en Badajoz<\/span><\/a><\/li><li><a href=\"https:\/\/idecesos.com\/seguros\/companias\/adeslas\/barcelona\/\"><span>Oficinas seguros de decesos Adeslas en Barcelona<\/span><\/a><\/li><li><a href=\"https:\/\/idecesos.com\/seguros\/companias\/adeslas\/castellon\/\"><span>Oficinas seguros de decesos Adeslas en Castell\u00f3n<\/span><\/a><\/li><li><a href=\"https:\/\/idecesos.com\/seguros\/companias\/adeslas\/caceres\/\"><span>Oficinas seguros de decesos Adeslas en C\u00e1ceres<\/span><\/a><\/li><li><a href=\"https:\/\/idecesos.com\/seguros\/companias\/adeslas\/cadiz\/\"><span>Oficinas seguros de decesos Adeslas en C\u00e1diz<\/span><\/a><\/li><li><a href=\"https:\/\/idecesos.com\/seguros\/companias\/adeslas\/cordoba\/\"><span>Oficinas seguros de decesos Adeslas en C\u00f3rdoba<\/span><\/a><\/li><li><a href=\"https:\/\/idecesos.com\/seguros\/companias\/adeslas\/huelva\/\"><span>Oficinas seguros de decesos Adeslas en Huelva<\/span><\/a><\/li><li><a href=\"https:\/\/idecesos.com\/seguros\/companias\/adeslas\/la-coruna\/\"><span>Oficinas seguros de decesos Adeslas en La coru\u00f1a<\/span><\/a><\/li><li><a href=\"https:\/\/idecesos.com\/seguros\/companias\/adeslas\/madrid\/\"><span>Oficinas seguros de decesos Adeslas en Madrid<\/span><\/a><\/li><li><a href=\"https:\/\/idecesos.com\/seguros\/companias\/adeslas\/malaga\/\"><span>Oficinas seguros de decesos Adeslas en M\u00e1laga<\/span><\/a><\/li><li><a href=\"https:\/\/idecesos.com\/seguros\/companias\/adeslas\/tarragona\/\"><span>Oficinas seguros de decesos Adeslas en Tarragona<\/span><\/a><\/li><li><a href=\"https:\/\/idecesos.com\/seguros\/companias\/adeslas\/prima-nivelada\/\"><span>Seguro de decesos Adeslas Prima Nivelada<\/span><\/a><\/li><li><a href=\"https:\/\/idecesos.com\/seguros\/companias\/adeslas\/repatriacion\/\"><span>Seguro de decesos Adeslas con repatriaci\u00f3n<\/span><\/a><\/li><li><a href=\"https:\/\/idecesos.com\/seguros\/companias\/adeslas\/segurcaixa\/\"><span>Seguro de decesos Segurcaixa Adeslas<\/span><\/a><\/li><\/ul><\/div>\n<div><\/div><\/div><\/div><\/div><\/div>\n","protected":false},"excerpt":{"rendered":"<p>Cuentas con las diferentes oficinas de Adeslas que se encuentran ubicados en diferentes zonas, por ello queremos que tengas en todo instante el conocimiento de las distintas sucursales existentes de Adeslas en Guadalajara para tu mejor servicio y administraci\u00f3n de tr\u00e1mites. Aparte de que tengan experiencia es importante las cualidades que presenten para el \u00e1mbito,&hellip; <\/p>\n","protected":false},"author":0,"featured_media":0,"parent":215,"menu_order":0,"comment_status":"closed","ping_status":"closed","template":"page-templates\/companies.php","meta":{"footnotes":""},"class_list":["post-14331","page","type-page","status-publish","hentry"],"yoast_head":"<!-- This site is optimized with the Yoast SEO plugin v27.3 - https:\/\/yoast.com\/product\/yoast-seo-wordpress\/ -->\n<title>Oficinas Adeslas en Guadalajara \u25b7Tel\u00e9fonos, Horarios, Direcci\u00f3n<\/title>\n<meta name=\"description\" content=\"Lista completa de Oficinas Adeslas en Guadalajara Horarios, \u2706 tel\u00e9fonos y direcciones actualizados en 2026 \u2611\ufe0f Verificado por iDecesos.\" \/>\n<meta name=\"robots\" content=\"index, follow, max-snippet:-1, max-image-preview:large, max-video-preview:-1\" \/>\n<link rel=\"canonical\" href=\"https:\/\/idecesos.com\/seguros\/companias\/adeslas\/guadalajara\/\" \/>\n<meta property=\"og:locale\" content=\"es_ES\" \/>\n<meta property=\"og:type\" content=\"article\" \/>\n<meta property=\"og:title\" content=\"Oficinas Adeslas en Guadalajara \u25b7Tel\u00e9fonos, Horarios, Direcci\u00f3n\" \/>\n<meta property=\"og:description\" content=\"Lista completa de Oficinas Adeslas en Guadalajara Horarios, \u2706 tel\u00e9fonos y direcciones actualizados en 2026 \u2611\ufe0f Verificado por iDecesos.\" \/>\n<meta property=\"og:url\" content=\"https:\/\/idecesos.com\/seguros\/companias\/adeslas\/guadalajara\/\" \/>\n<meta property=\"og:image\" content=\"https:\/\/idecesos.com\/seguros\/wp-content\/uploads\/2021\/09\/logo-adeslas-seguro-decesos.jpg\" \/>\n<meta name=\"twitter:card\" content=\"summary_large_image\" \/>\n<meta name=\"twitter:label1\" content=\"Tiempo de lectura\" \/>\n\t<meta name=\"twitter:data1\" content=\"39 minutos\" \/>\n<script type=\"application\/ld+json\" class=\"yoast-schema-graph\">{\"@context\":\"https:\\\/\\\/schema.org\",\"@graph\":[{\"@type\":\"WebPage\",\"@id\":\"https:\\\/\\\/idecesos.com\\\/seguros\\\/companias\\\/adeslas\\\/guadalajara\\\/\",\"url\":\"https:\\\/\\\/idecesos.com\\\/seguros\\\/companias\\\/adeslas\\\/guadalajara\\\/\",\"name\":\"Oficinas Adeslas en Guadalajara \u25b7Tel\u00e9fonos, Horarios, Direcci\u00f3n\",\"isPartOf\":{\"@id\":\"https:\\\/\\\/idecesos.com\\\/seguros\\\/#website\"},\"primaryImageOfPage\":{\"@id\":\"https:\\\/\\\/idecesos.com\\\/seguros\\\/companias\\\/adeslas\\\/guadalajara\\\/#primaryimage\"},\"image\":{\"@id\":\"https:\\\/\\\/idecesos.com\\\/seguros\\\/companias\\\/adeslas\\\/guadalajara\\\/#primaryimage\"},\"thumbnailUrl\":\"https:\\\/\\\/idecesos.com\\\/seguros\\\/wp-content\\\/uploads\\\/2021\\\/09\\\/logo-adeslas-seguro-decesos.jpg\",\"datePublished\":\"2021-11-15T12:49:54+00:00\",\"description\":\"Lista completa de Oficinas Adeslas en Guadalajara Horarios, \u2706 tel\u00e9fonos y direcciones actualizados en 2026 \u2611\ufe0f Verificado por iDecesos.\",\"breadcrumb\":{\"@id\":\"https:\\\/\\\/idecesos.com\\\/seguros\\\/companias\\\/adeslas\\\/guadalajara\\\/#breadcrumb\"},\"inLanguage\":\"es\",\"potentialAction\":[{\"@type\":\"ReadAction\",\"target\":[\"https:\\\/\\\/idecesos.com\\\/seguros\\\/companias\\\/adeslas\\\/guadalajara\\\/\"]}]},{\"@type\":\"ImageObject\",\"inLanguage\":\"es\",\"@id\":\"https:\\\/\\\/idecesos.com\\\/seguros\\\/companias\\\/adeslas\\\/guadalajara\\\/#primaryimage\",\"url\":\"https:\\\/\\\/idecesos.com\\\/seguros\\\/wp-content\\\/uploads\\\/2021\\\/09\\\/logo-adeslas-seguro-decesos.jpg\",\"contentUrl\":\"https:\\\/\\\/idecesos.com\\\/seguros\\\/wp-content\\\/uploads\\\/2021\\\/09\\\/logo-adeslas-seguro-decesos.jpg\",\"width\":341,\"height\":63,\"caption\":\"Seguro de Decesos Adeslas\"},{\"@type\":\"BreadcrumbList\",\"@id\":\"https:\\\/\\\/idecesos.com\\\/seguros\\\/companias\\\/adeslas\\\/guadalajara\\\/#breadcrumb\",\"itemListElement\":[{\"@type\":\"ListItem\",\"position\":1,\"name\":\"Portada\",\"item\":\"https:\\\/\\\/idecesos.com\\\/seguros\\\/\"},{\"@type\":\"ListItem\",\"position\":2,\"name\":\"Compa\u00f1\u00edas de Seguros de Decesos en Espa\u00f1a\",\"item\":\"https:\\\/\\\/idecesos.com\\\/seguros\\\/companias\\\/\"},{\"@type\":\"ListItem\",\"position\":3,\"name\":\"Seguro de Decesos Adeslas\",\"item\":\"https:\\\/\\\/idecesos.com\\\/seguros\\\/companias\\\/adeslas\\\/\"},{\"@type\":\"ListItem\",\"position\":4,\"name\":\"Oficinas seguros de decesos Adeslas en Guadalajara\"}]},{\"@type\":\"WebSite\",\"@id\":\"https:\\\/\\\/idecesos.com\\\/seguros\\\/#website\",\"url\":\"https:\\\/\\\/idecesos.com\\\/seguros\\\/\",\"name\":\"\",\"description\":\"\",\"potentialAction\":[{\"@type\":\"SearchAction\",\"target\":{\"@type\":\"EntryPoint\",\"urlTemplate\":\"https:\\\/\\\/idecesos.com\\\/seguros\\\/?s={search_term_string}\"},\"query-input\":{\"@type\":\"PropertyValueSpecification\",\"valueRequired\":true,\"valueName\":\"search_term_string\"}}],\"inLanguage\":\"es\"}]}<\/script>\n<!-- \/ Yoast SEO plugin. -->","yoast_head_json":{"title":"Oficinas Adeslas en Guadalajara \u25b7Tel\u00e9fonos, Horarios, Direcci\u00f3n","description":"Lista completa de Oficinas Adeslas en Guadalajara Horarios, \u2706 tel\u00e9fonos y direcciones actualizados en 2026 \u2611\ufe0f Verificado por iDecesos.","robots":{"index":"index","follow":"follow","max-snippet":"max-snippet:-1","max-image-preview":"max-image-preview:large","max-video-preview":"max-video-preview:-1"},"canonical":"https:\/\/idecesos.com\/seguros\/companias\/adeslas\/guadalajara\/","og_locale":"es_ES","og_type":"article","og_title":"Oficinas Adeslas en Guadalajara \u25b7Tel\u00e9fonos, Horarios, Direcci\u00f3n","og_description":"Lista completa de Oficinas Adeslas en Guadalajara Horarios, \u2706 tel\u00e9fonos y direcciones actualizados en 2026 \u2611\ufe0f Verificado por iDecesos.","og_url":"https:\/\/idecesos.com\/seguros\/companias\/adeslas\/guadalajara\/","og_image":[{"url":"https:\/\/idecesos.com\/seguros\/wp-content\/uploads\/2021\/09\/logo-adeslas-seguro-decesos.jpg","type":"","width":"","height":""}],"twitter_card":"summary_large_image","twitter_misc":{"Tiempo de lectura":"39 minutos"},"schema":{"@context":"https:\/\/schema.org","@graph":[{"@type":"WebPage","@id":"https:\/\/idecesos.com\/seguros\/companias\/adeslas\/guadalajara\/","url":"https:\/\/idecesos.com\/seguros\/companias\/adeslas\/guadalajara\/","name":"Oficinas Adeslas en Guadalajara \u25b7Tel\u00e9fonos, Horarios, Direcci\u00f3n","isPartOf":{"@id":"https:\/\/idecesos.com\/seguros\/#website"},"primaryImageOfPage":{"@id":"https:\/\/idecesos.com\/seguros\/companias\/adeslas\/guadalajara\/#primaryimage"},"image":{"@id":"https:\/\/idecesos.com\/seguros\/companias\/adeslas\/guadalajara\/#primaryimage"},"thumbnailUrl":"https:\/\/idecesos.com\/seguros\/wp-content\/uploads\/2021\/09\/logo-adeslas-seguro-decesos.jpg","datePublished":"2021-11-15T12:49:54+00:00","description":"Lista completa de Oficinas Adeslas en Guadalajara Horarios, \u2706 tel\u00e9fonos y direcciones actualizados en 2026 \u2611\ufe0f Verificado por iDecesos.","breadcrumb":{"@id":"https:\/\/idecesos.com\/seguros\/companias\/adeslas\/guadalajara\/#breadcrumb"},"inLanguage":"es","potentialAction":[{"@type":"ReadAction","target":["https:\/\/idecesos.com\/seguros\/companias\/adeslas\/guadalajara\/"]}]},{"@type":"ImageObject","inLanguage":"es","@id":"https:\/\/idecesos.com\/seguros\/companias\/adeslas\/guadalajara\/#primaryimage","url":"https:\/\/idecesos.com\/seguros\/wp-content\/uploads\/2021\/09\/logo-adeslas-seguro-decesos.jpg","contentUrl":"https:\/\/idecesos.com\/seguros\/wp-content\/uploads\/2021\/09\/logo-adeslas-seguro-decesos.jpg","width":341,"height":63,"caption":"Seguro de Decesos Adeslas"},{"@type":"BreadcrumbList","@id":"https:\/\/idecesos.com\/seguros\/companias\/adeslas\/guadalajara\/#breadcrumb","itemListElement":[{"@type":"ListItem","position":1,"name":"Portada","item":"https:\/\/idecesos.com\/seguros\/"},{"@type":"ListItem","position":2,"name":"Compa\u00f1\u00edas de Seguros de Decesos en Espa\u00f1a","item":"https:\/\/idecesos.com\/seguros\/companias\/"},{"@type":"ListItem","position":3,"name":"Seguro de Decesos Adeslas","item":"https:\/\/idecesos.com\/seguros\/companias\/adeslas\/"},{"@type":"ListItem","position":4,"name":"Oficinas seguros de decesos Adeslas en Guadalajara"}]},{"@type":"WebSite","@id":"https:\/\/idecesos.com\/seguros\/#website","url":"https:\/\/idecesos.com\/seguros\/","name":"","description":"","potentialAction":[{"@type":"SearchAction","target":{"@type":"EntryPoint","urlTemplate":"https:\/\/idecesos.com\/seguros\/?s={search_term_string}"},"query-input":{"@type":"PropertyValueSpecification","valueRequired":true,"valueName":"search_term_string"}}],"inLanguage":"es"}]}},"_links":{"self":[{"href":"https:\/\/idecesos.com\/seguros\/wp-json\/wp\/v2\/pages\/14331","targetHints":{"allow":["GET"]}}],"collection":[{"href":"https:\/\/idecesos.com\/seguros\/wp-json\/wp\/v2\/pages"}],"about":[{"href":"https:\/\/idecesos.com\/seguros\/wp-json\/wp\/v2\/types\/page"}],"replies":[{"embeddable":true,"href":"https:\/\/idecesos.com\/seguros\/wp-json\/wp\/v2\/comments?post=14331"}],"version-history":[{"count":0,"href":"https:\/\/idecesos.com\/seguros\/wp-json\/wp\/v2\/pages\/14331\/revisions"}],"up":[{"embeddable":true,"href":"https:\/\/idecesos.com\/seguros\/wp-json\/wp\/v2\/pages\/215"}],"wp:attachment":[{"href":"https:\/\/idecesos.com\/seguros\/wp-json\/wp\/v2\/media?parent=14331"}],"curies":[{"name":"wp","href":"https:\/\/api.w.org\/{rel}","templated":true}]}}