{"id":14342,"date":"2021-11-15T12:49:59","date_gmt":"2021-11-15T12:49:59","guid":{"rendered":"https:\/\/idecesos.com\/seguros\/companias\/adeslas\/malaga\/"},"modified":"2021-11-15T12:49:59","modified_gmt":"2021-11-15T12:49:59","slug":"malaga","status":"publish","type":"page","link":"https:\/\/idecesos.com\/seguros\/companias\/adeslas\/malaga\/","title":{"rendered":"Oficinas seguros de decesos Adeslas en M\u00e1laga"},"content":{"rendered":"<div id=\"ez-toc-container\" class=\"ez-toc-v2_0_82_2 ez-toc-wrap-center counter-hierarchy ez-toc-counter ez-toc-custom ez-toc-container-direction\">\n<div class=\"ez-toc-title-container\">\n<p class=\"ez-toc-title\" style=\"cursor:inherit\">Tabla de Contenido<\/p>\n<span class=\"ez-toc-title-toggle\"><a href=\"#\" class=\"ez-toc-pull-right ez-toc-btn ez-toc-btn-xs ez-toc-btn-default ez-toc-toggle\" aria-label=\"Alternar tabla de contenidos\"><span class=\"ez-toc-js-icon-con\"><span class=\"\"><span class=\"eztoc-hide\" style=\"display:none;\">Toggle<\/span><span class=\"ez-toc-icon-toggle-span\"><svg style=\"fill: #db6415;color:#db6415\" xmlns=\"http:\/\/www.w3.org\/2000\/svg\" class=\"list-377408\" width=\"20px\" height=\"20px\" viewBox=\"0 0 24 24\" fill=\"none\"><path d=\"M6 6H4v2h2V6zm14 0H8v2h12V6zM4 11h2v2H4v-2zm16 0H8v2h12v-2zM4 16h2v2H4v-2zm16 0H8v2h12v-2z\" fill=\"currentColor\"><\/path><\/svg><svg style=\"fill: #db6415;color:#db6415\" class=\"arrow-unsorted-368013\" xmlns=\"http:\/\/www.w3.org\/2000\/svg\" width=\"10px\" height=\"10px\" viewBox=\"0 0 24 24\" version=\"1.2\" baseProfile=\"tiny\"><path d=\"M18.2 9.3l-6.2-6.3-6.2 6.3c-.2.2-.3.4-.3.7s.1.5.3.7c.2.2.4.3.7.3h11c.3 0 .5-.1.7-.3.2-.2.3-.5.3-.7s-.1-.5-.3-.7zM5.8 14.7l6.2 6.3 6.2-6.3c.2-.2.3-.5.3-.7s-.1-.5-.3-.7c-.2-.2-.4-.3-.7-.3h-11c-.3 0-.5.1-.7.3-.2.2-.3.5-.3.7s.1.5.3.7z\"\/><\/svg><\/span><\/span><\/span><\/a><\/span><\/div>\n<nav><ul class='ez-toc-list ez-toc-list-level-1 ' ><li class='ez-toc-page-1 ez-toc-heading-level-2'><a class=\"ez-toc-link ez-toc-heading-1\" href=\"https:\/\/idecesos.com\/seguros\/companias\/adeslas\/malaga\/#Seguro_de_decesos_Adeslas_en_Malaga\" >Seguro de decesos Adeslas en M\u00e1laga<\/a><\/li><li class='ez-toc-page-1 ez-toc-heading-level-2'><a class=\"ez-toc-link ez-toc-heading-2\" href=\"https:\/\/idecesos.com\/seguros\/companias\/adeslas\/malaga\/#Mapa_de_agencias_de_seguros_Adeslas_en_Malaga\" >Mapa de agencias de seguros Adeslas en M\u00e1laga<\/a><\/li><li class='ez-toc-page-1 ez-toc-heading-level-2'><a class=\"ez-toc-link ez-toc-heading-3\" href=\"https:\/\/idecesos.com\/seguros\/companias\/adeslas\/malaga\/#Listado_de_sucursales_Adeslas_en_Malaga\" >Listado de sucursales Adeslas en M\u00e1laga<\/a><\/li><li class='ez-toc-page-1 ez-toc-heading-level-2'><a class=\"ez-toc-link ez-toc-heading-4\" href=\"https:\/\/idecesos.com\/seguros\/companias\/adeslas\/malaga\/#Sucursales_de_seguros_de_decesos_en_Malaga\" >Sucursales de seguros de decesos en M\u00e1laga<\/a><ul class='ez-toc-list-level-3' ><li class='ez-toc-heading-level-3'><a class=\"ez-toc-link ez-toc-heading-5\" href=\"https:\/\/idecesos.com\/seguros\/companias\/adeslas\/malaga\/#Listado_de_oficinas_Adeslas_en_Espana\" >Listado de oficinas Adeslas en Espa\u00f1a<\/a><\/li><\/ul><\/li><\/ul><\/nav><\/div>\n<p><br \/>\n<a href=\"https:\/\/idecesos.com\/seguros\/companias\/adeslas\/\"><img decoding=\"async\" class=\" alignleft\" src=\"https:\/\/idecesos.com\/seguros\/wp-content\/uploads\/2021\/09\/logo-adeslas-seguro-decesos.jpg\" alt=\"Seguro de decesos Adeslas\" width=\"336\" height=\"103\" \/><\/a>Cuentas con distintas sucursales de Adeslas en M\u00e1laga recibiendo en todo instante un asesoramiento detallado con una atenci\u00f3n personal. En como podr\u00e1s asistir dentro de sus horarios marcados. Es interesante conocer la ubicaci\u00f3n de cada uno de ellos de ellos de Adeslas en M\u00e1laga, para poder hallarlo a nuestra cercan\u00eda. Resolver\u00e1n cualquier inconveniente, gestion\u00e1ndolo por un instante. <\/p>\n<p>Optamos por lo polivalente que resulta la <strong>b\u00fasqueda de oficinas de Adeslas en M\u00e1laga<\/strong> trataran todos los problemas que puedas acontecer quedando resuelto sin problema de manera inmediata. Dando calidad al servicio cerca de ti en cualquier momento. Para realizar con correcci\u00f3n el trascurso del contrato de una p\u00f3liza, es donde puedes acudir a su oficina dentro del horario establecido. Ayudando en la grande perdida familiar. <\/p>\n<p>Visita nuestra p\u00e1gina de <a href=\"https:\/\/idecesos.com\/seguros\/companias\/adeslas\/\">seguros de decesos Adeslas<\/a> para m\u00e1s informaci\u00f3n.<\/p>\n<div class=\"colorf \"  ><div class=\"container clearfix\"><div class=\"col-md-7\">\n<h2><span class=\"ez-toc-section\" id=\"Seguro_de_decesos_Adeslas_en_Malaga\"><\/span>Seguro de decesos Adeslas en M\u00e1laga<span class=\"ez-toc-section-end\"><\/span><\/h2>\n<p>Cuentas con <strong>diversas empresas de seguros en M\u00e1laga<\/strong> representamos una de los mejores servicios, donde notoriamente vas a percibir la calidad exclusiva que damos a cada uno. Hay personas que les resulta complicado poder comprender un presupuesto y m\u00e1s cuando no se deja entender,  te damos la soluci\u00f3n a ello, con solo acceder lo vas a tener de forma instant\u00e1nea y con la informaci\u00f3n muy clara de Adeslas en M\u00e1laga. Sin darte cuenta has ahorrado todo ese tiempo para usarlo en m\u00e1s cosas. <\/p>\n<p><strong>Ver m\u00e1s:<\/strong> <a href=\"https:\/\/idecesos.com\/seguros\/ciudades\/malaga\/\">Seguros de decesos en M\u00e1laga<\/a><\/p>\n<p>Contando con nuestro servicio en diferentes localizaciones de oficinas de Adeslas en M\u00e1laga te obsequiamos el poder conocer tu <strong>presupuesto al segundo<\/strong>. Garant\u00eda a la hora de la b\u00fasqueda, con todo cuanto est\u00e1s buscando.<br \/>\nNo va a requerir de muchos pasos o de enlaces diferentes, es cuesti\u00f3n de rellenar el formulario que te facilitamos, por lo consecuente conseguir\u00e1s lo solicitado, con la informaci\u00f3n que has requerido. Jam\u00e1s hab\u00eda resultado tan sencillo buscarlo. <\/p>\n<p><\/div><\/div><\/div>\n\t\t<hr class=\"separador\">\n\t\t<div class=\"bloque-accion\">\n\t\t<p class=\"txt-accion\">Calcula el precio de tu seguro de decesos en menos de 1 minuto<\/p>\n\t\t<a class=\"btn-accion\" href=\"https:\/\/idecesos.com\/\">CALCULAR<\/a>\n\t\t<\/div>\n\t\t<hr class=\"separador\">\n\t\t<\/p>\n<h2><span class=\"ez-toc-section\" id=\"Mapa_de_agencias_de_seguros_Adeslas_en_Malaga\"><\/span>Mapa de agencias de seguros Adeslas en M\u00e1laga<span class=\"ez-toc-section-end\"><\/span><\/h2>\n<p>Oficinas de mapa de Adeslas en M\u00e1laga real\u00edzalo de forma f\u00e1cil y en tan solo menos de 1 minuto. Conocerlo ahora es necesario a la largo nos evita perder nuestro tiempo, y realizar entrar en p\u00e1ginas distintas. Conocer todas y cada una de las opciones dispobinles. Cuentas con nuestro mejor aliado que es la confiabilidad como garant\u00eda en tu b\u00fasqueda. <\/p>\n<p><iframe class=\"page-generator-pro-map\" width=\"100%\" height=\"400\" frameborder=\"0\" style=\"border:0\" src=\"https:\/\/www.google.com\/maps\/embed\/v1\/place?q=M%C3%A1laga%2C+Espa%C3%B1a&#038;zoom=14&#038;maptype=roadmap&#038;key=AIzaSyCNTEOso0tZG6YMSJFoaJEY5Th1stEWrJI\" allowfullscreen><\/iframe><\/p>\n<div class=\"colorf\"><div class=\"container clearfix\"><div class=\"col-md-7\"><div class=\"empresas\">\n<h2><span class=\"ez-toc-section\" id=\"Listado_de_sucursales_Adeslas_en_Malaga\"><\/span>Listado de sucursales Adeslas en M\u00e1laga<span class=\"ez-toc-section-end\"><\/span><\/h2>\n<ul>\n<li><strong>Compa\u00f1\u00eda de seguros m\u00e9dicos Espa\u00f1a:<\/strong> 29010<\/li>\n<\/ul>\n<\/div><\/div><\/div><\/div>\n<h2><span class=\"ez-toc-section\" id=\"Sucursales_de_seguros_de_decesos_en_Malaga\"><\/span>Sucursales de seguros de decesos en M\u00e1laga<span class=\"ez-toc-section-end\"><\/span><\/h2>\n<p>Te traemos la soluci\u00f3n para aquellos que precisan conocer <strong>seguros de defunci\u00f3n en M\u00e1laga<\/strong>, ahorr\u00e1ndote pasos de registros, te damos el listado a fin de que lo tengas a tu entera disposici\u00f3n pudiendo acceder en cualquier momento, quedara siempre y en todo momento actualizado. Va a quedar resuelto cualquier g\u00e9nero de cuesti\u00f3n que tengas al respecto, merced a la informaci\u00f3n apartada. <\/p>\n<!-- Shortcode [adeslas] does not exist -->\n<div class=\"colorf\"><div class=\"container clearfix\"><div class=\"col-md-7\"><div class=\"empresas\">\n<h3><span class=\"ez-toc-section\" id=\"Listado_de_oficinas_Adeslas_en_Espana\"><\/span>Listado de oficinas Adeslas en Espa\u00f1a<span class=\"ez-toc-section-end\"><\/span><\/h3>\n<div class=\"enlazado\"><ul><li><a href=\"https:\/\/idecesos.com\/seguros\/companias\/adeslas\/baleares\/\"><span>Oficinas seguros de decesos Adeslas en Baleares<\/span><\/a><\/li><li><a href=\"https:\/\/idecesos.com\/seguros\/companias\/adeslas\/burgos\/\"><span>Oficinas seguros de decesos Adeslas en Burgos<\/span><\/a><\/li><li><a href=\"https:\/\/idecesos.com\/seguros\/companias\/adeslas\/castellon\/\"><span>Oficinas seguros de decesos Adeslas en Castell\u00f3n<\/span><\/a><\/li><li><a href=\"https:\/\/idecesos.com\/seguros\/companias\/adeslas\/ceuta\/\"><span>Oficinas seguros de decesos Adeslas en Ceuta<\/span><\/a><\/li><li><a href=\"https:\/\/idecesos.com\/seguros\/companias\/adeslas\/cuenca\/\"><span>Oficinas seguros de decesos Adeslas en Cuenca<\/span><\/a><\/li><li><a href=\"https:\/\/idecesos.com\/seguros\/companias\/adeslas\/cadiz\/\"><span>Oficinas seguros de decesos Adeslas en C\u00e1diz<\/span><\/a><\/li><li><a href=\"https:\/\/idecesos.com\/seguros\/companias\/adeslas\/huelva\/\"><span>Oficinas seguros de decesos Adeslas en Huelva<\/span><\/a><\/li><li><a href=\"https:\/\/idecesos.com\/seguros\/companias\/adeslas\/la-coruna\/\"><span>Oficinas seguros de decesos Adeslas en La coru\u00f1a<\/span><\/a><\/li><li><a href=\"https:\/\/idecesos.com\/seguros\/companias\/adeslas\/sevilla\/\"><span>Oficinas seguros de decesos Adeslas en Sevilla<\/span><\/a><\/li><li><a href=\"https:\/\/idecesos.com\/seguros\/companias\/adeslas\/alava\/\"><span>Oficinas seguros de decesos Adeslas en \u00c1lava<\/span><\/a><\/li><li><a href=\"https:\/\/idecesos.com\/seguros\/companias\/adeslas\/avila\/\"><span>Oficinas seguros de decesos Adeslas en \u00c1vila<\/span><\/a><\/li><li><a href=\"https:\/\/idecesos.com\/seguros\/companias\/adeslas\/opiniones\/\"><span>Opiniones Seguro de Decesos Adeslas<\/span><\/a><\/li><li><a href=\"https:\/\/idecesos.com\/seguros\/companias\/adeslas\/prima-nivelada\/\"><span>Seguro de decesos Adeslas Prima Nivelada<\/span><\/a><\/li><li><a href=\"https:\/\/idecesos.com\/seguros\/companias\/adeslas\/repatriacion\/\"><span>Seguro de decesos Adeslas con repatriaci\u00f3n<\/span><\/a><\/li><li><a href=\"https:\/\/idecesos.com\/seguros\/companias\/adeslas\/segurcaixa\/\"><span>Seguro de decesos Segurcaixa Adeslas<\/span><\/a><\/li><li><a href=\"https:\/\/idecesos.com\/seguros\/companias\/adeslas\/precio\/\"><span>\u00bfCu\u00e1nto cuesta el seguro de decesos Adeslas?<\/span><\/a><\/li><\/ul><\/div>\n<div><\/div><\/div><\/div><\/div><\/div>\n","protected":false},"excerpt":{"rendered":"<p>Cuentas con distintas sucursales de Adeslas en M\u00e1laga recibiendo en todo instante un asesoramiento detallado con una atenci\u00f3n personal. En como podr\u00e1s asistir dentro de sus horarios marcados. Es interesante conocer la ubicaci\u00f3n de cada uno de ellos de ellos de Adeslas en M\u00e1laga, para poder hallarlo a nuestra cercan\u00eda. Resolver\u00e1n cualquier inconveniente, gestion\u00e1ndolo por&hellip; <\/p>\n","protected":false},"author":0,"featured_media":0,"parent":215,"menu_order":0,"comment_status":"closed","ping_status":"closed","template":"page-templates\/companies.php","meta":{"footnotes":""},"class_list":["post-14342","page","type-page","status-publish","hentry"],"yoast_head":"<!-- This site is optimized with the Yoast SEO plugin v27.3 - https:\/\/yoast.com\/product\/yoast-seo-wordpress\/ -->\n<title>Oficinas Adeslas en M\u00e1laga \u25b7Tel\u00e9fonos, Horarios, Direcci\u00f3n<\/title>\n<meta name=\"description\" content=\"Lista completa de Oficinas Adeslas en M\u00e1laga Horarios, \u2706 tel\u00e9fonos y direcciones actualizados en 2026 \u2611\ufe0f Verificado por iDecesos.\" \/>\n<meta name=\"robots\" content=\"index, follow, max-snippet:-1, max-image-preview:large, max-video-preview:-1\" \/>\n<link rel=\"canonical\" href=\"https:\/\/idecesos.com\/seguros\/companias\/adeslas\/malaga\/\" \/>\n<meta property=\"og:locale\" content=\"es_ES\" \/>\n<meta property=\"og:type\" content=\"article\" \/>\n<meta property=\"og:title\" content=\"Oficinas Adeslas en M\u00e1laga \u25b7Tel\u00e9fonos, Horarios, Direcci\u00f3n\" \/>\n<meta property=\"og:description\" content=\"Lista completa de Oficinas Adeslas en M\u00e1laga Horarios, \u2706 tel\u00e9fonos y direcciones actualizados en 2026 \u2611\ufe0f Verificado por iDecesos.\" \/>\n<meta property=\"og:url\" content=\"https:\/\/idecesos.com\/seguros\/companias\/adeslas\/malaga\/\" \/>\n<meta property=\"og:image\" content=\"https:\/\/idecesos.com\/seguros\/wp-content\/uploads\/2021\/09\/logo-adeslas-seguro-decesos.jpg\" \/>\n<meta name=\"twitter:card\" content=\"summary_large_image\" \/>\n<meta name=\"twitter:label1\" content=\"Tiempo de lectura\" \/>\n\t<meta name=\"twitter:data1\" content=\"39 minutos\" \/>\n<script type=\"application\/ld+json\" class=\"yoast-schema-graph\">{\"@context\":\"https:\\\/\\\/schema.org\",\"@graph\":[{\"@type\":\"WebPage\",\"@id\":\"https:\\\/\\\/idecesos.com\\\/seguros\\\/companias\\\/adeslas\\\/malaga\\\/\",\"url\":\"https:\\\/\\\/idecesos.com\\\/seguros\\\/companias\\\/adeslas\\\/malaga\\\/\",\"name\":\"Oficinas Adeslas en M\u00e1laga \u25b7Tel\u00e9fonos, Horarios, Direcci\u00f3n\",\"isPartOf\":{\"@id\":\"https:\\\/\\\/idecesos.com\\\/seguros\\\/#website\"},\"primaryImageOfPage\":{\"@id\":\"https:\\\/\\\/idecesos.com\\\/seguros\\\/companias\\\/adeslas\\\/malaga\\\/#primaryimage\"},\"image\":{\"@id\":\"https:\\\/\\\/idecesos.com\\\/seguros\\\/companias\\\/adeslas\\\/malaga\\\/#primaryimage\"},\"thumbnailUrl\":\"https:\\\/\\\/idecesos.com\\\/seguros\\\/wp-content\\\/uploads\\\/2021\\\/09\\\/logo-adeslas-seguro-decesos.jpg\",\"datePublished\":\"2021-11-15T12:49:59+00:00\",\"description\":\"Lista completa de Oficinas Adeslas en M\u00e1laga Horarios, \u2706 tel\u00e9fonos y direcciones actualizados en 2026 \u2611\ufe0f Verificado por iDecesos.\",\"breadcrumb\":{\"@id\":\"https:\\\/\\\/idecesos.com\\\/seguros\\\/companias\\\/adeslas\\\/malaga\\\/#breadcrumb\"},\"inLanguage\":\"es\",\"potentialAction\":[{\"@type\":\"ReadAction\",\"target\":[\"https:\\\/\\\/idecesos.com\\\/seguros\\\/companias\\\/adeslas\\\/malaga\\\/\"]}]},{\"@type\":\"ImageObject\",\"inLanguage\":\"es\",\"@id\":\"https:\\\/\\\/idecesos.com\\\/seguros\\\/companias\\\/adeslas\\\/malaga\\\/#primaryimage\",\"url\":\"https:\\\/\\\/idecesos.com\\\/seguros\\\/wp-content\\\/uploads\\\/2021\\\/09\\\/logo-adeslas-seguro-decesos.jpg\",\"contentUrl\":\"https:\\\/\\\/idecesos.com\\\/seguros\\\/wp-content\\\/uploads\\\/2021\\\/09\\\/logo-adeslas-seguro-decesos.jpg\",\"width\":341,\"height\":63,\"caption\":\"Seguro de Decesos Adeslas\"},{\"@type\":\"BreadcrumbList\",\"@id\":\"https:\\\/\\\/idecesos.com\\\/seguros\\\/companias\\\/adeslas\\\/malaga\\\/#breadcrumb\",\"itemListElement\":[{\"@type\":\"ListItem\",\"position\":1,\"name\":\"Portada\",\"item\":\"https:\\\/\\\/idecesos.com\\\/seguros\\\/\"},{\"@type\":\"ListItem\",\"position\":2,\"name\":\"Compa\u00f1\u00edas de Seguros de Decesos en Espa\u00f1a\",\"item\":\"https:\\\/\\\/idecesos.com\\\/seguros\\\/companias\\\/\"},{\"@type\":\"ListItem\",\"position\":3,\"name\":\"Seguro de Decesos Adeslas\",\"item\":\"https:\\\/\\\/idecesos.com\\\/seguros\\\/companias\\\/adeslas\\\/\"},{\"@type\":\"ListItem\",\"position\":4,\"name\":\"Oficinas seguros de decesos Adeslas en M\u00e1laga\"}]},{\"@type\":\"WebSite\",\"@id\":\"https:\\\/\\\/idecesos.com\\\/seguros\\\/#website\",\"url\":\"https:\\\/\\\/idecesos.com\\\/seguros\\\/\",\"name\":\"\",\"description\":\"\",\"potentialAction\":[{\"@type\":\"SearchAction\",\"target\":{\"@type\":\"EntryPoint\",\"urlTemplate\":\"https:\\\/\\\/idecesos.com\\\/seguros\\\/?s={search_term_string}\"},\"query-input\":{\"@type\":\"PropertyValueSpecification\",\"valueRequired\":true,\"valueName\":\"search_term_string\"}}],\"inLanguage\":\"es\"}]}<\/script>\n<!-- \/ Yoast SEO plugin. -->","yoast_head_json":{"title":"Oficinas Adeslas en M\u00e1laga \u25b7Tel\u00e9fonos, Horarios, Direcci\u00f3n","description":"Lista completa de Oficinas Adeslas en M\u00e1laga Horarios, \u2706 tel\u00e9fonos y direcciones actualizados en 2026 \u2611\ufe0f Verificado por iDecesos.","robots":{"index":"index","follow":"follow","max-snippet":"max-snippet:-1","max-image-preview":"max-image-preview:large","max-video-preview":"max-video-preview:-1"},"canonical":"https:\/\/idecesos.com\/seguros\/companias\/adeslas\/malaga\/","og_locale":"es_ES","og_type":"article","og_title":"Oficinas Adeslas en M\u00e1laga \u25b7Tel\u00e9fonos, Horarios, Direcci\u00f3n","og_description":"Lista completa de Oficinas Adeslas en M\u00e1laga Horarios, \u2706 tel\u00e9fonos y direcciones actualizados en 2026 \u2611\ufe0f Verificado por iDecesos.","og_url":"https:\/\/idecesos.com\/seguros\/companias\/adeslas\/malaga\/","og_image":[{"url":"https:\/\/idecesos.com\/seguros\/wp-content\/uploads\/2021\/09\/logo-adeslas-seguro-decesos.jpg","type":"","width":"","height":""}],"twitter_card":"summary_large_image","twitter_misc":{"Tiempo de lectura":"39 minutos"},"schema":{"@context":"https:\/\/schema.org","@graph":[{"@type":"WebPage","@id":"https:\/\/idecesos.com\/seguros\/companias\/adeslas\/malaga\/","url":"https:\/\/idecesos.com\/seguros\/companias\/adeslas\/malaga\/","name":"Oficinas Adeslas en M\u00e1laga \u25b7Tel\u00e9fonos, Horarios, Direcci\u00f3n","isPartOf":{"@id":"https:\/\/idecesos.com\/seguros\/#website"},"primaryImageOfPage":{"@id":"https:\/\/idecesos.com\/seguros\/companias\/adeslas\/malaga\/#primaryimage"},"image":{"@id":"https:\/\/idecesos.com\/seguros\/companias\/adeslas\/malaga\/#primaryimage"},"thumbnailUrl":"https:\/\/idecesos.com\/seguros\/wp-content\/uploads\/2021\/09\/logo-adeslas-seguro-decesos.jpg","datePublished":"2021-11-15T12:49:59+00:00","description":"Lista completa de Oficinas Adeslas en M\u00e1laga Horarios, \u2706 tel\u00e9fonos y direcciones actualizados en 2026 \u2611\ufe0f Verificado por iDecesos.","breadcrumb":{"@id":"https:\/\/idecesos.com\/seguros\/companias\/adeslas\/malaga\/#breadcrumb"},"inLanguage":"es","potentialAction":[{"@type":"ReadAction","target":["https:\/\/idecesos.com\/seguros\/companias\/adeslas\/malaga\/"]}]},{"@type":"ImageObject","inLanguage":"es","@id":"https:\/\/idecesos.com\/seguros\/companias\/adeslas\/malaga\/#primaryimage","url":"https:\/\/idecesos.com\/seguros\/wp-content\/uploads\/2021\/09\/logo-adeslas-seguro-decesos.jpg","contentUrl":"https:\/\/idecesos.com\/seguros\/wp-content\/uploads\/2021\/09\/logo-adeslas-seguro-decesos.jpg","width":341,"height":63,"caption":"Seguro de Decesos Adeslas"},{"@type":"BreadcrumbList","@id":"https:\/\/idecesos.com\/seguros\/companias\/adeslas\/malaga\/#breadcrumb","itemListElement":[{"@type":"ListItem","position":1,"name":"Portada","item":"https:\/\/idecesos.com\/seguros\/"},{"@type":"ListItem","position":2,"name":"Compa\u00f1\u00edas de Seguros de Decesos en Espa\u00f1a","item":"https:\/\/idecesos.com\/seguros\/companias\/"},{"@type":"ListItem","position":3,"name":"Seguro de Decesos Adeslas","item":"https:\/\/idecesos.com\/seguros\/companias\/adeslas\/"},{"@type":"ListItem","position":4,"name":"Oficinas seguros de decesos Adeslas en M\u00e1laga"}]},{"@type":"WebSite","@id":"https:\/\/idecesos.com\/seguros\/#website","url":"https:\/\/idecesos.com\/seguros\/","name":"","description":"","potentialAction":[{"@type":"SearchAction","target":{"@type":"EntryPoint","urlTemplate":"https:\/\/idecesos.com\/seguros\/?s={search_term_string}"},"query-input":{"@type":"PropertyValueSpecification","valueRequired":true,"valueName":"search_term_string"}}],"inLanguage":"es"}]}},"_links":{"self":[{"href":"https:\/\/idecesos.com\/seguros\/wp-json\/wp\/v2\/pages\/14342","targetHints":{"allow":["GET"]}}],"collection":[{"href":"https:\/\/idecesos.com\/seguros\/wp-json\/wp\/v2\/pages"}],"about":[{"href":"https:\/\/idecesos.com\/seguros\/wp-json\/wp\/v2\/types\/page"}],"replies":[{"embeddable":true,"href":"https:\/\/idecesos.com\/seguros\/wp-json\/wp\/v2\/comments?post=14342"}],"version-history":[{"count":0,"href":"https:\/\/idecesos.com\/seguros\/wp-json\/wp\/v2\/pages\/14342\/revisions"}],"up":[{"embeddable":true,"href":"https:\/\/idecesos.com\/seguros\/wp-json\/wp\/v2\/pages\/215"}],"wp:attachment":[{"href":"https:\/\/idecesos.com\/seguros\/wp-json\/wp\/v2\/media?parent=14342"}],"curies":[{"name":"wp","href":"https:\/\/api.w.org\/{rel}","templated":true}]}}