{"id":14613,"date":"2021-11-21T17:40:49","date_gmt":"2021-11-21T17:40:49","guid":{"rendered":"https:\/\/idecesos.com\/seguros\/companias\/aura\/baleares\/"},"modified":"2021-11-21T17:40:49","modified_gmt":"2021-11-21T17:40:49","slug":"baleares","status":"publish","type":"page","link":"https:\/\/idecesos.com\/seguros\/companias\/aura\/baleares\/","title":{"rendered":"Oficinas seguros de decesos Aura Seguros en Baleares"},"content":{"rendered":"<div id=\"ez-toc-container\" class=\"ez-toc-v2_0_82_2 ez-toc-wrap-center counter-hierarchy ez-toc-counter ez-toc-custom ez-toc-container-direction\">\n<div class=\"ez-toc-title-container\">\n<p class=\"ez-toc-title\" style=\"cursor:inherit\">Tabla de Contenido<\/p>\n<span class=\"ez-toc-title-toggle\"><a href=\"#\" class=\"ez-toc-pull-right ez-toc-btn ez-toc-btn-xs ez-toc-btn-default ez-toc-toggle\" aria-label=\"Alternar tabla de contenidos\"><span class=\"ez-toc-js-icon-con\"><span class=\"\"><span class=\"eztoc-hide\" style=\"display:none;\">Toggle<\/span><span class=\"ez-toc-icon-toggle-span\"><svg style=\"fill: #db6415;color:#db6415\" xmlns=\"http:\/\/www.w3.org\/2000\/svg\" class=\"list-377408\" width=\"20px\" height=\"20px\" viewBox=\"0 0 24 24\" fill=\"none\"><path d=\"M6 6H4v2h2V6zm14 0H8v2h12V6zM4 11h2v2H4v-2zm16 0H8v2h12v-2zM4 16h2v2H4v-2zm16 0H8v2h12v-2z\" fill=\"currentColor\"><\/path><\/svg><svg style=\"fill: #db6415;color:#db6415\" class=\"arrow-unsorted-368013\" xmlns=\"http:\/\/www.w3.org\/2000\/svg\" width=\"10px\" height=\"10px\" viewBox=\"0 0 24 24\" version=\"1.2\" baseProfile=\"tiny\"><path d=\"M18.2 9.3l-6.2-6.3-6.2 6.3c-.2.2-.3.4-.3.7s.1.5.3.7c.2.2.4.3.7.3h11c.3 0 .5-.1.7-.3.2-.2.3-.5.3-.7s-.1-.5-.3-.7zM5.8 14.7l6.2 6.3 6.2-6.3c.2-.2.3-.5.3-.7s-.1-.5-.3-.7c-.2-.2-.4-.3-.7-.3h-11c-.3 0-.5.1-.7.3-.2.2-.3.5-.3.7s.1.5.3.7z\"\/><\/svg><\/span><\/span><\/span><\/a><\/span><\/div>\n<nav><ul class='ez-toc-list ez-toc-list-level-1 ' ><li class='ez-toc-page-1 ez-toc-heading-level-2'><a class=\"ez-toc-link ez-toc-heading-1\" href=\"https:\/\/idecesos.com\/seguros\/companias\/aura\/baleares\/#Seguro_de_decesos_Aura_Seguros_en_Baleares\" >Seguro de decesos Aura Seguros en Baleares<\/a><\/li><li class='ez-toc-page-1 ez-toc-heading-level-2'><a class=\"ez-toc-link ez-toc-heading-2\" href=\"https:\/\/idecesos.com\/seguros\/companias\/aura\/baleares\/#Mapa_de_sucursales_de_seguros_Aura_Seguros_en_Baleares\" >Mapa de sucursales de seguros Aura Seguros en Baleares<\/a><\/li><li class='ez-toc-page-1 ez-toc-heading-level-2'><a class=\"ez-toc-link ez-toc-heading-3\" href=\"https:\/\/idecesos.com\/seguros\/companias\/aura\/baleares\/#Listado_de_oficinas_Aura_Seguros_en_Baleares\" >Listado de oficinas Aura Seguros en Baleares<\/a><\/li><li class='ez-toc-page-1 ez-toc-heading-level-2'><a class=\"ez-toc-link ez-toc-heading-4\" href=\"https:\/\/idecesos.com\/seguros\/companias\/aura\/baleares\/#Sucursales_de_seguros_de_decesos_en_Baleares\" >Sucursales de seguros de decesos en Baleares<\/a><ul class='ez-toc-list-level-3' ><li class='ez-toc-heading-level-3'><a class=\"ez-toc-link ez-toc-heading-5\" href=\"https:\/\/idecesos.com\/seguros\/companias\/aura\/baleares\/#Listado_de_oficinas_Aura_Seguros_en_Espana\" >Listado de oficinas Aura Seguros en Espa\u00f1a<\/a><\/li><\/ul><\/li><\/ul><\/nav><\/div>\n<p><br \/>\n<a href=\"https:\/\/idecesos.com\/seguros\/companias\/aura\/\"><img decoding=\"async\" class=\" alignleft\" src=\"https:\/\/idecesos.com\/seguros\/wp-content\/uploads\/2021\/11\/aura-logo.jpg\" alt=\"Seguro de decesos Aura Seguros\" width=\"336\" height=\"103\" \/><\/a><strong>La ciudad de Baleares tiene varias oficinas de Aura Seguros<\/strong> en la que van a poder atenderle para cualquier necesidad o sugerencia dentro de su horario, en todo instante contases con la ayuda de una persona cualificada en el sector, cada oficina cuenta con trabajadores con a\u00f1os experiencia, para darte la mejor calidad posible. Es esencial contar con oficinas, de este modo solventaran tus inconvenientes presencialmente, sabemos que es m\u00e1s eficiente si se trata a la distancia. Tan necesario como importante es poder tener cerca delegaciones de decesos. <\/p>\n<p>Merced a ello, Aura Seguros le ofrece un servicio pr\u00f3ximo y una comunicaci\u00f3n adaptada por medio de su servicio de oficinas, de car\u00e1cter m\u00e1s familiar, por ello conocer donde se encuentra cada uno de ellos es inevitable. Sin importar el instante, nos dar\u00e1n la calidad de prestaci\u00f3n muy elevada. Cuentas en todo momento de grandes especialistas cualificados, d\u00f3nde vas a poder obtener un presupuesto en el instante. <\/p>\n<p>Visita nuestra p\u00e1gina de <a href=\"https:\/\/idecesos.com\/seguros\/companias\/aura\/\">seguros de decesos Aura Seguros<\/a> para m\u00e1s informaci\u00f3n.<\/p>\n<div class=\"colorf \"  ><div class=\"container clearfix\"><div class=\"col-md-7\">\n<h2><span class=\"ez-toc-section\" id=\"Seguro_de_decesos_Aura_Seguros_en_Baleares\"><\/span>Seguro de decesos Aura Seguros en Baleares<span class=\"ez-toc-section-end\"><\/span><\/h2>\n<p>Destacamos que la calidad que te ofrecemos es m\u00e1s del 100 por ciento respecto a diferentes compa\u00f1\u00edas por el servicio que prestamos como aseguradora, que tiene <strong>oficinas en todos y cada Baleares<\/strong> en la que te aconsejamos nuestros conocimientos en todos y cada campo que respecta, de los mejores en el campo, obt\u00e9n sin coste tu presupuesto. Tienes en tus manos la oportunidad de poder tener un presupuesto de manera sin costo y encima de todo eso, r\u00e1pido \u00bfQu\u00e9 m\u00e1s podr\u00e1s necesitas?. Descartando en todo instante realizar procedimientos de m\u00e1s. <\/p>\n<p><strong>Ver m\u00e1s:<\/strong> <a href=\"https:\/\/idecesos.com\/seguros\/ciudades\/baleares\/\">Seguros de decesos en Baleares<\/a><\/p>\n<p>Aparte de asegurarte y cubrir tus servicios m\u00e1s esenciales,<strong> te facilitamos que en Baleares<\/strong> se adapten a ti, d\u00e1ndote la mejor calidad. Queremos que cuentes en todo instante con el poder ayudarte con tus inconvenientes, pudiendo de esta forma pedir tu cita previa en menos de 1 segundo. \u00bfDeseas saber lo f\u00e1cil que <strong>solucionamos tus cuestiones de Aura Seguros<\/strong>?Si en alg\u00fan instante te lo has cuestionado, te damos las contestaciones a todo de forma m\u00e1s sencilla. Es tan f\u00e1cil que con solo rellenar el formulario tendr\u00e1s en el momento tu cita o bien presupuesto con toda la informaci\u00f3n relevante. Sin necesidad de muchos tramites, darte la soluci\u00f3n no nos cuesta nada. <\/p>\n<p><\/div><\/div><\/div>\n\t\t<hr class=\"separador\">\n\t\t<div class=\"bloque-accion\">\n\t\t<p class=\"txt-accion\">Calcula el precio de tu seguro de decesos en menos de 1 minuto<\/p>\n\t\t<a class=\"btn-accion\" href=\"https:\/\/idecesos.com\/\">CALCULAR<\/a>\n\t\t<\/div>\n\t\t<hr class=\"separador\">\n\t\t<\/p>\n<h2><span class=\"ez-toc-section\" id=\"Mapa_de_sucursales_de_seguros_Aura_Seguros_en_Baleares\"><\/span>Mapa de sucursales de seguros Aura Seguros en Baleares<span class=\"ez-toc-section-end\"><\/span><\/h2>\n<p>\u00bf<strong>Mapa de oficinas de la Aura Seguros en Baleares<\/strong>? sirve para encontrarlo de manera r\u00e1pida, ahorr\u00e1ndote tiempo. Conocerlo ahora es preciso a la largo nos evita perder nuestro tiempo, y efectuar entrar en p\u00e1ginas diferentes. Gestionandolo de forma diferente determinada. Cuentas con nuestro mejor aliado que es la confiabilidad como garant\u00eda en tu busca. <\/p>\n<p><iframe class=\"page-generator-pro-map\" width=\"100%\" height=\"400\" frameborder=\"0\" style=\"border:0\" src=\"https:\/\/www.google.com\/maps\/embed\/v1\/place?q=Palma%2C+Espa%C3%B1a&#038;zoom=14&#038;maptype=roadmap&#038;key=AIzaSyCNTEOso0tZG6YMSJFoaJEY5Th1stEWrJI\" allowfullscreen><\/iframe><\/p>\n<div class=\"colorf\"><div class=\"container clearfix\"><div class=\"col-md-7\"><div class=\"empresas\">\n<h2><span class=\"ez-toc-section\" id=\"Listado_de_oficinas_Aura_Seguros_en_Baleares\"><\/span>Listado de oficinas Aura Seguros en Baleares<span class=\"ez-toc-section-end\"><\/span><\/h2>\n<ul>\n<li><strong>Compa\u00f1\u00eda de seguros Espa\u00f1a:<\/strong> 07012<\/li>\n<\/ul>\n<\/div><\/div><\/div><\/div>\n<h2><span class=\"ez-toc-section\" id=\"Sucursales_de_seguros_de_decesos_en_Baleares\"><\/span>Sucursales de seguros de decesos en Baleares<span class=\"ez-toc-section-end\"><\/span><\/h2>\n<p>Queremos que cuentes en todo instante con un <strong>listado de empresas de seguros de defunci\u00f3n en Baleares<\/strong> mas queremos que lo tengas sencillamente y c\u00f3moda. Contando con m\u00e1s cosas, te aportamos la informaci\u00f3n precisa de los siguientes. \u00bfQu\u00e9 sucede si doy click? Tendr\u00e1s a tu disposici\u00f3n las contestaciones a sus problemas. Nos agrada ponerte las cosas f\u00e1ciles, por este motivo cuentas con nosotros. <\/p>\n<!-- Shortcode [aura] does not exist -->\n<div class=\"colorf\"><div class=\"container clearfix\"><div class=\"col-md-7\"><div class=\"empresas\">\n<h3><span class=\"ez-toc-section\" id=\"Listado_de_oficinas_Aura_Seguros_en_Espana\"><\/span>Listado de oficinas Aura Seguros en Espa\u00f1a<span class=\"ez-toc-section-end\"><\/span><\/h3>\n<div class=\"enlazado\"><ul><li><a href=\"https:\/\/idecesos.com\/seguros\/companias\/aura\/telefono\/\"><span>Atenci\u00f3n al cliente Aura: telefono gratuito, e-mail<\/span><\/a><\/li><li><a href=\"https:\/\/idecesos.com\/seguros\/companias\/aura\/almeria\/\"><span>Oficinas seguros de decesos Aura Seguros en Almer\u00eda<\/span><\/a><\/li><li><a href=\"https:\/\/idecesos.com\/seguros\/companias\/aura\/badajoz\/\"><span>Oficinas seguros de decesos Aura Seguros en Badajoz<\/span><\/a><\/li><li><a href=\"https:\/\/idecesos.com\/seguros\/companias\/aura\/cadiz\/\"><span>Oficinas seguros de decesos Aura Seguros en C\u00e1diz<\/span><\/a><\/li><li><a href=\"https:\/\/idecesos.com\/seguros\/companias\/aura\/cordoba\/\"><span>Oficinas seguros de decesos Aura Seguros en C\u00f3rdoba<\/span><\/a><\/li><li><a href=\"https:\/\/idecesos.com\/seguros\/companias\/aura\/granada\/\"><span>Oficinas seguros de decesos Aura Seguros en Granada<\/span><\/a><\/li><li><a href=\"https:\/\/idecesos.com\/seguros\/companias\/aura\/malaga\/\"><span>Oficinas seguros de decesos Aura Seguros en M\u00e1laga<\/span><\/a><\/li><li><a href=\"https:\/\/idecesos.com\/seguros\/companias\/aura\/sevilla\/\"><span>Oficinas seguros de decesos Aura Seguros en Sevilla<\/span><\/a><\/li><li><a href=\"https:\/\/idecesos.com\/seguros\/companias\/aura\/valencia\/\"><span>Oficinas seguros de decesos Aura Seguros en Valencia<\/span><\/a><\/li><li><a href=\"https:\/\/idecesos.com\/seguros\/companias\/aura\/vizcaya\/\"><span>Oficinas seguros de decesos Aura Seguros en Vizcaya<\/span><\/a><\/li><li><a href=\"https:\/\/idecesos.com\/seguros\/companias\/aura\/prima-natural\/\"><span>Seguro de decesos Aura Prima Natural<\/span><\/a><\/li><li><a href=\"https:\/\/idecesos.com\/seguros\/companias\/aura\/prima-nivelada\/\"><span>Seguro de decesos Aura Prima Nivelada<\/span><\/a><\/li><li><a href=\"https:\/\/idecesos.com\/seguros\/companias\/aura\/prima-unica\/\"><span>Seguro de decesos Aura Prima \u00danica<\/span><\/a><\/li><li><a href=\"https:\/\/idecesos.com\/seguros\/companias\/aura\/repatriacion\/\"><span>Seguro de decesos Aura con repatriaci\u00f3n<\/span><\/a><\/li><li><a href=\"https:\/\/idecesos.com\/seguros\/companias\/aura\/precio\/\"><span>\u00bfCu\u00e1nto cuesta el seguro de decesos Aura?<\/span><\/a><\/li><li><a href=\"https:\/\/idecesos.com\/seguros\/companias\/aura\/dar-de-baja\/\"><span>\u00bfC\u00f3mo dar de baja seguro Aura?<\/span><\/a><\/li><\/ul><\/div>\n<div><\/div><\/div><\/div><\/div><\/div>\n","protected":false},"excerpt":{"rendered":"<p>La ciudad de Baleares tiene varias oficinas de Aura Seguros en la que van a poder atenderle para cualquier necesidad o sugerencia dentro de su horario, en todo instante contases con la ayuda de una persona cualificada en el sector, cada oficina cuenta con trabajadores con a\u00f1os experiencia, para darte la mejor calidad posible. Es&hellip; <\/p>\n","protected":false},"author":0,"featured_media":0,"parent":6003,"menu_order":0,"comment_status":"closed","ping_status":"closed","template":"page-templates\/companies.php","meta":{"footnotes":""},"class_list":["post-14613","page","type-page","status-publish","hentry"],"yoast_head":"<!-- This site is optimized with the Yoast SEO plugin v27.3 - https:\/\/yoast.com\/product\/yoast-seo-wordpress\/ -->\n<title>Oficinas Aura Seguros en Baleares \u25b7Tel\u00e9fonos, Horarios, Direcci\u00f3n<\/title>\n<meta name=\"description\" content=\"Lista completa de Oficinas Aura Seguros en Baleares Horarios, \u2706 tel\u00e9fonos y direcciones actualizados en 2026 \u2611\ufe0f Verificado por iDecesos.\" \/>\n<meta name=\"robots\" content=\"index, follow, max-snippet:-1, max-image-preview:large, max-video-preview:-1\" \/>\n<link rel=\"canonical\" href=\"https:\/\/idecesos.com\/seguros\/companias\/aura\/baleares\/\" \/>\n<meta property=\"og:locale\" content=\"es_ES\" \/>\n<meta property=\"og:type\" content=\"article\" \/>\n<meta property=\"og:title\" content=\"Oficinas Aura Seguros en Baleares \u25b7Tel\u00e9fonos, Horarios, Direcci\u00f3n\" \/>\n<meta property=\"og:description\" content=\"Lista completa de Oficinas Aura Seguros en Baleares Horarios, \u2706 tel\u00e9fonos y direcciones actualizados en 2026 \u2611\ufe0f Verificado por iDecesos.\" \/>\n<meta property=\"og:url\" content=\"https:\/\/idecesos.com\/seguros\/companias\/aura\/baleares\/\" \/>\n<meta property=\"og:image\" content=\"https:\/\/idecesos.com\/seguros\/wp-content\/uploads\/2021\/11\/aura-logo.jpg\" \/>\n<meta name=\"twitter:card\" content=\"summary_large_image\" \/>\n<meta name=\"twitter:label1\" content=\"Tiempo de lectura\" \/>\n\t<meta name=\"twitter:data1\" content=\"39 minutos\" \/>\n<script type=\"application\/ld+json\" class=\"yoast-schema-graph\">{\"@context\":\"https:\\\/\\\/schema.org\",\"@graph\":[{\"@type\":\"WebPage\",\"@id\":\"https:\\\/\\\/idecesos.com\\\/seguros\\\/companias\\\/aura\\\/baleares\\\/\",\"url\":\"https:\\\/\\\/idecesos.com\\\/seguros\\\/companias\\\/aura\\\/baleares\\\/\",\"name\":\"Oficinas Aura Seguros en Baleares \u25b7Tel\u00e9fonos, Horarios, Direcci\u00f3n\",\"isPartOf\":{\"@id\":\"https:\\\/\\\/idecesos.com\\\/seguros\\\/#website\"},\"primaryImageOfPage\":{\"@id\":\"https:\\\/\\\/idecesos.com\\\/seguros\\\/companias\\\/aura\\\/baleares\\\/#primaryimage\"},\"image\":{\"@id\":\"https:\\\/\\\/idecesos.com\\\/seguros\\\/companias\\\/aura\\\/baleares\\\/#primaryimage\"},\"thumbnailUrl\":\"https:\\\/\\\/idecesos.com\\\/seguros\\\/wp-content\\\/uploads\\\/2021\\\/11\\\/aura-logo.jpg\",\"datePublished\":\"2021-11-21T17:40:49+00:00\",\"description\":\"Lista completa de Oficinas Aura Seguros en Baleares Horarios, \u2706 tel\u00e9fonos y direcciones actualizados en 2026 \u2611\ufe0f Verificado por iDecesos.\",\"breadcrumb\":{\"@id\":\"https:\\\/\\\/idecesos.com\\\/seguros\\\/companias\\\/aura\\\/baleares\\\/#breadcrumb\"},\"inLanguage\":\"es\",\"potentialAction\":[{\"@type\":\"ReadAction\",\"target\":[\"https:\\\/\\\/idecesos.com\\\/seguros\\\/companias\\\/aura\\\/baleares\\\/\"]}]},{\"@type\":\"ImageObject\",\"inLanguage\":\"es\",\"@id\":\"https:\\\/\\\/idecesos.com\\\/seguros\\\/companias\\\/aura\\\/baleares\\\/#primaryimage\",\"url\":\"https:\\\/\\\/idecesos.com\\\/seguros\\\/wp-content\\\/uploads\\\/2021\\\/11\\\/aura-logo.jpg\",\"contentUrl\":\"https:\\\/\\\/idecesos.com\\\/seguros\\\/wp-content\\\/uploads\\\/2021\\\/11\\\/aura-logo.jpg\",\"width\":400,\"height\":130},{\"@type\":\"BreadcrumbList\",\"@id\":\"https:\\\/\\\/idecesos.com\\\/seguros\\\/companias\\\/aura\\\/baleares\\\/#breadcrumb\",\"itemListElement\":[{\"@type\":\"ListItem\",\"position\":1,\"name\":\"Portada\",\"item\":\"https:\\\/\\\/idecesos.com\\\/seguros\\\/\"},{\"@type\":\"ListItem\",\"position\":2,\"name\":\"Compa\u00f1\u00edas de Seguros de Decesos en Espa\u00f1a\",\"item\":\"https:\\\/\\\/idecesos.com\\\/seguros\\\/companias\\\/\"},{\"@type\":\"ListItem\",\"position\":3,\"name\":\"Seguro de Decesos Aura\",\"item\":\"https:\\\/\\\/idecesos.com\\\/seguros\\\/companias\\\/aura\\\/\"},{\"@type\":\"ListItem\",\"position\":4,\"name\":\"Oficinas seguros de decesos Aura Seguros en Baleares\"}]},{\"@type\":\"WebSite\",\"@id\":\"https:\\\/\\\/idecesos.com\\\/seguros\\\/#website\",\"url\":\"https:\\\/\\\/idecesos.com\\\/seguros\\\/\",\"name\":\"\",\"description\":\"\",\"potentialAction\":[{\"@type\":\"SearchAction\",\"target\":{\"@type\":\"EntryPoint\",\"urlTemplate\":\"https:\\\/\\\/idecesos.com\\\/seguros\\\/?s={search_term_string}\"},\"query-input\":{\"@type\":\"PropertyValueSpecification\",\"valueRequired\":true,\"valueName\":\"search_term_string\"}}],\"inLanguage\":\"es\"}]}<\/script>\n<!-- \/ Yoast SEO plugin. -->","yoast_head_json":{"title":"Oficinas Aura Seguros en Baleares \u25b7Tel\u00e9fonos, Horarios, Direcci\u00f3n","description":"Lista completa de Oficinas Aura Seguros en Baleares Horarios, \u2706 tel\u00e9fonos y direcciones actualizados en 2026 \u2611\ufe0f Verificado por iDecesos.","robots":{"index":"index","follow":"follow","max-snippet":"max-snippet:-1","max-image-preview":"max-image-preview:large","max-video-preview":"max-video-preview:-1"},"canonical":"https:\/\/idecesos.com\/seguros\/companias\/aura\/baleares\/","og_locale":"es_ES","og_type":"article","og_title":"Oficinas Aura Seguros en Baleares \u25b7Tel\u00e9fonos, Horarios, Direcci\u00f3n","og_description":"Lista completa de Oficinas Aura Seguros en Baleares Horarios, \u2706 tel\u00e9fonos y direcciones actualizados en 2026 \u2611\ufe0f Verificado por iDecesos.","og_url":"https:\/\/idecesos.com\/seguros\/companias\/aura\/baleares\/","og_image":[{"url":"https:\/\/idecesos.com\/seguros\/wp-content\/uploads\/2021\/11\/aura-logo.jpg","type":"","width":"","height":""}],"twitter_card":"summary_large_image","twitter_misc":{"Tiempo de lectura":"39 minutos"},"schema":{"@context":"https:\/\/schema.org","@graph":[{"@type":"WebPage","@id":"https:\/\/idecesos.com\/seguros\/companias\/aura\/baleares\/","url":"https:\/\/idecesos.com\/seguros\/companias\/aura\/baleares\/","name":"Oficinas Aura Seguros en Baleares \u25b7Tel\u00e9fonos, Horarios, Direcci\u00f3n","isPartOf":{"@id":"https:\/\/idecesos.com\/seguros\/#website"},"primaryImageOfPage":{"@id":"https:\/\/idecesos.com\/seguros\/companias\/aura\/baleares\/#primaryimage"},"image":{"@id":"https:\/\/idecesos.com\/seguros\/companias\/aura\/baleares\/#primaryimage"},"thumbnailUrl":"https:\/\/idecesos.com\/seguros\/wp-content\/uploads\/2021\/11\/aura-logo.jpg","datePublished":"2021-11-21T17:40:49+00:00","description":"Lista completa de Oficinas Aura Seguros en Baleares Horarios, \u2706 tel\u00e9fonos y direcciones actualizados en 2026 \u2611\ufe0f Verificado por iDecesos.","breadcrumb":{"@id":"https:\/\/idecesos.com\/seguros\/companias\/aura\/baleares\/#breadcrumb"},"inLanguage":"es","potentialAction":[{"@type":"ReadAction","target":["https:\/\/idecesos.com\/seguros\/companias\/aura\/baleares\/"]}]},{"@type":"ImageObject","inLanguage":"es","@id":"https:\/\/idecesos.com\/seguros\/companias\/aura\/baleares\/#primaryimage","url":"https:\/\/idecesos.com\/seguros\/wp-content\/uploads\/2021\/11\/aura-logo.jpg","contentUrl":"https:\/\/idecesos.com\/seguros\/wp-content\/uploads\/2021\/11\/aura-logo.jpg","width":400,"height":130},{"@type":"BreadcrumbList","@id":"https:\/\/idecesos.com\/seguros\/companias\/aura\/baleares\/#breadcrumb","itemListElement":[{"@type":"ListItem","position":1,"name":"Portada","item":"https:\/\/idecesos.com\/seguros\/"},{"@type":"ListItem","position":2,"name":"Compa\u00f1\u00edas de Seguros de Decesos en Espa\u00f1a","item":"https:\/\/idecesos.com\/seguros\/companias\/"},{"@type":"ListItem","position":3,"name":"Seguro de Decesos Aura","item":"https:\/\/idecesos.com\/seguros\/companias\/aura\/"},{"@type":"ListItem","position":4,"name":"Oficinas seguros de decesos Aura Seguros en Baleares"}]},{"@type":"WebSite","@id":"https:\/\/idecesos.com\/seguros\/#website","url":"https:\/\/idecesos.com\/seguros\/","name":"","description":"","potentialAction":[{"@type":"SearchAction","target":{"@type":"EntryPoint","urlTemplate":"https:\/\/idecesos.com\/seguros\/?s={search_term_string}"},"query-input":{"@type":"PropertyValueSpecification","valueRequired":true,"valueName":"search_term_string"}}],"inLanguage":"es"}]}},"_links":{"self":[{"href":"https:\/\/idecesos.com\/seguros\/wp-json\/wp\/v2\/pages\/14613","targetHints":{"allow":["GET"]}}],"collection":[{"href":"https:\/\/idecesos.com\/seguros\/wp-json\/wp\/v2\/pages"}],"about":[{"href":"https:\/\/idecesos.com\/seguros\/wp-json\/wp\/v2\/types\/page"}],"replies":[{"embeddable":true,"href":"https:\/\/idecesos.com\/seguros\/wp-json\/wp\/v2\/comments?post=14613"}],"version-history":[{"count":0,"href":"https:\/\/idecesos.com\/seguros\/wp-json\/wp\/v2\/pages\/14613\/revisions"}],"up":[{"embeddable":true,"href":"https:\/\/idecesos.com\/seguros\/wp-json\/wp\/v2\/pages\/6003"}],"wp:attachment":[{"href":"https:\/\/idecesos.com\/seguros\/wp-json\/wp\/v2\/media?parent=14613"}],"curies":[{"name":"wp","href":"https:\/\/api.w.org\/{rel}","templated":true}]}}