{"id":15296,"date":"2021-11-26T09:12:11","date_gmt":"2021-11-25T10:10:08","guid":{"rendered":"https:\/\/idecesos.com\/seguros\/companias\/montepio\/telefono\/"},"modified":"2022-04-05T11:16:15","modified_gmt":"2022-04-05T11:16:15","slug":"telefono","status":"publish","type":"page","link":"https:\/\/idecesos.com\/seguros\/companias\/montepio\/telefono\/","title":{"rendered":"Atenci\u00f3n al cliente Montepio: telefono gratuito, e-mail"},"content":{"rendered":"<div id=\"ez-toc-container\" class=\"ez-toc-v2_0_82_2 ez-toc-wrap-center counter-hierarchy ez-toc-counter ez-toc-custom ez-toc-container-direction\">\n<div class=\"ez-toc-title-container\">\n<p class=\"ez-toc-title\" style=\"cursor:inherit\">Tabla de Contenido<\/p>\n<span class=\"ez-toc-title-toggle\"><a href=\"#\" class=\"ez-toc-pull-right ez-toc-btn ez-toc-btn-xs ez-toc-btn-default ez-toc-toggle\" aria-label=\"Alternar tabla de contenidos\"><span class=\"ez-toc-js-icon-con\"><span class=\"\"><span class=\"eztoc-hide\" style=\"display:none;\">Toggle<\/span><span class=\"ez-toc-icon-toggle-span\"><svg style=\"fill: #db6415;color:#db6415\" xmlns=\"http:\/\/www.w3.org\/2000\/svg\" class=\"list-377408\" width=\"20px\" height=\"20px\" viewBox=\"0 0 24 24\" fill=\"none\"><path d=\"M6 6H4v2h2V6zm14 0H8v2h12V6zM4 11h2v2H4v-2zm16 0H8v2h12v-2zM4 16h2v2H4v-2zm16 0H8v2h12v-2z\" fill=\"currentColor\"><\/path><\/svg><svg style=\"fill: #db6415;color:#db6415\" class=\"arrow-unsorted-368013\" xmlns=\"http:\/\/www.w3.org\/2000\/svg\" width=\"10px\" height=\"10px\" viewBox=\"0 0 24 24\" version=\"1.2\" baseProfile=\"tiny\"><path d=\"M18.2 9.3l-6.2-6.3-6.2 6.3c-.2.2-.3.4-.3.7s.1.5.3.7c.2.2.4.3.7.3h11c.3 0 .5-.1.7-.3.2-.2.3-.5.3-.7s-.1-.5-.3-.7zM5.8 14.7l6.2 6.3 6.2-6.3c.2-.2.3-.5.3-.7s-.1-.5-.3-.7c-.2-.2-.4-.3-.7-.3h-11c-.3 0-.5.1-.7.3-.2.2-.3.5-.3.7s.1.5.3.7z\"\/><\/svg><\/span><\/span><\/span><\/a><\/span><\/div>\n<nav><ul class='ez-toc-list ez-toc-list-level-1 ' ><ul class='ez-toc-list-level-4' ><li class='ez-toc-heading-level-4'><ul class='ez-toc-list-level-4' ><li class='ez-toc-heading-level-4'><a class=\"ez-toc-link ez-toc-heading-1\" href=\"https:\/\/idecesos.com\/seguros\/companias\/montepio\/telefono\/#Telefono_Contrataciones_951_127_403\" >Tel\u00e9fono Contrataciones \n951 127 403<\/a><\/li><\/ul><\/li><\/ul><\/li><li class='ez-toc-page-1 ez-toc-heading-level-2'><a class=\"ez-toc-link ez-toc-heading-2\" href=\"https:\/\/idecesos.com\/seguros\/companias\/montepio\/telefono\/#%C2%BFComo_contactar_con_Montepio\" >\u00bfC\u00f3mo contactar con Montepio?<\/a><ul class='ez-toc-list-level-3' ><li class='ez-toc-heading-level-3'><a class=\"ez-toc-link ez-toc-heading-3\" href=\"https:\/\/idecesos.com\/seguros\/companias\/montepio\/telefono\/#Telefono_gratuito_de_Montepio\" >Tel\u00e9fono gratuito de Montepio<\/a><\/li><li class='ez-toc-page-1 ez-toc-heading-level-3'><a class=\"ez-toc-link ez-toc-heading-4\" href=\"https:\/\/idecesos.com\/seguros\/companias\/montepio\/telefono\/#Horario_de_atencion_al_cliente_de_Montepio\" >Horario de atenci\u00f3n al cliente de Montepio<\/a><\/li><li class='ez-toc-page-1 ez-toc-heading-level-3'><a class=\"ez-toc-link ez-toc-heading-5\" href=\"https:\/\/idecesos.com\/seguros\/companias\/montepio\/telefono\/#Correo_electronico_de_Montepio\" >Correo electr\u00f3nico de Montepio<\/a><\/li><li class='ez-toc-page-1 ez-toc-heading-level-3'><a class=\"ez-toc-link ez-toc-heading-6\" href=\"https:\/\/idecesos.com\/seguros\/companias\/montepio\/telefono\/#Formulario_en_el_sitio_Web_de_Montepio\" >Formulario en el sitio Web de Montepio<\/a><\/li><li class='ez-toc-page-1 ez-toc-heading-level-3'><a class=\"ez-toc-link ez-toc-heading-7\" href=\"https:\/\/idecesos.com\/seguros\/companias\/montepio\/telefono\/#Redes_sociales_de_Montepio\" >Redes sociales de Montepio<\/a><\/li><li class='ez-toc-page-1 ez-toc-heading-level-3'><a class=\"ez-toc-link ez-toc-heading-8\" href=\"https:\/\/idecesos.com\/seguros\/companias\/montepio\/telefono\/#Paginas_relacionadas\" >P\u00e1ginas relacionadas<\/a><\/li><\/ul><\/li><\/ul><\/nav><\/div>\n\n<div class=\"caja\">\n<div class=\"cajaIcono2 \"  ><div class=\"cuadro\" style=\"box-shadow: inset 0 0 0 3px #ff790e\"><div class=\"iconoCircular\" style=\"border: 3px solid #ff790e\">\t\t\n\t\t\t\t\t<div class=\"iconoCirculo\">\n\t\t\t\t\t  <i class=\"fas fa-phone-volume\"><\/i>\n\t\t\t\t\t<\/div>\n\t\t\t\t<\/div><div class=\"\">\n<h4 style=\"text-align: center;\"><span class=\"ez-toc-section\" id=\"Telefono_Contrataciones_951_127_403\"><\/span><strong>Tel\u00e9fono Contrataciones<br \/>\n951 127 403<\/strong><span class=\"ez-toc-section-end\"><\/span><\/h4>\n<p><\/div><\/div><\/div><br \/>\nPara ponerse en contacto con Montepio, \u00e9sta le ofrece muchas opciones a fin de facilitar al usuario el contacto directo y poder contestar a sus preguntas sobre los seguros de decesos. Elegido el m\u00e9todo que m\u00e1s me amolde a , un agente especialista en el tema le ayudar\u00e1 con todas las dudas y cuestiones que tenga sobre sus coberturas contratadas. Gastos ambiente al ata\u00fad y la sanidad, la posibilidad de conservar el ADN, el coste de la corona, el tanatorio y la esquela&#8230; y muchos otros factores en los que usted necesite su ayuda. Se tendr\u00e1 en cuenta la situaci\u00f3n por la que est\u00e1 pasando la familia facilitandoles todos los tr\u00e1mites sobre la p\u00e9rdida de su ser querido a fin de que no haya ninguna complicaci\u00f3n y puedan estar apacibles.<br \/>\n<\/div><\/p>\n<div class=\"colorf \"  ><div class=\"container clearfix\"><div class=\"col-md-7\"><\/p>\n<h2><span class=\"ez-toc-section\" id=\"%C2%BFComo_contactar_con_Montepio\"><\/span>\u00bfC\u00f3mo contactar con Montepio?<span class=\"ez-toc-section-end\"><\/span><\/h2>\n<p>Para establecer la comunicaci\u00f3n con Montepio, est\u00e1 disponible un tel\u00e9fono de contacto, completamente gratuito, una web con un formulario a rellenar, correo electr\u00f3nico y redes sociales.<br \/>\n<\/div><\/div><\/div>\n<h3><span class=\"ez-toc-section\" id=\"Telefono_gratuito_de_Montepio\"><\/span>Tel\u00e9fono gratuito de Montepio<span class=\"ez-toc-section-end\"><\/span><\/h3>\n<p>Para poder aconsejarle y responder a sus dudas, cuestiones, etc\u00e9teraEn torno a su seguro de decesos, se le proporcionar\u00e1 un n\u00famero de contacto y as\u00ed charlar con la compa\u00f1\u00eda. Este es, actualmente, el proceso m\u00e1s sencillo para para hacer su cometido; especialmente si su explicaci\u00f3n o consulta es algo espesa o extensa o bien, simplemente, prefiere mantener una conversaci\u00f3n m\u00e1s pr\u00f3xima con el experto asesor. Se terminaron las esperas, Montepio da el pr\u00f3ximo tel\u00e9fono gratuito <strong>954 98 74 74<\/strong> con el que vas a poder contactar con los especialistas sin desplazarse hasta alguna oficina.<br \/>\n<div class=\"colorf\"><div class=\"container clearfix\"><div class=\"col-md-7\"><\/p>\n<div class=\"cabecera_tabla_ajustada \"  style=\"width:80%\" ><div class=\"row\"><\/div>\n<div class=\"fila_tabla4 \"  ><div class=\"row\"><div class=\"col-8 nosepara izq\"><p><strong>Tel\u00e9fono para contrataciones<\/strong><\/p><\/div><div class=\"col-4 nosepara centro\">951 127 403<\/div><\/div><\/div>\n<div class=\"pie_tabla \"  ><div class=\"row\"><div class=\"col-12 \"><\/div><\/div><\/div><\/div>\n<\/div><\/div><\/div>\n<h3><span class=\"ez-toc-section\" id=\"Horario_de_atencion_al_cliente_de_Montepio\"><\/span>Horario de atenci\u00f3n al cliente de Montepio<span class=\"ez-toc-section-end\"><\/span><\/h3>\n<p>Al usuario se le da por parte de Montepio un horario flexible de atenci\u00f3n al cliente, tanto de ma\u00f1ana como de tarde. De esta manera podr\u00e1 llamar cuando pueda y sus agentes podr\u00e1n ayudarle. La persona con la que hable le atender\u00e1 con un lenguaje claro y conciso para que los servicios que demanden quede resueltos. Si la llamada lo necesita, va a ser desviado a uno de los aconsejes especialistas de la compa\u00f1\u00eda. Este va a poder resolverle sus dudas y preguntas que desee saber sobre su seguro de decesos. Finalizada la llamada, tendr\u00e1 respuesta a todas sus preguntas y estar\u00e1 contento con el trato recibido por la parte del personal.<br \/>\n<div class=\"colorf\"><div class=\"container clearfix\"><div class=\"col-md-7\"><\/p>\n<h3><span class=\"ez-toc-section\" id=\"Correo_electronico_de_Montepio\"><\/span>Correo electr\u00f3nico de Montepio<span class=\"ez-toc-section-end\"><\/span><\/h3>\n<p>Es cierto que Internet est\u00e1 a la orden del d\u00eda y, es ah\u00ed donde se hallan las plataformas de mensajer\u00eda veloz como Hotmail y Gmail. Por tanto, Montepio ha creado la siguiente direcci\u00f3n de correo <strong>montepio@montepioconductores.org<\/strong>\u00a0para que pueda establecer una buena conexi\u00f3n con los profesionales que van a estar a su predisposici\u00f3n. En todos y cada palabra que reciba del especialista, va a poder ver la profesionalidad y experiencia que tienen, aparte de mostrarle respeto en todo instante cara sus inquietudes respecto al seguro de decesos.<br \/>\n<\/div><\/div><\/div><\/p>\n<h3><span class=\"ez-toc-section\" id=\"Formulario_en_el_sitio_Web_de_Montepio\"><\/span>Formulario en el sitio Web de Montepio<span class=\"ez-toc-section-end\"><\/span><\/h3>\n<p>Actualmente, los buscadores de internet es la mayor plataforma a la que tiene acceso la gran parte de la poblaci\u00f3n. Escribiendo sobre tal buscador, descubrir\u00e1 un mundo lleno de respuestas. Montepio, mediante su p\u00e1gina, le notificar\u00e1 de forma gratuita, sobre diferentes cuestiones en torno a su seguro de decesos: recomendaciones, ventajas\u2026y, as\u00ed, contar con de los datos b\u00e1sicos para un futuro asesoramiento. Obtendr\u00e1, de car\u00e1cter general, informaci\u00f3n sobre el tema y, en torno a sus peculiaridades, se le amoldar\u00e1n unas garant\u00edas o bien otras. El sitio web es la siguiente <strong>www.montepioconductores.com\/<\/strong>.<br \/>\n<div class=\"colorf\"><div class=\"container clearfix\"><div class=\"col-md-7\"><\/p>\n<h3><span class=\"ez-toc-section\" id=\"Redes_sociales_de_Montepio\"><\/span>Redes sociales de Montepio<span class=\"ez-toc-section-end\"><\/span><\/h3>\n<p>Miles de personas forman parte de las redes sociales con mayor importancia y difusi\u00f3n: Instagram, Twitter y Fb. Montepio es conocedora del gran impacto y influencia que tienen estas plataformas, por lo que dispone de un perfil en ellas. Acceder a \u00e9l es sencill\u00edsimo, solo deber\u00e1 buscar el nombre de Montepio en dichas aplicaciones. Informaci\u00f3n esencial sobre su seguro de decesos como caracter\u00edsticas, ofertas o bien enlace a p\u00e1gina es lo que encontrar\u00e1 en el perfil de Montepio. Adem\u00e1s de esto, en algunas de las aplicaciones le ser\u00e1 posible ponerse en contacto con la compa\u00f1\u00eda si as\u00ed lo precisa.<br \/>\n<\/div><\/div><\/div><\/p>\n<\/div>\n<p><div class=\"oficinas\"> <h3><span class=\"ez-toc-section\" id=\"Paginas_relacionadas\"><\/span>P\u00e1ginas relacionadas<span class=\"ez-toc-section-end\"><\/span><\/h3><div class=\"enlazado\"><ul> <li><a href=\"https:\/\/idecesos.com\/seguros\/companias\/montepio\/opiniones\/\">Opiniones Montepio<\/a><\/li> <li><a href=\"https:\/\/idecesos.com\/seguros\/companias\/montepio\/precio\/\">Precio seguro Montepio<\/a><\/li> <li><a href=\"https:\/\/idecesos.com\/seguros\/companias\/montepio\/prima-mixta\/\">Montepio Prima Mixta<\/a><\/li> <li><a href=\"https:\/\/idecesos.com\/seguros\/companias\/montepio\/prima-natural\/\">Montepio Prima Natural<\/a><\/li> <li><a href=\"https:\/\/idecesos.com\/seguros\/companias\/montepio\/prima-nivelada\/\">Montepio Prima Nivelada<\/a><\/li> <li><a href=\"https:\/\/idecesos.com\/seguros\/companias\/montepio\/prima-unica\/\">Montepio Prima \u00danica<\/a><\/li> <li><a href=\"https:\/\/idecesos.com\/seguros\/companias\/montepio\/repatriacion\/\">Montepio Repatriaci\u00f3n<\/a><\/li> <li><a href=\"https:\/\/idecesos.com\/seguros\/companias\/montepio\/telefono\/\">Tel\u00e9fono Gratuito Montepio<\/a><\/li><\/ul><\/div> <\/div><\/p>\n","protected":false},"excerpt":{"rendered":"<p>Para ponerse en contacto con Montepio, \u00e9sta le ofrece muchas opciones a fin de facilitar al usuario el contacto directo y poder contestar a sus preguntas sobre los seguros de decesos. Elegido el m\u00e9todo que m\u00e1s me amolde a , un agente especialista en el tema le ayudar\u00e1 con todas las dudas y cuestiones que&hellip; <\/p>\n","protected":false},"author":1,"featured_media":0,"parent":754,"menu_order":0,"comment_status":"closed","ping_status":"closed","template":"single.php","meta":{"footnotes":""},"class_list":["post-15296","page","type-page","status-publish","hentry"],"yoast_head":"<!-- This site is optimized with the Yoast SEO plugin v27.2 - https:\/\/yoast.com\/product\/yoast-seo-wordpress\/ -->\n<title>Tel\u00e9fono Gratuito Montepio \u25b7Atenci\u00f3n Cliente, Email, RRSS, Web<\/title>\n<meta name=\"description\" content=\"Busca aqu\u00ed\u3010Montepio seguros tel\u00e9fono gratuito\u3011Montepio Decesos tel\u00e9fono gratis: atenci\u00f3n al cliente y contrataciones \u2611\ufe0fVerificado en 2026\" \/>\n<meta name=\"robots\" content=\"index, follow, max-snippet:-1, max-image-preview:large, max-video-preview:-1\" \/>\n<link rel=\"canonical\" href=\"https:\/\/idecesos.com\/seguros\/companias\/montepio\/telefono\/\" \/>\n<meta property=\"og:locale\" content=\"es_ES\" \/>\n<meta property=\"og:type\" content=\"article\" \/>\n<meta property=\"og:title\" content=\"Tel\u00e9fono Gratuito Montepio \u25b7Atenci\u00f3n Cliente, Email, RRSS, Web\" \/>\n<meta property=\"og:description\" content=\"Busca aqu\u00ed\u3010Montepio seguros tel\u00e9fono gratuito\u3011Montepio Decesos tel\u00e9fono gratis: atenci\u00f3n al cliente y contrataciones \u2611\ufe0fVerificado en 2026\" \/>\n<meta property=\"og:url\" content=\"https:\/\/idecesos.com\/seguros\/companias\/montepio\/telefono\/\" \/>\n<meta property=\"article:modified_time\" content=\"2022-04-05T11:16:15+00:00\" \/>\n<meta name=\"twitter:card\" content=\"summary_large_image\" \/>\n<meta name=\"twitter:label1\" content=\"Tiempo de lectura\" \/>\n\t<meta name=\"twitter:data1\" content=\"4 minutos\" \/>\n<script type=\"application\/ld+json\" class=\"yoast-schema-graph\">{\"@context\":\"https:\/\/schema.org\",\"@graph\":[{\"@type\":\"WebPage\",\"@id\":\"https:\/\/idecesos.com\/seguros\/companias\/montepio\/telefono\/\",\"url\":\"https:\/\/idecesos.com\/seguros\/companias\/montepio\/telefono\/\",\"name\":\"Tel\u00e9fono Gratuito Montepio \u25b7Atenci\u00f3n Cliente, Email, RRSS, Web\",\"isPartOf\":{\"@id\":\"https:\/\/idecesos.com\/seguros\/#website\"},\"datePublished\":\"2021-11-25T10:10:08+00:00\",\"dateModified\":\"2022-04-05T11:16:15+00:00\",\"description\":\"Busca aqu\u00ed\u3010Montepio seguros tel\u00e9fono gratuito\u3011Montepio Decesos tel\u00e9fono gratis: atenci\u00f3n al cliente y contrataciones \u2611\ufe0fVerificado en 2026\",\"breadcrumb\":{\"@id\":\"https:\/\/idecesos.com\/seguros\/companias\/montepio\/telefono\/#breadcrumb\"},\"inLanguage\":\"es\",\"potentialAction\":[{\"@type\":\"ReadAction\",\"target\":[\"https:\/\/idecesos.com\/seguros\/companias\/montepio\/telefono\/\"]}]},{\"@type\":\"BreadcrumbList\",\"@id\":\"https:\/\/idecesos.com\/seguros\/companias\/montepio\/telefono\/#breadcrumb\",\"itemListElement\":[{\"@type\":\"ListItem\",\"position\":1,\"name\":\"Portada\",\"item\":\"https:\/\/idecesos.com\/seguros\/\"},{\"@type\":\"ListItem\",\"position\":2,\"name\":\"Compa\u00f1\u00edas de Seguros de Decesos en Espa\u00f1a\",\"item\":\"https:\/\/idecesos.com\/seguros\/companias\/\"},{\"@type\":\"ListItem\",\"position\":3,\"name\":\"Seguro de Decesos Montepio\",\"item\":\"https:\/\/idecesos.com\/seguros\/companias\/montepio\/\"},{\"@type\":\"ListItem\",\"position\":4,\"name\":\"Atenci\u00f3n al cliente Montepio: telefono gratuito, e-mail\"}]},{\"@type\":\"WebSite\",\"@id\":\"https:\/\/idecesos.com\/seguros\/#website\",\"url\":\"https:\/\/idecesos.com\/seguros\/\",\"name\":\"\",\"description\":\"\",\"potentialAction\":[{\"@type\":\"SearchAction\",\"target\":{\"@type\":\"EntryPoint\",\"urlTemplate\":\"https:\/\/idecesos.com\/seguros\/?s={search_term_string}\"},\"query-input\":{\"@type\":\"PropertyValueSpecification\",\"valueRequired\":true,\"valueName\":\"search_term_string\"}}],\"inLanguage\":\"es\"}]}<\/script>\n<!-- \/ Yoast SEO plugin. -->","yoast_head_json":{"title":"Tel\u00e9fono Gratuito Montepio \u25b7Atenci\u00f3n Cliente, Email, RRSS, Web","description":"Busca aqu\u00ed\u3010Montepio seguros tel\u00e9fono gratuito\u3011Montepio Decesos tel\u00e9fono gratis: atenci\u00f3n al cliente y contrataciones \u2611\ufe0fVerificado en 2026","robots":{"index":"index","follow":"follow","max-snippet":"max-snippet:-1","max-image-preview":"max-image-preview:large","max-video-preview":"max-video-preview:-1"},"canonical":"https:\/\/idecesos.com\/seguros\/companias\/montepio\/telefono\/","og_locale":"es_ES","og_type":"article","og_title":"Tel\u00e9fono Gratuito Montepio \u25b7Atenci\u00f3n Cliente, Email, RRSS, Web","og_description":"Busca aqu\u00ed\u3010Montepio seguros tel\u00e9fono gratuito\u3011Montepio Decesos tel\u00e9fono gratis: atenci\u00f3n al cliente y contrataciones \u2611\ufe0fVerificado en 2026","og_url":"https:\/\/idecesos.com\/seguros\/companias\/montepio\/telefono\/","article_modified_time":"2022-04-05T11:16:15+00:00","twitter_card":"summary_large_image","twitter_misc":{"Tiempo de lectura":"4 minutos"},"schema":{"@context":"https:\/\/schema.org","@graph":[{"@type":"WebPage","@id":"https:\/\/idecesos.com\/seguros\/companias\/montepio\/telefono\/","url":"https:\/\/idecesos.com\/seguros\/companias\/montepio\/telefono\/","name":"Tel\u00e9fono Gratuito Montepio \u25b7Atenci\u00f3n Cliente, Email, RRSS, Web","isPartOf":{"@id":"https:\/\/idecesos.com\/seguros\/#website"},"datePublished":"2021-11-25T10:10:08+00:00","dateModified":"2022-04-05T11:16:15+00:00","description":"Busca aqu\u00ed\u3010Montepio seguros tel\u00e9fono gratuito\u3011Montepio Decesos tel\u00e9fono gratis: atenci\u00f3n al cliente y contrataciones \u2611\ufe0fVerificado en 2026","breadcrumb":{"@id":"https:\/\/idecesos.com\/seguros\/companias\/montepio\/telefono\/#breadcrumb"},"inLanguage":"es","potentialAction":[{"@type":"ReadAction","target":["https:\/\/idecesos.com\/seguros\/companias\/montepio\/telefono\/"]}]},{"@type":"BreadcrumbList","@id":"https:\/\/idecesos.com\/seguros\/companias\/montepio\/telefono\/#breadcrumb","itemListElement":[{"@type":"ListItem","position":1,"name":"Portada","item":"https:\/\/idecesos.com\/seguros\/"},{"@type":"ListItem","position":2,"name":"Compa\u00f1\u00edas de Seguros de Decesos en Espa\u00f1a","item":"https:\/\/idecesos.com\/seguros\/companias\/"},{"@type":"ListItem","position":3,"name":"Seguro de Decesos Montepio","item":"https:\/\/idecesos.com\/seguros\/companias\/montepio\/"},{"@type":"ListItem","position":4,"name":"Atenci\u00f3n al cliente Montepio: telefono gratuito, e-mail"}]},{"@type":"WebSite","@id":"https:\/\/idecesos.com\/seguros\/#website","url":"https:\/\/idecesos.com\/seguros\/","name":"","description":"","potentialAction":[{"@type":"SearchAction","target":{"@type":"EntryPoint","urlTemplate":"https:\/\/idecesos.com\/seguros\/?s={search_term_string}"},"query-input":{"@type":"PropertyValueSpecification","valueRequired":true,"valueName":"search_term_string"}}],"inLanguage":"es"}]}},"_links":{"self":[{"href":"https:\/\/idecesos.com\/seguros\/wp-json\/wp\/v2\/pages\/15296","targetHints":{"allow":["GET"]}}],"collection":[{"href":"https:\/\/idecesos.com\/seguros\/wp-json\/wp\/v2\/pages"}],"about":[{"href":"https:\/\/idecesos.com\/seguros\/wp-json\/wp\/v2\/types\/page"}],"author":[{"embeddable":true,"href":"https:\/\/idecesos.com\/seguros\/wp-json\/wp\/v2\/users\/1"}],"replies":[{"embeddable":true,"href":"https:\/\/idecesos.com\/seguros\/wp-json\/wp\/v2\/comments?post=15296"}],"version-history":[{"count":10,"href":"https:\/\/idecesos.com\/seguros\/wp-json\/wp\/v2\/pages\/15296\/revisions"}],"predecessor-version":[{"id":21013,"href":"https:\/\/idecesos.com\/seguros\/wp-json\/wp\/v2\/pages\/15296\/revisions\/21013"}],"up":[{"embeddable":true,"href":"https:\/\/idecesos.com\/seguros\/wp-json\/wp\/v2\/pages\/754"}],"wp:attachment":[{"href":"https:\/\/idecesos.com\/seguros\/wp-json\/wp\/v2\/media?parent=15296"}],"curies":[{"name":"wp","href":"https:\/\/api.w.org\/{rel}","templated":true}]}}