{"id":15298,"date":"2021-11-26T09:12:12","date_gmt":"2021-11-25T10:10:10","guid":{"rendered":"https:\/\/idecesos.com\/seguros\/companias\/santa-lucia\/telefono\/"},"modified":"2022-04-07T08:28:20","modified_gmt":"2022-04-07T08:28:20","slug":"telefono","status":"publish","type":"page","link":"https:\/\/idecesos.com\/seguros\/companias\/santa-lucia\/telefono\/","title":{"rendered":"Atenci\u00f3n al cliente Santa Lucia: telefono gratuito, e-mail"},"content":{"rendered":"<div id=\"ez-toc-container\" class=\"ez-toc-v2_0_82_2 ez-toc-wrap-center counter-hierarchy ez-toc-counter ez-toc-custom ez-toc-container-direction\">\n<div class=\"ez-toc-title-container\">\n<p class=\"ez-toc-title\" style=\"cursor:inherit\">Tabla de Contenido<\/p>\n<span class=\"ez-toc-title-toggle\"><a href=\"#\" class=\"ez-toc-pull-right ez-toc-btn ez-toc-btn-xs ez-toc-btn-default ez-toc-toggle\" aria-label=\"Alternar tabla de contenidos\"><span class=\"ez-toc-js-icon-con\"><span class=\"\"><span class=\"eztoc-hide\" style=\"display:none;\">Toggle<\/span><span class=\"ez-toc-icon-toggle-span\"><svg style=\"fill: #db6415;color:#db6415\" xmlns=\"http:\/\/www.w3.org\/2000\/svg\" class=\"list-377408\" width=\"20px\" height=\"20px\" viewBox=\"0 0 24 24\" fill=\"none\"><path d=\"M6 6H4v2h2V6zm14 0H8v2h12V6zM4 11h2v2H4v-2zm16 0H8v2h12v-2zM4 16h2v2H4v-2zm16 0H8v2h12v-2z\" fill=\"currentColor\"><\/path><\/svg><svg style=\"fill: #db6415;color:#db6415\" class=\"arrow-unsorted-368013\" xmlns=\"http:\/\/www.w3.org\/2000\/svg\" width=\"10px\" height=\"10px\" viewBox=\"0 0 24 24\" version=\"1.2\" baseProfile=\"tiny\"><path d=\"M18.2 9.3l-6.2-6.3-6.2 6.3c-.2.2-.3.4-.3.7s.1.5.3.7c.2.2.4.3.7.3h11c.3 0 .5-.1.7-.3.2-.2.3-.5.3-.7s-.1-.5-.3-.7zM5.8 14.7l6.2 6.3 6.2-6.3c.2-.2.3-.5.3-.7s-.1-.5-.3-.7c-.2-.2-.4-.3-.7-.3h-11c-.3 0-.5.1-.7.3-.2.2-.3.5-.3.7s.1.5.3.7z\"\/><\/svg><\/span><\/span><\/span><\/a><\/span><\/div>\n<nav><ul class='ez-toc-list ez-toc-list-level-1 ' ><ul class='ez-toc-list-level-4' ><li class='ez-toc-heading-level-4'><ul class='ez-toc-list-level-4' ><li class='ez-toc-heading-level-4'><a class=\"ez-toc-link ez-toc-heading-1\" href=\"https:\/\/idecesos.com\/seguros\/companias\/santa-lucia\/telefono\/#Telefono_Contrataciones_951_127_403\" >Tel\u00e9fono Contrataciones \n951 127 403<\/a><\/li><\/ul><\/li><\/ul><\/li><li class='ez-toc-page-1 ez-toc-heading-level-2'><a class=\"ez-toc-link ez-toc-heading-2\" href=\"https:\/\/idecesos.com\/seguros\/companias\/santa-lucia\/telefono\/#%C2%BFComo_contactar_con_Santa_Lucia\" >\u00bfC\u00f3mo contactar con Santa Lucia?<\/a><ul class='ez-toc-list-level-3' ><li class='ez-toc-heading-level-3'><a class=\"ez-toc-link ez-toc-heading-3\" href=\"https:\/\/idecesos.com\/seguros\/companias\/santa-lucia\/telefono\/#Telefono_gratuito_de_Santa_Lucia\" >Tel\u00e9fono gratuito de Santa Lucia<\/a><\/li><li class='ez-toc-page-1 ez-toc-heading-level-3'><a class=\"ez-toc-link ez-toc-heading-4\" href=\"https:\/\/idecesos.com\/seguros\/companias\/santa-lucia\/telefono\/#Horario_de_atencion_al_cliente_de_Santa_Lucia\" >Horario de atenci\u00f3n al cliente de Santa Lucia<\/a><\/li><li class='ez-toc-page-1 ez-toc-heading-level-3'><a class=\"ez-toc-link ez-toc-heading-5\" href=\"https:\/\/idecesos.com\/seguros\/companias\/santa-lucia\/telefono\/#Correo_electronico_de_Santa_Lucia\" >Correo electr\u00f3nico de Santa Lucia<\/a><\/li><li class='ez-toc-page-1 ez-toc-heading-level-3'><a class=\"ez-toc-link ez-toc-heading-6\" href=\"https:\/\/idecesos.com\/seguros\/companias\/santa-lucia\/telefono\/#Formulario_en_el_sitio_Web_de_Santa_Lucia\" >Formulario en el sitio Web de Santa Lucia<\/a><\/li><li class='ez-toc-page-1 ez-toc-heading-level-3'><a class=\"ez-toc-link ez-toc-heading-7\" href=\"https:\/\/idecesos.com\/seguros\/companias\/santa-lucia\/telefono\/#Redes_sociales_de_Santa_Lucia\" >Redes sociales de Santa Lucia<\/a><\/li><li class='ez-toc-page-1 ez-toc-heading-level-3'><a class=\"ez-toc-link ez-toc-heading-8\" href=\"https:\/\/idecesos.com\/seguros\/companias\/santa-lucia\/telefono\/#Paginas_relacionadas\" >P\u00e1ginas relacionadas<\/a><\/li><\/ul><\/li><\/ul><\/nav><\/div>\n\n<div class=\"caja\">\n<div class=\"cajaIcono2 \"  ><div class=\"cuadro\" style=\"box-shadow: inset 0 0 0 3px #ff790e\"><div class=\"iconoCircular\" style=\"border: 3px solid #ff790e\">\t\t\n\t\t\t\t\t<div class=\"iconoCirculo\">\n\t\t\t\t\t  <i class=\"fas fa-phone-volume\"><\/i>\n\t\t\t\t\t<\/div>\n\t\t\t\t<\/div><div class=\"\">\n<h4 style=\"text-align: center;\"><span class=\"ez-toc-section\" id=\"Telefono_Contrataciones_951_127_403\"><\/span><strong>Tel\u00e9fono Contrataciones<br \/>\n951 127 403<\/strong><span class=\"ez-toc-section-end\"><\/span><\/h4>\n<p><\/div><\/div><\/div><br \/>\nSanta Lucia le ofrece una atenci\u00f3n al cliente directa y personalizada que le va a ayudar a solucionar todas sus dudas sobre los seguros de decesos. En el m\u00e9todo que elija para ello, va a estar al otro lado un consultor y especialista en el tema, que podr\u00e1 ayudarle en todas las cuestiones, como los gastos ambiente al ata\u00fad y la sanidad, la indemnizaci\u00f3n diaria que puede recibir por la hospitalizaci\u00f3n, la posibilidad de conservar el ADN, la corona floral, el tanatorio, la esquela\u2026 y otros muchos factores. La Santa Lucia intentar\u00e1 facilitar en todo instante sus tr\u00e1mites a fin de que no te tengas que preocupar de nada y puedas sostenerte tranquilo. Gracias a este servicio vas a poder verlas en paz la p\u00e9rdida de su ser querido.<br \/>\n<\/div><\/p>\n<div class=\"colorf \"  ><div class=\"container clearfix\"><div class=\"col-md-7\"><\/p>\n<h2><span class=\"ez-toc-section\" id=\"%C2%BFComo_contactar_con_Santa_Lucia\"><\/span>\u00bfC\u00f3mo contactar con Santa Lucia?<span class=\"ez-toc-section-end\"><\/span><\/h2>\n<p>Para contactar con Santa Lucia, dispone de un tel\u00e9fono gratuito de contacto, correo electr\u00f3nico, p\u00e1gina web, en la que se le facilitar\u00e1 un formulario y, por \u00faltimo, perfiles en diferentes redes sociales.<br \/>\n<\/div><\/div><\/div>\n<h3><span class=\"ez-toc-section\" id=\"Telefono_gratuito_de_Santa_Lucia\"><\/span>Tel\u00e9fono gratuito de Santa Lucia<span class=\"ez-toc-section-end\"><\/span><\/h3>\n<p>El tel\u00e9fono de Santa Lucia es completamente gratis. Las llamadas a Santa Lucia le van a salir absolutamente sin coste, llame usted o le llame un agente, con independencia del tiempo que dure la charla. Este procedimiento es simple y f\u00e1cil de usar. En la actualidad todo el planeta dispone de un m\u00f3vil que te va a dar la sencillez de no tener que ir a ninguna oficina de Santa Lucia pudiendo hacer todos y cada uno de los tr\u00e1mites sobre su seguro de decesos desde su sof\u00e1. La persona que le atienda va a ser un experto en el tema que tras acabar su charla habr\u00e1 resuelto todas las dudas e inquietudes que tuviese. El n\u00famero de tel\u00e9fono es: <strong>91 365 24 24<\/strong>.<br \/>\n<div class=\"colorf\"><div class=\"container clearfix\"><div class=\"col-md-7\"><\/p>\n<div class=\"cabecera_tabla_ajustada \"  style=\"width:80%\" ><div class=\"row\"><\/div>\n<p><div class=\"fila_tabla4 \"  ><div class=\"row\"><div class=\"col-8 nosepara izq\"><p><strong>Tel\u00e9fono para contrataciones<\/strong><\/p><\/div><div class=\"col-4 nosepara centro\">951 127 403<\/div><\/div><\/div><div class=\"fila_tabla4 \"  ><div class=\"row\"><div class=\"col-8 nosepara izq\"><p><strong>Tel\u00e9fono Atenci\u00f3n al cliente<\/strong><\/p><\/div><div class=\"col-4 nosepara centro\">900 24 20 20<\/div><\/div><\/div><\/p>\n<div class=\"pie_tabla \"  ><div class=\"row\"><div class=\"col-12 \"><\/div><\/div><\/div><\/div>\n<\/div><\/div><\/div>\n<h3><span class=\"ez-toc-section\" id=\"Horario_de_atencion_al_cliente_de_Santa_Lucia\"><\/span>Horario de atenci\u00f3n al cliente de Santa Lucia<span class=\"ez-toc-section-end\"><\/span><\/h3>\n<p>Santa Lucia tiene libre un horario de atenci\u00f3n al usuario para poder responder velozmente. Toda vez que llame, habr\u00e1 una persona al lado del tel\u00e9fono para facilitarle la informaci\u00f3n que necesite y, si lo requiere, pasarle la llamada con uno de los asesores especialistas. Toda cuesti\u00f3n que desee saber sobre su seguro de decesos y, por consecuencia, coberturas, precios\u2026 se le resolver\u00e1 de la forma m\u00e1s clara y breve posible, para que cuando cuelgue la llamada, quede totalmente satisfecho con el trato y los datos facilitados. A fin de que puedas contar con del suficiente tiempo libre para poder realizar la llamada, queda a su disposici\u00f3n el siguiente horario <strong>horario Santa Lucia<\/strong>.<br \/>\n<div class=\"colorf\"><div class=\"container clearfix\"><div class=\"col-md-7\"><\/p>\n<h3><span class=\"ez-toc-section\" id=\"Correo_electronico_de_Santa_Lucia\"><\/span>Correo electr\u00f3nico de Santa Lucia<span class=\"ez-toc-section-end\"><\/span><\/h3>\n<p>Hoy en d\u00eda, nuestra sociedad est\u00e1 inmersa en el planeta de internet. Santa Lucia ha puesta a su predisposici\u00f3n el pr\u00f3ximo e-mail para que pueda contactar con ellos y sumarse a la era digital <strong>atencion@santalucia.es<\/strong>. La velocidad y sencillez de este servicio para recibir y enviar informaci\u00f3n hace que cualquier consulta que tenga sobre su seguro de decesos llegue a un profesional del sector. Este se pondr\u00e1 de nuevo en contacto con para resolverle sus dudas con un lenguaje claro y sucinto.<br \/>\n<\/div><\/div><\/div><\/p>\n<h3><span class=\"ez-toc-section\" id=\"Formulario_en_el_sitio_Web_de_Santa_Lucia\"><\/span>Formulario en el sitio Web de Santa Lucia<span class=\"ez-toc-section-end\"><\/span><\/h3>\n<p>Los buscadores pertenecientes a Internet son considerados la mayor plataforma para toda la poblaci\u00f3n. Escribiendo sobre dicho buscador, descubrir\u00e1 un planeta repleto de respuestas. Santa Lucia le ofrece informaci\u00f3n sobre aspectos relacionados con su seguro de decesos como, por ejemplo, los servicios que presentan, mediante su p\u00e1gina. y, de esta manera, contar con de los datos b\u00e1sicos para un futuro asesoramiento. Conseguir\u00e1, de car\u00e1cter general, informaci\u00f3n sobre el tema y, en torno a sus peculiaridades, se le adaptar\u00e1n unas garant\u00edas o bien otras. La p\u00e1gina web de la compa\u00f1\u00eda es <strong>www.santalucia.es\/<\/strong>.<br \/>\n<div class=\"colorf\"><div class=\"container clearfix\"><div class=\"col-md-7\"><\/p>\n<h3><span class=\"ez-toc-section\" id=\"Redes_sociales_de_Santa_Lucia\"><\/span>Redes sociales de Santa Lucia<span class=\"ez-toc-section-end\"><\/span><\/h3>\n<p>Redes sociales como Instagram, Twitter, TikTok o Fb est\u00e1n al orden del d\u00eda. Gracias a ellas a diario llegan a millones de personas miles y miles de mensajes. Santa Lucia dispone de ciertas de estas redes sociales a fin de que pueda estar al tanto de todas las novedades de la compa\u00f1\u00eda de seguros de decesos: ofertas, ubicaci\u00f3n de sus oficinas, de qu\u00e9 forma trabajan, etc\u00e9tera Adem\u00e1s de esto tambi\u00e9n disponen de enlaces directos a su p\u00e1gina web donde puedes seguir ampliando toda esta informaci\u00f3n. Ciertos perfiles que tiene Santa Lucia te dan la opci\u00f3n de ponerte en contacto con ella a fin de que puedan asesorarte sobre sus servicios o responderte a cualquier pregunta.<br \/>\n<\/div><\/div><\/div><\/p>\n<\/div>\n<p><div class=\"oficinas\"> <h3><span class=\"ez-toc-section\" id=\"Paginas_relacionadas\"><\/span>P\u00e1ginas relacionadas<span class=\"ez-toc-section-end\"><\/span><\/h3><div class=\"enlazado\"><ul> <li><a href=\"https:\/\/idecesos.com\/seguros\/companias\/santa-lucia\/accidentes\/\">Santa Lucia accidentes<\/a><\/li> <li><a href=\"https:\/\/idecesos.com\/seguros\/companias\/santa-lucia\/coberturas\/\">Santa Lucia coberturas<\/a><\/li> <li><a href=\"https:\/\/idecesos.com\/seguros\/companias\/santa-lucia\/dentista\/\">Seguro Dental Santa Luc\u00eda<\/a><\/li> <li><a href=\"https:\/\/idecesos.com\/seguros\/companias\/santa-lucia\/hacienda\/\">Santa Lucia Hacienda<\/a><\/li> <li><a href=\"https:\/\/idecesos.com\/seguros\/companias\/santa-lucia\/opiniones\/\">Opiniones Santa Lucia<\/a><\/li> <li><a href=\"https:\/\/idecesos.com\/seguros\/companias\/santa-lucia\/precio\/\">Precio seguro Santa Lucia<\/a><\/li> <li><a href=\"https:\/\/idecesos.com\/seguros\/companias\/santa-lucia\/prima-mixta\/\">Santa Lucia Prima Mixta<\/a><\/li> <li><a href=\"https:\/\/idecesos.com\/seguros\/companias\/santa-lucia\/prima-natural\/\">Santa Lucia Prima Natural<\/a><\/li> <li><a href=\"https:\/\/idecesos.com\/seguros\/companias\/santa-lucia\/prima-nivelada\/\">Santa Lucia Prima Nivelada<\/a><\/li> <li><a href=\"https:\/\/idecesos.com\/seguros\/companias\/santa-lucia\/prima-unica\/\">Santa Lucia Prima \u00danica<\/a><\/li> <li><a href=\"https:\/\/idecesos.com\/seguros\/companias\/santa-lucia\/repatriacion\/\">Santa Lucia Repatriaci\u00f3n<\/a><\/li> <li><a href=\"https:\/\/idecesos.com\/seguros\/companias\/santa-lucia\/telefono\/\">Tel\u00e9fono Gratuito Santa Lucia<\/a><\/li> <li><a href=\"https:\/\/idecesos.com\/seguros\/companias\/santa-lucia\/ventajas\/\">Ventajas Santa Lucia <\/a><\/li>                                                                                                                                                                                                                                                                                                                                                                                                                                                                                                                                                                                                                                                                                                                                                                                                                                                                                                                                                                                                                                                                                                                                                                                                                                                                                                                                                                                                                                                                                                                                                                                                                                                                                                                                                                                                                                                                                                                                                                                                                                                                                                                                                                                                                                                                                                                                                                                                                                                                                                                                                                                                                                                                                                                                                                                                                                                                                                                                                                                                                                                                                                                         <\/ul><\/div> <\/div><\/p>\n","protected":false},"excerpt":{"rendered":"<p>Santa Lucia le ofrece una atenci\u00f3n al cliente directa y personalizada que le va a ayudar a solucionar todas sus dudas sobre los seguros de decesos. En el m\u00e9todo que elija para ello, va a estar al otro lado un consultor y especialista en el tema, que podr\u00e1 ayudarle en todas las cuestiones, como los&hellip; <\/p>\n","protected":false},"author":1,"featured_media":0,"parent":801,"menu_order":0,"comment_status":"closed","ping_status":"closed","template":"single.php","meta":{"footnotes":""},"class_list":["post-15298","page","type-page","status-publish","hentry"],"yoast_head":"<!-- This site is optimized with the Yoast SEO plugin v27.3 - https:\/\/yoast.com\/product\/yoast-seo-wordpress\/ -->\n<title>Tel\u00e9fono Gratuito Santa Lucia \u25b7Atenci\u00f3n Cliente, Email, RRSS, Web<\/title>\n<meta name=\"description\" content=\"Busca aqu\u00ed\u3010Santa Lucia seguros tel\u00e9fono gratuito\u3011Santa Lucia Decesos tel\u00e9fono gratis: atenci\u00f3n al cliente y contrataciones \u2611\ufe0fVerificado en 2026\" \/>\n<meta name=\"robots\" content=\"index, follow, max-snippet:-1, max-image-preview:large, max-video-preview:-1\" \/>\n<link rel=\"canonical\" href=\"https:\/\/idecesos.com\/seguros\/companias\/santa-lucia\/telefono\/\" \/>\n<meta property=\"og:locale\" content=\"es_ES\" \/>\n<meta property=\"og:type\" content=\"article\" \/>\n<meta property=\"og:title\" content=\"Tel\u00e9fono Gratuito Santa Lucia \u25b7Atenci\u00f3n Cliente, Email, RRSS, Web\" \/>\n<meta property=\"og:description\" content=\"Busca aqu\u00ed\u3010Santa Lucia seguros tel\u00e9fono gratuito\u3011Santa Lucia Decesos tel\u00e9fono gratis: atenci\u00f3n al cliente y contrataciones \u2611\ufe0fVerificado en 2026\" \/>\n<meta property=\"og:url\" content=\"https:\/\/idecesos.com\/seguros\/companias\/santa-lucia\/telefono\/\" \/>\n<meta property=\"article:modified_time\" content=\"2022-04-07T08:28:20+00:00\" \/>\n<meta name=\"twitter:card\" content=\"summary_large_image\" \/>\n<meta name=\"twitter:label1\" content=\"Tiempo de lectura\" \/>\n\t<meta name=\"twitter:data1\" content=\"4 minutos\" \/>\n<script type=\"application\/ld+json\" class=\"yoast-schema-graph\">{\"@context\":\"https:\\\/\\\/schema.org\",\"@graph\":[{\"@type\":\"WebPage\",\"@id\":\"https:\\\/\\\/idecesos.com\\\/seguros\\\/companias\\\/santa-lucia\\\/telefono\\\/\",\"url\":\"https:\\\/\\\/idecesos.com\\\/seguros\\\/companias\\\/santa-lucia\\\/telefono\\\/\",\"name\":\"Tel\u00e9fono Gratuito Santa Lucia \u25b7Atenci\u00f3n Cliente, Email, RRSS, Web\",\"isPartOf\":{\"@id\":\"https:\\\/\\\/idecesos.com\\\/seguros\\\/#website\"},\"datePublished\":\"2021-11-25T10:10:10+00:00\",\"dateModified\":\"2022-04-07T08:28:20+00:00\",\"description\":\"Busca aqu\u00ed\u3010Santa Lucia seguros tel\u00e9fono gratuito\u3011Santa Lucia Decesos tel\u00e9fono gratis: atenci\u00f3n al cliente y contrataciones \u2611\ufe0fVerificado en 2026\",\"breadcrumb\":{\"@id\":\"https:\\\/\\\/idecesos.com\\\/seguros\\\/companias\\\/santa-lucia\\\/telefono\\\/#breadcrumb\"},\"inLanguage\":\"es\",\"potentialAction\":[{\"@type\":\"ReadAction\",\"target\":[\"https:\\\/\\\/idecesos.com\\\/seguros\\\/companias\\\/santa-lucia\\\/telefono\\\/\"]}]},{\"@type\":\"BreadcrumbList\",\"@id\":\"https:\\\/\\\/idecesos.com\\\/seguros\\\/companias\\\/santa-lucia\\\/telefono\\\/#breadcrumb\",\"itemListElement\":[{\"@type\":\"ListItem\",\"position\":1,\"name\":\"Portada\",\"item\":\"https:\\\/\\\/idecesos.com\\\/seguros\\\/\"},{\"@type\":\"ListItem\",\"position\":2,\"name\":\"Compa\u00f1\u00edas de Seguros de Decesos en Espa\u00f1a\",\"item\":\"https:\\\/\\\/idecesos.com\\\/seguros\\\/companias\\\/\"},{\"@type\":\"ListItem\",\"position\":3,\"name\":\"Seguro de Decesos Santa Luc\u00eda\",\"item\":\"https:\\\/\\\/idecesos.com\\\/seguros\\\/companias\\\/santa-lucia\\\/\"},{\"@type\":\"ListItem\",\"position\":4,\"name\":\"Atenci\u00f3n al cliente Santa Lucia: telefono gratuito, e-mail\"}]},{\"@type\":\"WebSite\",\"@id\":\"https:\\\/\\\/idecesos.com\\\/seguros\\\/#website\",\"url\":\"https:\\\/\\\/idecesos.com\\\/seguros\\\/\",\"name\":\"\",\"description\":\"\",\"potentialAction\":[{\"@type\":\"SearchAction\",\"target\":{\"@type\":\"EntryPoint\",\"urlTemplate\":\"https:\\\/\\\/idecesos.com\\\/seguros\\\/?s={search_term_string}\"},\"query-input\":{\"@type\":\"PropertyValueSpecification\",\"valueRequired\":true,\"valueName\":\"search_term_string\"}}],\"inLanguage\":\"es\"}]}<\/script>\n<!-- \/ Yoast SEO plugin. -->","yoast_head_json":{"title":"Tel\u00e9fono Gratuito Santa Lucia \u25b7Atenci\u00f3n Cliente, Email, RRSS, Web","description":"Busca aqu\u00ed\u3010Santa Lucia seguros tel\u00e9fono gratuito\u3011Santa Lucia Decesos tel\u00e9fono gratis: atenci\u00f3n al cliente y contrataciones \u2611\ufe0fVerificado en 2026","robots":{"index":"index","follow":"follow","max-snippet":"max-snippet:-1","max-image-preview":"max-image-preview:large","max-video-preview":"max-video-preview:-1"},"canonical":"https:\/\/idecesos.com\/seguros\/companias\/santa-lucia\/telefono\/","og_locale":"es_ES","og_type":"article","og_title":"Tel\u00e9fono Gratuito Santa Lucia \u25b7Atenci\u00f3n Cliente, Email, RRSS, Web","og_description":"Busca aqu\u00ed\u3010Santa Lucia seguros tel\u00e9fono gratuito\u3011Santa Lucia Decesos tel\u00e9fono gratis: atenci\u00f3n al cliente y contrataciones \u2611\ufe0fVerificado en 2026","og_url":"https:\/\/idecesos.com\/seguros\/companias\/santa-lucia\/telefono\/","article_modified_time":"2022-04-07T08:28:20+00:00","twitter_card":"summary_large_image","twitter_misc":{"Tiempo de lectura":"4 minutos"},"schema":{"@context":"https:\/\/schema.org","@graph":[{"@type":"WebPage","@id":"https:\/\/idecesos.com\/seguros\/companias\/santa-lucia\/telefono\/","url":"https:\/\/idecesos.com\/seguros\/companias\/santa-lucia\/telefono\/","name":"Tel\u00e9fono Gratuito Santa Lucia \u25b7Atenci\u00f3n Cliente, Email, RRSS, Web","isPartOf":{"@id":"https:\/\/idecesos.com\/seguros\/#website"},"datePublished":"2021-11-25T10:10:10+00:00","dateModified":"2022-04-07T08:28:20+00:00","description":"Busca aqu\u00ed\u3010Santa Lucia seguros tel\u00e9fono gratuito\u3011Santa Lucia Decesos tel\u00e9fono gratis: atenci\u00f3n al cliente y contrataciones \u2611\ufe0fVerificado en 2026","breadcrumb":{"@id":"https:\/\/idecesos.com\/seguros\/companias\/santa-lucia\/telefono\/#breadcrumb"},"inLanguage":"es","potentialAction":[{"@type":"ReadAction","target":["https:\/\/idecesos.com\/seguros\/companias\/santa-lucia\/telefono\/"]}]},{"@type":"BreadcrumbList","@id":"https:\/\/idecesos.com\/seguros\/companias\/santa-lucia\/telefono\/#breadcrumb","itemListElement":[{"@type":"ListItem","position":1,"name":"Portada","item":"https:\/\/idecesos.com\/seguros\/"},{"@type":"ListItem","position":2,"name":"Compa\u00f1\u00edas de Seguros de Decesos en Espa\u00f1a","item":"https:\/\/idecesos.com\/seguros\/companias\/"},{"@type":"ListItem","position":3,"name":"Seguro de Decesos Santa Luc\u00eda","item":"https:\/\/idecesos.com\/seguros\/companias\/santa-lucia\/"},{"@type":"ListItem","position":4,"name":"Atenci\u00f3n al cliente Santa Lucia: telefono gratuito, e-mail"}]},{"@type":"WebSite","@id":"https:\/\/idecesos.com\/seguros\/#website","url":"https:\/\/idecesos.com\/seguros\/","name":"","description":"","potentialAction":[{"@type":"SearchAction","target":{"@type":"EntryPoint","urlTemplate":"https:\/\/idecesos.com\/seguros\/?s={search_term_string}"},"query-input":{"@type":"PropertyValueSpecification","valueRequired":true,"valueName":"search_term_string"}}],"inLanguage":"es"}]}},"_links":{"self":[{"href":"https:\/\/idecesos.com\/seguros\/wp-json\/wp\/v2\/pages\/15298","targetHints":{"allow":["GET"]}}],"collection":[{"href":"https:\/\/idecesos.com\/seguros\/wp-json\/wp\/v2\/pages"}],"about":[{"href":"https:\/\/idecesos.com\/seguros\/wp-json\/wp\/v2\/types\/page"}],"author":[{"embeddable":true,"href":"https:\/\/idecesos.com\/seguros\/wp-json\/wp\/v2\/users\/1"}],"replies":[{"embeddable":true,"href":"https:\/\/idecesos.com\/seguros\/wp-json\/wp\/v2\/comments?post=15298"}],"version-history":[{"count":10,"href":"https:\/\/idecesos.com\/seguros\/wp-json\/wp\/v2\/pages\/15298\/revisions"}],"predecessor-version":[{"id":21049,"href":"https:\/\/idecesos.com\/seguros\/wp-json\/wp\/v2\/pages\/15298\/revisions\/21049"}],"up":[{"embeddable":true,"href":"https:\/\/idecesos.com\/seguros\/wp-json\/wp\/v2\/pages\/801"}],"wp:attachment":[{"href":"https:\/\/idecesos.com\/seguros\/wp-json\/wp\/v2\/media?parent=15298"}],"curies":[{"name":"wp","href":"https:\/\/api.w.org\/{rel}","templated":true}]}}