{"id":15300,"date":"2021-11-26T09:12:13","date_gmt":"2021-11-25T10:10:11","guid":{"rendered":"https:\/\/idecesos.com\/seguros\/companias\/adeslas\/telefono\/"},"modified":"2022-04-03T17:08:19","modified_gmt":"2022-04-03T17:08:19","slug":"telefono","status":"publish","type":"page","link":"https:\/\/idecesos.com\/seguros\/companias\/adeslas\/telefono\/","title":{"rendered":"Atenci\u00f3n al cliente Adeslas: telefono gratuito, e-mail"},"content":{"rendered":"<div id=\"ez-toc-container\" class=\"ez-toc-v2_0_82_2 ez-toc-wrap-center counter-hierarchy ez-toc-counter ez-toc-custom ez-toc-container-direction\">\n<div class=\"ez-toc-title-container\">\n<p class=\"ez-toc-title\" style=\"cursor:inherit\">Tabla de Contenido<\/p>\n<span class=\"ez-toc-title-toggle\"><a href=\"#\" class=\"ez-toc-pull-right ez-toc-btn ez-toc-btn-xs ez-toc-btn-default ez-toc-toggle\" aria-label=\"Alternar tabla de contenidos\"><span class=\"ez-toc-js-icon-con\"><span class=\"\"><span class=\"eztoc-hide\" style=\"display:none;\">Toggle<\/span><span class=\"ez-toc-icon-toggle-span\"><svg style=\"fill: #db6415;color:#db6415\" xmlns=\"http:\/\/www.w3.org\/2000\/svg\" class=\"list-377408\" width=\"20px\" height=\"20px\" viewBox=\"0 0 24 24\" fill=\"none\"><path d=\"M6 6H4v2h2V6zm14 0H8v2h12V6zM4 11h2v2H4v-2zm16 0H8v2h12v-2zM4 16h2v2H4v-2zm16 0H8v2h12v-2z\" fill=\"currentColor\"><\/path><\/svg><svg style=\"fill: #db6415;color:#db6415\" class=\"arrow-unsorted-368013\" xmlns=\"http:\/\/www.w3.org\/2000\/svg\" width=\"10px\" height=\"10px\" viewBox=\"0 0 24 24\" version=\"1.2\" baseProfile=\"tiny\"><path d=\"M18.2 9.3l-6.2-6.3-6.2 6.3c-.2.2-.3.4-.3.7s.1.5.3.7c.2.2.4.3.7.3h11c.3 0 .5-.1.7-.3.2-.2.3-.5.3-.7s-.1-.5-.3-.7zM5.8 14.7l6.2 6.3 6.2-6.3c.2-.2.3-.5.3-.7s-.1-.5-.3-.7c-.2-.2-.4-.3-.7-.3h-11c-.3 0-.5.1-.7.3-.2.2-.3.5-.3.7s.1.5.3.7z\"\/><\/svg><\/span><\/span><\/span><\/a><\/span><\/div>\n<nav><ul class='ez-toc-list ez-toc-list-level-1 ' ><ul class='ez-toc-list-level-4' ><li class='ez-toc-heading-level-4'><ul class='ez-toc-list-level-4' ><li class='ez-toc-heading-level-4'><a class=\"ez-toc-link ez-toc-heading-1\" href=\"https:\/\/idecesos.com\/seguros\/companias\/adeslas\/telefono\/#Telefono_Contrataciones_951_127_403\" >Tel\u00e9fono Contrataciones \n951 127 403<\/a><\/li><\/ul><\/li><\/ul><\/li><li class='ez-toc-page-1 ez-toc-heading-level-2'><a class=\"ez-toc-link ez-toc-heading-2\" href=\"https:\/\/idecesos.com\/seguros\/companias\/adeslas\/telefono\/#%C2%BFComo_contactar_con_Adeslas\" >\u00bfC\u00f3mo contactar con Adeslas?<\/a><ul class='ez-toc-list-level-3' ><li class='ez-toc-heading-level-3'><a class=\"ez-toc-link ez-toc-heading-3\" href=\"https:\/\/idecesos.com\/seguros\/companias\/adeslas\/telefono\/#Telefono_gratuito_de_Adeslas\" >Tel\u00e9fono gratuito de Adeslas<\/a><\/li><li class='ez-toc-page-1 ez-toc-heading-level-3'><a class=\"ez-toc-link ez-toc-heading-4\" href=\"https:\/\/idecesos.com\/seguros\/companias\/adeslas\/telefono\/#Horario_de_atencion_al_cliente_de_Adeslas\" >Horario de atenci\u00f3n al cliente de Adeslas<\/a><\/li><li class='ez-toc-page-1 ez-toc-heading-level-3'><a class=\"ez-toc-link ez-toc-heading-5\" href=\"https:\/\/idecesos.com\/seguros\/companias\/adeslas\/telefono\/#Correo_electronico_de_Adeslas\" >Correo electr\u00f3nico de Adeslas<\/a><\/li><li class='ez-toc-page-1 ez-toc-heading-level-3'><a class=\"ez-toc-link ez-toc-heading-6\" href=\"https:\/\/idecesos.com\/seguros\/companias\/adeslas\/telefono\/#Formulario_en_el_sitio_Web_de_Adeslas\" >Formulario en el sitio Web de Adeslas<\/a><\/li><li class='ez-toc-page-1 ez-toc-heading-level-3'><a class=\"ez-toc-link ez-toc-heading-7\" href=\"https:\/\/idecesos.com\/seguros\/companias\/adeslas\/telefono\/#Redes_sociales_de_Adeslas\" >Redes sociales de Adeslas<\/a><\/li><li class='ez-toc-page-1 ez-toc-heading-level-3'><a class=\"ez-toc-link ez-toc-heading-8\" href=\"https:\/\/idecesos.com\/seguros\/companias\/adeslas\/telefono\/#Paginas_relacionadas\" >P\u00e1ginas relacionadas<\/a><\/li><\/ul><\/li><\/ul><\/nav><\/div>\n\n<div class=\"caja\">\n<div class=\"cajaIcono2 \"  ><div class=\"cuadro\" style=\"box-shadow: inset 0 0 0 3px #ff790e\"><div class=\"iconoCircular\" style=\"border: 3px solid #ff790e\">\t\t\n\t\t\t\t\t<div class=\"iconoCirculo\">\n\t\t\t\t\t  <i class=\"fas fa-phone-volume\"><\/i>\n\t\t\t\t\t<\/div>\n\t\t\t\t<\/div><div class=\"\">\n<h4 style=\"text-align: center;\"><span class=\"ez-toc-section\" id=\"Telefono_Contrataciones_951_127_403\"><\/span><strong>Tel\u00e9fono Contrataciones<br \/>\n951 127 403<\/strong><span class=\"ez-toc-section-end\"><\/span><\/h4>\n<p><\/div><\/div><\/div><br \/>\nContar con Adeslas es f\u00e1cil y no requiere ninguna dificultad gracias a los m\u00e9todos de contacto que tiene a su disposici\u00f3n. Con cada una de las opciones, tendr\u00e1 una contestaci\u00f3n muy r\u00e1pida por parte de los expertos asesores en su seguro de decesos y no va a tener la necesidad de moverse del lugar. Todos y cada uno de los tr\u00e1mites van a estar cerrados cuando llegue el momento de la muerte del ser querido, debido a que la compa\u00f1\u00eda entiende su situaci\u00f3n y va a tratar siempre y en toda circunstancia el tema con el respeto que se merece. Las distintas coberturas que ofrece su seguro de decesos, la ayuda sicol\u00f3gica que requiera, los servicios disponibles\u2026 son ciertos datos que se le facilitar\u00e1n.<br \/>\n<\/div><\/p>\n<div class=\"colorf \"  ><div class=\"container clearfix\"><div class=\"col-md-7\"><\/p>\n<h2><span class=\"ez-toc-section\" id=\"%C2%BFComo_contactar_con_Adeslas\"><\/span>\u00bfC\u00f3mo contactar con Adeslas?<span class=\"ez-toc-section-end\"><\/span><\/h2>\n<p>Adeslas te ofrece m\u00faltiples maneras sencillas de contactar con ellos. Ofrece los pr\u00f3ximos m\u00e9todos a fin de que el usuario pueda comunicarse con la empresa: tel\u00e9fono gratuito, e-mail, formulario mediante la p\u00e1gina web y, por \u00faltimo, redes sociales.<br \/>\n<\/div><\/div><\/div>\n<h3><span class=\"ez-toc-section\" id=\"Telefono_gratuito_de_Adeslas\"><\/span>Tel\u00e9fono gratuito de Adeslas<span class=\"ez-toc-section-end\"><\/span><\/h3>\n<p>El tel\u00e9fono de contacto que va a estar disponible es plenamente gratis. El n\u00famero es el: <strong>915 64 54 54<\/strong>. La llamada efectuada por sus agentes o por el usuario no tendr\u00e1 ning\u00fan coste en su factura telef\u00f3nica. Este es uno de los m\u00e9todos m\u00e1s eficaces y sencillos, debido a que, casi todo el planeta, dispone de telefon\u00eda m\u00f3vil y tiene la sencillez de no tener que desplazarse a ninguna sede de la compa\u00f1\u00eda para poder consultar y tratar el tema sobre su seguro de decesos. La persona que le atienda va a ser un experto en el tema que tras terminar su conversaci\u00f3n va a haber resuelto todas las dudas e inquietudes que tuviera.<br \/>\n<div class=\"colorf\"><div class=\"container clearfix\"><div class=\"col-md-7\"><\/p>\n<div class=\"cabecera_tabla_ajustada \"  style=\"width:80%\" ><div class=\"row\"><\/div>\n<p><div class=\"fila_tabla4 \"  ><div class=\"row\"><div class=\"col-8 nosepara izq\"><p><strong>Tel\u00e9fono para contrataciones<\/strong><\/p><\/div><div class=\"col-4 nosepara centro\">951 127 403<\/div><\/div><\/div><div class=\"fila_tabla4 \"  ><div class=\"row\"><div class=\"col-8 nosepara izq\"><p><strong>Atenci\u00f3n al cliente 24 horas<\/strong><\/p><\/div><div class=\"col-4 nosepara centro\">900 32 22 37<\/div><\/div><\/div><\/p>\n<div class=\"pie_tabla \"  ><div class=\"row\"><div class=\"col-12 \"><\/div><\/div><\/div><\/div>\n<\/div><\/div><\/div>\n<h3><span class=\"ez-toc-section\" id=\"Horario_de_atencion_al_cliente_de_Adeslas\"><\/span>Horario de atenci\u00f3n al cliente de Adeslas<span class=\"ez-toc-section-end\"><\/span><\/h3>\n<p>Al usuario se le da por parte de Adeslas un horario flexible de atenci\u00f3n al cliente, tanto de ma\u00f1ana como de tarde. As\u00ed podr\u00e1 llamar cuando pueda y sus agentes van a poder asistirle. La persona con la que hable le atender\u00e1 de la mejor manera posible, con un lenguaje claro y sucinto para el buen comprensi\u00f3n. Si lo precisa su llamada va a ser desviada a un agente experto en seguro de decesos que le va a poder asistir con todas sus cuestiones y dudas sobre sus servicios contratados. Finalizada la llamada, tendr\u00e1 contestaci\u00f3n a todas sus preguntas y estar\u00e1 contento con el trato recibido por la parte del personal.<br \/>\n<div class=\"colorf\"><div class=\"container clearfix\"><div class=\"col-md-7\"><\/p>\n<h3><span class=\"ez-toc-section\" id=\"Correo_electronico_de_Adeslas\"><\/span>Correo electr\u00f3nico de Adeslas<span class=\"ez-toc-section-end\"><\/span><\/h3>\n<p>Tras la llegada de Internet, la creaci\u00f3n de perfiles en plataformas como Hotmail o Gmail, hacen f\u00e1cil el env\u00edo y recibo de mensajes y documentos. Por tanto, Adeslas ha creado la pr\u00f3xima direcci\u00f3n de e mail <b>adeslas@segurcaixaadeslas.es<\/b>\u00a0para que pueda establecer una buena conexi\u00f3n con los profesionales que estar\u00e1n a su predisposici\u00f3n. Se le responder\u00e1 lo m\u00e1s veloz posible, reflejando en cada una de sus palabras, la profesionalidad, experiencia y respeto hacia sus inquietudes sobre cualquier factor acerca de su seguro de decesos.<br \/>\n<\/div><\/div><\/div><\/p>\n<h3><span class=\"ez-toc-section\" id=\"Formulario_en_el_sitio_Web_de_Adeslas\"><\/span>Formulario en el sitio Web de Adeslas<span class=\"ez-toc-section-end\"><\/span><\/h3>\n<p>Internet ha hecho que nuestras vidas cambien y se ha transformado en la plataforma m\u00e1s empleada. Esto se debe a su simpleza, solo con teclear una palabra o bien pregunta que desee saber, este se la va a dar en unos segundos. Por tanto, con el acto de escribir en uno de los motores de b\u00fasqueda <strong>www.segurcaixaadeslas.es\/<\/strong> podr\u00e1 entrar en la p\u00e1gina web de Adeslas. Ah\u00ed hallar\u00e1 la informaci\u00f3n base sobre el seguro de decesos se esta compa\u00f1\u00eda. Costos, coberturas, ventajas, promociones&#8230; una breve descripci\u00f3n que le va a ayudar a hacerse una idea de lo que ofertan. La aseguradora te facilita un usuario que va a poder rellenar f\u00e1cilmente poniendo a su disposici\u00f3n su nombre y apellidos, e mail, tel\u00e9fono, etc\u00e9teraFinalizado dicho formulario, un agente de Adeslas se pondr\u00e1 en contacto con cuanto antes para resolver sus dudas.<br \/>\n<div class=\"colorf\"><div class=\"container clearfix\"><div class=\"col-md-7\"><\/p>\n<h3><span class=\"ez-toc-section\" id=\"Redes_sociales_de_Adeslas\"><\/span>Redes sociales de Adeslas<span class=\"ez-toc-section-end\"><\/span><\/h3>\n<p>Una de las herramientas con mayor difusi\u00f3n y, de la que dispone una gran parte de la poblaci\u00f3n, son las redes sociales: Instagram, Fb, Twitter. Adeslas avanza a pasos agigantados. A fin de que pueda contactar o encontrar informaci\u00f3n, tiene en su poder perfiles en distintas plataformas. Buscando su nombre, encontrar\u00e1 el perfil y va a acceder a la informaci\u00f3n. En \u00e9l, le ser\u00e1 posible ver im\u00e1genes, conocer la ubicaci\u00f3n de su sede oficial, acceder al enlace directo de su p\u00e1gina y contactar con la compa\u00f1\u00eda, sin tener que mandar un correo o bien llamar si no desea hacerlo en el instante.<br \/>\n<\/div><\/div><\/div><br \/>\n<\/div><\/p>\n<p><div class=\"oficinas\"> <h3><span class=\"ez-toc-section\" id=\"Paginas_relacionadas\"><\/span>P\u00e1ginas relacionadas<span class=\"ez-toc-section-end\"><\/span><\/h3><div class=\"enlazado\"><ul> <li><a href=\"https:\/\/idecesos.com\/seguros\/companias\/adeslas\/caixa\/\">Seguro de decesos Caixa Adeslas<\/a><\/li> <li><a href=\"https:\/\/idecesos.com\/seguros\/companias\/adeslas\/coberturas\/\">Coberturas Seguro de decesos Adeslas<\/a><\/li> <li><a href=\"https:\/\/idecesos.com\/seguros\/companias\/adeslas\/opiniones\/\">Opiniones Adeslas<\/a><\/li> <li><a href=\"https:\/\/idecesos.com\/seguros\/companias\/adeslas\/precio\/\">Precio seguro Adeslas<\/a><\/li> <li><a href=\"https:\/\/idecesos.com\/seguros\/companias\/adeslas\/prima-mixta\/\">Adeslas Prima Mixta<\/a><\/li> <li><a href=\"https:\/\/idecesos.com\/seguros\/companias\/adeslas\/prima-natural\/\">Adeslas Prima Natural<\/a><\/li> <li><a href=\"https:\/\/idecesos.com\/seguros\/companias\/adeslas\/prima-nivelada\/\">Adeslas Prima Nivelada<\/a><\/li> <li><a href=\"https:\/\/idecesos.com\/seguros\/companias\/adeslas\/prima-unica\/\">Adeslas Prima \u00danica<\/a><\/li> <li><a href=\"https:\/\/idecesos.com\/seguros\/companias\/adeslas\/repatriacion\/\">Adeslas Repatriaci\u00f3n<\/a><\/li> <li><a href=\"https:\/\/idecesos.com\/seguros\/companias\/adeslas\/segurcaixa\/\">Seguro de decesos Segurcaixa Adeslas<\/a><\/li> <li><a href=\"https:\/\/idecesos.com\/seguros\/companias\/adeslas\/telefono\/\">Tel\u00e9fono Gratuito Adeslas<\/a><\/li><\/ul><\/div> <\/div><\/p>\n","protected":false},"excerpt":{"rendered":"<p>Contar con Adeslas es f\u00e1cil y no requiere ninguna dificultad gracias a los m\u00e9todos de contacto que tiene a su disposici\u00f3n. Con cada una de las opciones, tendr\u00e1 una contestaci\u00f3n muy r\u00e1pida por parte de los expertos asesores en su seguro de decesos y no va a tener la necesidad de moverse del lugar. Todos&hellip; <\/p>\n","protected":false},"author":1,"featured_media":0,"parent":215,"menu_order":0,"comment_status":"closed","ping_status":"closed","template":"single.php","meta":{"footnotes":""},"class_list":["post-15300","page","type-page","status-publish","hentry"],"yoast_head":"<!-- This site is optimized with the Yoast SEO plugin v27.3 - https:\/\/yoast.com\/product\/yoast-seo-wordpress\/ -->\n<title>Tel\u00e9fono Gratuito Adeslas \u25b7Atenci\u00f3n Cliente, Email, RRSS, Web<\/title>\n<meta name=\"description\" content=\"Busca aqu\u00ed\u3010Adeslas seguros tel\u00e9fono gratuito\u3011Adeslas Decesos tel\u00e9fono gratis: atenci\u00f3n al cliente y contrataciones \u2611\ufe0fVerificado en 2026\" \/>\n<meta name=\"robots\" content=\"index, follow, max-snippet:-1, max-image-preview:large, max-video-preview:-1\" \/>\n<link rel=\"canonical\" href=\"https:\/\/idecesos.com\/seguros\/companias\/adeslas\/telefono\/\" \/>\n<meta property=\"og:locale\" content=\"es_ES\" \/>\n<meta property=\"og:type\" content=\"article\" \/>\n<meta property=\"og:title\" content=\"Tel\u00e9fono Gratuito Adeslas \u25b7Atenci\u00f3n Cliente, Email, RRSS, Web\" \/>\n<meta property=\"og:description\" content=\"Busca aqu\u00ed\u3010Adeslas seguros tel\u00e9fono gratuito\u3011Adeslas Decesos tel\u00e9fono gratis: atenci\u00f3n al cliente y contrataciones \u2611\ufe0fVerificado en 2026\" \/>\n<meta property=\"og:url\" content=\"https:\/\/idecesos.com\/seguros\/companias\/adeslas\/telefono\/\" \/>\n<meta property=\"article:modified_time\" content=\"2022-04-03T17:08:19+00:00\" \/>\n<meta name=\"twitter:card\" content=\"summary_large_image\" \/>\n<meta name=\"twitter:label1\" content=\"Tiempo de lectura\" \/>\n\t<meta name=\"twitter:data1\" content=\"4 minutos\" \/>\n<script type=\"application\/ld+json\" class=\"yoast-schema-graph\">{\"@context\":\"https:\\\/\\\/schema.org\",\"@graph\":[{\"@type\":\"WebPage\",\"@id\":\"https:\\\/\\\/idecesos.com\\\/seguros\\\/companias\\\/adeslas\\\/telefono\\\/\",\"url\":\"https:\\\/\\\/idecesos.com\\\/seguros\\\/companias\\\/adeslas\\\/telefono\\\/\",\"name\":\"Tel\u00e9fono Gratuito Adeslas \u25b7Atenci\u00f3n Cliente, Email, RRSS, Web\",\"isPartOf\":{\"@id\":\"https:\\\/\\\/idecesos.com\\\/seguros\\\/#website\"},\"datePublished\":\"2021-11-25T10:10:11+00:00\",\"dateModified\":\"2022-04-03T17:08:19+00:00\",\"description\":\"Busca aqu\u00ed\u3010Adeslas seguros tel\u00e9fono gratuito\u3011Adeslas Decesos tel\u00e9fono gratis: atenci\u00f3n al cliente y contrataciones \u2611\ufe0fVerificado en 2026\",\"breadcrumb\":{\"@id\":\"https:\\\/\\\/idecesos.com\\\/seguros\\\/companias\\\/adeslas\\\/telefono\\\/#breadcrumb\"},\"inLanguage\":\"es\",\"potentialAction\":[{\"@type\":\"ReadAction\",\"target\":[\"https:\\\/\\\/idecesos.com\\\/seguros\\\/companias\\\/adeslas\\\/telefono\\\/\"]}]},{\"@type\":\"BreadcrumbList\",\"@id\":\"https:\\\/\\\/idecesos.com\\\/seguros\\\/companias\\\/adeslas\\\/telefono\\\/#breadcrumb\",\"itemListElement\":[{\"@type\":\"ListItem\",\"position\":1,\"name\":\"Portada\",\"item\":\"https:\\\/\\\/idecesos.com\\\/seguros\\\/\"},{\"@type\":\"ListItem\",\"position\":2,\"name\":\"Compa\u00f1\u00edas de Seguros de Decesos en Espa\u00f1a\",\"item\":\"https:\\\/\\\/idecesos.com\\\/seguros\\\/companias\\\/\"},{\"@type\":\"ListItem\",\"position\":3,\"name\":\"Seguro de Decesos Adeslas\",\"item\":\"https:\\\/\\\/idecesos.com\\\/seguros\\\/companias\\\/adeslas\\\/\"},{\"@type\":\"ListItem\",\"position\":4,\"name\":\"Atenci\u00f3n al cliente Adeslas: telefono gratuito, e-mail\"}]},{\"@type\":\"WebSite\",\"@id\":\"https:\\\/\\\/idecesos.com\\\/seguros\\\/#website\",\"url\":\"https:\\\/\\\/idecesos.com\\\/seguros\\\/\",\"name\":\"\",\"description\":\"\",\"potentialAction\":[{\"@type\":\"SearchAction\",\"target\":{\"@type\":\"EntryPoint\",\"urlTemplate\":\"https:\\\/\\\/idecesos.com\\\/seguros\\\/?s={search_term_string}\"},\"query-input\":{\"@type\":\"PropertyValueSpecification\",\"valueRequired\":true,\"valueName\":\"search_term_string\"}}],\"inLanguage\":\"es\"}]}<\/script>\n<!-- \/ Yoast SEO plugin. -->","yoast_head_json":{"title":"Tel\u00e9fono Gratuito Adeslas \u25b7Atenci\u00f3n Cliente, Email, RRSS, Web","description":"Busca aqu\u00ed\u3010Adeslas seguros tel\u00e9fono gratuito\u3011Adeslas Decesos tel\u00e9fono gratis: atenci\u00f3n al cliente y contrataciones \u2611\ufe0fVerificado en 2026","robots":{"index":"index","follow":"follow","max-snippet":"max-snippet:-1","max-image-preview":"max-image-preview:large","max-video-preview":"max-video-preview:-1"},"canonical":"https:\/\/idecesos.com\/seguros\/companias\/adeslas\/telefono\/","og_locale":"es_ES","og_type":"article","og_title":"Tel\u00e9fono Gratuito Adeslas \u25b7Atenci\u00f3n Cliente, Email, RRSS, Web","og_description":"Busca aqu\u00ed\u3010Adeslas seguros tel\u00e9fono gratuito\u3011Adeslas Decesos tel\u00e9fono gratis: atenci\u00f3n al cliente y contrataciones \u2611\ufe0fVerificado en 2026","og_url":"https:\/\/idecesos.com\/seguros\/companias\/adeslas\/telefono\/","article_modified_time":"2022-04-03T17:08:19+00:00","twitter_card":"summary_large_image","twitter_misc":{"Tiempo de lectura":"4 minutos"},"schema":{"@context":"https:\/\/schema.org","@graph":[{"@type":"WebPage","@id":"https:\/\/idecesos.com\/seguros\/companias\/adeslas\/telefono\/","url":"https:\/\/idecesos.com\/seguros\/companias\/adeslas\/telefono\/","name":"Tel\u00e9fono Gratuito Adeslas \u25b7Atenci\u00f3n Cliente, Email, RRSS, Web","isPartOf":{"@id":"https:\/\/idecesos.com\/seguros\/#website"},"datePublished":"2021-11-25T10:10:11+00:00","dateModified":"2022-04-03T17:08:19+00:00","description":"Busca aqu\u00ed\u3010Adeslas seguros tel\u00e9fono gratuito\u3011Adeslas Decesos tel\u00e9fono gratis: atenci\u00f3n al cliente y contrataciones \u2611\ufe0fVerificado en 2026","breadcrumb":{"@id":"https:\/\/idecesos.com\/seguros\/companias\/adeslas\/telefono\/#breadcrumb"},"inLanguage":"es","potentialAction":[{"@type":"ReadAction","target":["https:\/\/idecesos.com\/seguros\/companias\/adeslas\/telefono\/"]}]},{"@type":"BreadcrumbList","@id":"https:\/\/idecesos.com\/seguros\/companias\/adeslas\/telefono\/#breadcrumb","itemListElement":[{"@type":"ListItem","position":1,"name":"Portada","item":"https:\/\/idecesos.com\/seguros\/"},{"@type":"ListItem","position":2,"name":"Compa\u00f1\u00edas de Seguros de Decesos en Espa\u00f1a","item":"https:\/\/idecesos.com\/seguros\/companias\/"},{"@type":"ListItem","position":3,"name":"Seguro de Decesos Adeslas","item":"https:\/\/idecesos.com\/seguros\/companias\/adeslas\/"},{"@type":"ListItem","position":4,"name":"Atenci\u00f3n al cliente Adeslas: telefono gratuito, e-mail"}]},{"@type":"WebSite","@id":"https:\/\/idecesos.com\/seguros\/#website","url":"https:\/\/idecesos.com\/seguros\/","name":"","description":"","potentialAction":[{"@type":"SearchAction","target":{"@type":"EntryPoint","urlTemplate":"https:\/\/idecesos.com\/seguros\/?s={search_term_string}"},"query-input":{"@type":"PropertyValueSpecification","valueRequired":true,"valueName":"search_term_string"}}],"inLanguage":"es"}]}},"_links":{"self":[{"href":"https:\/\/idecesos.com\/seguros\/wp-json\/wp\/v2\/pages\/15300","targetHints":{"allow":["GET"]}}],"collection":[{"href":"https:\/\/idecesos.com\/seguros\/wp-json\/wp\/v2\/pages"}],"about":[{"href":"https:\/\/idecesos.com\/seguros\/wp-json\/wp\/v2\/types\/page"}],"author":[{"embeddable":true,"href":"https:\/\/idecesos.com\/seguros\/wp-json\/wp\/v2\/users\/1"}],"replies":[{"embeddable":true,"href":"https:\/\/idecesos.com\/seguros\/wp-json\/wp\/v2\/comments?post=15300"}],"version-history":[{"count":10,"href":"https:\/\/idecesos.com\/seguros\/wp-json\/wp\/v2\/pages\/15300\/revisions"}],"predecessor-version":[{"id":20918,"href":"https:\/\/idecesos.com\/seguros\/wp-json\/wp\/v2\/pages\/15300\/revisions\/20918"}],"up":[{"embeddable":true,"href":"https:\/\/idecesos.com\/seguros\/wp-json\/wp\/v2\/pages\/215"}],"wp:attachment":[{"href":"https:\/\/idecesos.com\/seguros\/wp-json\/wp\/v2\/media?parent=15300"}],"curies":[{"name":"wp","href":"https:\/\/api.w.org\/{rel}","templated":true}]}}