{"id":15302,"date":"2021-11-26T09:12:15","date_gmt":"2021-11-25T10:10:12","guid":{"rendered":"https:\/\/idecesos.com\/seguros\/companias\/la-caixa\/telefono\/"},"modified":"2022-04-05T10:53:45","modified_gmt":"2022-04-05T10:53:45","slug":"telefono","status":"publish","type":"page","link":"https:\/\/idecesos.com\/seguros\/companias\/la-caixa\/telefono\/","title":{"rendered":"Atenci\u00f3n al cliente La Caixa: telefono gratuito, e-mail"},"content":{"rendered":"<div id=\"ez-toc-container\" class=\"ez-toc-v2_0_82_2 ez-toc-wrap-center counter-hierarchy ez-toc-counter ez-toc-custom ez-toc-container-direction\">\n<div class=\"ez-toc-title-container\">\n<p class=\"ez-toc-title\" style=\"cursor:inherit\">Tabla de Contenido<\/p>\n<span class=\"ez-toc-title-toggle\"><a href=\"#\" class=\"ez-toc-pull-right ez-toc-btn ez-toc-btn-xs ez-toc-btn-default ez-toc-toggle\" aria-label=\"Alternar tabla de contenidos\"><span class=\"ez-toc-js-icon-con\"><span class=\"\"><span class=\"eztoc-hide\" style=\"display:none;\">Toggle<\/span><span class=\"ez-toc-icon-toggle-span\"><svg style=\"fill: #db6415;color:#db6415\" xmlns=\"http:\/\/www.w3.org\/2000\/svg\" class=\"list-377408\" width=\"20px\" height=\"20px\" viewBox=\"0 0 24 24\" fill=\"none\"><path d=\"M6 6H4v2h2V6zm14 0H8v2h12V6zM4 11h2v2H4v-2zm16 0H8v2h12v-2zM4 16h2v2H4v-2zm16 0H8v2h12v-2z\" fill=\"currentColor\"><\/path><\/svg><svg style=\"fill: #db6415;color:#db6415\" class=\"arrow-unsorted-368013\" xmlns=\"http:\/\/www.w3.org\/2000\/svg\" width=\"10px\" height=\"10px\" viewBox=\"0 0 24 24\" version=\"1.2\" baseProfile=\"tiny\"><path d=\"M18.2 9.3l-6.2-6.3-6.2 6.3c-.2.2-.3.4-.3.7s.1.5.3.7c.2.2.4.3.7.3h11c.3 0 .5-.1.7-.3.2-.2.3-.5.3-.7s-.1-.5-.3-.7zM5.8 14.7l6.2 6.3 6.2-6.3c.2-.2.3-.5.3-.7s-.1-.5-.3-.7c-.2-.2-.4-.3-.7-.3h-11c-.3 0-.5.1-.7.3-.2.2-.3.5-.3.7s.1.5.3.7z\"\/><\/svg><\/span><\/span><\/span><\/a><\/span><\/div>\n<nav><ul class='ez-toc-list ez-toc-list-level-1 ' ><ul class='ez-toc-list-level-4' ><li class='ez-toc-heading-level-4'><ul class='ez-toc-list-level-4' ><li class='ez-toc-heading-level-4'><a class=\"ez-toc-link ez-toc-heading-1\" href=\"https:\/\/idecesos.com\/seguros\/companias\/la-caixa\/telefono\/#Telefono_Contrataciones_951_127_403\" >Tel\u00e9fono Contrataciones \n951 127 403<\/a><\/li><\/ul><\/li><\/ul><\/li><li class='ez-toc-page-1 ez-toc-heading-level-2'><a class=\"ez-toc-link ez-toc-heading-2\" href=\"https:\/\/idecesos.com\/seguros\/companias\/la-caixa\/telefono\/#%C2%BFComo_contactar_con_La_Caixa\" >\u00bfC\u00f3mo contactar con La Caixa?<\/a><ul class='ez-toc-list-level-3' ><li class='ez-toc-heading-level-3'><a class=\"ez-toc-link ez-toc-heading-3\" href=\"https:\/\/idecesos.com\/seguros\/companias\/la-caixa\/telefono\/#Telefono_gratuito_de_La_Caixa\" >Tel\u00e9fono gratuito de La Caixa<\/a><\/li><li class='ez-toc-page-1 ez-toc-heading-level-3'><a class=\"ez-toc-link ez-toc-heading-4\" href=\"https:\/\/idecesos.com\/seguros\/companias\/la-caixa\/telefono\/#Horario_de_atencion_al_cliente_de_La_Caixa\" >Horario de atenci\u00f3n al cliente de La Caixa<\/a><\/li><li class='ez-toc-page-1 ez-toc-heading-level-3'><a class=\"ez-toc-link ez-toc-heading-5\" href=\"https:\/\/idecesos.com\/seguros\/companias\/la-caixa\/telefono\/#Correo_electronico_de_La_Caixa\" >Correo electr\u00f3nico de La Caixa<\/a><\/li><li class='ez-toc-page-1 ez-toc-heading-level-3'><a class=\"ez-toc-link ez-toc-heading-6\" href=\"https:\/\/idecesos.com\/seguros\/companias\/la-caixa\/telefono\/#Formulario_en_el_sitio_Web_de_La_Caixa\" >Formulario en el sitio Web de La Caixa<\/a><\/li><li class='ez-toc-page-1 ez-toc-heading-level-3'><a class=\"ez-toc-link ez-toc-heading-7\" href=\"https:\/\/idecesos.com\/seguros\/companias\/la-caixa\/telefono\/#Redes_sociales_de_La_Caixa\" >Redes sociales de La Caixa<\/a><\/li><li class='ez-toc-page-1 ez-toc-heading-level-3'><a class=\"ez-toc-link ez-toc-heading-8\" href=\"https:\/\/idecesos.com\/seguros\/companias\/la-caixa\/telefono\/#Paginas_relacionadas\" >P\u00e1ginas relacionadas<\/a><\/li><\/ul><\/li><\/ul><\/nav><\/div>\n\n<div class=\"caja\">\n<div class=\"cajaIcono2 \"  ><div class=\"cuadro\" style=\"box-shadow: inset 0 0 0 3px #ff790e\"><div class=\"iconoCircular\" style=\"border: 3px solid #ff790e\">\t\t\n\t\t\t\t\t<div class=\"iconoCirculo\">\n\t\t\t\t\t  <i class=\"fas fa-phone-volume\"><\/i>\n\t\t\t\t\t<\/div>\n\t\t\t\t<\/div><div class=\"\">\n<h4 style=\"text-align: center;\"><span class=\"ez-toc-section\" id=\"Telefono_Contrataciones_951_127_403\"><\/span><strong>Tel\u00e9fono Contrataciones<br \/>\n951 127 403<\/strong><span class=\"ez-toc-section-end\"><\/span><\/h4>\n<p><\/div><\/div><\/div><br \/>\nLa atenci\u00f3n 24 horas de La Caixa los 365 d\u00edas del a\u00f1o hacen que todos tus problemas se solucionen en minutos. Un agente experto en su seguro de decesos le atender\u00e1 y pondr\u00e1 en marcha todos y cada uno de los tr\u00e1mites necesarios para su tranquilidad: elecci\u00f3n del camposanto donde el asegurado desee ser inhumado, gesti\u00f3n de la tramitaci\u00f3n funeraria, la corona que desee escoger, los gastos en ata\u00fad y sanitarios, atenci\u00f3n psicol\u00f3gica para la familia y muchos otros servicios de la mano de los mejores profesionales. La Caixa se encargar\u00e1 de tener todo gestionado y cerrado debidamente apoyando a la familia en el peor momento facilitandoles toda la tranquilidad que necesitan. Adem\u00e1s, los especialistas en todo momento van a tratar el tema con la delicadeza y el respeto que merece.<br \/>\n<\/div><\/p>\n<div class=\"colorf \"  ><div class=\"container clearfix\"><div class=\"col-md-7\"><\/p>\n<h2><span class=\"ez-toc-section\" id=\"%C2%BFComo_contactar_con_La_Caixa\"><\/span>\u00bfC\u00f3mo contactar con La Caixa?<span class=\"ez-toc-section-end\"><\/span><\/h2>\n<p>Para que La Caixa se ponga a su predisposici\u00f3n, le recordamos que tiene a su predisposici\u00f3n un n\u00famero de contacto gratuito, un e-mail, un formulario en su p\u00e1gina y las distintas cuentas de La Caixa en redes sociales.<br \/>\n<\/div><\/div><\/div>\n<h3><span class=\"ez-toc-section\" id=\"Telefono_gratuito_de_La_Caixa\"><\/span>Tel\u00e9fono gratuito de La Caixa<span class=\"ez-toc-section-end\"><\/span><\/h3>\n<p>Para que le resulte f\u00e1cil establecer conexi\u00f3n con la compa\u00f1\u00eda, le ofrece el pr\u00f3ximo n\u00famero de tel\u00e9fono gratuito <strong>900 40 40 90<\/strong>. Haciendo una simple llamada, va a poder hacer la consulta que desee y resolver cualquier clase de duda que tenga o le brote en ese preciso momento sobre su seguro de decesos o bien las caracter\u00edsticas que tiene para que se ajuste a sus necesidades. Es de suma importancia que sea consciente del nulo coste que le supondr\u00e1 efectuar la llamada. La conexi\u00f3n y el contacto que se establece entre el consultor especialista y el usuario, hace que resulte ser el procedimiento m\u00e1s ventajoso y sencillo posible.<br \/>\n<div class=\"colorf\"><div class=\"container clearfix\"><div class=\"col-md-7\"><\/p>\n<div class=\"cabecera_tabla_ajustada \"  style=\"width:80%\" ><div class=\"row\"><\/div>\n<p><div class=\"fila_tabla4 \"  ><div class=\"row\"><div class=\"col-8 nosepara izq\"><p><strong>Tel\u00e9fono para contrataciones<\/strong><\/p><\/div><div class=\"col-4 nosepara centro\">951 127 403<\/div><\/div><\/div><div class=\"fila_tabla4 \"  ><div class=\"row\"><div class=\"col-8 nosepara izq\"><p><strong>Tel\u00e9fono Atenci\u00f3n al cliente<\/strong><\/p><\/div><div class=\"col-4 nosepara centro\">938 87 25 25<\/div><\/div><\/div><\/p>\n<div class=\"pie_tabla \"  ><div class=\"row\"><div class=\"col-12 \"><\/div><\/div><\/div><\/div>\n<\/div><\/div><\/div>\n<h3><span class=\"ez-toc-section\" id=\"Horario_de_atencion_al_cliente_de_La_Caixa\"><\/span>Horario de atenci\u00f3n al cliente de La Caixa<span class=\"ez-toc-section-end\"><\/span><\/h3>\n<p>La Caixa es siendo consciente de los diferentes horarios que puedan tener sus clientes del servicio por ellos tienen asistencia en diferentes franjas horarias a fin de que no te debas preocupar por nada y puedas solucionar sus dudas sin inconveniente. La persona que le atender\u00e1 va a pasar su llamada a uno de los expertos de La Caixa para que pueda charlar con usted y pueda solventarle cualquier duda o bien cuesti\u00f3n que tenga sobre su seguro de decesos contratado. As\u00ed, quedar\u00e1n resueltas las dudas o bien cuestiones que le hab\u00edan llevado a contactar con la La Caixa.<br \/>\n<div class=\"colorf\"><div class=\"container clearfix\"><div class=\"col-md-7\"><\/p>\n<h3><span class=\"ez-toc-section\" id=\"Correo_electronico_de_La_Caixa\"><\/span>Correo electr\u00f3nico de La Caixa<span class=\"ez-toc-section-end\"><\/span><\/h3>\n<p>Internet est\u00e1 a la orden del d\u00eda y la mayor parte de la poblaci\u00f3n dispone de un perfil en las plataformas de Gmail, Hotmail, etc\u00e9teraY de esta manera, realizar diferentes tr\u00e1mites como por ejemplo, env\u00edos o recibos de ficheros. Es una de las herramientas m\u00e1s \u00fatiles para poder recibir informaci\u00f3n o bien documentaci\u00f3n, en un caso as\u00ed, sobre su seguro de decesos. Con el pr\u00f3ximo e-mail <strong>servicio.cliente@caixabank.com<\/strong> de La Caixa le va a ser posible mandarle cualquier tipo de duda que tenga respecto a su prima, por ejemplo. Conseguir la mejor contestaci\u00f3n para esclarecer cuanto quieras saber es tan sencillo como, mandar un correo y, adem\u00e1s de conseguir las mejores respuestas, va a llegar a un buen entendimiento.<br \/>\n<\/div><\/div><\/div><\/p>\n<h3><span class=\"ez-toc-section\" id=\"Formulario_en_el_sitio_Web_de_La_Caixa\"><\/span>Formulario en el sitio Web de La Caixa<span class=\"ez-toc-section-end\"><\/span><\/h3>\n<p>Un buscador de Internet va a tener la facilidad de hacerle saber lo que desee en ese instante. Es por este motivo que, las personas la consideran la plataforma m\u00e1s importante y alcanzable del planeta. La Caixa no iba a ser menos, tiene libre una p\u00e1gina web propia <strong>www.segurcaixaadeslas.es\/<\/strong>. Ah\u00ed vas a tener la opci\u00f3n de rellenar un formulario, complet\u00e1ndolo con sus datos personales (nombre y apellidos, tel\u00e9fono m\u00f3vil\u2026)Seguidamente, un especialista en el tema se va a poner en contacto para poder facilitarle informaci\u00f3n u ofrecerle la ayuda que necesite.<br \/>\n<div class=\"colorf\"><div class=\"container clearfix\"><div class=\"col-md-7\"><\/p>\n<h3><span class=\"ez-toc-section\" id=\"Redes_sociales_de_La_Caixa\"><\/span>Redes sociales de La Caixa<span class=\"ez-toc-section-end\"><\/span><\/h3>\n<p>Redes sociales como Twitter, Instagram, Facebook o bien TikTok se han convertido en uno de los primordiales medios de las personas, es por esto que es una de las herramientas con mayor alcance y difusi\u00f3n que existen en la actualidad. Es normal que cada persona est\u00e9 registrado en alguna de estas apps si no es en las cuatro. La Caixa tiene su perfil en alguna de estas redes sociales. En todos y cada cuenta, La Caixa ofrece im\u00e1genes, ofertas, v\u00eddeos y muchos m\u00e1s acerca de sus servicios con un trato m\u00e1s pr\u00f3ximo al cliente. En ciertas redes sociales puedes contactar con La Caixa para que de esta forma puedas mantener el contacto con ellos sin buscar ning\u00fan tel\u00e9fono o bien e-mail.<br \/>\n<\/div><\/div><\/div><\/p>\n<\/div>\n<p><div class=\"oficinas\"> <h3><span class=\"ez-toc-section\" id=\"Paginas_relacionadas\"><\/span>P\u00e1ginas relacionadas<span class=\"ez-toc-section-end\"><\/span><\/h3><div class=\"enlazado\"><ul> <li><a href=\"https:\/\/idecesos.com\/seguros\/companias\/la-caixa\/opiniones\/\">Opiniones La Caixa<\/a><\/li> <li><a href=\"https:\/\/idecesos.com\/seguros\/companias\/la-caixa\/precio\/\">Precio seguro La Caixa<\/a><\/li> <li><a href=\"https:\/\/idecesos.com\/seguros\/companias\/la-caixa\/prima-mixta\/\">La Caixa Prima Mixta<\/a><\/li> <li><a href=\"https:\/\/idecesos.com\/seguros\/companias\/la-caixa\/prima-natural\/\">La Caixa Prima Natural<\/a><\/li> <li><a href=\"https:\/\/idecesos.com\/seguros\/companias\/la-caixa\/prima-nivelada\/\">La Caixa Prima Nivelada<\/a><\/li> <li><a href=\"https:\/\/idecesos.com\/seguros\/companias\/la-caixa\/prima-unica\/\">La Caixa Prima \u00danica<\/a><\/li> <li><a href=\"https:\/\/idecesos.com\/seguros\/companias\/la-caixa\/repatriacion\/\">La Caixa Repatriaci\u00f3n \u25b7Opiniones y Precio seguro<\/a><\/li> <li><a href=\"https:\/\/idecesos.com\/seguros\/companias\/la-caixa\/telefono\/\">Tel\u00e9fono Gratuito La Caixa<\/a><\/li><\/ul><\/div> <\/div><\/p>\n","protected":false},"excerpt":{"rendered":"<p>La atenci\u00f3n 24 horas de La Caixa los 365 d\u00edas del a\u00f1o hacen que todos tus problemas se solucionen en minutos. Un agente experto en su seguro de decesos le atender\u00e1 y pondr\u00e1 en marcha todos y cada uno de los tr\u00e1mites necesarios para su tranquilidad: elecci\u00f3n del camposanto donde el asegurado desee ser inhumado,&hellip; <\/p>\n","protected":false},"author":1,"featured_media":0,"parent":390,"menu_order":0,"comment_status":"closed","ping_status":"closed","template":"single.php","meta":{"footnotes":""},"class_list":["post-15302","page","type-page","status-publish","hentry"],"yoast_head":"<!-- This site is optimized with the Yoast SEO plugin v27.3 - https:\/\/yoast.com\/product\/yoast-seo-wordpress\/ -->\n<title>Tel\u00e9fono Gratuito La Caixa \u25b7Atenci\u00f3n Cliente, Email, RRSS, Web<\/title>\n<meta name=\"description\" content=\"Busca aqu\u00ed\u3010La Caixa seguros tel\u00e9fono gratuito\u3011La Caixa Decesos tel\u00e9fono gratis: atenci\u00f3n al cliente y contrataciones \u2611\ufe0fVerificado en 2026\" \/>\n<meta name=\"robots\" content=\"index, follow, max-snippet:-1, max-image-preview:large, max-video-preview:-1\" \/>\n<link rel=\"canonical\" href=\"https:\/\/idecesos.com\/seguros\/companias\/la-caixa\/telefono\/\" \/>\n<meta property=\"og:locale\" content=\"es_ES\" \/>\n<meta property=\"og:type\" content=\"article\" \/>\n<meta property=\"og:title\" content=\"Tel\u00e9fono Gratuito La Caixa \u25b7Atenci\u00f3n Cliente, Email, RRSS, Web\" \/>\n<meta property=\"og:description\" content=\"Busca aqu\u00ed\u3010La Caixa seguros tel\u00e9fono gratuito\u3011La Caixa Decesos tel\u00e9fono gratis: atenci\u00f3n al cliente y contrataciones \u2611\ufe0fVerificado en 2026\" \/>\n<meta property=\"og:url\" content=\"https:\/\/idecesos.com\/seguros\/companias\/la-caixa\/telefono\/\" \/>\n<meta property=\"article:modified_time\" content=\"2022-04-05T10:53:45+00:00\" \/>\n<meta name=\"twitter:card\" content=\"summary_large_image\" \/>\n<meta name=\"twitter:label1\" content=\"Tiempo de lectura\" \/>\n\t<meta name=\"twitter:data1\" content=\"4 minutos\" \/>\n<script type=\"application\/ld+json\" class=\"yoast-schema-graph\">{\"@context\":\"https:\\\/\\\/schema.org\",\"@graph\":[{\"@type\":\"WebPage\",\"@id\":\"https:\\\/\\\/idecesos.com\\\/seguros\\\/companias\\\/la-caixa\\\/telefono\\\/\",\"url\":\"https:\\\/\\\/idecesos.com\\\/seguros\\\/companias\\\/la-caixa\\\/telefono\\\/\",\"name\":\"Tel\u00e9fono Gratuito La Caixa \u25b7Atenci\u00f3n Cliente, Email, RRSS, Web\",\"isPartOf\":{\"@id\":\"https:\\\/\\\/idecesos.com\\\/seguros\\\/#website\"},\"datePublished\":\"2021-11-25T10:10:12+00:00\",\"dateModified\":\"2022-04-05T10:53:45+00:00\",\"description\":\"Busca aqu\u00ed\u3010La Caixa seguros tel\u00e9fono gratuito\u3011La Caixa Decesos tel\u00e9fono gratis: atenci\u00f3n al cliente y contrataciones \u2611\ufe0fVerificado en 2026\",\"breadcrumb\":{\"@id\":\"https:\\\/\\\/idecesos.com\\\/seguros\\\/companias\\\/la-caixa\\\/telefono\\\/#breadcrumb\"},\"inLanguage\":\"es\",\"potentialAction\":[{\"@type\":\"ReadAction\",\"target\":[\"https:\\\/\\\/idecesos.com\\\/seguros\\\/companias\\\/la-caixa\\\/telefono\\\/\"]}]},{\"@type\":\"BreadcrumbList\",\"@id\":\"https:\\\/\\\/idecesos.com\\\/seguros\\\/companias\\\/la-caixa\\\/telefono\\\/#breadcrumb\",\"itemListElement\":[{\"@type\":\"ListItem\",\"position\":1,\"name\":\"Portada\",\"item\":\"https:\\\/\\\/idecesos.com\\\/seguros\\\/\"},{\"@type\":\"ListItem\",\"position\":2,\"name\":\"Compa\u00f1\u00edas de Seguros de Decesos en Espa\u00f1a\",\"item\":\"https:\\\/\\\/idecesos.com\\\/seguros\\\/companias\\\/\"},{\"@type\":\"ListItem\",\"position\":3,\"name\":\"Seguro de decesos La Caixa\",\"item\":\"https:\\\/\\\/idecesos.com\\\/seguros\\\/companias\\\/la-caixa\\\/\"},{\"@type\":\"ListItem\",\"position\":4,\"name\":\"Atenci\u00f3n al cliente La Caixa: telefono gratuito, e-mail\"}]},{\"@type\":\"WebSite\",\"@id\":\"https:\\\/\\\/idecesos.com\\\/seguros\\\/#website\",\"url\":\"https:\\\/\\\/idecesos.com\\\/seguros\\\/\",\"name\":\"\",\"description\":\"\",\"potentialAction\":[{\"@type\":\"SearchAction\",\"target\":{\"@type\":\"EntryPoint\",\"urlTemplate\":\"https:\\\/\\\/idecesos.com\\\/seguros\\\/?s={search_term_string}\"},\"query-input\":{\"@type\":\"PropertyValueSpecification\",\"valueRequired\":true,\"valueName\":\"search_term_string\"}}],\"inLanguage\":\"es\"}]}<\/script>\n<!-- \/ Yoast SEO plugin. -->","yoast_head_json":{"title":"Tel\u00e9fono Gratuito La Caixa \u25b7Atenci\u00f3n Cliente, Email, RRSS, Web","description":"Busca aqu\u00ed\u3010La Caixa seguros tel\u00e9fono gratuito\u3011La Caixa Decesos tel\u00e9fono gratis: atenci\u00f3n al cliente y contrataciones \u2611\ufe0fVerificado en 2026","robots":{"index":"index","follow":"follow","max-snippet":"max-snippet:-1","max-image-preview":"max-image-preview:large","max-video-preview":"max-video-preview:-1"},"canonical":"https:\/\/idecesos.com\/seguros\/companias\/la-caixa\/telefono\/","og_locale":"es_ES","og_type":"article","og_title":"Tel\u00e9fono Gratuito La Caixa \u25b7Atenci\u00f3n Cliente, Email, RRSS, Web","og_description":"Busca aqu\u00ed\u3010La Caixa seguros tel\u00e9fono gratuito\u3011La Caixa Decesos tel\u00e9fono gratis: atenci\u00f3n al cliente y contrataciones \u2611\ufe0fVerificado en 2026","og_url":"https:\/\/idecesos.com\/seguros\/companias\/la-caixa\/telefono\/","article_modified_time":"2022-04-05T10:53:45+00:00","twitter_card":"summary_large_image","twitter_misc":{"Tiempo de lectura":"4 minutos"},"schema":{"@context":"https:\/\/schema.org","@graph":[{"@type":"WebPage","@id":"https:\/\/idecesos.com\/seguros\/companias\/la-caixa\/telefono\/","url":"https:\/\/idecesos.com\/seguros\/companias\/la-caixa\/telefono\/","name":"Tel\u00e9fono Gratuito La Caixa \u25b7Atenci\u00f3n Cliente, Email, RRSS, Web","isPartOf":{"@id":"https:\/\/idecesos.com\/seguros\/#website"},"datePublished":"2021-11-25T10:10:12+00:00","dateModified":"2022-04-05T10:53:45+00:00","description":"Busca aqu\u00ed\u3010La Caixa seguros tel\u00e9fono gratuito\u3011La Caixa Decesos tel\u00e9fono gratis: atenci\u00f3n al cliente y contrataciones \u2611\ufe0fVerificado en 2026","breadcrumb":{"@id":"https:\/\/idecesos.com\/seguros\/companias\/la-caixa\/telefono\/#breadcrumb"},"inLanguage":"es","potentialAction":[{"@type":"ReadAction","target":["https:\/\/idecesos.com\/seguros\/companias\/la-caixa\/telefono\/"]}]},{"@type":"BreadcrumbList","@id":"https:\/\/idecesos.com\/seguros\/companias\/la-caixa\/telefono\/#breadcrumb","itemListElement":[{"@type":"ListItem","position":1,"name":"Portada","item":"https:\/\/idecesos.com\/seguros\/"},{"@type":"ListItem","position":2,"name":"Compa\u00f1\u00edas de Seguros de Decesos en Espa\u00f1a","item":"https:\/\/idecesos.com\/seguros\/companias\/"},{"@type":"ListItem","position":3,"name":"Seguro de decesos La Caixa","item":"https:\/\/idecesos.com\/seguros\/companias\/la-caixa\/"},{"@type":"ListItem","position":4,"name":"Atenci\u00f3n al cliente La Caixa: telefono gratuito, e-mail"}]},{"@type":"WebSite","@id":"https:\/\/idecesos.com\/seguros\/#website","url":"https:\/\/idecesos.com\/seguros\/","name":"","description":"","potentialAction":[{"@type":"SearchAction","target":{"@type":"EntryPoint","urlTemplate":"https:\/\/idecesos.com\/seguros\/?s={search_term_string}"},"query-input":{"@type":"PropertyValueSpecification","valueRequired":true,"valueName":"search_term_string"}}],"inLanguage":"es"}]}},"_links":{"self":[{"href":"https:\/\/idecesos.com\/seguros\/wp-json\/wp\/v2\/pages\/15302","targetHints":{"allow":["GET"]}}],"collection":[{"href":"https:\/\/idecesos.com\/seguros\/wp-json\/wp\/v2\/pages"}],"about":[{"href":"https:\/\/idecesos.com\/seguros\/wp-json\/wp\/v2\/types\/page"}],"author":[{"embeddable":true,"href":"https:\/\/idecesos.com\/seguros\/wp-json\/wp\/v2\/users\/1"}],"replies":[{"embeddable":true,"href":"https:\/\/idecesos.com\/seguros\/wp-json\/wp\/v2\/comments?post=15302"}],"version-history":[{"count":10,"href":"https:\/\/idecesos.com\/seguros\/wp-json\/wp\/v2\/pages\/15302\/revisions"}],"predecessor-version":[{"id":21002,"href":"https:\/\/idecesos.com\/seguros\/wp-json\/wp\/v2\/pages\/15302\/revisions\/21002"}],"up":[{"embeddable":true,"href":"https:\/\/idecesos.com\/seguros\/wp-json\/wp\/v2\/pages\/390"}],"wp:attachment":[{"href":"https:\/\/idecesos.com\/seguros\/wp-json\/wp\/v2\/media?parent=15302"}],"curies":[{"name":"wp","href":"https:\/\/api.w.org\/{rel}","templated":true}]}}