{"id":15303,"date":"2021-11-26T09:12:16","date_gmt":"2021-11-25T10:10:13","guid":{"rendered":"https:\/\/idecesos.com\/seguros\/companias\/la-fe\/telefono\/"},"modified":"2022-04-05T11:01:58","modified_gmt":"2022-04-05T11:01:58","slug":"telefono","status":"publish","type":"page","link":"https:\/\/idecesos.com\/seguros\/companias\/la-fe\/telefono\/","title":{"rendered":"Atenci\u00f3n al cliente La Fe: telefono gratuito, e-mail"},"content":{"rendered":"<div id=\"ez-toc-container\" class=\"ez-toc-v2_0_83 ez-toc-wrap-center counter-hierarchy ez-toc-counter ez-toc-custom ez-toc-container-direction\">\n<div class=\"ez-toc-title-container\">\n<p class=\"ez-toc-title\" style=\"cursor:inherit\">Tabla de Contenido<\/p>\n<span class=\"ez-toc-title-toggle\"><a href=\"#\" class=\"ez-toc-pull-right ez-toc-btn ez-toc-btn-xs ez-toc-btn-default ez-toc-toggle\" aria-label=\"Alternar tabla de contenidos\"><span class=\"ez-toc-js-icon-con\"><span class=\"\"><span class=\"eztoc-hide\" style=\"display:none;\">Toggle<\/span><span class=\"ez-toc-icon-toggle-span\"><svg style=\"fill: #db6415;color:#db6415\" xmlns=\"http:\/\/www.w3.org\/2000\/svg\" class=\"list-377408\" width=\"20px\" height=\"20px\" viewBox=\"0 0 24 24\" fill=\"none\"><path d=\"M6 6H4v2h2V6zm14 0H8v2h12V6zM4 11h2v2H4v-2zm16 0H8v2h12v-2zM4 16h2v2H4v-2zm16 0H8v2h12v-2z\" fill=\"currentColor\"><\/path><\/svg><svg style=\"fill: #db6415;color:#db6415\" class=\"arrow-unsorted-368013\" xmlns=\"http:\/\/www.w3.org\/2000\/svg\" width=\"10px\" height=\"10px\" viewBox=\"0 0 24 24\" version=\"1.2\" baseProfile=\"tiny\"><path d=\"M18.2 9.3l-6.2-6.3-6.2 6.3c-.2.2-.3.4-.3.7s.1.5.3.7c.2.2.4.3.7.3h11c.3 0 .5-.1.7-.3.2-.2.3-.5.3-.7s-.1-.5-.3-.7zM5.8 14.7l6.2 6.3 6.2-6.3c.2-.2.3-.5.3-.7s-.1-.5-.3-.7c-.2-.2-.4-.3-.7-.3h-11c-.3 0-.5.1-.7.3-.2.2-.3.5-.3.7s.1.5.3.7z\"\/><\/svg><\/span><\/span><\/span><\/a><\/span><\/div>\n<nav><ul class='ez-toc-list ez-toc-list-level-1 ' ><ul class='ez-toc-list-level-4' ><li class='ez-toc-heading-level-4'><ul class='ez-toc-list-level-4' ><li class='ez-toc-heading-level-4'><a class=\"ez-toc-link ez-toc-heading-1\" href=\"https:\/\/idecesos.com\/seguros\/companias\/la-fe\/telefono\/#Telefono_Contrataciones_951_127_403\" >Tel\u00e9fono Contrataciones\r\n951 127 403<\/a><\/li><\/ul><\/li><\/ul><\/li><li class='ez-toc-page-1 ez-toc-heading-level-2'><a class=\"ez-toc-link ez-toc-heading-2\" href=\"https:\/\/idecesos.com\/seguros\/companias\/la-fe\/telefono\/#%C2%BFComo_contactar_con_La_Fe\" >\u00bfC\u00f3mo contactar con La Fe?<\/a><ul class='ez-toc-list-level-3' ><li class='ez-toc-heading-level-3'><a class=\"ez-toc-link ez-toc-heading-3\" href=\"https:\/\/idecesos.com\/seguros\/companias\/la-fe\/telefono\/#Telefono_gratuito_de_La_Fe\" >Tel\u00e9fono gratuito de La Fe<\/a><\/li><li class='ez-toc-page-1 ez-toc-heading-level-3'><a class=\"ez-toc-link ez-toc-heading-4\" href=\"https:\/\/idecesos.com\/seguros\/companias\/la-fe\/telefono\/#Horario_de_atencion_al_cliente_de_La_Fe\" >Horario de atenci\u00f3n al cliente de La Fe<\/a><\/li><li class='ez-toc-page-1 ez-toc-heading-level-3'><a class=\"ez-toc-link ez-toc-heading-5\" href=\"https:\/\/idecesos.com\/seguros\/companias\/la-fe\/telefono\/#Correo_electronico_de_La_Fe\" >Correo electr\u00f3nico de La Fe<\/a><\/li><li class='ez-toc-page-1 ez-toc-heading-level-3'><a class=\"ez-toc-link ez-toc-heading-6\" href=\"https:\/\/idecesos.com\/seguros\/companias\/la-fe\/telefono\/#Formulario_en_el_sitio_Web_de_La_Fe\" >Formulario en el sitio Web de La Fe<\/a><\/li><li class='ez-toc-page-1 ez-toc-heading-level-3'><a class=\"ez-toc-link ez-toc-heading-7\" href=\"https:\/\/idecesos.com\/seguros\/companias\/la-fe\/telefono\/#Redes_sociales_de_La_Fe\" >Redes sociales de La Fe<\/a><\/li><\/ul><\/li><\/ul><\/nav><\/div>\n\n<div class=\"caja\">\n<div class=\"cajaIcono2 \"  ><div class=\"cuadro\" style=\"box-shadow: inset 0 0 0 3px #ff790e\"><div class=\"iconoCircular\" style=\"border: 3px solid #ff790e\">\t\t\n\t\t\t\t\t<div class=\"iconoCirculo\">\n\t\t\t\t\t  <i class=\"fas fa-phone-volume\"><\/i>\n\t\t\t\t\t<\/div>\n\t\t\t\t<\/div><div class=\"\">\n<h4 style=\"text-align: center;\"><strong>Tel\u00e9fono Contrataciones<br \/>\n951 127 403<\/strong><\/h4>\n<p><\/div><\/div><\/div><br \/>\nLa Fe dispone de un abanico de posibilidades para que pueda conseguir informaci\u00f3n gratuita, simple y f\u00e1cil, alcanzable para todo el mundo. Va a ser informado por la persona que le atienda sobre todo lo que desee saber de su seguro de decesos y, los servicios con relaci\u00f3n al entierro, como los traslados, tr\u00e1mites, elecci\u00f3n y gastos de flores o ata\u00fad, los tipos de asistencia, orientaciones, etc. Cualquier tr\u00e1mite o bien administraci\u00f3n va a estar cerrado de cara al instante del entierro del ser querido y, para su calma, no tendr\u00e1n que estar preocupados por solamente all\u00ed. Va a sentir el \u00e1nimo y respeto merecido en todos y cada instante del proceso.<br \/>\n<\/div><\/p>\n<div class=\"colorf \"  ><div class=\"container clearfix\"><div class=\"col-md-7\"><\/p>\n<h2><span class=\"ez-toc-section\" id=\"%C2%BFComo_contactar_con_La_Fe\"><\/span>\u00bfC\u00f3mo contactar con La Fe?<span class=\"ez-toc-section-end\"><\/span><\/h2>\n<p>Ponerse en contacto con La Fe es muy f\u00e1cil. Ofrece m\u00faltiples m\u00e9todos para contactar con ellos: tel\u00e9fono gratuito, correo electr\u00f3nico, un formulario que podr\u00e1s rellenar mediante su p\u00e1gina web o mediante sus redes sociales.<br \/>\n<\/div><\/div><\/div>\n<h3><span class=\"ez-toc-section\" id=\"Telefono_gratuito_de_La_Fe\"><\/span>Tel\u00e9fono gratuito de La Fe<span class=\"ez-toc-section-end\"><\/span><\/h3>\n<p>A fin de que le resulte simple establecer conexi\u00f3n con la compa\u00f1\u00eda, le ofrece el siguiente n\u00famero gratis <strong>900 180 913<\/strong>. Con el simple hecho de efectuar una llamada, conseguir\u00e1 todas y cada una de las contestaciones que necesite acerca de su seguro de decesos y las caracter\u00edsticas que requieren sus necesidades. No importa el tiempo que transcurra del inicio de la llamada hasta su final, no tendr\u00e1 ning\u00fan tipo de costo. Sin tener que planificar nada, este m\u00e9todo resulta ser el m\u00e1s simple y ventajoso, sobre todo por la fluidez que se genera en la conversaci\u00f3n.<br \/>\n<div class=\"colorf\"><div class=\"container clearfix\"><div class=\"col-md-7\"><\/p>\n<div class=\"cabecera_tabla_ajustada \"  style=\"width:80%\" ><div class=\"row\"><\/div>\n<p><div class=\"fila_tabla4 \"  ><div class=\"row\"><div class=\"col-8 nosepara izq\"><p><strong>Tel\u00e9fono para contrataciones<\/strong><\/p><\/div><div class=\"col-4 nosepara centro\">951 127 403<\/div><\/div><\/div><div class=\"fila_tabla4 \"  ><div class=\"row\"><div class=\"col-8 nosepara izq\"><p><strong>Tel\u00e9fono para mayor informaci\u00f3n<\/strong><\/p><\/div><div class=\"col-4 nosepara centro\">986 229 300<\/div><\/div><\/div><\/p>\n<div class=\"pie_tabla \"  ><div class=\"row\"><div class=\"col-12 \"><\/div><\/div><\/div><\/div>\n<\/div><\/div><\/div>\n<h3><span class=\"ez-toc-section\" id=\"Horario_de_atencion_al_cliente_de_La_Fe\"><\/span>Horario de atenci\u00f3n al cliente de La Fe<span class=\"ez-toc-section-end\"><\/span><\/h3>\n<p>La compa\u00f1\u00eda cuenta con que todos sus clientes no tienen exactamente el mismo horario para poder efectuar su llamada telef\u00f3nica. Es precisamente por esto que ha creado m\u00faltiples horarios en diferentes franjas para poder ser atendido en todo instante cuando lo necesite. La persona que le atender\u00e1, pasar\u00e1 la llamada a uno de los profesionales y expertos asesores a fin de que pueda charlar largo y tendido sobre su seguro de decesos o cualquier aspecto que le compete. Merced a esta llamada sus dudas por las que hab\u00eda contactado con los agentes de La Fe quedar\u00e1n resueltas.<br \/>\n<div class=\"colorf\"><div class=\"container clearfix\"><div class=\"col-md-7\"><\/p>\n<h3><span class=\"ez-toc-section\" id=\"Correo_electronico_de_La_Fe\"><\/span>Correo electr\u00f3nico de La Fe<span class=\"ez-toc-section-end\"><\/span><\/h3>\n<p>Las digitalizaci\u00f3n es m\u00e1s que un hecho y la poblaci\u00f3n se ha acomodado a los servicios que esta le ofrece. Gmail y Hotmail han sido una enorme revoluci\u00f3n en internet. Estas plataformas han facilitado el env\u00edo y recibo de informaci\u00f3n de todo tipo, sin tener la necesidad de desplazarse a ning\u00fan lado. La Fe ha tenido en cuenta todos estos aspectos y ofrece el pr\u00f3ximo mail <strong>info@fe-seguros.com<\/strong>. Podr\u00e1 enviar a esta direcci\u00f3n cualquier cuesti\u00f3n, pregunta, duda o inquietud que le parezca sobre su seguro de decesos. La contestaci\u00f3n habr\u00e1 sido estudiada y preparada por agentes especialistas en el tema.<br \/>\n<\/div><\/div><\/div><\/p>\n<h3><span class=\"ez-toc-section\" id=\"Formulario_en_el_sitio_Web_de_La_Fe\"><\/span>Formulario en el sitio Web de La Fe<span class=\"ez-toc-section-end\"><\/span><\/h3>\n<p>Un buscador de internet, en nuestros d\u00edas, es la herramienta m\u00e1s usada por el mundo. Esto se debe a su simple forma de utilizaci\u00f3n. Con tan solo poner una palabra tienes a tu disposici\u00f3n miles y miles de resultados. Por ende, con el acto de redactar en uno de los buscadores <strong>fe-seguros.com\/<\/strong> podr\u00e1 entrar en la p\u00e1gina web de La Fe. Ah\u00ed hallar\u00e1 la informaci\u00f3n base sobre el seguro de decesos se esta compa\u00f1\u00eda. Costes, coberturas, ventajas, promociones&#8230; una breve descripci\u00f3n que le ayudar\u00e1 a hacerse una idea de lo que ofertan. Se le facilita un formulario que puede rellenar, completando los diferentes campos: nombre y apellidos, correo, tel\u00e9fono de contacto, etc. Finalizado dicho formulario, un agente de La Fe se va a poner en contacto con cuanto antes para resolver sus dudas.<br \/>\n<div class=\"colorf\"><div class=\"container clearfix\"><div class=\"col-md-7\"><\/p>\n<h3><span class=\"ez-toc-section\" id=\"Redes_sociales_de_La_Fe\"><\/span>Redes sociales de La Fe<span class=\"ez-toc-section-end\"><\/span><\/h3>\n<p>En la actualidad, las redes sociales como Twitter, Facebook, Instagram\u2026 tienen gran relevancia para la mayor\u00eda de la poblaci\u00f3n y es, una de las herramientas con m\u00e1s difusi\u00f3n y alcance del planeta. Es muy com\u00fan que, cada persona, tenga alguna de ellas o bien incluso todas y cada una. La Fe tiene su perfil en alguna de estas redes sociales. En todos y cada cuenta, La Fe ofrece im\u00e1genes, ofertas, v\u00eddeos y muchos m\u00e1s acerca de sus servicios con un trato m\u00e1s cercano al usuario. En algunas redes sociales puedes contactar con La Fe para que de esta forma puedas sostener el contacto con ellos sin tener que buscar ning\u00fan tel\u00e9fono o bien correo.<br \/>\n<\/div><\/div><\/div><\/p>\n<\/div>\n<p><div class=\"oficinas\"> <h3>P\u00e1ginas relacionadas<\/h3><div class=\"enlazado\"><ul> <li><a href=\"https:\/\/idecesos.com\/seguros\/companias\/la-fe\/opiniones\/\">Opiniones La F\u00e9<\/a><\/li> <li><a href=\"https:\/\/idecesos.com\/seguros\/companias\/la-fe\/precio\/\">Precio seguro La Fe<\/a><\/li> <li><a href=\"https:\/\/idecesos.com\/seguros\/companias\/la-fe\/prima-mixta\/\">La Fe Prima Mixta<\/a><\/li> <li><a href=\"https:\/\/idecesos.com\/seguros\/companias\/la-fe\/prima-natural\/\">La Fe Prima Natural<\/a><\/li> <li><a href=\"https:\/\/idecesos.com\/seguros\/companias\/la-fe\/prima-nivelada\/\">La Fe Prima Nivelada<\/a><\/li> <li><a href=\"https:\/\/idecesos.com\/seguros\/companias\/la-fe\/prima-unica\/\">La Fe Prima \u00danica<\/a><\/li> <li><a href=\"https:\/\/idecesos.com\/seguros\/companias\/la-fe\/repatriacion\/\">La Fe Repatriaci\u00f3n<\/a><\/li> <li><a href=\"https:\/\/idecesos.com\/seguros\/companias\/la-fe\/telefono\/\">Tel\u00e9fono Gratuito La Fe<\/a><\/li><\/ul><\/div> <\/div><\/p>\n","protected":false},"excerpt":{"rendered":"<p>La Fe dispone de un abanico de posibilidades para que pueda conseguir informaci\u00f3n gratuita, simple y f\u00e1cil, alcanzable para todo el mundo. Va a ser informado por la persona que le atienda sobre todo lo que desee saber de su seguro de decesos y, los servicios con relaci\u00f3n al entierro, como los traslados, tr\u00e1mites, elecci\u00f3n&hellip; <\/p>\n","protected":false},"author":1,"featured_media":0,"parent":395,"menu_order":0,"comment_status":"closed","ping_status":"closed","template":"single.php","meta":{"footnotes":""},"class_list":["post-15303","page","type-page","status-publish","hentry"],"yoast_head":"<!-- This site is optimized with the Yoast SEO plugin v27.5 - https:\/\/yoast.com\/product\/yoast-seo-wordpress\/ -->\n<title>Tel\u00e9fono Gratuito La Fe \u25b7Atenci\u00f3n Cliente, Email, RRSS, Web<\/title>\n<meta name=\"description\" content=\"Busca aqu\u00ed\u3010La Fe seguros tel\u00e9fono gratuito\u3011La Fe Decesos tel\u00e9fono gratis: atenci\u00f3n al cliente y contrataciones \u2611\ufe0fVerificado en 2026\" \/>\n<meta name=\"robots\" content=\"index, follow, max-snippet:-1, max-image-preview:large, max-video-preview:-1\" \/>\n<link rel=\"canonical\" href=\"https:\/\/idecesos.com\/seguros\/companias\/la-fe\/telefono\/\" \/>\n<meta property=\"og:locale\" content=\"es_ES\" \/>\n<meta property=\"og:type\" content=\"article\" \/>\n<meta property=\"og:title\" content=\"Tel\u00e9fono Gratuito La Fe \u25b7Atenci\u00f3n Cliente, Email, RRSS, Web\" \/>\n<meta property=\"og:description\" content=\"Busca aqu\u00ed\u3010La Fe seguros tel\u00e9fono gratuito\u3011La Fe Decesos tel\u00e9fono gratis: atenci\u00f3n al cliente y contrataciones \u2611\ufe0fVerificado en 2026\" \/>\n<meta property=\"og:url\" content=\"https:\/\/idecesos.com\/seguros\/companias\/la-fe\/telefono\/\" \/>\n<meta property=\"article:modified_time\" content=\"2022-04-05T11:01:58+00:00\" \/>\n<meta name=\"twitter:card\" content=\"summary_large_image\" \/>\n<meta name=\"twitter:label1\" content=\"Tiempo de lectura\" \/>\n\t<meta name=\"twitter:data1\" content=\"4 minutos\" \/>\n<script type=\"application\/ld+json\" class=\"yoast-schema-graph\">{\"@context\":\"https:\\\/\\\/schema.org\",\"@graph\":[{\"@type\":\"WebPage\",\"@id\":\"https:\\\/\\\/idecesos.com\\\/seguros\\\/companias\\\/la-fe\\\/telefono\\\/\",\"url\":\"https:\\\/\\\/idecesos.com\\\/seguros\\\/companias\\\/la-fe\\\/telefono\\\/\",\"name\":\"Tel\u00e9fono Gratuito La Fe \u25b7Atenci\u00f3n Cliente, Email, RRSS, Web\",\"isPartOf\":{\"@id\":\"https:\\\/\\\/idecesos.com\\\/seguros\\\/#website\"},\"datePublished\":\"2021-11-25T10:10:13+00:00\",\"dateModified\":\"2022-04-05T11:01:58+00:00\",\"description\":\"Busca aqu\u00ed\u3010La Fe seguros tel\u00e9fono gratuito\u3011La Fe Decesos tel\u00e9fono gratis: atenci\u00f3n al cliente y contrataciones \u2611\ufe0fVerificado en 2026\",\"breadcrumb\":{\"@id\":\"https:\\\/\\\/idecesos.com\\\/seguros\\\/companias\\\/la-fe\\\/telefono\\\/#breadcrumb\"},\"inLanguage\":\"es\",\"potentialAction\":[{\"@type\":\"ReadAction\",\"target\":[\"https:\\\/\\\/idecesos.com\\\/seguros\\\/companias\\\/la-fe\\\/telefono\\\/\"]}]},{\"@type\":\"BreadcrumbList\",\"@id\":\"https:\\\/\\\/idecesos.com\\\/seguros\\\/companias\\\/la-fe\\\/telefono\\\/#breadcrumb\",\"itemListElement\":[{\"@type\":\"ListItem\",\"position\":1,\"name\":\"Portada\",\"item\":\"https:\\\/\\\/idecesos.com\\\/seguros\\\/\"},{\"@type\":\"ListItem\",\"position\":2,\"name\":\"Compa\u00f1\u00edas de Seguros de Decesos en Espa\u00f1a\",\"item\":\"https:\\\/\\\/idecesos.com\\\/seguros\\\/companias\\\/\"},{\"@type\":\"ListItem\",\"position\":3,\"name\":\"Seguro de Decesos La Fe\",\"item\":\"https:\\\/\\\/idecesos.com\\\/seguros\\\/companias\\\/la-fe\\\/\"},{\"@type\":\"ListItem\",\"position\":4,\"name\":\"Atenci\u00f3n al cliente La Fe: telefono gratuito, e-mail\"}]},{\"@type\":\"WebSite\",\"@id\":\"https:\\\/\\\/idecesos.com\\\/seguros\\\/#website\",\"url\":\"https:\\\/\\\/idecesos.com\\\/seguros\\\/\",\"name\":\"\",\"description\":\"\",\"potentialAction\":[{\"@type\":\"SearchAction\",\"target\":{\"@type\":\"EntryPoint\",\"urlTemplate\":\"https:\\\/\\\/idecesos.com\\\/seguros\\\/?s={search_term_string}\"},\"query-input\":{\"@type\":\"PropertyValueSpecification\",\"valueRequired\":true,\"valueName\":\"search_term_string\"}}],\"inLanguage\":\"es\"}]}<\/script>\n<!-- \/ Yoast SEO plugin. -->","yoast_head_json":{"title":"Tel\u00e9fono Gratuito La Fe \u25b7Atenci\u00f3n Cliente, Email, RRSS, Web","description":"Busca aqu\u00ed\u3010La Fe seguros tel\u00e9fono gratuito\u3011La Fe Decesos tel\u00e9fono gratis: atenci\u00f3n al cliente y contrataciones \u2611\ufe0fVerificado en 2026","robots":{"index":"index","follow":"follow","max-snippet":"max-snippet:-1","max-image-preview":"max-image-preview:large","max-video-preview":"max-video-preview:-1"},"canonical":"https:\/\/idecesos.com\/seguros\/companias\/la-fe\/telefono\/","og_locale":"es_ES","og_type":"article","og_title":"Tel\u00e9fono Gratuito La Fe \u25b7Atenci\u00f3n Cliente, Email, RRSS, Web","og_description":"Busca aqu\u00ed\u3010La Fe seguros tel\u00e9fono gratuito\u3011La Fe Decesos tel\u00e9fono gratis: atenci\u00f3n al cliente y contrataciones \u2611\ufe0fVerificado en 2026","og_url":"https:\/\/idecesos.com\/seguros\/companias\/la-fe\/telefono\/","article_modified_time":"2022-04-05T11:01:58+00:00","twitter_card":"summary_large_image","twitter_misc":{"Tiempo de lectura":"4 minutos"},"schema":{"@context":"https:\/\/schema.org","@graph":[{"@type":"WebPage","@id":"https:\/\/idecesos.com\/seguros\/companias\/la-fe\/telefono\/","url":"https:\/\/idecesos.com\/seguros\/companias\/la-fe\/telefono\/","name":"Tel\u00e9fono Gratuito La Fe \u25b7Atenci\u00f3n Cliente, Email, RRSS, Web","isPartOf":{"@id":"https:\/\/idecesos.com\/seguros\/#website"},"datePublished":"2021-11-25T10:10:13+00:00","dateModified":"2022-04-05T11:01:58+00:00","description":"Busca aqu\u00ed\u3010La Fe seguros tel\u00e9fono gratuito\u3011La Fe Decesos tel\u00e9fono gratis: atenci\u00f3n al cliente y contrataciones \u2611\ufe0fVerificado en 2026","breadcrumb":{"@id":"https:\/\/idecesos.com\/seguros\/companias\/la-fe\/telefono\/#breadcrumb"},"inLanguage":"es","potentialAction":[{"@type":"ReadAction","target":["https:\/\/idecesos.com\/seguros\/companias\/la-fe\/telefono\/"]}]},{"@type":"BreadcrumbList","@id":"https:\/\/idecesos.com\/seguros\/companias\/la-fe\/telefono\/#breadcrumb","itemListElement":[{"@type":"ListItem","position":1,"name":"Portada","item":"https:\/\/idecesos.com\/seguros\/"},{"@type":"ListItem","position":2,"name":"Compa\u00f1\u00edas de Seguros de Decesos en Espa\u00f1a","item":"https:\/\/idecesos.com\/seguros\/companias\/"},{"@type":"ListItem","position":3,"name":"Seguro de Decesos La Fe","item":"https:\/\/idecesos.com\/seguros\/companias\/la-fe\/"},{"@type":"ListItem","position":4,"name":"Atenci\u00f3n al cliente La Fe: telefono gratuito, e-mail"}]},{"@type":"WebSite","@id":"https:\/\/idecesos.com\/seguros\/#website","url":"https:\/\/idecesos.com\/seguros\/","name":"","description":"","potentialAction":[{"@type":"SearchAction","target":{"@type":"EntryPoint","urlTemplate":"https:\/\/idecesos.com\/seguros\/?s={search_term_string}"},"query-input":{"@type":"PropertyValueSpecification","valueRequired":true,"valueName":"search_term_string"}}],"inLanguage":"es"}]}},"_links":{"self":[{"href":"https:\/\/idecesos.com\/seguros\/wp-json\/wp\/v2\/pages\/15303","targetHints":{"allow":["GET"]}}],"collection":[{"href":"https:\/\/idecesos.com\/seguros\/wp-json\/wp\/v2\/pages"}],"about":[{"href":"https:\/\/idecesos.com\/seguros\/wp-json\/wp\/v2\/types\/page"}],"author":[{"embeddable":true,"href":"https:\/\/idecesos.com\/seguros\/wp-json\/wp\/v2\/users\/1"}],"replies":[{"embeddable":true,"href":"https:\/\/idecesos.com\/seguros\/wp-json\/wp\/v2\/comments?post=15303"}],"version-history":[{"count":10,"href":"https:\/\/idecesos.com\/seguros\/wp-json\/wp\/v2\/pages\/15303\/revisions"}],"predecessor-version":[{"id":21004,"href":"https:\/\/idecesos.com\/seguros\/wp-json\/wp\/v2\/pages\/15303\/revisions\/21004"}],"up":[{"embeddable":true,"href":"https:\/\/idecesos.com\/seguros\/wp-json\/wp\/v2\/pages\/395"}],"wp:attachment":[{"href":"https:\/\/idecesos.com\/seguros\/wp-json\/wp\/v2\/media?parent=15303"}],"curies":[{"name":"wp","href":"https:\/\/api.w.org\/{rel}","templated":true}]}}