{"id":15307,"date":"2021-11-26T09:12:18","date_gmt":"2021-11-25T10:10:15","guid":{"rendered":"https:\/\/idecesos.com\/seguros\/companias\/preventiva\/telefono\/"},"modified":"2022-04-07T08:18:11","modified_gmt":"2022-04-07T08:18:11","slug":"telefono","status":"publish","type":"page","link":"https:\/\/idecesos.com\/seguros\/companias\/preventiva\/telefono\/","title":{"rendered":"Atenci\u00f3n al cliente Preventiva: telefono gratuito, e-mail"},"content":{"rendered":"<div id=\"ez-toc-container\" class=\"ez-toc-v2_0_82_2 ez-toc-wrap-center counter-hierarchy ez-toc-counter ez-toc-custom ez-toc-container-direction\">\n<div class=\"ez-toc-title-container\">\n<p class=\"ez-toc-title\" style=\"cursor:inherit\">Tabla de Contenido<\/p>\n<span class=\"ez-toc-title-toggle\"><a href=\"#\" class=\"ez-toc-pull-right ez-toc-btn ez-toc-btn-xs ez-toc-btn-default ez-toc-toggle\" aria-label=\"Alternar tabla de contenidos\"><span class=\"ez-toc-js-icon-con\"><span class=\"\"><span class=\"eztoc-hide\" style=\"display:none;\">Toggle<\/span><span class=\"ez-toc-icon-toggle-span\"><svg style=\"fill: #db6415;color:#db6415\" xmlns=\"http:\/\/www.w3.org\/2000\/svg\" class=\"list-377408\" width=\"20px\" height=\"20px\" viewBox=\"0 0 24 24\" fill=\"none\"><path d=\"M6 6H4v2h2V6zm14 0H8v2h12V6zM4 11h2v2H4v-2zm16 0H8v2h12v-2zM4 16h2v2H4v-2zm16 0H8v2h12v-2z\" fill=\"currentColor\"><\/path><\/svg><svg style=\"fill: #db6415;color:#db6415\" class=\"arrow-unsorted-368013\" xmlns=\"http:\/\/www.w3.org\/2000\/svg\" width=\"10px\" height=\"10px\" viewBox=\"0 0 24 24\" version=\"1.2\" baseProfile=\"tiny\"><path d=\"M18.2 9.3l-6.2-6.3-6.2 6.3c-.2.2-.3.4-.3.7s.1.5.3.7c.2.2.4.3.7.3h11c.3 0 .5-.1.7-.3.2-.2.3-.5.3-.7s-.1-.5-.3-.7zM5.8 14.7l6.2 6.3 6.2-6.3c.2-.2.3-.5.3-.7s-.1-.5-.3-.7c-.2-.2-.4-.3-.7-.3h-11c-.3 0-.5.1-.7.3-.2.2-.3.5-.3.7s.1.5.3.7z\"\/><\/svg><\/span><\/span><\/span><\/a><\/span><\/div>\n<nav><ul class='ez-toc-list ez-toc-list-level-1 ' ><ul class='ez-toc-list-level-4' ><li class='ez-toc-heading-level-4'><ul class='ez-toc-list-level-4' ><li class='ez-toc-heading-level-4'><a class=\"ez-toc-link ez-toc-heading-1\" href=\"https:\/\/idecesos.com\/seguros\/companias\/preventiva\/telefono\/#Telefono_Contrataciones_951_127_403\" >Tel\u00e9fono Contrataciones \n951 127 403<\/a><\/li><\/ul><\/li><\/ul><\/li><li class='ez-toc-page-1 ez-toc-heading-level-2'><a class=\"ez-toc-link ez-toc-heading-2\" href=\"https:\/\/idecesos.com\/seguros\/companias\/preventiva\/telefono\/#%C2%BFComo_contactar_con_Preventiva\" >\u00bfC\u00f3mo contactar con Preventiva?<\/a><ul class='ez-toc-list-level-3' ><li class='ez-toc-heading-level-3'><a class=\"ez-toc-link ez-toc-heading-3\" href=\"https:\/\/idecesos.com\/seguros\/companias\/preventiva\/telefono\/#Telefono_gratuito_de_Preventiva\" >Tel\u00e9fono gratuito de Preventiva<\/a><\/li><li class='ez-toc-page-1 ez-toc-heading-level-3'><a class=\"ez-toc-link ez-toc-heading-4\" href=\"https:\/\/idecesos.com\/seguros\/companias\/preventiva\/telefono\/#Horario_de_atencion_al_cliente_de_Preventiva\" >Horario de atenci\u00f3n al cliente de Preventiva<\/a><\/li><li class='ez-toc-page-1 ez-toc-heading-level-3'><a class=\"ez-toc-link ez-toc-heading-5\" href=\"https:\/\/idecesos.com\/seguros\/companias\/preventiva\/telefono\/#Correo_electronico_de_Preventiva\" >Correo electr\u00f3nico de Preventiva<\/a><\/li><li class='ez-toc-page-1 ez-toc-heading-level-3'><a class=\"ez-toc-link ez-toc-heading-6\" href=\"https:\/\/idecesos.com\/seguros\/companias\/preventiva\/telefono\/#Formulario_en_el_sitio_Web_de_Preventiva\" >Formulario en el sitio Web de Preventiva<\/a><\/li><li class='ez-toc-page-1 ez-toc-heading-level-3'><a class=\"ez-toc-link ez-toc-heading-7\" href=\"https:\/\/idecesos.com\/seguros\/companias\/preventiva\/telefono\/#Redes_sociales_de_Preventiva\" >Redes sociales de Preventiva<\/a><\/li><li class='ez-toc-page-1 ez-toc-heading-level-3'><a class=\"ez-toc-link ez-toc-heading-8\" href=\"https:\/\/idecesos.com\/seguros\/companias\/preventiva\/telefono\/#Paginas_relacionadas\" >P\u00e1ginas relacionadas<\/a><\/li><\/ul><\/li><\/ul><\/nav><\/div>\n\n<div class=\"caja\">\n<div class=\"cajaIcono2 \"  ><div class=\"cuadro\" style=\"box-shadow: inset 0 0 0 3px #ff790e\"><div class=\"iconoCircular\" style=\"border: 3px solid #ff790e\">\t\t\n\t\t\t\t\t<div class=\"iconoCirculo\">\n\t\t\t\t\t  <i class=\"fas fa-phone-volume\"><\/i>\n\t\t\t\t\t<\/div>\n\t\t\t\t<\/div><div class=\"\">\n<h4 style=\"text-align: center;\"><span class=\"ez-toc-section\" id=\"Telefono_Contrataciones_951_127_403\"><\/span><strong>Tel\u00e9fono Contrataciones<br \/>\n951 127 403<\/strong><span class=\"ez-toc-section-end\"><\/span><\/h4>\n<p><\/div><\/div><\/div><br \/>\nPara ponerse en contacto con Preventiva, \u00e9sta le ofrece muchas opciones a fin de facilitar al usuario el contacto directo y poder contestar a sus preguntas sobre los seguros de decesos. En el m\u00e9todo que elija para ello, va a estar al otro lado un asesor y especialista en el tema, que va a poder ayudarle en todas y cada una de las cuestiones, como los gastos ambiente al ata\u00fad y la sanidad, la indemnizaci\u00f3n diaria que puede percibir por la hospitalizaci\u00f3n, la posibilidad de conservar el ADN, la corona floral, el tanatorio, la esquela\u2026 y otros muchos factores. La Preventiva se encargar\u00e1 de ver la situaci\u00f3n en la que se halle su familia a fin de que todo est\u00e9 en regla y no tengan que preocuparse por nada en ese instante tan duro como es la p\u00e9rdida de un ser querido.<br \/>\n<\/div><\/p>\n<div class=\"colorf \"  ><div class=\"container clearfix\"><div class=\"col-md-7\"><\/p>\n<h2><span class=\"ez-toc-section\" id=\"%C2%BFComo_contactar_con_Preventiva\"><\/span>\u00bfC\u00f3mo contactar con Preventiva?<span class=\"ez-toc-section-end\"><\/span><\/h2>\n<p>A fin de que Preventiva pueda contactar con usted, le recordamos que tiene a su predisposici\u00f3n un n\u00famero de tel\u00e9fono gratis libre las 24 horas del d\u00eda, un e-mail, el formulario que puede rellenar en su p\u00e1gina y sus diferentes perfiles en las redes sociales.<br \/>\n<\/div><\/div><\/div>\n<h3><span class=\"ez-toc-section\" id=\"Telefono_gratuito_de_Preventiva\"><\/span>Tel\u00e9fono gratuito de Preventiva<span class=\"ez-toc-section-end\"><\/span><\/h3>\n<p>Para facilitar respuestas a dudas, cuestiones, asesoramiento, etc\u00e9teraCon respecto a su seguro decesos, es muy importante conocer el tel\u00e9fono de contacto que brinda para poder establecer un v\u00ednculo con el usuario. Podr\u00eda decirse que, es el m\u00e9todo menos complejo y m\u00e1s simple para llevar a cabo una buena y cercana conversaci\u00f3n con el asesor y poder esclarecer todas las cuestiones. Con el siguiente tel\u00e9fono <strong>900 20 30 10<\/strong> no deber\u00e1s moverte de donde est\u00e9s para poder efectuar la llamada y charlar con alg\u00fan miembro de Preventiva veloz y gratuitamente.<br \/>\n<div class=\"colorf\"><div class=\"container clearfix\"><div class=\"col-md-7\"><\/p>\n<div class=\"cabecera_tabla_ajustada \"  style=\"width:80%\" ><div class=\"row\"><\/div>\n<p><div class=\"fila_tabla4 \"  ><div class=\"row\"><div class=\"col-8 nosepara izq\"><p><strong>Tel\u00e9fono para contrataciones<\/strong><\/p><\/div><div class=\"col-4 nosepara centro\">951 127 403<\/div><\/div><\/div><div class=\"fila_tabla4 \"  ><div class=\"row\"><div class=\"col-8 nosepara izq\"><p><strong>Tel\u00e9fono informaci\u00f3n<\/strong><\/p><\/div><div class=\"col-4 nosepara centro\">915 16 05 00<\/div><\/div><\/div><\/p>\n<div class=\"pie_tabla \"  ><div class=\"row\"><div class=\"col-12 \"><\/div><\/div><\/div><\/div>\n<\/div><\/div><\/div>\n<h3><span class=\"ez-toc-section\" id=\"Horario_de_atencion_al_cliente_de_Preventiva\"><\/span>Horario de atenci\u00f3n al cliente de Preventiva<span class=\"ez-toc-section-end\"><\/span><\/h3>\n<p>Debido a el desconocimiento sobre el tiempo libre que dispone cada persona, Preventiva ofrece un horario concreto y flexible a fin de que el usuario pueda contactar en diferentes horas a lo largo del d\u00eda, tanto de ma\u00f1ana como de tarde. Se le proporcionar\u00e1 la ayuda necesaria a fin de que sea de su agrado el trato y la confianza dada por los asesores. De esta forma va a ser m\u00e1s simple establecer conexi\u00f3n directa con la compa\u00f1\u00eda. Tendr\u00e1 una charla armoniosa con uno de los expertos, resolviendo de esta manera, las dudas que le vayan surgiendo en el instante. Las horas en las que podr\u00e1 efectuar la llamada son las siguientes: <strong>horario Preventiva.<\/strong><br \/>\n<div class=\"colorf\"><div class=\"container clearfix\"><div class=\"col-md-7\"><\/p>\n<h3><span class=\"ez-toc-section\" id=\"Correo_electronico_de_Preventiva\"><\/span>Correo electr\u00f3nico de Preventiva<span class=\"ez-toc-section-end\"><\/span><\/h3>\n<p>Internet est\u00e1 a la orden del d\u00eda y la mayor parte de la poblaci\u00f3n dispone de un perfil en las plataformas de Gmail, Hotmail, etc\u00e9teraY de este modo, realizar diferentes tr\u00e1mites como por poner un ejemplo, env\u00edos o bien recibos de ficheros. Con el fin de recibir datos en torno a su seguro de decesos, es de las herramientas m\u00e1s ventajosas y convenientes. El e-mail de Preventiva es <strong>reclamaciones@preventiva.com<\/strong> y tendr\u00e1 la posibilidad de mandarle un mensaje con la cuesti\u00f3n que desee saber sobre, por poner un ejemplo, su p\u00f3liza. Al mandar un correo electr\u00f3nico con lo que desee saber, se le responder\u00e1 de la forma m\u00e1s clara y breve, para un buen comprensi\u00f3n, cubriendo de este modo sus necesidades y ofreci\u00e9ndole las mejores respuestas posibles.<br \/>\n<\/div><\/div><\/div><\/p>\n<h3><span class=\"ez-toc-section\" id=\"Formulario_en_el_sitio_Web_de_Preventiva\"><\/span>Formulario en el sitio Web de Preventiva<span class=\"ez-toc-section-end\"><\/span><\/h3>\n<p>Hoy d\u00eda, los buscadores de internet es la mayor plataforma a la que tiene acceso la gran parte de la poblaci\u00f3n. Vas a poder encontrar todo g\u00e9nero de contestaciones con el sencillo acto de teclear cualquier palabra. Preventiva tiene a la disposici\u00f3n del usuario su p\u00e1gina, en la que estar\u00e1 plasmada toda la informaci\u00f3n necesaria sobre el seguro de decesos, como por servirnos de un ejemplo precios o servicios. y, de esta manera, disponer de los datos b\u00e1sicos para un futuro asesoramiento. La informaci\u00f3n que podr\u00e1 ver es de car\u00e1cter general, se le adaptar\u00e1n las mejores garant\u00edas a sus necesidades. <strong>www.preventiva.com\/<\/strong> corresponde a la p\u00e1gina web de Preventiva.<br \/>\n<div class=\"colorf\"><div class=\"container clearfix\"><div class=\"col-md-7\"><\/p>\n<h3><span class=\"ez-toc-section\" id=\"Redes_sociales_de_Preventiva\"><\/span>Redes sociales de Preventiva<span class=\"ez-toc-section-end\"><\/span><\/h3>\n<p>La mayor parte de la poblaci\u00f3n tiene creados perfiles en plataformas de redes sociales como Facebook, Twitter o bien Instagram. Preventiva no se queda atr\u00e1s. Para que pueda contactar o bien hallar informaci\u00f3n, tiene en su poder perfiles en distintas plataformas. Con el simple acto de teclear el nombre de la compa\u00f1\u00eda, le aparecer\u00e1 el perfil y tendr\u00e1 acceso a dicha informaci\u00f3n. En \u00e9l, le va a ser posible ver im\u00e1genes, conocer la localizaci\u00f3n de su sede oficial, acceder al enlace directo de su p\u00e1gina web y contactar con la compa\u00f1\u00eda, sin tener que enviar un e mail o llamar si no desea hacerlo en el instante.<br \/>\n<\/div><\/div><\/div><\/p>\n<\/div>\n<p><div class=\"oficinas\"> <h3><span class=\"ez-toc-section\" id=\"Paginas_relacionadas\"><\/span>P\u00e1ginas relacionadas<span class=\"ez-toc-section-end\"><\/span><\/h3><div class=\"enlazado\"><ul> <li><a href=\"https:\/\/idecesos.com\/seguros\/companias\/preventiva\/coberturas\/\">Coberturas Preventiva<\/a><\/li> <li><a href=\"https:\/\/idecesos.com\/seguros\/companias\/preventiva\/opiniones\/\">Opiniones Preventiva<\/a><\/li> <li><a href=\"https:\/\/idecesos.com\/seguros\/companias\/preventiva\/precio\/\">Precio seguro Preventiva<\/a><\/li> <li><a href=\"https:\/\/idecesos.com\/seguros\/companias\/preventiva\/prima-mixta\/\">Preventiva Prima Mixta<\/a><\/li> <li><a href=\"https:\/\/idecesos.com\/seguros\/companias\/preventiva\/prima-natural\/\">Preventiva Prima Natural<\/a><\/li> <li><a href=\"https:\/\/idecesos.com\/seguros\/companias\/preventiva\/prima-nivelada\/\">Preventiva Prima Nivelada<\/a><\/li> <li><a href=\"https:\/\/idecesos.com\/seguros\/companias\/preventiva\/prima-unica\/\">Preventiva Prima \u00danica<\/a><\/li> <li><a href=\"https:\/\/idecesos.com\/seguros\/companias\/preventiva\/repatriacion\/\">Preventiva Repatriaci\u00f3n<\/a><\/li> <li><a href=\"https:\/\/idecesos.com\/seguros\/companias\/preventiva\/telefono\/\">Tel\u00e9fono Gratuito Preventiva<\/a><\/li>   <\/ul><\/div> <\/div><\/p>\n","protected":false},"excerpt":{"rendered":"<p>Para ponerse en contacto con Preventiva, \u00e9sta le ofrece muchas opciones a fin de facilitar al usuario el contacto directo y poder contestar a sus preguntas sobre los seguros de decesos. En el m\u00e9todo que elija para ello, va a estar al otro lado un asesor y especialista en el tema, que va a poder&hellip; <\/p>\n","protected":false},"author":1,"featured_media":0,"parent":447,"menu_order":0,"comment_status":"closed","ping_status":"closed","template":"single.php","meta":{"footnotes":""},"class_list":["post-15307","page","type-page","status-publish","hentry"],"yoast_head":"<!-- This site is optimized with the Yoast SEO plugin v27.5 - https:\/\/yoast.com\/product\/yoast-seo-wordpress\/ -->\n<title>Tel\u00e9fono Gratuito Preventiva \u25b7Atenci\u00f3n Cliente, Email, RRSS, Web<\/title>\n<meta name=\"description\" content=\"Busca aqu\u00ed\u3010Preventiva seguros tel\u00e9fono gratuito\u3011Preventiva Decesos tel\u00e9fono gratis: atenci\u00f3n al cliente y contrataciones \u2611\ufe0fVerificado en 2026\" \/>\n<meta name=\"robots\" content=\"index, follow, max-snippet:-1, max-image-preview:large, max-video-preview:-1\" \/>\n<link rel=\"canonical\" href=\"https:\/\/idecesos.com\/seguros\/companias\/preventiva\/telefono\/\" \/>\n<meta property=\"og:locale\" content=\"es_ES\" \/>\n<meta property=\"og:type\" content=\"article\" \/>\n<meta property=\"og:title\" content=\"Tel\u00e9fono Gratuito Preventiva \u25b7Atenci\u00f3n Cliente, Email, RRSS, Web\" \/>\n<meta property=\"og:description\" content=\"Busca aqu\u00ed\u3010Preventiva seguros tel\u00e9fono gratuito\u3011Preventiva Decesos tel\u00e9fono gratis: atenci\u00f3n al cliente y contrataciones \u2611\ufe0fVerificado en 2026\" \/>\n<meta property=\"og:url\" content=\"https:\/\/idecesos.com\/seguros\/companias\/preventiva\/telefono\/\" \/>\n<meta property=\"article:modified_time\" content=\"2022-04-07T08:18:11+00:00\" \/>\n<meta name=\"twitter:card\" content=\"summary_large_image\" \/>\n<meta name=\"twitter:label1\" content=\"Tiempo de lectura\" \/>\n\t<meta name=\"twitter:data1\" content=\"4 minutos\" \/>\n<script type=\"application\/ld+json\" class=\"yoast-schema-graph\">{\"@context\":\"https:\\\/\\\/schema.org\",\"@graph\":[{\"@type\":\"WebPage\",\"@id\":\"https:\\\/\\\/idecesos.com\\\/seguros\\\/companias\\\/preventiva\\\/telefono\\\/\",\"url\":\"https:\\\/\\\/idecesos.com\\\/seguros\\\/companias\\\/preventiva\\\/telefono\\\/\",\"name\":\"Tel\u00e9fono Gratuito Preventiva \u25b7Atenci\u00f3n Cliente, Email, RRSS, Web\",\"isPartOf\":{\"@id\":\"https:\\\/\\\/idecesos.com\\\/seguros\\\/#website\"},\"datePublished\":\"2021-11-25T10:10:15+00:00\",\"dateModified\":\"2022-04-07T08:18:11+00:00\",\"description\":\"Busca aqu\u00ed\u3010Preventiva seguros tel\u00e9fono gratuito\u3011Preventiva Decesos tel\u00e9fono gratis: atenci\u00f3n al cliente y contrataciones \u2611\ufe0fVerificado en 2026\",\"breadcrumb\":{\"@id\":\"https:\\\/\\\/idecesos.com\\\/seguros\\\/companias\\\/preventiva\\\/telefono\\\/#breadcrumb\"},\"inLanguage\":\"es\",\"potentialAction\":[{\"@type\":\"ReadAction\",\"target\":[\"https:\\\/\\\/idecesos.com\\\/seguros\\\/companias\\\/preventiva\\\/telefono\\\/\"]}]},{\"@type\":\"BreadcrumbList\",\"@id\":\"https:\\\/\\\/idecesos.com\\\/seguros\\\/companias\\\/preventiva\\\/telefono\\\/#breadcrumb\",\"itemListElement\":[{\"@type\":\"ListItem\",\"position\":1,\"name\":\"Portada\",\"item\":\"https:\\\/\\\/idecesos.com\\\/seguros\\\/\"},{\"@type\":\"ListItem\",\"position\":2,\"name\":\"Compa\u00f1\u00edas de Seguros de Decesos en Espa\u00f1a\",\"item\":\"https:\\\/\\\/idecesos.com\\\/seguros\\\/companias\\\/\"},{\"@type\":\"ListItem\",\"position\":3,\"name\":\"Seguro de decesos Preventiva\",\"item\":\"https:\\\/\\\/idecesos.com\\\/seguros\\\/companias\\\/preventiva\\\/\"},{\"@type\":\"ListItem\",\"position\":4,\"name\":\"Atenci\u00f3n al cliente Preventiva: telefono gratuito, e-mail\"}]},{\"@type\":\"WebSite\",\"@id\":\"https:\\\/\\\/idecesos.com\\\/seguros\\\/#website\",\"url\":\"https:\\\/\\\/idecesos.com\\\/seguros\\\/\",\"name\":\"\",\"description\":\"\",\"potentialAction\":[{\"@type\":\"SearchAction\",\"target\":{\"@type\":\"EntryPoint\",\"urlTemplate\":\"https:\\\/\\\/idecesos.com\\\/seguros\\\/?s={search_term_string}\"},\"query-input\":{\"@type\":\"PropertyValueSpecification\",\"valueRequired\":true,\"valueName\":\"search_term_string\"}}],\"inLanguage\":\"es\"}]}<\/script>\n<!-- \/ Yoast SEO plugin. -->","yoast_head_json":{"title":"Tel\u00e9fono Gratuito Preventiva \u25b7Atenci\u00f3n Cliente, Email, RRSS, Web","description":"Busca aqu\u00ed\u3010Preventiva seguros tel\u00e9fono gratuito\u3011Preventiva Decesos tel\u00e9fono gratis: atenci\u00f3n al cliente y contrataciones \u2611\ufe0fVerificado en 2026","robots":{"index":"index","follow":"follow","max-snippet":"max-snippet:-1","max-image-preview":"max-image-preview:large","max-video-preview":"max-video-preview:-1"},"canonical":"https:\/\/idecesos.com\/seguros\/companias\/preventiva\/telefono\/","og_locale":"es_ES","og_type":"article","og_title":"Tel\u00e9fono Gratuito Preventiva \u25b7Atenci\u00f3n Cliente, Email, RRSS, Web","og_description":"Busca aqu\u00ed\u3010Preventiva seguros tel\u00e9fono gratuito\u3011Preventiva Decesos tel\u00e9fono gratis: atenci\u00f3n al cliente y contrataciones \u2611\ufe0fVerificado en 2026","og_url":"https:\/\/idecesos.com\/seguros\/companias\/preventiva\/telefono\/","article_modified_time":"2022-04-07T08:18:11+00:00","twitter_card":"summary_large_image","twitter_misc":{"Tiempo de lectura":"4 minutos"},"schema":{"@context":"https:\/\/schema.org","@graph":[{"@type":"WebPage","@id":"https:\/\/idecesos.com\/seguros\/companias\/preventiva\/telefono\/","url":"https:\/\/idecesos.com\/seguros\/companias\/preventiva\/telefono\/","name":"Tel\u00e9fono Gratuito Preventiva \u25b7Atenci\u00f3n Cliente, Email, RRSS, Web","isPartOf":{"@id":"https:\/\/idecesos.com\/seguros\/#website"},"datePublished":"2021-11-25T10:10:15+00:00","dateModified":"2022-04-07T08:18:11+00:00","description":"Busca aqu\u00ed\u3010Preventiva seguros tel\u00e9fono gratuito\u3011Preventiva Decesos tel\u00e9fono gratis: atenci\u00f3n al cliente y contrataciones \u2611\ufe0fVerificado en 2026","breadcrumb":{"@id":"https:\/\/idecesos.com\/seguros\/companias\/preventiva\/telefono\/#breadcrumb"},"inLanguage":"es","potentialAction":[{"@type":"ReadAction","target":["https:\/\/idecesos.com\/seguros\/companias\/preventiva\/telefono\/"]}]},{"@type":"BreadcrumbList","@id":"https:\/\/idecesos.com\/seguros\/companias\/preventiva\/telefono\/#breadcrumb","itemListElement":[{"@type":"ListItem","position":1,"name":"Portada","item":"https:\/\/idecesos.com\/seguros\/"},{"@type":"ListItem","position":2,"name":"Compa\u00f1\u00edas de Seguros de Decesos en Espa\u00f1a","item":"https:\/\/idecesos.com\/seguros\/companias\/"},{"@type":"ListItem","position":3,"name":"Seguro de decesos Preventiva","item":"https:\/\/idecesos.com\/seguros\/companias\/preventiva\/"},{"@type":"ListItem","position":4,"name":"Atenci\u00f3n al cliente Preventiva: telefono gratuito, e-mail"}]},{"@type":"WebSite","@id":"https:\/\/idecesos.com\/seguros\/#website","url":"https:\/\/idecesos.com\/seguros\/","name":"","description":"","potentialAction":[{"@type":"SearchAction","target":{"@type":"EntryPoint","urlTemplate":"https:\/\/idecesos.com\/seguros\/?s={search_term_string}"},"query-input":{"@type":"PropertyValueSpecification","valueRequired":true,"valueName":"search_term_string"}}],"inLanguage":"es"}]}},"_links":{"self":[{"href":"https:\/\/idecesos.com\/seguros\/wp-json\/wp\/v2\/pages\/15307","targetHints":{"allow":["GET"]}}],"collection":[{"href":"https:\/\/idecesos.com\/seguros\/wp-json\/wp\/v2\/pages"}],"about":[{"href":"https:\/\/idecesos.com\/seguros\/wp-json\/wp\/v2\/types\/page"}],"author":[{"embeddable":true,"href":"https:\/\/idecesos.com\/seguros\/wp-json\/wp\/v2\/users\/1"}],"replies":[{"embeddable":true,"href":"https:\/\/idecesos.com\/seguros\/wp-json\/wp\/v2\/comments?post=15307"}],"version-history":[{"count":10,"href":"https:\/\/idecesos.com\/seguros\/wp-json\/wp\/v2\/pages\/15307\/revisions"}],"predecessor-version":[{"id":21044,"href":"https:\/\/idecesos.com\/seguros\/wp-json\/wp\/v2\/pages\/15307\/revisions\/21044"}],"up":[{"embeddable":true,"href":"https:\/\/idecesos.com\/seguros\/wp-json\/wp\/v2\/pages\/447"}],"wp:attachment":[{"href":"https:\/\/idecesos.com\/seguros\/wp-json\/wp\/v2\/media?parent=15307"}],"curies":[{"name":"wp","href":"https:\/\/api.w.org\/{rel}","templated":true}]}}