{"id":15308,"date":"2021-11-26T09:12:19","date_gmt":"2021-11-25T10:10:16","guid":{"rendered":"https:\/\/idecesos.com\/seguros\/companias\/fiatc\/telefono\/"},"modified":"2022-04-05T10:13:25","modified_gmt":"2022-04-05T10:13:25","slug":"telefono","status":"publish","type":"page","link":"https:\/\/idecesos.com\/seguros\/companias\/fiatc\/telefono\/","title":{"rendered":"Atenci\u00f3n al cliente Fiatc: telefono gratuito, e-mail"},"content":{"rendered":"<div id=\"ez-toc-container\" class=\"ez-toc-v2_0_83 ez-toc-wrap-center counter-hierarchy ez-toc-counter ez-toc-custom ez-toc-container-direction\">\n<div class=\"ez-toc-title-container\">\n<p class=\"ez-toc-title\" style=\"cursor:inherit\">Tabla de Contenido<\/p>\n<span class=\"ez-toc-title-toggle\"><a href=\"#\" class=\"ez-toc-pull-right ez-toc-btn ez-toc-btn-xs ez-toc-btn-default ez-toc-toggle\" aria-label=\"Alternar tabla de contenidos\"><span class=\"ez-toc-js-icon-con\"><span class=\"\"><span class=\"eztoc-hide\" style=\"display:none;\">Toggle<\/span><span class=\"ez-toc-icon-toggle-span\"><svg style=\"fill: #db6415;color:#db6415\" xmlns=\"http:\/\/www.w3.org\/2000\/svg\" class=\"list-377408\" width=\"20px\" height=\"20px\" viewBox=\"0 0 24 24\" fill=\"none\"><path d=\"M6 6H4v2h2V6zm14 0H8v2h12V6zM4 11h2v2H4v-2zm16 0H8v2h12v-2zM4 16h2v2H4v-2zm16 0H8v2h12v-2z\" fill=\"currentColor\"><\/path><\/svg><svg style=\"fill: #db6415;color:#db6415\" class=\"arrow-unsorted-368013\" xmlns=\"http:\/\/www.w3.org\/2000\/svg\" width=\"10px\" height=\"10px\" viewBox=\"0 0 24 24\" version=\"1.2\" baseProfile=\"tiny\"><path d=\"M18.2 9.3l-6.2-6.3-6.2 6.3c-.2.2-.3.4-.3.7s.1.5.3.7c.2.2.4.3.7.3h11c.3 0 .5-.1.7-.3.2-.2.3-.5.3-.7s-.1-.5-.3-.7zM5.8 14.7l6.2 6.3 6.2-6.3c.2-.2.3-.5.3-.7s-.1-.5-.3-.7c-.2-.2-.4-.3-.7-.3h-11c-.3 0-.5.1-.7.3-.2.2-.3.5-.3.7s.1.5.3.7z\"\/><\/svg><\/span><\/span><\/span><\/a><\/span><\/div>\n<nav><ul class='ez-toc-list ez-toc-list-level-1 ' ><ul class='ez-toc-list-level-4' ><li class='ez-toc-heading-level-4'><ul class='ez-toc-list-level-4' ><li class='ez-toc-heading-level-4'><a class=\"ez-toc-link ez-toc-heading-1\" href=\"https:\/\/idecesos.com\/seguros\/companias\/fiatc\/telefono\/#Telefono_Contrataciones_951_127_403\" >Tel\u00e9fono Contrataciones\r\n951 127 403<\/a><\/li><\/ul><\/li><\/ul><\/li><li class='ez-toc-page-1 ez-toc-heading-level-2'><a class=\"ez-toc-link ez-toc-heading-2\" href=\"https:\/\/idecesos.com\/seguros\/companias\/fiatc\/telefono\/#%C2%BFComo_contactar_con_Fiatc\" >\u00bfC\u00f3mo contactar con Fiatc?<\/a><ul class='ez-toc-list-level-3' ><li class='ez-toc-heading-level-3'><a class=\"ez-toc-link ez-toc-heading-3\" href=\"https:\/\/idecesos.com\/seguros\/companias\/fiatc\/telefono\/#Telefono_gratuito_de_Fiatc\" >Tel\u00e9fono gratuito de Fiatc<\/a><\/li><li class='ez-toc-page-1 ez-toc-heading-level-3'><a class=\"ez-toc-link ez-toc-heading-4\" href=\"https:\/\/idecesos.com\/seguros\/companias\/fiatc\/telefono\/#Horario_de_atencion_al_cliente_de_Fiatc\" >Horario de atenci\u00f3n al cliente de Fiatc<\/a><\/li><li class='ez-toc-page-1 ez-toc-heading-level-3'><a class=\"ez-toc-link ez-toc-heading-5\" href=\"https:\/\/idecesos.com\/seguros\/companias\/fiatc\/telefono\/#Correo_electronico_de_Fiatc\" >Correo electr\u00f3nico de Fiatc<\/a><\/li><li class='ez-toc-page-1 ez-toc-heading-level-3'><a class=\"ez-toc-link ez-toc-heading-6\" href=\"https:\/\/idecesos.com\/seguros\/companias\/fiatc\/telefono\/#Formulario_en_el_sitio_Web_de_Fiatc\" >Formulario en el sitio Web de Fiatc<\/a><\/li><li class='ez-toc-page-1 ez-toc-heading-level-3'><a class=\"ez-toc-link ez-toc-heading-7\" href=\"https:\/\/idecesos.com\/seguros\/companias\/fiatc\/telefono\/#Redes_sociales_de_Fiatc\" >Redes sociales de Fiatc<\/a><\/li><\/ul><\/li><\/ul><\/nav><\/div>\n\n<div class=\"caja\">\n<div class=\"cajaIcono2 \"  ><div class=\"cuadro\" style=\"box-shadow: inset 0 0 0 3px #ff790e\"><div class=\"iconoCircular\" style=\"border: 3px solid #ff790e\">\t\t\n\t\t\t\t\t<div class=\"iconoCirculo\">\n\t\t\t\t\t  <i class=\"fas fa-phone-volume\"><\/i>\n\t\t\t\t\t<\/div>\n\t\t\t\t<\/div><div class=\"\">\n<h4 style=\"text-align: center;\"><strong>Tel\u00e9fono Contrataciones<br \/>\n951 127 403<\/strong><\/h4>\n<p><\/div><\/div><\/div><br \/>\nFiatc dispone de un abanico de posibilidades a fin de que pueda obtener informaci\u00f3n gratuita, f\u00e1cil y f\u00e1cil, alcanzable para todo el mundo. Brinda la ocasi\u00f3n de poder ser informado, a trav\u00e9s de una persona al cargo del servicio de atenci\u00f3n al cliente, sobre los gastos que pueda acarrear cualquier tr\u00e1mite funerario, las orientaciones m\u00e9dicas disponibles, los diferentes camposantos libres y, otros m\u00e1s. Cualquier tr\u00e1mite o gesti\u00f3n estar\u00e1 cerrado de cara al momento del entierro del ser querido y, para su calma, no tendr\u00e1n que estar preocupados por nada m\u00e1s all\u00e1. Los especialistas le van a apoyar en cada paso y decisi\u00f3n que tome.<br \/>\n<\/div><\/p>\n<div class=\"colorf \"  ><div class=\"container clearfix\"><div class=\"col-md-7\"><\/p>\n<h2><span class=\"ez-toc-section\" id=\"%C2%BFComo_contactar_con_Fiatc\"><\/span>\u00bfC\u00f3mo contactar con Fiatc?<span class=\"ez-toc-section-end\"><\/span><\/h2>\n<p>Fiatc te ofrece m\u00faltiples maneras sencillas de contactar con ellos. Tiene varias opciones de contacto: tel\u00e9fono gratis, e-mail, un formulario que vas a poder rellenar a trav\u00e9s de su p\u00e1gina web o bien sus redes sociales.<br \/>\n<\/div><\/div><\/div>\n<h3><span class=\"ez-toc-section\" id=\"Telefono_gratuito_de_Fiatc\"><\/span>Tel\u00e9fono gratuito de Fiatc<span class=\"ez-toc-section-end\"><\/span><\/h3>\n<p>El pr\u00f3ximo n\u00famero de tel\u00e9fono gratuito <strong>917 015 757<\/strong>, est\u00e1 a su disposici\u00f3n para que pueda sostener un buen di\u00e1logo con la compa\u00f1\u00eda. Con el simple hecho de realizar una llamada, obtendr\u00e1 todas y cada una de las contestaciones que necesite sobre su seguro de decesos y las caracter\u00edsticas que requieren sus necesidades. No importa el tiempo que transcurra del inicio de la llamada hasta su final, no tendr\u00e1 ning\u00fan tipo de costo. Es por esta raz\u00f3n que, resulta el procedimiento m\u00e1s ventajoso y f\u00e1cil por el contacto directo que se establece con el consultor.<br \/>\n<div class=\"colorf\"><div class=\"container clearfix\"><div class=\"col-md-7\"><\/p>\n<div class=\"cabecera_tabla_ajustada \"  style=\"width:80%\" ><div class=\"row\"><\/div>\n<p><div class=\"fila_tabla4 \"  ><div class=\"row\"><div class=\"col-8 nosepara izq\"><p><strong>Tel\u00e9fono para contrataciones<\/strong><\/p><\/div><div class=\"col-4 nosepara centro\">951 127 403<\/div><\/div><\/div><div class=\"fila_tabla4 \"  ><div class=\"row\"><div class=\"col-8 nosepara izq\"><p><strong>Tel\u00e9fono informaci\u00f3n<\/strong><\/p><\/div><div class=\"col-4 nosepara centro\">900 567 567<\/div><\/div><\/div><\/p>\n<div class=\"pie_tabla \"  ><div class=\"row\"><div class=\"col-12 \"><\/div><\/div><\/div><\/div>\n<\/div><\/div><\/div>\n<h3><span class=\"ez-toc-section\" id=\"Horario_de_atencion_al_cliente_de_Fiatc\"><\/span>Horario de atenci\u00f3n al cliente de Fiatc<span class=\"ez-toc-section-end\"><\/span><\/h3>\n<p>Para poder brindarle la mayor atenci\u00f3n por la parte de Fiatc, tiene a su disposici\u00f3n el servicio de atenci\u00f3n al usuario. Una persona estar\u00e1 al otro lado del tel\u00e9fono toda vez que realice una llamada, para de este modo poder ofrecerle la informaci\u00f3n que necesite o bien concertar cita con los especialistas. Lo m\u00e1s importante es que quede complacido con los datos proporcionados y el trato ofrecido por la compa\u00f1\u00eda, ya que en todo instante se le resolver\u00e1n pl\u00e1cidamente las cuestiones que quiera saber sobre su seguro de decesos. El tiempo libre de cada persona es relativo, por lo que la compa\u00f1\u00eda ofrece el siguiente horario <strong>horario Fiatc<\/strong> y de esta manera, poder comunicarse con ella en diferentes horas.<br \/>\n<div class=\"colorf\"><div class=\"container clearfix\"><div class=\"col-md-7\"><\/p>\n<h3><span class=\"ez-toc-section\" id=\"Correo_electronico_de_Fiatc\"><\/span>Correo electr\u00f3nico de Fiatc<span class=\"ez-toc-section-end\"><\/span><\/h3>\n<p>Actualmente, nuestra sociedad se encuentra inmersa en el planeta de las nuevas tecnolog\u00edas e internet. Con el siguiente correo electr\u00f3nico <strong>fiatc@fiatc.es<\/strong>, podr\u00e1 ponerse en contacto con su empresa de seguros merced a su empleo de las nuevas tecnolog\u00edas l\u00edderes. Debido a que es uno de los m\u00e9todos m\u00e1s veloces y sencillos para enviar y recibir informaci\u00f3n, cualquier consulta o duda que tenga sobre su seguro de decesos, un profesional en el tema de la compa\u00f1\u00eda le atender\u00e1 y responder\u00e1 con un lenguaje claro y conciso, con el fin de un buen comprensi\u00f3n y, reflejando de esta forma, la experiencia y profesionalidad que poseen.<br \/>\n<\/div><\/div><\/div><\/p>\n<h3><span class=\"ez-toc-section\" id=\"Formulario_en_el_sitio_Web_de_Fiatc\"><\/span>Formulario en el sitio Web de Fiatc<span class=\"ez-toc-section-end\"><\/span><\/h3>\n<p>Internet en nuestros d\u00edas es la herramienta m\u00e1s utilizada en la vida cotidiana de la gente. Esto es debido a su simpleza, solo con teclear una palabra o pregunta que desee saber, este se la dar\u00e1 en unos segundos. Con tan solo poner en Google <strong>www.fiatc.es\/<\/strong> acceder\u00e1 f\u00e1cilmente a la web de Fiatc. En esta p\u00e1gina hallar\u00e1 toda la informaci\u00f3n que est\u00e1 buscando sobre el seguro de decesos de Fiatc donde pordr\u00e1 ver los servicios, precios, ventajas&#8230; que ofrecen a fin de que se pueda hacer una idea. La empresa aseguradora te facilita un usuario que va a poder rellenar facilmente poniendo a su disposic\u00f3n su nombre y apellidos, correo, tel\u00e9fono, etc\u00e9teraUna vez finalizado y mandado, uno de los profesionales de la compa\u00f1\u00eda se va a poner en contacto para poder resolverle cualquier duda o bien cuesti\u00f3n.<br \/>\n<div class=\"colorf\"><div class=\"container clearfix\"><div class=\"col-md-7\"><\/p>\n<h3><span class=\"ez-toc-section\" id=\"Redes_sociales_de_Fiatc\"><\/span>Redes sociales de Fiatc<span class=\"ez-toc-section-end\"><\/span><\/h3>\n<p>La mayor\u00eda de la poblaci\u00f3n tiene creados perfiles en plataformas de redes sociales como Fb, Twitter o Instagram. Fiatc no se queda atr\u00e1s. Saber qui\u00e9nes forman parte de la empresa, contactar o hallar informaci\u00f3n podr\u00e1 hacerlo por medio de sus plataformas libres. Con el simple acto de teclear el nombre de la compa\u00f1\u00eda, le aparecer\u00e1 el perfil y va a tener acceso a dicha informaci\u00f3n. En \u00e9l, le va a ser posible ver im\u00e1genes, conocer la localizaci\u00f3n de su sede oficial, acceder al enlace directo de su web y contactar con la compa\u00f1\u00eda, sin tener que enviar un correo o llamar si no quiere hacerlo en el instante.<br \/>\n<\/div><\/div><\/div><\/p>\n<\/div>\n<p><div class=\"oficinas\"> <h3>P\u00e1ginas relacionadas<\/h3><div class=\"enlazado\"><ul> <li><a href=\"https:\/\/idecesos.com\/seguros\/companias\/fiatc\/opiniones\/\">Opiniones Fiatc<\/a><\/li> <li><a href=\"https:\/\/idecesos.com\/seguros\/companias\/fiatc\/precio\/\">Precio seguro Fiatc<\/a><\/li> <li><a href=\"https:\/\/idecesos.com\/seguros\/companias\/fiatc\/prima-mixta\/\">Fiatc Prima Mixta<\/a><\/li> <li><a href=\"https:\/\/idecesos.com\/seguros\/companias\/fiatc\/prima-natural\/\">Fiatc Prima Natural<\/a><\/li> <li><a href=\"https:\/\/idecesos.com\/seguros\/companias\/fiatc\/prima-nivelada\/\">Fiatc Prima Nivelada<\/a><\/li> <li><a href=\"https:\/\/idecesos.com\/seguros\/companias\/fiatc\/prima-unica\/\">Fiatc Prima \u00danica<\/a><\/li> <li><a href=\"https:\/\/idecesos.com\/seguros\/companias\/fiatc\/repatriacion\/\">Fiatc Repatriaci\u00f3n<\/a><\/li> <li><a href=\"https:\/\/idecesos.com\/seguros\/companias\/fiatc\/telefono\/\">Tel\u00e9fono Gratuito Fiatc<\/a><\/li><\/ul><\/div> <\/div><\/p>\n","protected":false},"excerpt":{"rendered":"<p>Fiatc dispone de un abanico de posibilidades a fin de que pueda obtener informaci\u00f3n gratuita, f\u00e1cil y f\u00e1cil, alcanzable para todo el mundo. Brinda la ocasi\u00f3n de poder ser informado, a trav\u00e9s de una persona al cargo del servicio de atenci\u00f3n al cliente, sobre los gastos que pueda acarrear cualquier tr\u00e1mite funerario, las orientaciones m\u00e9dicas&hellip; <\/p>\n","protected":false},"author":1,"featured_media":0,"parent":621,"menu_order":0,"comment_status":"closed","ping_status":"closed","template":"single.php","meta":{"footnotes":""},"class_list":["post-15308","page","type-page","status-publish","hentry"],"yoast_head":"<!-- This site is optimized with the Yoast SEO plugin v27.6 - https:\/\/yoast.com\/product\/yoast-seo-wordpress\/ -->\n<title>Tel\u00e9fono Gratuito Fiatc \u25b7Atenci\u00f3n Cliente, Email, RRSS, Web<\/title>\n<meta name=\"description\" content=\"Busca aqu\u00ed\u3010Fiatc seguros tel\u00e9fono gratuito\u3011Fiatc Decesos tel\u00e9fono gratis: atenci\u00f3n al cliente y contrataciones \u2611\ufe0fVerificado en 2026\" \/>\n<meta name=\"robots\" content=\"index, follow, max-snippet:-1, max-image-preview:large, max-video-preview:-1\" \/>\n<link rel=\"canonical\" href=\"https:\/\/idecesos.com\/seguros\/companias\/fiatc\/telefono\/\" \/>\n<meta property=\"og:locale\" content=\"es_ES\" \/>\n<meta property=\"og:type\" content=\"article\" \/>\n<meta property=\"og:title\" content=\"Tel\u00e9fono Gratuito Fiatc \u25b7Atenci\u00f3n Cliente, Email, RRSS, Web\" \/>\n<meta property=\"og:description\" content=\"Busca aqu\u00ed\u3010Fiatc seguros tel\u00e9fono gratuito\u3011Fiatc Decesos tel\u00e9fono gratis: atenci\u00f3n al cliente y contrataciones \u2611\ufe0fVerificado en 2026\" \/>\n<meta property=\"og:url\" content=\"https:\/\/idecesos.com\/seguros\/companias\/fiatc\/telefono\/\" \/>\n<meta property=\"article:modified_time\" content=\"2022-04-05T10:13:25+00:00\" \/>\n<meta name=\"twitter:card\" content=\"summary_large_image\" \/>\n<meta name=\"twitter:label1\" content=\"Tiempo de lectura\" \/>\n\t<meta name=\"twitter:data1\" content=\"4 minutos\" \/>\n<script type=\"application\/ld+json\" class=\"yoast-schema-graph\">{\"@context\":\"https:\\\/\\\/schema.org\",\"@graph\":[{\"@type\":\"WebPage\",\"@id\":\"https:\\\/\\\/idecesos.com\\\/seguros\\\/companias\\\/fiatc\\\/telefono\\\/\",\"url\":\"https:\\\/\\\/idecesos.com\\\/seguros\\\/companias\\\/fiatc\\\/telefono\\\/\",\"name\":\"Tel\u00e9fono Gratuito Fiatc \u25b7Atenci\u00f3n Cliente, Email, RRSS, Web\",\"isPartOf\":{\"@id\":\"https:\\\/\\\/idecesos.com\\\/seguros\\\/#website\"},\"datePublished\":\"2021-11-25T10:10:16+00:00\",\"dateModified\":\"2022-04-05T10:13:25+00:00\",\"description\":\"Busca aqu\u00ed\u3010Fiatc seguros tel\u00e9fono gratuito\u3011Fiatc Decesos tel\u00e9fono gratis: atenci\u00f3n al cliente y contrataciones \u2611\ufe0fVerificado en 2026\",\"breadcrumb\":{\"@id\":\"https:\\\/\\\/idecesos.com\\\/seguros\\\/companias\\\/fiatc\\\/telefono\\\/#breadcrumb\"},\"inLanguage\":\"es\",\"potentialAction\":[{\"@type\":\"ReadAction\",\"target\":[\"https:\\\/\\\/idecesos.com\\\/seguros\\\/companias\\\/fiatc\\\/telefono\\\/\"]}]},{\"@type\":\"BreadcrumbList\",\"@id\":\"https:\\\/\\\/idecesos.com\\\/seguros\\\/companias\\\/fiatc\\\/telefono\\\/#breadcrumb\",\"itemListElement\":[{\"@type\":\"ListItem\",\"position\":1,\"name\":\"Portada\",\"item\":\"https:\\\/\\\/idecesos.com\\\/seguros\\\/\"},{\"@type\":\"ListItem\",\"position\":2,\"name\":\"Compa\u00f1\u00edas de Seguros de Decesos en Espa\u00f1a\",\"item\":\"https:\\\/\\\/idecesos.com\\\/seguros\\\/companias\\\/\"},{\"@type\":\"ListItem\",\"position\":3,\"name\":\"Seguro de Decesos FIATC\",\"item\":\"https:\\\/\\\/idecesos.com\\\/seguros\\\/companias\\\/fiatc\\\/\"},{\"@type\":\"ListItem\",\"position\":4,\"name\":\"Atenci\u00f3n al cliente Fiatc: telefono gratuito, e-mail\"}]},{\"@type\":\"WebSite\",\"@id\":\"https:\\\/\\\/idecesos.com\\\/seguros\\\/#website\",\"url\":\"https:\\\/\\\/idecesos.com\\\/seguros\\\/\",\"name\":\"\",\"description\":\"\",\"potentialAction\":[{\"@type\":\"SearchAction\",\"target\":{\"@type\":\"EntryPoint\",\"urlTemplate\":\"https:\\\/\\\/idecesos.com\\\/seguros\\\/?s={search_term_string}\"},\"query-input\":{\"@type\":\"PropertyValueSpecification\",\"valueRequired\":true,\"valueName\":\"search_term_string\"}}],\"inLanguage\":\"es\"}]}<\/script>\n<!-- \/ Yoast SEO plugin. -->","yoast_head_json":{"title":"Tel\u00e9fono Gratuito Fiatc \u25b7Atenci\u00f3n Cliente, Email, RRSS, Web","description":"Busca aqu\u00ed\u3010Fiatc seguros tel\u00e9fono gratuito\u3011Fiatc Decesos tel\u00e9fono gratis: atenci\u00f3n al cliente y contrataciones \u2611\ufe0fVerificado en 2026","robots":{"index":"index","follow":"follow","max-snippet":"max-snippet:-1","max-image-preview":"max-image-preview:large","max-video-preview":"max-video-preview:-1"},"canonical":"https:\/\/idecesos.com\/seguros\/companias\/fiatc\/telefono\/","og_locale":"es_ES","og_type":"article","og_title":"Tel\u00e9fono Gratuito Fiatc \u25b7Atenci\u00f3n Cliente, Email, RRSS, Web","og_description":"Busca aqu\u00ed\u3010Fiatc seguros tel\u00e9fono gratuito\u3011Fiatc Decesos tel\u00e9fono gratis: atenci\u00f3n al cliente y contrataciones \u2611\ufe0fVerificado en 2026","og_url":"https:\/\/idecesos.com\/seguros\/companias\/fiatc\/telefono\/","article_modified_time":"2022-04-05T10:13:25+00:00","twitter_card":"summary_large_image","twitter_misc":{"Tiempo de lectura":"4 minutos"},"schema":{"@context":"https:\/\/schema.org","@graph":[{"@type":"WebPage","@id":"https:\/\/idecesos.com\/seguros\/companias\/fiatc\/telefono\/","url":"https:\/\/idecesos.com\/seguros\/companias\/fiatc\/telefono\/","name":"Tel\u00e9fono Gratuito Fiatc \u25b7Atenci\u00f3n Cliente, Email, RRSS, Web","isPartOf":{"@id":"https:\/\/idecesos.com\/seguros\/#website"},"datePublished":"2021-11-25T10:10:16+00:00","dateModified":"2022-04-05T10:13:25+00:00","description":"Busca aqu\u00ed\u3010Fiatc seguros tel\u00e9fono gratuito\u3011Fiatc Decesos tel\u00e9fono gratis: atenci\u00f3n al cliente y contrataciones \u2611\ufe0fVerificado en 2026","breadcrumb":{"@id":"https:\/\/idecesos.com\/seguros\/companias\/fiatc\/telefono\/#breadcrumb"},"inLanguage":"es","potentialAction":[{"@type":"ReadAction","target":["https:\/\/idecesos.com\/seguros\/companias\/fiatc\/telefono\/"]}]},{"@type":"BreadcrumbList","@id":"https:\/\/idecesos.com\/seguros\/companias\/fiatc\/telefono\/#breadcrumb","itemListElement":[{"@type":"ListItem","position":1,"name":"Portada","item":"https:\/\/idecesos.com\/seguros\/"},{"@type":"ListItem","position":2,"name":"Compa\u00f1\u00edas de Seguros de Decesos en Espa\u00f1a","item":"https:\/\/idecesos.com\/seguros\/companias\/"},{"@type":"ListItem","position":3,"name":"Seguro de Decesos FIATC","item":"https:\/\/idecesos.com\/seguros\/companias\/fiatc\/"},{"@type":"ListItem","position":4,"name":"Atenci\u00f3n al cliente Fiatc: telefono gratuito, e-mail"}]},{"@type":"WebSite","@id":"https:\/\/idecesos.com\/seguros\/#website","url":"https:\/\/idecesos.com\/seguros\/","name":"","description":"","potentialAction":[{"@type":"SearchAction","target":{"@type":"EntryPoint","urlTemplate":"https:\/\/idecesos.com\/seguros\/?s={search_term_string}"},"query-input":{"@type":"PropertyValueSpecification","valueRequired":true,"valueName":"search_term_string"}}],"inLanguage":"es"}]}},"_links":{"self":[{"href":"https:\/\/idecesos.com\/seguros\/wp-json\/wp\/v2\/pages\/15308","targetHints":{"allow":["GET"]}}],"collection":[{"href":"https:\/\/idecesos.com\/seguros\/wp-json\/wp\/v2\/pages"}],"about":[{"href":"https:\/\/idecesos.com\/seguros\/wp-json\/wp\/v2\/types\/page"}],"author":[{"embeddable":true,"href":"https:\/\/idecesos.com\/seguros\/wp-json\/wp\/v2\/users\/1"}],"replies":[{"embeddable":true,"href":"https:\/\/idecesos.com\/seguros\/wp-json\/wp\/v2\/comments?post=15308"}],"version-history":[{"count":10,"href":"https:\/\/idecesos.com\/seguros\/wp-json\/wp\/v2\/pages\/15308\/revisions"}],"predecessor-version":[{"id":20985,"href":"https:\/\/idecesos.com\/seguros\/wp-json\/wp\/v2\/pages\/15308\/revisions\/20985"}],"up":[{"embeddable":true,"href":"https:\/\/idecesos.com\/seguros\/wp-json\/wp\/v2\/pages\/621"}],"wp:attachment":[{"href":"https:\/\/idecesos.com\/seguros\/wp-json\/wp\/v2\/media?parent=15308"}],"curies":[{"name":"wp","href":"https:\/\/api.w.org\/{rel}","templated":true}]}}