{"id":15309,"date":"2021-11-26T09:12:19","date_gmt":"2021-11-25T10:10:16","guid":{"rendered":"https:\/\/idecesos.com\/seguros\/companias\/aura\/telefono\/"},"modified":"2022-03-30T01:02:44","modified_gmt":"2022-03-30T01:02:44","slug":"telefono","status":"publish","type":"page","link":"https:\/\/idecesos.com\/seguros\/companias\/aura\/telefono\/","title":{"rendered":"Atenci\u00f3n al cliente Aura: telefono gratuito, e-mail"},"content":{"rendered":"<div id=\"ez-toc-container\" class=\"ez-toc-v2_0_82_2 ez-toc-wrap-center counter-hierarchy ez-toc-counter ez-toc-custom ez-toc-container-direction\">\n<div class=\"ez-toc-title-container\">\n<p class=\"ez-toc-title\" style=\"cursor:inherit\">Tabla de Contenido<\/p>\n<span class=\"ez-toc-title-toggle\"><a href=\"#\" class=\"ez-toc-pull-right ez-toc-btn ez-toc-btn-xs ez-toc-btn-default ez-toc-toggle\" aria-label=\"Alternar tabla de contenidos\"><span class=\"ez-toc-js-icon-con\"><span class=\"\"><span class=\"eztoc-hide\" style=\"display:none;\">Toggle<\/span><span class=\"ez-toc-icon-toggle-span\"><svg style=\"fill: #db6415;color:#db6415\" xmlns=\"http:\/\/www.w3.org\/2000\/svg\" class=\"list-377408\" width=\"20px\" height=\"20px\" viewBox=\"0 0 24 24\" fill=\"none\"><path d=\"M6 6H4v2h2V6zm14 0H8v2h12V6zM4 11h2v2H4v-2zm16 0H8v2h12v-2zM4 16h2v2H4v-2zm16 0H8v2h12v-2z\" fill=\"currentColor\"><\/path><\/svg><svg style=\"fill: #db6415;color:#db6415\" class=\"arrow-unsorted-368013\" xmlns=\"http:\/\/www.w3.org\/2000\/svg\" width=\"10px\" height=\"10px\" viewBox=\"0 0 24 24\" version=\"1.2\" baseProfile=\"tiny\"><path d=\"M18.2 9.3l-6.2-6.3-6.2 6.3c-.2.2-.3.4-.3.7s.1.5.3.7c.2.2.4.3.7.3h11c.3 0 .5-.1.7-.3.2-.2.3-.5.3-.7s-.1-.5-.3-.7zM5.8 14.7l6.2 6.3 6.2-6.3c.2-.2.3-.5.3-.7s-.1-.5-.3-.7c-.2-.2-.4-.3-.7-.3h-11c-.3 0-.5.1-.7.3-.2.2-.3.5-.3.7s.1.5.3.7z\"\/><\/svg><\/span><\/span><\/span><\/a><\/span><\/div>\n<nav><ul class='ez-toc-list ez-toc-list-level-1 ' ><ul class='ez-toc-list-level-4' ><li class='ez-toc-heading-level-4'><ul class='ez-toc-list-level-4' ><li class='ez-toc-heading-level-4'><a class=\"ez-toc-link ez-toc-heading-1\" href=\"https:\/\/idecesos.com\/seguros\/companias\/aura\/telefono\/#Telefono_Contrataciones_951_127_403\" >Tel\u00e9fono Contrataciones \n951 127 403<\/a><\/li><\/ul><\/li><\/ul><\/li><li class='ez-toc-page-1 ez-toc-heading-level-2'><a class=\"ez-toc-link ez-toc-heading-2\" href=\"https:\/\/idecesos.com\/seguros\/companias\/aura\/telefono\/#%C2%BFComo_contactar_con_Aura\" >\u00bfC\u00f3mo contactar con Aura?<\/a><ul class='ez-toc-list-level-3' ><li class='ez-toc-heading-level-3'><a class=\"ez-toc-link ez-toc-heading-3\" href=\"https:\/\/idecesos.com\/seguros\/companias\/aura\/telefono\/#Telefono_gratuito_de_Aura\" >Tel\u00e9fono gratuito de Aura<\/a><\/li><li class='ez-toc-page-1 ez-toc-heading-level-3'><a class=\"ez-toc-link ez-toc-heading-4\" href=\"https:\/\/idecesos.com\/seguros\/companias\/aura\/telefono\/#Horario_de_atencion_al_cliente_de_Aura\" >Horario de atenci\u00f3n al cliente de Aura<\/a><\/li><li class='ez-toc-page-1 ez-toc-heading-level-3'><a class=\"ez-toc-link ez-toc-heading-5\" href=\"https:\/\/idecesos.com\/seguros\/companias\/aura\/telefono\/#Correo_electronico_de_Aura\" >Correo electr\u00f3nico de Aura<\/a><\/li><li class='ez-toc-page-1 ez-toc-heading-level-3'><a class=\"ez-toc-link ez-toc-heading-6\" href=\"https:\/\/idecesos.com\/seguros\/companias\/aura\/telefono\/#Formulario_en_el_sitio_Web_de_Aura\" >Formulario en el sitio Web de Aura<\/a><\/li><li class='ez-toc-page-1 ez-toc-heading-level-3'><a class=\"ez-toc-link ez-toc-heading-7\" href=\"https:\/\/idecesos.com\/seguros\/companias\/aura\/telefono\/#Redes_sociales_de_Aura\" >Redes sociales de Aura<\/a><\/li><li class='ez-toc-page-1 ez-toc-heading-level-3'><a class=\"ez-toc-link ez-toc-heading-8\" href=\"https:\/\/idecesos.com\/seguros\/companias\/aura\/telefono\/#Paginas_relacionadas\" >P\u00e1ginas relacionadas<\/a><\/li><\/ul><\/li><\/ul><\/nav><\/div>\n\n<div class=\"caja\">\n<div class=\"cajaIcono2 \"  ><div class=\"cuadro\" style=\"box-shadow: inset 0 0 0 3px #ff790e\"><div class=\"iconoCircular\" style=\"border: 3px solid #ff790e\">\t\t\n\t\t\t\t\t<div class=\"iconoCirculo\">\n\t\t\t\t\t  <i class=\"fas fa-phone-volume\"><\/i>\n\t\t\t\t\t<\/div>\n\t\t\t\t<\/div><div class=\"\">\n<h4 style=\"text-align: center;\"><span class=\"ez-toc-section\" id=\"Telefono_Contrataciones_951_127_403\"><\/span><strong>Tel\u00e9fono Contrataciones<br \/>\n951 127 403<\/strong><span class=\"ez-toc-section-end\"><\/span><\/h4>\n<p><\/div><\/div><\/div><br \/>\nLa atenci\u00f3n 24 horas de Aura los trescientos sesenta y cinco d\u00edas del a\u00f1o hacen que todos tus problemas se solucionen en minutos. Un agente experto en su seguro de decesos le atender\u00e1 y va a poner en marcha todos y cada uno de los tr\u00e1mites necesarios para su tranquilidad: elecci\u00f3n del cementerio donde el asegurado quiera ser inhumado, gesti\u00f3n de la tramitaci\u00f3n funeraria, la corona que usted quiera escoger, los gastos en ata\u00fad y sanitarios, atenci\u00f3n psicol\u00f3gica para la familia y otros muchos servicios de la mano de los mejores profesionales. Los agentes de Aura empatizan con los familiares cuando llegue el momento para que pueda estar tranquilo y pueda encargarse de lo verdaderamente importante, su ser querido. Los especialistas de Aura tratar\u00e1n su situaci\u00f3n con toda la profesionalidad y respeto que merecen.<br \/>\n<\/div><\/p>\n<div class=\"colorf \"  ><div class=\"container clearfix\"><div class=\"col-md-7\"><\/p>\n<h2><span class=\"ez-toc-section\" id=\"%C2%BFComo_contactar_con_Aura\"><\/span>\u00bfC\u00f3mo contactar con Aura?<span class=\"ez-toc-section-end\"><\/span><\/h2>\n<p>Contactar con Aura es sencill\u00edsimo. Tiene varias opciones de contacto: tel\u00e9fono gratuito, correo electr\u00f3nico, un formulario que podr\u00e1s rellenar a trav\u00e9s de su p\u00e1gina web o bien sus redes sociales.<br \/>\n<\/div><\/div><\/div>\n<h3><span class=\"ez-toc-section\" id=\"Telefono_gratuito_de_Aura\"><\/span>Tel\u00e9fono gratuito de Aura<span class=\"ez-toc-section-end\"><\/span><\/h3>\n<p>Para que los especialistas puedan atenderlo y responderle a sus preguntas, dudas, etc. En torno a su seguro de decesos, se le dar\u00e1 un n\u00famero de contacto y de esta forma conversar con la compa\u00f1\u00eda. Este es, en la actualidad, el proceso m\u00e1s sencillo para para realizar su cometido; especialmente si su explicaci\u00f3n o bien consulta es algo espesa o extensa o bien, simplemente, prefiere sostener una charla m\u00e1s cercana con el especialista asesor. Con el siguiente tel\u00e9fono <strong>96 113 42 24<\/strong>\u00a0no tendr\u00e1s que moverte de donde est\u00e9s para poder realizar la llamada y hablar con alg\u00fan miembro de Aura r\u00e1pida y gratuitamente.<br \/>\n<div class=\"colorf\"><div class=\"container clearfix\"><div class=\"col-md-7\"><\/p>\n<div class=\"cabecera_tabla_ajustada \"  style=\"width:80%\" ><div class=\"row\"><\/div>\n<p><div class=\"fila_tabla4 \"  ><div class=\"row\"><div class=\"col-8 nosepara izq\"><p><strong>Tel\u00e9fono para contrataciones<\/strong><\/p><\/div><div class=\"col-4 nosepara centro\">951 127 403<\/div><\/div><\/div><div class=\"fila_tabla4 \"  ><div class=\"row\"><div class=\"col-8 nosepara izq\"><p><strong>Tel\u00e9fono Asistencia 24h<\/strong><\/p><\/div><div class=\"col-4 nosepara centro\">96 113 42 23<\/div><\/div><\/div><\/p>\n<div class=\"pie_tabla \"  ><div class=\"row\"><div class=\"col-12 \"><\/div><\/div><\/div><\/div>\n<\/div><\/div><\/div>\n<h3><span class=\"ez-toc-section\" id=\"Horario_de_atencion_al_cliente_de_Aura\"><\/span>Horario de atenci\u00f3n al cliente de Aura<span class=\"ez-toc-section-end\"><\/span><\/h3>\n<p>Aura es siendo consciente de los diferentes horarios que puedan tener sus clientes del servicio por ellos tienen asistencia en diferentes franjas horarias a fin de que no te debas preocupar por nada y puedas resolver sus dudas sin problema. Va a ser atendido por una persona que le va a pasar con un agente experto en seguro de decesos con el que va a poder resolver todas y cada una de las cuestiones que se le ocurran y que le va a ayudar a solventar sus inconvenientes. De este modo, quedar\u00e1n resueltas las dudas o bien cuestiones que le hab\u00edan llevado a contactar con la Aura.<br \/>\n<div class=\"colorf\"><div class=\"container clearfix\"><div class=\"col-md-7\"><\/p>\n<h3><span class=\"ez-toc-section\" id=\"Correo_electronico_de_Aura\"><\/span>Correo electr\u00f3nico de Aura<span class=\"ez-toc-section-end\"><\/span><\/h3>\n<p>En la actualidad, las tecnolog\u00edas han avanzado y la poblaci\u00f3n ha seguido cada paso agigantado que ha dado. Gmail y Hotmail han sido una gran revoluci\u00f3n en internet. Estas plataformas han facilitado el env\u00edo y recibo de informaci\u00f3n de todo g\u00e9nero, sin tener la necesidad de desplazarse a ning\u00fan lado. Teniendo presente todos estos aspectos, Aura ofrece su propio mail <strong>info@auraseguros.com<\/strong>\u00a0a fin de que puedas contactar con ellos. Una alternativa con la que va a poder expedir cualquier inconveniente, duda o bien cuesti\u00f3n a Aura a fin de que te asista en ello. La contestaci\u00f3n que obtenga ser\u00e1 meticulosamente estudiada y preparada por uno de los especialistas.<br \/>\n<\/div><\/div><\/div><\/p>\n<h3><span class=\"ez-toc-section\" id=\"Formulario_en_el_sitio_Web_de_Aura\"><\/span>Formulario en el sitio Web de Aura<span class=\"ez-toc-section-end\"><\/span><\/h3>\n<p>Un buscador de internet, hoy en d\u00eda, es la herramienta m\u00e1s usada por el planeta. Esto es debido a su simple forma de utilizaci\u00f3n. Con solo poner una palabra tienes a tu disposici\u00f3n miles y miles de resultados. Con solo poner en su terminal <strong>www.auraseguros.com\/<\/strong> hallar\u00e1 el sitio web de Aura. Ah\u00ed encontrar\u00e1 la informaci\u00f3n base sobre el seguro de decesos se esta compa\u00f1\u00eda. Costes, coberturas, ventajas, promociones&#8230; una breve descripci\u00f3n que le va a ayudar a hacerse una idea de lo que ofertan. Se le facilita un formulario que puede rellenar, completando los diferentes campos: nombre y apellidos, e mail, tel\u00e9fono de contacto, etc. Una vez terminado, uno de los especialistas de Aura ser\u00e1 el encargado de ponerse en contacto con usted para poder solucionar la duda que ha puesto.<br \/>\n<div class=\"colorf\"><div class=\"container clearfix\"><div class=\"col-md-7\"><\/p>\n<h3><span class=\"ez-toc-section\" id=\"Redes_sociales_de_Aura\"><\/span>Redes sociales de Aura<span class=\"ez-toc-section-end\"><\/span><\/h3>\n<p>Una de las herramientas con mayor difusi\u00f3n y, de la que dispone gran parte de la poblaci\u00f3n, son las redes sociales: Instagram, Facebook, Twitter. Aura avanza a pasos agigantados. A fin de que pueda contactar o bien encontrar informaci\u00f3n, tiene en su poder perfiles en distintas plataformas. Con el simple acto de teclear el nombre de la compa\u00f1\u00eda, le aparecer\u00e1 el perfil y tendr\u00e1 acceso a dicha informaci\u00f3n. En \u00e9l va a poder ver im\u00e1genes, la localizaci\u00f3n de la sede oficial, el enlace de el sitio web pertinente, si hay alguna oferta disponible e, incluso, puede ponerse en contacto por medio de dicha plataforma, sin precisar llamar o mandar un e mail en ese instante si no le resulta posible.<br \/>\n<\/div><\/div><\/div><br \/>\n<\/div><\/p>\n<p><div class=\"oficinas\"> <h3><span class=\"ez-toc-section\" id=\"Paginas_relacionadas\"><\/span>P\u00e1ginas relacionadas<span class=\"ez-toc-section-end\"><\/span><\/h3><div class=\"enlazado\"><ul> <li><a href=\"https:\/\/idecesos.com\/seguros\/companias\/aura\/opiniones\/\">Opiniones De Seguro Decesos Aura<\/a><\/li> <li><a href=\"https:\/\/idecesos.com\/seguros\/companias\/aura\/precio\/\">Precio seguro Aura<\/a><\/li> <li><a href=\"https:\/\/idecesos.com\/seguros\/companias\/aura\/prima-mixta\/\">Aura Prima Mixta<\/a><\/li> <li><a href=\"https:\/\/idecesos.com\/seguros\/companias\/aura\/prima-natural\/\">Aura Prima Natural<\/a><\/li> <li><a href=\"https:\/\/idecesos.com\/seguros\/companias\/aura\/prima-nivelada\/\">Aura Prima Nivelada<\/a><\/li> <li><a href=\"https:\/\/idecesos.com\/seguros\/companias\/aura\/prima-unica\/\">Aura Prima \u00danica<\/a><\/li> <li><a href=\"https:\/\/idecesos.com\/seguros\/companias\/aura\/repatriacion\/\">Aura Repatriaci\u00f3n<\/a><\/li> <li><a href=\"https:\/\/idecesos.com\/seguros\/companias\/aura\/telefono\/\">Tel\u00e9fono Gratuito Aura<\/a><\/li><\/ul><\/div> <\/div><\/p>\n","protected":false},"excerpt":{"rendered":"<p>La atenci\u00f3n 24 horas de Aura los trescientos sesenta y cinco d\u00edas del a\u00f1o hacen que todos tus problemas se solucionen en minutos. Un agente experto en su seguro de decesos le atender\u00e1 y va a poner en marcha todos y cada uno de los tr\u00e1mites necesarios para su tranquilidad: elecci\u00f3n del cementerio donde el&hellip; <\/p>\n","protected":false},"author":1,"featured_media":0,"parent":6003,"menu_order":0,"comment_status":"closed","ping_status":"closed","template":"single.php","meta":{"footnotes":""},"class_list":["post-15309","page","type-page","status-publish","hentry"],"yoast_head":"<!-- This site is optimized with the Yoast SEO plugin v27.2 - https:\/\/yoast.com\/product\/yoast-seo-wordpress\/ -->\n<title>Tel\u00e9fono Gratuito Aura \u25b7Atenci\u00f3n Cliente, Email, RRSS, Web<\/title>\n<meta name=\"description\" content=\"Busca aqu\u00ed\u3010Aura seguros tel\u00e9fono gratuito\u3011Aura Decesos tel\u00e9fono gratis: atenci\u00f3n al cliente y contrataciones \u2611\ufe0fVerificado en 2026\" \/>\n<meta name=\"robots\" content=\"index, follow, max-snippet:-1, max-image-preview:large, max-video-preview:-1\" \/>\n<link rel=\"canonical\" href=\"https:\/\/idecesos.com\/seguros\/companias\/aura\/telefono\/\" \/>\n<meta property=\"og:locale\" content=\"es_ES\" \/>\n<meta property=\"og:type\" content=\"article\" \/>\n<meta property=\"og:title\" content=\"Tel\u00e9fono Gratuito Aura \u25b7Atenci\u00f3n Cliente, Email, RRSS, Web\" \/>\n<meta property=\"og:description\" content=\"Busca aqu\u00ed\u3010Aura seguros tel\u00e9fono gratuito\u3011Aura Decesos tel\u00e9fono gratis: atenci\u00f3n al cliente y contrataciones \u2611\ufe0fVerificado en 2026\" \/>\n<meta property=\"og:url\" content=\"https:\/\/idecesos.com\/seguros\/companias\/aura\/telefono\/\" \/>\n<meta property=\"article:modified_time\" content=\"2022-03-30T01:02:44+00:00\" \/>\n<meta name=\"twitter:card\" content=\"summary_large_image\" \/>\n<meta name=\"twitter:label1\" content=\"Tiempo de lectura\" \/>\n\t<meta name=\"twitter:data1\" content=\"4 minutos\" \/>\n<script type=\"application\/ld+json\" class=\"yoast-schema-graph\">{\"@context\":\"https:\/\/schema.org\",\"@graph\":[{\"@type\":\"WebPage\",\"@id\":\"https:\/\/idecesos.com\/seguros\/companias\/aura\/telefono\/\",\"url\":\"https:\/\/idecesos.com\/seguros\/companias\/aura\/telefono\/\",\"name\":\"Tel\u00e9fono Gratuito Aura \u25b7Atenci\u00f3n Cliente, Email, RRSS, Web\",\"isPartOf\":{\"@id\":\"https:\/\/idecesos.com\/seguros\/#website\"},\"datePublished\":\"2021-11-25T10:10:16+00:00\",\"dateModified\":\"2022-03-30T01:02:44+00:00\",\"description\":\"Busca aqu\u00ed\u3010Aura seguros tel\u00e9fono gratuito\u3011Aura Decesos tel\u00e9fono gratis: atenci\u00f3n al cliente y contrataciones \u2611\ufe0fVerificado en 2026\",\"breadcrumb\":{\"@id\":\"https:\/\/idecesos.com\/seguros\/companias\/aura\/telefono\/#breadcrumb\"},\"inLanguage\":\"es\",\"potentialAction\":[{\"@type\":\"ReadAction\",\"target\":[\"https:\/\/idecesos.com\/seguros\/companias\/aura\/telefono\/\"]}]},{\"@type\":\"BreadcrumbList\",\"@id\":\"https:\/\/idecesos.com\/seguros\/companias\/aura\/telefono\/#breadcrumb\",\"itemListElement\":[{\"@type\":\"ListItem\",\"position\":1,\"name\":\"Portada\",\"item\":\"https:\/\/idecesos.com\/seguros\/\"},{\"@type\":\"ListItem\",\"position\":2,\"name\":\"Compa\u00f1\u00edas de Seguros de Decesos en Espa\u00f1a\",\"item\":\"https:\/\/idecesos.com\/seguros\/companias\/\"},{\"@type\":\"ListItem\",\"position\":3,\"name\":\"Seguro de Decesos Aura\",\"item\":\"https:\/\/idecesos.com\/seguros\/companias\/aura\/\"},{\"@type\":\"ListItem\",\"position\":4,\"name\":\"Atenci\u00f3n al cliente Aura: telefono gratuito, e-mail\"}]},{\"@type\":\"WebSite\",\"@id\":\"https:\/\/idecesos.com\/seguros\/#website\",\"url\":\"https:\/\/idecesos.com\/seguros\/\",\"name\":\"\",\"description\":\"\",\"potentialAction\":[{\"@type\":\"SearchAction\",\"target\":{\"@type\":\"EntryPoint\",\"urlTemplate\":\"https:\/\/idecesos.com\/seguros\/?s={search_term_string}\"},\"query-input\":{\"@type\":\"PropertyValueSpecification\",\"valueRequired\":true,\"valueName\":\"search_term_string\"}}],\"inLanguage\":\"es\"}]}<\/script>\n<!-- \/ Yoast SEO plugin. -->","yoast_head_json":{"title":"Tel\u00e9fono Gratuito Aura \u25b7Atenci\u00f3n Cliente, Email, RRSS, Web","description":"Busca aqu\u00ed\u3010Aura seguros tel\u00e9fono gratuito\u3011Aura Decesos tel\u00e9fono gratis: atenci\u00f3n al cliente y contrataciones \u2611\ufe0fVerificado en 2026","robots":{"index":"index","follow":"follow","max-snippet":"max-snippet:-1","max-image-preview":"max-image-preview:large","max-video-preview":"max-video-preview:-1"},"canonical":"https:\/\/idecesos.com\/seguros\/companias\/aura\/telefono\/","og_locale":"es_ES","og_type":"article","og_title":"Tel\u00e9fono Gratuito Aura \u25b7Atenci\u00f3n Cliente, Email, RRSS, Web","og_description":"Busca aqu\u00ed\u3010Aura seguros tel\u00e9fono gratuito\u3011Aura Decesos tel\u00e9fono gratis: atenci\u00f3n al cliente y contrataciones \u2611\ufe0fVerificado en 2026","og_url":"https:\/\/idecesos.com\/seguros\/companias\/aura\/telefono\/","article_modified_time":"2022-03-30T01:02:44+00:00","twitter_card":"summary_large_image","twitter_misc":{"Tiempo de lectura":"4 minutos"},"schema":{"@context":"https:\/\/schema.org","@graph":[{"@type":"WebPage","@id":"https:\/\/idecesos.com\/seguros\/companias\/aura\/telefono\/","url":"https:\/\/idecesos.com\/seguros\/companias\/aura\/telefono\/","name":"Tel\u00e9fono Gratuito Aura \u25b7Atenci\u00f3n Cliente, Email, RRSS, Web","isPartOf":{"@id":"https:\/\/idecesos.com\/seguros\/#website"},"datePublished":"2021-11-25T10:10:16+00:00","dateModified":"2022-03-30T01:02:44+00:00","description":"Busca aqu\u00ed\u3010Aura seguros tel\u00e9fono gratuito\u3011Aura Decesos tel\u00e9fono gratis: atenci\u00f3n al cliente y contrataciones \u2611\ufe0fVerificado en 2026","breadcrumb":{"@id":"https:\/\/idecesos.com\/seguros\/companias\/aura\/telefono\/#breadcrumb"},"inLanguage":"es","potentialAction":[{"@type":"ReadAction","target":["https:\/\/idecesos.com\/seguros\/companias\/aura\/telefono\/"]}]},{"@type":"BreadcrumbList","@id":"https:\/\/idecesos.com\/seguros\/companias\/aura\/telefono\/#breadcrumb","itemListElement":[{"@type":"ListItem","position":1,"name":"Portada","item":"https:\/\/idecesos.com\/seguros\/"},{"@type":"ListItem","position":2,"name":"Compa\u00f1\u00edas de Seguros de Decesos en Espa\u00f1a","item":"https:\/\/idecesos.com\/seguros\/companias\/"},{"@type":"ListItem","position":3,"name":"Seguro de Decesos Aura","item":"https:\/\/idecesos.com\/seguros\/companias\/aura\/"},{"@type":"ListItem","position":4,"name":"Atenci\u00f3n al cliente Aura: telefono gratuito, e-mail"}]},{"@type":"WebSite","@id":"https:\/\/idecesos.com\/seguros\/#website","url":"https:\/\/idecesos.com\/seguros\/","name":"","description":"","potentialAction":[{"@type":"SearchAction","target":{"@type":"EntryPoint","urlTemplate":"https:\/\/idecesos.com\/seguros\/?s={search_term_string}"},"query-input":{"@type":"PropertyValueSpecification","valueRequired":true,"valueName":"search_term_string"}}],"inLanguage":"es"}]}},"_links":{"self":[{"href":"https:\/\/idecesos.com\/seguros\/wp-json\/wp\/v2\/pages\/15309","targetHints":{"allow":["GET"]}}],"collection":[{"href":"https:\/\/idecesos.com\/seguros\/wp-json\/wp\/v2\/pages"}],"about":[{"href":"https:\/\/idecesos.com\/seguros\/wp-json\/wp\/v2\/types\/page"}],"author":[{"embeddable":true,"href":"https:\/\/idecesos.com\/seguros\/wp-json\/wp\/v2\/users\/1"}],"replies":[{"embeddable":true,"href":"https:\/\/idecesos.com\/seguros\/wp-json\/wp\/v2\/comments?post=15309"}],"version-history":[{"count":10,"href":"https:\/\/idecesos.com\/seguros\/wp-json\/wp\/v2\/pages\/15309\/revisions"}],"predecessor-version":[{"id":20898,"href":"https:\/\/idecesos.com\/seguros\/wp-json\/wp\/v2\/pages\/15309\/revisions\/20898"}],"up":[{"embeddable":true,"href":"https:\/\/idecesos.com\/seguros\/wp-json\/wp\/v2\/pages\/6003"}],"wp:attachment":[{"href":"https:\/\/idecesos.com\/seguros\/wp-json\/wp\/v2\/media?parent=15309"}],"curies":[{"name":"wp","href":"https:\/\/api.w.org\/{rel}","templated":true}]}}