{"id":15310,"date":"2021-11-26T09:12:20","date_gmt":"2021-11-25T10:10:17","guid":{"rendered":"https:\/\/idecesos.com\/seguros\/companias\/axa\/telefono\/"},"modified":"2022-03-30T01:20:55","modified_gmt":"2022-03-30T01:20:55","slug":"telefono","status":"publish","type":"page","link":"https:\/\/idecesos.com\/seguros\/companias\/axa\/telefono\/","title":{"rendered":"Atenci\u00f3n al cliente AXA: telefono gratuito, e-mail"},"content":{"rendered":"<div id=\"ez-toc-container\" class=\"ez-toc-v2_0_82_2 ez-toc-wrap-center counter-hierarchy ez-toc-counter ez-toc-custom ez-toc-container-direction\">\n<div class=\"ez-toc-title-container\">\n<p class=\"ez-toc-title\" style=\"cursor:inherit\">Tabla de Contenido<\/p>\n<span class=\"ez-toc-title-toggle\"><a href=\"#\" class=\"ez-toc-pull-right ez-toc-btn ez-toc-btn-xs ez-toc-btn-default ez-toc-toggle\" aria-label=\"Alternar tabla de contenidos\"><span class=\"ez-toc-js-icon-con\"><span class=\"\"><span class=\"eztoc-hide\" style=\"display:none;\">Toggle<\/span><span class=\"ez-toc-icon-toggle-span\"><svg style=\"fill: #db6415;color:#db6415\" xmlns=\"http:\/\/www.w3.org\/2000\/svg\" class=\"list-377408\" width=\"20px\" height=\"20px\" viewBox=\"0 0 24 24\" fill=\"none\"><path d=\"M6 6H4v2h2V6zm14 0H8v2h12V6zM4 11h2v2H4v-2zm16 0H8v2h12v-2zM4 16h2v2H4v-2zm16 0H8v2h12v-2z\" fill=\"currentColor\"><\/path><\/svg><svg style=\"fill: #db6415;color:#db6415\" class=\"arrow-unsorted-368013\" xmlns=\"http:\/\/www.w3.org\/2000\/svg\" width=\"10px\" height=\"10px\" viewBox=\"0 0 24 24\" version=\"1.2\" baseProfile=\"tiny\"><path d=\"M18.2 9.3l-6.2-6.3-6.2 6.3c-.2.2-.3.4-.3.7s.1.5.3.7c.2.2.4.3.7.3h11c.3 0 .5-.1.7-.3.2-.2.3-.5.3-.7s-.1-.5-.3-.7zM5.8 14.7l6.2 6.3 6.2-6.3c.2-.2.3-.5.3-.7s-.1-.5-.3-.7c-.2-.2-.4-.3-.7-.3h-11c-.3 0-.5.1-.7.3-.2.2-.3.5-.3.7s.1.5.3.7z\"\/><\/svg><\/span><\/span><\/span><\/a><\/span><\/div>\n<nav><ul class='ez-toc-list ez-toc-list-level-1 ' ><ul class='ez-toc-list-level-4' ><li class='ez-toc-heading-level-4'><ul class='ez-toc-list-level-4' ><li class='ez-toc-heading-level-4'><a class=\"ez-toc-link ez-toc-heading-1\" href=\"https:\/\/idecesos.com\/seguros\/companias\/axa\/telefono\/#Telefono_Contrataciones_951_127_403\" >Tel\u00e9fono Contrataciones \n951 127 403<\/a><\/li><\/ul><\/li><\/ul><\/li><li class='ez-toc-page-1 ez-toc-heading-level-2'><a class=\"ez-toc-link ez-toc-heading-2\" href=\"https:\/\/idecesos.com\/seguros\/companias\/axa\/telefono\/#%C2%BFComo_contactar_con_AXA\" >\u00bfC\u00f3mo contactar con AXA?<\/a><ul class='ez-toc-list-level-3' ><li class='ez-toc-heading-level-3'><a class=\"ez-toc-link ez-toc-heading-3\" href=\"https:\/\/idecesos.com\/seguros\/companias\/axa\/telefono\/#Telefono_gratuito_de_AXA\" >Tel\u00e9fono gratuito de AXA<\/a><\/li><li class='ez-toc-page-1 ez-toc-heading-level-3'><a class=\"ez-toc-link ez-toc-heading-4\" href=\"https:\/\/idecesos.com\/seguros\/companias\/axa\/telefono\/#Horario_de_atencion_al_cliente_de_AXA\" >Horario de atenci\u00f3n al cliente de AXA<\/a><\/li><li class='ez-toc-page-1 ez-toc-heading-level-3'><a class=\"ez-toc-link ez-toc-heading-5\" href=\"https:\/\/idecesos.com\/seguros\/companias\/axa\/telefono\/#Correo_electronico_de_AXA\" >Correo electr\u00f3nico de AXA<\/a><\/li><li class='ez-toc-page-1 ez-toc-heading-level-3'><a class=\"ez-toc-link ez-toc-heading-6\" href=\"https:\/\/idecesos.com\/seguros\/companias\/axa\/telefono\/#Formulario_en_el_sitio_Web_de_AXA\" >Formulario en el sitio Web de AXA<\/a><\/li><li class='ez-toc-page-1 ez-toc-heading-level-3'><a class=\"ez-toc-link ez-toc-heading-7\" href=\"https:\/\/idecesos.com\/seguros\/companias\/axa\/telefono\/#Redes_sociales_de_AXA\" >Redes sociales de AXA<\/a><\/li><li class='ez-toc-page-1 ez-toc-heading-level-3'><a class=\"ez-toc-link ez-toc-heading-8\" href=\"https:\/\/idecesos.com\/seguros\/companias\/axa\/telefono\/#Paginas_relacionadas\" >P\u00e1ginas relacionadas<\/a><\/li><\/ul><\/li><\/ul><\/nav><\/div>\n\n<div class=\"caja\">\n<div class=\"cajaIcono2 \"  ><div class=\"cuadro\" style=\"box-shadow: inset 0 0 0 3px #ff790e\"><div class=\"iconoCircular\" style=\"border: 3px solid #ff790e\">\t\t\n\t\t\t\t\t<div class=\"iconoCirculo\">\n\t\t\t\t\t  <i class=\"fas fa-phone-volume\"><\/i>\n\t\t\t\t\t<\/div>\n\t\t\t\t<\/div><div class=\"\">\n<h4 style=\"text-align: center;\"><span class=\"ez-toc-section\" id=\"Telefono_Contrataciones_951_127_403\"><\/span><strong>Tel\u00e9fono Contrataciones<br \/>\n951 127 403<\/strong><span class=\"ez-toc-section-end\"><\/span><\/h4>\n<p><\/div><\/div><\/div><br \/>\nAXA ofrece diferentes m\u00e9todos de contacto, accesibles a todas las personas, para que puedan conseguir informaci\u00f3n sin ning\u00fan tipo de complejidad y dificultad. Los asesores y expertos le van a dar contestaciones sucintas y sencillas, sobre su seguro de decesos, con cada uno de los m\u00e9todos que elija y, adem\u00e1s, no va a ser necesario su desplazamiento para ello. La compa\u00f1\u00eda es consciente del instante tan delicado que es la p\u00e9rdida de un ser querido, por lo que todo va a estar cerrado para cuando llegue el d\u00eda y cada uno de los profesionales van a tratar las cuestiones con la delicadez y respeto que merece. Se le proporcionar\u00e1 toda la informaci\u00f3n respectiva a su seguro, como coberturas, la indemnizaci\u00f3n que pueda percibir por la hospitalizaci\u00f3n, los servicios de testamento y mortuorio, y m\u00e1s.<br \/>\n<\/div><\/p>\n<div class=\"colorf \"  ><div class=\"container clearfix\"><div class=\"col-md-7\"><\/p>\n<h2><span class=\"ez-toc-section\" id=\"%C2%BFComo_contactar_con_AXA\"><\/span>\u00bfC\u00f3mo contactar con AXA?<span class=\"ez-toc-section-end\"><\/span><\/h2>\n<p>A fin de que AXA pueda contactar con , le recordamos que tiene a su predisposici\u00f3n un n\u00famero de tel\u00e9fono gratuito disponible las veinticuatro horas del d\u00eda, un e-mail, el formulario que puede rellenar en su web y sus diferentes perfiles en las redes sociales.<br \/>\n<\/div><\/div><\/div>\n<h3><span class=\"ez-toc-section\" id=\"Telefono_gratuito_de_AXA\"><\/span>Tel\u00e9fono gratuito de AXA<span class=\"ez-toc-section-end\"><\/span><\/h3>\n<p>El usuario debe tener la sencillez de poder mantener una conversaci\u00f3n directa con la compa\u00f1\u00eda y, es por ello que, se le facilita el siguiente tel\u00e9fono de contacto, completamente gratuito, <strong>900 909 014<\/strong>. Es muy importante poder solventar las dudas y necesidades en torno a sus peculiaridades sobre su seguro de decesos y, es tan f\u00e1cil como efectuar una llamada. No importa el tiempo que transcurra del comienzo de la llamada hasta su final, no tendr\u00e1 ning\u00fan g\u00e9nero de costo. La conexi\u00f3n y el contacto que se establece entre el asesor experto y el usuario, hace que resulte ser el m\u00e9todo m\u00e1s ventajoso y sencillo posible.<br \/>\n<div class=\"colorf\"><div class=\"container clearfix\"><div class=\"col-md-7\"><\/p>\n<div class=\"cabecera_tabla_ajustada \"  style=\"width:80%\" ><div class=\"row\"><\/div>\n<p><div class=\"fila_tabla4 \"  ><div class=\"row\"><div class=\"col-8 nosepara izq\"><p><strong>Tel\u00e9fono para contrataciones<\/strong><\/p><\/div><div class=\"col-4 nosepara centro\">951 127 403<\/div><\/div><\/div><div class=\"fila_tabla4 \"  ><div class=\"row\"><div class=\"col-8 nosepara izq\"><p><strong>Tel\u00e9fono Atenci\u00f3n al cliente<\/strong><\/p><\/div><div class=\"col-4 nosepara centro\">918 070 055<\/div><\/div><\/div><\/p>\n<div class=\"pie_tabla \"  ><div class=\"row\"><div class=\"col-12 \"><\/div><\/div><\/div><\/div>\n<\/div><\/div><\/div>\n<h3><span class=\"ez-toc-section\" id=\"Horario_de_atencion_al_cliente_de_AXA\"><\/span>Horario de atenci\u00f3n al cliente de AXA<span class=\"ez-toc-section-end\"><\/span><\/h3>\n<p>AXA ofrece un horario muy variado a fin de que pueda ponerse en contacto con ellos en cualquier instante del d\u00eda y de esta forma puede solventar sus dudas en su tiempo libre sin tener que preocuparse por nada. La persona que le atender\u00e1 pasar\u00e1 su llamada a uno de los expertos de AXA para que pueda charlar con usted y pueda solventarle cualquier duda o bien cuesti\u00f3n que tenga sobre su seguro de decesos contratado. As\u00ed, las dudas y cuestiones que le hab\u00edan hecho llamar a AXA van a quedar resueltas con la mayor brevedad posible.<br \/>\n<div class=\"colorf\"><div class=\"container clearfix\"><div class=\"col-md-7\"><\/p>\n<h3><span class=\"ez-toc-section\" id=\"Correo_electronico_de_AXA\"><\/span>Correo electr\u00f3nico de AXA<span class=\"ez-toc-section-end\"><\/span><\/h3>\n<p>Hoy d\u00eda, las tecnolog\u00edas est\u00e1n avanzados a pasos desmedidos y el mundo las ha seguido sin mirar atr\u00e1s. Gmail y Hotmail han sido una enorme revoluci\u00f3n en la red de redes. Estas plataformas han facilitado el env\u00edo y recibo de informaci\u00f3n de todo tipo, sin tener la necesidad de desplazarse a ning\u00fan lado. AXA ha tenido en cuenta todos estos aspectos y ofrece el pr\u00f3ximo correo electr\u00f3nico <strong>contacto.oficial@axa.es. <\/strong>Podr\u00e1 enviar a esta direcci\u00f3n cualquier cuesti\u00f3n, pregunta, duda o bien inquietud que le parezca sobre su seguro de decesos. Su pregunta ser\u00e1 estudiada y contestada por uno de los agentes expertos de AXA a fin de que puedan solucionar su cuesti\u00f3n.<br \/>\n<\/div><\/div><\/div><\/p>\n<h3><span class=\"ez-toc-section\" id=\"Formulario_en_el_sitio_Web_de_AXA\"><\/span>Formulario en el sitio Web de AXA<span class=\"ez-toc-section-end\"><\/span><\/h3>\n<p>Internet se ha transformada en la herramienta m\u00e1s utilizada por todo el planeta. Su simpleza se ha transformado en \u00e9xito. Con teclear una palabra o oraci\u00f3n hallar\u00e1s millones de resultados relacionados con su b\u00fasqueda. Por lo tanto, con el acto de escribir en uno de los buscadores web <strong>www.axa.es\/seguros\/<\/strong> podr\u00e1 entrar en la p\u00e1gina web de AXA. Ah\u00ed hallar\u00e1 la informaci\u00f3n base sobre el seguro de decesos se esta compa\u00f1\u00eda. Costes, coberturas, ventajas, promociones&#8230; una breve descripci\u00f3n que le ayudar\u00e1 a hacerse una idea de lo que ofertan. La web te facilita un formulario simple de rellear en el que deber\u00e1 completar diferentes campos: nombre y apellidos, n\u00famero, correo, etc\u00e9teraUna vez finalizado y mandado, uno de los profesionales de la compa\u00f1\u00eda se va a poner en contacto para poder resolverle cualquier duda o cuesti\u00f3n.<br \/>\n<div class=\"colorf\"><div class=\"container clearfix\"><div class=\"col-md-7\"><\/p>\n<h3><span class=\"ez-toc-section\" id=\"Redes_sociales_de_AXA\"><\/span>Redes sociales de AXA<span class=\"ez-toc-section-end\"><\/span><\/h3>\n<p>Fb, Twitter o Instagram son parte de las herramientas con m\u00e1s difusi\u00f3n a nivel mundial y de las que son part\u00edcipes la mayor parte de personas. AXA est\u00e1 al tanto de esto. Dispone de diferentes plataformas, en las que podr\u00e1s hallar la informaci\u00f3n b\u00e1sica para que pueda ponerse en contacto con ella o bien saber un poco sobre qui\u00e9nes son. Buscando su nombre, encontrar\u00e1 el perfil y va a acceder a la informaci\u00f3n. En \u00e9l va a poder ver im\u00e1genes, la ubicaci\u00f3n de la sede oficial, el link de el sitio web correspondiente, si hay alguna oferta dispobible y tambi\u00e9n, aun, puede ponerse en contacto a trav\u00e9s de dicha plataforma, sin necesidad de llamar o mandar un mail en ese mismo momento si no le es posible.<br \/>\n<\/div><\/div><\/div><br \/>\n<\/div><\/p>\n<p><div class=\"oficinas\"> <h3><span class=\"ez-toc-section\" id=\"Paginas_relacionadas\"><\/span>P\u00e1ginas relacionadas<span class=\"ez-toc-section-end\"><\/span><\/h3><div class=\"enlazado\"><ul> <li><a href=\"https:\/\/idecesos.com\/seguros\/companias\/axa\/coberturas\/\">Coberturas Seguro de Decesos AXA<\/a><\/li> <li><a href=\"https:\/\/idecesos.com\/seguros\/companias\/axa\/opiniones\/\">Opiniones AXA<\/a><\/li> <li><a href=\"https:\/\/idecesos.com\/seguros\/companias\/axa\/precio\/\">Precio seguro AXA<\/a><\/li> <li><a href=\"https:\/\/idecesos.com\/seguros\/companias\/axa\/prima-mixta\/\">AXA Prima Mixta<\/a><\/li> <li><a href=\"https:\/\/idecesos.com\/seguros\/companias\/axa\/prima-natural\/\">AXA Prima Natural<\/a><\/li> <li><a href=\"https:\/\/idecesos.com\/seguros\/companias\/axa\/prima-nivelada\/\">AXA Prima Nivelada<\/a><\/li> <li><a href=\"https:\/\/idecesos.com\/seguros\/companias\/axa\/prima-unica\/\">AXA Prima \u00danica<\/a><\/li> <li><a href=\"https:\/\/idecesos.com\/seguros\/companias\/axa\/repatriacion\/\">AXA Repatriaci\u00f3n<\/a><\/li> <li><a href=\"https:\/\/idecesos.com\/seguros\/companias\/axa\/telefono\/\">Tel\u00e9fono Gratuito AXA<\/a><\/li><\/ul><\/div> <\/div><\/p>\n","protected":false},"excerpt":{"rendered":"<p>AXA ofrece diferentes m\u00e9todos de contacto, accesibles a todas las personas, para que puedan conseguir informaci\u00f3n sin ning\u00fan tipo de complejidad y dificultad. Los asesores y expertos le van a dar contestaciones sucintas y sencillas, sobre su seguro de decesos, con cada uno de los m\u00e9todos que elija y, adem\u00e1s, no va a ser necesario&hellip; <\/p>\n","protected":false},"author":1,"featured_media":0,"parent":247,"menu_order":0,"comment_status":"closed","ping_status":"closed","template":"single.php","meta":{"footnotes":""},"class_list":["post-15310","page","type-page","status-publish","hentry"],"yoast_head":"<!-- This site is optimized with the Yoast SEO plugin v27.3 - https:\/\/yoast.com\/product\/yoast-seo-wordpress\/ -->\n<title>Tel\u00e9fono Gratuito AXA \u25b7Atenci\u00f3n Cliente, Email, RRSS, Web<\/title>\n<meta name=\"description\" content=\"Busca aqu\u00ed\u3010AXA seguros tel\u00e9fono gratuito\u3011AXA Decesos tel\u00e9fono gratis: atenci\u00f3n al cliente y contrataciones \u2611\ufe0fVerificado en 2026\" \/>\n<meta name=\"robots\" content=\"index, follow, max-snippet:-1, max-image-preview:large, max-video-preview:-1\" \/>\n<link rel=\"canonical\" href=\"https:\/\/idecesos.com\/seguros\/companias\/axa\/telefono\/\" \/>\n<meta property=\"og:locale\" content=\"es_ES\" \/>\n<meta property=\"og:type\" content=\"article\" \/>\n<meta property=\"og:title\" content=\"Tel\u00e9fono Gratuito AXA \u25b7Atenci\u00f3n Cliente, Email, RRSS, Web\" \/>\n<meta property=\"og:description\" content=\"Busca aqu\u00ed\u3010AXA seguros tel\u00e9fono gratuito\u3011AXA Decesos tel\u00e9fono gratis: atenci\u00f3n al cliente y contrataciones \u2611\ufe0fVerificado en 2026\" \/>\n<meta property=\"og:url\" content=\"https:\/\/idecesos.com\/seguros\/companias\/axa\/telefono\/\" \/>\n<meta property=\"article:modified_time\" content=\"2022-03-30T01:20:55+00:00\" \/>\n<meta name=\"twitter:card\" content=\"summary_large_image\" \/>\n<meta name=\"twitter:label1\" content=\"Tiempo de lectura\" \/>\n\t<meta name=\"twitter:data1\" content=\"4 minutos\" \/>\n<script type=\"application\/ld+json\" class=\"yoast-schema-graph\">{\"@context\":\"https:\\\/\\\/schema.org\",\"@graph\":[{\"@type\":\"WebPage\",\"@id\":\"https:\\\/\\\/idecesos.com\\\/seguros\\\/companias\\\/axa\\\/telefono\\\/\",\"url\":\"https:\\\/\\\/idecesos.com\\\/seguros\\\/companias\\\/axa\\\/telefono\\\/\",\"name\":\"Tel\u00e9fono Gratuito AXA \u25b7Atenci\u00f3n Cliente, Email, RRSS, Web\",\"isPartOf\":{\"@id\":\"https:\\\/\\\/idecesos.com\\\/seguros\\\/#website\"},\"datePublished\":\"2021-11-25T10:10:17+00:00\",\"dateModified\":\"2022-03-30T01:20:55+00:00\",\"description\":\"Busca aqu\u00ed\u3010AXA seguros tel\u00e9fono gratuito\u3011AXA Decesos tel\u00e9fono gratis: atenci\u00f3n al cliente y contrataciones \u2611\ufe0fVerificado en 2026\",\"breadcrumb\":{\"@id\":\"https:\\\/\\\/idecesos.com\\\/seguros\\\/companias\\\/axa\\\/telefono\\\/#breadcrumb\"},\"inLanguage\":\"es\",\"potentialAction\":[{\"@type\":\"ReadAction\",\"target\":[\"https:\\\/\\\/idecesos.com\\\/seguros\\\/companias\\\/axa\\\/telefono\\\/\"]}]},{\"@type\":\"BreadcrumbList\",\"@id\":\"https:\\\/\\\/idecesos.com\\\/seguros\\\/companias\\\/axa\\\/telefono\\\/#breadcrumb\",\"itemListElement\":[{\"@type\":\"ListItem\",\"position\":1,\"name\":\"Portada\",\"item\":\"https:\\\/\\\/idecesos.com\\\/seguros\\\/\"},{\"@type\":\"ListItem\",\"position\":2,\"name\":\"Compa\u00f1\u00edas de Seguros de Decesos en Espa\u00f1a\",\"item\":\"https:\\\/\\\/idecesos.com\\\/seguros\\\/companias\\\/\"},{\"@type\":\"ListItem\",\"position\":3,\"name\":\"Seguro de Decesos AXA\",\"item\":\"https:\\\/\\\/idecesos.com\\\/seguros\\\/companias\\\/axa\\\/\"},{\"@type\":\"ListItem\",\"position\":4,\"name\":\"Atenci\u00f3n al cliente AXA: telefono gratuito, e-mail\"}]},{\"@type\":\"WebSite\",\"@id\":\"https:\\\/\\\/idecesos.com\\\/seguros\\\/#website\",\"url\":\"https:\\\/\\\/idecesos.com\\\/seguros\\\/\",\"name\":\"\",\"description\":\"\",\"potentialAction\":[{\"@type\":\"SearchAction\",\"target\":{\"@type\":\"EntryPoint\",\"urlTemplate\":\"https:\\\/\\\/idecesos.com\\\/seguros\\\/?s={search_term_string}\"},\"query-input\":{\"@type\":\"PropertyValueSpecification\",\"valueRequired\":true,\"valueName\":\"search_term_string\"}}],\"inLanguage\":\"es\"}]}<\/script>\n<!-- \/ Yoast SEO plugin. -->","yoast_head_json":{"title":"Tel\u00e9fono Gratuito AXA \u25b7Atenci\u00f3n Cliente, Email, RRSS, Web","description":"Busca aqu\u00ed\u3010AXA seguros tel\u00e9fono gratuito\u3011AXA Decesos tel\u00e9fono gratis: atenci\u00f3n al cliente y contrataciones \u2611\ufe0fVerificado en 2026","robots":{"index":"index","follow":"follow","max-snippet":"max-snippet:-1","max-image-preview":"max-image-preview:large","max-video-preview":"max-video-preview:-1"},"canonical":"https:\/\/idecesos.com\/seguros\/companias\/axa\/telefono\/","og_locale":"es_ES","og_type":"article","og_title":"Tel\u00e9fono Gratuito AXA \u25b7Atenci\u00f3n Cliente, Email, RRSS, Web","og_description":"Busca aqu\u00ed\u3010AXA seguros tel\u00e9fono gratuito\u3011AXA Decesos tel\u00e9fono gratis: atenci\u00f3n al cliente y contrataciones \u2611\ufe0fVerificado en 2026","og_url":"https:\/\/idecesos.com\/seguros\/companias\/axa\/telefono\/","article_modified_time":"2022-03-30T01:20:55+00:00","twitter_card":"summary_large_image","twitter_misc":{"Tiempo de lectura":"4 minutos"},"schema":{"@context":"https:\/\/schema.org","@graph":[{"@type":"WebPage","@id":"https:\/\/idecesos.com\/seguros\/companias\/axa\/telefono\/","url":"https:\/\/idecesos.com\/seguros\/companias\/axa\/telefono\/","name":"Tel\u00e9fono Gratuito AXA \u25b7Atenci\u00f3n Cliente, Email, RRSS, Web","isPartOf":{"@id":"https:\/\/idecesos.com\/seguros\/#website"},"datePublished":"2021-11-25T10:10:17+00:00","dateModified":"2022-03-30T01:20:55+00:00","description":"Busca aqu\u00ed\u3010AXA seguros tel\u00e9fono gratuito\u3011AXA Decesos tel\u00e9fono gratis: atenci\u00f3n al cliente y contrataciones \u2611\ufe0fVerificado en 2026","breadcrumb":{"@id":"https:\/\/idecesos.com\/seguros\/companias\/axa\/telefono\/#breadcrumb"},"inLanguage":"es","potentialAction":[{"@type":"ReadAction","target":["https:\/\/idecesos.com\/seguros\/companias\/axa\/telefono\/"]}]},{"@type":"BreadcrumbList","@id":"https:\/\/idecesos.com\/seguros\/companias\/axa\/telefono\/#breadcrumb","itemListElement":[{"@type":"ListItem","position":1,"name":"Portada","item":"https:\/\/idecesos.com\/seguros\/"},{"@type":"ListItem","position":2,"name":"Compa\u00f1\u00edas de Seguros de Decesos en Espa\u00f1a","item":"https:\/\/idecesos.com\/seguros\/companias\/"},{"@type":"ListItem","position":3,"name":"Seguro de Decesos AXA","item":"https:\/\/idecesos.com\/seguros\/companias\/axa\/"},{"@type":"ListItem","position":4,"name":"Atenci\u00f3n al cliente AXA: telefono gratuito, e-mail"}]},{"@type":"WebSite","@id":"https:\/\/idecesos.com\/seguros\/#website","url":"https:\/\/idecesos.com\/seguros\/","name":"","description":"","potentialAction":[{"@type":"SearchAction","target":{"@type":"EntryPoint","urlTemplate":"https:\/\/idecesos.com\/seguros\/?s={search_term_string}"},"query-input":{"@type":"PropertyValueSpecification","valueRequired":true,"valueName":"search_term_string"}}],"inLanguage":"es"}]}},"_links":{"self":[{"href":"https:\/\/idecesos.com\/seguros\/wp-json\/wp\/v2\/pages\/15310","targetHints":{"allow":["GET"]}}],"collection":[{"href":"https:\/\/idecesos.com\/seguros\/wp-json\/wp\/v2\/pages"}],"about":[{"href":"https:\/\/idecesos.com\/seguros\/wp-json\/wp\/v2\/types\/page"}],"author":[{"embeddable":true,"href":"https:\/\/idecesos.com\/seguros\/wp-json\/wp\/v2\/users\/1"}],"replies":[{"embeddable":true,"href":"https:\/\/idecesos.com\/seguros\/wp-json\/wp\/v2\/comments?post=15310"}],"version-history":[{"count":10,"href":"https:\/\/idecesos.com\/seguros\/wp-json\/wp\/v2\/pages\/15310\/revisions"}],"predecessor-version":[{"id":20907,"href":"https:\/\/idecesos.com\/seguros\/wp-json\/wp\/v2\/pages\/15310\/revisions\/20907"}],"up":[{"embeddable":true,"href":"https:\/\/idecesos.com\/seguros\/wp-json\/wp\/v2\/pages\/247"}],"wp:attachment":[{"href":"https:\/\/idecesos.com\/seguros\/wp-json\/wp\/v2\/media?parent=15310"}],"curies":[{"name":"wp","href":"https:\/\/api.w.org\/{rel}","templated":true}]}}