{"id":15313,"date":"2021-11-26T09:12:22","date_gmt":"2021-11-25T10:10:19","guid":{"rendered":"https:\/\/idecesos.com\/seguros\/companias\/banco-popular\/telefono\/"},"modified":"2022-04-03T18:39:51","modified_gmt":"2022-04-03T18:39:51","slug":"telefono","status":"publish","type":"page","link":"https:\/\/idecesos.com\/seguros\/companias\/banco-popular\/telefono\/","title":{"rendered":"Atenci\u00f3n al cliente Banco Popular: telefono gratuito, e-mail"},"content":{"rendered":"<div id=\"ez-toc-container\" class=\"ez-toc-v2_0_82_2 ez-toc-wrap-center counter-hierarchy ez-toc-counter ez-toc-custom ez-toc-container-direction\">\n<div class=\"ez-toc-title-container\">\n<p class=\"ez-toc-title\" style=\"cursor:inherit\">Tabla de Contenido<\/p>\n<span class=\"ez-toc-title-toggle\"><a href=\"#\" class=\"ez-toc-pull-right ez-toc-btn ez-toc-btn-xs ez-toc-btn-default ez-toc-toggle\" aria-label=\"Alternar tabla de contenidos\"><span class=\"ez-toc-js-icon-con\"><span class=\"\"><span class=\"eztoc-hide\" style=\"display:none;\">Toggle<\/span><span class=\"ez-toc-icon-toggle-span\"><svg style=\"fill: #db6415;color:#db6415\" xmlns=\"http:\/\/www.w3.org\/2000\/svg\" class=\"list-377408\" width=\"20px\" height=\"20px\" viewBox=\"0 0 24 24\" fill=\"none\"><path d=\"M6 6H4v2h2V6zm14 0H8v2h12V6zM4 11h2v2H4v-2zm16 0H8v2h12v-2zM4 16h2v2H4v-2zm16 0H8v2h12v-2z\" fill=\"currentColor\"><\/path><\/svg><svg style=\"fill: #db6415;color:#db6415\" class=\"arrow-unsorted-368013\" xmlns=\"http:\/\/www.w3.org\/2000\/svg\" width=\"10px\" height=\"10px\" viewBox=\"0 0 24 24\" version=\"1.2\" baseProfile=\"tiny\"><path d=\"M18.2 9.3l-6.2-6.3-6.2 6.3c-.2.2-.3.4-.3.7s.1.5.3.7c.2.2.4.3.7.3h11c.3 0 .5-.1.7-.3.2-.2.3-.5.3-.7s-.1-.5-.3-.7zM5.8 14.7l6.2 6.3 6.2-6.3c.2-.2.3-.5.3-.7s-.1-.5-.3-.7c-.2-.2-.4-.3-.7-.3h-11c-.3 0-.5.1-.7.3-.2.2-.3.5-.3.7s.1.5.3.7z\"\/><\/svg><\/span><\/span><\/span><\/a><\/span><\/div>\n<nav><ul class='ez-toc-list ez-toc-list-level-1 ' ><ul class='ez-toc-list-level-4' ><li class='ez-toc-heading-level-4'><ul class='ez-toc-list-level-4' ><li class='ez-toc-heading-level-4'><a class=\"ez-toc-link ez-toc-heading-1\" href=\"https:\/\/idecesos.com\/seguros\/companias\/banco-popular\/telefono\/#Telefono_Contrataciones_951_127_403\" >Tel\u00e9fono Contrataciones \n951 127 403<\/a><\/li><\/ul><\/li><\/ul><\/li><li class='ez-toc-page-1 ez-toc-heading-level-2'><a class=\"ez-toc-link ez-toc-heading-2\" href=\"https:\/\/idecesos.com\/seguros\/companias\/banco-popular\/telefono\/#%C2%BFComo_contactar_con_Banco_Popular\" >\u00bfC\u00f3mo contactar con Banco Popular?<\/a><ul class='ez-toc-list-level-3' ><li class='ez-toc-heading-level-3'><a class=\"ez-toc-link ez-toc-heading-3\" href=\"https:\/\/idecesos.com\/seguros\/companias\/banco-popular\/telefono\/#Telefono_gratuito_de_Banco_Popular\" >Tel\u00e9fono gratuito de Banco Popular<\/a><\/li><li class='ez-toc-page-1 ez-toc-heading-level-3'><a class=\"ez-toc-link ez-toc-heading-4\" href=\"https:\/\/idecesos.com\/seguros\/companias\/banco-popular\/telefono\/#Horario_de_atencion_al_cliente_de_Banco_Popular\" >Horario de atenci\u00f3n al cliente de Banco Popular<\/a><\/li><li class='ez-toc-page-1 ez-toc-heading-level-3'><a class=\"ez-toc-link ez-toc-heading-5\" href=\"https:\/\/idecesos.com\/seguros\/companias\/banco-popular\/telefono\/#Correo_electronico_de_Banco_Popular\" >Correo electr\u00f3nico de Banco Popular<\/a><\/li><li class='ez-toc-page-1 ez-toc-heading-level-3'><a class=\"ez-toc-link ez-toc-heading-6\" href=\"https:\/\/idecesos.com\/seguros\/companias\/banco-popular\/telefono\/#Formulario_en_el_sitio_Web_de_Banco_Popular\" >Formulario en el sitio Web de Banco Popular<\/a><\/li><li class='ez-toc-page-1 ez-toc-heading-level-3'><a class=\"ez-toc-link ez-toc-heading-7\" href=\"https:\/\/idecesos.com\/seguros\/companias\/banco-popular\/telefono\/#Redes_sociales_de_Banco_Popular\" >Redes sociales de Banco Popular<\/a><\/li><li class='ez-toc-page-1 ez-toc-heading-level-3'><a class=\"ez-toc-link ez-toc-heading-8\" href=\"https:\/\/idecesos.com\/seguros\/companias\/banco-popular\/telefono\/#Paginas_relacionadas\" >P\u00e1ginas relacionadas<\/a><\/li><\/ul><\/li><\/ul><\/nav><\/div>\n\n<div class=\"caja\">\n<div class=\"cajaIcono2 \"  ><div class=\"cuadro\" style=\"box-shadow: inset 0 0 0 3px #ff790e\"><div class=\"iconoCircular\" style=\"border: 3px solid #ff790e\">\t\t\n\t\t\t\t\t<div class=\"iconoCirculo\">\n\t\t\t\t\t  <i class=\"fas fa-phone-volume\"><\/i>\n\t\t\t\t\t<\/div>\n\t\t\t\t<\/div><div class=\"\">\n<h4 style=\"text-align: center;\"><span class=\"ez-toc-section\" id=\"Telefono_Contrataciones_951_127_403\"><\/span><strong>Tel\u00e9fono Contrataciones<br \/>\n951 127 403<\/strong><span class=\"ez-toc-section-end\"><\/span><\/h4>\n<p><\/div><\/div><\/div><br \/>\nPara ponerse en contacto con Banco Popular, \u00e9sta le ofrece muchas opciones a fin de facilitar al usuario el contacto directo y poder responder a sus preguntas sobre los seguros de decesos. Despu\u00e9s de elegir un m\u00e9todo. Un consultor experto en el tema le guiar\u00e1 para ayudarle en cuestiones relacionadas con su seguro de decesos. Merced a su servicio personalizado le va a ayudar en cuestiones como el servicio de tanatorio, corona, ata\u00fad, atenci\u00f3n psicol\u00f3gica&#8230; y muchas otras coberturas. Siempre se tendr\u00e1 en cuenta la situaci\u00f3n por la que pasa la familia en el momento de p\u00e9rdida del ser querido, en consecuencia, la compa\u00f1\u00eda se encargar\u00e1 de que todos y cada uno de los tr\u00e1mites est\u00e9n en perfectas condiciones y cerrados.<br \/>\n<\/div><\/p>\n<div class=\"colorf \"  ><div class=\"container clearfix\"><div class=\"col-md-7\"><\/p>\n<h2><span class=\"ez-toc-section\" id=\"%C2%BFComo_contactar_con_Banco_Popular\"><\/span>\u00bfC\u00f3mo contactar con Banco Popular?<span class=\"ez-toc-section-end\"><\/span><\/h2>\n<p>A fin de que le resulte posible contactar con Banco Popular, tiene a su disposici\u00f3n un tel\u00e9fono de contacto, completamente gratis, un correo electr\u00f3nico, p\u00e1gina con un formulario a rellenar y perfiles en distintas redes sociales.<br \/>\n<\/div><\/div><\/div>\n<h3><span class=\"ez-toc-section\" id=\"Telefono_gratuito_de_Banco_Popular\"><\/span>Tel\u00e9fono gratuito de Banco Popular<span class=\"ez-toc-section-end\"><\/span><\/h3>\n<p>Ahora le mostramos el n\u00famero para contactar con Banco Popular <strong>900 123 459.<\/strong> Banco Popular ha pensado en ti y en tu tiempo. Es precisamente por esto que te presta este servicio r\u00e1pido y eficaz donde sus agentes expertos en estos temas te ayudar\u00e1n a solucionar tus dudas y cuestiones. La llamada que hagas a Banco Popular no te va a suponer ning\u00fan g\u00e9nero de coste, da lo mismo el tiempo que transcurre en ella. Sus gatos son nulos. La atenci\u00f3n al usuario especialista en seguro de decesos de Banco Popular le atender\u00e1 para que pueda solucionar sus cuestiones y no le quede nada en el tintero.<br \/>\n<div class=\"colorf\"><div class=\"container clearfix\"><div class=\"col-md-7\"><\/p>\n<div class=\"cabecera_tabla_ajustada \"  style=\"width:80%\" ><div class=\"row\"><\/div>\n<p><div class=\"fila_tabla4 \"  ><div class=\"row\"><div class=\"col-8 nosepara izq\"><p><strong>Tel\u00e9fono para contrataciones<\/strong><\/p><\/div><div class=\"col-4 nosepara centro\">951 127 403<\/div><\/div><\/div><div class=\"fila_tabla4 \"  ><div class=\"row\"><div class=\"col-8 nosepara izq\"><p><strong>Tel\u00e9fono Atenci\u00f3n al cliente<\/strong><\/p><\/div><div class=\"col-4 nosepara centro\">902 30 10 00<\/div><\/div><\/div><\/p>\n<div class=\"pie_tabla \"  ><div class=\"row\"><div class=\"col-12 \"><\/div><\/div><\/div><\/div>\n<\/div><\/div><\/div>\n<h3><span class=\"ez-toc-section\" id=\"Horario_de_atencion_al_cliente_de_Banco_Popular\"><\/span>Horario de atenci\u00f3n al cliente de Banco Popular<span class=\"ez-toc-section-end\"><\/span><\/h3>\n<p>Banco Popular ofrece un horario variad\u00edsimo a fin de que pueda ponerse en contacto con ellos en cualquier momento del d\u00eda y de este modo puede solucionar sus dudas en su tiempo libre sin preocuparse por nada. Va a ser atendido por una persona que le pasar\u00e1 con un agente especialista en seguro de decesos con el que podr\u00e1 resolver todas y cada una de las cuestiones que se le ocurran y que le va a ayudar a solventar todos sus inconvenientes. De esta forma, van a quedar resueltas las dudas o bien cuestiones que le hab\u00edan llevado a contactar con la Banco Popular.<br \/>\n<div class=\"colorf\"><div class=\"container clearfix\"><div class=\"col-md-7\"><\/p>\n<h3><span class=\"ez-toc-section\" id=\"Correo_electronico_de_Banco_Popular\"><\/span>Correo electr\u00f3nico de Banco Popular<span class=\"ez-toc-section-end\"><\/span><\/h3>\n<p>La poblaci\u00f3n est\u00e1 al tanto de lo esencial que es, en los tiempos que vivimos, Internet, por lo que disponen de perfiles en plataformas de mensajer\u00eda como Hotmail o bien Gmail. Con este servicio, formar\u00e1n una parte del flujo de informaci\u00f3n que se establezca entre dos o bien m\u00e1s personas. Con el objetivo de percibir datos en torno a su seguro de decesos, es de las herramientas m\u00e1s beneficiosas y recomendables. El pr\u00f3ximo e mail <strong>servicioalclientebp@bancopopular.com <\/strong>pertenece a Banco Popular, con el que podr\u00e1 consultar lo que quiera sobre su prima, p\u00f3liza\u2026Si remite un mensaje, por medio de su correo electr\u00f3nico, sobre lo que desee saber, va a llegar a un buen entendimiento con la persona que le atienda y le brindar\u00e1 las mejores contestaciones para, de esta forma, aclarar cuestiones.<br \/>\n<\/div><\/div><\/div><\/p>\n<h3><span class=\"ez-toc-section\" id=\"Formulario_en_el_sitio_Web_de_Banco_Popular\"><\/span>Formulario en el sitio Web de Banco Popular<span class=\"ez-toc-section-end\"><\/span><\/h3>\n<p>Buscar en la red de redes es la manera m\u00e1s f\u00e1cil y pr\u00e1ctica qu etenemos en nuestros d\u00edas para buscar informaci\u00f3n. Con una disponible completa para todo el mundo y un acceso gratuito, Internet es la plataforma l\u00edder dle mercado en buscas. Tecleando el nombre de Banco Popular vas a poder hallar todo lo que quieras saber sobre su seguro de decesos en su web <strong>popularseguros.com\/<\/strong>. Dicha informaci\u00f3n girar\u00e1 en torno a los distintos tipos de servicios que ofrecen, costes, ventajas y m\u00e1s, para que de esta manera obtenga datos anteriores a su futuro asesoramiento. Va a poder encontrar un apartado con un formulario a rellenar con su nombre y apellidos, tel\u00e9fono de contacto, correo electr\u00f3nico\u2026 Una vez realizado, uno de los profesionales aconsejes de la empresa se va a poner en contacto, lo m\u00e1s veloz posible, para resolverle cualquier tipo de duda o cuesti\u00f3n que desee saber sobre el tema.<br \/>\n<div class=\"colorf\"><div class=\"container clearfix\"><div class=\"col-md-7\"><\/p>\n<h3><span class=\"ez-toc-section\" id=\"Redes_sociales_de_Banco_Popular\"><\/span>Redes sociales de Banco Popular<span class=\"ez-toc-section-end\"><\/span><\/h3>\n<p>Una de las herramientas con mayor difusi\u00f3n y, de la que dispone una gran parte de la poblaci\u00f3n, son las redes sociales: Instagram, Facebook, Twitter. Banco Popular est\u00e1 al tanto de esto. Dispone de diferentes plataformas, en las que vas a poder localizar la informaci\u00f3n b\u00e1sica a fin de que pueda ponerse en contacto con ella o saber un poco sobre qui\u00e9nes son. Va a poder acceder a la informaci\u00f3n buscando el nombre de la compa\u00f1\u00eda y accediendo a su perfil. En \u00e9l podr\u00e1 ver im\u00e1genes, la localizaci\u00f3n de la sede oficial, el link de la web pertinente, si existe alguna oferta dispobible y tambi\u00e9n, incluso, puede ponerse en contacto a trav\u00e9s de dicha plataforma, sin precisar llamar o bien enviar un e mail en ese instante si no le resulta posible.<br \/>\n<\/div><\/div><\/div><\/p>\n<\/div>\n<p><div class=\"oficinas\"> <h3><span class=\"ez-toc-section\" id=\"Paginas_relacionadas\"><\/span>P\u00e1ginas relacionadas<span class=\"ez-toc-section-end\"><\/span><\/h3><div class=\"enlazado\"><ul> <li><a href=\"https:\/\/idecesos.com\/seguros\/companias\/banco-popular\/coberturas\/\">Coberturas Seguro de Decesos Banco Popular<\/a><\/li> <li><a href=\"https:\/\/idecesos.com\/seguros\/companias\/banco-popular\/opiniones\/\">Opiniones Banco Popular<\/a><\/li> <li><a href=\"https:\/\/idecesos.com\/seguros\/companias\/banco-popular\/precio\/\">Precio seguro Banco Popular<\/a><\/li> <li><a href=\"https:\/\/idecesos.com\/seguros\/companias\/banco-popular\/prima-mixta\/\">Banco Popular Prima Mixta<\/a><\/li> <li><a href=\"https:\/\/idecesos.com\/seguros\/companias\/banco-popular\/prima-natural\/\">Banco Popular Prima Natural<\/a><\/li> <li><a href=\"https:\/\/idecesos.com\/seguros\/companias\/banco-popular\/prima-nivelada\/\">Banco Popular Prima Nivelada<\/a><\/li> <li><a href=\"https:\/\/idecesos.com\/seguros\/companias\/banco-popular\/prima-unica\/\">Banco Popular Prima \u00danica<\/a><\/li> <li><a href=\"https:\/\/idecesos.com\/seguros\/companias\/banco-popular\/repatriacion\/\">Banco Popular Repatriaci\u00f3n<\/a><\/li> <li><a href=\"https:\/\/idecesos.com\/seguros\/companias\/banco-popular\/telefono\/\">Tel\u00e9fono Gratuito Banco Popular<\/a><\/li><\/ul><\/div> <\/div><\/p>\n","protected":false},"excerpt":{"rendered":"<p>Para ponerse en contacto con Banco Popular, \u00e9sta le ofrece muchas opciones a fin de facilitar al usuario el contacto directo y poder responder a sus preguntas sobre los seguros de decesos. Despu\u00e9s de elegir un m\u00e9todo. Un consultor experto en el tema le guiar\u00e1 para ayudarle en cuestiones relacionadas con su seguro de decesos.&hellip; <\/p>\n","protected":false},"author":1,"featured_media":0,"parent":298,"menu_order":0,"comment_status":"closed","ping_status":"closed","template":"single.php","meta":{"footnotes":""},"class_list":["post-15313","page","type-page","status-publish","hentry"],"yoast_head":"<!-- This site is optimized with the Yoast SEO plugin v27.4 - https:\/\/yoast.com\/product\/yoast-seo-wordpress\/ -->\n<title>Tel\u00e9fono Gratuito Banco Popular \u25b7Atenci\u00f3n Cliente, Email, RRSS, Web<\/title>\n<meta name=\"description\" content=\"Busca aqu\u00ed\u3010Banco Popular seguros tel\u00e9fono gratuito\u3011Banco Popular Decesos tel\u00e9fono gratis: atenci\u00f3n al cliente y contrataciones \u2611\ufe0fVerificado en 2026\" \/>\n<meta name=\"robots\" content=\"index, follow, max-snippet:-1, max-image-preview:large, max-video-preview:-1\" \/>\n<link rel=\"canonical\" href=\"https:\/\/idecesos.com\/seguros\/companias\/banco-popular\/telefono\/\" \/>\n<meta property=\"og:locale\" content=\"es_ES\" \/>\n<meta property=\"og:type\" content=\"article\" \/>\n<meta property=\"og:title\" content=\"Tel\u00e9fono Gratuito Banco Popular \u25b7Atenci\u00f3n Cliente, Email, RRSS, Web\" \/>\n<meta property=\"og:description\" content=\"Busca aqu\u00ed\u3010Banco Popular seguros tel\u00e9fono gratuito\u3011Banco Popular Decesos tel\u00e9fono gratis: atenci\u00f3n al cliente y contrataciones \u2611\ufe0fVerificado en 2026\" \/>\n<meta property=\"og:url\" content=\"https:\/\/idecesos.com\/seguros\/companias\/banco-popular\/telefono\/\" \/>\n<meta property=\"article:modified_time\" content=\"2022-04-03T18:39:51+00:00\" \/>\n<meta name=\"twitter:card\" content=\"summary_large_image\" \/>\n<meta name=\"twitter:label1\" content=\"Tiempo de lectura\" \/>\n\t<meta name=\"twitter:data1\" content=\"5 minutos\" \/>\n<script type=\"application\/ld+json\" class=\"yoast-schema-graph\">{\"@context\":\"https:\\\/\\\/schema.org\",\"@graph\":[{\"@type\":\"WebPage\",\"@id\":\"https:\\\/\\\/idecesos.com\\\/seguros\\\/companias\\\/banco-popular\\\/telefono\\\/\",\"url\":\"https:\\\/\\\/idecesos.com\\\/seguros\\\/companias\\\/banco-popular\\\/telefono\\\/\",\"name\":\"Tel\u00e9fono Gratuito Banco Popular \u25b7Atenci\u00f3n Cliente, Email, RRSS, Web\",\"isPartOf\":{\"@id\":\"https:\\\/\\\/idecesos.com\\\/seguros\\\/#website\"},\"datePublished\":\"2021-11-25T10:10:19+00:00\",\"dateModified\":\"2022-04-03T18:39:51+00:00\",\"description\":\"Busca aqu\u00ed\u3010Banco Popular seguros tel\u00e9fono gratuito\u3011Banco Popular Decesos tel\u00e9fono gratis: atenci\u00f3n al cliente y contrataciones \u2611\ufe0fVerificado en 2026\",\"breadcrumb\":{\"@id\":\"https:\\\/\\\/idecesos.com\\\/seguros\\\/companias\\\/banco-popular\\\/telefono\\\/#breadcrumb\"},\"inLanguage\":\"es\",\"potentialAction\":[{\"@type\":\"ReadAction\",\"target\":[\"https:\\\/\\\/idecesos.com\\\/seguros\\\/companias\\\/banco-popular\\\/telefono\\\/\"]}]},{\"@type\":\"BreadcrumbList\",\"@id\":\"https:\\\/\\\/idecesos.com\\\/seguros\\\/companias\\\/banco-popular\\\/telefono\\\/#breadcrumb\",\"itemListElement\":[{\"@type\":\"ListItem\",\"position\":1,\"name\":\"Portada\",\"item\":\"https:\\\/\\\/idecesos.com\\\/seguros\\\/\"},{\"@type\":\"ListItem\",\"position\":2,\"name\":\"Compa\u00f1\u00edas de Seguros de Decesos en Espa\u00f1a\",\"item\":\"https:\\\/\\\/idecesos.com\\\/seguros\\\/companias\\\/\"},{\"@type\":\"ListItem\",\"position\":3,\"name\":\"Seguro de decesos Banco Popular\",\"item\":\"https:\\\/\\\/idecesos.com\\\/seguros\\\/companias\\\/banco-popular\\\/\"},{\"@type\":\"ListItem\",\"position\":4,\"name\":\"Atenci\u00f3n al cliente Banco Popular: telefono gratuito, e-mail\"}]},{\"@type\":\"WebSite\",\"@id\":\"https:\\\/\\\/idecesos.com\\\/seguros\\\/#website\",\"url\":\"https:\\\/\\\/idecesos.com\\\/seguros\\\/\",\"name\":\"\",\"description\":\"\",\"potentialAction\":[{\"@type\":\"SearchAction\",\"target\":{\"@type\":\"EntryPoint\",\"urlTemplate\":\"https:\\\/\\\/idecesos.com\\\/seguros\\\/?s={search_term_string}\"},\"query-input\":{\"@type\":\"PropertyValueSpecification\",\"valueRequired\":true,\"valueName\":\"search_term_string\"}}],\"inLanguage\":\"es\"}]}<\/script>\n<!-- \/ Yoast SEO plugin. -->","yoast_head_json":{"title":"Tel\u00e9fono Gratuito Banco Popular \u25b7Atenci\u00f3n Cliente, Email, RRSS, Web","description":"Busca aqu\u00ed\u3010Banco Popular seguros tel\u00e9fono gratuito\u3011Banco Popular Decesos tel\u00e9fono gratis: atenci\u00f3n al cliente y contrataciones \u2611\ufe0fVerificado en 2026","robots":{"index":"index","follow":"follow","max-snippet":"max-snippet:-1","max-image-preview":"max-image-preview:large","max-video-preview":"max-video-preview:-1"},"canonical":"https:\/\/idecesos.com\/seguros\/companias\/banco-popular\/telefono\/","og_locale":"es_ES","og_type":"article","og_title":"Tel\u00e9fono Gratuito Banco Popular \u25b7Atenci\u00f3n Cliente, Email, RRSS, Web","og_description":"Busca aqu\u00ed\u3010Banco Popular seguros tel\u00e9fono gratuito\u3011Banco Popular Decesos tel\u00e9fono gratis: atenci\u00f3n al cliente y contrataciones \u2611\ufe0fVerificado en 2026","og_url":"https:\/\/idecesos.com\/seguros\/companias\/banco-popular\/telefono\/","article_modified_time":"2022-04-03T18:39:51+00:00","twitter_card":"summary_large_image","twitter_misc":{"Tiempo de lectura":"5 minutos"},"schema":{"@context":"https:\/\/schema.org","@graph":[{"@type":"WebPage","@id":"https:\/\/idecesos.com\/seguros\/companias\/banco-popular\/telefono\/","url":"https:\/\/idecesos.com\/seguros\/companias\/banco-popular\/telefono\/","name":"Tel\u00e9fono Gratuito Banco Popular \u25b7Atenci\u00f3n Cliente, Email, RRSS, Web","isPartOf":{"@id":"https:\/\/idecesos.com\/seguros\/#website"},"datePublished":"2021-11-25T10:10:19+00:00","dateModified":"2022-04-03T18:39:51+00:00","description":"Busca aqu\u00ed\u3010Banco Popular seguros tel\u00e9fono gratuito\u3011Banco Popular Decesos tel\u00e9fono gratis: atenci\u00f3n al cliente y contrataciones \u2611\ufe0fVerificado en 2026","breadcrumb":{"@id":"https:\/\/idecesos.com\/seguros\/companias\/banco-popular\/telefono\/#breadcrumb"},"inLanguage":"es","potentialAction":[{"@type":"ReadAction","target":["https:\/\/idecesos.com\/seguros\/companias\/banco-popular\/telefono\/"]}]},{"@type":"BreadcrumbList","@id":"https:\/\/idecesos.com\/seguros\/companias\/banco-popular\/telefono\/#breadcrumb","itemListElement":[{"@type":"ListItem","position":1,"name":"Portada","item":"https:\/\/idecesos.com\/seguros\/"},{"@type":"ListItem","position":2,"name":"Compa\u00f1\u00edas de Seguros de Decesos en Espa\u00f1a","item":"https:\/\/idecesos.com\/seguros\/companias\/"},{"@type":"ListItem","position":3,"name":"Seguro de decesos Banco Popular","item":"https:\/\/idecesos.com\/seguros\/companias\/banco-popular\/"},{"@type":"ListItem","position":4,"name":"Atenci\u00f3n al cliente Banco Popular: telefono gratuito, e-mail"}]},{"@type":"WebSite","@id":"https:\/\/idecesos.com\/seguros\/#website","url":"https:\/\/idecesos.com\/seguros\/","name":"","description":"","potentialAction":[{"@type":"SearchAction","target":{"@type":"EntryPoint","urlTemplate":"https:\/\/idecesos.com\/seguros\/?s={search_term_string}"},"query-input":{"@type":"PropertyValueSpecification","valueRequired":true,"valueName":"search_term_string"}}],"inLanguage":"es"}]}},"_links":{"self":[{"href":"https:\/\/idecesos.com\/seguros\/wp-json\/wp\/v2\/pages\/15313","targetHints":{"allow":["GET"]}}],"collection":[{"href":"https:\/\/idecesos.com\/seguros\/wp-json\/wp\/v2\/pages"}],"about":[{"href":"https:\/\/idecesos.com\/seguros\/wp-json\/wp\/v2\/types\/page"}],"author":[{"embeddable":true,"href":"https:\/\/idecesos.com\/seguros\/wp-json\/wp\/v2\/users\/1"}],"replies":[{"embeddable":true,"href":"https:\/\/idecesos.com\/seguros\/wp-json\/wp\/v2\/comments?post=15313"}],"version-history":[{"count":10,"href":"https:\/\/idecesos.com\/seguros\/wp-json\/wp\/v2\/pages\/15313\/revisions"}],"predecessor-version":[{"id":20933,"href":"https:\/\/idecesos.com\/seguros\/wp-json\/wp\/v2\/pages\/15313\/revisions\/20933"}],"up":[{"embeddable":true,"href":"https:\/\/idecesos.com\/seguros\/wp-json\/wp\/v2\/pages\/298"}],"wp:attachment":[{"href":"https:\/\/idecesos.com\/seguros\/wp-json\/wp\/v2\/media?parent=15313"}],"curies":[{"name":"wp","href":"https:\/\/api.w.org\/{rel}","templated":true}]}}