{"id":15314,"date":"2021-11-26T09:12:22","date_gmt":"2021-11-25T10:10:19","guid":{"rendered":"https:\/\/idecesos.com\/seguros\/companias\/el-corte-ingles\/telefono\/"},"modified":"2022-04-05T10:06:01","modified_gmt":"2022-04-05T10:06:01","slug":"telefono","status":"publish","type":"page","link":"https:\/\/idecesos.com\/seguros\/companias\/el-corte-ingles\/telefono\/","title":{"rendered":"Atenci\u00f3n al cliente El Corte Ingles: telefono gratuito, e-mail"},"content":{"rendered":"<div id=\"ez-toc-container\" class=\"ez-toc-v2_0_82_2 ez-toc-wrap-center counter-hierarchy ez-toc-counter ez-toc-custom ez-toc-container-direction\">\n<div class=\"ez-toc-title-container\">\n<p class=\"ez-toc-title\" style=\"cursor:inherit\">Tabla de Contenido<\/p>\n<span class=\"ez-toc-title-toggle\"><a href=\"#\" class=\"ez-toc-pull-right ez-toc-btn ez-toc-btn-xs ez-toc-btn-default ez-toc-toggle\" aria-label=\"Alternar tabla de contenidos\"><span class=\"ez-toc-js-icon-con\"><span class=\"\"><span class=\"eztoc-hide\" style=\"display:none;\">Toggle<\/span><span class=\"ez-toc-icon-toggle-span\"><svg style=\"fill: #db6415;color:#db6415\" xmlns=\"http:\/\/www.w3.org\/2000\/svg\" class=\"list-377408\" width=\"20px\" height=\"20px\" viewBox=\"0 0 24 24\" fill=\"none\"><path d=\"M6 6H4v2h2V6zm14 0H8v2h12V6zM4 11h2v2H4v-2zm16 0H8v2h12v-2zM4 16h2v2H4v-2zm16 0H8v2h12v-2z\" fill=\"currentColor\"><\/path><\/svg><svg style=\"fill: #db6415;color:#db6415\" class=\"arrow-unsorted-368013\" xmlns=\"http:\/\/www.w3.org\/2000\/svg\" width=\"10px\" height=\"10px\" viewBox=\"0 0 24 24\" version=\"1.2\" baseProfile=\"tiny\"><path d=\"M18.2 9.3l-6.2-6.3-6.2 6.3c-.2.2-.3.4-.3.7s.1.5.3.7c.2.2.4.3.7.3h11c.3 0 .5-.1.7-.3.2-.2.3-.5.3-.7s-.1-.5-.3-.7zM5.8 14.7l6.2 6.3 6.2-6.3c.2-.2.3-.5.3-.7s-.1-.5-.3-.7c-.2-.2-.4-.3-.7-.3h-11c-.3 0-.5.1-.7.3-.2.2-.3.5-.3.7s.1.5.3.7z\"\/><\/svg><\/span><\/span><\/span><\/a><\/span><\/div>\n<nav><ul class='ez-toc-list ez-toc-list-level-1 ' ><ul class='ez-toc-list-level-4' ><li class='ez-toc-heading-level-4'><ul class='ez-toc-list-level-4' ><li class='ez-toc-heading-level-4'><a class=\"ez-toc-link ez-toc-heading-1\" href=\"https:\/\/idecesos.com\/seguros\/companias\/el-corte-ingles\/telefono\/#Telefono_Contrataciones_951_127_403\" >Tel\u00e9fono Contrataciones \n951 127 403<\/a><\/li><\/ul><\/li><\/ul><\/li><li class='ez-toc-page-1 ez-toc-heading-level-2'><a class=\"ez-toc-link ez-toc-heading-2\" href=\"https:\/\/idecesos.com\/seguros\/companias\/el-corte-ingles\/telefono\/#%C2%BFComo_contactar_con_El_Corte_Ingles\" >\u00bfC\u00f3mo contactar con El Corte Ingles?<\/a><ul class='ez-toc-list-level-3' ><li class='ez-toc-heading-level-3'><a class=\"ez-toc-link ez-toc-heading-3\" href=\"https:\/\/idecesos.com\/seguros\/companias\/el-corte-ingles\/telefono\/#Telefono_gratuito_de_El_Corte_Ingles\" >Tel\u00e9fono gratuito de El Corte Ingles<\/a><\/li><li class='ez-toc-page-1 ez-toc-heading-level-3'><a class=\"ez-toc-link ez-toc-heading-4\" href=\"https:\/\/idecesos.com\/seguros\/companias\/el-corte-ingles\/telefono\/#Horario_de_atencion_al_cliente_de_El_Corte_Ingles\" >Horario de atenci\u00f3n al cliente de El Corte Ingles<\/a><\/li><li class='ez-toc-page-1 ez-toc-heading-level-3'><a class=\"ez-toc-link ez-toc-heading-5\" href=\"https:\/\/idecesos.com\/seguros\/companias\/el-corte-ingles\/telefono\/#Correo_electronico_de_El_Corte_Ingles\" >Correo electr\u00f3nico de El Corte Ingles<\/a><\/li><li class='ez-toc-page-1 ez-toc-heading-level-3'><a class=\"ez-toc-link ez-toc-heading-6\" href=\"https:\/\/idecesos.com\/seguros\/companias\/el-corte-ingles\/telefono\/#Formulario_en_el_sitio_Web_de_El_Corte_Ingles\" >Formulario en el sitio Web de El Corte Ingles<\/a><\/li><li class='ez-toc-page-1 ez-toc-heading-level-3'><a class=\"ez-toc-link ez-toc-heading-7\" href=\"https:\/\/idecesos.com\/seguros\/companias\/el-corte-ingles\/telefono\/#Redes_sociales_de_El_Corte_Ingles\" >Redes sociales de El Corte Ingles<\/a><\/li><li class='ez-toc-page-1 ez-toc-heading-level-3'><a class=\"ez-toc-link ez-toc-heading-8\" href=\"https:\/\/idecesos.com\/seguros\/companias\/el-corte-ingles\/telefono\/#Paginas_relacionadas\" >P\u00e1ginas relacionadas<\/a><\/li><\/ul><\/li><\/ul><\/nav><\/div>\n\n<div class=\"caja\">\n<div class=\"cajaIcono2 \"  ><div class=\"cuadro\" style=\"box-shadow: inset 0 0 0 3px #ff790e\"><div class=\"iconoCircular\" style=\"border: 3px solid #ff790e\">\t\t\n\t\t\t\t\t<div class=\"iconoCirculo\">\n\t\t\t\t\t  <i class=\"fas fa-phone-volume\"><\/i>\n\t\t\t\t\t<\/div>\n\t\t\t\t<\/div><div class=\"\">\n<h4 style=\"text-align: center;\"><span class=\"ez-toc-section\" id=\"Telefono_Contrataciones_951_127_403\"><\/span><strong>Tel\u00e9fono Contrataciones<br \/>\n951 127 403<\/strong><span class=\"ez-toc-section-end\"><\/span><\/h4>\n<p><\/div><\/div><\/div><br \/>\nEl Corte Ingles le da varias opciones para que pueda ponerse en contacto con la compa\u00f1\u00eda, y de este modo poder solucionar sus dudas, consultar sus inquietudes y preguntar sobre su seguro de decesos. Elegido el m\u00e9todo que m\u00e1s me amolde a , un agente experto en el tema le va a ayudar con todas y cada una de las dudas y cuestiones que tenga sobre sus coberturas contratadas. Gastos entorno al ata\u00fad y la sanidad, la posibilidad de conservar el ADN, el coste de la corona, el tanatorio y la necrol\u00f3gica&#8230; y otros muchos factores en los que usted necesite su ayuda. La El Corte Ingles intentar\u00e1 facilitar en todo momento sus tr\u00e1mites a fin de que no te debas preocupar de nada y puedas mantenerte tranquilo. Gracias a este servicio podr\u00e1s verlas en paz la p\u00e9rdida de su ser querido.<br \/>\n<\/div><\/p>\n<div class=\"colorf \"  ><div class=\"container clearfix\"><div class=\"col-md-7\"><\/p>\n<h2><span class=\"ez-toc-section\" id=\"%C2%BFComo_contactar_con_El_Corte_Ingles\"><\/span>\u00bfC\u00f3mo contactar con El Corte Ingles?<span class=\"ez-toc-section-end\"><\/span><\/h2>\n<p>Ponerse en contacto con El Corte Ingles es muy f\u00e1cil. El Corte Ingles te ofrece las pr\u00f3ximas formas de contacto: tel\u00e9fono gratuito, mail, un formulario por medio de su web o sus redes sociales.<br \/>\n<\/div><\/div><\/div>\n<h3><span class=\"ez-toc-section\" id=\"Telefono_gratuito_de_El_Corte_Ingles\"><\/span>Tel\u00e9fono gratuito de El Corte Ingles<span class=\"ez-toc-section-end\"><\/span><\/h3>\n<p>El usuario debe tener la sencillez de poder mantener una conversaci\u00f3n directa con la compa\u00f1\u00eda y, es por este motivo que, se le facilita el siguiente tel\u00e9fono de contacto, totalmente gratis, <strong>900 533 541<\/strong>. Es muy importante poder solucionar las dudas y necesidades en torno a sus peculiaridades sobre su seguro de decesos y, es tan sencillo como realizar una llamada. La llamada que realice a la compa\u00f1\u00eda ser\u00e1 completamente gratuita, siendo indiferente el tiempo que transcurra. La conexi\u00f3n y el contacto que se establece entre el asesor experto y el cliente, hace que resulte ser el procedimiento m\u00e1s provechoso y sencillo posible.<br \/>\n<div class=\"colorf\"><div class=\"container clearfix\"><div class=\"col-md-7\"><\/p>\n<div class=\"cabecera_tabla_ajustada \"  style=\"width:80%\" ><div class=\"row\"><\/div>\n<p><div class=\"fila_tabla4 \"  ><div class=\"row\"><div class=\"col-8 nosepara izq\"><p><strong>Tel\u00e9fono para contrataciones<\/strong><\/p><\/div><div class=\"col-4 nosepara centro\">951 127 403<\/div><\/div><\/div><div class=\"fila_tabla4 \"  ><div class=\"row\"><div class=\"col-8 nosepara izq\"><p><strong>Tel\u00e9fono Atenci\u00f3n al cliente<\/strong><\/p><\/div><div class=\"col-4 nosepara centro\">91 217 58 21<\/div><\/div><\/div><\/p>\n<div class=\"pie_tabla \"  ><div class=\"row\"><div class=\"col-12 \"><\/div><\/div><\/div><\/div>\n<\/div><\/div><\/div>\n<h3><span class=\"ez-toc-section\" id=\"Horario_de_atencion_al_cliente_de_El_Corte_Ingles\"><\/span>Horario de atenci\u00f3n al cliente de El Corte Ingles<span class=\"ez-toc-section-end\"><\/span><\/h3>\n<p>La compa\u00f1\u00eda no es consciente de la disponibilidad horaria de cada persona, por lo tanto, ha creado un horario concreto (ma\u00f1ana y tarde) a fin de que pueda ponerse en contacto toda vez que lo desee. El personal expondr\u00e1 su experiencia, conocimientos y confianza para su satisfacci\u00f3n. De este modo, va a ser m\u00e1s sencillo el contacto directo con la empresa. Va a tener una charla armoniosa con uno de los expertos, resolviendo de este modo, las dudas que le vayan brotando en el momento. El horario de atenci\u00f3n al cliente de El Corte Ingles es el siguiente: <strong>horario El Corte Ingles<\/strong>.<br \/>\n<div class=\"colorf\"><div class=\"container clearfix\"><div class=\"col-md-7\"><\/p>\n<h3><span class=\"ez-toc-section\" id=\"Correo_electronico_de_El_Corte_Ingles\"><\/span>Correo electr\u00f3nico de El Corte Ingles<span class=\"ez-toc-section-end\"><\/span><\/h3>\n<p>Internet ha creado una nueva era y, es por esta raz\u00f3n que, para poder mandar o recibir informaci\u00f3n lo m\u00e1s veloz posible, se hace por medio de plataformas como Gmail y Hotmail. En consecuencia, El Corte Ingles ha creado la siguiente direcci\u00f3n de correo electr\u00f3nico <strong>atcliente@cess.elcorteingles.com<\/strong> a fin de que pueda establecer una buena conexi\u00f3n con los profesionales que van a estar a su predisposici\u00f3n. Cada profesional le responder\u00e1 de forma r\u00e1pida, reflejando la experiencia que tienen y el respeto cara el tema que quiera tratar en torno a sus seguro de decesos.<br \/>\n<\/div><\/div><\/div><\/p>\n<h3><span class=\"ez-toc-section\" id=\"Formulario_en_el_sitio_Web_de_El_Corte_Ingles\"><\/span>Formulario en el sitio Web de El Corte Ingles<span class=\"ez-toc-section-end\"><\/span><\/h3>\n<p>Buscar en la red de redes es la forma m\u00e1s sencilla y pr\u00e1ctica que tenemos en nuestros d\u00edas para buscar informaci\u00f3n. Con una disponible completa para todo el mundo y un acceso gratuito, Internet es la plataforma l\u00edder del mercado en b\u00fasquedas. Poniendo en el buscador El Corte Ingles vas a poder hallar todo lo que precisas sobre sus seguro de decesos a trav\u00e9s de su web <strong>seguros.elcorteingles.es\/<\/strong>. La informaci\u00f3n que encontrar\u00e1s en su web te ser\u00e1 \u00fatil para informarte sobre los servicios que ofrecen, precios, ventajas y mucho m\u00e1s, para que as\u00ed tengas una idea clara de sus servicios. Podr\u00e1 localizar un apartado con un formulario a rellenar con su nombre y apellidos, tel\u00e9fono de contacto, correo electr\u00f3nico\u2026 Una vez efectuado, uno de los profesionales asesores de la empresa se va a poner en contacto, lo m\u00e1s r\u00e1pido posible, para resolverle cualquier clase de duda o bien cuesti\u00f3n que quiera saber sobre el tema.<br \/>\n<div class=\"colorf\"><div class=\"container clearfix\"><div class=\"col-md-7\"><\/p>\n<h3><span class=\"ez-toc-section\" id=\"Redes_sociales_de_El_Corte_Ingles\"><\/span>Redes sociales de El Corte Ingles<span class=\"ez-toc-section-end\"><\/span><\/h3>\n<p>Actualmente, redes sociales como Instagram, Facebook, Twitter o TikTok cubren un una gran parte del tiempo de las personas es por este motivo que son herramientas que tienen una gran difusi\u00f3n y alcance en todo el planeta. Es normal que cada persona est\u00e9 registrado en alguna de estas apps si no es en las cuatro. El Corte Ingles tiene su perfil en alguna de estas redes sociales. En cada uno de ellos de ellos podr\u00e1s localizar informaci\u00f3n sobre qui\u00e9nes son, ofertas disponibles que lanzan, la ubicaci\u00f3n exacta de su sede central, link a su p\u00e1gina, im\u00e1genes, etc\u00e9teraIncluso, en alguna de ellas, es posible contactar con la compa\u00f1\u00eda, sin tener la necesidad de llamar o bien enviar un e mail si de esta forma lo quiere.<br \/>\n<\/div><\/div><\/div><\/p>\n<\/div>\n<p><div class=\"oficinas\"> <h3><span class=\"ez-toc-section\" id=\"Paginas_relacionadas\"><\/span>P\u00e1ginas relacionadas<span class=\"ez-toc-section-end\"><\/span><\/h3><div class=\"enlazado\"><ul> <li><a href=\"https:\/\/idecesos.com\/seguros\/companias\/el-corte-ingles\/coberturas\/\">Coberturas Seguro de Decesos El Corte Ingl\u00e9s<\/a><\/li> <li><a href=\"https:\/\/idecesos.com\/seguros\/companias\/el-corte-ingles\/opiniones\/\">Opiniones El Corte Ingl\u00e9s<\/a><\/li> <li><a href=\"https:\/\/idecesos.com\/seguros\/companias\/el-corte-ingles\/precio\/\">Precio seguro El Corte Ingles<\/a><\/li> <li><a href=\"https:\/\/idecesos.com\/seguros\/companias\/el-corte-ingles\/prima-mixta\/\">El Corte Ingles Prima Mixta<\/a><\/li> <li><a href=\"https:\/\/idecesos.com\/seguros\/companias\/el-corte-ingles\/prima-natural\/\">El Corte Ingles Prima Natural<\/a><\/li> <li><a href=\"https:\/\/idecesos.com\/seguros\/companias\/el-corte-ingles\/prima-nivelada\/\">El Corte Ingles Prima Nivelada<\/a><\/li> <li><a href=\"https:\/\/idecesos.com\/seguros\/companias\/el-corte-ingles\/prima-unica\/\">El Corte Ingles Prima \u00danica<\/a><\/li> <li><a href=\"https:\/\/idecesos.com\/seguros\/companias\/el-corte-ingles\/repatriacion\/\">El Corte Ingles Repatriaci\u00f3n<\/a><\/li> <li><a href=\"https:\/\/idecesos.com\/seguros\/companias\/el-corte-ingles\/telefono\/\">Tel\u00e9fono Gratuito El Corte Ingles<\/a><\/li><\/ul><\/div> <\/div><\/p>\n","protected":false},"excerpt":{"rendered":"<p>El Corte Ingles le da varias opciones para que pueda ponerse en contacto con la compa\u00f1\u00eda, y de este modo poder solucionar sus dudas, consultar sus inquietudes y preguntar sobre su seguro de decesos. Elegido el m\u00e9todo que m\u00e1s me amolde a , un agente experto en el tema le va a ayudar con todas&hellip; <\/p>\n","protected":false},"author":1,"featured_media":0,"parent":332,"menu_order":0,"comment_status":"closed","ping_status":"closed","template":"single.php","meta":{"footnotes":""},"class_list":["post-15314","page","type-page","status-publish","hentry"],"yoast_head":"<!-- This site is optimized with the Yoast SEO plugin v27.2 - https:\/\/yoast.com\/product\/yoast-seo-wordpress\/ -->\n<title>Tel\u00e9fono Gratuito El Corte Ingles \u25b7Atenci\u00f3n Cliente, Email, RRSS, Web<\/title>\n<meta name=\"description\" content=\"Busca aqu\u00ed\u3010El Corte Ingles seguros tel\u00e9fono gratuito\u3011El Corte Ingles Decesos tel\u00e9fono gratis: atenci\u00f3n al cliente y contrataciones \u2611\ufe0fVerificado en 2026\" \/>\n<meta name=\"robots\" content=\"index, follow, max-snippet:-1, max-image-preview:large, max-video-preview:-1\" \/>\n<link rel=\"canonical\" href=\"https:\/\/idecesos.com\/seguros\/companias\/el-corte-ingles\/telefono\/\" \/>\n<meta property=\"og:locale\" content=\"es_ES\" \/>\n<meta property=\"og:type\" content=\"article\" \/>\n<meta property=\"og:title\" content=\"Tel\u00e9fono Gratuito El Corte Ingles \u25b7Atenci\u00f3n Cliente, Email, RRSS, Web\" \/>\n<meta property=\"og:description\" content=\"Busca aqu\u00ed\u3010El Corte Ingles seguros tel\u00e9fono gratuito\u3011El Corte Ingles Decesos tel\u00e9fono gratis: atenci\u00f3n al cliente y contrataciones \u2611\ufe0fVerificado en 2026\" \/>\n<meta property=\"og:url\" content=\"https:\/\/idecesos.com\/seguros\/companias\/el-corte-ingles\/telefono\/\" \/>\n<meta property=\"article:modified_time\" content=\"2022-04-05T10:06:01+00:00\" \/>\n<meta name=\"twitter:card\" content=\"summary_large_image\" \/>\n<meta name=\"twitter:label1\" content=\"Tiempo de lectura\" \/>\n\t<meta name=\"twitter:data1\" content=\"4 minutos\" \/>\n<script type=\"application\/ld+json\" class=\"yoast-schema-graph\">{\"@context\":\"https:\/\/schema.org\",\"@graph\":[{\"@type\":\"WebPage\",\"@id\":\"https:\/\/idecesos.com\/seguros\/companias\/el-corte-ingles\/telefono\/\",\"url\":\"https:\/\/idecesos.com\/seguros\/companias\/el-corte-ingles\/telefono\/\",\"name\":\"Tel\u00e9fono Gratuito El Corte Ingles \u25b7Atenci\u00f3n Cliente, Email, RRSS, Web\",\"isPartOf\":{\"@id\":\"https:\/\/idecesos.com\/seguros\/#website\"},\"datePublished\":\"2021-11-25T10:10:19+00:00\",\"dateModified\":\"2022-04-05T10:06:01+00:00\",\"description\":\"Busca aqu\u00ed\u3010El Corte Ingles seguros tel\u00e9fono gratuito\u3011El Corte Ingles Decesos tel\u00e9fono gratis: atenci\u00f3n al cliente y contrataciones \u2611\ufe0fVerificado en 2026\",\"breadcrumb\":{\"@id\":\"https:\/\/idecesos.com\/seguros\/companias\/el-corte-ingles\/telefono\/#breadcrumb\"},\"inLanguage\":\"es\",\"potentialAction\":[{\"@type\":\"ReadAction\",\"target\":[\"https:\/\/idecesos.com\/seguros\/companias\/el-corte-ingles\/telefono\/\"]}]},{\"@type\":\"BreadcrumbList\",\"@id\":\"https:\/\/idecesos.com\/seguros\/companias\/el-corte-ingles\/telefono\/#breadcrumb\",\"itemListElement\":[{\"@type\":\"ListItem\",\"position\":1,\"name\":\"Portada\",\"item\":\"https:\/\/idecesos.com\/seguros\/\"},{\"@type\":\"ListItem\",\"position\":2,\"name\":\"Compa\u00f1\u00edas de Seguros de Decesos en Espa\u00f1a\",\"item\":\"https:\/\/idecesos.com\/seguros\/companias\/\"},{\"@type\":\"ListItem\",\"position\":3,\"name\":\"Seguro de decesos El Corte Ingl\u00e9s\",\"item\":\"https:\/\/idecesos.com\/seguros\/companias\/el-corte-ingles\/\"},{\"@type\":\"ListItem\",\"position\":4,\"name\":\"Atenci\u00f3n al cliente El Corte Ingles: telefono gratuito, e-mail\"}]},{\"@type\":\"WebSite\",\"@id\":\"https:\/\/idecesos.com\/seguros\/#website\",\"url\":\"https:\/\/idecesos.com\/seguros\/\",\"name\":\"\",\"description\":\"\",\"potentialAction\":[{\"@type\":\"SearchAction\",\"target\":{\"@type\":\"EntryPoint\",\"urlTemplate\":\"https:\/\/idecesos.com\/seguros\/?s={search_term_string}\"},\"query-input\":{\"@type\":\"PropertyValueSpecification\",\"valueRequired\":true,\"valueName\":\"search_term_string\"}}],\"inLanguage\":\"es\"}]}<\/script>\n<!-- \/ Yoast SEO plugin. -->","yoast_head_json":{"title":"Tel\u00e9fono Gratuito El Corte Ingles \u25b7Atenci\u00f3n Cliente, Email, RRSS, Web","description":"Busca aqu\u00ed\u3010El Corte Ingles seguros tel\u00e9fono gratuito\u3011El Corte Ingles Decesos tel\u00e9fono gratis: atenci\u00f3n al cliente y contrataciones \u2611\ufe0fVerificado en 2026","robots":{"index":"index","follow":"follow","max-snippet":"max-snippet:-1","max-image-preview":"max-image-preview:large","max-video-preview":"max-video-preview:-1"},"canonical":"https:\/\/idecesos.com\/seguros\/companias\/el-corte-ingles\/telefono\/","og_locale":"es_ES","og_type":"article","og_title":"Tel\u00e9fono Gratuito El Corte Ingles \u25b7Atenci\u00f3n Cliente, Email, RRSS, Web","og_description":"Busca aqu\u00ed\u3010El Corte Ingles seguros tel\u00e9fono gratuito\u3011El Corte Ingles Decesos tel\u00e9fono gratis: atenci\u00f3n al cliente y contrataciones \u2611\ufe0fVerificado en 2026","og_url":"https:\/\/idecesos.com\/seguros\/companias\/el-corte-ingles\/telefono\/","article_modified_time":"2022-04-05T10:06:01+00:00","twitter_card":"summary_large_image","twitter_misc":{"Tiempo de lectura":"4 minutos"},"schema":{"@context":"https:\/\/schema.org","@graph":[{"@type":"WebPage","@id":"https:\/\/idecesos.com\/seguros\/companias\/el-corte-ingles\/telefono\/","url":"https:\/\/idecesos.com\/seguros\/companias\/el-corte-ingles\/telefono\/","name":"Tel\u00e9fono Gratuito El Corte Ingles \u25b7Atenci\u00f3n Cliente, Email, RRSS, Web","isPartOf":{"@id":"https:\/\/idecesos.com\/seguros\/#website"},"datePublished":"2021-11-25T10:10:19+00:00","dateModified":"2022-04-05T10:06:01+00:00","description":"Busca aqu\u00ed\u3010El Corte Ingles seguros tel\u00e9fono gratuito\u3011El Corte Ingles Decesos tel\u00e9fono gratis: atenci\u00f3n al cliente y contrataciones \u2611\ufe0fVerificado en 2026","breadcrumb":{"@id":"https:\/\/idecesos.com\/seguros\/companias\/el-corte-ingles\/telefono\/#breadcrumb"},"inLanguage":"es","potentialAction":[{"@type":"ReadAction","target":["https:\/\/idecesos.com\/seguros\/companias\/el-corte-ingles\/telefono\/"]}]},{"@type":"BreadcrumbList","@id":"https:\/\/idecesos.com\/seguros\/companias\/el-corte-ingles\/telefono\/#breadcrumb","itemListElement":[{"@type":"ListItem","position":1,"name":"Portada","item":"https:\/\/idecesos.com\/seguros\/"},{"@type":"ListItem","position":2,"name":"Compa\u00f1\u00edas de Seguros de Decesos en Espa\u00f1a","item":"https:\/\/idecesos.com\/seguros\/companias\/"},{"@type":"ListItem","position":3,"name":"Seguro de decesos El Corte Ingl\u00e9s","item":"https:\/\/idecesos.com\/seguros\/companias\/el-corte-ingles\/"},{"@type":"ListItem","position":4,"name":"Atenci\u00f3n al cliente El Corte Ingles: telefono gratuito, e-mail"}]},{"@type":"WebSite","@id":"https:\/\/idecesos.com\/seguros\/#website","url":"https:\/\/idecesos.com\/seguros\/","name":"","description":"","potentialAction":[{"@type":"SearchAction","target":{"@type":"EntryPoint","urlTemplate":"https:\/\/idecesos.com\/seguros\/?s={search_term_string}"},"query-input":{"@type":"PropertyValueSpecification","valueRequired":true,"valueName":"search_term_string"}}],"inLanguage":"es"}]}},"_links":{"self":[{"href":"https:\/\/idecesos.com\/seguros\/wp-json\/wp\/v2\/pages\/15314","targetHints":{"allow":["GET"]}}],"collection":[{"href":"https:\/\/idecesos.com\/seguros\/wp-json\/wp\/v2\/pages"}],"about":[{"href":"https:\/\/idecesos.com\/seguros\/wp-json\/wp\/v2\/types\/page"}],"author":[{"embeddable":true,"href":"https:\/\/idecesos.com\/seguros\/wp-json\/wp\/v2\/users\/1"}],"replies":[{"embeddable":true,"href":"https:\/\/idecesos.com\/seguros\/wp-json\/wp\/v2\/comments?post=15314"}],"version-history":[{"count":10,"href":"https:\/\/idecesos.com\/seguros\/wp-json\/wp\/v2\/pages\/15314\/revisions"}],"predecessor-version":[{"id":20981,"href":"https:\/\/idecesos.com\/seguros\/wp-json\/wp\/v2\/pages\/15314\/revisions\/20981"}],"up":[{"embeddable":true,"href":"https:\/\/idecesos.com\/seguros\/wp-json\/wp\/v2\/pages\/332"}],"wp:attachment":[{"href":"https:\/\/idecesos.com\/seguros\/wp-json\/wp\/v2\/media?parent=15314"}],"curies":[{"name":"wp","href":"https:\/\/api.w.org\/{rel}","templated":true}]}}