{"id":15315,"date":"2021-11-26T09:12:23","date_gmt":"2021-11-25T10:10:20","guid":{"rendered":"https:\/\/idecesos.com\/seguros\/companias\/expertia\/telefono\/"},"modified":"2022-04-05T10:11:45","modified_gmt":"2022-04-05T10:11:45","slug":"telefono","status":"publish","type":"page","link":"https:\/\/idecesos.com\/seguros\/companias\/expertia\/telefono\/","title":{"rendered":"Atenci\u00f3n al cliente Expertia: telefono gratuito, e-mail"},"content":{"rendered":"<div id=\"ez-toc-container\" class=\"ez-toc-v2_0_82_2 ez-toc-wrap-center counter-hierarchy ez-toc-counter ez-toc-custom ez-toc-container-direction\">\n<div class=\"ez-toc-title-container\">\n<p class=\"ez-toc-title\" style=\"cursor:inherit\">Tabla de Contenido<\/p>\n<span class=\"ez-toc-title-toggle\"><a href=\"#\" class=\"ez-toc-pull-right ez-toc-btn ez-toc-btn-xs ez-toc-btn-default ez-toc-toggle\" aria-label=\"Alternar tabla de contenidos\"><span class=\"ez-toc-js-icon-con\"><span class=\"\"><span class=\"eztoc-hide\" style=\"display:none;\">Toggle<\/span><span class=\"ez-toc-icon-toggle-span\"><svg style=\"fill: #db6415;color:#db6415\" xmlns=\"http:\/\/www.w3.org\/2000\/svg\" class=\"list-377408\" width=\"20px\" height=\"20px\" viewBox=\"0 0 24 24\" fill=\"none\"><path d=\"M6 6H4v2h2V6zm14 0H8v2h12V6zM4 11h2v2H4v-2zm16 0H8v2h12v-2zM4 16h2v2H4v-2zm16 0H8v2h12v-2z\" fill=\"currentColor\"><\/path><\/svg><svg style=\"fill: #db6415;color:#db6415\" class=\"arrow-unsorted-368013\" xmlns=\"http:\/\/www.w3.org\/2000\/svg\" width=\"10px\" height=\"10px\" viewBox=\"0 0 24 24\" version=\"1.2\" baseProfile=\"tiny\"><path d=\"M18.2 9.3l-6.2-6.3-6.2 6.3c-.2.2-.3.4-.3.7s.1.5.3.7c.2.2.4.3.7.3h11c.3 0 .5-.1.7-.3.2-.2.3-.5.3-.7s-.1-.5-.3-.7zM5.8 14.7l6.2 6.3 6.2-6.3c.2-.2.3-.5.3-.7s-.1-.5-.3-.7c-.2-.2-.4-.3-.7-.3h-11c-.3 0-.5.1-.7.3-.2.2-.3.5-.3.7s.1.5.3.7z\"\/><\/svg><\/span><\/span><\/span><\/a><\/span><\/div>\n<nav><ul class='ez-toc-list ez-toc-list-level-1 ' ><ul class='ez-toc-list-level-4' ><li class='ez-toc-heading-level-4'><ul class='ez-toc-list-level-4' ><li class='ez-toc-heading-level-4'><a class=\"ez-toc-link ez-toc-heading-1\" href=\"https:\/\/idecesos.com\/seguros\/companias\/expertia\/telefono\/#Telefono_Contrataciones_951_127_403\" >Tel\u00e9fono Contrataciones \n951 127 403<\/a><\/li><\/ul><\/li><\/ul><\/li><li class='ez-toc-page-1 ez-toc-heading-level-2'><a class=\"ez-toc-link ez-toc-heading-2\" href=\"https:\/\/idecesos.com\/seguros\/companias\/expertia\/telefono\/#%C2%BFComo_contactar_con_Expertia\" >\u00bfC\u00f3mo contactar con Expertia?<\/a><ul class='ez-toc-list-level-3' ><li class='ez-toc-heading-level-3'><a class=\"ez-toc-link ez-toc-heading-3\" href=\"https:\/\/idecesos.com\/seguros\/companias\/expertia\/telefono\/#Telefono_gratuito_de_Expertia\" >Tel\u00e9fono gratuito de Expertia<\/a><\/li><li class='ez-toc-page-1 ez-toc-heading-level-3'><a class=\"ez-toc-link ez-toc-heading-4\" href=\"https:\/\/idecesos.com\/seguros\/companias\/expertia\/telefono\/#Horario_de_atencion_al_cliente_de_Expertia\" >Horario de atenci\u00f3n al cliente de Expertia<\/a><\/li><li class='ez-toc-page-1 ez-toc-heading-level-3'><a class=\"ez-toc-link ez-toc-heading-5\" href=\"https:\/\/idecesos.com\/seguros\/companias\/expertia\/telefono\/#Correo_electronico_de_Expertia\" >Correo electr\u00f3nico de Expertia<\/a><\/li><li class='ez-toc-page-1 ez-toc-heading-level-3'><a class=\"ez-toc-link ez-toc-heading-6\" href=\"https:\/\/idecesos.com\/seguros\/companias\/expertia\/telefono\/#Formulario_en_el_sitio_Web_de_Expertia\" >Formulario en el sitio Web de Expertia<\/a><\/li><li class='ez-toc-page-1 ez-toc-heading-level-3'><a class=\"ez-toc-link ez-toc-heading-7\" href=\"https:\/\/idecesos.com\/seguros\/companias\/expertia\/telefono\/#Redes_sociales_de_Expertia\" >Redes sociales de Expertia<\/a><\/li><li class='ez-toc-page-1 ez-toc-heading-level-3'><a class=\"ez-toc-link ez-toc-heading-8\" href=\"https:\/\/idecesos.com\/seguros\/companias\/expertia\/telefono\/#Paginas_relacionadas\" >P\u00e1ginas relacionadas<\/a><\/li><\/ul><\/li><\/ul><\/nav><\/div>\n\n<div class=\"caja\">\n<div class=\"cajaIcono2 \"  ><div class=\"cuadro\" style=\"box-shadow: inset 0 0 0 3px #ff790e\"><div class=\"iconoCircular\" style=\"border: 3px solid #ff790e\">\t\t\n\t\t\t\t\t<div class=\"iconoCirculo\">\n\t\t\t\t\t  <i class=\"fas fa-phone-volume\"><\/i>\n\t\t\t\t\t<\/div>\n\t\t\t\t<\/div><div class=\"\">\n<h4 style=\"text-align: center;\"><span class=\"ez-toc-section\" id=\"Telefono_Contrataciones_951_127_403\"><\/span><strong>Tel\u00e9fono Contrataciones<br \/>\n951 127 403<\/strong><span class=\"ez-toc-section-end\"><\/span><\/h4>\n<p><\/div><\/div><\/div><br \/>\nExpertia le proporciona m\u00faltiples opciones a fin de que pueda ponerse en contacto con la compa\u00f1\u00eda, y de este modo poder resolver sus dudas, preguntar sus inquietudes y consultar sobre su seguro de decesos. Elegido el procedimiento que m\u00e1s me amolde a usted, un agente experto en el tema le ayudar\u00e1 con todas y cada una de las dudas y cuestiones que tenga sobre sus coberturas contratadas. Gastos entorno al ata\u00fad y la sanidad, la posibilidad de conservar el ADN, el costo de la corona, el tanatorio y la esquela&#8230; y muchos otros factores en los que usted necesite su ayuda. Siempre se tendr\u00e1 en cuenta la situaci\u00f3n por la que pasa la familia en el instante de p\u00e9rdida del ser querido, por tanto, la compa\u00f1\u00eda se encargar\u00e1 de que todos y cada uno de los tr\u00e1mites est\u00e9n en perfectas condiciones y cerrados.<br \/>\n<\/div><\/p>\n<div class=\"colorf \"  ><div class=\"container clearfix\"><div class=\"col-md-7\"><\/p>\n<h2><span class=\"ez-toc-section\" id=\"%C2%BFComo_contactar_con_Expertia\"><\/span>\u00bfC\u00f3mo contactar con Expertia?<span class=\"ez-toc-section-end\"><\/span><\/h2>\n<p>Direcci\u00f3n de e-mail, p\u00e1gina web con formulario libre, plataformas como redes sociales y tel\u00e9fono de atenci\u00f3n al cliente, son los medios, completamente gratis, para poder comunicarse con Expertia.<br \/>\n<\/div><\/div><\/div>\n<h3><span class=\"ez-toc-section\" id=\"Telefono_gratuito_de_Expertia\"><\/span>Tel\u00e9fono gratuito de Expertia<span class=\"ez-toc-section-end\"><\/span><\/h3>\n<p>Debe resultar \u00fatil y f\u00e1cil establecer una charla fluida y directa con la compa\u00f1\u00eda, por lo que se le facilita el siguiente n\u00famero gratis <strong>902 30 40 60<\/strong>. Con el mero hecho de efectuar una llamada, conseguir\u00e1 todas y cada una de las contestaciones que necesite sobre su seguro de decesos y las caracter\u00edsticas que requieren sus necesidades. No importa el tiempo que transcurra del comienzo de la llamada hasta su final, no va a tener ning\u00fan g\u00e9nero de costo. Es uno de los m\u00e9todos m\u00e1s f\u00e1ciles y provechosos, debido a la fluidez que se genera en el contacto directo con el experto sin tener la necesidad de mucha planificaci\u00f3n.<br \/>\n<div class=\"colorf\"><div class=\"container clearfix\"><div class=\"col-md-7\"><\/p>\n<div class=\"cabecera_tabla_ajustada \"  style=\"width:80%\" ><div class=\"row\"><\/div>\n<p><div class=\"fila_tabla4 \"  ><div class=\"row\"><div class=\"col-8 nosepara izq\"><p><strong>Tel\u00e9fono para contrataciones<\/strong><\/p><\/div><div class=\"col-4 nosepara centro\">951 127 403<\/div><\/div><\/div><div class=\"fila_tabla4 \"  ><div class=\"row\"><div class=\"col-8 nosepara izq\"><p><strong>Tel\u00e9fono Atenci\u00f3n comercial<\/strong><\/p><\/div><div class=\"col-4 nosepara centro\">900 20 30 10<\/div><\/div><\/div><\/p>\n<div class=\"pie_tabla \"  ><div class=\"row\"><div class=\"col-12 \"><\/div><\/div><\/div><\/div>\n<\/div><\/div><\/div>\n<h3><span class=\"ez-toc-section\" id=\"Horario_de_atencion_al_cliente_de_Expertia\"><\/span>Horario de atenci\u00f3n al cliente de Expertia<span class=\"ez-toc-section-end\"><\/span><\/h3>\n<p>Al usuario se le da por la parte de Expertia un horario flexible de atenci\u00f3n al usuario, tanto de ma\u00f1ana como de tarde. Merced a este servicio va a poder efectuar la llamada a lo largo del d\u00eda. La persona con la que hable le atender\u00e1 con un lenguaje claro y conciso para que los servicios que demanden quede resueltos. Si usted lo precisa su llamada ser\u00e1 desviada a un agente especialista en seguro de decesos que le va a poder ayudar con sus cuestiones y dudas acerca de sus servicios contratados. Tras la llamada, todas sus dudas y inquietudes habr\u00e1n sido resueltas y la atenci\u00f3n al usuario recibida va a haber sido la correcta.<br \/>\n<div class=\"colorf\"><div class=\"container clearfix\"><div class=\"col-md-7\"><\/p>\n<h3><span class=\"ez-toc-section\" id=\"Correo_electronico_de_Expertia\"><\/span>Correo electr\u00f3nico de Expertia<span class=\"ez-toc-section-end\"><\/span><\/h3>\n<p>Plataformas como Hotmail y Gmail forman parte del mundo de Internet y, en consecuencia, la poblaci\u00f3n dispone de perfiles en estas. Con este servicio, formar\u00e1n una parte del flujo de informaci\u00f3n que se establezca entre 2 o m\u00e1s personas. Con el fin de percibir datos en torno a su seguro de decesos, es de las herramientas m\u00e1s ventajosas y convenientes. Expertia dispone de la siguiente direcci\u00f3n de e-mail <strong>expertia@expertiaseguros <\/strong>a fin de que pueda hacer llegar cualquier consulta o duda que le brote sobre su p\u00f3liza, el g\u00e9nero de prima, u otro tema. Obtener la mejor contestaci\u00f3n para aclarar cuanto quieras saber es tan sencillo como, mandar un correo y, aparte de conseguir las mejores respuestas, va a llegar a un buen comprensi\u00f3n.<br \/>\n<\/div><\/div><\/div><\/p>\n<h3><span class=\"ez-toc-section\" id=\"Formulario_en_el_sitio_Web_de_Expertia\"><\/span>Formulario en el sitio Web de Expertia<span class=\"ez-toc-section-end\"><\/span><\/h3>\n<p>Actualmente, los buscadores de internet es la mayor plataforma a la que tiene acceso la gran parte de la poblaci\u00f3n. Podr\u00e1s hallar todo g\u00e9nero de contestaciones con el sencillo acto de teclear cualquier palabra. Expertia tiene a disposici\u00f3n del usuario su p\u00e1gina, en la que estar\u00e1 plasmada toda la informaci\u00f3n necesaria sobre el seguro de decesos, como por poner un ejemplo precios o bien servicios. y, as\u00ed, disponer de los datos b\u00e1sicos para un futuro asesoramiento. Obtendr\u00e1, de car\u00e1cter general, informaci\u00f3n sobre el tema y, en torno a sus caracter\u00edsticas, se le adaptar\u00e1n unas garant\u00edas u otras. La web es la pr\u00f3xima <strong>www.expertiaseguros.com\/<\/strong>.<br \/>\n<div class=\"colorf\"><div class=\"container clearfix\"><div class=\"col-md-7\"><\/p>\n<h3><span class=\"ez-toc-section\" id=\"Redes_sociales_de_Expertia\"><\/span>Redes sociales de Expertia<span class=\"ez-toc-section-end\"><\/span><\/h3>\n<p>Fb, Twitter o bien Instagram son parte de las herramientas con m\u00e1s difusi\u00f3n a nivel mundial y de las que son participantes la mayor parte de personas. Expertia no se queda atr\u00e1s. Dispone de diferentes plataformas, en las que podr\u00e1s encontrar la informaci\u00f3n b\u00e1sica a fin de que pueda ponerse en contacto con ella o bien saber un poco sobre qui\u00e9nes son. Buscando su nombre, hallar\u00e1 el perfil y va a acceder a la informaci\u00f3n. En \u00e9l podr\u00e1 ver im\u00e1genes, la ubicaci\u00f3n de la sede oficial, el enlace de el sitio web pertinente, si hay alguna oferta disponible e, aun, puede ponerse en contacto a trav\u00e9s de dicha plataforma, sin necesidad de llamar o enviar un correo electr\u00f3nico en ese mismo instante si no le resulta posible.<br \/>\n<\/div><\/div><\/div><\/p>\n<\/div>\n<p><div class=\"oficinas\"> <h3><span class=\"ez-toc-section\" id=\"Paginas_relacionadas\"><\/span>P\u00e1ginas relacionadas<span class=\"ez-toc-section-end\"><\/span><\/h3><div class=\"enlazado\"><ul> <li><a href=\"https:\/\/idecesos.com\/seguros\/companias\/expertia\/coberturas\/\">Coberturas Seguro de Decesos Expertia<\/a><\/li> <li><a href=\"https:\/\/idecesos.com\/seguros\/companias\/expertia\/opiniones\/\">Opiniones Expertia<\/a><\/li> <li><a href=\"https:\/\/idecesos.com\/seguros\/companias\/expertia\/precio\/\">Precio seguro Expertia<\/a><\/li> <li><a href=\"https:\/\/idecesos.com\/seguros\/companias\/expertia\/prima-mixta\/\">Expertia Prima Mixta<\/a><\/li> <li><a href=\"https:\/\/idecesos.com\/seguros\/companias\/expertia\/prima-natural\/\">Expertia Prima Natural<\/a><\/li> <li><a href=\"https:\/\/idecesos.com\/seguros\/companias\/expertia\/prima-nivelada\/\">Expertia Prima Nivelada<\/a><\/li> <li><a href=\"https:\/\/idecesos.com\/seguros\/companias\/expertia\/prima-unica\/\">Expertia Prima \u00danica<\/a><\/li> <li><a href=\"https:\/\/idecesos.com\/seguros\/companias\/expertia\/repatriacion\/\">Expertia Repatriaci\u00f3n<\/a><\/li> <li><a href=\"https:\/\/idecesos.com\/seguros\/companias\/expertia\/telefono\/\">Tel\u00e9fono Gratuito Expertia<\/a><\/li><\/ul><\/div> <\/div><\/p>\n","protected":false},"excerpt":{"rendered":"<p>Expertia le proporciona m\u00faltiples opciones a fin de que pueda ponerse en contacto con la compa\u00f1\u00eda, y de este modo poder resolver sus dudas, preguntar sus inquietudes y consultar sobre su seguro de decesos. Elegido el procedimiento que m\u00e1s me amolde a usted, un agente experto en el tema le ayudar\u00e1 con todas y cada&hellip; <\/p>\n","protected":false},"author":1,"featured_media":0,"parent":356,"menu_order":0,"comment_status":"closed","ping_status":"closed","template":"single.php","meta":{"footnotes":""},"class_list":["post-15315","page","type-page","status-publish","hentry"],"yoast_head":"<!-- This site is optimized with the Yoast SEO plugin v27.3 - https:\/\/yoast.com\/product\/yoast-seo-wordpress\/ -->\n<title>Tel\u00e9fono Gratuito Expertia \u25b7Atenci\u00f3n Cliente, Email, RRSS, Web<\/title>\n<meta name=\"description\" content=\"Busca aqu\u00ed\u3010Expertia seguros tel\u00e9fono gratuito\u3011Expertia Decesos tel\u00e9fono gratis: atenci\u00f3n al cliente y contrataciones \u2611\ufe0fVerificado en 2026\" \/>\n<meta name=\"robots\" content=\"index, follow, max-snippet:-1, max-image-preview:large, max-video-preview:-1\" \/>\n<link rel=\"canonical\" href=\"https:\/\/idecesos.com\/seguros\/companias\/expertia\/telefono\/\" \/>\n<meta property=\"og:locale\" content=\"es_ES\" \/>\n<meta property=\"og:type\" content=\"article\" \/>\n<meta property=\"og:title\" content=\"Tel\u00e9fono Gratuito Expertia \u25b7Atenci\u00f3n Cliente, Email, RRSS, Web\" \/>\n<meta property=\"og:description\" content=\"Busca aqu\u00ed\u3010Expertia seguros tel\u00e9fono gratuito\u3011Expertia Decesos tel\u00e9fono gratis: atenci\u00f3n al cliente y contrataciones \u2611\ufe0fVerificado en 2026\" \/>\n<meta property=\"og:url\" content=\"https:\/\/idecesos.com\/seguros\/companias\/expertia\/telefono\/\" \/>\n<meta property=\"article:modified_time\" content=\"2022-04-05T10:11:45+00:00\" \/>\n<meta name=\"twitter:card\" content=\"summary_large_image\" \/>\n<meta name=\"twitter:label1\" content=\"Tiempo de lectura\" \/>\n\t<meta name=\"twitter:data1\" content=\"5 minutos\" \/>\n<script type=\"application\/ld+json\" class=\"yoast-schema-graph\">{\"@context\":\"https:\\\/\\\/schema.org\",\"@graph\":[{\"@type\":\"WebPage\",\"@id\":\"https:\\\/\\\/idecesos.com\\\/seguros\\\/companias\\\/expertia\\\/telefono\\\/\",\"url\":\"https:\\\/\\\/idecesos.com\\\/seguros\\\/companias\\\/expertia\\\/telefono\\\/\",\"name\":\"Tel\u00e9fono Gratuito Expertia \u25b7Atenci\u00f3n Cliente, Email, RRSS, Web\",\"isPartOf\":{\"@id\":\"https:\\\/\\\/idecesos.com\\\/seguros\\\/#website\"},\"datePublished\":\"2021-11-25T10:10:20+00:00\",\"dateModified\":\"2022-04-05T10:11:45+00:00\",\"description\":\"Busca aqu\u00ed\u3010Expertia seguros tel\u00e9fono gratuito\u3011Expertia Decesos tel\u00e9fono gratis: atenci\u00f3n al cliente y contrataciones \u2611\ufe0fVerificado en 2026\",\"breadcrumb\":{\"@id\":\"https:\\\/\\\/idecesos.com\\\/seguros\\\/companias\\\/expertia\\\/telefono\\\/#breadcrumb\"},\"inLanguage\":\"es\",\"potentialAction\":[{\"@type\":\"ReadAction\",\"target\":[\"https:\\\/\\\/idecesos.com\\\/seguros\\\/companias\\\/expertia\\\/telefono\\\/\"]}]},{\"@type\":\"BreadcrumbList\",\"@id\":\"https:\\\/\\\/idecesos.com\\\/seguros\\\/companias\\\/expertia\\\/telefono\\\/#breadcrumb\",\"itemListElement\":[{\"@type\":\"ListItem\",\"position\":1,\"name\":\"Portada\",\"item\":\"https:\\\/\\\/idecesos.com\\\/seguros\\\/\"},{\"@type\":\"ListItem\",\"position\":2,\"name\":\"Compa\u00f1\u00edas de Seguros de Decesos en Espa\u00f1a\",\"item\":\"https:\\\/\\\/idecesos.com\\\/seguros\\\/companias\\\/\"},{\"@type\":\"ListItem\",\"position\":3,\"name\":\"Seguro de decesos Expertia\",\"item\":\"https:\\\/\\\/idecesos.com\\\/seguros\\\/companias\\\/expertia\\\/\"},{\"@type\":\"ListItem\",\"position\":4,\"name\":\"Atenci\u00f3n al cliente Expertia: telefono gratuito, e-mail\"}]},{\"@type\":\"WebSite\",\"@id\":\"https:\\\/\\\/idecesos.com\\\/seguros\\\/#website\",\"url\":\"https:\\\/\\\/idecesos.com\\\/seguros\\\/\",\"name\":\"\",\"description\":\"\",\"potentialAction\":[{\"@type\":\"SearchAction\",\"target\":{\"@type\":\"EntryPoint\",\"urlTemplate\":\"https:\\\/\\\/idecesos.com\\\/seguros\\\/?s={search_term_string}\"},\"query-input\":{\"@type\":\"PropertyValueSpecification\",\"valueRequired\":true,\"valueName\":\"search_term_string\"}}],\"inLanguage\":\"es\"}]}<\/script>\n<!-- \/ Yoast SEO plugin. -->","yoast_head_json":{"title":"Tel\u00e9fono Gratuito Expertia \u25b7Atenci\u00f3n Cliente, Email, RRSS, Web","description":"Busca aqu\u00ed\u3010Expertia seguros tel\u00e9fono gratuito\u3011Expertia Decesos tel\u00e9fono gratis: atenci\u00f3n al cliente y contrataciones \u2611\ufe0fVerificado en 2026","robots":{"index":"index","follow":"follow","max-snippet":"max-snippet:-1","max-image-preview":"max-image-preview:large","max-video-preview":"max-video-preview:-1"},"canonical":"https:\/\/idecesos.com\/seguros\/companias\/expertia\/telefono\/","og_locale":"es_ES","og_type":"article","og_title":"Tel\u00e9fono Gratuito Expertia \u25b7Atenci\u00f3n Cliente, Email, RRSS, Web","og_description":"Busca aqu\u00ed\u3010Expertia seguros tel\u00e9fono gratuito\u3011Expertia Decesos tel\u00e9fono gratis: atenci\u00f3n al cliente y contrataciones \u2611\ufe0fVerificado en 2026","og_url":"https:\/\/idecesos.com\/seguros\/companias\/expertia\/telefono\/","article_modified_time":"2022-04-05T10:11:45+00:00","twitter_card":"summary_large_image","twitter_misc":{"Tiempo de lectura":"5 minutos"},"schema":{"@context":"https:\/\/schema.org","@graph":[{"@type":"WebPage","@id":"https:\/\/idecesos.com\/seguros\/companias\/expertia\/telefono\/","url":"https:\/\/idecesos.com\/seguros\/companias\/expertia\/telefono\/","name":"Tel\u00e9fono Gratuito Expertia \u25b7Atenci\u00f3n Cliente, Email, RRSS, Web","isPartOf":{"@id":"https:\/\/idecesos.com\/seguros\/#website"},"datePublished":"2021-11-25T10:10:20+00:00","dateModified":"2022-04-05T10:11:45+00:00","description":"Busca aqu\u00ed\u3010Expertia seguros tel\u00e9fono gratuito\u3011Expertia Decesos tel\u00e9fono gratis: atenci\u00f3n al cliente y contrataciones \u2611\ufe0fVerificado en 2026","breadcrumb":{"@id":"https:\/\/idecesos.com\/seguros\/companias\/expertia\/telefono\/#breadcrumb"},"inLanguage":"es","potentialAction":[{"@type":"ReadAction","target":["https:\/\/idecesos.com\/seguros\/companias\/expertia\/telefono\/"]}]},{"@type":"BreadcrumbList","@id":"https:\/\/idecesos.com\/seguros\/companias\/expertia\/telefono\/#breadcrumb","itemListElement":[{"@type":"ListItem","position":1,"name":"Portada","item":"https:\/\/idecesos.com\/seguros\/"},{"@type":"ListItem","position":2,"name":"Compa\u00f1\u00edas de Seguros de Decesos en Espa\u00f1a","item":"https:\/\/idecesos.com\/seguros\/companias\/"},{"@type":"ListItem","position":3,"name":"Seguro de decesos Expertia","item":"https:\/\/idecesos.com\/seguros\/companias\/expertia\/"},{"@type":"ListItem","position":4,"name":"Atenci\u00f3n al cliente Expertia: telefono gratuito, e-mail"}]},{"@type":"WebSite","@id":"https:\/\/idecesos.com\/seguros\/#website","url":"https:\/\/idecesos.com\/seguros\/","name":"","description":"","potentialAction":[{"@type":"SearchAction","target":{"@type":"EntryPoint","urlTemplate":"https:\/\/idecesos.com\/seguros\/?s={search_term_string}"},"query-input":{"@type":"PropertyValueSpecification","valueRequired":true,"valueName":"search_term_string"}}],"inLanguage":"es"}]}},"_links":{"self":[{"href":"https:\/\/idecesos.com\/seguros\/wp-json\/wp\/v2\/pages\/15315","targetHints":{"allow":["GET"]}}],"collection":[{"href":"https:\/\/idecesos.com\/seguros\/wp-json\/wp\/v2\/pages"}],"about":[{"href":"https:\/\/idecesos.com\/seguros\/wp-json\/wp\/v2\/types\/page"}],"author":[{"embeddable":true,"href":"https:\/\/idecesos.com\/seguros\/wp-json\/wp\/v2\/users\/1"}],"replies":[{"embeddable":true,"href":"https:\/\/idecesos.com\/seguros\/wp-json\/wp\/v2\/comments?post=15315"}],"version-history":[{"count":10,"href":"https:\/\/idecesos.com\/seguros\/wp-json\/wp\/v2\/pages\/15315\/revisions"}],"predecessor-version":[{"id":20984,"href":"https:\/\/idecesos.com\/seguros\/wp-json\/wp\/v2\/pages\/15315\/revisions\/20984"}],"up":[{"embeddable":true,"href":"https:\/\/idecesos.com\/seguros\/wp-json\/wp\/v2\/pages\/356"}],"wp:attachment":[{"href":"https:\/\/idecesos.com\/seguros\/wp-json\/wp\/v2\/media?parent=15315"}],"curies":[{"name":"wp","href":"https:\/\/api.w.org\/{rel}","templated":true}]}}