{"id":15317,"date":"2021-11-26T09:12:24","date_gmt":"2021-11-25T10:10:21","guid":{"rendered":"https:\/\/idecesos.com\/seguros\/companias\/ibercaja\/telefono\/"},"modified":"2022-04-05T10:45:17","modified_gmt":"2022-04-05T10:45:17","slug":"telefono","status":"publish","type":"page","link":"https:\/\/idecesos.com\/seguros\/companias\/ibercaja\/telefono\/","title":{"rendered":"Atenci\u00f3n al cliente Ibercaja: telefono gratuito, e-mail"},"content":{"rendered":"<div id=\"ez-toc-container\" class=\"ez-toc-v2_0_82_2 ez-toc-wrap-center counter-hierarchy ez-toc-counter ez-toc-custom ez-toc-container-direction\">\n<div class=\"ez-toc-title-container\">\n<p class=\"ez-toc-title\" style=\"cursor:inherit\">Tabla de Contenido<\/p>\n<span class=\"ez-toc-title-toggle\"><a href=\"#\" class=\"ez-toc-pull-right ez-toc-btn ez-toc-btn-xs ez-toc-btn-default ez-toc-toggle\" aria-label=\"Alternar tabla de contenidos\"><span class=\"ez-toc-js-icon-con\"><span class=\"\"><span class=\"eztoc-hide\" style=\"display:none;\">Toggle<\/span><span class=\"ez-toc-icon-toggle-span\"><svg style=\"fill: #db6415;color:#db6415\" xmlns=\"http:\/\/www.w3.org\/2000\/svg\" class=\"list-377408\" width=\"20px\" height=\"20px\" viewBox=\"0 0 24 24\" fill=\"none\"><path d=\"M6 6H4v2h2V6zm14 0H8v2h12V6zM4 11h2v2H4v-2zm16 0H8v2h12v-2zM4 16h2v2H4v-2zm16 0H8v2h12v-2z\" fill=\"currentColor\"><\/path><\/svg><svg style=\"fill: #db6415;color:#db6415\" class=\"arrow-unsorted-368013\" xmlns=\"http:\/\/www.w3.org\/2000\/svg\" width=\"10px\" height=\"10px\" viewBox=\"0 0 24 24\" version=\"1.2\" baseProfile=\"tiny\"><path d=\"M18.2 9.3l-6.2-6.3-6.2 6.3c-.2.2-.3.4-.3.7s.1.5.3.7c.2.2.4.3.7.3h11c.3 0 .5-.1.7-.3.2-.2.3-.5.3-.7s-.1-.5-.3-.7zM5.8 14.7l6.2 6.3 6.2-6.3c.2-.2.3-.5.3-.7s-.1-.5-.3-.7c-.2-.2-.4-.3-.7-.3h-11c-.3 0-.5.1-.7.3-.2.2-.3.5-.3.7s.1.5.3.7z\"\/><\/svg><\/span><\/span><\/span><\/a><\/span><\/div>\n<nav><ul class='ez-toc-list ez-toc-list-level-1 ' ><ul class='ez-toc-list-level-4' ><li class='ez-toc-heading-level-4'><ul class='ez-toc-list-level-4' ><li class='ez-toc-heading-level-4'><a class=\"ez-toc-link ez-toc-heading-1\" href=\"https:\/\/idecesos.com\/seguros\/companias\/ibercaja\/telefono\/#Telefono_Contrataciones_951_127_403\" >Tel\u00e9fono Contrataciones \n951 127 403<\/a><\/li><\/ul><\/li><\/ul><\/li><li class='ez-toc-page-1 ez-toc-heading-level-2'><a class=\"ez-toc-link ez-toc-heading-2\" href=\"https:\/\/idecesos.com\/seguros\/companias\/ibercaja\/telefono\/#%C2%BFComo_contactar_con_Ibercaja\" >\u00bfC\u00f3mo contactar con Ibercaja?<\/a><ul class='ez-toc-list-level-3' ><li class='ez-toc-heading-level-3'><a class=\"ez-toc-link ez-toc-heading-3\" href=\"https:\/\/idecesos.com\/seguros\/companias\/ibercaja\/telefono\/#Telefono_gratuito_de_Ibercaja\" >Tel\u00e9fono gratuito de Ibercaja<\/a><\/li><li class='ez-toc-page-1 ez-toc-heading-level-3'><a class=\"ez-toc-link ez-toc-heading-4\" href=\"https:\/\/idecesos.com\/seguros\/companias\/ibercaja\/telefono\/#Horario_de_atencion_al_cliente_de_Ibercaja\" >Horario de atenci\u00f3n al cliente de Ibercaja<\/a><\/li><li class='ez-toc-page-1 ez-toc-heading-level-3'><a class=\"ez-toc-link ez-toc-heading-5\" href=\"https:\/\/idecesos.com\/seguros\/companias\/ibercaja\/telefono\/#Correo_electronico_de_Ibercaja\" >Correo electr\u00f3nico de Ibercaja<\/a><\/li><li class='ez-toc-page-1 ez-toc-heading-level-3'><a class=\"ez-toc-link ez-toc-heading-6\" href=\"https:\/\/idecesos.com\/seguros\/companias\/ibercaja\/telefono\/#Formulario_en_el_sitio_Web_de_Ibercaja\" >Formulario en el sitio Web de Ibercaja<\/a><\/li><li class='ez-toc-page-1 ez-toc-heading-level-3'><a class=\"ez-toc-link ez-toc-heading-7\" href=\"https:\/\/idecesos.com\/seguros\/companias\/ibercaja\/telefono\/#Redes_sociales_de_Ibercaja\" >Redes sociales de Ibercaja<\/a><\/li><li class='ez-toc-page-1 ez-toc-heading-level-3'><a class=\"ez-toc-link ez-toc-heading-8\" href=\"https:\/\/idecesos.com\/seguros\/companias\/ibercaja\/telefono\/#Paginas_relacionadas\" >P\u00e1ginas relacionadas<\/a><\/li><\/ul><\/li><\/ul><\/nav><\/div>\n\n<div class=\"caja\">\n<div class=\"cajaIcono2 \"  ><div class=\"cuadro\" style=\"box-shadow: inset 0 0 0 3px #ff790e\"><div class=\"iconoCircular\" style=\"border: 3px solid #ff790e\">\t\t\n\t\t\t\t\t<div class=\"iconoCirculo\">\n\t\t\t\t\t  <i class=\"fas fa-phone-volume\"><\/i>\n\t\t\t\t\t<\/div>\n\t\t\t\t<\/div><div class=\"\">\n<h4 style=\"text-align: center;\"><span class=\"ez-toc-section\" id=\"Telefono_Contrataciones_951_127_403\"><\/span><strong>Tel\u00e9fono Contrataciones<br \/>\n951 127 403<\/strong><span class=\"ez-toc-section-end\"><\/span><\/h4>\n<p><\/div><\/div><\/div><br \/>\nIbercaja ofrece diferentes m\u00e9todos de contacto, accesibles a todo el mundo, para que puedan obtener informaci\u00f3n sin ning\u00fan g\u00e9nero de complejidad y complejidad. Con todas y cada una , no tendr\u00e1 la necesidad de desplazarse si no le resulta posible y, conseguir\u00e1 una veloz y sencilla respuesta por la parte del asesor especialista en seguros de decesos. La compa\u00f1\u00eda es consciente del instante tan fr\u00e1gil que es la p\u00e9rdida de un ser querido, por lo que todo estar\u00e1 cerrado para cuando llegue el d\u00eda y cada uno de los profesionales tratar\u00e1n las cuestiones con la delicadez y respeto que merece. La informaci\u00f3n que se le podr\u00e1 facilitar y cubrir sobre su seguro girar\u00e1 en torno a las diferentes coberturas (seguro dental, de traslado nacional e internacional del fallecido y de accidentes), indemnizaci\u00f3n diaria por hospitalizaci\u00f3n, ayuda sicol\u00f3gica, diferentes servicios (de testamento, f\u00fanebre) y otros m\u00e1s.<br \/>\n<\/div><\/p>\n<div class=\"colorf \"  ><div class=\"container clearfix\"><div class=\"col-md-7\"><\/p>\n<h2><span class=\"ez-toc-section\" id=\"%C2%BFComo_contactar_con_Ibercaja\"><\/span>\u00bfC\u00f3mo contactar con Ibercaja?<span class=\"ez-toc-section-end\"><\/span><\/h2>\n<p>A fin de que le resulte posible contactar con Ibercaja, tiene a su disposici\u00f3n un tel\u00e9fono de contacto, completamente gratis, un e mail, p\u00e1gina web con un formulario a rellenar y perfiles en distintas redes sociales.<br \/>\n<\/div><\/div><\/div>\n<h3><span class=\"ez-toc-section\" id=\"Telefono_gratuito_de_Ibercaja\"><\/span>Tel\u00e9fono gratuito de Ibercaja<span class=\"ez-toc-section-end\"><\/span><\/h3>\n<p>Para que le resulte sencillo localizar respuestas a sus preguntas, cuestiones, etc\u00e9teraCon respecto a su seguro decesos, es fundamental conocer el tel\u00e9fono de contacto que brinda para poder establecer un v\u00ednculo con el usuario. Al no saber cu\u00e1nto puede perdurar la charla, sus dudas o bien explicaciones, es la manera m\u00e1s f\u00e1cil de sostener contacto con el profesional y, de esta manera, tendr\u00e1 una comunicaci\u00f3n m\u00e1s pr\u00f3xima. Se acabaron las esperas, Ibercaja da el pr\u00f3ximo tel\u00e9fono gratuito <strong>976 74 88 00<\/strong> con el que podr\u00e1s contactar con los especialistas sin tener que desplazarse hasta alguna oficina.<br \/>\n<div class=\"colorf\"><div class=\"container clearfix\"><div class=\"col-md-7\"><\/p>\n<div class=\"cabecera_tabla_ajustada \"  style=\"width:80%\" ><div class=\"row\"><\/div>\n<div class=\"fila_tabla4 \"  ><div class=\"row\"><div class=\"col-8 nosepara izq\"><p><strong>Tel\u00e9fono para contrataciones<\/strong><\/p><\/div><div class=\"col-4 nosepara centro\">951 127 403<\/div><\/div><\/div>\n<div class=\"pie_tabla \"  ><div class=\"row\"><div class=\"col-12 \"><\/div><\/div><\/div><\/div>\n<\/div><\/div><\/div>\n<h3><span class=\"ez-toc-section\" id=\"Horario_de_atencion_al_cliente_de_Ibercaja\"><\/span>Horario de atenci\u00f3n al cliente de Ibercaja<span class=\"ez-toc-section-end\"><\/span><\/h3>\n<p>La compa\u00f1\u00eda no es siendo consciente de la disponibilidad horaria de cada persona, por ende, ha creado un horario espec\u00edfico (ma\u00f1ana y tarde) a fin de que pueda ponerse en contacto siempre que lo desee. Se le dar\u00e1 la ayuda precisa a fin de que sea de su agrado el trato y la confianza dada por los aconsejes. De esta manera, va a ser m\u00e1s sencillo el contacto directo con la empresa. En el mismo momento de la llamada, podr\u00e1 hablar de manera fluida con el consultor sobre cualquier cuesti\u00f3n relacionada con su seguro. El horario libre es: <strong>horario Ibercaja<\/strong><br \/>\n<div class=\"colorf\"><div class=\"container clearfix\"><div class=\"col-md-7\"><\/p>\n<h3><span class=\"ez-toc-section\" id=\"Correo_electronico_de_Ibercaja\"><\/span>Correo electr\u00f3nico de Ibercaja<span class=\"ez-toc-section-end\"><\/span><\/h3>\n<p>La poblaci\u00f3n est\u00e1 al tanto de lo importante que es, en los tiempos que vivimos, Internet, con lo que disponen de perfiles en plataformas de mensajer\u00eda como Hotmail o bien Gmail. Con este servicio, formar\u00e1n una parte del flujo de informaci\u00f3n que se establezca entre dos o bien m\u00e1s personas. El uso de dicha herramienta favorecer\u00e1 el poder percibir datos e informaci\u00f3n sobre su seguro de decesos. Con el pr\u00f3ximo e-mail <strong>atencioncliente@ibercaja.es. <\/strong>Ibercaja le ser\u00e1 posible enviarle cualquier tipo de duda que tenga respecto a su prima, por servirnos de un ejemplo. Obtener la mejor respuesta para esclarecer lo que quieras saber es tan f\u00e1cil como, mandar un e-mail y, aparte de conseguir las mejores contestaciones, llegar\u00e1 a un buen entendimiento.<br \/>\n<\/div><\/div><\/div><\/p>\n<h3><span class=\"ez-toc-section\" id=\"Formulario_en_el_sitio_Web_de_Ibercaja\"><\/span>Formulario en el sitio Web de Ibercaja<span class=\"ez-toc-section-end\"><\/span><\/h3>\n<p>Acudir a los buscadores web de Internet para hallar respuestas a tus preguntas es, en la actualidad, uno de los actos m\u00e1s habituales. Con una disponible completa para todo el mundo y un acceso gratuito, Internet es la plataforma l\u00edder dle mercado en b\u00fasquedas. Tecleando el nombre de Ibercaja vas a poder hallar todo cuanto quieras saber sobre su seguro de decesos en su p\u00e1gina <strong>www.ibercaja.es\/<\/strong>. Toda la informaci\u00f3n que econtrar\u00e1s virar\u00e1 en torno a las distintas coberturas, costes y ventajas que tienen sus servicios a fin de que puedas conseguir toda la informaci\u00f3n necesaria ya antes del asesoramiento. En la p\u00e1gina web de Ibercaja encontrar\u00e1s un formulario que vas a deber rellenar con sus datos apartados como nombre y apellidos, e-mail, n\u00famero de tel\u00e9fono&#8230; a fin de que el agente especialista en el tema pueda solucionar sus preguntas y cuestiones lo m\u00e1s r\u00e1pido posible.<br \/>\n<div class=\"colorf\"><div class=\"container clearfix\"><div class=\"col-md-7\"><\/p>\n<h3><span class=\"ez-toc-section\" id=\"Redes_sociales_de_Ibercaja\"><\/span>Redes sociales de Ibercaja<span class=\"ez-toc-section-end\"><\/span><\/h3>\n<p>Las redes sociales junto a internet han globalizado el planeta. Es precisamente por esto que son utilizadas como herramientas para difundir notific\u00f3 y alcanzar a miles y miles de personas. Su utilidad hace que las personas cuenten por lo menos con una de ellas o bien hasta con las cuatro. Ibercaja tiene una cuenta propia en alguna de estas redes sociales. En cada cuenta, Ibercaja ofrece im\u00e1genes, ofertas, v\u00eddeos y muchos m\u00e1s acerca de sus servicios con un trato m\u00e1s pr\u00f3ximo al cliente del servicio. En ciertas redes sociales puedes contactar con Ibercaja para que de esta manera puedas sostener el contacto con ellos sin buscar ning\u00fan tel\u00e9fono o bien correo.<br \/>\n<\/div><\/div><\/div><\/p>\n<\/div>\n<p><div class=\"oficinas\"> <h3><span class=\"ez-toc-section\" id=\"Paginas_relacionadas\"><\/span>P\u00e1ginas relacionadas<span class=\"ez-toc-section-end\"><\/span><\/h3><div class=\"enlazado\"><ul> <li><a href=\"https:\/\/idecesos.com\/seguros\/companias\/ibercaja\/opiniones\/\">Opiniones Ibercaja<\/a><\/li> <li><a href=\"https:\/\/idecesos.com\/seguros\/companias\/ibercaja\/precio\/\">Precio seguro Ibercaja<\/a><\/li> <li><a href=\"https:\/\/idecesos.com\/seguros\/companias\/ibercaja\/prima-mixta\/\">Ibercaja Prima Mixta<\/a><\/li> <li><a href=\"https:\/\/idecesos.com\/seguros\/companias\/ibercaja\/prima-natural\/\">Ibercaja Prima Natural<\/a><\/li> <li><a href=\"https:\/\/idecesos.com\/seguros\/companias\/ibercaja\/prima-nivelada\/\">Ibercaja Prima Nivelada<\/a><\/li> <li><a href=\"https:\/\/idecesos.com\/seguros\/companias\/ibercaja\/prima-unica\/\">Ibercaja Prima \u00danica<\/a><\/li> <li><a href=\"https:\/\/idecesos.com\/seguros\/companias\/ibercaja\/repatriacion\/\">Ibercaja Repatriaci\u00f3n<\/a><\/li> <li><a href=\"https:\/\/idecesos.com\/seguros\/companias\/ibercaja\/telefono\/\">Tel\u00e9fono Gratuito Ibercaja<\/a><\/li><\/ul><\/div> <\/div><\/p>\n","protected":false},"excerpt":{"rendered":"<p>Ibercaja ofrece diferentes m\u00e9todos de contacto, accesibles a todo el mundo, para que puedan obtener informaci\u00f3n sin ning\u00fan g\u00e9nero de complejidad y complejidad. Con todas y cada una , no tendr\u00e1 la necesidad de desplazarse si no le resulta posible y, conseguir\u00e1 una veloz y sencilla respuesta por la parte del asesor especialista en seguros&hellip; <\/p>\n","protected":false},"author":1,"featured_media":0,"parent":367,"menu_order":0,"comment_status":"closed","ping_status":"closed","template":"single.php","meta":{"footnotes":""},"class_list":["post-15317","page","type-page","status-publish","hentry"],"yoast_head":"<!-- This site is optimized with the Yoast SEO plugin v27.5 - https:\/\/yoast.com\/product\/yoast-seo-wordpress\/ -->\n<title>Tel\u00e9fono Gratuito Ibercaja \u25b7Atenci\u00f3n Cliente, Email, RRSS, Web<\/title>\n<meta name=\"description\" content=\"Busca aqu\u00ed\u3010Ibercaja seguros tel\u00e9fono gratuito\u3011Ibercaja Decesos tel\u00e9fono gratis: atenci\u00f3n al cliente y contrataciones \u2611\ufe0fVerificado en 2026\" \/>\n<meta name=\"robots\" content=\"index, follow, max-snippet:-1, max-image-preview:large, max-video-preview:-1\" \/>\n<link rel=\"canonical\" href=\"https:\/\/idecesos.com\/seguros\/companias\/ibercaja\/telefono\/\" \/>\n<meta property=\"og:locale\" content=\"es_ES\" \/>\n<meta property=\"og:type\" content=\"article\" \/>\n<meta property=\"og:title\" content=\"Tel\u00e9fono Gratuito Ibercaja \u25b7Atenci\u00f3n Cliente, Email, RRSS, Web\" \/>\n<meta property=\"og:description\" content=\"Busca aqu\u00ed\u3010Ibercaja seguros tel\u00e9fono gratuito\u3011Ibercaja Decesos tel\u00e9fono gratis: atenci\u00f3n al cliente y contrataciones \u2611\ufe0fVerificado en 2026\" \/>\n<meta property=\"og:url\" content=\"https:\/\/idecesos.com\/seguros\/companias\/ibercaja\/telefono\/\" \/>\n<meta property=\"article:modified_time\" content=\"2022-04-05T10:45:17+00:00\" \/>\n<meta name=\"twitter:card\" content=\"summary_large_image\" \/>\n<meta name=\"twitter:label1\" content=\"Tiempo de lectura\" \/>\n\t<meta name=\"twitter:data1\" content=\"4 minutos\" \/>\n<script type=\"application\/ld+json\" class=\"yoast-schema-graph\">{\"@context\":\"https:\\\/\\\/schema.org\",\"@graph\":[{\"@type\":\"WebPage\",\"@id\":\"https:\\\/\\\/idecesos.com\\\/seguros\\\/companias\\\/ibercaja\\\/telefono\\\/\",\"url\":\"https:\\\/\\\/idecesos.com\\\/seguros\\\/companias\\\/ibercaja\\\/telefono\\\/\",\"name\":\"Tel\u00e9fono Gratuito Ibercaja \u25b7Atenci\u00f3n Cliente, Email, RRSS, Web\",\"isPartOf\":{\"@id\":\"https:\\\/\\\/idecesos.com\\\/seguros\\\/#website\"},\"datePublished\":\"2021-11-25T10:10:21+00:00\",\"dateModified\":\"2022-04-05T10:45:17+00:00\",\"description\":\"Busca aqu\u00ed\u3010Ibercaja seguros tel\u00e9fono gratuito\u3011Ibercaja Decesos tel\u00e9fono gratis: atenci\u00f3n al cliente y contrataciones \u2611\ufe0fVerificado en 2026\",\"breadcrumb\":{\"@id\":\"https:\\\/\\\/idecesos.com\\\/seguros\\\/companias\\\/ibercaja\\\/telefono\\\/#breadcrumb\"},\"inLanguage\":\"es\",\"potentialAction\":[{\"@type\":\"ReadAction\",\"target\":[\"https:\\\/\\\/idecesos.com\\\/seguros\\\/companias\\\/ibercaja\\\/telefono\\\/\"]}]},{\"@type\":\"BreadcrumbList\",\"@id\":\"https:\\\/\\\/idecesos.com\\\/seguros\\\/companias\\\/ibercaja\\\/telefono\\\/#breadcrumb\",\"itemListElement\":[{\"@type\":\"ListItem\",\"position\":1,\"name\":\"Portada\",\"item\":\"https:\\\/\\\/idecesos.com\\\/seguros\\\/\"},{\"@type\":\"ListItem\",\"position\":2,\"name\":\"Compa\u00f1\u00edas de Seguros de Decesos en Espa\u00f1a\",\"item\":\"https:\\\/\\\/idecesos.com\\\/seguros\\\/companias\\\/\"},{\"@type\":\"ListItem\",\"position\":3,\"name\":\"Seguro de decesos Ibercaja\",\"item\":\"https:\\\/\\\/idecesos.com\\\/seguros\\\/companias\\\/ibercaja\\\/\"},{\"@type\":\"ListItem\",\"position\":4,\"name\":\"Atenci\u00f3n al cliente Ibercaja: telefono gratuito, e-mail\"}]},{\"@type\":\"WebSite\",\"@id\":\"https:\\\/\\\/idecesos.com\\\/seguros\\\/#website\",\"url\":\"https:\\\/\\\/idecesos.com\\\/seguros\\\/\",\"name\":\"\",\"description\":\"\",\"potentialAction\":[{\"@type\":\"SearchAction\",\"target\":{\"@type\":\"EntryPoint\",\"urlTemplate\":\"https:\\\/\\\/idecesos.com\\\/seguros\\\/?s={search_term_string}\"},\"query-input\":{\"@type\":\"PropertyValueSpecification\",\"valueRequired\":true,\"valueName\":\"search_term_string\"}}],\"inLanguage\":\"es\"}]}<\/script>\n<!-- \/ Yoast SEO plugin. -->","yoast_head_json":{"title":"Tel\u00e9fono Gratuito Ibercaja \u25b7Atenci\u00f3n Cliente, Email, RRSS, Web","description":"Busca aqu\u00ed\u3010Ibercaja seguros tel\u00e9fono gratuito\u3011Ibercaja Decesos tel\u00e9fono gratis: atenci\u00f3n al cliente y contrataciones \u2611\ufe0fVerificado en 2026","robots":{"index":"index","follow":"follow","max-snippet":"max-snippet:-1","max-image-preview":"max-image-preview:large","max-video-preview":"max-video-preview:-1"},"canonical":"https:\/\/idecesos.com\/seguros\/companias\/ibercaja\/telefono\/","og_locale":"es_ES","og_type":"article","og_title":"Tel\u00e9fono Gratuito Ibercaja \u25b7Atenci\u00f3n Cliente, Email, RRSS, Web","og_description":"Busca aqu\u00ed\u3010Ibercaja seguros tel\u00e9fono gratuito\u3011Ibercaja Decesos tel\u00e9fono gratis: atenci\u00f3n al cliente y contrataciones \u2611\ufe0fVerificado en 2026","og_url":"https:\/\/idecesos.com\/seguros\/companias\/ibercaja\/telefono\/","article_modified_time":"2022-04-05T10:45:17+00:00","twitter_card":"summary_large_image","twitter_misc":{"Tiempo de lectura":"4 minutos"},"schema":{"@context":"https:\/\/schema.org","@graph":[{"@type":"WebPage","@id":"https:\/\/idecesos.com\/seguros\/companias\/ibercaja\/telefono\/","url":"https:\/\/idecesos.com\/seguros\/companias\/ibercaja\/telefono\/","name":"Tel\u00e9fono Gratuito Ibercaja \u25b7Atenci\u00f3n Cliente, Email, RRSS, Web","isPartOf":{"@id":"https:\/\/idecesos.com\/seguros\/#website"},"datePublished":"2021-11-25T10:10:21+00:00","dateModified":"2022-04-05T10:45:17+00:00","description":"Busca aqu\u00ed\u3010Ibercaja seguros tel\u00e9fono gratuito\u3011Ibercaja Decesos tel\u00e9fono gratis: atenci\u00f3n al cliente y contrataciones \u2611\ufe0fVerificado en 2026","breadcrumb":{"@id":"https:\/\/idecesos.com\/seguros\/companias\/ibercaja\/telefono\/#breadcrumb"},"inLanguage":"es","potentialAction":[{"@type":"ReadAction","target":["https:\/\/idecesos.com\/seguros\/companias\/ibercaja\/telefono\/"]}]},{"@type":"BreadcrumbList","@id":"https:\/\/idecesos.com\/seguros\/companias\/ibercaja\/telefono\/#breadcrumb","itemListElement":[{"@type":"ListItem","position":1,"name":"Portada","item":"https:\/\/idecesos.com\/seguros\/"},{"@type":"ListItem","position":2,"name":"Compa\u00f1\u00edas de Seguros de Decesos en Espa\u00f1a","item":"https:\/\/idecesos.com\/seguros\/companias\/"},{"@type":"ListItem","position":3,"name":"Seguro de decesos Ibercaja","item":"https:\/\/idecesos.com\/seguros\/companias\/ibercaja\/"},{"@type":"ListItem","position":4,"name":"Atenci\u00f3n al cliente Ibercaja: telefono gratuito, e-mail"}]},{"@type":"WebSite","@id":"https:\/\/idecesos.com\/seguros\/#website","url":"https:\/\/idecesos.com\/seguros\/","name":"","description":"","potentialAction":[{"@type":"SearchAction","target":{"@type":"EntryPoint","urlTemplate":"https:\/\/idecesos.com\/seguros\/?s={search_term_string}"},"query-input":{"@type":"PropertyValueSpecification","valueRequired":true,"valueName":"search_term_string"}}],"inLanguage":"es"}]}},"_links":{"self":[{"href":"https:\/\/idecesos.com\/seguros\/wp-json\/wp\/v2\/pages\/15317","targetHints":{"allow":["GET"]}}],"collection":[{"href":"https:\/\/idecesos.com\/seguros\/wp-json\/wp\/v2\/pages"}],"about":[{"href":"https:\/\/idecesos.com\/seguros\/wp-json\/wp\/v2\/types\/page"}],"author":[{"embeddable":true,"href":"https:\/\/idecesos.com\/seguros\/wp-json\/wp\/v2\/users\/1"}],"replies":[{"embeddable":true,"href":"https:\/\/idecesos.com\/seguros\/wp-json\/wp\/v2\/comments?post=15317"}],"version-history":[{"count":10,"href":"https:\/\/idecesos.com\/seguros\/wp-json\/wp\/v2\/pages\/15317\/revisions"}],"predecessor-version":[{"id":20999,"href":"https:\/\/idecesos.com\/seguros\/wp-json\/wp\/v2\/pages\/15317\/revisions\/20999"}],"up":[{"embeddable":true,"href":"https:\/\/idecesos.com\/seguros\/wp-json\/wp\/v2\/pages\/367"}],"wp:attachment":[{"href":"https:\/\/idecesos.com\/seguros\/wp-json\/wp\/v2\/media?parent=15317"}],"curies":[{"name":"wp","href":"https:\/\/api.w.org\/{rel}","templated":true}]}}