{"id":15319,"date":"2021-11-26T09:12:25","date_gmt":"2021-11-25T10:10:22","guid":{"rendered":"https:\/\/idecesos.com\/seguros\/companias\/reale\/telefono\/"},"modified":"2022-04-07T08:23:58","modified_gmt":"2022-04-07T08:23:58","slug":"telefono","status":"publish","type":"page","link":"https:\/\/idecesos.com\/seguros\/companias\/reale\/telefono\/","title":{"rendered":"Atenci\u00f3n al cliente Reale: telefono gratuito, e-mail"},"content":{"rendered":"<div id=\"ez-toc-container\" class=\"ez-toc-v2_0_83 ez-toc-wrap-center counter-hierarchy ez-toc-counter ez-toc-custom ez-toc-container-direction\">\n<div class=\"ez-toc-title-container\">\n<p class=\"ez-toc-title\" style=\"cursor:inherit\">Tabla de Contenido<\/p>\n<span class=\"ez-toc-title-toggle\"><a href=\"#\" class=\"ez-toc-pull-right ez-toc-btn ez-toc-btn-xs ez-toc-btn-default ez-toc-toggle\" aria-label=\"Alternar tabla de contenidos\"><span class=\"ez-toc-js-icon-con\"><span class=\"\"><span class=\"eztoc-hide\" style=\"display:none;\">Toggle<\/span><span class=\"ez-toc-icon-toggle-span\"><svg style=\"fill: #db6415;color:#db6415\" xmlns=\"http:\/\/www.w3.org\/2000\/svg\" class=\"list-377408\" width=\"20px\" height=\"20px\" viewBox=\"0 0 24 24\" fill=\"none\"><path d=\"M6 6H4v2h2V6zm14 0H8v2h12V6zM4 11h2v2H4v-2zm16 0H8v2h12v-2zM4 16h2v2H4v-2zm16 0H8v2h12v-2z\" fill=\"currentColor\"><\/path><\/svg><svg style=\"fill: #db6415;color:#db6415\" class=\"arrow-unsorted-368013\" xmlns=\"http:\/\/www.w3.org\/2000\/svg\" width=\"10px\" height=\"10px\" viewBox=\"0 0 24 24\" version=\"1.2\" baseProfile=\"tiny\"><path d=\"M18.2 9.3l-6.2-6.3-6.2 6.3c-.2.2-.3.4-.3.7s.1.5.3.7c.2.2.4.3.7.3h11c.3 0 .5-.1.7-.3.2-.2.3-.5.3-.7s-.1-.5-.3-.7zM5.8 14.7l6.2 6.3 6.2-6.3c.2-.2.3-.5.3-.7s-.1-.5-.3-.7c-.2-.2-.4-.3-.7-.3h-11c-.3 0-.5.1-.7.3-.2.2-.3.5-.3.7s.1.5.3.7z\"\/><\/svg><\/span><\/span><\/span><\/a><\/span><\/div>\n<nav><ul class='ez-toc-list ez-toc-list-level-1 ' ><ul class='ez-toc-list-level-4' ><li class='ez-toc-heading-level-4'><ul class='ez-toc-list-level-4' ><li class='ez-toc-heading-level-4'><a class=\"ez-toc-link ez-toc-heading-1\" href=\"https:\/\/idecesos.com\/seguros\/companias\/reale\/telefono\/#Telefono_Contrataciones_951_127_403\" >Tel\u00e9fono Contrataciones\r\n951 127 403<\/a><\/li><\/ul><\/li><\/ul><\/li><li class='ez-toc-page-1 ez-toc-heading-level-2'><a class=\"ez-toc-link ez-toc-heading-2\" href=\"https:\/\/idecesos.com\/seguros\/companias\/reale\/telefono\/#%C2%BFComo_contactar_con_Reale\" >\u00bfC\u00f3mo contactar con Reale?<\/a><ul class='ez-toc-list-level-3' ><li class='ez-toc-heading-level-3'><a class=\"ez-toc-link ez-toc-heading-3\" href=\"https:\/\/idecesos.com\/seguros\/companias\/reale\/telefono\/#Telefono_gratuito_de_Reale\" >Tel\u00e9fono gratuito de Reale<\/a><\/li><li class='ez-toc-page-1 ez-toc-heading-level-3'><a class=\"ez-toc-link ez-toc-heading-4\" href=\"https:\/\/idecesos.com\/seguros\/companias\/reale\/telefono\/#Horario_de_atencion_al_cliente_de_Reale\" >Horario de atenci\u00f3n al cliente de Reale<\/a><\/li><li class='ez-toc-page-1 ez-toc-heading-level-3'><a class=\"ez-toc-link ez-toc-heading-5\" href=\"https:\/\/idecesos.com\/seguros\/companias\/reale\/telefono\/#Correo_electronico_de_Reale\" >Correo electr\u00f3nico de Reale<\/a><\/li><li class='ez-toc-page-1 ez-toc-heading-level-3'><a class=\"ez-toc-link ez-toc-heading-6\" href=\"https:\/\/idecesos.com\/seguros\/companias\/reale\/telefono\/#Formulario_en_el_sitio_Web_de_Reale\" >Formulario en el sitio Web de Reale<\/a><\/li><li class='ez-toc-page-1 ez-toc-heading-level-3'><a class=\"ez-toc-link ez-toc-heading-7\" href=\"https:\/\/idecesos.com\/seguros\/companias\/reale\/telefono\/#Redes_sociales_de_Reale\" >Redes sociales de Reale<\/a><\/li><\/ul><\/li><\/ul><\/nav><\/div>\n\n<div class=\"caja\">\n<div class=\"cajaIcono2 \"  ><div class=\"cuadro\" style=\"box-shadow: inset 0 0 0 3px #ff790e\"><div class=\"iconoCircular\" style=\"border: 3px solid #ff790e\">\t\t\n\t\t\t\t\t<div class=\"iconoCirculo\">\n\t\t\t\t\t  <i class=\"fas fa-phone-volume\"><\/i>\n\t\t\t\t\t<\/div>\n\t\t\t\t<\/div><div class=\"\">\n<h4 style=\"text-align: center;\"><strong>Tel\u00e9fono Contrataciones<br \/>\n951 127 403<\/strong><\/h4>\n<p><\/div><\/div><\/div><br \/>\nReale ofrece diferentes m\u00e9todos de contacto, alcanzables a todas las personas, a fin de que puedan obtener informaci\u00f3n sin ning\u00fan tipo de complejidad y complejidad. Sin tener que desplazarse, va a poder obtener con todos los m\u00e9todos disponibles las mejores contestaciones por parte de los especialistas en su seguro de decesos. Todas y cada una de las dudas y preguntas se van a tratar con el mayor respeto posible, aparte de estar todo cerrado y listo para cuando llegue el complejo d\u00eda de la p\u00e9rdida del familiar, ya que es un momento dur\u00edsimo y no es posible estar en estupendas condiciones para poder realizar tr\u00e1mites y cuestiones. La informaci\u00f3n que se le podr\u00e1 facilitar y cubrir sobre su seguro girar\u00e1 en torno a las diferentes coberturas (seguro bucal, de traslado nacional y tambi\u00e9n internacional del fallecido y de accidentes), indemnizaci\u00f3n diaria por hospitalizaci\u00f3n, ayuda sicol\u00f3gica, diferentes servicios (de testamento, l\u00fagubre) y otros m\u00e1s.<br \/>\n<\/div><\/p>\n<div class=\"colorf \"  ><div class=\"container clearfix\"><div class=\"col-md-7\"><\/p>\n<h2><span class=\"ez-toc-section\" id=\"%C2%BFComo_contactar_con_Reale\"><\/span>\u00bfC\u00f3mo contactar con Reale?<span class=\"ez-toc-section-end\"><\/span><\/h2>\n<p>A fin de que le sea posible contactar con Reale, tiene a su disposici\u00f3n un tel\u00e9fono de contacto, completamente gratuito, un e mail, p\u00e1gina con un formulario a rellenar y perfiles en distintas redes sociales.<br \/>\n<\/div><\/div><\/div>\n<h3><span class=\"ez-toc-section\" id=\"Telefono_gratuito_de_Reale\"><\/span>Tel\u00e9fono gratuito de Reale<span class=\"ez-toc-section-end\"><\/span><\/h3>\n<p>Se le facilita el pr\u00f3ximo tel\u00e9fono de contacto <strong>900 455 900<\/strong>. Actualmente el tiempo es muy importante. Por eso Reale est\u00e1 al tanto de que este m\u00e9todo es r\u00e1pido y simple de emplear. Adem\u00e1s a trav\u00e9s de \u00e9l te podr\u00e1n solucionar todas tus cuestiones o bien dudas sobre tu seguro. Es importante que sepas que la llamada a Reale es absolutamente gratuita con lo que los minutos que est\u00e9s hablando con ellos no repercutir\u00e1n en tu tarifa. En todo instante, le atender\u00e1 un consultor y especialista en seguros de decesos para que as\u00ed pueda quedar satisfecho tras acabar la llamada.<br \/>\n<div class=\"colorf\"><div class=\"container clearfix\"><div class=\"col-md-7\"><\/p>\n<div class=\"cabecera_tabla_ajustada \"  style=\"width:80%\" ><div class=\"row\"><\/div>\n<p><div class=\"fila_tabla4 \"  ><div class=\"row\"><div class=\"col-8 nosepara izq\"><p><strong>Tel\u00e9fono para contrataciones<\/strong><\/p><\/div><div class=\"col-4 nosepara centro\">951 127 403<\/div><\/div><\/div><div class=\"fila_tabla4 \"  ><div class=\"row\"><div class=\"col-8 nosepara izq\"><p><strong>Tel\u00e9fono Asistencia<\/strong><\/p><\/div><div class=\"col-4 nosepara centro\">900 365 900<\/div><\/div><\/div><\/p>\n<div class=\"pie_tabla \"  ><div class=\"row\"><div class=\"col-12 \"><\/div><\/div><\/div><\/div>\n<\/div><\/div><\/div>\n<h3><span class=\"ez-toc-section\" id=\"Horario_de_atencion_al_cliente_de_Reale\"><\/span>Horario de atenci\u00f3n al cliente de Reale<span class=\"ez-toc-section-end\"><\/span><\/h3>\n<p>Reale tiene disponible un horario de atenci\u00f3n al cliente para poder contestar de manera r\u00e1pida. Siempre y cuando llame, habr\u00e1 una persona al lado del tel\u00e9fono para facilitarle la informaci\u00f3n que necesite y, si lo requiere, pasarle la llamada con uno de los aconsejes expertos. Toda cuesti\u00f3n que desee saber sobre su seguro de decesos y, por consecuencia, coberturas, precios\u2026 se le resolver\u00e1 de la forma m\u00e1s clara y sucinta posible, a fin de que cuando cuelgue la llamada, quede completamente satisfecho con el trato y los datos facilitados. A fin de que puedas disponer del suficiente tiempo libre para poder realizar la llamada, queda a su disposici\u00f3n el pr\u00f3ximo horario <strong>horario Reale<\/strong>.<br \/>\n<div class=\"colorf\"><div class=\"container clearfix\"><div class=\"col-md-7\"><\/p>\n<h3><span class=\"ez-toc-section\" id=\"Correo_electronico_de_Reale\"><\/span>Correo electr\u00f3nico de Reale<span class=\"ez-toc-section-end\"><\/span><\/h3>\n<p>Hoy en d\u00eda, el mundo est\u00e1 sumergido en la era de internet. Reale ha puesta a su predisposici\u00f3n el pr\u00f3ximo mail para que pueda contactar con ellos y sumarse a la era digital <strong>serviciodeatencionydefensa.clientes@reale.es. <\/strong>Gracias a la velocidad y sencillez de enviar un correo, los agentes de Reale se pondr\u00e1n en contacto con los m\u00e1s r\u00e1pido posible para resolverle sus dudas sobre su seguro de decesos y mandarle toda la informaci\u00f3n que necesite de la manera m\u00e1s clara y concisa que tengan para que un buen entendimiento por las dos partes.<br \/>\n<\/div><\/div><\/div><\/p>\n<h3><span class=\"ez-toc-section\" id=\"Formulario_en_el_sitio_Web_de_Reale\"><\/span>Formulario en el sitio Web de Reale<span class=\"ez-toc-section-end\"><\/span><\/h3>\n<p>Buscar en la red es la manera m\u00e1s f\u00e1cil y pr\u00e1ctica que tenemos hoy en d\u00eda para buscar informaci\u00f3n. Su eficacia y gran alcance hace que esta plataforma digital sea la m\u00e1s utilizada para buscar informaci\u00f3n en tanto que todo est\u00e1 libre para todo el mundo. Tecleando el nombre de Reale vas a poder localizar todo lo que quieras saber sobre su seguro de decesos en su p\u00e1gina <strong>www.reale.es\/es<\/strong>. Toda la informaci\u00f3n que encontrar\u00e1s girar\u00e1 en torno a las distintas coberturas, costos y ventajas que tienen sus servicios para que puedas conseguir toda la informaci\u00f3n precisa ya antes del asesoramiento. All\u00ed va a poder hallar un apartado con un formulario que va a deber rellenar con sus datos a fin de que posteriormente un agente se ponga en contacto con usted lo m\u00e1s r\u00e1pido posible para resolverle sus dudas sobre el tema que le haya preguntado.<br \/>\n<div class=\"colorf\"><div class=\"container clearfix\"><div class=\"col-md-7\"><\/p>\n<h3><span class=\"ez-toc-section\" id=\"Redes_sociales_de_Reale\"><\/span>Redes sociales de Reale<span class=\"ez-toc-section-end\"><\/span><\/h3>\n<p>Las redes sociales con m\u00e1s relevancia y difusi\u00f3n entre todas y cada una de las personas del planeta son: Twitter, Instagram y\/o Fb. Reale es siendo consciente de este gran impacto y, es por este motivo, que dispone de un perfil en diferentes plataformas. Acceder a \u00e9l es sencillo. Solo deber\u00e1 buscar el nombre de Reale en tales aplicaciones. En el perfil podr\u00e1s ver im\u00e1genes publicitarias, enlace directo a su web, informaci\u00f3n b\u00e1sica sobre las caracter\u00edsticas que tiene su seguro de decesos, si disponen de alguna oferta en ese instante, etc\u00e9teraAsimismo va a tener la posibilidad de contactar con los profesionales mediante este procedimiento.<br \/>\n<\/div><\/div><\/div><\/p>\n<\/div>\n<p><div class=\"oficinas\"> <h3>P\u00e1ginas relacionadas<\/h3><div class=\"enlazado\"><ul> <li><a href=\"https:\/\/idecesos.com\/seguros\/companias\/reale\/coberturas\/\">Coberturas Reale<\/a><\/li> <li><a href=\"https:\/\/idecesos.com\/seguros\/companias\/reale\/opiniones\/\">Opiniones Reale<\/a><\/li> <li><a href=\"https:\/\/idecesos.com\/seguros\/companias\/reale\/precio\/\">Precio seguro Reale<\/a><\/li> <li><a href=\"https:\/\/idecesos.com\/seguros\/companias\/reale\/prima-mixta\/\">Reale Prima Mixta<\/a><\/li> <li><a href=\"https:\/\/idecesos.com\/seguros\/companias\/reale\/prima-natural\/\">Reale Prima Natural<\/a><\/li> <li><a href=\"https:\/\/idecesos.com\/seguros\/companias\/reale\/prima-nivelada\/\">Reale Prima Nivelada<\/a><\/li> <li><a href=\"https:\/\/idecesos.com\/seguros\/companias\/reale\/prima-unica\/\">Reale Prima \u00danica<\/a><\/li> <li><a href=\"https:\/\/idecesos.com\/seguros\/companias\/reale\/repatriacion\/\">Reale Repatriaci\u00f3n<\/a><\/li> <li><a href=\"https:\/\/idecesos.com\/seguros\/companias\/reale\/telefono\/\">Tel\u00e9fono Gratuito Reale<\/a><\/li>   <\/ul><\/div> <\/div><\/p>\n","protected":false},"excerpt":{"rendered":"<p>Reale ofrece diferentes m\u00e9todos de contacto, alcanzables a todas las personas, a fin de que puedan obtener informaci\u00f3n sin ning\u00fan tipo de complejidad y complejidad. Sin tener que desplazarse, va a poder obtener con todos los m\u00e9todos disponibles las mejores contestaciones por parte de los especialistas en su seguro de decesos. Todas y cada una&hellip; <\/p>\n","protected":false},"author":1,"featured_media":0,"parent":464,"menu_order":0,"comment_status":"closed","ping_status":"closed","template":"single.php","meta":{"footnotes":""},"class_list":["post-15319","page","type-page","status-publish","hentry"],"yoast_head":"<!-- This site is optimized with the Yoast SEO plugin v27.6 - https:\/\/yoast.com\/product\/yoast-seo-wordpress\/ -->\n<title>Tel\u00e9fono Gratuito Reale \u25b7Atenci\u00f3n Cliente, Email, RRSS, Web<\/title>\n<meta name=\"description\" content=\"Busca aqu\u00ed\u3010Reale seguros tel\u00e9fono gratuito\u3011Reale Decesos tel\u00e9fono gratis: atenci\u00f3n al cliente y contrataciones \u2611\ufe0fVerificado en 2026\" \/>\n<meta name=\"robots\" content=\"index, follow, max-snippet:-1, max-image-preview:large, max-video-preview:-1\" \/>\n<link rel=\"canonical\" href=\"https:\/\/idecesos.com\/seguros\/companias\/reale\/telefono\/\" \/>\n<meta property=\"og:locale\" content=\"es_ES\" \/>\n<meta property=\"og:type\" content=\"article\" \/>\n<meta property=\"og:title\" content=\"Tel\u00e9fono Gratuito Reale \u25b7Atenci\u00f3n Cliente, Email, RRSS, Web\" \/>\n<meta property=\"og:description\" content=\"Busca aqu\u00ed\u3010Reale seguros tel\u00e9fono gratuito\u3011Reale Decesos tel\u00e9fono gratis: atenci\u00f3n al cliente y contrataciones \u2611\ufe0fVerificado en 2026\" \/>\n<meta property=\"og:url\" content=\"https:\/\/idecesos.com\/seguros\/companias\/reale\/telefono\/\" \/>\n<meta property=\"article:modified_time\" content=\"2022-04-07T08:23:58+00:00\" \/>\n<meta name=\"twitter:card\" content=\"summary_large_image\" \/>\n<meta name=\"twitter:label1\" content=\"Tiempo de lectura\" \/>\n\t<meta name=\"twitter:data1\" content=\"4 minutos\" \/>\n<script type=\"application\/ld+json\" class=\"yoast-schema-graph\">{\"@context\":\"https:\\\/\\\/schema.org\",\"@graph\":[{\"@type\":\"WebPage\",\"@id\":\"https:\\\/\\\/idecesos.com\\\/seguros\\\/companias\\\/reale\\\/telefono\\\/\",\"url\":\"https:\\\/\\\/idecesos.com\\\/seguros\\\/companias\\\/reale\\\/telefono\\\/\",\"name\":\"Tel\u00e9fono Gratuito Reale \u25b7Atenci\u00f3n Cliente, Email, RRSS, Web\",\"isPartOf\":{\"@id\":\"https:\\\/\\\/idecesos.com\\\/seguros\\\/#website\"},\"datePublished\":\"2021-11-25T10:10:22+00:00\",\"dateModified\":\"2022-04-07T08:23:58+00:00\",\"description\":\"Busca aqu\u00ed\u3010Reale seguros tel\u00e9fono gratuito\u3011Reale Decesos tel\u00e9fono gratis: atenci\u00f3n al cliente y contrataciones \u2611\ufe0fVerificado en 2026\",\"breadcrumb\":{\"@id\":\"https:\\\/\\\/idecesos.com\\\/seguros\\\/companias\\\/reale\\\/telefono\\\/#breadcrumb\"},\"inLanguage\":\"es\",\"potentialAction\":[{\"@type\":\"ReadAction\",\"target\":[\"https:\\\/\\\/idecesos.com\\\/seguros\\\/companias\\\/reale\\\/telefono\\\/\"]}]},{\"@type\":\"BreadcrumbList\",\"@id\":\"https:\\\/\\\/idecesos.com\\\/seguros\\\/companias\\\/reale\\\/telefono\\\/#breadcrumb\",\"itemListElement\":[{\"@type\":\"ListItem\",\"position\":1,\"name\":\"Portada\",\"item\":\"https:\\\/\\\/idecesos.com\\\/seguros\\\/\"},{\"@type\":\"ListItem\",\"position\":2,\"name\":\"Compa\u00f1\u00edas de Seguros de Decesos en Espa\u00f1a\",\"item\":\"https:\\\/\\\/idecesos.com\\\/seguros\\\/companias\\\/\"},{\"@type\":\"ListItem\",\"position\":3,\"name\":\"Seguro de decesos Reale\",\"item\":\"https:\\\/\\\/idecesos.com\\\/seguros\\\/companias\\\/reale\\\/\"},{\"@type\":\"ListItem\",\"position\":4,\"name\":\"Atenci\u00f3n al cliente Reale: telefono gratuito, e-mail\"}]},{\"@type\":\"WebSite\",\"@id\":\"https:\\\/\\\/idecesos.com\\\/seguros\\\/#website\",\"url\":\"https:\\\/\\\/idecesos.com\\\/seguros\\\/\",\"name\":\"\",\"description\":\"\",\"potentialAction\":[{\"@type\":\"SearchAction\",\"target\":{\"@type\":\"EntryPoint\",\"urlTemplate\":\"https:\\\/\\\/idecesos.com\\\/seguros\\\/?s={search_term_string}\"},\"query-input\":{\"@type\":\"PropertyValueSpecification\",\"valueRequired\":true,\"valueName\":\"search_term_string\"}}],\"inLanguage\":\"es\"}]}<\/script>\n<!-- \/ Yoast SEO plugin. -->","yoast_head_json":{"title":"Tel\u00e9fono Gratuito Reale \u25b7Atenci\u00f3n Cliente, Email, RRSS, Web","description":"Busca aqu\u00ed\u3010Reale seguros tel\u00e9fono gratuito\u3011Reale Decesos tel\u00e9fono gratis: atenci\u00f3n al cliente y contrataciones \u2611\ufe0fVerificado en 2026","robots":{"index":"index","follow":"follow","max-snippet":"max-snippet:-1","max-image-preview":"max-image-preview:large","max-video-preview":"max-video-preview:-1"},"canonical":"https:\/\/idecesos.com\/seguros\/companias\/reale\/telefono\/","og_locale":"es_ES","og_type":"article","og_title":"Tel\u00e9fono Gratuito Reale \u25b7Atenci\u00f3n Cliente, Email, RRSS, Web","og_description":"Busca aqu\u00ed\u3010Reale seguros tel\u00e9fono gratuito\u3011Reale Decesos tel\u00e9fono gratis: atenci\u00f3n al cliente y contrataciones \u2611\ufe0fVerificado en 2026","og_url":"https:\/\/idecesos.com\/seguros\/companias\/reale\/telefono\/","article_modified_time":"2022-04-07T08:23:58+00:00","twitter_card":"summary_large_image","twitter_misc":{"Tiempo de lectura":"4 minutos"},"schema":{"@context":"https:\/\/schema.org","@graph":[{"@type":"WebPage","@id":"https:\/\/idecesos.com\/seguros\/companias\/reale\/telefono\/","url":"https:\/\/idecesos.com\/seguros\/companias\/reale\/telefono\/","name":"Tel\u00e9fono Gratuito Reale \u25b7Atenci\u00f3n Cliente, Email, RRSS, Web","isPartOf":{"@id":"https:\/\/idecesos.com\/seguros\/#website"},"datePublished":"2021-11-25T10:10:22+00:00","dateModified":"2022-04-07T08:23:58+00:00","description":"Busca aqu\u00ed\u3010Reale seguros tel\u00e9fono gratuito\u3011Reale Decesos tel\u00e9fono gratis: atenci\u00f3n al cliente y contrataciones \u2611\ufe0fVerificado en 2026","breadcrumb":{"@id":"https:\/\/idecesos.com\/seguros\/companias\/reale\/telefono\/#breadcrumb"},"inLanguage":"es","potentialAction":[{"@type":"ReadAction","target":["https:\/\/idecesos.com\/seguros\/companias\/reale\/telefono\/"]}]},{"@type":"BreadcrumbList","@id":"https:\/\/idecesos.com\/seguros\/companias\/reale\/telefono\/#breadcrumb","itemListElement":[{"@type":"ListItem","position":1,"name":"Portada","item":"https:\/\/idecesos.com\/seguros\/"},{"@type":"ListItem","position":2,"name":"Compa\u00f1\u00edas de Seguros de Decesos en Espa\u00f1a","item":"https:\/\/idecesos.com\/seguros\/companias\/"},{"@type":"ListItem","position":3,"name":"Seguro de decesos Reale","item":"https:\/\/idecesos.com\/seguros\/companias\/reale\/"},{"@type":"ListItem","position":4,"name":"Atenci\u00f3n al cliente Reale: telefono gratuito, e-mail"}]},{"@type":"WebSite","@id":"https:\/\/idecesos.com\/seguros\/#website","url":"https:\/\/idecesos.com\/seguros\/","name":"","description":"","potentialAction":[{"@type":"SearchAction","target":{"@type":"EntryPoint","urlTemplate":"https:\/\/idecesos.com\/seguros\/?s={search_term_string}"},"query-input":{"@type":"PropertyValueSpecification","valueRequired":true,"valueName":"search_term_string"}}],"inLanguage":"es"}]}},"_links":{"self":[{"href":"https:\/\/idecesos.com\/seguros\/wp-json\/wp\/v2\/pages\/15319","targetHints":{"allow":["GET"]}}],"collection":[{"href":"https:\/\/idecesos.com\/seguros\/wp-json\/wp\/v2\/pages"}],"about":[{"href":"https:\/\/idecesos.com\/seguros\/wp-json\/wp\/v2\/types\/page"}],"author":[{"embeddable":true,"href":"https:\/\/idecesos.com\/seguros\/wp-json\/wp\/v2\/users\/1"}],"replies":[{"embeddable":true,"href":"https:\/\/idecesos.com\/seguros\/wp-json\/wp\/v2\/comments?post=15319"}],"version-history":[{"count":10,"href":"https:\/\/idecesos.com\/seguros\/wp-json\/wp\/v2\/pages\/15319\/revisions"}],"predecessor-version":[{"id":21047,"href":"https:\/\/idecesos.com\/seguros\/wp-json\/wp\/v2\/pages\/15319\/revisions\/21047"}],"up":[{"embeddable":true,"href":"https:\/\/idecesos.com\/seguros\/wp-json\/wp\/v2\/pages\/464"}],"wp:attachment":[{"href":"https:\/\/idecesos.com\/seguros\/wp-json\/wp\/v2\/media?parent=15319"}],"curies":[{"name":"wp","href":"https:\/\/api.w.org\/{rel}","templated":true}]}}