{"id":15321,"date":"2021-11-26T09:12:26","date_gmt":"2021-11-25T10:10:23","guid":{"rendered":"https:\/\/idecesos.com\/seguros\/companias\/zurich\/telefono\/"},"modified":"2022-04-07T09:01:15","modified_gmt":"2022-04-07T09:01:15","slug":"telefono","status":"publish","type":"page","link":"https:\/\/idecesos.com\/seguros\/companias\/zurich\/telefono\/","title":{"rendered":"Atenci\u00f3n al cliente Zurich: telefono gratuito, e-mail"},"content":{"rendered":"<div id=\"ez-toc-container\" class=\"ez-toc-v2_0_82_2 ez-toc-wrap-center counter-hierarchy ez-toc-counter ez-toc-custom ez-toc-container-direction\">\n<div class=\"ez-toc-title-container\">\n<p class=\"ez-toc-title\" style=\"cursor:inherit\">Tabla de Contenido<\/p>\n<span class=\"ez-toc-title-toggle\"><a href=\"#\" class=\"ez-toc-pull-right ez-toc-btn ez-toc-btn-xs ez-toc-btn-default ez-toc-toggle\" aria-label=\"Alternar tabla de contenidos\"><span class=\"ez-toc-js-icon-con\"><span class=\"\"><span class=\"eztoc-hide\" style=\"display:none;\">Toggle<\/span><span class=\"ez-toc-icon-toggle-span\"><svg style=\"fill: #db6415;color:#db6415\" xmlns=\"http:\/\/www.w3.org\/2000\/svg\" class=\"list-377408\" width=\"20px\" height=\"20px\" viewBox=\"0 0 24 24\" fill=\"none\"><path d=\"M6 6H4v2h2V6zm14 0H8v2h12V6zM4 11h2v2H4v-2zm16 0H8v2h12v-2zM4 16h2v2H4v-2zm16 0H8v2h12v-2z\" fill=\"currentColor\"><\/path><\/svg><svg style=\"fill: #db6415;color:#db6415\" class=\"arrow-unsorted-368013\" xmlns=\"http:\/\/www.w3.org\/2000\/svg\" width=\"10px\" height=\"10px\" viewBox=\"0 0 24 24\" version=\"1.2\" baseProfile=\"tiny\"><path d=\"M18.2 9.3l-6.2-6.3-6.2 6.3c-.2.2-.3.4-.3.7s.1.5.3.7c.2.2.4.3.7.3h11c.3 0 .5-.1.7-.3.2-.2.3-.5.3-.7s-.1-.5-.3-.7zM5.8 14.7l6.2 6.3 6.2-6.3c.2-.2.3-.5.3-.7s-.1-.5-.3-.7c-.2-.2-.4-.3-.7-.3h-11c-.3 0-.5.1-.7.3-.2.2-.3.5-.3.7s.1.5.3.7z\"\/><\/svg><\/span><\/span><\/span><\/a><\/span><\/div>\n<nav><ul class='ez-toc-list ez-toc-list-level-1 ' ><ul class='ez-toc-list-level-4' ><li class='ez-toc-heading-level-4'><ul class='ez-toc-list-level-4' ><li class='ez-toc-heading-level-4'><a class=\"ez-toc-link ez-toc-heading-1\" href=\"https:\/\/idecesos.com\/seguros\/companias\/zurich\/telefono\/#Telefono_Contrataciones_951_127_403\" >Tel\u00e9fono Contrataciones \n951 127 403<\/a><\/li><\/ul><\/li><\/ul><\/li><li class='ez-toc-page-1 ez-toc-heading-level-2'><a class=\"ez-toc-link ez-toc-heading-2\" href=\"https:\/\/idecesos.com\/seguros\/companias\/zurich\/telefono\/#%C2%BFComo_contactar_con_Zurich\" >\u00bfC\u00f3mo contactar con Zurich?<\/a><ul class='ez-toc-list-level-3' ><li class='ez-toc-heading-level-3'><a class=\"ez-toc-link ez-toc-heading-3\" href=\"https:\/\/idecesos.com\/seguros\/companias\/zurich\/telefono\/#Telefono_gratuito_de_Zurich\" >Tel\u00e9fono gratuito de Zurich<\/a><\/li><li class='ez-toc-page-1 ez-toc-heading-level-3'><a class=\"ez-toc-link ez-toc-heading-4\" href=\"https:\/\/idecesos.com\/seguros\/companias\/zurich\/telefono\/#Horario_de_atencion_al_cliente_de_Zurich\" >Horario de atenci\u00f3n al cliente de Zurich<\/a><\/li><li class='ez-toc-page-1 ez-toc-heading-level-3'><a class=\"ez-toc-link ez-toc-heading-5\" href=\"https:\/\/idecesos.com\/seguros\/companias\/zurich\/telefono\/#Correo_electronico_de_Zurich\" >Correo electr\u00f3nico de Zurich<\/a><\/li><li class='ez-toc-page-1 ez-toc-heading-level-3'><a class=\"ez-toc-link ez-toc-heading-6\" href=\"https:\/\/idecesos.com\/seguros\/companias\/zurich\/telefono\/#Formulario_en_el_sitio_Web_de_Zurich\" >Formulario en el sitio Web de Zurich<\/a><\/li><li class='ez-toc-page-1 ez-toc-heading-level-3'><a class=\"ez-toc-link ez-toc-heading-7\" href=\"https:\/\/idecesos.com\/seguros\/companias\/zurich\/telefono\/#Redes_sociales_de_Zurich\" >Redes sociales de Zurich<\/a><\/li><li class='ez-toc-page-1 ez-toc-heading-level-3'><a class=\"ez-toc-link ez-toc-heading-8\" href=\"https:\/\/idecesos.com\/seguros\/companias\/zurich\/telefono\/#Paginas_relacionadas\" >P\u00e1ginas relacionadas<\/a><\/li><\/ul><\/li><\/ul><\/nav><\/div>\n\n<div class=\"caja\">\n<div class=\"cajaIcono2 \"  ><div class=\"cuadro\" style=\"box-shadow: inset 0 0 0 3px #ff790e\"><div class=\"iconoCircular\" style=\"border: 3px solid #ff790e\">\t\t\n\t\t\t\t\t<div class=\"iconoCirculo\">\n\t\t\t\t\t  <i class=\"fas fa-phone-volume\"><\/i>\n\t\t\t\t\t<\/div>\n\t\t\t\t<\/div><div class=\"\">\n<h4 style=\"text-align: center;\"><span class=\"ez-toc-section\" id=\"Telefono_Contrataciones_951_127_403\"><\/span><strong>Tel\u00e9fono Contrataciones<br \/>\n951 127 403<\/strong><span class=\"ez-toc-section-end\"><\/span><\/h4>\n<p><\/div><\/div><\/div><br \/>\nZurich le da m\u00faltiples opciones a fin de que pueda ponerse en contacto con la compa\u00f1\u00eda, y de este modo poder solucionar sus dudas, preguntar sus inquietudes y consultar sobre su seguro de decesos. Elegido el procedimiento que m\u00e1s me amolde a usted, un agente experto en el tema le ayudar\u00e1 con todas las dudas y cuestiones que tenga sobre sus coberturas contratadas. Gastos ambiente al ata\u00fad y la sanidad, la posibilidad de conservar el ADN, el coste de la corona, el tanatorio y la esquela&#8230; y otros muchos factores en los que necesite su ayuda. La Zurich intentar\u00e1 facilitar en todo momento sus tr\u00e1mites a fin de que no te debas preocupar de nada y puedas mantenerte apacible. Merced a este servicio podr\u00e1s verlas en paz la p\u00e9rdida de su ser querido.<br \/>\n<\/div><\/p>\n<div class=\"colorf \"  ><div class=\"container clearfix\"><div class=\"col-md-7\"><\/p>\n<h2><span class=\"ez-toc-section\" id=\"%C2%BFComo_contactar_con_Zurich\"><\/span>\u00bfC\u00f3mo contactar con Zurich?<span class=\"ez-toc-section-end\"><\/span><\/h2>\n<p>Para que Zurich pueda contactar con , le recordamos que tiene a su predisposici\u00f3n un n\u00famero gratis libre las veinticuatro horas del d\u00eda, un e-mail, el formulario que puede rellenar en su p\u00e1gina y sus diferentes perfiles en las redes sociales.<br \/>\n<\/div><\/div><\/div>\n<h3><span class=\"ez-toc-section\" id=\"Telefono_gratuito_de_Zurich\"><\/span>Tel\u00e9fono gratuito de Zurich<span class=\"ez-toc-section-end\"><\/span><\/h3>\n<p>Aqu\u00ed tiene el tel\u00e9fono de contacto de Zurich <strong>913 755 755<\/strong>. Zurich ha pensado en ti y en tu tiempo. Es por esto que te presta este servicio r\u00e1pido y eficaz donde sus agentes especialistas en estos temas te ayudar\u00e1n a resolver tus dudas y cuestiones. Es esencial saber que la llamada no conllevar\u00e1 ning\u00fan g\u00e9nero de costo, es indiferente el tiempo que transcurra desde el principio hasta el final. Le atender\u00e1 un asesor experto en seguro de decesos para que de esta manera pueda solucionar sus dudas durante la llamada.<br \/>\n<div class=\"colorf\"><div class=\"container clearfix\"><div class=\"col-md-7\"><\/p>\n<div class=\"cabecera_tabla_ajustada \"  style=\"width:80%\" ><div class=\"row\"><\/div>\n<div class=\"fila_tabla4 \"  ><div class=\"row\"><div class=\"col-8 nosepara izq\"><p><strong>Tel\u00e9fono para contrataciones<\/strong><\/p><\/div><div class=\"col-4 nosepara centro\">951 127 403<\/div><\/div><\/div>\n<div class=\"pie_tabla \"  ><div class=\"row\"><div class=\"col-12 \"><\/div><\/div><\/div><\/div>\n<\/div><\/div><\/div>\n<h3><span class=\"ez-toc-section\" id=\"Horario_de_atencion_al_cliente_de_Zurich\"><\/span>Horario de atenci\u00f3n al cliente de Zurich<span class=\"ez-toc-section-end\"><\/span><\/h3>\n<p>Zurich, pensando en usted, considera de gran importancia contar con de un horario de atenci\u00f3n al cliente para poder atenderle lo m\u00e1s r\u00e1pido posible. Conseguir\u00e1 la posibilidad de charlar con la persona al mando de este servicio o con uno de los profesionales especialistas siempre y cuando llame al tel\u00e9fono. Coberturas, costes y todas las cuestiones que desee saber sobre su seguro de decesos van a ser resueltas de manera que quede satisfecho con el trato ofrecido por la compa\u00f1\u00eda. Es un horario est\u00e1ndar <strong>horario Zurich<\/strong>, pensado para que el usuario tenga suficiente disponibilidad y tiempo libre a lo largo del d\u00eda para poder realizar la llamada.<br \/>\n<div class=\"colorf\"><div class=\"container clearfix\"><div class=\"col-md-7\"><\/p>\n<h3><span class=\"ez-toc-section\" id=\"Correo_electronico_de_Zurich\"><\/span>Correo electr\u00f3nico de Zurich<span class=\"ez-toc-section-end\"><\/span><\/h3>\n<p>Hoy en d\u00eda, nuestra sociedad est\u00e1 inmersa en el planeta de internet. Zurich ha puesta a su predisposici\u00f3n el siguiente mail para que pueda contactar con ellos y sumarse a la era digital <strong>defensacliente-es@zurich.com. <\/strong>Un profesional especialista en seguro de decesos se va a poner en contacto con usted para resolverle sus dudas y le va a mandar toda la informaci\u00f3n que crea necesaria para solventar sus cuestiones. Un servicio r\u00e1pido y eficaz que le ayudar\u00e1 en cualquier inconveniente que tenga.<br \/>\n<\/div><\/div><\/div><\/p>\n<h3><span class=\"ez-toc-section\" id=\"Formulario_en_el_sitio_Web_de_Zurich\"><\/span>Formulario en el sitio Web de Zurich<span class=\"ez-toc-section-end\"><\/span><\/h3>\n<p>Un buscador de internet, hoy d\u00eda, es la herramienta m\u00e1s usada por el planeta. Buscar informaci\u00f3n jam\u00e1s hab\u00eda sido tan f\u00e1cil. Con solo teclear una palabra miles y miles de art\u00edculos y webs se ponen a tu disposici\u00f3n. Por ende, con el acto de escribir en uno de los buscadores web <strong>www.zurich.es\/<\/strong> podr\u00e1 entrar en la p\u00e1gina web de Zurich. Ah\u00ed hallar\u00e1 la informaci\u00f3n base sobre el seguro de decesos se esta compa\u00f1\u00eda. Costes, coberturas, ventajas, promociones&#8230; una breve descripci\u00f3n que le va a ayudar a hacerse una idea de lo que ofertan. La web te facilita un formulario f\u00e1cil de rellenar en el que tendr\u00e1 que llenar diferentes campos: nombre y apellidos, n\u00famero, correo electr\u00f3nico, etc. Una vez terminado, uno de los expertos de Zurich ser\u00e1 el encargado de ponerse en contacto con usted para poder solucionar la duda que ha puesto.<br \/>\n<div class=\"colorf\"><div class=\"container clearfix\"><div class=\"col-md-7\"><\/p>\n<h3><span class=\"ez-toc-section\" id=\"Redes_sociales_de_Zurich\"><\/span>Redes sociales de Zurich<span class=\"ez-toc-section-end\"><\/span><\/h3>\n<p>Una de las herramientas con mayor difusi\u00f3n y, de la que dispone gran parte de la poblaci\u00f3n, son las redes sociales: Instagram, Fb, Twitter. Zurich no se queda atr\u00e1s. Para que pueda contactar o localizar informaci\u00f3n, tiene en su poder perfiles en diferentes plataformas. Va a poder acceder a la informaci\u00f3n buscando el nombre de la empresa y accediendo a su perfil. En \u00e9l, le va a ser posible ver im\u00e1genes, conocer la ubicaci\u00f3n de su sede oficial, acceder al enlace directo de su p\u00e1gina web y contactar con la compa\u00f1\u00eda, sin enviar un mail o llamar si no quiere hacerlo en el instante.<br \/>\n<\/div><\/div><\/div><\/p>\n<\/div>\n<p><div class=\"oficinas\"> <h3><span class=\"ez-toc-section\" id=\"Paginas_relacionadas\"><\/span>P\u00e1ginas relacionadas<span class=\"ez-toc-section-end\"><\/span><\/h3><div class=\"enlazado\"><ul> <li><a href=\"https:\/\/idecesos.com\/seguros\/companias\/zurich\/opiniones\/\">Opiniones Zurich<\/a><\/li> <li><a href=\"https:\/\/idecesos.com\/seguros\/companias\/zurich\/precio\/\">Precio seguro Zurich<\/a><\/li> <li><a href=\"https:\/\/idecesos.com\/seguros\/companias\/zurich\/prima-mixta\/\">Zurich Prima Mixta<\/a><\/li> <li><a href=\"https:\/\/idecesos.com\/seguros\/companias\/zurich\/prima-natural\/\">Zurich Prima Natural<\/a><\/li> <li><a href=\"https:\/\/idecesos.com\/seguros\/companias\/zurich\/prima-nivelada\/\">Zurich Prima Nivelada<\/a><\/li> <li><a href=\"https:\/\/idecesos.com\/seguros\/companias\/zurich\/prima-unica\/\">Zurich Prima \u00danica<\/a><\/li> <li><a href=\"https:\/\/idecesos.com\/seguros\/companias\/zurich\/repatriacion\/\">Zurich Repatriaci\u00f3n<\/a><\/li> <li><a href=\"https:\/\/idecesos.com\/seguros\/companias\/zurich\/telefono\/\">Tel\u00e9fono Gratuito Zurich<\/a><\/li>                                                                                                                                                                                                                                                                                                                                                                                                                                                                                                                                                                                                                                                                                                                                                                                                                                                                                                                                                                                                                                                                                                                                                                                                                                                                                                                                                                                                                                                                                                                                                                                                                                                                                                                                                                                                                                                                                                                                                                                                                                                                                                                                                                                                                                                                                                                                                                                                                                                                                                                                                                                                                                                                                                                                                                                                                                                                                                                                                                                                                                                                                                                              <\/ul><\/div> <\/div><\/p>\n","protected":false},"excerpt":{"rendered":"<p>Zurich le da m\u00faltiples opciones a fin de que pueda ponerse en contacto con la compa\u00f1\u00eda, y de este modo poder solucionar sus dudas, preguntar sus inquietudes y consultar sobre su seguro de decesos. Elegido el procedimiento que m\u00e1s me amolde a usted, un agente experto en el tema le ayudar\u00e1 con todas las dudas&hellip; <\/p>\n","protected":false},"author":1,"featured_media":0,"parent":485,"menu_order":0,"comment_status":"closed","ping_status":"closed","template":"single.php","meta":{"footnotes":""},"class_list":["post-15321","page","type-page","status-publish","hentry"],"yoast_head":"<!-- This site is optimized with the Yoast SEO plugin v27.4 - https:\/\/yoast.com\/product\/yoast-seo-wordpress\/ -->\n<title>Tel\u00e9fono Gratuito Zurich \u25b7Atenci\u00f3n Cliente, Email, RRSS, Web<\/title>\n<meta name=\"description\" content=\"Busca aqu\u00ed\u3010Zurich seguros tel\u00e9fono gratuito\u3011Zurich Decesos tel\u00e9fono gratis: atenci\u00f3n al cliente y contrataciones \u2611\ufe0fVerificado en 2026\" \/>\n<meta name=\"robots\" content=\"index, follow, max-snippet:-1, max-image-preview:large, max-video-preview:-1\" \/>\n<link rel=\"canonical\" href=\"https:\/\/idecesos.com\/seguros\/companias\/zurich\/telefono\/\" \/>\n<meta property=\"og:locale\" content=\"es_ES\" \/>\n<meta property=\"og:type\" content=\"article\" \/>\n<meta property=\"og:title\" content=\"Tel\u00e9fono Gratuito Zurich \u25b7Atenci\u00f3n Cliente, Email, RRSS, Web\" \/>\n<meta property=\"og:description\" content=\"Busca aqu\u00ed\u3010Zurich seguros tel\u00e9fono gratuito\u3011Zurich Decesos tel\u00e9fono gratis: atenci\u00f3n al cliente y contrataciones \u2611\ufe0fVerificado en 2026\" \/>\n<meta property=\"og:url\" content=\"https:\/\/idecesos.com\/seguros\/companias\/zurich\/telefono\/\" \/>\n<meta property=\"article:modified_time\" content=\"2022-04-07T09:01:15+00:00\" \/>\n<meta name=\"twitter:card\" content=\"summary_large_image\" \/>\n<meta name=\"twitter:label1\" content=\"Tiempo de lectura\" \/>\n\t<meta name=\"twitter:data1\" content=\"4 minutos\" \/>\n<script type=\"application\/ld+json\" class=\"yoast-schema-graph\">{\"@context\":\"https:\\\/\\\/schema.org\",\"@graph\":[{\"@type\":\"WebPage\",\"@id\":\"https:\\\/\\\/idecesos.com\\\/seguros\\\/companias\\\/zurich\\\/telefono\\\/\",\"url\":\"https:\\\/\\\/idecesos.com\\\/seguros\\\/companias\\\/zurich\\\/telefono\\\/\",\"name\":\"Tel\u00e9fono Gratuito Zurich \u25b7Atenci\u00f3n Cliente, Email, RRSS, Web\",\"isPartOf\":{\"@id\":\"https:\\\/\\\/idecesos.com\\\/seguros\\\/#website\"},\"datePublished\":\"2021-11-25T10:10:23+00:00\",\"dateModified\":\"2022-04-07T09:01:15+00:00\",\"description\":\"Busca aqu\u00ed\u3010Zurich seguros tel\u00e9fono gratuito\u3011Zurich Decesos tel\u00e9fono gratis: atenci\u00f3n al cliente y contrataciones \u2611\ufe0fVerificado en 2026\",\"breadcrumb\":{\"@id\":\"https:\\\/\\\/idecesos.com\\\/seguros\\\/companias\\\/zurich\\\/telefono\\\/#breadcrumb\"},\"inLanguage\":\"es\",\"potentialAction\":[{\"@type\":\"ReadAction\",\"target\":[\"https:\\\/\\\/idecesos.com\\\/seguros\\\/companias\\\/zurich\\\/telefono\\\/\"]}]},{\"@type\":\"BreadcrumbList\",\"@id\":\"https:\\\/\\\/idecesos.com\\\/seguros\\\/companias\\\/zurich\\\/telefono\\\/#breadcrumb\",\"itemListElement\":[{\"@type\":\"ListItem\",\"position\":1,\"name\":\"Portada\",\"item\":\"https:\\\/\\\/idecesos.com\\\/seguros\\\/\"},{\"@type\":\"ListItem\",\"position\":2,\"name\":\"Compa\u00f1\u00edas de Seguros de Decesos en Espa\u00f1a\",\"item\":\"https:\\\/\\\/idecesos.com\\\/seguros\\\/companias\\\/\"},{\"@type\":\"ListItem\",\"position\":3,\"name\":\"Seguro de decesos Zurich\",\"item\":\"https:\\\/\\\/idecesos.com\\\/seguros\\\/companias\\\/zurich\\\/\"},{\"@type\":\"ListItem\",\"position\":4,\"name\":\"Atenci\u00f3n al cliente Zurich: telefono gratuito, e-mail\"}]},{\"@type\":\"WebSite\",\"@id\":\"https:\\\/\\\/idecesos.com\\\/seguros\\\/#website\",\"url\":\"https:\\\/\\\/idecesos.com\\\/seguros\\\/\",\"name\":\"\",\"description\":\"\",\"potentialAction\":[{\"@type\":\"SearchAction\",\"target\":{\"@type\":\"EntryPoint\",\"urlTemplate\":\"https:\\\/\\\/idecesos.com\\\/seguros\\\/?s={search_term_string}\"},\"query-input\":{\"@type\":\"PropertyValueSpecification\",\"valueRequired\":true,\"valueName\":\"search_term_string\"}}],\"inLanguage\":\"es\"}]}<\/script>\n<!-- \/ Yoast SEO plugin. -->","yoast_head_json":{"title":"Tel\u00e9fono Gratuito Zurich \u25b7Atenci\u00f3n Cliente, Email, RRSS, Web","description":"Busca aqu\u00ed\u3010Zurich seguros tel\u00e9fono gratuito\u3011Zurich Decesos tel\u00e9fono gratis: atenci\u00f3n al cliente y contrataciones \u2611\ufe0fVerificado en 2026","robots":{"index":"index","follow":"follow","max-snippet":"max-snippet:-1","max-image-preview":"max-image-preview:large","max-video-preview":"max-video-preview:-1"},"canonical":"https:\/\/idecesos.com\/seguros\/companias\/zurich\/telefono\/","og_locale":"es_ES","og_type":"article","og_title":"Tel\u00e9fono Gratuito Zurich \u25b7Atenci\u00f3n Cliente, Email, RRSS, Web","og_description":"Busca aqu\u00ed\u3010Zurich seguros tel\u00e9fono gratuito\u3011Zurich Decesos tel\u00e9fono gratis: atenci\u00f3n al cliente y contrataciones \u2611\ufe0fVerificado en 2026","og_url":"https:\/\/idecesos.com\/seguros\/companias\/zurich\/telefono\/","article_modified_time":"2022-04-07T09:01:15+00:00","twitter_card":"summary_large_image","twitter_misc":{"Tiempo de lectura":"4 minutos"},"schema":{"@context":"https:\/\/schema.org","@graph":[{"@type":"WebPage","@id":"https:\/\/idecesos.com\/seguros\/companias\/zurich\/telefono\/","url":"https:\/\/idecesos.com\/seguros\/companias\/zurich\/telefono\/","name":"Tel\u00e9fono Gratuito Zurich \u25b7Atenci\u00f3n Cliente, Email, RRSS, Web","isPartOf":{"@id":"https:\/\/idecesos.com\/seguros\/#website"},"datePublished":"2021-11-25T10:10:23+00:00","dateModified":"2022-04-07T09:01:15+00:00","description":"Busca aqu\u00ed\u3010Zurich seguros tel\u00e9fono gratuito\u3011Zurich Decesos tel\u00e9fono gratis: atenci\u00f3n al cliente y contrataciones \u2611\ufe0fVerificado en 2026","breadcrumb":{"@id":"https:\/\/idecesos.com\/seguros\/companias\/zurich\/telefono\/#breadcrumb"},"inLanguage":"es","potentialAction":[{"@type":"ReadAction","target":["https:\/\/idecesos.com\/seguros\/companias\/zurich\/telefono\/"]}]},{"@type":"BreadcrumbList","@id":"https:\/\/idecesos.com\/seguros\/companias\/zurich\/telefono\/#breadcrumb","itemListElement":[{"@type":"ListItem","position":1,"name":"Portada","item":"https:\/\/idecesos.com\/seguros\/"},{"@type":"ListItem","position":2,"name":"Compa\u00f1\u00edas de Seguros de Decesos en Espa\u00f1a","item":"https:\/\/idecesos.com\/seguros\/companias\/"},{"@type":"ListItem","position":3,"name":"Seguro de decesos Zurich","item":"https:\/\/idecesos.com\/seguros\/companias\/zurich\/"},{"@type":"ListItem","position":4,"name":"Atenci\u00f3n al cliente Zurich: telefono gratuito, e-mail"}]},{"@type":"WebSite","@id":"https:\/\/idecesos.com\/seguros\/#website","url":"https:\/\/idecesos.com\/seguros\/","name":"","description":"","potentialAction":[{"@type":"SearchAction","target":{"@type":"EntryPoint","urlTemplate":"https:\/\/idecesos.com\/seguros\/?s={search_term_string}"},"query-input":{"@type":"PropertyValueSpecification","valueRequired":true,"valueName":"search_term_string"}}],"inLanguage":"es"}]}},"_links":{"self":[{"href":"https:\/\/idecesos.com\/seguros\/wp-json\/wp\/v2\/pages\/15321","targetHints":{"allow":["GET"]}}],"collection":[{"href":"https:\/\/idecesos.com\/seguros\/wp-json\/wp\/v2\/pages"}],"about":[{"href":"https:\/\/idecesos.com\/seguros\/wp-json\/wp\/v2\/types\/page"}],"author":[{"embeddable":true,"href":"https:\/\/idecesos.com\/seguros\/wp-json\/wp\/v2\/users\/1"}],"replies":[{"embeddable":true,"href":"https:\/\/idecesos.com\/seguros\/wp-json\/wp\/v2\/comments?post=15321"}],"version-history":[{"count":10,"href":"https:\/\/idecesos.com\/seguros\/wp-json\/wp\/v2\/pages\/15321\/revisions"}],"predecessor-version":[{"id":21059,"href":"https:\/\/idecesos.com\/seguros\/wp-json\/wp\/v2\/pages\/15321\/revisions\/21059"}],"up":[{"embeddable":true,"href":"https:\/\/idecesos.com\/seguros\/wp-json\/wp\/v2\/pages\/485"}],"wp:attachment":[{"href":"https:\/\/idecesos.com\/seguros\/wp-json\/wp\/v2\/media?parent=15321"}],"curies":[{"name":"wp","href":"https:\/\/api.w.org\/{rel}","templated":true}]}}