{"id":15323,"date":"2021-11-26T09:12:27","date_gmt":"2021-11-25T10:10:24","guid":{"rendered":"https:\/\/idecesos.com\/seguros\/companias\/bbva\/telefono\/"},"modified":"2022-04-03T17:25:20","modified_gmt":"2022-04-03T17:25:20","slug":"telefono","status":"publish","type":"page","link":"https:\/\/idecesos.com\/seguros\/companias\/bbva\/telefono\/","title":{"rendered":"Atenci\u00f3n al cliente BBVA: telefono gratuito, e-mail"},"content":{"rendered":"<div id=\"ez-toc-container\" class=\"ez-toc-v2_0_82_2 ez-toc-wrap-center counter-hierarchy ez-toc-counter ez-toc-custom ez-toc-container-direction\">\n<div class=\"ez-toc-title-container\">\n<p class=\"ez-toc-title\" style=\"cursor:inherit\">Tabla de Contenido<\/p>\n<span class=\"ez-toc-title-toggle\"><a href=\"#\" class=\"ez-toc-pull-right ez-toc-btn ez-toc-btn-xs ez-toc-btn-default ez-toc-toggle\" aria-label=\"Alternar tabla de contenidos\"><span class=\"ez-toc-js-icon-con\"><span class=\"\"><span class=\"eztoc-hide\" style=\"display:none;\">Toggle<\/span><span class=\"ez-toc-icon-toggle-span\"><svg style=\"fill: #db6415;color:#db6415\" xmlns=\"http:\/\/www.w3.org\/2000\/svg\" class=\"list-377408\" width=\"20px\" height=\"20px\" viewBox=\"0 0 24 24\" fill=\"none\"><path d=\"M6 6H4v2h2V6zm14 0H8v2h12V6zM4 11h2v2H4v-2zm16 0H8v2h12v-2zM4 16h2v2H4v-2zm16 0H8v2h12v-2z\" fill=\"currentColor\"><\/path><\/svg><svg style=\"fill: #db6415;color:#db6415\" class=\"arrow-unsorted-368013\" xmlns=\"http:\/\/www.w3.org\/2000\/svg\" width=\"10px\" height=\"10px\" viewBox=\"0 0 24 24\" version=\"1.2\" baseProfile=\"tiny\"><path d=\"M18.2 9.3l-6.2-6.3-6.2 6.3c-.2.2-.3.4-.3.7s.1.5.3.7c.2.2.4.3.7.3h11c.3 0 .5-.1.7-.3.2-.2.3-.5.3-.7s-.1-.5-.3-.7zM5.8 14.7l6.2 6.3 6.2-6.3c.2-.2.3-.5.3-.7s-.1-.5-.3-.7c-.2-.2-.4-.3-.7-.3h-11c-.3 0-.5.1-.7.3-.2.2-.3.5-.3.7s.1.5.3.7z\"\/><\/svg><\/span><\/span><\/span><\/a><\/span><\/div>\n<nav><ul class='ez-toc-list ez-toc-list-level-1 ' ><ul class='ez-toc-list-level-4' ><li class='ez-toc-heading-level-4'><ul class='ez-toc-list-level-4' ><li class='ez-toc-heading-level-4'><a class=\"ez-toc-link ez-toc-heading-1\" href=\"https:\/\/idecesos.com\/seguros\/companias\/bbva\/telefono\/#Telefono_Contrataciones_951_127_403\" >Tel\u00e9fono Contrataciones \n951 127 403<\/a><\/li><\/ul><\/li><\/ul><\/li><li class='ez-toc-page-1 ez-toc-heading-level-2'><a class=\"ez-toc-link ez-toc-heading-2\" href=\"https:\/\/idecesos.com\/seguros\/companias\/bbva\/telefono\/#%C2%BFComo_contactar_con_BBVA\" >\u00bfC\u00f3mo contactar con BBVA?<\/a><ul class='ez-toc-list-level-3' ><li class='ez-toc-heading-level-3'><a class=\"ez-toc-link ez-toc-heading-3\" href=\"https:\/\/idecesos.com\/seguros\/companias\/bbva\/telefono\/#Telefono_gratuito_de_BBVA\" >Tel\u00e9fono gratuito de BBVA<\/a><\/li><li class='ez-toc-page-1 ez-toc-heading-level-3'><a class=\"ez-toc-link ez-toc-heading-4\" href=\"https:\/\/idecesos.com\/seguros\/companias\/bbva\/telefono\/#Horario_de_atencion_al_cliente_de_BBVA\" >Horario de atenci\u00f3n al cliente de BBVA<\/a><\/li><li class='ez-toc-page-1 ez-toc-heading-level-3'><a class=\"ez-toc-link ez-toc-heading-5\" href=\"https:\/\/idecesos.com\/seguros\/companias\/bbva\/telefono\/#Correo_electronico_de_BBVA\" >Correo electr\u00f3nico de BBVA<\/a><\/li><li class='ez-toc-page-1 ez-toc-heading-level-3'><a class=\"ez-toc-link ez-toc-heading-6\" href=\"https:\/\/idecesos.com\/seguros\/companias\/bbva\/telefono\/#Formulario_en_el_sitio_Web_de_BBVA\" >Formulario en el sitio Web de BBVA<\/a><\/li><li class='ez-toc-page-1 ez-toc-heading-level-3'><a class=\"ez-toc-link ez-toc-heading-7\" href=\"https:\/\/idecesos.com\/seguros\/companias\/bbva\/telefono\/#Redes_sociales_de_BBVA\" >Redes sociales de BBVA<\/a><\/li><li class='ez-toc-page-1 ez-toc-heading-level-3'><a class=\"ez-toc-link ez-toc-heading-8\" href=\"https:\/\/idecesos.com\/seguros\/companias\/bbva\/telefono\/#Paginas_relacionadas\" >P\u00e1ginas relacionadas<\/a><\/li><\/ul><\/li><\/ul><\/nav><\/div>\n\n<div class=\"caja\">\n<div class=\"cajaIcono2 \"  ><div class=\"cuadro\" style=\"box-shadow: inset 0 0 0 3px #ff790e\"><div class=\"iconoCircular\" style=\"border: 3px solid #ff790e\">\t\t\n\t\t\t\t\t<div class=\"iconoCirculo\">\n\t\t\t\t\t  <i class=\"fas fa-phone-volume\"><\/i>\n\t\t\t\t\t<\/div>\n\t\t\t\t<\/div><div class=\"\">\n<h4 style=\"text-align: center;\"><span class=\"ez-toc-section\" id=\"Telefono_Contrataciones_951_127_403\"><\/span><strong>Tel\u00e9fono Contrataciones<br \/>\n951 127 403<\/strong><span class=\"ez-toc-section-end\"><\/span><\/h4>\n<p><\/div><\/div><\/div><br \/>\nPara que pueda conseguir informaci\u00f3n sin dificultad alguna, BBVA brinda al p\u00fablico distintos m\u00e9todos para poder contactar. Con cada una de las opciones, tendr\u00e1 una respuesta rapid\u00edsima por la parte de los expertos aconsejes en su seguro de decesos y no tendr\u00e1 la necesidad de moverse del sitio. Perder a un familiar o bien ser querido es una ocasi\u00f3n dur\u00edsima y dif\u00edcil, con lo que todos y cada uno de los miembros de la compa\u00f1\u00eda respetar\u00e1n cada instante del proceso y, sobre todo, finalizar\u00e1n todos los tr\u00e1mites ya antes de la data. Estar\u00e1 a su predisposici\u00f3n toda la informaci\u00f3n precisa en torno a las coberturas de su seguro, como por servirnos de un ejemplo, la ayuda psicol\u00f3gica que pueda recibir, diferentes servicios disponibles, el seguro bucal o de traslado, etc\u00e9tera<br \/>\n<\/div><\/p>\n<div class=\"colorf \"  ><div class=\"container clearfix\"><div class=\"col-md-7\"><\/p>\n<h2><span class=\"ez-toc-section\" id=\"%C2%BFComo_contactar_con_BBVA\"><\/span>\u00bfC\u00f3mo contactar con BBVA?<span class=\"ez-toc-section-end\"><\/span><\/h2>\n<p>A fin de que le resulte posible contactar con BBVA, tiene a su predisposici\u00f3n un tel\u00e9fono de contacto, completamente gratis, un e mail, web con un formulario a rellenar y perfiles en distintas redes sociales.<br \/>\n<\/div><\/div><\/div>\n<h3><span class=\"ez-toc-section\" id=\"Telefono_gratuito_de_BBVA\"><\/span>Tel\u00e9fono gratuito de BBVA<span class=\"ez-toc-section-end\"><\/span><\/h3>\n<p>Este es el tel\u00e9fono de contacto <strong>900 102 801<\/strong>. BBVA ha pensado en ti y en tu tiempo. Es por esto que te presta este servicio r\u00e1pido y eficiente donde sus agentes especialistas en estos temas te ayudar\u00e1n a solucionar tus dudas y cuestiones. La llamada que hagas a BBVA no te va a suponer ning\u00fan tipo de coste, da lo mismo el tiempo que transcurre en ella. Sus gatos son nulos. Un especialista en seguro de decesos le atender\u00e1 para que pueda resolver todas sus dudas y de esta manera quedar satisfecho con su llamada.<br \/>\n<div class=\"colorf\"><div class=\"container clearfix\"><div class=\"col-md-7\"><\/p>\n<div class=\"cabecera_tabla_ajustada \"  style=\"width:80%\" ><div class=\"row\"><\/div>\n<p><div class=\"fila_tabla4 \"  ><div class=\"row\"><div class=\"col-8 nosepara izq\"><p><strong>Tel\u00e9fono para contrataciones<\/strong><\/p><\/div><div class=\"col-4 nosepara centro\">951 127 403<\/div><\/div><\/div><div class=\"fila_tabla4 \"  ><div class=\"row\"><div class=\"col-8 nosepara izq\"><p><strong>Tel\u00e9fono para atenci\u00f3n al cliente<\/strong><\/p><\/div><div class=\"col-4 nosepara centro\">912 249 496<\/div><\/div><\/div><div class=\"fila_tabla4 \"  ><div class=\"row\"><div class=\"col-8 nosepara izq\"><p><strong>Tel\u00e9fono de BBVA Seguros<\/strong><\/p><\/div><div class=\"col-4 nosepara centro\">912 249 975<\/div><\/div><\/div><div class=\"pie_tabla \"  ><div class=\"row\"><div class=\"col-12 \"><\/div><\/div><\/div><\/div><\/p>\n<\/div><\/div><\/div>\n<h3><span class=\"ez-toc-section\" id=\"Horario_de_atencion_al_cliente_de_BBVA\"><\/span>Horario de atenci\u00f3n al cliente de BBVA<span class=\"ez-toc-section-end\"><\/span><\/h3>\n<p>Al usuario se le da por parte de BBVA un horario flexible de atenci\u00f3n al cliente, tanto de ma\u00f1ana como de tarde. De esta manera va a poder llamar cuando pueda y sus agentes podr\u00e1n ayudarle. La persona con la que hable le atender\u00e1 con un lenguaje claro y conciso a fin de que los servicios que usted demanden quede resueltos. Si la llamada lo necesita, ser\u00e1 desviado a uno de los aconsejes especialistas de la compa\u00f1\u00eda. Este va a poder resolverle todas sus dudas y preguntas que desee saber sobre su seguro de decesos. Con la llamada finalizada ya habr\u00e1 recibido contestaci\u00f3n a todas sus preguntas y va a ser de su agrado el trato recibido por el agente.<br \/>\n<div class=\"colorf\"><div class=\"container clearfix\"><div class=\"col-md-7\"><\/p>\n<h3><span class=\"ez-toc-section\" id=\"Correo_electronico_de_BBVA\"><\/span>Correo electr\u00f3nico de BBVA<span class=\"ez-toc-section-end\"><\/span><\/h3>\n<p>En nuestros d\u00edas, el planeta est\u00e1 sumergido en la era de internet. La gente es siendo consciente de ello por eso tienen diferentes cuentas en plataformas como Gmail, Hotmail&#8230; BBVA tambi\u00e9n se ha sumado a este movimiento poniendo a su disposici\u00f3n el pr\u00f3ximo correo <strong>servicioatencioncliente@grupobbva.com<\/strong>. Debido a que es uno de los m\u00e9todos m\u00e1s r\u00e1pidos y sencillos para mandar y recibir informaci\u00f3n, cualquier consulta o duda que tenga sobre su seguro de decesos, un profesional en el tema de la compa\u00f1\u00eda le atender\u00e1 y responder\u00e1 con un lenguaje claro y conciso, con el fin de un buen comprensi\u00f3n y, reflejando de este modo, la experiencia y profesionalidad que tienen.<br \/>\n<\/div><\/div><\/div><\/p>\n<h3><span class=\"ez-toc-section\" id=\"Formulario_en_el_sitio_Web_de_BBVA\"><\/span>Formulario en el sitio Web de BBVA<span class=\"ez-toc-section-end\"><\/span><\/h3>\n<p>Con el f\u00e1cil acto de preguntarle a un buscador de Internet lo que desees saber, te lo resolver\u00e1 en ese mismo instante. Por esta raz\u00f3n, es la plataforma con m\u00e1s relevancia y mayor acceso para las personas. BBVA es consciente de todo esto y ha creado su p\u00e1gina web <strong>www.bbvaseguros.com\/<\/strong>. En dicha p\u00e1gina, se le va a facilitar un formulario el que tendr\u00e1 que rellenar los siguientes campos: nombre, apellidos, tel\u00e9fono de contacto, correo electr\u00f3nico\u2026Tras este paso, un especialista contactar\u00e1 con para ayudarle en todo cuanto necesite.<br \/>\n<div class=\"colorf\"><div class=\"container clearfix\"><div class=\"col-md-7\"><\/p>\n<h3><span class=\"ez-toc-section\" id=\"Redes_sociales_de_BBVA\"><\/span>Redes sociales de BBVA<span class=\"ez-toc-section-end\"><\/span><\/h3>\n<p>Redes sociales como Twitter, Instagram y Facebook difunden sus contenidos a miles y miles de personas a diario, con lo que son de gran importancia. BBVA es conocedora del gran impacto y repercusi\u00f3n que tienen estas plataformas, con lo que dispone de un perfil en ellas. Para poder tener acceso, va a deber teclear BBVA en las aplicaciones. Podr\u00e1 localizar en el perfil informaci\u00f3n sobre sus caracter\u00edsticas en torno al seguro de decesos, ofertas libres, im\u00e1genes de la compa\u00f1\u00eda y otros m\u00e1s. La compa\u00f1\u00eda le va a ofrecer la posibilidad de contactar con ella por medio de alguna de las aplicaciones.<br \/>\n<\/div><\/div><\/div><br \/>\n<\/div><\/p>\n<p><div class=\"oficinas\"> <h3><span class=\"ez-toc-section\" id=\"Paginas_relacionadas\"><\/span>P\u00e1ginas relacionadas<span class=\"ez-toc-section-end\"><\/span><\/h3><div class=\"enlazado\"><ul> <li><a href=\"https:\/\/idecesos.com\/seguros\/companias\/bbva\/precio\/\">Precio seguro BBVA<\/a><\/li> <li><a href=\"https:\/\/idecesos.com\/seguros\/companias\/bbva\/prima-mixta\/\">BBVA Prima Mixta<\/a><\/li> <li><a href=\"https:\/\/idecesos.com\/seguros\/companias\/bbva\/prima-natural\/\">BBVA Prima Natural<\/a><\/li> <li><a href=\"https:\/\/idecesos.com\/seguros\/companias\/bbva\/prima-nivelada\/\">BBVA Prima Nivelada<\/a><\/li> <li><a href=\"https:\/\/idecesos.com\/seguros\/companias\/bbva\/prima-unica\/\">BBVA Prima \u00danica<\/a><\/li> <li><a href=\"https:\/\/idecesos.com\/seguros\/companias\/bbva\/repatriacion\/\">BBVA Repatriaci\u00f3n<\/a><\/li> <li><a href=\"https:\/\/idecesos.com\/seguros\/companias\/bbva\/telefono\/\">Tel\u00e9fono Gratuito BBVA<\/a><\/li><\/ul><\/div> <\/div><\/p>\n","protected":false},"excerpt":{"rendered":"<p>Para que pueda conseguir informaci\u00f3n sin dificultad alguna, BBVA brinda al p\u00fablico distintos m\u00e9todos para poder contactar. Con cada una de las opciones, tendr\u00e1 una respuesta rapid\u00edsima por la parte de los expertos aconsejes en su seguro de decesos y no tendr\u00e1 la necesidad de moverse del sitio. Perder a un familiar o bien ser&hellip; <\/p>\n","protected":false},"author":1,"featured_media":0,"parent":515,"menu_order":0,"comment_status":"closed","ping_status":"closed","template":"single.php","meta":{"footnotes":""},"class_list":["post-15323","page","type-page","status-publish","hentry"],"yoast_head":"<!-- This site is optimized with the Yoast SEO plugin v27.5 - https:\/\/yoast.com\/product\/yoast-seo-wordpress\/ -->\n<title>Tel\u00e9fono Gratuito BBVA \u25b7Atenci\u00f3n Cliente, Email, RRSS, Web<\/title>\n<meta name=\"description\" content=\"Busca aqu\u00ed\u3010BBVA seguros tel\u00e9fono gratuito\u3011BBVA Decesos tel\u00e9fono gratis: atenci\u00f3n al cliente y contrataciones \u2611\ufe0fVerificado en 2026\" \/>\n<meta name=\"robots\" content=\"index, follow, max-snippet:-1, max-image-preview:large, max-video-preview:-1\" \/>\n<link rel=\"canonical\" href=\"https:\/\/idecesos.com\/seguros\/companias\/bbva\/telefono\/\" \/>\n<meta property=\"og:locale\" content=\"es_ES\" \/>\n<meta property=\"og:type\" content=\"article\" \/>\n<meta property=\"og:title\" content=\"Tel\u00e9fono Gratuito BBVA \u25b7Atenci\u00f3n Cliente, Email, RRSS, Web\" \/>\n<meta property=\"og:description\" content=\"Busca aqu\u00ed\u3010BBVA seguros tel\u00e9fono gratuito\u3011BBVA Decesos tel\u00e9fono gratis: atenci\u00f3n al cliente y contrataciones \u2611\ufe0fVerificado en 2026\" \/>\n<meta property=\"og:url\" content=\"https:\/\/idecesos.com\/seguros\/companias\/bbva\/telefono\/\" \/>\n<meta property=\"article:modified_time\" content=\"2022-04-03T17:25:20+00:00\" \/>\n<meta name=\"twitter:card\" content=\"summary_large_image\" \/>\n<meta name=\"twitter:label1\" content=\"Tiempo de lectura\" \/>\n\t<meta name=\"twitter:data1\" content=\"4 minutos\" \/>\n<script type=\"application\/ld+json\" class=\"yoast-schema-graph\">{\"@context\":\"https:\\\/\\\/schema.org\",\"@graph\":[{\"@type\":\"WebPage\",\"@id\":\"https:\\\/\\\/idecesos.com\\\/seguros\\\/companias\\\/bbva\\\/telefono\\\/\",\"url\":\"https:\\\/\\\/idecesos.com\\\/seguros\\\/companias\\\/bbva\\\/telefono\\\/\",\"name\":\"Tel\u00e9fono Gratuito BBVA \u25b7Atenci\u00f3n Cliente, Email, RRSS, Web\",\"isPartOf\":{\"@id\":\"https:\\\/\\\/idecesos.com\\\/seguros\\\/#website\"},\"datePublished\":\"2021-11-25T10:10:24+00:00\",\"dateModified\":\"2022-04-03T17:25:20+00:00\",\"description\":\"Busca aqu\u00ed\u3010BBVA seguros tel\u00e9fono gratuito\u3011BBVA Decesos tel\u00e9fono gratis: atenci\u00f3n al cliente y contrataciones \u2611\ufe0fVerificado en 2026\",\"breadcrumb\":{\"@id\":\"https:\\\/\\\/idecesos.com\\\/seguros\\\/companias\\\/bbva\\\/telefono\\\/#breadcrumb\"},\"inLanguage\":\"es\",\"potentialAction\":[{\"@type\":\"ReadAction\",\"target\":[\"https:\\\/\\\/idecesos.com\\\/seguros\\\/companias\\\/bbva\\\/telefono\\\/\"]}]},{\"@type\":\"BreadcrumbList\",\"@id\":\"https:\\\/\\\/idecesos.com\\\/seguros\\\/companias\\\/bbva\\\/telefono\\\/#breadcrumb\",\"itemListElement\":[{\"@type\":\"ListItem\",\"position\":1,\"name\":\"Portada\",\"item\":\"https:\\\/\\\/idecesos.com\\\/seguros\\\/\"},{\"@type\":\"ListItem\",\"position\":2,\"name\":\"Compa\u00f1\u00edas de Seguros de Decesos en Espa\u00f1a\",\"item\":\"https:\\\/\\\/idecesos.com\\\/seguros\\\/companias\\\/\"},{\"@type\":\"ListItem\",\"position\":3,\"name\":\"Seguro de decesos BBVA\",\"item\":\"https:\\\/\\\/idecesos.com\\\/seguros\\\/companias\\\/bbva\\\/\"},{\"@type\":\"ListItem\",\"position\":4,\"name\":\"Atenci\u00f3n al cliente BBVA: telefono gratuito, e-mail\"}]},{\"@type\":\"WebSite\",\"@id\":\"https:\\\/\\\/idecesos.com\\\/seguros\\\/#website\",\"url\":\"https:\\\/\\\/idecesos.com\\\/seguros\\\/\",\"name\":\"\",\"description\":\"\",\"potentialAction\":[{\"@type\":\"SearchAction\",\"target\":{\"@type\":\"EntryPoint\",\"urlTemplate\":\"https:\\\/\\\/idecesos.com\\\/seguros\\\/?s={search_term_string}\"},\"query-input\":{\"@type\":\"PropertyValueSpecification\",\"valueRequired\":true,\"valueName\":\"search_term_string\"}}],\"inLanguage\":\"es\"}]}<\/script>\n<!-- \/ Yoast SEO plugin. -->","yoast_head_json":{"title":"Tel\u00e9fono Gratuito BBVA \u25b7Atenci\u00f3n Cliente, Email, RRSS, Web","description":"Busca aqu\u00ed\u3010BBVA seguros tel\u00e9fono gratuito\u3011BBVA Decesos tel\u00e9fono gratis: atenci\u00f3n al cliente y contrataciones \u2611\ufe0fVerificado en 2026","robots":{"index":"index","follow":"follow","max-snippet":"max-snippet:-1","max-image-preview":"max-image-preview:large","max-video-preview":"max-video-preview:-1"},"canonical":"https:\/\/idecesos.com\/seguros\/companias\/bbva\/telefono\/","og_locale":"es_ES","og_type":"article","og_title":"Tel\u00e9fono Gratuito BBVA \u25b7Atenci\u00f3n Cliente, Email, RRSS, Web","og_description":"Busca aqu\u00ed\u3010BBVA seguros tel\u00e9fono gratuito\u3011BBVA Decesos tel\u00e9fono gratis: atenci\u00f3n al cliente y contrataciones \u2611\ufe0fVerificado en 2026","og_url":"https:\/\/idecesos.com\/seguros\/companias\/bbva\/telefono\/","article_modified_time":"2022-04-03T17:25:20+00:00","twitter_card":"summary_large_image","twitter_misc":{"Tiempo de lectura":"4 minutos"},"schema":{"@context":"https:\/\/schema.org","@graph":[{"@type":"WebPage","@id":"https:\/\/idecesos.com\/seguros\/companias\/bbva\/telefono\/","url":"https:\/\/idecesos.com\/seguros\/companias\/bbva\/telefono\/","name":"Tel\u00e9fono Gratuito BBVA \u25b7Atenci\u00f3n Cliente, Email, RRSS, Web","isPartOf":{"@id":"https:\/\/idecesos.com\/seguros\/#website"},"datePublished":"2021-11-25T10:10:24+00:00","dateModified":"2022-04-03T17:25:20+00:00","description":"Busca aqu\u00ed\u3010BBVA seguros tel\u00e9fono gratuito\u3011BBVA Decesos tel\u00e9fono gratis: atenci\u00f3n al cliente y contrataciones \u2611\ufe0fVerificado en 2026","breadcrumb":{"@id":"https:\/\/idecesos.com\/seguros\/companias\/bbva\/telefono\/#breadcrumb"},"inLanguage":"es","potentialAction":[{"@type":"ReadAction","target":["https:\/\/idecesos.com\/seguros\/companias\/bbva\/telefono\/"]}]},{"@type":"BreadcrumbList","@id":"https:\/\/idecesos.com\/seguros\/companias\/bbva\/telefono\/#breadcrumb","itemListElement":[{"@type":"ListItem","position":1,"name":"Portada","item":"https:\/\/idecesos.com\/seguros\/"},{"@type":"ListItem","position":2,"name":"Compa\u00f1\u00edas de Seguros de Decesos en Espa\u00f1a","item":"https:\/\/idecesos.com\/seguros\/companias\/"},{"@type":"ListItem","position":3,"name":"Seguro de decesos BBVA","item":"https:\/\/idecesos.com\/seguros\/companias\/bbva\/"},{"@type":"ListItem","position":4,"name":"Atenci\u00f3n al cliente BBVA: telefono gratuito, e-mail"}]},{"@type":"WebSite","@id":"https:\/\/idecesos.com\/seguros\/#website","url":"https:\/\/idecesos.com\/seguros\/","name":"","description":"","potentialAction":[{"@type":"SearchAction","target":{"@type":"EntryPoint","urlTemplate":"https:\/\/idecesos.com\/seguros\/?s={search_term_string}"},"query-input":{"@type":"PropertyValueSpecification","valueRequired":true,"valueName":"search_term_string"}}],"inLanguage":"es"}]}},"_links":{"self":[{"href":"https:\/\/idecesos.com\/seguros\/wp-json\/wp\/v2\/pages\/15323","targetHints":{"allow":["GET"]}}],"collection":[{"href":"https:\/\/idecesos.com\/seguros\/wp-json\/wp\/v2\/pages"}],"about":[{"href":"https:\/\/idecesos.com\/seguros\/wp-json\/wp\/v2\/types\/page"}],"author":[{"embeddable":true,"href":"https:\/\/idecesos.com\/seguros\/wp-json\/wp\/v2\/users\/1"}],"replies":[{"embeddable":true,"href":"https:\/\/idecesos.com\/seguros\/wp-json\/wp\/v2\/comments?post=15323"}],"version-history":[{"count":13,"href":"https:\/\/idecesos.com\/seguros\/wp-json\/wp\/v2\/pages\/15323\/revisions"}],"predecessor-version":[{"id":20924,"href":"https:\/\/idecesos.com\/seguros\/wp-json\/wp\/v2\/pages\/15323\/revisions\/20924"}],"up":[{"embeddable":true,"href":"https:\/\/idecesos.com\/seguros\/wp-json\/wp\/v2\/pages\/515"}],"wp:attachment":[{"href":"https:\/\/idecesos.com\/seguros\/wp-json\/wp\/v2\/media?parent=15323"}],"curies":[{"name":"wp","href":"https:\/\/api.w.org\/{rel}","templated":true}]}}