{"id":15324,"date":"2021-11-26T09:12:28","date_gmt":"2021-11-25T10:10:25","guid":{"rendered":"https:\/\/idecesos.com\/seguros\/companias\/caja-ingenieros\/telefono\/"},"modified":"2022-04-03T19:04:30","modified_gmt":"2022-04-03T19:04:30","slug":"telefono","status":"publish","type":"page","link":"https:\/\/idecesos.com\/seguros\/companias\/caja-ingenieros\/telefono\/","title":{"rendered":"Atenci\u00f3n al cliente Caja Ingenieros: telefono gratuito, e-mail"},"content":{"rendered":"<div id=\"ez-toc-container\" class=\"ez-toc-v2_0_82_2 ez-toc-wrap-center counter-hierarchy ez-toc-counter ez-toc-custom ez-toc-container-direction\">\n<div class=\"ez-toc-title-container\">\n<p class=\"ez-toc-title\" style=\"cursor:inherit\">Tabla de Contenido<\/p>\n<span class=\"ez-toc-title-toggle\"><a href=\"#\" class=\"ez-toc-pull-right ez-toc-btn ez-toc-btn-xs ez-toc-btn-default ez-toc-toggle\" aria-label=\"Alternar tabla de contenidos\"><span class=\"ez-toc-js-icon-con\"><span class=\"\"><span class=\"eztoc-hide\" style=\"display:none;\">Toggle<\/span><span class=\"ez-toc-icon-toggle-span\"><svg style=\"fill: #db6415;color:#db6415\" xmlns=\"http:\/\/www.w3.org\/2000\/svg\" class=\"list-377408\" width=\"20px\" height=\"20px\" viewBox=\"0 0 24 24\" fill=\"none\"><path d=\"M6 6H4v2h2V6zm14 0H8v2h12V6zM4 11h2v2H4v-2zm16 0H8v2h12v-2zM4 16h2v2H4v-2zm16 0H8v2h12v-2z\" fill=\"currentColor\"><\/path><\/svg><svg style=\"fill: #db6415;color:#db6415\" class=\"arrow-unsorted-368013\" xmlns=\"http:\/\/www.w3.org\/2000\/svg\" width=\"10px\" height=\"10px\" viewBox=\"0 0 24 24\" version=\"1.2\" baseProfile=\"tiny\"><path d=\"M18.2 9.3l-6.2-6.3-6.2 6.3c-.2.2-.3.4-.3.7s.1.5.3.7c.2.2.4.3.7.3h11c.3 0 .5-.1.7-.3.2-.2.3-.5.3-.7s-.1-.5-.3-.7zM5.8 14.7l6.2 6.3 6.2-6.3c.2-.2.3-.5.3-.7s-.1-.5-.3-.7c-.2-.2-.4-.3-.7-.3h-11c-.3 0-.5.1-.7.3-.2.2-.3.5-.3.7s.1.5.3.7z\"\/><\/svg><\/span><\/span><\/span><\/a><\/span><\/div>\n<nav><ul class='ez-toc-list ez-toc-list-level-1 ' ><ul class='ez-toc-list-level-4' ><li class='ez-toc-heading-level-4'><ul class='ez-toc-list-level-4' ><li class='ez-toc-heading-level-4'><a class=\"ez-toc-link ez-toc-heading-1\" href=\"https:\/\/idecesos.com\/seguros\/companias\/caja-ingenieros\/telefono\/#Telefono_Contrataciones_951_127_403\" >Tel\u00e9fono Contrataciones \n951 127 403<\/a><\/li><\/ul><\/li><\/ul><\/li><li class='ez-toc-page-1 ez-toc-heading-level-2'><a class=\"ez-toc-link ez-toc-heading-2\" href=\"https:\/\/idecesos.com\/seguros\/companias\/caja-ingenieros\/telefono\/#%C2%BFComo_contactar_con_Caja_Ingenieros\" >\u00bfC\u00f3mo contactar con Caja Ingenieros?<\/a><ul class='ez-toc-list-level-3' ><li class='ez-toc-heading-level-3'><a class=\"ez-toc-link ez-toc-heading-3\" href=\"https:\/\/idecesos.com\/seguros\/companias\/caja-ingenieros\/telefono\/#Telefono_gratuito_de_Caja_Ingenieros\" >Tel\u00e9fono gratuito de Caja Ingenieros<\/a><\/li><li class='ez-toc-page-1 ez-toc-heading-level-3'><a class=\"ez-toc-link ez-toc-heading-4\" href=\"https:\/\/idecesos.com\/seguros\/companias\/caja-ingenieros\/telefono\/#Horario_de_atencion_al_cliente_de_Caja_Ingenieros\" >Horario de atenci\u00f3n al cliente de Caja Ingenieros<\/a><\/li><li class='ez-toc-page-1 ez-toc-heading-level-3'><a class=\"ez-toc-link ez-toc-heading-5\" href=\"https:\/\/idecesos.com\/seguros\/companias\/caja-ingenieros\/telefono\/#Correo_electronico_de_Caja_Ingenieros\" >Correo electr\u00f3nico de Caja Ingenieros<\/a><\/li><li class='ez-toc-page-1 ez-toc-heading-level-3'><a class=\"ez-toc-link ez-toc-heading-6\" href=\"https:\/\/idecesos.com\/seguros\/companias\/caja-ingenieros\/telefono\/#Formulario_en_el_sitio_Web_de_Caja_Ingenieros\" >Formulario en el sitio Web de Caja Ingenieros<\/a><\/li><li class='ez-toc-page-1 ez-toc-heading-level-3'><a class=\"ez-toc-link ez-toc-heading-7\" href=\"https:\/\/idecesos.com\/seguros\/companias\/caja-ingenieros\/telefono\/#Redes_sociales_de_Caja_Ingenieros\" >Redes sociales de Caja Ingenieros<\/a><\/li><li class='ez-toc-page-1 ez-toc-heading-level-3'><a class=\"ez-toc-link ez-toc-heading-8\" href=\"https:\/\/idecesos.com\/seguros\/companias\/caja-ingenieros\/telefono\/#Paginas_relacionadas\" >P\u00e1ginas relacionadas<\/a><\/li><\/ul><\/li><\/ul><\/nav><\/div>\n\n<div class=\"caja\">\n<div class=\"cajaIcono2 \"  ><div class=\"cuadro\" style=\"box-shadow: inset 0 0 0 3px #ff790e\"><div class=\"iconoCircular\" style=\"border: 3px solid #ff790e\">\t\t\n\t\t\t\t\t<div class=\"iconoCirculo\">\n\t\t\t\t\t  <i class=\"fas fa-phone-volume\"><\/i>\n\t\t\t\t\t<\/div>\n\t\t\t\t<\/div><div class=\"\">\n<h4 style=\"text-align: center;\"><span class=\"ez-toc-section\" id=\"Telefono_Contrataciones_951_127_403\"><\/span><strong>Tel\u00e9fono Contrataciones<br \/>\n951 127 403<\/strong><span class=\"ez-toc-section-end\"><\/span><\/h4>\n<p><\/div><\/div><\/div><br \/>\nEs accesible a todo aquel quiera, los m\u00e9todos de contacto que ofrece Caja Ingenieros para poder localizar la informaci\u00f3n precisa de manera f\u00e1cil. Con todas ellas, no va a tener la necesidad de desplazarse si no le resulta posible y, conseguir\u00e1 una veloz y sencilla respuesta por parte del consultor experto en seguros de decesos. Perder a un familiar o bien ser querido es una ocasi\u00f3n dur\u00edsima y dif\u00edcil, con lo que todos y cada uno de los miembros de la compa\u00f1\u00eda respetar\u00e1n cada momento del proceso y, sobre todo, concluir\u00e1n todos y cada uno de los tr\u00e1mites antes de la fecha. Se le proporcionar\u00e1 toda la informaci\u00f3n respectiva a su seguro, como coberturas, la indemnizaci\u00f3n que pueda percibir por la hospitalizaci\u00f3n, los servicios de testamento y f\u00fanebre, y m\u00e1s.<br \/>\n<\/div><\/p>\n<div class=\"colorf \"  ><div class=\"container clearfix\"><div class=\"col-md-7\"><\/p>\n<h2><span class=\"ez-toc-section\" id=\"%C2%BFComo_contactar_con_Caja_Ingenieros\"><\/span>\u00bfC\u00f3mo contactar con Caja Ingenieros?<span class=\"ez-toc-section-end\"><\/span><\/h2>\n<p>Adem\u00e1s, Caja Ingenieros te ofrece m\u00faltiples formas de contacto. Ofrece los pr\u00f3ximos m\u00e9todos a fin de que el usuario pueda comunicarse con la empresa: tel\u00e9fono gratis, correo, formulario mediante la p\u00e1gina web y, por \u00faltimo, redes sociales.<br \/>\n<\/div><\/div><\/div>\n<h3><span class=\"ez-toc-section\" id=\"Telefono_gratuito_de_Caja_Ingenieros\"><\/span>Tel\u00e9fono gratuito de Caja Ingenieros<span class=\"ez-toc-section-end\"><\/span><\/h3>\n<p>Para facilitar respuestas a dudas, cuestiones, asesoramiento, etc\u00e9teraEn torno a su seguro de decesos, se le proporcionar\u00e1 un n\u00famero de contacto y de esta manera charlar con la compa\u00f1\u00eda. No sabiendo cu\u00e1nto puede durar la conversaci\u00f3n, sus dudas o explicaciones, es la forma m\u00e1s f\u00e1cil de mantener contacto con el profesional y, de esta forma, va a tener una comunicaci\u00f3n m\u00e1s pr\u00f3xima. Llamando al n\u00famero <strong>900 300 321<\/strong> tendr\u00e1 la posibilidad de comunicarse directamente y veloz con Caja Ingenieros gratuitamente, lugar desde donde est\u00e9s, sin dejar sus tareas.<br \/>\n<div class=\"colorf\"><div class=\"container clearfix\"><div class=\"col-md-7\"><\/p>\n<div class=\"cabecera_tabla_ajustada \"  style=\"width:80%\" ><div class=\"row\"><\/div>\n<p><div class=\"fila_tabla4 \"  ><div class=\"row\"><div class=\"col-8 nosepara izq\"><p><strong>Tel\u00e9fono para contrataciones<\/strong><\/p><\/div><div class=\"col-4 nosepara centro\">951 127 403<\/div><\/div><\/div><div class=\"fila_tabla4 \"  ><div class=\"row\"><div class=\"col-8 nosepara izq\"><p><strong>Canal de Whatsapp<\/strong><\/p><\/div><div class=\"col-4 nosepara centro\">646 420 384<\/div><\/div><\/div><\/p>\n<div class=\"pie_tabla \"  ><div class=\"row\"><div class=\"col-12 \"><\/div><\/div><\/div><\/div>\n<\/div><\/div><\/div>\n<h3><span class=\"ez-toc-section\" id=\"Horario_de_atencion_al_cliente_de_Caja_Ingenieros\"><\/span>Horario de atenci\u00f3n al cliente de Caja Ingenieros<span class=\"ez-toc-section-end\"><\/span><\/h3>\n<p>Caja Ingenieros es consciente de los diferentes horarios que puedan tener sus clientes por ellos tienen asistencia en diferentes franjas horarias para que no te tengas que preocupar por nada y puedas solucionar sus dudas sin inconveniente. La persona que le atender\u00e1, pasar\u00e1 la llamada a uno de los profesionales y especialistas aconsejes a fin de que pueda charlar largo y tendido sobre su seguro de decesos o cualquier aspecto que le compete. Merced a este servicio van a quedar resueltas todas sus dudas.<br \/>\n<div class=\"colorf\"><div class=\"container clearfix\"><div class=\"col-md-7\"><\/p>\n<h3><span class=\"ez-toc-section\" id=\"Correo_electronico_de_Caja_Ingenieros\"><\/span>Correo electr\u00f3nico de Caja Ingenieros<span class=\"ez-toc-section-end\"><\/span><\/h3>\n<p>Hoy en d\u00eda, nuestra sociedad est\u00e1 inmersa en el mundo de internet. Caja Ingenieros ha puesta a su disposici\u00f3n el pr\u00f3ximo correo electr\u00f3nico para que pueda contactar con ellos y sumarse a la era digital <strong>servicioatencionsocio@caja-ingenieros.es<\/strong>. Merced a la velocidad y sencillez de mandar un correo, los agentes de Caja Ingenieros se pondr\u00e1n en contacto con usted los m\u00e1s r\u00e1pido posible para resolverle sus dudas sobre su seguro de decesos y mandarle toda la informaci\u00f3n que necesite de la forma m\u00e1s clara y sucinta que tengan a fin de que ella un buen comprensi\u00f3n por las dos partes.<br \/>\n<\/div><\/div><\/div><\/p>\n<h3><span class=\"ez-toc-section\" id=\"Formulario_en_el_sitio_Web_de_Caja_Ingenieros\"><\/span>Formulario en el sitio Web de Caja Ingenieros<span class=\"ez-toc-section-end\"><\/span><\/h3>\n<p>Pregunt\u00e1ndole a un buscador de Internet, hallar\u00e1 la contestaci\u00f3n en un instante. Por ese hecho, es la plataforma m\u00e1s esencial a la que la mayor\u00eda de las personas del planeta tienen acceso. Caja Ingenieros prosigue la tendencia y dispone de la siguiente p\u00e1gina web <strong>www.caixaenginyers.com\/es\/ <\/strong>En ella, vas a poder rellenar un formulario b\u00e1sico, en el que le solicitar\u00e1n ciertos datos como su nombre y apellidos, m\u00f3vil, y\/o correo. Ahora, se comunicar\u00e1 con un especialista asesor en el tema para brindarle su ayuda y conocimientos.<br \/>\n<div class=\"colorf\"><div class=\"container clearfix\"><div class=\"col-md-7\"><\/p>\n<h3><span class=\"ez-toc-section\" id=\"Redes_sociales_de_Caja_Ingenieros\"><\/span>Redes sociales de Caja Ingenieros<span class=\"ez-toc-section-end\"><\/span><\/h3>\n<p>Fb, Twitter o bien Instagram son parte de las herramientas con m\u00e1s difusi\u00f3n a nivel mundial y de las que son part\u00edcipes la mayor\u00eda de personas. Caja Ingenieros no se queda atr\u00e1s. Saber qui\u00e9nes forman parte de la compa\u00f1\u00eda, contactar o bien hallar informaci\u00f3n va a poder hacerlo por medio de sus plataformas libres. Tecleando Caja Ingenieros encontrar\u00e1 el perfil de la compa\u00f1\u00eda y podr\u00e1 acceder a sus datos. Gracias a \u00e9l, tendr\u00e1 acceso a los datos, como link de web, caracter\u00edsticas\u2026 que postee la compa\u00f1\u00eda sobre su seguro de decesos y tambi\u00e9n, podr\u00e1 mandar un mensaje para comunicarse en el futuro con sus profesionales.<br \/>\n<\/div><\/div><\/div><\/p>\n<\/div>\n<p><div class=\"oficinas\"> <h3><span class=\"ez-toc-section\" id=\"Paginas_relacionadas\"><\/span>P\u00e1ginas relacionadas<span class=\"ez-toc-section-end\"><\/span><\/h3><div class=\"enlazado\"><ul> <li><a href=\"https:\/\/idecesos.com\/seguros\/companias\/caja-ingenieros\/opiniones\/\">Opiniones Caja Ingenieros<\/a><\/li> <li><a href=\"https:\/\/idecesos.com\/seguros\/companias\/caja-ingenieros\/precio\/\">Precio seguro Caja Ingenieros<\/a><\/li> <li><a href=\"https:\/\/idecesos.com\/seguros\/companias\/caja-ingenieros\/prima-mixta\/\">Caja Ingenieros Prima Mixta<\/a><\/li> <li><a href=\"https:\/\/idecesos.com\/seguros\/companias\/caja-ingenieros\/prima-natural\/\">Caja Ingenieros Prima Natural<\/a><\/li> <li><a href=\"https:\/\/idecesos.com\/seguros\/companias\/caja-ingenieros\/prima-nivelada\/\">Caja Ingenieros Prima Nivelada<\/a><\/li> <li><a href=\"https:\/\/idecesos.com\/seguros\/companias\/caja-ingenieros\/prima-unica\/\">Caja Ingenieros Prima \u00danica<\/a><\/li> <li><a href=\"https:\/\/idecesos.com\/seguros\/companias\/caja-ingenieros\/repatriacion\/\">Caja Ingenieros Repatriaci\u00f3n<\/a><\/li> <li><a href=\"https:\/\/idecesos.com\/seguros\/companias\/caja-ingenieros\/telefono\/\">Tel\u00e9fono Gratuito Caja Ingenieros<\/a><\/li><\/ul><\/div> <\/div><\/p>\n","protected":false},"excerpt":{"rendered":"<p>Es accesible a todo aquel quiera, los m\u00e9todos de contacto que ofrece Caja Ingenieros para poder localizar la informaci\u00f3n precisa de manera f\u00e1cil. Con todas ellas, no va a tener la necesidad de desplazarse si no le resulta posible y, conseguir\u00e1 una veloz y sencilla respuesta por parte del consultor experto en seguros de decesos.&hellip; <\/p>\n","protected":false},"author":1,"featured_media":0,"parent":585,"menu_order":0,"comment_status":"closed","ping_status":"closed","template":"single.php","meta":{"footnotes":""},"class_list":["post-15324","page","type-page","status-publish","hentry"],"yoast_head":"<!-- This site is optimized with the Yoast SEO plugin v27.5 - https:\/\/yoast.com\/product\/yoast-seo-wordpress\/ -->\n<title>Tel\u00e9fono Gratuito Caja Ingenieros \u25b7Atenci\u00f3n Cliente, Email, RRSS, Web<\/title>\n<meta name=\"description\" content=\"Busca aqu\u00ed\u3010Caja Ingenieros seguros tel\u00e9fono gratuito\u3011Caja Ingenieros Decesos tel\u00e9fono gratis: atenci\u00f3n al cliente y contrataciones \u2611\ufe0fVerificado en 2026\" \/>\n<meta name=\"robots\" content=\"index, follow, max-snippet:-1, max-image-preview:large, max-video-preview:-1\" \/>\n<link rel=\"canonical\" href=\"https:\/\/idecesos.com\/seguros\/companias\/caja-ingenieros\/telefono\/\" \/>\n<meta property=\"og:locale\" content=\"es_ES\" \/>\n<meta property=\"og:type\" content=\"article\" \/>\n<meta property=\"og:title\" content=\"Tel\u00e9fono Gratuito Caja Ingenieros \u25b7Atenci\u00f3n Cliente, Email, RRSS, Web\" \/>\n<meta property=\"og:description\" content=\"Busca aqu\u00ed\u3010Caja Ingenieros seguros tel\u00e9fono gratuito\u3011Caja Ingenieros Decesos tel\u00e9fono gratis: atenci\u00f3n al cliente y contrataciones \u2611\ufe0fVerificado en 2026\" \/>\n<meta property=\"og:url\" content=\"https:\/\/idecesos.com\/seguros\/companias\/caja-ingenieros\/telefono\/\" \/>\n<meta property=\"article:modified_time\" content=\"2022-04-03T19:04:30+00:00\" \/>\n<meta name=\"twitter:card\" content=\"summary_large_image\" \/>\n<meta name=\"twitter:label1\" content=\"Tiempo de lectura\" \/>\n\t<meta name=\"twitter:data1\" content=\"4 minutos\" \/>\n<script type=\"application\/ld+json\" class=\"yoast-schema-graph\">{\"@context\":\"https:\\\/\\\/schema.org\",\"@graph\":[{\"@type\":\"WebPage\",\"@id\":\"https:\\\/\\\/idecesos.com\\\/seguros\\\/companias\\\/caja-ingenieros\\\/telefono\\\/\",\"url\":\"https:\\\/\\\/idecesos.com\\\/seguros\\\/companias\\\/caja-ingenieros\\\/telefono\\\/\",\"name\":\"Tel\u00e9fono Gratuito Caja Ingenieros \u25b7Atenci\u00f3n Cliente, Email, RRSS, Web\",\"isPartOf\":{\"@id\":\"https:\\\/\\\/idecesos.com\\\/seguros\\\/#website\"},\"datePublished\":\"2021-11-25T10:10:25+00:00\",\"dateModified\":\"2022-04-03T19:04:30+00:00\",\"description\":\"Busca aqu\u00ed\u3010Caja Ingenieros seguros tel\u00e9fono gratuito\u3011Caja Ingenieros Decesos tel\u00e9fono gratis: atenci\u00f3n al cliente y contrataciones \u2611\ufe0fVerificado en 2026\",\"breadcrumb\":{\"@id\":\"https:\\\/\\\/idecesos.com\\\/seguros\\\/companias\\\/caja-ingenieros\\\/telefono\\\/#breadcrumb\"},\"inLanguage\":\"es\",\"potentialAction\":[{\"@type\":\"ReadAction\",\"target\":[\"https:\\\/\\\/idecesos.com\\\/seguros\\\/companias\\\/caja-ingenieros\\\/telefono\\\/\"]}]},{\"@type\":\"BreadcrumbList\",\"@id\":\"https:\\\/\\\/idecesos.com\\\/seguros\\\/companias\\\/caja-ingenieros\\\/telefono\\\/#breadcrumb\",\"itemListElement\":[{\"@type\":\"ListItem\",\"position\":1,\"name\":\"Portada\",\"item\":\"https:\\\/\\\/idecesos.com\\\/seguros\\\/\"},{\"@type\":\"ListItem\",\"position\":2,\"name\":\"Compa\u00f1\u00edas de Seguros de Decesos en Espa\u00f1a\",\"item\":\"https:\\\/\\\/idecesos.com\\\/seguros\\\/companias\\\/\"},{\"@type\":\"ListItem\",\"position\":3,\"name\":\"Seguro de decesos Caja ingenieros\",\"item\":\"https:\\\/\\\/idecesos.com\\\/seguros\\\/companias\\\/caja-ingenieros\\\/\"},{\"@type\":\"ListItem\",\"position\":4,\"name\":\"Atenci\u00f3n al cliente Caja Ingenieros: telefono gratuito, e-mail\"}]},{\"@type\":\"WebSite\",\"@id\":\"https:\\\/\\\/idecesos.com\\\/seguros\\\/#website\",\"url\":\"https:\\\/\\\/idecesos.com\\\/seguros\\\/\",\"name\":\"\",\"description\":\"\",\"potentialAction\":[{\"@type\":\"SearchAction\",\"target\":{\"@type\":\"EntryPoint\",\"urlTemplate\":\"https:\\\/\\\/idecesos.com\\\/seguros\\\/?s={search_term_string}\"},\"query-input\":{\"@type\":\"PropertyValueSpecification\",\"valueRequired\":true,\"valueName\":\"search_term_string\"}}],\"inLanguage\":\"es\"}]}<\/script>\n<!-- \/ Yoast SEO plugin. -->","yoast_head_json":{"title":"Tel\u00e9fono Gratuito Caja Ingenieros \u25b7Atenci\u00f3n Cliente, Email, RRSS, Web","description":"Busca aqu\u00ed\u3010Caja Ingenieros seguros tel\u00e9fono gratuito\u3011Caja Ingenieros Decesos tel\u00e9fono gratis: atenci\u00f3n al cliente y contrataciones \u2611\ufe0fVerificado en 2026","robots":{"index":"index","follow":"follow","max-snippet":"max-snippet:-1","max-image-preview":"max-image-preview:large","max-video-preview":"max-video-preview:-1"},"canonical":"https:\/\/idecesos.com\/seguros\/companias\/caja-ingenieros\/telefono\/","og_locale":"es_ES","og_type":"article","og_title":"Tel\u00e9fono Gratuito Caja Ingenieros \u25b7Atenci\u00f3n Cliente, Email, RRSS, Web","og_description":"Busca aqu\u00ed\u3010Caja Ingenieros seguros tel\u00e9fono gratuito\u3011Caja Ingenieros Decesos tel\u00e9fono gratis: atenci\u00f3n al cliente y contrataciones \u2611\ufe0fVerificado en 2026","og_url":"https:\/\/idecesos.com\/seguros\/companias\/caja-ingenieros\/telefono\/","article_modified_time":"2022-04-03T19:04:30+00:00","twitter_card":"summary_large_image","twitter_misc":{"Tiempo de lectura":"4 minutos"},"schema":{"@context":"https:\/\/schema.org","@graph":[{"@type":"WebPage","@id":"https:\/\/idecesos.com\/seguros\/companias\/caja-ingenieros\/telefono\/","url":"https:\/\/idecesos.com\/seguros\/companias\/caja-ingenieros\/telefono\/","name":"Tel\u00e9fono Gratuito Caja Ingenieros \u25b7Atenci\u00f3n Cliente, Email, RRSS, Web","isPartOf":{"@id":"https:\/\/idecesos.com\/seguros\/#website"},"datePublished":"2021-11-25T10:10:25+00:00","dateModified":"2022-04-03T19:04:30+00:00","description":"Busca aqu\u00ed\u3010Caja Ingenieros seguros tel\u00e9fono gratuito\u3011Caja Ingenieros Decesos tel\u00e9fono gratis: atenci\u00f3n al cliente y contrataciones \u2611\ufe0fVerificado en 2026","breadcrumb":{"@id":"https:\/\/idecesos.com\/seguros\/companias\/caja-ingenieros\/telefono\/#breadcrumb"},"inLanguage":"es","potentialAction":[{"@type":"ReadAction","target":["https:\/\/idecesos.com\/seguros\/companias\/caja-ingenieros\/telefono\/"]}]},{"@type":"BreadcrumbList","@id":"https:\/\/idecesos.com\/seguros\/companias\/caja-ingenieros\/telefono\/#breadcrumb","itemListElement":[{"@type":"ListItem","position":1,"name":"Portada","item":"https:\/\/idecesos.com\/seguros\/"},{"@type":"ListItem","position":2,"name":"Compa\u00f1\u00edas de Seguros de Decesos en Espa\u00f1a","item":"https:\/\/idecesos.com\/seguros\/companias\/"},{"@type":"ListItem","position":3,"name":"Seguro de decesos Caja ingenieros","item":"https:\/\/idecesos.com\/seguros\/companias\/caja-ingenieros\/"},{"@type":"ListItem","position":4,"name":"Atenci\u00f3n al cliente Caja Ingenieros: telefono gratuito, e-mail"}]},{"@type":"WebSite","@id":"https:\/\/idecesos.com\/seguros\/#website","url":"https:\/\/idecesos.com\/seguros\/","name":"","description":"","potentialAction":[{"@type":"SearchAction","target":{"@type":"EntryPoint","urlTemplate":"https:\/\/idecesos.com\/seguros\/?s={search_term_string}"},"query-input":{"@type":"PropertyValueSpecification","valueRequired":true,"valueName":"search_term_string"}}],"inLanguage":"es"}]}},"_links":{"self":[{"href":"https:\/\/idecesos.com\/seguros\/wp-json\/wp\/v2\/pages\/15324","targetHints":{"allow":["GET"]}}],"collection":[{"href":"https:\/\/idecesos.com\/seguros\/wp-json\/wp\/v2\/pages"}],"about":[{"href":"https:\/\/idecesos.com\/seguros\/wp-json\/wp\/v2\/types\/page"}],"author":[{"embeddable":true,"href":"https:\/\/idecesos.com\/seguros\/wp-json\/wp\/v2\/users\/1"}],"replies":[{"embeddable":true,"href":"https:\/\/idecesos.com\/seguros\/wp-json\/wp\/v2\/comments?post=15324"}],"version-history":[{"count":10,"href":"https:\/\/idecesos.com\/seguros\/wp-json\/wp\/v2\/pages\/15324\/revisions"}],"predecessor-version":[{"id":20945,"href":"https:\/\/idecesos.com\/seguros\/wp-json\/wp\/v2\/pages\/15324\/revisions\/20945"}],"up":[{"embeddable":true,"href":"https:\/\/idecesos.com\/seguros\/wp-json\/wp\/v2\/pages\/585"}],"wp:attachment":[{"href":"https:\/\/idecesos.com\/seguros\/wp-json\/wp\/v2\/media?parent=15324"}],"curies":[{"name":"wp","href":"https:\/\/api.w.org\/{rel}","templated":true}]}}