{"id":15328,"date":"2021-11-26T09:12:30","date_gmt":"2021-11-25T10:10:27","guid":{"rendered":"https:\/\/idecesos.com\/seguros\/companias\/pelayo\/telefono\/"},"modified":"2022-04-07T08:14:07","modified_gmt":"2022-04-07T08:14:07","slug":"telefono","status":"publish","type":"page","link":"https:\/\/idecesos.com\/seguros\/companias\/pelayo\/telefono\/","title":{"rendered":"Atenci\u00f3n al cliente Pelayo: telefono gratuito, e-mail"},"content":{"rendered":"<div id=\"ez-toc-container\" class=\"ez-toc-v2_0_82_2 ez-toc-wrap-center counter-hierarchy ez-toc-counter ez-toc-custom ez-toc-container-direction\">\n<div class=\"ez-toc-title-container\">\n<p class=\"ez-toc-title\" style=\"cursor:inherit\">Tabla de Contenido<\/p>\n<span class=\"ez-toc-title-toggle\"><a href=\"#\" class=\"ez-toc-pull-right ez-toc-btn ez-toc-btn-xs ez-toc-btn-default ez-toc-toggle\" aria-label=\"Alternar tabla de contenidos\"><span class=\"ez-toc-js-icon-con\"><span class=\"\"><span class=\"eztoc-hide\" style=\"display:none;\">Toggle<\/span><span class=\"ez-toc-icon-toggle-span\"><svg style=\"fill: #db6415;color:#db6415\" xmlns=\"http:\/\/www.w3.org\/2000\/svg\" class=\"list-377408\" width=\"20px\" height=\"20px\" viewBox=\"0 0 24 24\" fill=\"none\"><path d=\"M6 6H4v2h2V6zm14 0H8v2h12V6zM4 11h2v2H4v-2zm16 0H8v2h12v-2zM4 16h2v2H4v-2zm16 0H8v2h12v-2z\" fill=\"currentColor\"><\/path><\/svg><svg style=\"fill: #db6415;color:#db6415\" class=\"arrow-unsorted-368013\" xmlns=\"http:\/\/www.w3.org\/2000\/svg\" width=\"10px\" height=\"10px\" viewBox=\"0 0 24 24\" version=\"1.2\" baseProfile=\"tiny\"><path d=\"M18.2 9.3l-6.2-6.3-6.2 6.3c-.2.2-.3.4-.3.7s.1.5.3.7c.2.2.4.3.7.3h11c.3 0 .5-.1.7-.3.2-.2.3-.5.3-.7s-.1-.5-.3-.7zM5.8 14.7l6.2 6.3 6.2-6.3c.2-.2.3-.5.3-.7s-.1-.5-.3-.7c-.2-.2-.4-.3-.7-.3h-11c-.3 0-.5.1-.7.3-.2.2-.3.5-.3.7s.1.5.3.7z\"\/><\/svg><\/span><\/span><\/span><\/a><\/span><\/div>\n<nav><ul class='ez-toc-list ez-toc-list-level-1 ' ><ul class='ez-toc-list-level-4' ><li class='ez-toc-heading-level-4'><ul class='ez-toc-list-level-4' ><li class='ez-toc-heading-level-4'><a class=\"ez-toc-link ez-toc-heading-1\" href=\"https:\/\/idecesos.com\/seguros\/companias\/pelayo\/telefono\/#Telefono_Contrataciones_951_127_403\" >Tel\u00e9fono Contrataciones \n951 127 403<\/a><\/li><\/ul><\/li><\/ul><\/li><li class='ez-toc-page-1 ez-toc-heading-level-2'><a class=\"ez-toc-link ez-toc-heading-2\" href=\"https:\/\/idecesos.com\/seguros\/companias\/pelayo\/telefono\/#%C2%BFComo_contactar_con_Pelayo\" >\u00bfC\u00f3mo contactar con Pelayo?<\/a><ul class='ez-toc-list-level-3' ><li class='ez-toc-heading-level-3'><a class=\"ez-toc-link ez-toc-heading-3\" href=\"https:\/\/idecesos.com\/seguros\/companias\/pelayo\/telefono\/#Telefono_gratuito_de_Pelayo\" >Tel\u00e9fono gratuito de Pelayo<\/a><\/li><li class='ez-toc-page-1 ez-toc-heading-level-3'><a class=\"ez-toc-link ez-toc-heading-4\" href=\"https:\/\/idecesos.com\/seguros\/companias\/pelayo\/telefono\/#Horario_de_atencion_al_cliente_de_Pelayo\" >Horario de atenci\u00f3n al cliente de Pelayo<\/a><\/li><li class='ez-toc-page-1 ez-toc-heading-level-3'><a class=\"ez-toc-link ez-toc-heading-5\" href=\"https:\/\/idecesos.com\/seguros\/companias\/pelayo\/telefono\/#Correo_electronico_de_Pelayo\" >Correo electr\u00f3nico de Pelayo<\/a><\/li><li class='ez-toc-page-1 ez-toc-heading-level-3'><a class=\"ez-toc-link ez-toc-heading-6\" href=\"https:\/\/idecesos.com\/seguros\/companias\/pelayo\/telefono\/#Formulario_en_el_sitio_Web_de_Pelayo\" >Formulario en el sitio Web de Pelayo<\/a><\/li><li class='ez-toc-page-1 ez-toc-heading-level-3'><a class=\"ez-toc-link ez-toc-heading-7\" href=\"https:\/\/idecesos.com\/seguros\/companias\/pelayo\/telefono\/#Redes_sociales_de_Pelayo\" >Redes sociales de Pelayo<\/a><\/li><li class='ez-toc-page-1 ez-toc-heading-level-3'><a class=\"ez-toc-link ez-toc-heading-8\" href=\"https:\/\/idecesos.com\/seguros\/companias\/pelayo\/telefono\/#Paginas_relacionadas\" >P\u00e1ginas relacionadas<\/a><\/li><\/ul><\/li><\/ul><\/nav><\/div>\n\n<div class=\"caja\">\n<div class=\"cajaIcono2 \"  ><div class=\"cuadro\" style=\"box-shadow: inset 0 0 0 3px #ff790e\"><div class=\"iconoCircular\" style=\"border: 3px solid #ff790e\">\t\t\n\t\t\t\t\t<div class=\"iconoCirculo\">\n\t\t\t\t\t  <i class=\"fas fa-phone-volume\"><\/i>\n\t\t\t\t\t<\/div>\n\t\t\t\t<\/div><div class=\"\">\n<h4 style=\"text-align: center;\"><span class=\"ez-toc-section\" id=\"Telefono_Contrataciones_951_127_403\"><\/span><strong>Tel\u00e9fono Contrataciones<br \/>\n951 127 403<\/strong><span class=\"ez-toc-section-end\"><\/span><\/h4>\n<p><\/div><\/div><\/div><br \/>\nPelayo tiene un amplio horario para atender sus necesidad en los peores momentos. Un agente especialista le atender\u00e1 para cubrir todas sus necesidades y se ocupar\u00e1 de todos tr\u00e1mites de su seguro de decesos. La libre elecci\u00f3n del cementerio, tanatorio y corona, la administraci\u00f3n sobre la tramitaci\u00f3n funeraria, los gastos en ata\u00fad y servicios sanitarios, el traslado tanto nacional como internacional del fallecido y otras muchas coberturas que van a ser atendidas por los agentes especialistas de Pelayo. Los agentes de Pelayo simpatizan con los familiares cuando llegue el instante para que pueda estar sosegado y pueda ocuparse de lo verdaderamente esencial, su ser querido. Los expertos de Pelayo van a tratar su situaci\u00f3n con toda la profesionalidad y respeto que merecen.<br \/>\n<\/div><\/p>\n<div class=\"colorf \"  ><div class=\"container clearfix\"><div class=\"col-md-7\"><\/p>\n<h2><span class=\"ez-toc-section\" id=\"%C2%BFComo_contactar_con_Pelayo\"><\/span>\u00bfC\u00f3mo contactar con Pelayo?<span class=\"ez-toc-section-end\"><\/span><\/h2>\n<p>Gratuitamente, puede contactar con Pelayo, mandando un correo electr\u00f3nico a la direcci\u00f3n de mail que ofrecen, llamando al n\u00famero de contacto en horario de atenci\u00f3n al cliente, rellenando un formulario en su p\u00e1gina web y a trav\u00e9s de los perfiles en sus redes sociales.<br \/>\n<\/div><\/div><\/div>\n<h3><span class=\"ez-toc-section\" id=\"Telefono_gratuito_de_Pelayo\"><\/span>Tel\u00e9fono gratuito de Pelayo<span class=\"ez-toc-section-end\"><\/span><\/h3>\n<p>La llamada a Pelayo le saldr\u00e1 totalmente gratis. El n\u00famero de tel\u00e9fono es el <strong>917 496 800<\/strong>. La llamada efectuada por parte del usuario o bien del profesional, no va a tener ning\u00fan costo, con independencia del tiempo que dure. Este m\u00e9todo es simple y f\u00e1cil de usar. Hoy d\u00eda todo el mundo dispone de un tel\u00e9fono m\u00f3vil que te va a dar la facilidad de no tener que ir a ninguna oficina de Pelayo pudiendo hacer todos y cada uno de los tr\u00e1mites sobre su seguro de decesos desde su sof\u00e1. El personal responsable de coger su llamada es un especialista en seguro de decesos que te ayudar\u00e1 a solventar sus preguntas y dudas quedando completamente satisfecho con su servicio.<br \/>\n<div class=\"colorf\"><div class=\"container clearfix\"><div class=\"col-md-7\"><\/p>\n<div class=\"cabecera_tabla_ajustada \"  style=\"width:80%\" ><div class=\"row\"><\/div>\n<p><div class=\"fila_tabla4 \"  ><div class=\"row\"><div class=\"col-8 nosepara izq\"><p><strong>Tel\u00e9fono para contrataciones<\/strong><\/p><\/div><div class=\"col-4 nosepara centro\">951 127 403<\/div><\/div><\/div><div class=\"fila_tabla4 \"  ><div class=\"row\"><div class=\"col-8 nosepara izq\"><p><strong>Atenci\u00f3n Telef\u00f3nica<\/strong><\/p><\/div><div class=\"col-4 nosepara centro\">915 20 05 44<\/div><\/div><\/div><div class=\"fila_tabla4 \"  ><div class=\"row\"><div class=\"col-8 nosepara izq\"><p><strong>Tel\u00e9fono Informaci\u00f3n General<\/strong><\/p><\/div><div class=\"col-4 nosepara centro\">915 20 05 61<\/div><\/div><\/div><\/p>\n<div class=\"pie_tabla \"  ><div class=\"row\"><div class=\"col-12 \"><\/div><\/div><\/div><\/div>\n<\/div><\/div><\/div>\n<h3><span class=\"ez-toc-section\" id=\"Horario_de_atencion_al_cliente_de_Pelayo\"><\/span>Horario de atenci\u00f3n al cliente de Pelayo<span class=\"ez-toc-section-end\"><\/span><\/h3>\n<p>La compa\u00f1\u00eda al no ser siendo consciente del tiempo libre que dispone cada persona para poder efectuar la llamada telef\u00f3nica o bien ponerse en contacto, ofrece un horario espec\u00edfico y espec\u00edfico, tanto de ma\u00f1ana como de tarde, para que puedan tener flexibilidad en el momento de comunicarse con la compa\u00f1\u00eda. La persona que le atender\u00e1 va a pasar su llamada a uno de los expertos de Pelayo a fin de que pueda charlar con y pueda solventarle cualquier duda o cuesti\u00f3n que tenga sobre su seguro de decesos contratado. Merced a esta llamada sus dudas por las que hab\u00eda contactado con los agentes de Pelayo van a quedar resueltas.<br \/>\n<div class=\"colorf\"><div class=\"container clearfix\"><div class=\"col-md-7\"><\/p>\n<h3><span class=\"ez-toc-section\" id=\"Correo_electronico_de_Pelayo\"><\/span>Correo electr\u00f3nico de Pelayo<span class=\"ez-toc-section-end\"><\/span><\/h3>\n<p>En los tiempos que corren, nuestra sociedad est\u00e1 sumergida en el planeta de Internet. La poblaci\u00f3n es siendo consciente de ello, por lo que tienen en su poder perfiles en diferentes plataformas como Hotmail, Gmail\u2026 Pelayo no se queda atr\u00e1s, tiene a su predisposici\u00f3n el siguiente e-mail <strong>atencionalcliente@pelayo.com<\/strong>. La rapidez y sencillez de este servicio para percibir y mandar informaci\u00f3n hace que cualquier consulta que tenga sobre su seguro de decesos llegue a un profesional del \u00e1mbito. Este se pondr\u00e1 nuevamente en contacto con usted para resolverle sus dudas con un lenguaje claro y conciso.<br \/>\n<\/div><\/div><\/div><\/p>\n<h3><span class=\"ez-toc-section\" id=\"Formulario_en_el_sitio_Web_de_Pelayo\"><\/span>Formulario en el sitio Web de Pelayo<span class=\"ez-toc-section-end\"><\/span><\/h3>\n<p>Un buscador de internet, en nuestros d\u00edas, es la herramienta m\u00e1s usada por el mundo. Buscar informaci\u00f3n jam\u00e1s hab\u00eda sido tan f\u00e1cil. Con solo teclear una palabra miles y miles de art\u00edculos y webs se ponen a tu disposici\u00f3n. Escriba en su buscador <strong>www.pelayo.com\/<\/strong> y podr\u00e1 acceder sencillamente y r\u00e1pida a la p\u00e1gina web de Pelayo. Ah\u00ed hallar\u00e1 la informaci\u00f3n base sobre el seguro de decesos se esta compa\u00f1\u00eda. Precios, coberturas, ventajas, promociones&#8230; una breve descripci\u00f3n que le va a ayudar a hacerse una idea de lo que ofertan. Se le facilita un formulario que puede rellenar, completando los diferentes campos: nombre y apellidos, correo, tel\u00e9fono de contacto, etc. Una vez terminado, uno de los expertos de Pelayo ser\u00e1 el encargado de ponerse en contacto con para poder resolver la duda que ha puesto.<br \/>\n<div class=\"colorf\"><div class=\"container clearfix\"><div class=\"col-md-7\"><\/p>\n<h3><span class=\"ez-toc-section\" id=\"Redes_sociales_de_Pelayo\"><\/span>Redes sociales de Pelayo<span class=\"ez-toc-section-end\"><\/span><\/h3>\n<p>Hoy d\u00eda, redes sociales como Instagram, Facebook, Twitter o TikTok cubren un una gran parte del tiempo de las personas es por este motivo que son herramientas que tienen una gran difusi\u00f3n y alcance en todo el planeta. Es normal que cada persona est\u00e9 registrado en alguna de estas apps si no es en las 4. Pelayo tiene su perfil en alguna de estas redes sociales. En cada cuenta, Pelayo ofrece im\u00e1genes, ofertas, v\u00eddeos y muchos m\u00e1s sobre sus servicios con un trato m\u00e1s cercano al cliente del servicio. Adem\u00e1s de esto, mediante ellas puedes contactar con Pelayo sin la necesidad de llamar por tel\u00e9fono, rellenar un formulario o bien mandar un mail.<br \/>\n<\/div><\/div><\/div><\/p>\n<\/div>\n<p><div class=\"oficinas\"> <h3><span class=\"ez-toc-section\" id=\"Paginas_relacionadas\"><\/span>P\u00e1ginas relacionadas<span class=\"ez-toc-section-end\"><\/span><\/h3><div class=\"enlazado\"><ul> <li><a href=\"https:\/\/idecesos.com\/seguros\/companias\/pelayo\/opiniones\/\">Opiniones Pelayo<\/a><\/li> <li><a href=\"https:\/\/idecesos.com\/seguros\/companias\/pelayo\/precio\/\">Precio seguro Pelayo<\/a><\/li> <li><a href=\"https:\/\/idecesos.com\/seguros\/companias\/pelayo\/prima-mixta\/\">Pelayo Prima Mixta<\/a><\/li> <li><a href=\"https:\/\/idecesos.com\/seguros\/companias\/pelayo\/prima-natural\/\">Pelayo Prima Natural<\/a><\/li> <li><a href=\"https:\/\/idecesos.com\/seguros\/companias\/pelayo\/prima-nivelada\/\">Pelayo Prima Nivelada<\/a><\/li> <li><a href=\"https:\/\/idecesos.com\/seguros\/companias\/pelayo\/prima-unica\/\">Pelayo Prima \u00danica<\/a><\/li> <li><a href=\"https:\/\/idecesos.com\/seguros\/companias\/pelayo\/repatriacion\/\">Pelayo Repatriaci\u00f3n<\/a><\/li> <li><a href=\"https:\/\/idecesos.com\/seguros\/companias\/pelayo\/telefono\/\">Tel\u00e9fono Gratuito Pelayo<\/a><\/li><\/ul><\/div> <\/div><\/p>\n","protected":false},"excerpt":{"rendered":"<p>Pelayo tiene un amplio horario para atender sus necesidad en los peores momentos. Un agente especialista le atender\u00e1 para cubrir todas sus necesidades y se ocupar\u00e1 de todos tr\u00e1mites de su seguro de decesos. La libre elecci\u00f3n del cementerio, tanatorio y corona, la administraci\u00f3n sobre la tramitaci\u00f3n funeraria, los gastos en ata\u00fad y servicios sanitarios,&hellip; <\/p>\n","protected":false},"author":1,"featured_media":0,"parent":441,"menu_order":0,"comment_status":"closed","ping_status":"closed","template":"single.php","meta":{"footnotes":""},"class_list":["post-15328","page","type-page","status-publish","hentry"],"yoast_head":"<!-- This site is optimized with the Yoast SEO plugin v27.2 - https:\/\/yoast.com\/product\/yoast-seo-wordpress\/ -->\n<title>Tel\u00e9fono Gratuito Pelayo \u25b7Atenci\u00f3n Cliente, Email, RRSS, Web<\/title>\n<meta name=\"description\" content=\"Busca aqu\u00ed\u3010Pelayo seguros tel\u00e9fono gratuito\u3011Pelayo Decesos tel\u00e9fono gratis: atenci\u00f3n al cliente y contrataciones \u2611\ufe0fVerificado en 2026\" \/>\n<meta name=\"robots\" content=\"index, follow, max-snippet:-1, max-image-preview:large, max-video-preview:-1\" \/>\n<link rel=\"canonical\" href=\"https:\/\/idecesos.com\/seguros\/companias\/pelayo\/telefono\/\" \/>\n<meta property=\"og:locale\" content=\"es_ES\" \/>\n<meta property=\"og:type\" content=\"article\" \/>\n<meta property=\"og:title\" content=\"Tel\u00e9fono Gratuito Pelayo \u25b7Atenci\u00f3n Cliente, Email, RRSS, Web\" \/>\n<meta property=\"og:description\" content=\"Busca aqu\u00ed\u3010Pelayo seguros tel\u00e9fono gratuito\u3011Pelayo Decesos tel\u00e9fono gratis: atenci\u00f3n al cliente y contrataciones \u2611\ufe0fVerificado en 2026\" \/>\n<meta property=\"og:url\" content=\"https:\/\/idecesos.com\/seguros\/companias\/pelayo\/telefono\/\" \/>\n<meta property=\"article:modified_time\" content=\"2022-04-07T08:14:07+00:00\" \/>\n<meta name=\"twitter:card\" content=\"summary_large_image\" \/>\n<meta name=\"twitter:label1\" content=\"Tiempo de lectura\" \/>\n\t<meta name=\"twitter:data1\" content=\"4 minutos\" \/>\n<script type=\"application\/ld+json\" class=\"yoast-schema-graph\">{\"@context\":\"https:\/\/schema.org\",\"@graph\":[{\"@type\":\"WebPage\",\"@id\":\"https:\/\/idecesos.com\/seguros\/companias\/pelayo\/telefono\/\",\"url\":\"https:\/\/idecesos.com\/seguros\/companias\/pelayo\/telefono\/\",\"name\":\"Tel\u00e9fono Gratuito Pelayo \u25b7Atenci\u00f3n Cliente, Email, RRSS, Web\",\"isPartOf\":{\"@id\":\"https:\/\/idecesos.com\/seguros\/#website\"},\"datePublished\":\"2021-11-25T10:10:27+00:00\",\"dateModified\":\"2022-04-07T08:14:07+00:00\",\"description\":\"Busca aqu\u00ed\u3010Pelayo seguros tel\u00e9fono gratuito\u3011Pelayo Decesos tel\u00e9fono gratis: atenci\u00f3n al cliente y contrataciones \u2611\ufe0fVerificado en 2026\",\"breadcrumb\":{\"@id\":\"https:\/\/idecesos.com\/seguros\/companias\/pelayo\/telefono\/#breadcrumb\"},\"inLanguage\":\"es\",\"potentialAction\":[{\"@type\":\"ReadAction\",\"target\":[\"https:\/\/idecesos.com\/seguros\/companias\/pelayo\/telefono\/\"]}]},{\"@type\":\"BreadcrumbList\",\"@id\":\"https:\/\/idecesos.com\/seguros\/companias\/pelayo\/telefono\/#breadcrumb\",\"itemListElement\":[{\"@type\":\"ListItem\",\"position\":1,\"name\":\"Portada\",\"item\":\"https:\/\/idecesos.com\/seguros\/\"},{\"@type\":\"ListItem\",\"position\":2,\"name\":\"Compa\u00f1\u00edas de Seguros de Decesos en Espa\u00f1a\",\"item\":\"https:\/\/idecesos.com\/seguros\/companias\/\"},{\"@type\":\"ListItem\",\"position\":3,\"name\":\"Seguro de decesos Pelayo\",\"item\":\"https:\/\/idecesos.com\/seguros\/companias\/pelayo\/\"},{\"@type\":\"ListItem\",\"position\":4,\"name\":\"Atenci\u00f3n al cliente Pelayo: telefono gratuito, e-mail\"}]},{\"@type\":\"WebSite\",\"@id\":\"https:\/\/idecesos.com\/seguros\/#website\",\"url\":\"https:\/\/idecesos.com\/seguros\/\",\"name\":\"\",\"description\":\"\",\"potentialAction\":[{\"@type\":\"SearchAction\",\"target\":{\"@type\":\"EntryPoint\",\"urlTemplate\":\"https:\/\/idecesos.com\/seguros\/?s={search_term_string}\"},\"query-input\":{\"@type\":\"PropertyValueSpecification\",\"valueRequired\":true,\"valueName\":\"search_term_string\"}}],\"inLanguage\":\"es\"}]}<\/script>\n<!-- \/ Yoast SEO plugin. -->","yoast_head_json":{"title":"Tel\u00e9fono Gratuito Pelayo \u25b7Atenci\u00f3n Cliente, Email, RRSS, Web","description":"Busca aqu\u00ed\u3010Pelayo seguros tel\u00e9fono gratuito\u3011Pelayo Decesos tel\u00e9fono gratis: atenci\u00f3n al cliente y contrataciones \u2611\ufe0fVerificado en 2026","robots":{"index":"index","follow":"follow","max-snippet":"max-snippet:-1","max-image-preview":"max-image-preview:large","max-video-preview":"max-video-preview:-1"},"canonical":"https:\/\/idecesos.com\/seguros\/companias\/pelayo\/telefono\/","og_locale":"es_ES","og_type":"article","og_title":"Tel\u00e9fono Gratuito Pelayo \u25b7Atenci\u00f3n Cliente, Email, RRSS, Web","og_description":"Busca aqu\u00ed\u3010Pelayo seguros tel\u00e9fono gratuito\u3011Pelayo Decesos tel\u00e9fono gratis: atenci\u00f3n al cliente y contrataciones \u2611\ufe0fVerificado en 2026","og_url":"https:\/\/idecesos.com\/seguros\/companias\/pelayo\/telefono\/","article_modified_time":"2022-04-07T08:14:07+00:00","twitter_card":"summary_large_image","twitter_misc":{"Tiempo de lectura":"4 minutos"},"schema":{"@context":"https:\/\/schema.org","@graph":[{"@type":"WebPage","@id":"https:\/\/idecesos.com\/seguros\/companias\/pelayo\/telefono\/","url":"https:\/\/idecesos.com\/seguros\/companias\/pelayo\/telefono\/","name":"Tel\u00e9fono Gratuito Pelayo \u25b7Atenci\u00f3n Cliente, Email, RRSS, Web","isPartOf":{"@id":"https:\/\/idecesos.com\/seguros\/#website"},"datePublished":"2021-11-25T10:10:27+00:00","dateModified":"2022-04-07T08:14:07+00:00","description":"Busca aqu\u00ed\u3010Pelayo seguros tel\u00e9fono gratuito\u3011Pelayo Decesos tel\u00e9fono gratis: atenci\u00f3n al cliente y contrataciones \u2611\ufe0fVerificado en 2026","breadcrumb":{"@id":"https:\/\/idecesos.com\/seguros\/companias\/pelayo\/telefono\/#breadcrumb"},"inLanguage":"es","potentialAction":[{"@type":"ReadAction","target":["https:\/\/idecesos.com\/seguros\/companias\/pelayo\/telefono\/"]}]},{"@type":"BreadcrumbList","@id":"https:\/\/idecesos.com\/seguros\/companias\/pelayo\/telefono\/#breadcrumb","itemListElement":[{"@type":"ListItem","position":1,"name":"Portada","item":"https:\/\/idecesos.com\/seguros\/"},{"@type":"ListItem","position":2,"name":"Compa\u00f1\u00edas de Seguros de Decesos en Espa\u00f1a","item":"https:\/\/idecesos.com\/seguros\/companias\/"},{"@type":"ListItem","position":3,"name":"Seguro de decesos Pelayo","item":"https:\/\/idecesos.com\/seguros\/companias\/pelayo\/"},{"@type":"ListItem","position":4,"name":"Atenci\u00f3n al cliente Pelayo: telefono gratuito, e-mail"}]},{"@type":"WebSite","@id":"https:\/\/idecesos.com\/seguros\/#website","url":"https:\/\/idecesos.com\/seguros\/","name":"","description":"","potentialAction":[{"@type":"SearchAction","target":{"@type":"EntryPoint","urlTemplate":"https:\/\/idecesos.com\/seguros\/?s={search_term_string}"},"query-input":{"@type":"PropertyValueSpecification","valueRequired":true,"valueName":"search_term_string"}}],"inLanguage":"es"}]}},"_links":{"self":[{"href":"https:\/\/idecesos.com\/seguros\/wp-json\/wp\/v2\/pages\/15328","targetHints":{"allow":["GET"]}}],"collection":[{"href":"https:\/\/idecesos.com\/seguros\/wp-json\/wp\/v2\/pages"}],"about":[{"href":"https:\/\/idecesos.com\/seguros\/wp-json\/wp\/v2\/types\/page"}],"author":[{"embeddable":true,"href":"https:\/\/idecesos.com\/seguros\/wp-json\/wp\/v2\/users\/1"}],"replies":[{"embeddable":true,"href":"https:\/\/idecesos.com\/seguros\/wp-json\/wp\/v2\/comments?post=15328"}],"version-history":[{"count":10,"href":"https:\/\/idecesos.com\/seguros\/wp-json\/wp\/v2\/pages\/15328\/revisions"}],"predecessor-version":[{"id":21042,"href":"https:\/\/idecesos.com\/seguros\/wp-json\/wp\/v2\/pages\/15328\/revisions\/21042"}],"up":[{"embeddable":true,"href":"https:\/\/idecesos.com\/seguros\/wp-json\/wp\/v2\/pages\/441"}],"wp:attachment":[{"href":"https:\/\/idecesos.com\/seguros\/wp-json\/wp\/v2\/media?parent=15328"}],"curies":[{"name":"wp","href":"https:\/\/api.w.org\/{rel}","templated":true}]}}