{"id":15330,"date":"2021-11-26T09:12:31","date_gmt":"2021-11-25T10:10:28","guid":{"rendered":"https:\/\/idecesos.com\/seguros\/companias\/verti\/telefono\/"},"modified":"2022-04-07T08:58:24","modified_gmt":"2022-04-07T08:58:24","slug":"telefono","status":"publish","type":"page","link":"https:\/\/idecesos.com\/seguros\/companias\/verti\/telefono\/","title":{"rendered":"Atenci\u00f3n al cliente Verti: telefono gratuito, e-mail"},"content":{"rendered":"<div id=\"ez-toc-container\" class=\"ez-toc-v2_0_82_2 ez-toc-wrap-center counter-hierarchy ez-toc-counter ez-toc-custom ez-toc-container-direction\">\n<div class=\"ez-toc-title-container\">\n<p class=\"ez-toc-title\" style=\"cursor:inherit\">Tabla de Contenido<\/p>\n<span class=\"ez-toc-title-toggle\"><a href=\"#\" class=\"ez-toc-pull-right ez-toc-btn ez-toc-btn-xs ez-toc-btn-default ez-toc-toggle\" aria-label=\"Alternar tabla de contenidos\"><span class=\"ez-toc-js-icon-con\"><span class=\"\"><span class=\"eztoc-hide\" style=\"display:none;\">Toggle<\/span><span class=\"ez-toc-icon-toggle-span\"><svg style=\"fill: #db6415;color:#db6415\" xmlns=\"http:\/\/www.w3.org\/2000\/svg\" class=\"list-377408\" width=\"20px\" height=\"20px\" viewBox=\"0 0 24 24\" fill=\"none\"><path d=\"M6 6H4v2h2V6zm14 0H8v2h12V6zM4 11h2v2H4v-2zm16 0H8v2h12v-2zM4 16h2v2H4v-2zm16 0H8v2h12v-2z\" fill=\"currentColor\"><\/path><\/svg><svg style=\"fill: #db6415;color:#db6415\" class=\"arrow-unsorted-368013\" xmlns=\"http:\/\/www.w3.org\/2000\/svg\" width=\"10px\" height=\"10px\" viewBox=\"0 0 24 24\" version=\"1.2\" baseProfile=\"tiny\"><path d=\"M18.2 9.3l-6.2-6.3-6.2 6.3c-.2.2-.3.4-.3.7s.1.5.3.7c.2.2.4.3.7.3h11c.3 0 .5-.1.7-.3.2-.2.3-.5.3-.7s-.1-.5-.3-.7zM5.8 14.7l6.2 6.3 6.2-6.3c.2-.2.3-.5.3-.7s-.1-.5-.3-.7c-.2-.2-.4-.3-.7-.3h-11c-.3 0-.5.1-.7.3-.2.2-.3.5-.3.7s.1.5.3.7z\"\/><\/svg><\/span><\/span><\/span><\/a><\/span><\/div>\n<nav><ul class='ez-toc-list ez-toc-list-level-1 ' ><ul class='ez-toc-list-level-4' ><li class='ez-toc-heading-level-4'><ul class='ez-toc-list-level-4' ><li class='ez-toc-heading-level-4'><a class=\"ez-toc-link ez-toc-heading-1\" href=\"https:\/\/idecesos.com\/seguros\/companias\/verti\/telefono\/#Telefono_Contrataciones_951_127_403\" >Tel\u00e9fono Contrataciones \n951 127 403<\/a><\/li><\/ul><\/li><\/ul><\/li><li class='ez-toc-page-1 ez-toc-heading-level-2'><a class=\"ez-toc-link ez-toc-heading-2\" href=\"https:\/\/idecesos.com\/seguros\/companias\/verti\/telefono\/#%C2%BFComo_contactar_con_Verti\" >\u00bfC\u00f3mo contactar con Verti?<\/a><ul class='ez-toc-list-level-3' ><li class='ez-toc-heading-level-3'><a class=\"ez-toc-link ez-toc-heading-3\" href=\"https:\/\/idecesos.com\/seguros\/companias\/verti\/telefono\/#Telefono_gratuito_de_Verti\" >Tel\u00e9fono gratuito de Verti<\/a><\/li><li class='ez-toc-page-1 ez-toc-heading-level-3'><a class=\"ez-toc-link ez-toc-heading-4\" href=\"https:\/\/idecesos.com\/seguros\/companias\/verti\/telefono\/#Horario_de_atencion_al_cliente_de_Verti\" >Horario de atenci\u00f3n al cliente de Verti<\/a><\/li><li class='ez-toc-page-1 ez-toc-heading-level-3'><a class=\"ez-toc-link ez-toc-heading-5\" href=\"https:\/\/idecesos.com\/seguros\/companias\/verti\/telefono\/#Correo_electronico_de_Verti\" >Correo electr\u00f3nico de Verti<\/a><\/li><li class='ez-toc-page-1 ez-toc-heading-level-3'><a class=\"ez-toc-link ez-toc-heading-6\" href=\"https:\/\/idecesos.com\/seguros\/companias\/verti\/telefono\/#Formulario_en_el_sitio_Web_de_Verti\" >Formulario en el sitio Web de Verti<\/a><\/li><li class='ez-toc-page-1 ez-toc-heading-level-3'><a class=\"ez-toc-link ez-toc-heading-7\" href=\"https:\/\/idecesos.com\/seguros\/companias\/verti\/telefono\/#Redes_sociales_de_Verti\" >Redes sociales de Verti<\/a><\/li><li class='ez-toc-page-1 ez-toc-heading-level-3'><a class=\"ez-toc-link ez-toc-heading-8\" href=\"https:\/\/idecesos.com\/seguros\/companias\/verti\/telefono\/#Paginas_relacionadas\" >P\u00e1ginas relacionadas<\/a><\/li><\/ul><\/li><\/ul><\/nav><\/div>\n\n<div class=\"caja\">\n<div class=\"cajaIcono2 \"  ><div class=\"cuadro\" style=\"box-shadow: inset 0 0 0 3px #ff790e\"><div class=\"iconoCircular\" style=\"border: 3px solid #ff790e\">\t\t\n\t\t\t\t\t<div class=\"iconoCirculo\">\n\t\t\t\t\t  <i class=\"fas fa-phone-volume\"><\/i>\n\t\t\t\t\t<\/div>\n\t\t\t\t<\/div><div class=\"\">\n<h4 style=\"text-align: center;\"><span class=\"ez-toc-section\" id=\"Telefono_Contrataciones_951_127_403\"><\/span><strong>Tel\u00e9fono Contrataciones<br \/>\n951 127 403<\/strong><span class=\"ez-toc-section-end\"><\/span><\/h4>\n<p><\/div><\/div><\/div><br \/>\nContar con Verti es sencillo y no requiere ninguna complejidad gracias a los m\u00e9todos de contacto que tiene a su predisposici\u00f3n. Los aconsejes y especialistas le van a dar respuestas sucintas y sencillas, sobre su seguro de decesos, con cada uno de ellos de los m\u00e9todos que escoja y, adem\u00e1s de esto, no va a ser necesario su desplazamiento para ello. La compa\u00f1\u00eda es consciente del instante tan delicado que es la p\u00e9rdida de un ser querido, con lo que todo estar\u00e1 cerrado para cuando llegue el d\u00eda y cada uno de los profesionales tratar\u00e1n las cuestiones con la delicadeza y respeto que merece. Las distintas coberturas que ofrece su seguro de decesos, la ayuda sicol\u00f3gica que requiera, los servicios disponibles\u2026 son ciertos datos que se le facilitar\u00e1n.<br \/>\n<\/div><\/p>\n<div class=\"colorf \"  ><div class=\"container clearfix\"><div class=\"col-md-7\"><\/p>\n<h2><span class=\"ez-toc-section\" id=\"%C2%BFComo_contactar_con_Verti\"><\/span>\u00bfC\u00f3mo contactar con Verti?<span class=\"ez-toc-section-end\"><\/span><\/h2>\n<p>Verti te ofrece m\u00faltiples maneras f\u00e1ciles de contactar con ellos. Verti te ofrece las siguientes formas de contacto: tel\u00e9fono gratis, correo electr\u00f3nico, un formulario a trav\u00e9s de su web o bien sus redes sociales.<br \/>\n<\/div><\/div><\/div>\n<h3><span class=\"ez-toc-section\" id=\"Telefono_gratuito_de_Verti\"><\/span>Tel\u00e9fono gratuito de Verti<span class=\"ez-toc-section-end\"><\/span><\/h3>\n<p>Debe resultar \u00fatil y f\u00e1cil establecer una conversaci\u00f3n fluida y directa con la compa\u00f1\u00eda, por lo que se le facilita el pr\u00f3ximo n\u00famero gratis <strong>911 758 767<\/strong>. Haciendo una simple llamada, va a poder hacer la consulta que desee y resolver cualquier g\u00e9nero de duda que tenga o bien le surja en ese momento sobre su seguro de decesos o bien las caracter\u00edsticas que posee a fin de que se ajuste a sus necesidades. Es de gran importancia que sea siendo consciente del nulo costo que le va a suponer realizar la llamada. Es uno de los m\u00e9todos m\u00e1s sencillos y provechosos, debido a la fluidez que se produce en el contacto directo con el experto sin tener la necesidad de mucha planificaci\u00f3n.<br \/>\n<div class=\"colorf\"><div class=\"container clearfix\"><div class=\"col-md-7\"><\/p>\n<div class=\"cabecera_tabla_ajustada \"  style=\"width:80%\" ><div class=\"row\"><\/div>\n<p><div class=\"fila_tabla4 \"  ><div class=\"row\"><div class=\"col-8 nosepara izq\"><p><strong>Tel\u00e9fono para contrataciones<\/strong><\/p><\/div><div class=\"col-4 nosepara centro\">951 127 403<\/div><\/div><\/div><div class=\"fila_tabla4 \"  ><div class=\"row\"><div class=\"col-8 nosepara izq\"><p><strong>Tel\u00e9fono Atenci\u00f3n comercial<\/strong><\/p><\/div><div class=\"col-4 nosepara centro\">911 758 770<\/div><\/div><\/div><\/p>\n<div class=\"pie_tabla \"  ><div class=\"row\"><div class=\"col-12 \"><\/div><\/div><\/div><\/div>\n<\/div><\/div><\/div>\n<h3><span class=\"ez-toc-section\" id=\"Horario_de_atencion_al_cliente_de_Verti\"><\/span>Horario de atenci\u00f3n al cliente de Verti<span class=\"ez-toc-section-end\"><\/span><\/h3>\n<p>Verti tiene un horario muy flexible de atenci\u00f3n al cliente para que llames cuando pueda. As\u00ed podr\u00e1 llamar cuando pueda y sus agentes podr\u00e1n asistirle. La persona con la que hable le atender\u00e1 de la mejor forma posible, con un lenguaje claro y sucinto para el buen comprensi\u00f3n. Cuando lo necesite, la llamada va a ser desviada para solucionar sus dudas y preguntas que resolver\u00e1 un agente experto en el tema de seguro de decesos. Con la llamada finalizada ya habr\u00e1 recibido respuesta a todas sus preguntas y ser\u00e1 de su agrado el trato recibido por el agente.<br \/>\n<div class=\"colorf\"><div class=\"container clearfix\"><div class=\"col-md-7\"><\/p>\n<h3><span class=\"ez-toc-section\" id=\"Correo_electronico_de_Verti\"><\/span>Correo electr\u00f3nico de Verti<span class=\"ez-toc-section-end\"><\/span><\/h3>\n<p>En la actualidad, las tecnolog\u00edas est\u00e1n avanzados a pasos desmedidos y el planeta las ha seguido sin mirar atr\u00e1s. La llegada de internet y plataformas como Gmail o bien Hotmail han hecho que la forma de comunicarse a gran distancia sea sencilla y pr\u00e1ctica. En nuestros d\u00edas casi todo el mundo tiene es usuario de alguna de estas plataformas que han digitalizado pr\u00e1cticamente todo. Verti ha tenido en cuenta todos estos aspectos y ofrece el siguiente e mail <b>incidenciasclientes@verti.es<\/b>\u00a0Merced a esto podr\u00e1 mandar cualquier duda, solicitud o inquietud sobre su seguro de decesos. La contestaci\u00f3n que le den los agentes habr\u00e1 sido estudiada y preparada por los especialistas de Verti.<br \/>\n<\/div><\/div><\/div><\/p>\n<h3><span class=\"ez-toc-section\" id=\"Formulario_en_el_sitio_Web_de_Verti\"><\/span>Formulario en el sitio Web de Verti<span class=\"ez-toc-section-end\"><\/span><\/h3>\n<p>La mayor\u00eda de la poblaci\u00f3n tiene acceso a la plataforma con m\u00e1s influencia, los buscadores web de Internet. Escribiendo sobre tal buscador, descubrir\u00e1 un mundo repleto de respuestas. Verti dispone de su propia p\u00e1gina web, en la que vas a poder localizar todo tipo de informaci\u00f3n gratis sobre su seguro de decesos: recomendaciones, servicios, ventajas, costos, etc\u00e9teraDe este modo, conseguir\u00e1 la documentaci\u00f3n precisa para su asesoramiento el d\u00eda de ma\u00f1ana. Dependiendo de las peculiaridades que desee conseguir, tendr\u00e1 unas garant\u00edas o bien otras, puesto que la informaci\u00f3n dada en la p\u00e1gina web es general. La web de la compa\u00f1\u00eda es <strong>www.verti.es\/<\/strong>.<br \/>\n<div class=\"colorf\"><div class=\"container clearfix\"><div class=\"col-md-7\"><\/p>\n<h3><span class=\"ez-toc-section\" id=\"Redes_sociales_de_Verti\"><\/span>Redes sociales de Verti<span class=\"ez-toc-section-end\"><\/span><\/h3>\n<p>Las redes sociales, Instagram, Twitter o bien Fb, establecen una enorme conexi\u00f3n con la poblaci\u00f3n y pertenecen a las herramientas con m\u00e1s difusi\u00f3n y alcance. Verti est\u00e1 al tanto de esto. Saber qui\u00e9nes son parte de la compa\u00f1\u00eda, contactar o hallar informaci\u00f3n podr\u00e1 hacerlo mediante sus plataformas disponibles. Podr\u00e1 acceder a la informaci\u00f3n buscando el nombre de la compa\u00f1\u00eda y accediendo a su perfil. En \u00e9l, le va a ser posible ver im\u00e1genes, conocer la ubicaci\u00f3n de su sede oficial, acceder al enlace directo de su p\u00e1gina web y contactar con la compa\u00f1\u00eda, sin enviar un mail o bien llamar si no desea hacerlo en el momento.<br \/>\n<\/div><\/div><\/div><\/p>\n<\/div>\n<p><div class=\"oficinas\"> <h3><span class=\"ez-toc-section\" id=\"Paginas_relacionadas\"><\/span>P\u00e1ginas relacionadas<span class=\"ez-toc-section-end\"><\/span><\/h3><div class=\"enlazado\"><ul> <li><a href=\"https:\/\/idecesos.com\/seguros\/companias\/verti\/coberturas\/\">Coberturas Seguro de Decesos Verti<\/a><\/li> <li><a href=\"https:\/\/idecesos.com\/seguros\/companias\/verti\/opiniones\/\">Opiniones Verti<\/a><\/li> <li><a href=\"https:\/\/idecesos.com\/seguros\/companias\/verti\/precio\/\">Precio seguro Verti<\/a><\/li> <li><a href=\"https:\/\/idecesos.com\/seguros\/companias\/verti\/prima-mixta\/\">Verti Prima Mixta<\/a><\/li> <li><a href=\"https:\/\/idecesos.com\/seguros\/companias\/verti\/prima-natural\/\">Verti Prima Natural<\/a><\/li> <li><a href=\"https:\/\/idecesos.com\/seguros\/companias\/verti\/prima-nivelada\/\">Verti Prima Nivelada<\/a><\/li> <li><a href=\"https:\/\/idecesos.com\/seguros\/companias\/verti\/prima-unica\/\">Verti Prima \u00danica<\/a><\/li> <li><a href=\"https:\/\/idecesos.com\/seguros\/companias\/verti\/repatriacion\/\">Verti Repatriaci\u00f3n<\/a><\/li> <li><a href=\"https:\/\/idecesos.com\/seguros\/companias\/verti\/telefono\/\">Tel\u00e9fono Gratuito Verti<\/a><\/li>                                                                                                                                                                                                                                                                                                                                                                                                                                                                                                                                                                                                                                                                                                                                                                                                                                                                                                                                                                                                                                                                                                                                                                                                                                                                                                                                                                                                                                                                                                                                                                                                                                                                                                                                                                                                                                                                                                                                                                                                                                                                                                                                                                                                                                                                                                                                                                                                                                                                                                                                                                                                                                                                                                                                                                                                                                                                                                                                                                                                                                                                                                                             <\/ul><\/div> <\/div><\/p>\n","protected":false},"excerpt":{"rendered":"<p>Contar con Verti es sencillo y no requiere ninguna complejidad gracias a los m\u00e9todos de contacto que tiene a su predisposici\u00f3n. Los aconsejes y especialistas le van a dar respuestas sucintas y sencillas, sobre su seguro de decesos, con cada uno de ellos de los m\u00e9todos que escoja y, adem\u00e1s de esto, no va a&hellip; <\/p>\n","protected":false},"author":1,"featured_media":0,"parent":478,"menu_order":0,"comment_status":"closed","ping_status":"closed","template":"single.php","meta":{"footnotes":""},"class_list":["post-15330","page","type-page","status-publish","hentry"],"yoast_head":"<!-- This site is optimized with the Yoast SEO plugin v27.5 - https:\/\/yoast.com\/product\/yoast-seo-wordpress\/ -->\n<title>Tel\u00e9fono Gratuito Verti \u25b7Atenci\u00f3n Cliente, Email, RRSS, Web<\/title>\n<meta name=\"description\" content=\"Busca aqu\u00ed\u3010Verti seguros tel\u00e9fono gratuito\u3011Verti Decesos tel\u00e9fono gratis: atenci\u00f3n al cliente y contrataciones \u2611\ufe0fVerificado en 2026\" \/>\n<meta name=\"robots\" content=\"index, follow, max-snippet:-1, max-image-preview:large, max-video-preview:-1\" \/>\n<link rel=\"canonical\" href=\"https:\/\/idecesos.com\/seguros\/companias\/verti\/telefono\/\" \/>\n<meta property=\"og:locale\" content=\"es_ES\" \/>\n<meta property=\"og:type\" content=\"article\" \/>\n<meta property=\"og:title\" content=\"Tel\u00e9fono Gratuito Verti \u25b7Atenci\u00f3n Cliente, Email, RRSS, Web\" \/>\n<meta property=\"og:description\" content=\"Busca aqu\u00ed\u3010Verti seguros tel\u00e9fono gratuito\u3011Verti Decesos tel\u00e9fono gratis: atenci\u00f3n al cliente y contrataciones \u2611\ufe0fVerificado en 2026\" \/>\n<meta property=\"og:url\" content=\"https:\/\/idecesos.com\/seguros\/companias\/verti\/telefono\/\" \/>\n<meta property=\"article:modified_time\" content=\"2022-04-07T08:58:24+00:00\" \/>\n<meta name=\"twitter:card\" content=\"summary_large_image\" \/>\n<meta name=\"twitter:label1\" content=\"Tiempo de lectura\" \/>\n\t<meta name=\"twitter:data1\" content=\"4 minutos\" \/>\n<script type=\"application\/ld+json\" class=\"yoast-schema-graph\">{\"@context\":\"https:\\\/\\\/schema.org\",\"@graph\":[{\"@type\":\"WebPage\",\"@id\":\"https:\\\/\\\/idecesos.com\\\/seguros\\\/companias\\\/verti\\\/telefono\\\/\",\"url\":\"https:\\\/\\\/idecesos.com\\\/seguros\\\/companias\\\/verti\\\/telefono\\\/\",\"name\":\"Tel\u00e9fono Gratuito Verti \u25b7Atenci\u00f3n Cliente, Email, RRSS, Web\",\"isPartOf\":{\"@id\":\"https:\\\/\\\/idecesos.com\\\/seguros\\\/#website\"},\"datePublished\":\"2021-11-25T10:10:28+00:00\",\"dateModified\":\"2022-04-07T08:58:24+00:00\",\"description\":\"Busca aqu\u00ed\u3010Verti seguros tel\u00e9fono gratuito\u3011Verti Decesos tel\u00e9fono gratis: atenci\u00f3n al cliente y contrataciones \u2611\ufe0fVerificado en 2026\",\"breadcrumb\":{\"@id\":\"https:\\\/\\\/idecesos.com\\\/seguros\\\/companias\\\/verti\\\/telefono\\\/#breadcrumb\"},\"inLanguage\":\"es\",\"potentialAction\":[{\"@type\":\"ReadAction\",\"target\":[\"https:\\\/\\\/idecesos.com\\\/seguros\\\/companias\\\/verti\\\/telefono\\\/\"]}]},{\"@type\":\"BreadcrumbList\",\"@id\":\"https:\\\/\\\/idecesos.com\\\/seguros\\\/companias\\\/verti\\\/telefono\\\/#breadcrumb\",\"itemListElement\":[{\"@type\":\"ListItem\",\"position\":1,\"name\":\"Portada\",\"item\":\"https:\\\/\\\/idecesos.com\\\/seguros\\\/\"},{\"@type\":\"ListItem\",\"position\":2,\"name\":\"Compa\u00f1\u00edas de Seguros de Decesos en Espa\u00f1a\",\"item\":\"https:\\\/\\\/idecesos.com\\\/seguros\\\/companias\\\/\"},{\"@type\":\"ListItem\",\"position\":3,\"name\":\"Seguro de decesos Verti\",\"item\":\"https:\\\/\\\/idecesos.com\\\/seguros\\\/companias\\\/verti\\\/\"},{\"@type\":\"ListItem\",\"position\":4,\"name\":\"Atenci\u00f3n al cliente Verti: telefono gratuito, e-mail\"}]},{\"@type\":\"WebSite\",\"@id\":\"https:\\\/\\\/idecesos.com\\\/seguros\\\/#website\",\"url\":\"https:\\\/\\\/idecesos.com\\\/seguros\\\/\",\"name\":\"\",\"description\":\"\",\"potentialAction\":[{\"@type\":\"SearchAction\",\"target\":{\"@type\":\"EntryPoint\",\"urlTemplate\":\"https:\\\/\\\/idecesos.com\\\/seguros\\\/?s={search_term_string}\"},\"query-input\":{\"@type\":\"PropertyValueSpecification\",\"valueRequired\":true,\"valueName\":\"search_term_string\"}}],\"inLanguage\":\"es\"}]}<\/script>\n<!-- \/ Yoast SEO plugin. -->","yoast_head_json":{"title":"Tel\u00e9fono Gratuito Verti \u25b7Atenci\u00f3n Cliente, Email, RRSS, Web","description":"Busca aqu\u00ed\u3010Verti seguros tel\u00e9fono gratuito\u3011Verti Decesos tel\u00e9fono gratis: atenci\u00f3n al cliente y contrataciones \u2611\ufe0fVerificado en 2026","robots":{"index":"index","follow":"follow","max-snippet":"max-snippet:-1","max-image-preview":"max-image-preview:large","max-video-preview":"max-video-preview:-1"},"canonical":"https:\/\/idecesos.com\/seguros\/companias\/verti\/telefono\/","og_locale":"es_ES","og_type":"article","og_title":"Tel\u00e9fono Gratuito Verti \u25b7Atenci\u00f3n Cliente, Email, RRSS, Web","og_description":"Busca aqu\u00ed\u3010Verti seguros tel\u00e9fono gratuito\u3011Verti Decesos tel\u00e9fono gratis: atenci\u00f3n al cliente y contrataciones \u2611\ufe0fVerificado en 2026","og_url":"https:\/\/idecesos.com\/seguros\/companias\/verti\/telefono\/","article_modified_time":"2022-04-07T08:58:24+00:00","twitter_card":"summary_large_image","twitter_misc":{"Tiempo de lectura":"4 minutos"},"schema":{"@context":"https:\/\/schema.org","@graph":[{"@type":"WebPage","@id":"https:\/\/idecesos.com\/seguros\/companias\/verti\/telefono\/","url":"https:\/\/idecesos.com\/seguros\/companias\/verti\/telefono\/","name":"Tel\u00e9fono Gratuito Verti \u25b7Atenci\u00f3n Cliente, Email, RRSS, Web","isPartOf":{"@id":"https:\/\/idecesos.com\/seguros\/#website"},"datePublished":"2021-11-25T10:10:28+00:00","dateModified":"2022-04-07T08:58:24+00:00","description":"Busca aqu\u00ed\u3010Verti seguros tel\u00e9fono gratuito\u3011Verti Decesos tel\u00e9fono gratis: atenci\u00f3n al cliente y contrataciones \u2611\ufe0fVerificado en 2026","breadcrumb":{"@id":"https:\/\/idecesos.com\/seguros\/companias\/verti\/telefono\/#breadcrumb"},"inLanguage":"es","potentialAction":[{"@type":"ReadAction","target":["https:\/\/idecesos.com\/seguros\/companias\/verti\/telefono\/"]}]},{"@type":"BreadcrumbList","@id":"https:\/\/idecesos.com\/seguros\/companias\/verti\/telefono\/#breadcrumb","itemListElement":[{"@type":"ListItem","position":1,"name":"Portada","item":"https:\/\/idecesos.com\/seguros\/"},{"@type":"ListItem","position":2,"name":"Compa\u00f1\u00edas de Seguros de Decesos en Espa\u00f1a","item":"https:\/\/idecesos.com\/seguros\/companias\/"},{"@type":"ListItem","position":3,"name":"Seguro de decesos Verti","item":"https:\/\/idecesos.com\/seguros\/companias\/verti\/"},{"@type":"ListItem","position":4,"name":"Atenci\u00f3n al cliente Verti: telefono gratuito, e-mail"}]},{"@type":"WebSite","@id":"https:\/\/idecesos.com\/seguros\/#website","url":"https:\/\/idecesos.com\/seguros\/","name":"","description":"","potentialAction":[{"@type":"SearchAction","target":{"@type":"EntryPoint","urlTemplate":"https:\/\/idecesos.com\/seguros\/?s={search_term_string}"},"query-input":{"@type":"PropertyValueSpecification","valueRequired":true,"valueName":"search_term_string"}}],"inLanguage":"es"}]}},"_links":{"self":[{"href":"https:\/\/idecesos.com\/seguros\/wp-json\/wp\/v2\/pages\/15330","targetHints":{"allow":["GET"]}}],"collection":[{"href":"https:\/\/idecesos.com\/seguros\/wp-json\/wp\/v2\/pages"}],"about":[{"href":"https:\/\/idecesos.com\/seguros\/wp-json\/wp\/v2\/types\/page"}],"author":[{"embeddable":true,"href":"https:\/\/idecesos.com\/seguros\/wp-json\/wp\/v2\/users\/1"}],"replies":[{"embeddable":true,"href":"https:\/\/idecesos.com\/seguros\/wp-json\/wp\/v2\/comments?post=15330"}],"version-history":[{"count":10,"href":"https:\/\/idecesos.com\/seguros\/wp-json\/wp\/v2\/pages\/15330\/revisions"}],"predecessor-version":[{"id":21058,"href":"https:\/\/idecesos.com\/seguros\/wp-json\/wp\/v2\/pages\/15330\/revisions\/21058"}],"up":[{"embeddable":true,"href":"https:\/\/idecesos.com\/seguros\/wp-json\/wp\/v2\/pages\/478"}],"wp:attachment":[{"href":"https:\/\/idecesos.com\/seguros\/wp-json\/wp\/v2\/media?parent=15330"}],"curies":[{"name":"wp","href":"https:\/\/api.w.org\/{rel}","templated":true}]}}