{"id":15331,"date":"2021-11-26T09:12:32","date_gmt":"2021-11-25T10:10:28","guid":{"rendered":"https:\/\/idecesos.com\/seguros\/companias\/banco-sabadell\/telefono\/"},"modified":"2022-04-03T18:41:18","modified_gmt":"2022-04-03T18:41:18","slug":"telefono","status":"publish","type":"page","link":"https:\/\/idecesos.com\/seguros\/companias\/banco-sabadell\/telefono\/","title":{"rendered":"Atenci\u00f3n al cliente Banco Sabadell: telefono gratuito, e-mail"},"content":{"rendered":"<div id=\"ez-toc-container\" class=\"ez-toc-v2_0_82_2 ez-toc-wrap-center counter-hierarchy ez-toc-counter ez-toc-custom ez-toc-container-direction\">\n<div class=\"ez-toc-title-container\">\n<p class=\"ez-toc-title\" style=\"cursor:inherit\">Tabla de Contenido<\/p>\n<span class=\"ez-toc-title-toggle\"><a href=\"#\" class=\"ez-toc-pull-right ez-toc-btn ez-toc-btn-xs ez-toc-btn-default ez-toc-toggle\" aria-label=\"Alternar tabla de contenidos\"><span class=\"ez-toc-js-icon-con\"><span class=\"\"><span class=\"eztoc-hide\" style=\"display:none;\">Toggle<\/span><span class=\"ez-toc-icon-toggle-span\"><svg style=\"fill: #db6415;color:#db6415\" xmlns=\"http:\/\/www.w3.org\/2000\/svg\" class=\"list-377408\" width=\"20px\" height=\"20px\" viewBox=\"0 0 24 24\" fill=\"none\"><path d=\"M6 6H4v2h2V6zm14 0H8v2h12V6zM4 11h2v2H4v-2zm16 0H8v2h12v-2zM4 16h2v2H4v-2zm16 0H8v2h12v-2z\" fill=\"currentColor\"><\/path><\/svg><svg style=\"fill: #db6415;color:#db6415\" class=\"arrow-unsorted-368013\" xmlns=\"http:\/\/www.w3.org\/2000\/svg\" width=\"10px\" height=\"10px\" viewBox=\"0 0 24 24\" version=\"1.2\" baseProfile=\"tiny\"><path d=\"M18.2 9.3l-6.2-6.3-6.2 6.3c-.2.2-.3.4-.3.7s.1.5.3.7c.2.2.4.3.7.3h11c.3 0 .5-.1.7-.3.2-.2.3-.5.3-.7s-.1-.5-.3-.7zM5.8 14.7l6.2 6.3 6.2-6.3c.2-.2.3-.5.3-.7s-.1-.5-.3-.7c-.2-.2-.4-.3-.7-.3h-11c-.3 0-.5.1-.7.3-.2.2-.3.5-.3.7s.1.5.3.7z\"\/><\/svg><\/span><\/span><\/span><\/a><\/span><\/div>\n<nav><ul class='ez-toc-list ez-toc-list-level-1 ' ><ul class='ez-toc-list-level-4' ><li class='ez-toc-heading-level-4'><ul class='ez-toc-list-level-4' ><li class='ez-toc-heading-level-4'><a class=\"ez-toc-link ez-toc-heading-1\" href=\"https:\/\/idecesos.com\/seguros\/companias\/banco-sabadell\/telefono\/#Telefono_Contrataciones_951_127_403\" >Tel\u00e9fono Contrataciones \n951 127 403<\/a><\/li><\/ul><\/li><\/ul><\/li><li class='ez-toc-page-1 ez-toc-heading-level-2'><a class=\"ez-toc-link ez-toc-heading-2\" href=\"https:\/\/idecesos.com\/seguros\/companias\/banco-sabadell\/telefono\/#%C2%BFComo_contactar_con_Banco_Sabadell\" >\u00bfC\u00f3mo contactar con Banco Sabadell?<\/a><ul class='ez-toc-list-level-3' ><li class='ez-toc-heading-level-3'><a class=\"ez-toc-link ez-toc-heading-3\" href=\"https:\/\/idecesos.com\/seguros\/companias\/banco-sabadell\/telefono\/#Telefono_gratuito_de_Banco_Sabadell\" >Tel\u00e9fono gratuito de Banco Sabadell<\/a><\/li><li class='ez-toc-page-1 ez-toc-heading-level-3'><a class=\"ez-toc-link ez-toc-heading-4\" href=\"https:\/\/idecesos.com\/seguros\/companias\/banco-sabadell\/telefono\/#Horario_de_atencion_al_cliente_de_Banco_Sabadell\" >Horario de atenci\u00f3n al cliente de Banco Sabadell<\/a><\/li><li class='ez-toc-page-1 ez-toc-heading-level-3'><a class=\"ez-toc-link ez-toc-heading-5\" href=\"https:\/\/idecesos.com\/seguros\/companias\/banco-sabadell\/telefono\/#Correo_electronico_de_Banco_Sabadell\" >Correo electr\u00f3nico de Banco Sabadell<\/a><\/li><li class='ez-toc-page-1 ez-toc-heading-level-3'><a class=\"ez-toc-link ez-toc-heading-6\" href=\"https:\/\/idecesos.com\/seguros\/companias\/banco-sabadell\/telefono\/#Formulario_en_el_sitio_Web_de_Banco_Sabadell\" >Formulario en el sitio Web de Banco Sabadell<\/a><\/li><li class='ez-toc-page-1 ez-toc-heading-level-3'><a class=\"ez-toc-link ez-toc-heading-7\" href=\"https:\/\/idecesos.com\/seguros\/companias\/banco-sabadell\/telefono\/#Redes_sociales_de_Banco_Sabadell\" >Redes sociales de Banco Sabadell<\/a><\/li><li class='ez-toc-page-1 ez-toc-heading-level-3'><a class=\"ez-toc-link ez-toc-heading-8\" href=\"https:\/\/idecesos.com\/seguros\/companias\/banco-sabadell\/telefono\/#Paginas_relacionadas\" >P\u00e1ginas relacionadas<\/a><\/li><\/ul><\/li><\/ul><\/nav><\/div>\n\n<div class=\"caja\">\n<div class=\"cajaIcono2 \"  ><div class=\"cuadro\" style=\"box-shadow: inset 0 0 0 3px #ff790e\"><div class=\"iconoCircular\" style=\"border: 3px solid #ff790e\">\t\t\n\t\t\t\t\t<div class=\"iconoCirculo\">\n\t\t\t\t\t  <i class=\"fas fa-phone-volume\"><\/i>\n\t\t\t\t\t<\/div>\n\t\t\t\t<\/div><div class=\"\">\n<h4 style=\"text-align: center;\"><span class=\"ez-toc-section\" id=\"Telefono_Contrataciones_951_127_403\"><\/span><strong>Tel\u00e9fono Contrataciones<br \/>\n951 127 403<\/strong><span class=\"ez-toc-section-end\"><\/span><\/h4>\n<p><\/div><\/div><\/div><br \/>\nBanco Sabadell tiene un horario de atenci\u00f3n al cliente las veinticuatro horas del d\u00eda, los trescientos sesenta y cinco d\u00edas del a\u00f1o. En pocos minutos le atender\u00e1 un profesional experto en el tema que le facilitar\u00e1 toda la informaci\u00f3n precisa sobre su seguro de decesos contrato. Temas como la libre elecci\u00f3n del cementerio, ayuda sicol\u00f3gica, servicio f\u00fanebre y de testamento, traslado a su pa\u00eds de origen, gastos sanitarios y de ata\u00fad, la posibilidad de preservar el ADN del fallecido y otras muchas m\u00e1s coberturas ser\u00e1n atendidas por los mejores agentes. Banco Sabadell se ocupar\u00e1 de tener todo gestionado y cerrado adecuadamente apoyando a la familia en el peor instante facilitandoles toda la calma que precisan. Sus expertos tratar\u00e1n su situaci\u00f3n con toda la profesionalidad y delicadeza que merecen.<br \/>\n<\/div><\/p>\n<div class=\"colorf \"  ><div class=\"container clearfix\"><div class=\"col-md-7\"><\/p>\n<h2><span class=\"ez-toc-section\" id=\"%C2%BFComo_contactar_con_Banco_Sabadell\"><\/span>\u00bfC\u00f3mo contactar con Banco Sabadell?<span class=\"ez-toc-section-end\"><\/span><\/h2>\n<p>Ponerse en contacto con Banco Sabadell es muy simple. Ofrece varios m\u00e9todos para contactar con ellos: tel\u00e9fono gratis, e-mail, un formulario que podr\u00e1s rellenar mediante su p\u00e1gina web o bien mediante sus redes sociales.<br \/>\n<\/div><\/div><\/div>\n<h3><span class=\"ez-toc-section\" id=\"Telefono_gratuito_de_Banco_Sabadell\"><\/span>Tel\u00e9fono gratuito de Banco Sabadell<span class=\"ez-toc-section-end\"><\/span><\/h3>\n<p>Ac\u00e1 tiene el tel\u00e9fono de contacto de Banco Sabadell <strong>900 700 010<\/strong>. Hoy en d\u00eda el tiempo es muy importante. De ah\u00ed que Banco Sabadell est\u00e1 al tanto de que este procedimiento es r\u00e1pido y f\u00e1cil de usar. Adem\u00e1s de esto mediante te van a poder solucionar tus cuestiones o bien dudas sobre tu seguro. Es esencial que sepas que la llamada a Banco Sabadell es plenamente gratis con lo que los minutos que est\u00e9s hablando con ellos no repercutir\u00e1n en tu tarifa. En todo momento, le atender\u00e1 un asesor y experto en seguros de decesos para que de esta forma pueda quedar satisfecho tras concluir la llamada.<br \/>\n<div class=\"colorf\"><div class=\"container clearfix\"><div class=\"col-md-7\"><\/p>\n<div class=\"cabecera_tabla_ajustada \"  style=\"width:80%\" ><div class=\"row\"><\/div>\n<p><div class=\"fila_tabla4 \"  ><div class=\"row\"><div class=\"col-8 nosepara izq\"><p><strong>Tel\u00e9fono para contrataciones<\/strong><\/p><\/div><div class=\"col-4 nosepara centro\">951 127 403<\/div><\/div><\/div><div class=\"fila_tabla4 \"  ><div class=\"row\"><div class=\"col-8 nosepara izq\"><p><strong>Tel\u00e9fono Informaci\u00f3n<\/strong><\/p><\/div><div class=\"col-4 nosepara centro\">963 085 000<\/div><\/div><\/div><\/p>\n<div class=\"pie_tabla \"  ><div class=\"row\"><div class=\"col-12 \"><\/div><\/div><\/div><\/div>\n<\/div><\/div><\/div>\n<h3><span class=\"ez-toc-section\" id=\"Horario_de_atencion_al_cliente_de_Banco_Sabadell\"><\/span>Horario de atenci\u00f3n al cliente de Banco Sabadell<span class=\"ez-toc-section-end\"><\/span><\/h3>\n<p>Banco Sabadell tiene disponible un horario de atenci\u00f3n al cliente para poder contestar r\u00e1pidamente. Siempre y cuando llame, habr\u00e1 una persona al lado del tel\u00e9fono para facilitarle la informaci\u00f3n que necesite y, si lo requiere, pasarle la llamada con uno de los aconsejes expertos. Lo m\u00e1s esencial es que quede complacido con los datos proporcionados y el trato ofrecido por la compa\u00f1\u00eda, en tanto que en todo instante se le resolver\u00e1n pl\u00e1cidamente las cuestiones que desee saber sobre su seguro de decesos. Es un horario est\u00e1ndar <strong>horario Banco Sabadell<\/strong>, concebido para que el usuario tenga suficiente disponibilidad y tiempo libre durante el d\u00eda para poder efectuar la llamada.<br \/>\n<div class=\"colorf\"><div class=\"container clearfix\"><div class=\"col-md-7\"><\/p>\n<h3><span class=\"ez-toc-section\" id=\"Correo_electronico_de_Banco_Sabadell\"><\/span>Correo electr\u00f3nico de Banco Sabadell<span class=\"ez-toc-section-end\"><\/span><\/h3>\n<p>Internet est\u00e1 a la orden del d\u00eda y la mayor\u00eda de la poblaci\u00f3n dispone de un perfil en las plataformas de Gmail, Hotmail, etc\u00e9teraY as\u00ed, efectuar diferentes tr\u00e1mites como por poner un ejemplo, env\u00edos o bien recibos de ficheros. El uso de dicha herramienta favorecer\u00e1 el poder percibir datos e informaci\u00f3n sobre su seguro de decesos. Con el pr\u00f3ximo correo <b>info@bancsabadell.com <\/b>de Banco Sabadell le va a ser posible mandarle cualquier g\u00e9nero de duda que tenga con respecto a su prima, por ejemplo. Al desempe\u00f1ar la funci\u00f3n del env\u00edo de un mail, la respuesta que obtenga va a ser la mejor y, terminante, para poder aclarar sus ideas.<br \/>\n<\/div><\/div><\/div><\/p>\n<h3><span class=\"ez-toc-section\" id=\"Formulario_en_el_sitio_Web_de_Banco_Sabadell\"><\/span>Formulario en el sitio Web de Banco Sabadell<span class=\"ez-toc-section-end\"><\/span><\/h3>\n<p>Entrar en la red para buscar algo es de los actos m\u00e1s habituales que existen hoy d\u00eda en esta nueva era de la digitalizaci\u00f3n. Su eficiencia y gran alcance hace que esta plataforma digital sea la m\u00e1s empleada para buscar informaci\u00f3n ya que todo est\u00e1 disponible para todo el planeta. Poniendo en el buscador Banco Sabadell podr\u00e1s encontrar todo cuanto necesitas sobre sus seguro de decesos mediante su p\u00e1gina <strong>www.bancsabadell.com\/<\/strong>. Toda la informaci\u00f3n que encontrar\u00e1s girar\u00e1 en torno a las distintas coberturas, costos y ventajas que tienen sus servicios a fin de que puedas conseguir toda la informaci\u00f3n necesaria ya antes del asesoramiento. Podr\u00e1 encontrar un apartado con un formulario a rellenar con su nombre y apellidos, tel\u00e9fono de contacto, correo electr\u00f3nico\u2026 Una vez efectuado, uno de los profesionales asesores de la compa\u00f1\u00eda se pondr\u00e1 en contacto, lo m\u00e1s r\u00e1pido posible, para resolverle cualquier g\u00e9nero de duda o bien cuesti\u00f3n que quiera saber sobre el tema.<br \/>\n<div class=\"colorf\"><div class=\"container clearfix\"><div class=\"col-md-7\"><\/p>\n<h3><span class=\"ez-toc-section\" id=\"Redes_sociales_de_Banco_Sabadell\"><\/span>Redes sociales de Banco Sabadell<span class=\"ez-toc-section-end\"><\/span><\/h3>\n<p>Facebook, Twitter o Instagram son parte de las herramientas con m\u00e1s difusi\u00f3n a nivel mundial y de las que son part\u00edcipes la mayor parte de personas. Banco Sabadell no se queda atr\u00e1s. Saber qui\u00e9nes son parte de la compa\u00f1\u00eda, contactar o bien encontrar informaci\u00f3n podr\u00e1 hacerlo a trav\u00e9s de sus plataformas libres. Buscando su nombre, hallar\u00e1 el perfil y va a acceder a la informaci\u00f3n. En \u00e9l podr\u00e1 ver im\u00e1genes, la ubicaci\u00f3n de la sede oficial, el link de la web pertinente, si existe alguna oferta disponible y tambi\u00e9n, incluso, puede ponerse en contacto a trav\u00e9s de dicha plataforma, sin precisar llamar o bien enviar un mail en ese mismo instante si no le es posible.<br \/>\n<\/div><\/div><\/div><\/p>\n<\/div>\n<p><div class=\"oficinas\"> <h3><span class=\"ez-toc-section\" id=\"Paginas_relacionadas\"><\/span>P\u00e1ginas relacionadas<span class=\"ez-toc-section-end\"><\/span><\/h3><div class=\"enlazado\"><ul> <li><a href=\"https:\/\/idecesos.com\/seguros\/companias\/banco-sabadell\/opiniones\/\">Opiniones Banco Sabadell<\/a><\/li> <li><a href=\"https:\/\/idecesos.com\/seguros\/companias\/banco-sabadell\/precio\/\">Precio seguro Banco Sabadell<\/a><\/li> <li><a href=\"https:\/\/idecesos.com\/seguros\/companias\/banco-sabadell\/prima-mixta\/\">Banco Sabadell Prima Mixta<\/a><\/li> <li><a href=\"https:\/\/idecesos.com\/seguros\/companias\/banco-sabadell\/prima-natural\/\">Banco Sabadell Prima Natural<\/a><\/li> <li><a href=\"https:\/\/idecesos.com\/seguros\/companias\/banco-sabadell\/prima-nivelada\/\">Banco Sabadell Prima Nivelada<\/a><\/li> <li><a href=\"https:\/\/idecesos.com\/seguros\/companias\/banco-sabadell\/prima-unica\/\">Banco Sabadell Prima \u00danica<\/a><\/li> <li><a href=\"https:\/\/idecesos.com\/seguros\/companias\/banco-sabadell\/repatriacion\/\">Banco Sabadell Repatriaci\u00f3n<\/a><\/li> <li><a href=\"https:\/\/idecesos.com\/seguros\/companias\/banco-sabadell\/telefono\/\">Tel\u00e9fono Gratuito Banco Sabadell<\/a><\/li><\/ul><\/div> <\/div><\/p>\n","protected":false},"excerpt":{"rendered":"<p>Banco Sabadell tiene un horario de atenci\u00f3n al cliente las veinticuatro horas del d\u00eda, los trescientos sesenta y cinco d\u00edas del a\u00f1o. En pocos minutos le atender\u00e1 un profesional experto en el tema que le facilitar\u00e1 toda la informaci\u00f3n precisa sobre su seguro de decesos contrato. Temas como la libre elecci\u00f3n del cementerio, ayuda sicol\u00f3gica,&hellip; <\/p>\n","protected":false},"author":1,"featured_media":0,"parent":502,"menu_order":0,"comment_status":"closed","ping_status":"closed","template":"single.php","meta":{"footnotes":""},"class_list":["post-15331","page","type-page","status-publish","hentry"],"yoast_head":"<!-- This site is optimized with the Yoast SEO plugin v27.3 - https:\/\/yoast.com\/product\/yoast-seo-wordpress\/ -->\n<title>Tel\u00e9fono Gratuito Banco Sabadell \u25b7Atenci\u00f3n Cliente, Email, RRSS, Web<\/title>\n<meta name=\"description\" content=\"Busca aqu\u00ed\u3010Banco Sabadell seguros tel\u00e9fono gratuito\u3011Banco Sabadell Decesos tel\u00e9fono gratis: atenci\u00f3n al cliente y contrataciones \u2611\ufe0fVerificado en 2026\" \/>\n<meta name=\"robots\" content=\"index, follow, max-snippet:-1, max-image-preview:large, max-video-preview:-1\" \/>\n<link rel=\"canonical\" href=\"https:\/\/idecesos.com\/seguros\/companias\/banco-sabadell\/telefono\/\" \/>\n<meta property=\"og:locale\" content=\"es_ES\" \/>\n<meta property=\"og:type\" content=\"article\" \/>\n<meta property=\"og:title\" content=\"Tel\u00e9fono Gratuito Banco Sabadell \u25b7Atenci\u00f3n Cliente, Email, RRSS, Web\" \/>\n<meta property=\"og:description\" content=\"Busca aqu\u00ed\u3010Banco Sabadell seguros tel\u00e9fono gratuito\u3011Banco Sabadell Decesos tel\u00e9fono gratis: atenci\u00f3n al cliente y contrataciones \u2611\ufe0fVerificado en 2026\" \/>\n<meta property=\"og:url\" content=\"https:\/\/idecesos.com\/seguros\/companias\/banco-sabadell\/telefono\/\" \/>\n<meta property=\"article:modified_time\" content=\"2022-04-03T18:41:18+00:00\" \/>\n<meta name=\"twitter:card\" content=\"summary_large_image\" \/>\n<meta name=\"twitter:label1\" content=\"Tiempo de lectura\" \/>\n\t<meta name=\"twitter:data1\" content=\"4 minutos\" \/>\n<script type=\"application\/ld+json\" class=\"yoast-schema-graph\">{\"@context\":\"https:\\\/\\\/schema.org\",\"@graph\":[{\"@type\":\"WebPage\",\"@id\":\"https:\\\/\\\/idecesos.com\\\/seguros\\\/companias\\\/banco-sabadell\\\/telefono\\\/\",\"url\":\"https:\\\/\\\/idecesos.com\\\/seguros\\\/companias\\\/banco-sabadell\\\/telefono\\\/\",\"name\":\"Tel\u00e9fono Gratuito Banco Sabadell \u25b7Atenci\u00f3n Cliente, Email, RRSS, Web\",\"isPartOf\":{\"@id\":\"https:\\\/\\\/idecesos.com\\\/seguros\\\/#website\"},\"datePublished\":\"2021-11-25T10:10:28+00:00\",\"dateModified\":\"2022-04-03T18:41:18+00:00\",\"description\":\"Busca aqu\u00ed\u3010Banco Sabadell seguros tel\u00e9fono gratuito\u3011Banco Sabadell Decesos tel\u00e9fono gratis: atenci\u00f3n al cliente y contrataciones \u2611\ufe0fVerificado en 2026\",\"breadcrumb\":{\"@id\":\"https:\\\/\\\/idecesos.com\\\/seguros\\\/companias\\\/banco-sabadell\\\/telefono\\\/#breadcrumb\"},\"inLanguage\":\"es\",\"potentialAction\":[{\"@type\":\"ReadAction\",\"target\":[\"https:\\\/\\\/idecesos.com\\\/seguros\\\/companias\\\/banco-sabadell\\\/telefono\\\/\"]}]},{\"@type\":\"BreadcrumbList\",\"@id\":\"https:\\\/\\\/idecesos.com\\\/seguros\\\/companias\\\/banco-sabadell\\\/telefono\\\/#breadcrumb\",\"itemListElement\":[{\"@type\":\"ListItem\",\"position\":1,\"name\":\"Portada\",\"item\":\"https:\\\/\\\/idecesos.com\\\/seguros\\\/\"},{\"@type\":\"ListItem\",\"position\":2,\"name\":\"Compa\u00f1\u00edas de Seguros de Decesos en Espa\u00f1a\",\"item\":\"https:\\\/\\\/idecesos.com\\\/seguros\\\/companias\\\/\"},{\"@type\":\"ListItem\",\"position\":3,\"name\":\"Seguro de decesos Banco Sabadell\",\"item\":\"https:\\\/\\\/idecesos.com\\\/seguros\\\/companias\\\/banco-sabadell\\\/\"},{\"@type\":\"ListItem\",\"position\":4,\"name\":\"Atenci\u00f3n al cliente Banco Sabadell: telefono gratuito, e-mail\"}]},{\"@type\":\"WebSite\",\"@id\":\"https:\\\/\\\/idecesos.com\\\/seguros\\\/#website\",\"url\":\"https:\\\/\\\/idecesos.com\\\/seguros\\\/\",\"name\":\"\",\"description\":\"\",\"potentialAction\":[{\"@type\":\"SearchAction\",\"target\":{\"@type\":\"EntryPoint\",\"urlTemplate\":\"https:\\\/\\\/idecesos.com\\\/seguros\\\/?s={search_term_string}\"},\"query-input\":{\"@type\":\"PropertyValueSpecification\",\"valueRequired\":true,\"valueName\":\"search_term_string\"}}],\"inLanguage\":\"es\"}]}<\/script>\n<!-- \/ Yoast SEO plugin. -->","yoast_head_json":{"title":"Tel\u00e9fono Gratuito Banco Sabadell \u25b7Atenci\u00f3n Cliente, Email, RRSS, Web","description":"Busca aqu\u00ed\u3010Banco Sabadell seguros tel\u00e9fono gratuito\u3011Banco Sabadell Decesos tel\u00e9fono gratis: atenci\u00f3n al cliente y contrataciones \u2611\ufe0fVerificado en 2026","robots":{"index":"index","follow":"follow","max-snippet":"max-snippet:-1","max-image-preview":"max-image-preview:large","max-video-preview":"max-video-preview:-1"},"canonical":"https:\/\/idecesos.com\/seguros\/companias\/banco-sabadell\/telefono\/","og_locale":"es_ES","og_type":"article","og_title":"Tel\u00e9fono Gratuito Banco Sabadell \u25b7Atenci\u00f3n Cliente, Email, RRSS, Web","og_description":"Busca aqu\u00ed\u3010Banco Sabadell seguros tel\u00e9fono gratuito\u3011Banco Sabadell Decesos tel\u00e9fono gratis: atenci\u00f3n al cliente y contrataciones \u2611\ufe0fVerificado en 2026","og_url":"https:\/\/idecesos.com\/seguros\/companias\/banco-sabadell\/telefono\/","article_modified_time":"2022-04-03T18:41:18+00:00","twitter_card":"summary_large_image","twitter_misc":{"Tiempo de lectura":"4 minutos"},"schema":{"@context":"https:\/\/schema.org","@graph":[{"@type":"WebPage","@id":"https:\/\/idecesos.com\/seguros\/companias\/banco-sabadell\/telefono\/","url":"https:\/\/idecesos.com\/seguros\/companias\/banco-sabadell\/telefono\/","name":"Tel\u00e9fono Gratuito Banco Sabadell \u25b7Atenci\u00f3n Cliente, Email, RRSS, Web","isPartOf":{"@id":"https:\/\/idecesos.com\/seguros\/#website"},"datePublished":"2021-11-25T10:10:28+00:00","dateModified":"2022-04-03T18:41:18+00:00","description":"Busca aqu\u00ed\u3010Banco Sabadell seguros tel\u00e9fono gratuito\u3011Banco Sabadell Decesos tel\u00e9fono gratis: atenci\u00f3n al cliente y contrataciones \u2611\ufe0fVerificado en 2026","breadcrumb":{"@id":"https:\/\/idecesos.com\/seguros\/companias\/banco-sabadell\/telefono\/#breadcrumb"},"inLanguage":"es","potentialAction":[{"@type":"ReadAction","target":["https:\/\/idecesos.com\/seguros\/companias\/banco-sabadell\/telefono\/"]}]},{"@type":"BreadcrumbList","@id":"https:\/\/idecesos.com\/seguros\/companias\/banco-sabadell\/telefono\/#breadcrumb","itemListElement":[{"@type":"ListItem","position":1,"name":"Portada","item":"https:\/\/idecesos.com\/seguros\/"},{"@type":"ListItem","position":2,"name":"Compa\u00f1\u00edas de Seguros de Decesos en Espa\u00f1a","item":"https:\/\/idecesos.com\/seguros\/companias\/"},{"@type":"ListItem","position":3,"name":"Seguro de decesos Banco Sabadell","item":"https:\/\/idecesos.com\/seguros\/companias\/banco-sabadell\/"},{"@type":"ListItem","position":4,"name":"Atenci\u00f3n al cliente Banco Sabadell: telefono gratuito, e-mail"}]},{"@type":"WebSite","@id":"https:\/\/idecesos.com\/seguros\/#website","url":"https:\/\/idecesos.com\/seguros\/","name":"","description":"","potentialAction":[{"@type":"SearchAction","target":{"@type":"EntryPoint","urlTemplate":"https:\/\/idecesos.com\/seguros\/?s={search_term_string}"},"query-input":{"@type":"PropertyValueSpecification","valueRequired":true,"valueName":"search_term_string"}}],"inLanguage":"es"}]}},"_links":{"self":[{"href":"https:\/\/idecesos.com\/seguros\/wp-json\/wp\/v2\/pages\/15331","targetHints":{"allow":["GET"]}}],"collection":[{"href":"https:\/\/idecesos.com\/seguros\/wp-json\/wp\/v2\/pages"}],"about":[{"href":"https:\/\/idecesos.com\/seguros\/wp-json\/wp\/v2\/types\/page"}],"author":[{"embeddable":true,"href":"https:\/\/idecesos.com\/seguros\/wp-json\/wp\/v2\/users\/1"}],"replies":[{"embeddable":true,"href":"https:\/\/idecesos.com\/seguros\/wp-json\/wp\/v2\/comments?post=15331"}],"version-history":[{"count":10,"href":"https:\/\/idecesos.com\/seguros\/wp-json\/wp\/v2\/pages\/15331\/revisions"}],"predecessor-version":[{"id":20934,"href":"https:\/\/idecesos.com\/seguros\/wp-json\/wp\/v2\/pages\/15331\/revisions\/20934"}],"up":[{"embeddable":true,"href":"https:\/\/idecesos.com\/seguros\/wp-json\/wp\/v2\/pages\/502"}],"wp:attachment":[{"href":"https:\/\/idecesos.com\/seguros\/wp-json\/wp\/v2\/media?parent=15331"}],"curies":[{"name":"wp","href":"https:\/\/api.w.org\/{rel}","templated":true}]}}