{"id":15332,"date":"2021-11-26T09:12:32","date_gmt":"2021-11-25T10:10:29","guid":{"rendered":"https:\/\/idecesos.com\/seguros\/companias\/bankia\/telefono\/"},"modified":"2022-04-03T18:43:14","modified_gmt":"2022-04-03T18:43:14","slug":"telefono","status":"publish","type":"page","link":"https:\/\/idecesos.com\/seguros\/companias\/bankia\/telefono\/","title":{"rendered":"Atenci\u00f3n al cliente Bankia: telefono gratuito, e-mail"},"content":{"rendered":"<div id=\"ez-toc-container\" class=\"ez-toc-v2_0_82_2 ez-toc-wrap-center counter-hierarchy ez-toc-counter ez-toc-custom ez-toc-container-direction\">\n<div class=\"ez-toc-title-container\">\n<p class=\"ez-toc-title\" style=\"cursor:inherit\">Tabla de Contenido<\/p>\n<span class=\"ez-toc-title-toggle\"><a href=\"#\" class=\"ez-toc-pull-right ez-toc-btn ez-toc-btn-xs ez-toc-btn-default ez-toc-toggle\" aria-label=\"Alternar tabla de contenidos\"><span class=\"ez-toc-js-icon-con\"><span class=\"\"><span class=\"eztoc-hide\" style=\"display:none;\">Toggle<\/span><span class=\"ez-toc-icon-toggle-span\"><svg style=\"fill: #db6415;color:#db6415\" xmlns=\"http:\/\/www.w3.org\/2000\/svg\" class=\"list-377408\" width=\"20px\" height=\"20px\" viewBox=\"0 0 24 24\" fill=\"none\"><path d=\"M6 6H4v2h2V6zm14 0H8v2h12V6zM4 11h2v2H4v-2zm16 0H8v2h12v-2zM4 16h2v2H4v-2zm16 0H8v2h12v-2z\" fill=\"currentColor\"><\/path><\/svg><svg style=\"fill: #db6415;color:#db6415\" class=\"arrow-unsorted-368013\" xmlns=\"http:\/\/www.w3.org\/2000\/svg\" width=\"10px\" height=\"10px\" viewBox=\"0 0 24 24\" version=\"1.2\" baseProfile=\"tiny\"><path d=\"M18.2 9.3l-6.2-6.3-6.2 6.3c-.2.2-.3.4-.3.7s.1.5.3.7c.2.2.4.3.7.3h11c.3 0 .5-.1.7-.3.2-.2.3-.5.3-.7s-.1-.5-.3-.7zM5.8 14.7l6.2 6.3 6.2-6.3c.2-.2.3-.5.3-.7s-.1-.5-.3-.7c-.2-.2-.4-.3-.7-.3h-11c-.3 0-.5.1-.7.3-.2.2-.3.5-.3.7s.1.5.3.7z\"\/><\/svg><\/span><\/span><\/span><\/a><\/span><\/div>\n<nav><ul class='ez-toc-list ez-toc-list-level-1 ' ><ul class='ez-toc-list-level-4' ><li class='ez-toc-heading-level-4'><ul class='ez-toc-list-level-4' ><li class='ez-toc-heading-level-4'><a class=\"ez-toc-link ez-toc-heading-1\" href=\"https:\/\/idecesos.com\/seguros\/companias\/bankia\/telefono\/#Telefono_Contrataciones_951_127_403\" >Tel\u00e9fono Contrataciones \n951 127 403<\/a><\/li><\/ul><\/li><\/ul><\/li><li class='ez-toc-page-1 ez-toc-heading-level-2'><a class=\"ez-toc-link ez-toc-heading-2\" href=\"https:\/\/idecesos.com\/seguros\/companias\/bankia\/telefono\/#%C2%BFComo_contactar_con_Bankia\" >\u00bfC\u00f3mo contactar con Bankia?<\/a><ul class='ez-toc-list-level-3' ><li class='ez-toc-heading-level-3'><a class=\"ez-toc-link ez-toc-heading-3\" href=\"https:\/\/idecesos.com\/seguros\/companias\/bankia\/telefono\/#Telefono_gratuito_de_Bankia\" >Tel\u00e9fono gratuito de Bankia<\/a><\/li><li class='ez-toc-page-1 ez-toc-heading-level-3'><a class=\"ez-toc-link ez-toc-heading-4\" href=\"https:\/\/idecesos.com\/seguros\/companias\/bankia\/telefono\/#Horario_de_atencion_al_cliente_de_Bankia\" >Horario de atenci\u00f3n al cliente de Bankia<\/a><\/li><li class='ez-toc-page-1 ez-toc-heading-level-3'><a class=\"ez-toc-link ez-toc-heading-5\" href=\"https:\/\/idecesos.com\/seguros\/companias\/bankia\/telefono\/#Correo_electronico_de_Bankia\" >Correo electr\u00f3nico de Bankia<\/a><\/li><li class='ez-toc-page-1 ez-toc-heading-level-3'><a class=\"ez-toc-link ez-toc-heading-6\" href=\"https:\/\/idecesos.com\/seguros\/companias\/bankia\/telefono\/#Formulario_en_el_sitio_Web_de_Bankia\" >Formulario en el sitio Web de Bankia<\/a><\/li><li class='ez-toc-page-1 ez-toc-heading-level-3'><a class=\"ez-toc-link ez-toc-heading-7\" href=\"https:\/\/idecesos.com\/seguros\/companias\/bankia\/telefono\/#Redes_sociales_de_Bankia\" >Redes sociales de Bankia<\/a><\/li><li class='ez-toc-page-1 ez-toc-heading-level-3'><a class=\"ez-toc-link ez-toc-heading-8\" href=\"https:\/\/idecesos.com\/seguros\/companias\/bankia\/telefono\/#Paginas_relacionadas\" >P\u00e1ginas relacionadas<\/a><\/li><\/ul><\/li><\/ul><\/nav><\/div>\n\n<div class=\"caja\">\n<div class=\"cajaIcono2 \"  ><div class=\"cuadro\" style=\"box-shadow: inset 0 0 0 3px #ff790e\"><div class=\"iconoCircular\" style=\"border: 3px solid #ff790e\">\t\t\n\t\t\t\t\t<div class=\"iconoCirculo\">\n\t\t\t\t\t  <i class=\"fas fa-phone-volume\"><\/i>\n\t\t\t\t\t<\/div>\n\t\t\t\t<\/div><div class=\"\">\n<h4 style=\"text-align: center;\"><span class=\"ez-toc-section\" id=\"Telefono_Contrataciones_951_127_403\"><\/span><strong>Tel\u00e9fono Contrataciones<br \/>\n951 127 403<\/strong><span class=\"ez-toc-section-end\"><\/span><\/h4>\n<p><\/div><\/div><\/div><br \/>\nBankia presenta una pluralidad de m\u00e9todos, completamente gratuitos, a fin de que pueda tener la informaci\u00f3n precisa sobre la compa\u00f1\u00eda, de manera f\u00e1cil y sencilla. Ser\u00e1 informado por la persona que le atienda sobre todo lo que desee saber de su seguro de decesos y, los servicios con relaci\u00f3n al entierro, como los traslados, tr\u00e1mites, elecci\u00f3n y gastos de flores o bien ata\u00fad, los modelos de asistencia, orientaciones, etc\u00e9teraCualquier tr\u00e1mite o gesti\u00f3n estar\u00e1 cerrado de cara al momento del entierro del ser querido y, para su tranquilidad, no deber\u00e1n estar preocupados por nada m\u00e1s all\u00e1. Va a recibir el mayor respeto posible por parte de los profesionales.<br \/>\n<\/div><\/p>\n<div class=\"colorf \"  ><div class=\"container clearfix\"><div class=\"col-md-7\"><\/p>\n<h2><span class=\"ez-toc-section\" id=\"%C2%BFComo_contactar_con_Bankia\"><\/span>\u00bfC\u00f3mo contactar con Bankia?<span class=\"ez-toc-section-end\"><\/span><\/h2>\n<p>Ponerse en contacto con Bankia es muy simple. Tiene m\u00faltiples opciones de contacto: tel\u00e9fono gratuito, e-mail, un formulario que vas a poder rellenar a trav\u00e9s de su p\u00e1gina web o sus redes sociales.<br \/>\n<\/div><\/div><\/div>\n<h3><span class=\"ez-toc-section\" id=\"Telefono_gratuito_de_Bankia\"><\/span>Tel\u00e9fono gratuito de Bankia<span class=\"ez-toc-section-end\"><\/span><\/h3>\n<p>Su tel\u00e9fono de contacto es plenamente gratis. Las llamadas a Bankia le saldr\u00e1n completamente gratis, llame o le llame un agente, con independencia del tiempo que dure la charla. Mediante este m\u00e9todo podr\u00e1s gozar de todas las comodidades, f\u00e1cil y f\u00e1cil de utilizar, pudiendo llamar desde su casa sin precisar desplazarse a ninguna oficina. La persona con la que hable, va a ser un experto asesor en tal cuesti\u00f3n a fin de que, tras terminar la llamada, sus dudas van a quedar resueltas y quedar\u00e1 plenamente satisfecho. El n\u00famero de tel\u00e9fono es: <strong>916 346 964.<\/strong><br \/>\n<div class=\"colorf\"><div class=\"container clearfix\"><div class=\"col-md-7\"><\/p>\n<div class=\"cabecera_tabla_ajustada \"  style=\"width:80%\" ><div class=\"row\"><\/div>\n<div class=\"fila_tabla4 \"  ><div class=\"row\"><div class=\"col-8 nosepara izq\"><p><strong>Tel\u00e9fono para contrataciones<\/strong><\/p><\/div><div class=\"col-4 nosepara centro\">951 127 403<\/div><\/div><\/div>\n<div class=\"pie_tabla \"  ><div class=\"row\"><div class=\"col-12 \"><\/div><\/div><\/div><\/div>\n<\/div><\/div><\/div>\n<h3><span class=\"ez-toc-section\" id=\"Horario_de_atencion_al_cliente_de_Bankia\"><\/span>Horario de atenci\u00f3n al cliente de Bankia<span class=\"ez-toc-section-end\"><\/span><\/h3>\n<p>Al usuario se le da por parte de Bankia un horario flexible de atenci\u00f3n al usuario, tanto de ma\u00f1ana como de tarde. Gracias a este servicio va a poder efectuar la llamada durante el d\u00eda. La persona con la que hable le atender\u00e1 de la mejor manera posible, con un lenguaje claro y sucinto para el buen comprensi\u00f3n. Si lo precisa su llamada va a ser desviada a un agente experto en seguro de decesos que le va a poder asistir con sus cuestiones y dudas sobre sus servicios contratados. Tras terminar la llamada, va a haber recabado todos los datos precisos y va a ser de su agrado el trato recibido por la parte de la compa\u00f1\u00eda.<br \/>\n<div class=\"colorf\"><div class=\"container clearfix\"><div class=\"col-md-7\"><\/p>\n<h3><span class=\"ez-toc-section\" id=\"Correo_electronico_de_Bankia\"><\/span>Correo electr\u00f3nico de Bankia<span class=\"ez-toc-section-end\"><\/span><\/h3>\n<p>Internet est\u00e1 a la orden del d\u00eda y la mayor parte de la poblaci\u00f3n dispone de un perfil en las plataformas de Gmail, Hotmail, etc\u00e9teraY de esta manera, realizar diferentes tr\u00e1mites como por poner un ejemplo, env\u00edos o bien recibos de archivos. El empleo de dicha herramienta favorecer\u00e1 el poder percibir datos y tambi\u00e9n informaci\u00f3n sobre su seguro de decesos. Bankia dispone de la siguiente direcci\u00f3n de correo electr\u00f3nico <strong>atencionalcliente@bankia.com<\/strong> a fin de que pueda hacer llegar cualquier consulta o bien duda que le surja sobre su p\u00f3liza, el tipo de prima, u otro tema. Si remite un mensaje, mediante su correo electr\u00f3nico, sobre lo que quiera saber, llegar\u00e1 a un buen entendimiento con la persona que le atienda y le brindar\u00e1 las mejores respuestas para, de este modo, aclarar cuestiones.<br \/>\n<\/div><\/div><\/div><\/p>\n<h3><span class=\"ez-toc-section\" id=\"Formulario_en_el_sitio_Web_de_Bankia\"><\/span>Formulario en el sitio Web de Bankia<span class=\"ez-toc-section-end\"><\/span><\/h3>\n<p>Los buscadores pertenecientes a Internet son considerados la mayor plataforma para toda la poblaci\u00f3n. Escribiendo sobre tal buscador, descubrir\u00e1 un mundo repleto de contestaciones. Bankia tiene a la disposici\u00f3n del usuario su p\u00e1gina web, en la que va a estar plasmada toda la informaci\u00f3n precisa sobre el seguro de decesos, como por poner un ejemplo costes o servicios. y, de este modo, contar con de los datos b\u00e1sicos para un futuro asesoramiento. La informaci\u00f3n libre que hallar\u00e1 es general, en dependencia de sus necesidades o bien peculiaridades, se le ajustar\u00e1 a su medida las mejores garant\u00edas. <strong>www.caixabank.es\/<\/strong> corresponde a la web de Bankia.<br \/>\n<div class=\"colorf\"><div class=\"container clearfix\"><div class=\"col-md-7\"><\/p>\n<h3><span class=\"ez-toc-section\" id=\"Redes_sociales_de_Bankia\"><\/span>Redes sociales de Bankia<span class=\"ez-toc-section-end\"><\/span><\/h3>\n<p>Las redes sociales, Instagram, Twitter o Fb, establecen una enorme conexi\u00f3n con la poblaci\u00f3n y pertenecen a las herramientas con m\u00e1s difusi\u00f3n y alcance. Bankia no iba a ser menos. A fin de que pueda contactar o bien localizar informaci\u00f3n, tiene en su poder perfiles en diferentes plataformas. Va a poder acceder a la informaci\u00f3n buscando el nombre de la compa\u00f1\u00eda y accediendo a su perfil. Gracias a \u00e9l, va a tener acceso a los datos, como link de p\u00e1gina web, caracter\u00edsticas\u2026 que postee la compa\u00f1\u00eda sobre su seguro de decesos y asimismo, va a poder mandar un mensaje para comunicarse en el futuro con sus profesionales.<br \/>\n<\/div><\/div><\/div><\/p>\n<\/div>\n<p><div class=\"oficinas\"> <h3><span class=\"ez-toc-section\" id=\"Paginas_relacionadas\"><\/span>P\u00e1ginas relacionadas<span class=\"ez-toc-section-end\"><\/span><\/h3><div class=\"enlazado\"><ul> <li><a href=\"https:\/\/idecesos.com\/seguros\/companias\/bankia\/opiniones\/\">Opiniones Bankia<\/a><\/li> <li><a href=\"https:\/\/idecesos.com\/seguros\/companias\/bankia\/precio\/\">Precio seguro Bankia<\/a><\/li> <li><a href=\"https:\/\/idecesos.com\/seguros\/companias\/bankia\/prima-mixta\/\">Bankia Prima Mixta<\/a><\/li> <li><a href=\"https:\/\/idecesos.com\/seguros\/companias\/bankia\/prima-natural\/\">Bankia Prima Natural<\/a><\/li> <li><a href=\"https:\/\/idecesos.com\/seguros\/companias\/bankia\/prima-nivelada\/\">Bankia Prima Nivelada<\/a><\/li> <li><a href=\"https:\/\/idecesos.com\/seguros\/companias\/bankia\/prima-unica\/\">Bankia Prima \u00danica<\/a><\/li> <li><a href=\"https:\/\/idecesos.com\/seguros\/companias\/bankia\/repatriacion\/\">Bankia Repatriaci\u00f3n<\/a><\/li> <li><a href=\"https:\/\/idecesos.com\/seguros\/companias\/bankia\/telefono\/\">Tel\u00e9fono Gratuito Bankia<\/a><\/li><\/ul><\/div> <\/div><\/p>\n","protected":false},"excerpt":{"rendered":"<p>Bankia presenta una pluralidad de m\u00e9todos, completamente gratuitos, a fin de que pueda tener la informaci\u00f3n precisa sobre la compa\u00f1\u00eda, de manera f\u00e1cil y sencilla. Ser\u00e1 informado por la persona que le atienda sobre todo lo que desee saber de su seguro de decesos y, los servicios con relaci\u00f3n al entierro, como los traslados, tr\u00e1mites,&hellip; <\/p>\n","protected":false},"author":1,"featured_media":0,"parent":509,"menu_order":0,"comment_status":"closed","ping_status":"closed","template":"single.php","meta":{"footnotes":""},"class_list":["post-15332","page","type-page","status-publish","hentry"],"yoast_head":"<!-- This site is optimized with the Yoast SEO plugin v27.3 - https:\/\/yoast.com\/product\/yoast-seo-wordpress\/ -->\n<title>Tel\u00e9fono Gratuito Bankia \u25b7Atenci\u00f3n Cliente, Email, RRSS, Web<\/title>\n<meta name=\"description\" content=\"Busca aqu\u00ed\u3010Bankia seguros tel\u00e9fono gratuito\u3011Bankia Decesos tel\u00e9fono gratis: atenci\u00f3n al cliente y contrataciones \u2611\ufe0fVerificado en 2026\" \/>\n<meta name=\"robots\" content=\"index, follow, max-snippet:-1, max-image-preview:large, max-video-preview:-1\" \/>\n<link rel=\"canonical\" href=\"https:\/\/idecesos.com\/seguros\/companias\/bankia\/telefono\/\" \/>\n<meta property=\"og:locale\" content=\"es_ES\" \/>\n<meta property=\"og:type\" content=\"article\" \/>\n<meta property=\"og:title\" content=\"Tel\u00e9fono Gratuito Bankia \u25b7Atenci\u00f3n Cliente, Email, RRSS, Web\" \/>\n<meta property=\"og:description\" content=\"Busca aqu\u00ed\u3010Bankia seguros tel\u00e9fono gratuito\u3011Bankia Decesos tel\u00e9fono gratis: atenci\u00f3n al cliente y contrataciones \u2611\ufe0fVerificado en 2026\" \/>\n<meta property=\"og:url\" content=\"https:\/\/idecesos.com\/seguros\/companias\/bankia\/telefono\/\" \/>\n<meta property=\"article:modified_time\" content=\"2022-04-03T18:43:14+00:00\" \/>\n<meta name=\"twitter:card\" content=\"summary_large_image\" \/>\n<meta name=\"twitter:label1\" content=\"Tiempo de lectura\" \/>\n\t<meta name=\"twitter:data1\" content=\"4 minutos\" \/>\n<script type=\"application\/ld+json\" class=\"yoast-schema-graph\">{\"@context\":\"https:\\\/\\\/schema.org\",\"@graph\":[{\"@type\":\"WebPage\",\"@id\":\"https:\\\/\\\/idecesos.com\\\/seguros\\\/companias\\\/bankia\\\/telefono\\\/\",\"url\":\"https:\\\/\\\/idecesos.com\\\/seguros\\\/companias\\\/bankia\\\/telefono\\\/\",\"name\":\"Tel\u00e9fono Gratuito Bankia \u25b7Atenci\u00f3n Cliente, Email, RRSS, Web\",\"isPartOf\":{\"@id\":\"https:\\\/\\\/idecesos.com\\\/seguros\\\/#website\"},\"datePublished\":\"2021-11-25T10:10:29+00:00\",\"dateModified\":\"2022-04-03T18:43:14+00:00\",\"description\":\"Busca aqu\u00ed\u3010Bankia seguros tel\u00e9fono gratuito\u3011Bankia Decesos tel\u00e9fono gratis: atenci\u00f3n al cliente y contrataciones \u2611\ufe0fVerificado en 2026\",\"breadcrumb\":{\"@id\":\"https:\\\/\\\/idecesos.com\\\/seguros\\\/companias\\\/bankia\\\/telefono\\\/#breadcrumb\"},\"inLanguage\":\"es\",\"potentialAction\":[{\"@type\":\"ReadAction\",\"target\":[\"https:\\\/\\\/idecesos.com\\\/seguros\\\/companias\\\/bankia\\\/telefono\\\/\"]}]},{\"@type\":\"BreadcrumbList\",\"@id\":\"https:\\\/\\\/idecesos.com\\\/seguros\\\/companias\\\/bankia\\\/telefono\\\/#breadcrumb\",\"itemListElement\":[{\"@type\":\"ListItem\",\"position\":1,\"name\":\"Portada\",\"item\":\"https:\\\/\\\/idecesos.com\\\/seguros\\\/\"},{\"@type\":\"ListItem\",\"position\":2,\"name\":\"Compa\u00f1\u00edas de Seguros de Decesos en Espa\u00f1a\",\"item\":\"https:\\\/\\\/idecesos.com\\\/seguros\\\/companias\\\/\"},{\"@type\":\"ListItem\",\"position\":3,\"name\":\"Seguro de decesos Bankia\",\"item\":\"https:\\\/\\\/idecesos.com\\\/seguros\\\/companias\\\/bankia\\\/\"},{\"@type\":\"ListItem\",\"position\":4,\"name\":\"Atenci\u00f3n al cliente Bankia: telefono gratuito, e-mail\"}]},{\"@type\":\"WebSite\",\"@id\":\"https:\\\/\\\/idecesos.com\\\/seguros\\\/#website\",\"url\":\"https:\\\/\\\/idecesos.com\\\/seguros\\\/\",\"name\":\"\",\"description\":\"\",\"potentialAction\":[{\"@type\":\"SearchAction\",\"target\":{\"@type\":\"EntryPoint\",\"urlTemplate\":\"https:\\\/\\\/idecesos.com\\\/seguros\\\/?s={search_term_string}\"},\"query-input\":{\"@type\":\"PropertyValueSpecification\",\"valueRequired\":true,\"valueName\":\"search_term_string\"}}],\"inLanguage\":\"es\"}]}<\/script>\n<!-- \/ Yoast SEO plugin. -->","yoast_head_json":{"title":"Tel\u00e9fono Gratuito Bankia \u25b7Atenci\u00f3n Cliente, Email, RRSS, Web","description":"Busca aqu\u00ed\u3010Bankia seguros tel\u00e9fono gratuito\u3011Bankia Decesos tel\u00e9fono gratis: atenci\u00f3n al cliente y contrataciones \u2611\ufe0fVerificado en 2026","robots":{"index":"index","follow":"follow","max-snippet":"max-snippet:-1","max-image-preview":"max-image-preview:large","max-video-preview":"max-video-preview:-1"},"canonical":"https:\/\/idecesos.com\/seguros\/companias\/bankia\/telefono\/","og_locale":"es_ES","og_type":"article","og_title":"Tel\u00e9fono Gratuito Bankia \u25b7Atenci\u00f3n Cliente, Email, RRSS, Web","og_description":"Busca aqu\u00ed\u3010Bankia seguros tel\u00e9fono gratuito\u3011Bankia Decesos tel\u00e9fono gratis: atenci\u00f3n al cliente y contrataciones \u2611\ufe0fVerificado en 2026","og_url":"https:\/\/idecesos.com\/seguros\/companias\/bankia\/telefono\/","article_modified_time":"2022-04-03T18:43:14+00:00","twitter_card":"summary_large_image","twitter_misc":{"Tiempo de lectura":"4 minutos"},"schema":{"@context":"https:\/\/schema.org","@graph":[{"@type":"WebPage","@id":"https:\/\/idecesos.com\/seguros\/companias\/bankia\/telefono\/","url":"https:\/\/idecesos.com\/seguros\/companias\/bankia\/telefono\/","name":"Tel\u00e9fono Gratuito Bankia \u25b7Atenci\u00f3n Cliente, Email, RRSS, Web","isPartOf":{"@id":"https:\/\/idecesos.com\/seguros\/#website"},"datePublished":"2021-11-25T10:10:29+00:00","dateModified":"2022-04-03T18:43:14+00:00","description":"Busca aqu\u00ed\u3010Bankia seguros tel\u00e9fono gratuito\u3011Bankia Decesos tel\u00e9fono gratis: atenci\u00f3n al cliente y contrataciones \u2611\ufe0fVerificado en 2026","breadcrumb":{"@id":"https:\/\/idecesos.com\/seguros\/companias\/bankia\/telefono\/#breadcrumb"},"inLanguage":"es","potentialAction":[{"@type":"ReadAction","target":["https:\/\/idecesos.com\/seguros\/companias\/bankia\/telefono\/"]}]},{"@type":"BreadcrumbList","@id":"https:\/\/idecesos.com\/seguros\/companias\/bankia\/telefono\/#breadcrumb","itemListElement":[{"@type":"ListItem","position":1,"name":"Portada","item":"https:\/\/idecesos.com\/seguros\/"},{"@type":"ListItem","position":2,"name":"Compa\u00f1\u00edas de Seguros de Decesos en Espa\u00f1a","item":"https:\/\/idecesos.com\/seguros\/companias\/"},{"@type":"ListItem","position":3,"name":"Seguro de decesos Bankia","item":"https:\/\/idecesos.com\/seguros\/companias\/bankia\/"},{"@type":"ListItem","position":4,"name":"Atenci\u00f3n al cliente Bankia: telefono gratuito, e-mail"}]},{"@type":"WebSite","@id":"https:\/\/idecesos.com\/seguros\/#website","url":"https:\/\/idecesos.com\/seguros\/","name":"","description":"","potentialAction":[{"@type":"SearchAction","target":{"@type":"EntryPoint","urlTemplate":"https:\/\/idecesos.com\/seguros\/?s={search_term_string}"},"query-input":{"@type":"PropertyValueSpecification","valueRequired":true,"valueName":"search_term_string"}}],"inLanguage":"es"}]}},"_links":{"self":[{"href":"https:\/\/idecesos.com\/seguros\/wp-json\/wp\/v2\/pages\/15332","targetHints":{"allow":["GET"]}}],"collection":[{"href":"https:\/\/idecesos.com\/seguros\/wp-json\/wp\/v2\/pages"}],"about":[{"href":"https:\/\/idecesos.com\/seguros\/wp-json\/wp\/v2\/types\/page"}],"author":[{"embeddable":true,"href":"https:\/\/idecesos.com\/seguros\/wp-json\/wp\/v2\/users\/1"}],"replies":[{"embeddable":true,"href":"https:\/\/idecesos.com\/seguros\/wp-json\/wp\/v2\/comments?post=15332"}],"version-history":[{"count":10,"href":"https:\/\/idecesos.com\/seguros\/wp-json\/wp\/v2\/pages\/15332\/revisions"}],"predecessor-version":[{"id":20935,"href":"https:\/\/idecesos.com\/seguros\/wp-json\/wp\/v2\/pages\/15332\/revisions\/20935"}],"up":[{"embeddable":true,"href":"https:\/\/idecesos.com\/seguros\/wp-json\/wp\/v2\/pages\/509"}],"wp:attachment":[{"href":"https:\/\/idecesos.com\/seguros\/wp-json\/wp\/v2\/media?parent=15332"}],"curies":[{"name":"wp","href":"https:\/\/api.w.org\/{rel}","templated":true}]}}