{"id":15335,"date":"2021-11-26T09:12:34","date_gmt":"2021-11-25T10:10:30","guid":{"rendered":"https:\/\/idecesos.com\/seguros\/companias\/cetelem\/telefono\/"},"modified":"2022-04-05T09:50:47","modified_gmt":"2022-04-05T09:50:47","slug":"telefono","status":"publish","type":"page","link":"https:\/\/idecesos.com\/seguros\/companias\/cetelem\/telefono\/","title":{"rendered":"Atenci\u00f3n al cliente Cetelem: telefono gratuito, e-mail"},"content":{"rendered":"<div id=\"ez-toc-container\" class=\"ez-toc-v2_0_82_2 ez-toc-wrap-center counter-hierarchy ez-toc-counter ez-toc-custom ez-toc-container-direction\">\n<div class=\"ez-toc-title-container\">\n<p class=\"ez-toc-title\" style=\"cursor:inherit\">Tabla de Contenido<\/p>\n<span class=\"ez-toc-title-toggle\"><a href=\"#\" class=\"ez-toc-pull-right ez-toc-btn ez-toc-btn-xs ez-toc-btn-default ez-toc-toggle\" aria-label=\"Alternar tabla de contenidos\"><span class=\"ez-toc-js-icon-con\"><span class=\"\"><span class=\"eztoc-hide\" style=\"display:none;\">Toggle<\/span><span class=\"ez-toc-icon-toggle-span\"><svg style=\"fill: #db6415;color:#db6415\" xmlns=\"http:\/\/www.w3.org\/2000\/svg\" class=\"list-377408\" width=\"20px\" height=\"20px\" viewBox=\"0 0 24 24\" fill=\"none\"><path d=\"M6 6H4v2h2V6zm14 0H8v2h12V6zM4 11h2v2H4v-2zm16 0H8v2h12v-2zM4 16h2v2H4v-2zm16 0H8v2h12v-2z\" fill=\"currentColor\"><\/path><\/svg><svg style=\"fill: #db6415;color:#db6415\" class=\"arrow-unsorted-368013\" xmlns=\"http:\/\/www.w3.org\/2000\/svg\" width=\"10px\" height=\"10px\" viewBox=\"0 0 24 24\" version=\"1.2\" baseProfile=\"tiny\"><path d=\"M18.2 9.3l-6.2-6.3-6.2 6.3c-.2.2-.3.4-.3.7s.1.5.3.7c.2.2.4.3.7.3h11c.3 0 .5-.1.7-.3.2-.2.3-.5.3-.7s-.1-.5-.3-.7zM5.8 14.7l6.2 6.3 6.2-6.3c.2-.2.3-.5.3-.7s-.1-.5-.3-.7c-.2-.2-.4-.3-.7-.3h-11c-.3 0-.5.1-.7.3-.2.2-.3.5-.3.7s.1.5.3.7z\"\/><\/svg><\/span><\/span><\/span><\/a><\/span><\/div>\n<nav><ul class='ez-toc-list ez-toc-list-level-1 ' ><ul class='ez-toc-list-level-4' ><li class='ez-toc-heading-level-4'><ul class='ez-toc-list-level-4' ><li class='ez-toc-heading-level-4'><a class=\"ez-toc-link ez-toc-heading-1\" href=\"https:\/\/idecesos.com\/seguros\/companias\/cetelem\/telefono\/#Telefono_Contrataciones_951_127_403\" >Tel\u00e9fono Contrataciones \n951 127 403<\/a><\/li><\/ul><\/li><\/ul><\/li><li class='ez-toc-page-1 ez-toc-heading-level-2'><a class=\"ez-toc-link ez-toc-heading-2\" href=\"https:\/\/idecesos.com\/seguros\/companias\/cetelem\/telefono\/#%C2%BFComo_contactar_con_Cetelem\" >\u00bfC\u00f3mo contactar con Cetelem?<\/a><ul class='ez-toc-list-level-3' ><li class='ez-toc-heading-level-3'><a class=\"ez-toc-link ez-toc-heading-3\" href=\"https:\/\/idecesos.com\/seguros\/companias\/cetelem\/telefono\/#Telefono_gratuito_de_Cetelem\" >Tel\u00e9fono gratuito de Cetelem<\/a><\/li><li class='ez-toc-page-1 ez-toc-heading-level-3'><a class=\"ez-toc-link ez-toc-heading-4\" href=\"https:\/\/idecesos.com\/seguros\/companias\/cetelem\/telefono\/#Horario_de_atencion_al_cliente_de_Cetelem\" >Horario de atenci\u00f3n al cliente de Cetelem<\/a><\/li><li class='ez-toc-page-1 ez-toc-heading-level-3'><a class=\"ez-toc-link ez-toc-heading-5\" href=\"https:\/\/idecesos.com\/seguros\/companias\/cetelem\/telefono\/#Correo_electronico_de_Cetelem\" >Correo electr\u00f3nico de Cetelem<\/a><\/li><li class='ez-toc-page-1 ez-toc-heading-level-3'><a class=\"ez-toc-link ez-toc-heading-6\" href=\"https:\/\/idecesos.com\/seguros\/companias\/cetelem\/telefono\/#Formulario_en_el_sitio_Web_de_Cetelem\" >Formulario en el sitio Web de Cetelem<\/a><\/li><li class='ez-toc-page-1 ez-toc-heading-level-3'><a class=\"ez-toc-link ez-toc-heading-7\" href=\"https:\/\/idecesos.com\/seguros\/companias\/cetelem\/telefono\/#Redes_sociales_de_Cetelem\" >Redes sociales de Cetelem<\/a><\/li><li class='ez-toc-page-1 ez-toc-heading-level-3'><a class=\"ez-toc-link ez-toc-heading-8\" href=\"https:\/\/idecesos.com\/seguros\/companias\/cetelem\/telefono\/#Paginas_relacionadas\" >P\u00e1ginas relacionadas<\/a><\/li><\/ul><\/li><\/ul><\/nav><\/div>\n\n<div class=\"caja\">\n<div class=\"cajaIcono2 \"  ><div class=\"cuadro\" style=\"box-shadow: inset 0 0 0 3px #ff790e\"><div class=\"iconoCircular\" style=\"border: 3px solid #ff790e\">\t\t\n\t\t\t\t\t<div class=\"iconoCirculo\">\n\t\t\t\t\t  <i class=\"fas fa-phone-volume\"><\/i>\n\t\t\t\t\t<\/div>\n\t\t\t\t<\/div><div class=\"\">\n<h4 style=\"text-align: center;\"><span class=\"ez-toc-section\" id=\"Telefono_Contrataciones_951_127_403\"><\/span><strong>Tel\u00e9fono Contrataciones<br \/>\n951 127 403<\/strong><span class=\"ez-toc-section-end\"><\/span><\/h4>\n<p><\/div><\/div><\/div><br \/>\nCetelem dispone de un horario de atenci\u00f3n al usuario y, en las horas estimadas, le atender\u00e1 un profesional para facilitarle la informaci\u00f3n necesaria sobre su seguro de decesos y aspectos como la ayuda sicol\u00f3gica que requiera, la libre elecci\u00f3n del camposanto donde el asegurado quiera ser inhumado, la gesti\u00f3n sobre la tramitaci\u00f3n funeraria, el servicio f\u00fanebre y de testamento, la corona floral que quiera elegir, el tanatorio que desee, los gastos de ata\u00fad y sanitarios, la cobertura de traslado tanto nacional como internacional del fallecido, en accidentes y del seguro bucal, la posibilidad que tiene de conservar el ADN, la orientaci\u00f3n m\u00e9dica telef\u00f3nica libre veinticuatro horas y muchos otros m\u00e1s. Los agentes de Cetelem simpatizan con los familiares cuando llegue el momento a fin de que pueda estar tranquilo y pueda encargarse de lo realmente importante, su ser querido. Sus expertos tratar\u00e1n su situaci\u00f3n con toda la profesionalidad y delicadez que merecen.<br \/>\n<\/div><\/p>\n<div class=\"colorf \"  ><div class=\"container clearfix\"><div class=\"col-md-7\"><\/p>\n<h2><span class=\"ez-toc-section\" id=\"%C2%BFComo_contactar_con_Cetelem\"><\/span>\u00bfC\u00f3mo contactar con Cetelem?<span class=\"ez-toc-section-end\"><\/span><\/h2>\n<p>Cetelem tiene libre los siguientes m\u00e9todos para poder contactar de forma gratuita: tel\u00e9fono de contacto, formulario en su p\u00e1gina web, correo electr\u00f3nico y redes sociales.<br \/>\n<\/div><\/div><\/div>\n<h3><span class=\"ez-toc-section\" id=\"Telefono_gratuito_de_Cetelem\"><\/span>Tel\u00e9fono gratuito de Cetelem<span class=\"ez-toc-section-end\"><\/span><\/h3>\n<p>Para facilitar respuestas a dudas, cuestiones, asesoramiento, etc. Respecto a su seguro decesos, es muy importante conocer el tel\u00e9fono de contacto que brinda para poder establecer un v\u00ednculo con el usuario. Se podr\u00eda decir que, es el m\u00e9todo menos complejo y m\u00e1s simple para realizar una buena y pr\u00f3xima conversaci\u00f3n con el consultor y poder esclarecer todas las cuestiones. Con el pr\u00f3ximo tel\u00e9fono <strong>917 909 790<\/strong> no tendr\u00e1s que moverte de donde est\u00e9s para poder realizar la llamada y hablar con alg\u00fan miembro de Cetelem r\u00e1pida y gratuitamente.<br \/>\n<div class=\"colorf\"><div class=\"container clearfix\"><div class=\"col-md-7\"><\/p>\n<div class=\"cabecera_tabla_ajustada \"  style=\"width:80%\" ><div class=\"row\"><\/div>\n<div class=\"fila_tabla4 \"  ><div class=\"row\"><div class=\"col-8 nosepara izq\"><p><strong>Tel\u00e9fono para contrataciones<\/strong><\/p><\/div><div class=\"col-4 nosepara centro\">951 127 403<\/div><\/div><\/div>\n<div class=\"pie_tabla \"  ><div class=\"row\"><div class=\"col-12 \"><\/div><\/div><\/div><\/div>\n<\/div><\/div><\/div>\n<h3><span class=\"ez-toc-section\" id=\"Horario_de_atencion_al_cliente_de_Cetelem\"><\/span>Horario de atenci\u00f3n al cliente de Cetelem<span class=\"ez-toc-section-end\"><\/span><\/h3>\n<p>Para que pueda contactar con la compa\u00f1\u00eda a lo largo de diferentes horas durante el d\u00eda, Cetelem ha creado un horario, de ma\u00f1ana y tarde, para que pueda hacerlo, puesto que no tiene conocimiento sobre el tiempo libre del usuario. Se le atender\u00e1 con la mayor sabidur\u00eda, confianza y experiencia posible a fin de que el usuario quede satisfecho. El contacto con la compa\u00f1\u00eda es m\u00e1s directo usando este procedimiento. El especialista le responder\u00e1 a cada una de las preguntas que le vayan brotando en el mismo instante, aparte de las que ya ten\u00eda preparadas. El horario de atenci\u00f3n al usuario que brinda Cetelem es: <strong>horario Cetelem<\/strong><br \/>\n<div class=\"colorf\"><div class=\"container clearfix\"><div class=\"col-md-7\"><\/p>\n<h3><span class=\"ez-toc-section\" id=\"Correo_electronico_de_Cetelem\"><\/span>Correo electr\u00f3nico de Cetelem<span class=\"ez-toc-section-end\"><\/span><\/h3>\n<p>Actualmente, las tecnolog\u00edas est\u00e1n avanzados a pasos agigantados y el planeta las ha seguido sin mirar atr\u00e1s. Internet forma parte de la vida de la enorme mayor\u00eda de las personas del planeta, con lo que disponen de perfiles en Hotmail, Gmail\u2026 Plataformas necesarias para el env\u00edo y recibo de informaci\u00f3n, sin tener la necesidad de desplazarse del lugar, puesto que, pr\u00e1cticamente todo, est\u00e1 digitalizado. Teniendo en cuenta todos estos aspectos, Cetelem ofrece su propio mail <b>SAC-quejasyreclamaciones@cetelem.es <\/b>a fin de que puedas contactar con ellos. Podr\u00e1 enviar a esta direcci\u00f3n cualquier cuesti\u00f3n, pregunta, duda o bien inquietud que le parezca sobre su seguro de decesos. La contestaci\u00f3n que obtenga va a ser minuciosamente estudiada y preparada por uno de los especialistas.<br \/>\n<\/div><\/div><\/div><\/p>\n<h3><span class=\"ez-toc-section\" id=\"Formulario_en_el_sitio_Web_de_Cetelem\"><\/span>Formulario en el sitio Web de Cetelem<span class=\"ez-toc-section-end\"><\/span><\/h3>\n<p>Un buscador de internet, en la actualidad, es la herramienta m\u00e1s usada por el mundo. Esto se debe a su simple forma de utilizaci\u00f3n. Con tan solo poner una palabra tienes a tu disposici\u00f3n miles y miles de resultados. Con solo poner en su terminal <strong>www.cetelem.es\/<\/strong> hallar\u00e1 el sitio web de Cetelem. En esta p\u00e1gina encontrar\u00e1 toda la informaci\u00f3n que est\u00e1 buscando sobre el seguro de decesos de Cetelem donde podr\u00e1 ver los servicios, precios, ventajas&#8230; que ofrecen a fin de que se pueda hacer una idea. Se le facilita un formulario que puede rellenar, completando los distintos campos: nombre y apellidos, e mail, tel\u00e9fono de contacto, etc\u00e9teraUna vez mandado, un agente experto se va a poner nuevamente en contacto con resolviendo todas y cada una de las preguntas o bien cuestiones que usted le haya formulado.<br \/>\n<div class=\"colorf\"><div class=\"container clearfix\"><div class=\"col-md-7\"><\/p>\n<h3><span class=\"ez-toc-section\" id=\"Redes_sociales_de_Cetelem\"><\/span>Redes sociales de Cetelem<span class=\"ez-toc-section-end\"><\/span><\/h3>\n<p>Redes sociales como Twitter, Instagram, Fb o bien TikTok se han convertido en uno de los primordiales medios de las personas, es precisamente por esto que es una de las herramientas con mayor alcance y difusi\u00f3n que existen hoy en d\u00eda. Es normal que cada persona est\u00e9 registrado en alguna de estas apps si no es en las cuatro. Cetelem tiene una cuenta propia en alguna de estas redes sociales. En cada uno de ellos vas a poder hallar informaci\u00f3n sobre qui\u00e9nes son, ofertas libres que lanzan, la localizaci\u00f3n exacta de su sede central, enlace a su p\u00e1gina, im\u00e1genes, etc\u00e9teraEn ciertas redes sociales puedes contactar con Cetelem a fin de que de esta manera puedas mantener el contacto con ellos sin buscar ning\u00fan tel\u00e9fono o bien correo electr\u00f3nico.<br \/>\n<\/div><\/div><\/div><\/p>\n<\/div>\n<p><div class=\"oficinas\"> <h3><span class=\"ez-toc-section\" id=\"Paginas_relacionadas\"><\/span>P\u00e1ginas relacionadas<span class=\"ez-toc-section-end\"><\/span><\/h3><div class=\"enlazado\"><ul> <li><a href=\"https:\/\/idecesos.com\/seguros\/companias\/cetelem\/opiniones\/\">Opiniones Cetelem<\/a><\/li> <li><a href=\"https:\/\/idecesos.com\/seguros\/companias\/cetelem\/precio\/\">Precio seguro Cetelem<\/a><\/li> <li><a href=\"https:\/\/idecesos.com\/seguros\/companias\/cetelem\/prima-mixta\/\">Cetelem Prima Mixta<\/a><\/li> <li><a href=\"https:\/\/idecesos.com\/seguros\/companias\/cetelem\/prima-natural\/\">Cetelem Prima Natural<\/a><\/li> <li><a href=\"https:\/\/idecesos.com\/seguros\/companias\/cetelem\/prima-nivelada\/\">Cetelem Prima Nivelada<\/a><\/li> <li><a href=\"https:\/\/idecesos.com\/seguros\/companias\/cetelem\/prima-unica\/\">Cetelem Prima \u00danica<\/a><\/li> <li><a href=\"https:\/\/idecesos.com\/seguros\/companias\/cetelem\/repatriacion\/\">Cetelem Repatriaci\u00f3n<\/a><\/li> <li><a href=\"https:\/\/idecesos.com\/seguros\/companias\/cetelem\/telefono\/\">Tel\u00e9fono Gratuito Cetelem<\/a><\/li><\/ul><\/div> <\/div><\/p>\n","protected":false},"excerpt":{"rendered":"<p>Cetelem dispone de un horario de atenci\u00f3n al usuario y, en las horas estimadas, le atender\u00e1 un profesional para facilitarle la informaci\u00f3n necesaria sobre su seguro de decesos y aspectos como la ayuda sicol\u00f3gica que requiera, la libre elecci\u00f3n del camposanto donde el asegurado quiera ser inhumado, la gesti\u00f3n sobre la tramitaci\u00f3n funeraria, el servicio&hellip; <\/p>\n","protected":false},"author":1,"featured_media":0,"parent":619,"menu_order":0,"comment_status":"closed","ping_status":"closed","template":"single.php","meta":{"footnotes":""},"class_list":["post-15335","page","type-page","status-publish","hentry"],"yoast_head":"<!-- This site is optimized with the Yoast SEO plugin v27.4 - https:\/\/yoast.com\/product\/yoast-seo-wordpress\/ -->\n<title>Tel\u00e9fono Gratuito Cetelem \u25b7Atenci\u00f3n Cliente, Email, RRSS, Web<\/title>\n<meta name=\"description\" content=\"Busca aqu\u00ed\u3010Cetelem seguros tel\u00e9fono gratuito\u3011Cetelem Decesos tel\u00e9fono gratis: atenci\u00f3n al cliente y contrataciones \u2611\ufe0fVerificado en 2026\" \/>\n<meta name=\"robots\" content=\"index, follow, max-snippet:-1, max-image-preview:large, max-video-preview:-1\" \/>\n<link rel=\"canonical\" href=\"https:\/\/idecesos.com\/seguros\/companias\/cetelem\/telefono\/\" \/>\n<meta property=\"og:locale\" content=\"es_ES\" \/>\n<meta property=\"og:type\" content=\"article\" \/>\n<meta property=\"og:title\" content=\"Tel\u00e9fono Gratuito Cetelem \u25b7Atenci\u00f3n Cliente, Email, RRSS, Web\" \/>\n<meta property=\"og:description\" content=\"Busca aqu\u00ed\u3010Cetelem seguros tel\u00e9fono gratuito\u3011Cetelem Decesos tel\u00e9fono gratis: atenci\u00f3n al cliente y contrataciones \u2611\ufe0fVerificado en 2026\" \/>\n<meta property=\"og:url\" content=\"https:\/\/idecesos.com\/seguros\/companias\/cetelem\/telefono\/\" \/>\n<meta property=\"article:modified_time\" content=\"2022-04-05T09:50:47+00:00\" \/>\n<meta name=\"twitter:card\" content=\"summary_large_image\" \/>\n<meta name=\"twitter:label1\" content=\"Tiempo de lectura\" \/>\n\t<meta name=\"twitter:data1\" content=\"4 minutos\" \/>\n<script type=\"application\/ld+json\" class=\"yoast-schema-graph\">{\"@context\":\"https:\\\/\\\/schema.org\",\"@graph\":[{\"@type\":\"WebPage\",\"@id\":\"https:\\\/\\\/idecesos.com\\\/seguros\\\/companias\\\/cetelem\\\/telefono\\\/\",\"url\":\"https:\\\/\\\/idecesos.com\\\/seguros\\\/companias\\\/cetelem\\\/telefono\\\/\",\"name\":\"Tel\u00e9fono Gratuito Cetelem \u25b7Atenci\u00f3n Cliente, Email, RRSS, Web\",\"isPartOf\":{\"@id\":\"https:\\\/\\\/idecesos.com\\\/seguros\\\/#website\"},\"datePublished\":\"2021-11-25T10:10:30+00:00\",\"dateModified\":\"2022-04-05T09:50:47+00:00\",\"description\":\"Busca aqu\u00ed\u3010Cetelem seguros tel\u00e9fono gratuito\u3011Cetelem Decesos tel\u00e9fono gratis: atenci\u00f3n al cliente y contrataciones \u2611\ufe0fVerificado en 2026\",\"breadcrumb\":{\"@id\":\"https:\\\/\\\/idecesos.com\\\/seguros\\\/companias\\\/cetelem\\\/telefono\\\/#breadcrumb\"},\"inLanguage\":\"es\",\"potentialAction\":[{\"@type\":\"ReadAction\",\"target\":[\"https:\\\/\\\/idecesos.com\\\/seguros\\\/companias\\\/cetelem\\\/telefono\\\/\"]}]},{\"@type\":\"BreadcrumbList\",\"@id\":\"https:\\\/\\\/idecesos.com\\\/seguros\\\/companias\\\/cetelem\\\/telefono\\\/#breadcrumb\",\"itemListElement\":[{\"@type\":\"ListItem\",\"position\":1,\"name\":\"Portada\",\"item\":\"https:\\\/\\\/idecesos.com\\\/seguros\\\/\"},{\"@type\":\"ListItem\",\"position\":2,\"name\":\"Compa\u00f1\u00edas de Seguros de Decesos en Espa\u00f1a\",\"item\":\"https:\\\/\\\/idecesos.com\\\/seguros\\\/companias\\\/\"},{\"@type\":\"ListItem\",\"position\":3,\"name\":\"Seguro de decesos Cetelem\",\"item\":\"https:\\\/\\\/idecesos.com\\\/seguros\\\/companias\\\/cetelem\\\/\"},{\"@type\":\"ListItem\",\"position\":4,\"name\":\"Atenci\u00f3n al cliente Cetelem: telefono gratuito, e-mail\"}]},{\"@type\":\"WebSite\",\"@id\":\"https:\\\/\\\/idecesos.com\\\/seguros\\\/#website\",\"url\":\"https:\\\/\\\/idecesos.com\\\/seguros\\\/\",\"name\":\"\",\"description\":\"\",\"potentialAction\":[{\"@type\":\"SearchAction\",\"target\":{\"@type\":\"EntryPoint\",\"urlTemplate\":\"https:\\\/\\\/idecesos.com\\\/seguros\\\/?s={search_term_string}\"},\"query-input\":{\"@type\":\"PropertyValueSpecification\",\"valueRequired\":true,\"valueName\":\"search_term_string\"}}],\"inLanguage\":\"es\"}]}<\/script>\n<!-- \/ Yoast SEO plugin. -->","yoast_head_json":{"title":"Tel\u00e9fono Gratuito Cetelem \u25b7Atenci\u00f3n Cliente, Email, RRSS, Web","description":"Busca aqu\u00ed\u3010Cetelem seguros tel\u00e9fono gratuito\u3011Cetelem Decesos tel\u00e9fono gratis: atenci\u00f3n al cliente y contrataciones \u2611\ufe0fVerificado en 2026","robots":{"index":"index","follow":"follow","max-snippet":"max-snippet:-1","max-image-preview":"max-image-preview:large","max-video-preview":"max-video-preview:-1"},"canonical":"https:\/\/idecesos.com\/seguros\/companias\/cetelem\/telefono\/","og_locale":"es_ES","og_type":"article","og_title":"Tel\u00e9fono Gratuito Cetelem \u25b7Atenci\u00f3n Cliente, Email, RRSS, Web","og_description":"Busca aqu\u00ed\u3010Cetelem seguros tel\u00e9fono gratuito\u3011Cetelem Decesos tel\u00e9fono gratis: atenci\u00f3n al cliente y contrataciones \u2611\ufe0fVerificado en 2026","og_url":"https:\/\/idecesos.com\/seguros\/companias\/cetelem\/telefono\/","article_modified_time":"2022-04-05T09:50:47+00:00","twitter_card":"summary_large_image","twitter_misc":{"Tiempo de lectura":"4 minutos"},"schema":{"@context":"https:\/\/schema.org","@graph":[{"@type":"WebPage","@id":"https:\/\/idecesos.com\/seguros\/companias\/cetelem\/telefono\/","url":"https:\/\/idecesos.com\/seguros\/companias\/cetelem\/telefono\/","name":"Tel\u00e9fono Gratuito Cetelem \u25b7Atenci\u00f3n Cliente, Email, RRSS, Web","isPartOf":{"@id":"https:\/\/idecesos.com\/seguros\/#website"},"datePublished":"2021-11-25T10:10:30+00:00","dateModified":"2022-04-05T09:50:47+00:00","description":"Busca aqu\u00ed\u3010Cetelem seguros tel\u00e9fono gratuito\u3011Cetelem Decesos tel\u00e9fono gratis: atenci\u00f3n al cliente y contrataciones \u2611\ufe0fVerificado en 2026","breadcrumb":{"@id":"https:\/\/idecesos.com\/seguros\/companias\/cetelem\/telefono\/#breadcrumb"},"inLanguage":"es","potentialAction":[{"@type":"ReadAction","target":["https:\/\/idecesos.com\/seguros\/companias\/cetelem\/telefono\/"]}]},{"@type":"BreadcrumbList","@id":"https:\/\/idecesos.com\/seguros\/companias\/cetelem\/telefono\/#breadcrumb","itemListElement":[{"@type":"ListItem","position":1,"name":"Portada","item":"https:\/\/idecesos.com\/seguros\/"},{"@type":"ListItem","position":2,"name":"Compa\u00f1\u00edas de Seguros de Decesos en Espa\u00f1a","item":"https:\/\/idecesos.com\/seguros\/companias\/"},{"@type":"ListItem","position":3,"name":"Seguro de decesos Cetelem","item":"https:\/\/idecesos.com\/seguros\/companias\/cetelem\/"},{"@type":"ListItem","position":4,"name":"Atenci\u00f3n al cliente Cetelem: telefono gratuito, e-mail"}]},{"@type":"WebSite","@id":"https:\/\/idecesos.com\/seguros\/#website","url":"https:\/\/idecesos.com\/seguros\/","name":"","description":"","potentialAction":[{"@type":"SearchAction","target":{"@type":"EntryPoint","urlTemplate":"https:\/\/idecesos.com\/seguros\/?s={search_term_string}"},"query-input":{"@type":"PropertyValueSpecification","valueRequired":true,"valueName":"search_term_string"}}],"inLanguage":"es"}]}},"_links":{"self":[{"href":"https:\/\/idecesos.com\/seguros\/wp-json\/wp\/v2\/pages\/15335","targetHints":{"allow":["GET"]}}],"collection":[{"href":"https:\/\/idecesos.com\/seguros\/wp-json\/wp\/v2\/pages"}],"about":[{"href":"https:\/\/idecesos.com\/seguros\/wp-json\/wp\/v2\/types\/page"}],"author":[{"embeddable":true,"href":"https:\/\/idecesos.com\/seguros\/wp-json\/wp\/v2\/users\/1"}],"replies":[{"embeddable":true,"href":"https:\/\/idecesos.com\/seguros\/wp-json\/wp\/v2\/comments?post=15335"}],"version-history":[{"count":10,"href":"https:\/\/idecesos.com\/seguros\/wp-json\/wp\/v2\/pages\/15335\/revisions"}],"predecessor-version":[{"id":20967,"href":"https:\/\/idecesos.com\/seguros\/wp-json\/wp\/v2\/pages\/15335\/revisions\/20967"}],"up":[{"embeddable":true,"href":"https:\/\/idecesos.com\/seguros\/wp-json\/wp\/v2\/pages\/619"}],"wp:attachment":[{"href":"https:\/\/idecesos.com\/seguros\/wp-json\/wp\/v2\/media?parent=15335"}],"curies":[{"name":"wp","href":"https:\/\/api.w.org\/{rel}","templated":true}]}}