{"id":15338,"date":"2021-11-26T09:12:36","date_gmt":"2021-11-25T10:10:32","guid":{"rendered":"https:\/\/idecesos.com\/seguros\/companias\/umas\/telefono\/"},"modified":"2022-04-07T08:38:10","modified_gmt":"2022-04-07T08:38:10","slug":"telefono","status":"publish","type":"page","link":"https:\/\/idecesos.com\/seguros\/companias\/umas\/telefono\/","title":{"rendered":"Atenci\u00f3n al cliente UMAS: telefono gratuito, e-mail"},"content":{"rendered":"<div id=\"ez-toc-container\" class=\"ez-toc-v2_0_82_2 ez-toc-wrap-center counter-hierarchy ez-toc-counter ez-toc-custom ez-toc-container-direction\">\n<div class=\"ez-toc-title-container\">\n<p class=\"ez-toc-title\" style=\"cursor:inherit\">Tabla de Contenido<\/p>\n<span class=\"ez-toc-title-toggle\"><a href=\"#\" class=\"ez-toc-pull-right ez-toc-btn ez-toc-btn-xs ez-toc-btn-default ez-toc-toggle\" aria-label=\"Alternar tabla de contenidos\"><span class=\"ez-toc-js-icon-con\"><span class=\"\"><span class=\"eztoc-hide\" style=\"display:none;\">Toggle<\/span><span class=\"ez-toc-icon-toggle-span\"><svg style=\"fill: #db6415;color:#db6415\" xmlns=\"http:\/\/www.w3.org\/2000\/svg\" class=\"list-377408\" width=\"20px\" height=\"20px\" viewBox=\"0 0 24 24\" fill=\"none\"><path d=\"M6 6H4v2h2V6zm14 0H8v2h12V6zM4 11h2v2H4v-2zm16 0H8v2h12v-2zM4 16h2v2H4v-2zm16 0H8v2h12v-2z\" fill=\"currentColor\"><\/path><\/svg><svg style=\"fill: #db6415;color:#db6415\" class=\"arrow-unsorted-368013\" xmlns=\"http:\/\/www.w3.org\/2000\/svg\" width=\"10px\" height=\"10px\" viewBox=\"0 0 24 24\" version=\"1.2\" baseProfile=\"tiny\"><path d=\"M18.2 9.3l-6.2-6.3-6.2 6.3c-.2.2-.3.4-.3.7s.1.5.3.7c.2.2.4.3.7.3h11c.3 0 .5-.1.7-.3.2-.2.3-.5.3-.7s-.1-.5-.3-.7zM5.8 14.7l6.2 6.3 6.2-6.3c.2-.2.3-.5.3-.7s-.1-.5-.3-.7c-.2-.2-.4-.3-.7-.3h-11c-.3 0-.5.1-.7.3-.2.2-.3.5-.3.7s.1.5.3.7z\"\/><\/svg><\/span><\/span><\/span><\/a><\/span><\/div>\n<nav><ul class='ez-toc-list ez-toc-list-level-1 ' ><ul class='ez-toc-list-level-4' ><li class='ez-toc-heading-level-4'><ul class='ez-toc-list-level-4' ><li class='ez-toc-heading-level-4'><a class=\"ez-toc-link ez-toc-heading-1\" href=\"https:\/\/idecesos.com\/seguros\/companias\/umas\/telefono\/#Telefono_Contrataciones_951_127_403\" >Tel\u00e9fono Contrataciones \n951 127 403<\/a><\/li><\/ul><\/li><\/ul><\/li><li class='ez-toc-page-1 ez-toc-heading-level-2'><a class=\"ez-toc-link ez-toc-heading-2\" href=\"https:\/\/idecesos.com\/seguros\/companias\/umas\/telefono\/#%C2%BFComo_contactar_con_UMAS\" >\u00bfC\u00f3mo contactar con UMAS?<\/a><ul class='ez-toc-list-level-3' ><li class='ez-toc-heading-level-3'><a class=\"ez-toc-link ez-toc-heading-3\" href=\"https:\/\/idecesos.com\/seguros\/companias\/umas\/telefono\/#Telefono_gratuito_de_UMAS\" >Tel\u00e9fono gratuito de UMAS<\/a><\/li><li class='ez-toc-page-1 ez-toc-heading-level-3'><a class=\"ez-toc-link ez-toc-heading-4\" href=\"https:\/\/idecesos.com\/seguros\/companias\/umas\/telefono\/#Horario_de_atencion_al_cliente_de_UMAS\" >Horario de atenci\u00f3n al cliente de UMAS<\/a><\/li><li class='ez-toc-page-1 ez-toc-heading-level-3'><a class=\"ez-toc-link ez-toc-heading-5\" href=\"https:\/\/idecesos.com\/seguros\/companias\/umas\/telefono\/#Correo_electronico_de_UMAS\" >Correo electr\u00f3nico de UMAS<\/a><\/li><li class='ez-toc-page-1 ez-toc-heading-level-3'><a class=\"ez-toc-link ez-toc-heading-6\" href=\"https:\/\/idecesos.com\/seguros\/companias\/umas\/telefono\/#Formulario_en_el_sitio_Web_de_UMAS\" >Formulario en el sitio Web de UMAS<\/a><\/li><li class='ez-toc-page-1 ez-toc-heading-level-3'><a class=\"ez-toc-link ez-toc-heading-7\" href=\"https:\/\/idecesos.com\/seguros\/companias\/umas\/telefono\/#Redes_sociales_de_UMAS\" >Redes sociales de UMAS<\/a><\/li><li class='ez-toc-page-1 ez-toc-heading-level-3'><a class=\"ez-toc-link ez-toc-heading-8\" href=\"https:\/\/idecesos.com\/seguros\/companias\/umas\/telefono\/#Paginas_relacionadas\" >P\u00e1ginas relacionadas<\/a><\/li><\/ul><\/li><\/ul><\/nav><\/div>\n\n<div class=\"caja\">\n<div class=\"cajaIcono2 \"  ><div class=\"cuadro\" style=\"box-shadow: inset 0 0 0 3px #ff790e\"><div class=\"iconoCircular\" style=\"border: 3px solid #ff790e\">\t\t\n\t\t\t\t\t<div class=\"iconoCirculo\">\n\t\t\t\t\t  <i class=\"fas fa-phone-volume\"><\/i>\n\t\t\t\t\t<\/div>\n\t\t\t\t<\/div><div class=\"\">\n<h4 style=\"text-align: center;\"><span class=\"ez-toc-section\" id=\"Telefono_Contrataciones_951_127_403\"><\/span><strong>Tel\u00e9fono Contrataciones<br \/>\n951 127 403<\/strong><span class=\"ez-toc-section-end\"><\/span><\/h4>\n<p><\/div><\/div><\/div><br \/>\nUMAS dispone de un horario de atenci\u00f3n al usuario y, en las horas estimadas, le atender\u00e1 un profesional para facilitarle la informaci\u00f3n precisa sobre su seguro de decesos y aspectos como la ayuda sicol\u00f3gica que requiera, la libre elecci\u00f3n del cementerio donde el asegurado quiera ser inhumado, la administraci\u00f3n sobre la tramitaci\u00f3n funeraria, el servicio mortuorio y de testamento, la corona floral que desee seleccionar, el tanatorio que desee, los gastos de ata\u00fad y sanitarios, la cobertura de traslado tanto nacional como internacional del fallecido, en accidentes y del seguro bucal, la posibilidad que tiene de preservar el ADN, la orientaci\u00f3n m\u00e9dica telef\u00f3nica disponible 24 horas y otros muchos m\u00e1s. UMAS empatiza con los familiares cuando llegue el d\u00eda tan duro como es la p\u00e9rdida de un familiar y, es por ello que, todo estar\u00e1 gestionado y cerrado adecuadamente para esas datas. Los especialistas de UMAS van a tratar su situaci\u00f3n con toda la profesionalidad y respeto que merecen.<br \/>\n<\/div><\/p>\n<div class=\"colorf \"  ><div class=\"container clearfix\"><div class=\"col-md-7\"><\/p>\n<h2><span class=\"ez-toc-section\" id=\"%C2%BFComo_contactar_con_UMAS\"><\/span>\u00bfC\u00f3mo contactar con UMAS?<span class=\"ez-toc-section-end\"><\/span><\/h2>\n<p>Puede ponerse en contacto de manera gratuita con UMAS a trav\u00e9s de un tel\u00e9fono de contacto, que le atender\u00e1 en el horario libre de atenci\u00f3n al usuario, e-mail, formulario en p\u00e1gina web y redes sociales.<br \/>\n<\/div><\/div><\/div>\n<h3><span class=\"ez-toc-section\" id=\"Telefono_gratuito_de_UMAS\"><\/span>Tel\u00e9fono gratuito de UMAS<span class=\"ez-toc-section-end\"><\/span><\/h3>\n<p>Este es el tel\u00e9fono de contacto <strong>913 191 010<\/strong>. UMAS ha pensado en t\u00ed y en tu tiempo. Es precisamente por esto que te presta este servicio r\u00e1pido y eficiente donde sus agentes especialistas en estos temas te van a ayudar a solucionar tus dudas y cuestiones. La llamada no tiene ning\u00fan tipo de coste, el tiempo que transcurra desde el comienzo hasta el final no corre a cargo suya por lo que puedes estar totalmente tranquilo. La atenci\u00f3n al usuario experta en seguro de decesos de UMAS le atender\u00e1 para que pueda solucionar todas sus cuestiones y no le quede nada en el tintero.<br \/>\n<div class=\"colorf\"><div class=\"container clearfix\"><div class=\"col-md-7\"><\/p>\n<div class=\"cabecera_tabla_ajustada \"  style=\"width:80%\" ><div class=\"row\"><\/div>\n<p><div class=\"fila_tabla4 \"  ><div class=\"row\"><div class=\"col-8 nosepara izq\"><p><strong>Tel\u00e9fono para contrataciones<\/strong><\/p><\/div><div class=\"col-4 nosepara centro\">951 127 403<\/div><\/div><\/div><div class=\"fila_tabla4 \"  ><div class=\"row\"><div class=\"col-8 nosepara izq\"><p><strong>Asistencia 24 horas<\/strong><\/p><\/div><div class=\"col-4 nosepara centro\">900 171 010<\/div><\/div><\/div><\/p>\n<div class=\"pie_tabla \"  ><div class=\"row\"><div class=\"col-12 \"><\/div><\/div><\/div><\/div>\n<\/div><\/div><\/div>\n<h3><span class=\"ez-toc-section\" id=\"Horario_de_atencion_al_cliente_de_UMAS\"><\/span>Horario de atenci\u00f3n al cliente de UMAS<span class=\"ez-toc-section-end\"><\/span><\/h3>\n<p>UMAS tiene libre un horario de atenci\u00f3n al usuario para poder contestar r\u00e1pidamente. Una persona estar\u00e1 al otro lado del tel\u00e9fono siempre que realice una llamada, para de este modo poder ofrecerle la informaci\u00f3n que necesite o concertar cita con los especialistas. Coberturas, costes y todas y cada una de las cuestiones que desee saber sobre su seguro de decesos van a ser resueltas de forma que quede satisfecho con el trato ofrecido por la compa\u00f1\u00eda. Es un horario est\u00e1ndar <strong>horario UMAS<\/strong>, concebido para que el usuario tenga suficiente disponibilidad y tiempo libre durante el d\u00eda para poder efectuar la llamada.<br \/>\n<div class=\"colorf\"><div class=\"container clearfix\"><div class=\"col-md-7\"><\/p>\n<h3><span class=\"ez-toc-section\" id=\"Correo_electronico_de_UMAS\"><\/span>Correo electr\u00f3nico de UMAS<span class=\"ez-toc-section-end\"><\/span><\/h3>\n<p>Actualmente, el mundo est\u00e1 sumergido en la era de internet. Con el siguiente correo electr\u00f3nico <strong>umas@umas.es<\/strong>, va a poder ponerse en contacto con su aseguradora merced a su empleo de las nuevas tecnolog\u00edas l\u00edderes. La velocidad y sencillez de este servicio para recibir y mandar informaci\u00f3n hace que cualquier consulta que tenga sobre su seguro de decesos llegue a un profesional del sector. Este se pondr\u00e1 nuevamente en contacto con para resolverle sus dudas con un lenguaje claro y breve.<br \/>\n<\/div><\/div><\/div><\/p>\n<h3><span class=\"ez-toc-section\" id=\"Formulario_en_el_sitio_Web_de_UMAS\"><\/span>Formulario en el sitio Web de UMAS<span class=\"ez-toc-section-end\"><\/span><\/h3>\n<p>La mayor\u00eda de la poblaci\u00f3n tiene acceso a la plataforma con m\u00e1s repercusi\u00f3n, los buscadores de Internet. Escribiendo sobre tal buscador, descubrir\u00e1 un mundo lleno de contestaciones. UMAS le ofrece informaci\u00f3n sobre aspectos relacionados con su seguro de decesos como, por poner un ejemplo, los servicios que presentan, mediante su web. y, de este modo, disponer de los datos b\u00e1sicos para un futuro asesoramiento. En dependencia de las peculiaridades que desee conseguir, va a tener unas garant\u00edas o bien otras, ya que la informaci\u00f3n dada en la p\u00e1gina web es general. Su p\u00e1gina web es <strong>www.umas.es\/<\/strong>.<br \/>\n<div class=\"colorf\"><div class=\"container clearfix\"><div class=\"col-md-7\"><\/p>\n<h3><span class=\"ez-toc-section\" id=\"Redes_sociales_de_UMAS\"><\/span>Redes sociales de UMAS<span class=\"ez-toc-section-end\"><\/span><\/h3>\n<p>Las redes sociales con m\u00e1s importancia y difusi\u00f3n entre todas y cada una de las personas del mundo son: Twitter, Instagram y\/o Facebook. Al estar al corriente del gran impacto que tienen, UMAS dispone de un perfil en estas plataformas. Acceder a \u00e9l es sencill\u00edsimo, solo va a deber buscar el nombre de UMAS en dichas aplicaciones. Informaci\u00f3n esencial sobre su seguro de decesos como caracter\u00edsticas, ofertas o bien link a p\u00e1gina web es lo que hallar\u00e1 en el perfil de UMAS. Adem\u00e1s de esto, en algunas de las aplicaciones le ser\u00e1 posible ponerse en contacto con la compa\u00f1\u00eda si de este modo lo precisa.<br \/>\n<\/div><\/div><\/div><\/p>\n<\/div>\n<p><div class=\"oficinas\"> <h3><span class=\"ez-toc-section\" id=\"Paginas_relacionadas\"><\/span>P\u00e1ginas relacionadas<span class=\"ez-toc-section-end\"><\/span><\/h3><div class=\"enlazado\"><ul> <li><a href=\"https:\/\/idecesos.com\/seguros\/companias\/umas\/opiniones\/\">Opiniones UMAS<\/a><\/li> <li><a href=\"https:\/\/idecesos.com\/seguros\/companias\/umas\/precio\/\">Precio seguro UMAS<\/a><\/li> <li><a href=\"https:\/\/idecesos.com\/seguros\/companias\/umas\/prima-mixta\/\">UMAS Prima Mixta<\/a><\/li> <li><a href=\"https:\/\/idecesos.com\/seguros\/companias\/umas\/prima-natural\/\">UMAS Prima Natural<\/a><\/li> <li><a href=\"https:\/\/idecesos.com\/seguros\/companias\/umas\/prima-nivelada\/\">UMAS Prima Nivelada<\/a><\/li> <li><a href=\"https:\/\/idecesos.com\/seguros\/companias\/umas\/prima-unica\/\">UMAS Prima \u00danica<\/a><\/li> <li><a href=\"https:\/\/idecesos.com\/seguros\/companias\/umas\/repatriacion\/\">UMAS Repatriaci\u00f3n<\/a><\/li> <li><a href=\"https:\/\/idecesos.com\/seguros\/companias\/umas\/telefono\/\">Tel\u00e9fono Gratuito UMAS<\/a><\/li>                                                                                                                                                                                                                                                                                                                                                                                                                                                                                                                                                                                                                                                                                                                                                                                                                                                                                                                                                                                                                                                                                                                                                                                                                                                                                                                                                                                                                                                                                                                                                                                                                                                                                                                                                                                                                                                                                                                                                                                                                                                                                                                                                                                                                                                                                                                                                                                                                                                                                                                                                                                                                                                                                                                                                                                                                                                                                                                                                                                                                                                                                                                              <\/ul><\/div> <\/div><\/p>\n","protected":false},"excerpt":{"rendered":"<p>UMAS dispone de un horario de atenci\u00f3n al usuario y, en las horas estimadas, le atender\u00e1 un profesional para facilitarle la informaci\u00f3n precisa sobre su seguro de decesos y aspectos como la ayuda sicol\u00f3gica que requiera, la libre elecci\u00f3n del cementerio donde el asegurado quiera ser inhumado, la administraci\u00f3n sobre la tramitaci\u00f3n funeraria, el servicio&hellip; <\/p>\n","protected":false},"author":1,"featured_media":0,"parent":845,"menu_order":0,"comment_status":"closed","ping_status":"closed","template":"single.php","meta":{"footnotes":""},"class_list":["post-15338","page","type-page","status-publish","hentry"],"yoast_head":"<!-- This site is optimized with the Yoast SEO plugin v27.3 - https:\/\/yoast.com\/product\/yoast-seo-wordpress\/ -->\n<title>Tel\u00e9fono Gratuito UMAS \u25b7Atenci\u00f3n Cliente, Email, RRSS, Web<\/title>\n<meta name=\"description\" content=\"Busca aqu\u00ed\u3010UMAS seguros tel\u00e9fono gratuito\u3011UMAS Decesos tel\u00e9fono gratis: atenci\u00f3n al cliente y contrataciones \u2611\ufe0fVerificado en 2026\" \/>\n<meta name=\"robots\" content=\"index, follow, max-snippet:-1, max-image-preview:large, max-video-preview:-1\" \/>\n<link rel=\"canonical\" href=\"https:\/\/idecesos.com\/seguros\/companias\/umas\/telefono\/\" \/>\n<meta property=\"og:locale\" content=\"es_ES\" \/>\n<meta property=\"og:type\" content=\"article\" \/>\n<meta property=\"og:title\" content=\"Tel\u00e9fono Gratuito UMAS \u25b7Atenci\u00f3n Cliente, Email, RRSS, Web\" \/>\n<meta property=\"og:description\" content=\"Busca aqu\u00ed\u3010UMAS seguros tel\u00e9fono gratuito\u3011UMAS Decesos tel\u00e9fono gratis: atenci\u00f3n al cliente y contrataciones \u2611\ufe0fVerificado en 2026\" \/>\n<meta property=\"og:url\" content=\"https:\/\/idecesos.com\/seguros\/companias\/umas\/telefono\/\" \/>\n<meta property=\"article:modified_time\" content=\"2022-04-07T08:38:10+00:00\" \/>\n<meta name=\"twitter:card\" content=\"summary_large_image\" \/>\n<meta name=\"twitter:label1\" content=\"Tiempo de lectura\" \/>\n\t<meta name=\"twitter:data1\" content=\"4 minutos\" \/>\n<script type=\"application\/ld+json\" class=\"yoast-schema-graph\">{\"@context\":\"https:\\\/\\\/schema.org\",\"@graph\":[{\"@type\":\"WebPage\",\"@id\":\"https:\\\/\\\/idecesos.com\\\/seguros\\\/companias\\\/umas\\\/telefono\\\/\",\"url\":\"https:\\\/\\\/idecesos.com\\\/seguros\\\/companias\\\/umas\\\/telefono\\\/\",\"name\":\"Tel\u00e9fono Gratuito UMAS \u25b7Atenci\u00f3n Cliente, Email, RRSS, Web\",\"isPartOf\":{\"@id\":\"https:\\\/\\\/idecesos.com\\\/seguros\\\/#website\"},\"datePublished\":\"2021-11-25T10:10:32+00:00\",\"dateModified\":\"2022-04-07T08:38:10+00:00\",\"description\":\"Busca aqu\u00ed\u3010UMAS seguros tel\u00e9fono gratuito\u3011UMAS Decesos tel\u00e9fono gratis: atenci\u00f3n al cliente y contrataciones \u2611\ufe0fVerificado en 2026\",\"breadcrumb\":{\"@id\":\"https:\\\/\\\/idecesos.com\\\/seguros\\\/companias\\\/umas\\\/telefono\\\/#breadcrumb\"},\"inLanguage\":\"es\",\"potentialAction\":[{\"@type\":\"ReadAction\",\"target\":[\"https:\\\/\\\/idecesos.com\\\/seguros\\\/companias\\\/umas\\\/telefono\\\/\"]}]},{\"@type\":\"BreadcrumbList\",\"@id\":\"https:\\\/\\\/idecesos.com\\\/seguros\\\/companias\\\/umas\\\/telefono\\\/#breadcrumb\",\"itemListElement\":[{\"@type\":\"ListItem\",\"position\":1,\"name\":\"Portada\",\"item\":\"https:\\\/\\\/idecesos.com\\\/seguros\\\/\"},{\"@type\":\"ListItem\",\"position\":2,\"name\":\"Compa\u00f1\u00edas de Seguros de Decesos en Espa\u00f1a\",\"item\":\"https:\\\/\\\/idecesos.com\\\/seguros\\\/companias\\\/\"},{\"@type\":\"ListItem\",\"position\":3,\"name\":\"Seguro de decesos UMAS\",\"item\":\"https:\\\/\\\/idecesos.com\\\/seguros\\\/companias\\\/umas\\\/\"},{\"@type\":\"ListItem\",\"position\":4,\"name\":\"Atenci\u00f3n al cliente UMAS: telefono gratuito, e-mail\"}]},{\"@type\":\"WebSite\",\"@id\":\"https:\\\/\\\/idecesos.com\\\/seguros\\\/#website\",\"url\":\"https:\\\/\\\/idecesos.com\\\/seguros\\\/\",\"name\":\"\",\"description\":\"\",\"potentialAction\":[{\"@type\":\"SearchAction\",\"target\":{\"@type\":\"EntryPoint\",\"urlTemplate\":\"https:\\\/\\\/idecesos.com\\\/seguros\\\/?s={search_term_string}\"},\"query-input\":{\"@type\":\"PropertyValueSpecification\",\"valueRequired\":true,\"valueName\":\"search_term_string\"}}],\"inLanguage\":\"es\"}]}<\/script>\n<!-- \/ Yoast SEO plugin. -->","yoast_head_json":{"title":"Tel\u00e9fono Gratuito UMAS \u25b7Atenci\u00f3n Cliente, Email, RRSS, Web","description":"Busca aqu\u00ed\u3010UMAS seguros tel\u00e9fono gratuito\u3011UMAS Decesos tel\u00e9fono gratis: atenci\u00f3n al cliente y contrataciones \u2611\ufe0fVerificado en 2026","robots":{"index":"index","follow":"follow","max-snippet":"max-snippet:-1","max-image-preview":"max-image-preview:large","max-video-preview":"max-video-preview:-1"},"canonical":"https:\/\/idecesos.com\/seguros\/companias\/umas\/telefono\/","og_locale":"es_ES","og_type":"article","og_title":"Tel\u00e9fono Gratuito UMAS \u25b7Atenci\u00f3n Cliente, Email, RRSS, Web","og_description":"Busca aqu\u00ed\u3010UMAS seguros tel\u00e9fono gratuito\u3011UMAS Decesos tel\u00e9fono gratis: atenci\u00f3n al cliente y contrataciones \u2611\ufe0fVerificado en 2026","og_url":"https:\/\/idecesos.com\/seguros\/companias\/umas\/telefono\/","article_modified_time":"2022-04-07T08:38:10+00:00","twitter_card":"summary_large_image","twitter_misc":{"Tiempo de lectura":"4 minutos"},"schema":{"@context":"https:\/\/schema.org","@graph":[{"@type":"WebPage","@id":"https:\/\/idecesos.com\/seguros\/companias\/umas\/telefono\/","url":"https:\/\/idecesos.com\/seguros\/companias\/umas\/telefono\/","name":"Tel\u00e9fono Gratuito UMAS \u25b7Atenci\u00f3n Cliente, Email, RRSS, Web","isPartOf":{"@id":"https:\/\/idecesos.com\/seguros\/#website"},"datePublished":"2021-11-25T10:10:32+00:00","dateModified":"2022-04-07T08:38:10+00:00","description":"Busca aqu\u00ed\u3010UMAS seguros tel\u00e9fono gratuito\u3011UMAS Decesos tel\u00e9fono gratis: atenci\u00f3n al cliente y contrataciones \u2611\ufe0fVerificado en 2026","breadcrumb":{"@id":"https:\/\/idecesos.com\/seguros\/companias\/umas\/telefono\/#breadcrumb"},"inLanguage":"es","potentialAction":[{"@type":"ReadAction","target":["https:\/\/idecesos.com\/seguros\/companias\/umas\/telefono\/"]}]},{"@type":"BreadcrumbList","@id":"https:\/\/idecesos.com\/seguros\/companias\/umas\/telefono\/#breadcrumb","itemListElement":[{"@type":"ListItem","position":1,"name":"Portada","item":"https:\/\/idecesos.com\/seguros\/"},{"@type":"ListItem","position":2,"name":"Compa\u00f1\u00edas de Seguros de Decesos en Espa\u00f1a","item":"https:\/\/idecesos.com\/seguros\/companias\/"},{"@type":"ListItem","position":3,"name":"Seguro de decesos UMAS","item":"https:\/\/idecesos.com\/seguros\/companias\/umas\/"},{"@type":"ListItem","position":4,"name":"Atenci\u00f3n al cliente UMAS: telefono gratuito, e-mail"}]},{"@type":"WebSite","@id":"https:\/\/idecesos.com\/seguros\/#website","url":"https:\/\/idecesos.com\/seguros\/","name":"","description":"","potentialAction":[{"@type":"SearchAction","target":{"@type":"EntryPoint","urlTemplate":"https:\/\/idecesos.com\/seguros\/?s={search_term_string}"},"query-input":{"@type":"PropertyValueSpecification","valueRequired":true,"valueName":"search_term_string"}}],"inLanguage":"es"}]}},"_links":{"self":[{"href":"https:\/\/idecesos.com\/seguros\/wp-json\/wp\/v2\/pages\/15338","targetHints":{"allow":["GET"]}}],"collection":[{"href":"https:\/\/idecesos.com\/seguros\/wp-json\/wp\/v2\/pages"}],"about":[{"href":"https:\/\/idecesos.com\/seguros\/wp-json\/wp\/v2\/types\/page"}],"author":[{"embeddable":true,"href":"https:\/\/idecesos.com\/seguros\/wp-json\/wp\/v2\/users\/1"}],"replies":[{"embeddable":true,"href":"https:\/\/idecesos.com\/seguros\/wp-json\/wp\/v2\/comments?post=15338"}],"version-history":[{"count":10,"href":"https:\/\/idecesos.com\/seguros\/wp-json\/wp\/v2\/pages\/15338\/revisions"}],"predecessor-version":[{"id":21054,"href":"https:\/\/idecesos.com\/seguros\/wp-json\/wp\/v2\/pages\/15338\/revisions\/21054"}],"up":[{"embeddable":true,"href":"https:\/\/idecesos.com\/seguros\/wp-json\/wp\/v2\/pages\/845"}],"wp:attachment":[{"href":"https:\/\/idecesos.com\/seguros\/wp-json\/wp\/v2\/media?parent=15338"}],"curies":[{"name":"wp","href":"https:\/\/api.w.org\/{rel}","templated":true}]}}