{"id":15340,"date":"2021-11-26T09:12:37","date_gmt":"2021-11-25T10:10:33","guid":{"rendered":"https:\/\/idecesos.com\/seguros\/companias\/abanca\/telefono\/"},"modified":"2022-02-11T11:35:33","modified_gmt":"2022-02-11T11:35:33","slug":"telefono","status":"publish","type":"page","link":"https:\/\/idecesos.com\/seguros\/companias\/abanca\/telefono\/","title":{"rendered":"Atenci\u00f3n al cliente Abanca: telefono gratuito, e-mail"},"content":{"rendered":"<div id=\"ez-toc-container\" class=\"ez-toc-v2_0_82_2 ez-toc-wrap-center counter-hierarchy ez-toc-counter ez-toc-custom ez-toc-container-direction\">\n<div class=\"ez-toc-title-container\">\n<p class=\"ez-toc-title\" style=\"cursor:inherit\">Tabla de Contenido<\/p>\n<span class=\"ez-toc-title-toggle\"><a href=\"#\" class=\"ez-toc-pull-right ez-toc-btn ez-toc-btn-xs ez-toc-btn-default ez-toc-toggle\" aria-label=\"Alternar tabla de contenidos\"><span class=\"ez-toc-js-icon-con\"><span class=\"\"><span class=\"eztoc-hide\" style=\"display:none;\">Toggle<\/span><span class=\"ez-toc-icon-toggle-span\"><svg style=\"fill: #db6415;color:#db6415\" xmlns=\"http:\/\/www.w3.org\/2000\/svg\" class=\"list-377408\" width=\"20px\" height=\"20px\" viewBox=\"0 0 24 24\" fill=\"none\"><path d=\"M6 6H4v2h2V6zm14 0H8v2h12V6zM4 11h2v2H4v-2zm16 0H8v2h12v-2zM4 16h2v2H4v-2zm16 0H8v2h12v-2z\" fill=\"currentColor\"><\/path><\/svg><svg style=\"fill: #db6415;color:#db6415\" class=\"arrow-unsorted-368013\" xmlns=\"http:\/\/www.w3.org\/2000\/svg\" width=\"10px\" height=\"10px\" viewBox=\"0 0 24 24\" version=\"1.2\" baseProfile=\"tiny\"><path d=\"M18.2 9.3l-6.2-6.3-6.2 6.3c-.2.2-.3.4-.3.7s.1.5.3.7c.2.2.4.3.7.3h11c.3 0 .5-.1.7-.3.2-.2.3-.5.3-.7s-.1-.5-.3-.7zM5.8 14.7l6.2 6.3 6.2-6.3c.2-.2.3-.5.3-.7s-.1-.5-.3-.7c-.2-.2-.4-.3-.7-.3h-11c-.3 0-.5.1-.7.3-.2.2-.3.5-.3.7s.1.5.3.7z\"\/><\/svg><\/span><\/span><\/span><\/a><\/span><\/div>\n<nav><ul class='ez-toc-list ez-toc-list-level-1 ' ><ul class='ez-toc-list-level-4' ><li class='ez-toc-heading-level-4'><ul class='ez-toc-list-level-4' ><li class='ez-toc-heading-level-4'><a class=\"ez-toc-link ez-toc-heading-1\" href=\"https:\/\/idecesos.com\/seguros\/companias\/abanca\/telefono\/#Telefono_Contrataciones_951_127_403\" >Tel\u00e9fono Contrataciones \n951 127 403<\/a><\/li><\/ul><\/li><\/ul><\/li><li class='ez-toc-page-1 ez-toc-heading-level-2'><a class=\"ez-toc-link ez-toc-heading-2\" href=\"https:\/\/idecesos.com\/seguros\/companias\/abanca\/telefono\/#%C2%BFComo_contactar_con_Abanca\" >\u00bfC\u00f3mo contactar con Abanca?<\/a><ul class='ez-toc-list-level-3' ><li class='ez-toc-heading-level-3'><a class=\"ez-toc-link ez-toc-heading-3\" href=\"https:\/\/idecesos.com\/seguros\/companias\/abanca\/telefono\/#Telefono_gratuito_de_Abanca\" >Tel\u00e9fono gratuito de Abanca<\/a><\/li><li class='ez-toc-page-1 ez-toc-heading-level-3'><a class=\"ez-toc-link ez-toc-heading-4\" href=\"https:\/\/idecesos.com\/seguros\/companias\/abanca\/telefono\/#Horario_de_atencion_al_cliente_de_Abanca\" >Horario de atenci\u00f3n al cliente de Abanca<\/a><\/li><li class='ez-toc-page-1 ez-toc-heading-level-3'><a class=\"ez-toc-link ez-toc-heading-5\" href=\"https:\/\/idecesos.com\/seguros\/companias\/abanca\/telefono\/#Correo_electronico_de_Abanca\" >Correo electr\u00f3nico de Abanca<\/a><\/li><li class='ez-toc-page-1 ez-toc-heading-level-3'><a class=\"ez-toc-link ez-toc-heading-6\" href=\"https:\/\/idecesos.com\/seguros\/companias\/abanca\/telefono\/#Formulario_en_el_sitio_Web_de_Abanca\" >Formulario en el sitio Web de Abanca<\/a><\/li><li class='ez-toc-page-1 ez-toc-heading-level-3'><a class=\"ez-toc-link ez-toc-heading-7\" href=\"https:\/\/idecesos.com\/seguros\/companias\/abanca\/telefono\/#Redes_sociales_de_Abanca\" >Redes sociales de Abanca<\/a><\/li><li class='ez-toc-page-1 ez-toc-heading-level-3'><a class=\"ez-toc-link ez-toc-heading-8\" href=\"https:\/\/idecesos.com\/seguros\/companias\/abanca\/telefono\/#Paginas_relacionadas\" >P\u00e1ginas relacionadas<\/a><\/li><\/ul><\/li><\/ul><\/nav><\/div>\n\n<div class=\"caja\">\n<div class=\"cajaIcono2 \"  ><div class=\"cuadro\" style=\"box-shadow: inset 0 0 0 3px #ff790e\"><div class=\"iconoCircular\" style=\"border: 3px solid #ff790e\">\t\t\n\t\t\t\t\t<div class=\"iconoCirculo\">\n\t\t\t\t\t  <i class=\"fas fa-phone-volume\"><\/i>\n\t\t\t\t\t<\/div>\n\t\t\t\t<\/div><div class=\"\">\n<h4 style=\"text-align: center;\"><span class=\"ez-toc-section\" id=\"Telefono_Contrataciones_951_127_403\"><\/span><strong>Tel\u00e9fono Contrataciones<br \/>\n951 127 403<\/strong><span class=\"ez-toc-section-end\"><\/span><\/h4>\n<p><\/div><\/div><\/div><br \/>\nPara ponerse en contacto con Abanca, \u00e9sta le ofrece muchas opciones a fin de facilitar al usuario el contacto directo y poder contestar a sus preguntas sobre los seguros de decesos. Despu\u00e9s de elegir un m\u00e9todo. Un asesor experto en el tema le guiar\u00e1 para ayudarle en cuestiones relacionadas con su seguro de decesos. Gracias a su servicio adaptado le ayudar\u00e1 en cuestiones como el servicio de tanatorio, corona, ata\u00fad, atenci\u00f3n psicol\u00f3gica&#8230; y otras muchas coberturas. La Abanca procurar\u00e1 facilitar en todo momento sus tr\u00e1mites para que no te tengas que preocupar de nada y puedas sostenerte apacible. Merced a este servicio podr\u00e1s verlas en paz la p\u00e9rdida de su ser querido.<br \/>\n<\/div><\/p>\n<div class=\"colorf \"  ><div class=\"container clearfix\"><div class=\"col-md-7\"><\/p>\n<h2><span class=\"ez-toc-section\" id=\"%C2%BFComo_contactar_con_Abanca\"><\/span>\u00bfC\u00f3mo contactar con Abanca?<span class=\"ez-toc-section-end\"><\/span><\/h2>\n<p>Para contactar con Abanca, dispone de un tel\u00e9fono gratuito de contacto, e mail, p\u00e1gina, en la que se le facilitar\u00e1 un formulario y, finalmente, perfiles en diferentes redes sociales.<br \/>\n<\/div><\/div><\/div>\n<h3><span class=\"ez-toc-section\" id=\"Telefono_gratuito_de_Abanca\"><\/span>Tel\u00e9fono gratuito de Abanca<span class=\"ez-toc-section-end\"><\/span><\/h3>\n<p>Debe resultar \u00fatil y simple establecer una conversaci\u00f3n fluida y directa con la compa\u00f1\u00eda, con lo que se le facilita el pr\u00f3ximo n\u00famero de tel\u00e9fono gratis <strong>981 910 522<\/strong>. Con el simple hecho de efectuar una llamada, conseguir\u00e1 todas las respuestas que necesite sobre su seguro de decesos y las caracter\u00edsticas que requieren sus necesidades. La llamada que realice a la compa\u00f1\u00eda va a ser absolutamente gratis, siendo indiferente el tiempo que transcurra. Es por ello que, resulta el procedimiento m\u00e1s ventajoso y f\u00e1cil por el contacto directo que se establece con el consultor.<br \/>\n<div class=\"colorf\"><div class=\"container clearfix\"><div class=\"col-md-7\"><\/p>\n<div class=\"cabecera_tabla_ajustada \"  style=\"width:80%\" ><div class=\"row\"><\/div>\n<div class=\"fila_tabla4 \"  ><div class=\"row\"><div class=\"col-8 nosepara izq\"><p><strong>Tel\u00e9fono para contrataciones<\/strong><\/p><\/div><div class=\"col-4 nosepara centro\">951 127 403<\/div><\/div><\/div>\n<div class=\"pie_tabla \"  ><div class=\"row\"><div class=\"col-12 \"><\/div><\/div><\/div><\/div>\n<\/div><\/div><\/div>\n<h3><span class=\"ez-toc-section\" id=\"Horario_de_atencion_al_cliente_de_Abanca\"><\/span>Horario de atenci\u00f3n al cliente de Abanca<span class=\"ez-toc-section-end\"><\/span><\/h3>\n<p>Abanca tiene libre un horario de atenci\u00f3n al cliente para poder responder de manera r\u00e1pida. Toda vez que llame, habr\u00e1 una persona al lado del tel\u00e9fono para facilitarle la informaci\u00f3n que necesite y, si lo requiere, pasarle la llamada con uno de los asesores especialistas. Lo m\u00e1s esencial es que quede complacido con los datos proporcionados y el trato ofrecido por la compa\u00f1\u00eda, ya que en todo instante se le resolver\u00e1n pl\u00e1cidamente las cuestiones que desee saber sobre su seguro de decesos. El pr\u00f3ximo horario <strong>horario Abanca<\/strong> est\u00e1 concebido a fin de que la persona que quiera establecer una conversaci\u00f3n con la compa\u00f1\u00eda pueda hacerlo durante el d\u00eda.<br \/>\n<div class=\"colorf\"><div class=\"container clearfix\"><div class=\"col-md-7\"><\/p>\n<h3><span class=\"ez-toc-section\" id=\"Correo_electronico_de_Abanca\"><\/span>Correo electr\u00f3nico de Abanca<span class=\"ez-toc-section-end\"><\/span><\/h3>\n<p>Internet ha creado una nueva era y, es por ello que, para poder mandar o bien recibir informaci\u00f3n lo m\u00e1s r\u00e1pido posible, se hace por medio de plataformas como Gmail y Hotmail. Es por ello que Abanca tiene a su predisposici\u00f3n un correo <strong>atencioncliente@abanca.com<\/strong>, que servir\u00e1 de conexi\u00f3n entre el usuario y uno de los profesionales, que estar\u00e1 a su total predisposici\u00f3n en todo momento. En todos y cada palabra que reciba del especialista, podr\u00e1 ver la profesionalidad y experiencia que tienen, aparte de mostrarle respeto en todo instante cara sus inquietudes con respecto al seguro de decesos.<br \/>\n<\/div><\/div><\/div><\/p>\n<h3><span class=\"ez-toc-section\" id=\"Formulario_en_el_sitio_Web_de_Abanca\"><\/span>Formulario en el sitio Web de Abanca<span class=\"ez-toc-section-end\"><\/span><\/h3>\n<p>La mayor parte de la poblaci\u00f3n tiene acceso a la plataforma con m\u00e1s repercusi\u00f3n, los motores de b\u00fasqueda de Internet. Podr\u00e1s encontrar todo g\u00e9nero de contestaciones con el f\u00e1cil acto de teclear cualquier palabra. Abanca tiene a la predisposici\u00f3n del usuario su p\u00e1gina, en la que estar\u00e1 plasmada toda la informaci\u00f3n precisa sobre el seguro de decesos, como por ejemplo costes o servicios. De esta forma, obtendr\u00e1 la documentaci\u00f3n necesaria para su asesoramiento el d\u00eda de ma\u00f1ana. La informaci\u00f3n disponible que hallar\u00e1 es general, en dependencia de sus necesidades o bien caracter\u00edsticas, se le ajustar\u00e1 a su medida las mejores garant\u00edas. Su p\u00e1gina web es <strong>www.abanca.com\/es\/seguros\/<\/strong>.<br \/>\n<div class=\"colorf\"><div class=\"container clearfix\"><div class=\"col-md-7\"><\/p>\n<h3><span class=\"ez-toc-section\" id=\"Redes_sociales_de_Abanca\"><\/span>Redes sociales de Abanca<span class=\"ez-toc-section-end\"><\/span><\/h3>\n<p>Las redes sociales junto a internet han globalizado el planeta. Es precisamente por esto que son usadas como herramientas para propagar inform\u00f3 y alcanzar a miles de personas. Su utilidad hace que las personas cuenten por lo menos con una de ellas o hasta con las 4. Abanca dispone de su propio perfil en algunas de estas plataformas. En cada perfil, podr\u00e1s encontrar informaci\u00f3n ofertas, ubicaci\u00f3n de la sede central, im\u00e1genes, v\u00eddeos y contenido auxiliar sobre la compa\u00f1\u00eda. Adem\u00e1s de esto, mediante puedes contactar con Abanca sin la necesidad de telefonear, rellenar un formulario o mandar un correo electr\u00f3nico.<br \/>\n<\/div><\/div><\/div><br \/>\n<div class=\"oficinas\"><br \/>\n<h3><span class=\"ez-toc-section\" id=\"Paginas_relacionadas\"><\/span>P\u00e1ginas relacionadas<span class=\"ez-toc-section-end\"><\/span><\/h3><div class=\"enlazado\"><ul> <li><a href=\"https:\/\/idecesos.com\/seguros\/companias\/abanca\/opiniones\/\">Opiniones Abanca<\/a><\/li> <li><a href=\"https:\/\/idecesos.com\/seguros\/companias\/abanca\/precio\/\">Precio seguro Abanca<\/a><\/li> <li><a href=\"https:\/\/idecesos.com\/seguros\/companias\/abanca\/prima-mixta\/\">Abanca Prima Mixta<\/a><\/li> <li><a href=\"https:\/\/idecesos.com\/seguros\/companias\/abanca\/prima-natural\/\">Abanca Prima Natural<\/a><\/li> <li><a href=\"https:\/\/idecesos.com\/seguros\/companias\/abanca\/prima-nivelada\/\">Abanca Prima Nivelada<\/a><\/li> <li><a href=\"https:\/\/idecesos.com\/seguros\/companias\/abanca\/prima-unica\/\">Abanca Prima \u00danica<\/a><\/li> <li><a href=\"https:\/\/idecesos.com\/seguros\/companias\/abanca\/repatriacion\/\">Abanca Repatriaci\u00f3n<\/a><\/li> <li><a href=\"https:\/\/idecesos.com\/seguros\/companias\/abanca\/telefono\/\">Tel\u00e9fono Gratuito Abanca<\/a><\/li><\/ul><\/div><br \/>\n<\/div><\/p>\n<\/div>\n","protected":false},"excerpt":{"rendered":"<p>Para ponerse en contacto con Abanca, \u00e9sta le ofrece muchas opciones a fin de facilitar al usuario el contacto directo y poder contestar a sus preguntas sobre los seguros de decesos. Despu\u00e9s de elegir un m\u00e9todo. Un asesor experto en el tema le guiar\u00e1 para ayudarle en cuestiones relacionadas con su seguro de decesos. Gracias&hellip; <\/p>\n","protected":false},"author":1,"featured_media":0,"parent":208,"menu_order":0,"comment_status":"closed","ping_status":"closed","template":"single.php","meta":{"footnotes":""},"class_list":["post-15340","page","type-page","status-publish","hentry"],"yoast_head":"<!-- This site is optimized with the Yoast SEO plugin v27.4 - https:\/\/yoast.com\/product\/yoast-seo-wordpress\/ -->\n<title>Tel\u00e9fono Gratuito Abanca \u25b7Atenci\u00f3n Cliente, Email, RRSS, Web<\/title>\n<meta name=\"description\" content=\"Busca aqu\u00ed\u3010Abanca seguros tel\u00e9fono gratuito\u3011Abanca Decesos tel\u00e9fono gratis: atenci\u00f3n al cliente y contrataciones \u2611\ufe0fVerificado en 2026\" \/>\n<meta name=\"robots\" content=\"index, follow, max-snippet:-1, max-image-preview:large, max-video-preview:-1\" \/>\n<link rel=\"canonical\" href=\"https:\/\/idecesos.com\/seguros\/companias\/abanca\/telefono\/\" \/>\n<meta property=\"og:locale\" content=\"es_ES\" \/>\n<meta property=\"og:type\" content=\"article\" \/>\n<meta property=\"og:title\" content=\"Tel\u00e9fono Gratuito Abanca \u25b7Atenci\u00f3n Cliente, Email, RRSS, Web\" \/>\n<meta property=\"og:description\" content=\"Busca aqu\u00ed\u3010Abanca seguros tel\u00e9fono gratuito\u3011Abanca Decesos tel\u00e9fono gratis: atenci\u00f3n al cliente y contrataciones \u2611\ufe0fVerificado en 2026\" \/>\n<meta property=\"og:url\" content=\"https:\/\/idecesos.com\/seguros\/companias\/abanca\/telefono\/\" \/>\n<meta property=\"article:modified_time\" content=\"2022-02-11T11:35:33+00:00\" \/>\n<meta name=\"twitter:card\" content=\"summary_large_image\" \/>\n<meta name=\"twitter:label1\" content=\"Tiempo de lectura\" \/>\n\t<meta name=\"twitter:data1\" content=\"4 minutos\" \/>\n<script type=\"application\/ld+json\" class=\"yoast-schema-graph\">{\"@context\":\"https:\\\/\\\/schema.org\",\"@graph\":[{\"@type\":\"WebPage\",\"@id\":\"https:\\\/\\\/idecesos.com\\\/seguros\\\/companias\\\/abanca\\\/telefono\\\/\",\"url\":\"https:\\\/\\\/idecesos.com\\\/seguros\\\/companias\\\/abanca\\\/telefono\\\/\",\"name\":\"Tel\u00e9fono Gratuito Abanca \u25b7Atenci\u00f3n Cliente, Email, RRSS, Web\",\"isPartOf\":{\"@id\":\"https:\\\/\\\/idecesos.com\\\/seguros\\\/#website\"},\"datePublished\":\"2021-11-25T10:10:33+00:00\",\"dateModified\":\"2022-02-11T11:35:33+00:00\",\"description\":\"Busca aqu\u00ed\u3010Abanca seguros tel\u00e9fono gratuito\u3011Abanca Decesos tel\u00e9fono gratis: atenci\u00f3n al cliente y contrataciones \u2611\ufe0fVerificado en 2026\",\"breadcrumb\":{\"@id\":\"https:\\\/\\\/idecesos.com\\\/seguros\\\/companias\\\/abanca\\\/telefono\\\/#breadcrumb\"},\"inLanguage\":\"es\",\"potentialAction\":[{\"@type\":\"ReadAction\",\"target\":[\"https:\\\/\\\/idecesos.com\\\/seguros\\\/companias\\\/abanca\\\/telefono\\\/\"]}]},{\"@type\":\"BreadcrumbList\",\"@id\":\"https:\\\/\\\/idecesos.com\\\/seguros\\\/companias\\\/abanca\\\/telefono\\\/#breadcrumb\",\"itemListElement\":[{\"@type\":\"ListItem\",\"position\":1,\"name\":\"Portada\",\"item\":\"https:\\\/\\\/idecesos.com\\\/seguros\\\/\"},{\"@type\":\"ListItem\",\"position\":2,\"name\":\"Compa\u00f1\u00edas de Seguros de Decesos en Espa\u00f1a\",\"item\":\"https:\\\/\\\/idecesos.com\\\/seguros\\\/companias\\\/\"},{\"@type\":\"ListItem\",\"position\":3,\"name\":\"Seguro de decesos Abanca\",\"item\":\"https:\\\/\\\/idecesos.com\\\/seguros\\\/companias\\\/abanca\\\/\"},{\"@type\":\"ListItem\",\"position\":4,\"name\":\"Atenci\u00f3n al cliente Abanca: telefono gratuito, e-mail\"}]},{\"@type\":\"WebSite\",\"@id\":\"https:\\\/\\\/idecesos.com\\\/seguros\\\/#website\",\"url\":\"https:\\\/\\\/idecesos.com\\\/seguros\\\/\",\"name\":\"\",\"description\":\"\",\"potentialAction\":[{\"@type\":\"SearchAction\",\"target\":{\"@type\":\"EntryPoint\",\"urlTemplate\":\"https:\\\/\\\/idecesos.com\\\/seguros\\\/?s={search_term_string}\"},\"query-input\":{\"@type\":\"PropertyValueSpecification\",\"valueRequired\":true,\"valueName\":\"search_term_string\"}}],\"inLanguage\":\"es\"}]}<\/script>\n<!-- \/ Yoast SEO plugin. -->","yoast_head_json":{"title":"Tel\u00e9fono Gratuito Abanca \u25b7Atenci\u00f3n Cliente, Email, RRSS, Web","description":"Busca aqu\u00ed\u3010Abanca seguros tel\u00e9fono gratuito\u3011Abanca Decesos tel\u00e9fono gratis: atenci\u00f3n al cliente y contrataciones \u2611\ufe0fVerificado en 2026","robots":{"index":"index","follow":"follow","max-snippet":"max-snippet:-1","max-image-preview":"max-image-preview:large","max-video-preview":"max-video-preview:-1"},"canonical":"https:\/\/idecesos.com\/seguros\/companias\/abanca\/telefono\/","og_locale":"es_ES","og_type":"article","og_title":"Tel\u00e9fono Gratuito Abanca \u25b7Atenci\u00f3n Cliente, Email, RRSS, Web","og_description":"Busca aqu\u00ed\u3010Abanca seguros tel\u00e9fono gratuito\u3011Abanca Decesos tel\u00e9fono gratis: atenci\u00f3n al cliente y contrataciones \u2611\ufe0fVerificado en 2026","og_url":"https:\/\/idecesos.com\/seguros\/companias\/abanca\/telefono\/","article_modified_time":"2022-02-11T11:35:33+00:00","twitter_card":"summary_large_image","twitter_misc":{"Tiempo de lectura":"4 minutos"},"schema":{"@context":"https:\/\/schema.org","@graph":[{"@type":"WebPage","@id":"https:\/\/idecesos.com\/seguros\/companias\/abanca\/telefono\/","url":"https:\/\/idecesos.com\/seguros\/companias\/abanca\/telefono\/","name":"Tel\u00e9fono Gratuito Abanca \u25b7Atenci\u00f3n Cliente, Email, RRSS, Web","isPartOf":{"@id":"https:\/\/idecesos.com\/seguros\/#website"},"datePublished":"2021-11-25T10:10:33+00:00","dateModified":"2022-02-11T11:35:33+00:00","description":"Busca aqu\u00ed\u3010Abanca seguros tel\u00e9fono gratuito\u3011Abanca Decesos tel\u00e9fono gratis: atenci\u00f3n al cliente y contrataciones \u2611\ufe0fVerificado en 2026","breadcrumb":{"@id":"https:\/\/idecesos.com\/seguros\/companias\/abanca\/telefono\/#breadcrumb"},"inLanguage":"es","potentialAction":[{"@type":"ReadAction","target":["https:\/\/idecesos.com\/seguros\/companias\/abanca\/telefono\/"]}]},{"@type":"BreadcrumbList","@id":"https:\/\/idecesos.com\/seguros\/companias\/abanca\/telefono\/#breadcrumb","itemListElement":[{"@type":"ListItem","position":1,"name":"Portada","item":"https:\/\/idecesos.com\/seguros\/"},{"@type":"ListItem","position":2,"name":"Compa\u00f1\u00edas de Seguros de Decesos en Espa\u00f1a","item":"https:\/\/idecesos.com\/seguros\/companias\/"},{"@type":"ListItem","position":3,"name":"Seguro de decesos Abanca","item":"https:\/\/idecesos.com\/seguros\/companias\/abanca\/"},{"@type":"ListItem","position":4,"name":"Atenci\u00f3n al cliente Abanca: telefono gratuito, e-mail"}]},{"@type":"WebSite","@id":"https:\/\/idecesos.com\/seguros\/#website","url":"https:\/\/idecesos.com\/seguros\/","name":"","description":"","potentialAction":[{"@type":"SearchAction","target":{"@type":"EntryPoint","urlTemplate":"https:\/\/idecesos.com\/seguros\/?s={search_term_string}"},"query-input":{"@type":"PropertyValueSpecification","valueRequired":true,"valueName":"search_term_string"}}],"inLanguage":"es"}]}},"_links":{"self":[{"href":"https:\/\/idecesos.com\/seguros\/wp-json\/wp\/v2\/pages\/15340","targetHints":{"allow":["GET"]}}],"collection":[{"href":"https:\/\/idecesos.com\/seguros\/wp-json\/wp\/v2\/pages"}],"about":[{"href":"https:\/\/idecesos.com\/seguros\/wp-json\/wp\/v2\/types\/page"}],"author":[{"embeddable":true,"href":"https:\/\/idecesos.com\/seguros\/wp-json\/wp\/v2\/users\/1"}],"replies":[{"embeddable":true,"href":"https:\/\/idecesos.com\/seguros\/wp-json\/wp\/v2\/comments?post=15340"}],"version-history":[{"count":8,"href":"https:\/\/idecesos.com\/seguros\/wp-json\/wp\/v2\/pages\/15340\/revisions"}],"predecessor-version":[{"id":19645,"href":"https:\/\/idecesos.com\/seguros\/wp-json\/wp\/v2\/pages\/15340\/revisions\/19645"}],"up":[{"embeddable":true,"href":"https:\/\/idecesos.com\/seguros\/wp-json\/wp\/v2\/pages\/208"}],"wp:attachment":[{"href":"https:\/\/idecesos.com\/seguros\/wp-json\/wp\/v2\/media?parent=15340"}],"curies":[{"name":"wp","href":"https:\/\/api.w.org\/{rel}","templated":true}]}}